{"id":1147,"date":"2022-05-24T08:18:39","date_gmt":"2022-05-24T12:18:39","guid":{"rendered":"https:\/\/cnewa.org\/es\/?page_id=1147"},"modified":"2026-02-26T10:50:04","modified_gmt":"2026-02-26T15:50:04","slug":"liderazgo","status":"publish","type":"page","link":"https:\/\/cnewa.org\/es\/liderazgo\/","title":{"rendered":"Liderazgo"},"content":{"rendered":"\n<h2 class=\"wp-block-heading\">Catholic Near East Welfare Association<\/h2>\n\n\n\n<h2 class=\"wp-block-heading\" id=\"h-asociacion-catolica-para-el-bienestar-del-cercano-oriente\">Asociaci\u00f3n Cat\u00f3lica para el Bienestar del Cercano Oriente<\/h2>\n\n\n\n<h3 class=\"wp-block-heading\" id=\"h-junta-directiva\">Junta Directiva<\/h3>\n\n\n\n<p><strong>Reverend\u00edsimo Ronald A. Hicks<\/strong>, Arzobispo de Nueva York, Director <\/p>\n\n\n\n<p><strong>Sra. Amanda Caroline Bowman, Fil\u00e1ntropa <\/strong><\/p>\n\n\n\n<p><strong>Reverend\u00edsimo Marcel Damphousse<\/strong>, Arzobispo de Ottawa-Cornwall<\/p>\n\n\n\n<p><strong><strong><strong>Reverend\u00edsimo<\/strong><\/strong> J. Michael Miller<\/strong>, C.S.B., Arzobispo Em\u00e9rito de Vancouver<\/p>\n\n\n\n<p><strong><strong>Reverend\u00edsimo<\/strong> William F. Murphy<\/strong>, Obispo Em\u00e9rito de Rockville Centre<\/p>\n\n\n\n<p><strong>Sra. Marina C. Perna, Esq.<\/strong>,<strong>\u00a0<\/strong>Asesora Cat\u00f3lica Global<\/p>\n\n\n\n<p><strong><strong>Reverend\u00edsimo<\/strong> Alexander K. Sample<\/strong>, Arzobispo de Portland en Oregon<\/p>\n\n\n\n<p><strong><strong><strong>Reverend\u00edsim<\/strong>o<\/strong><\/strong> <strong>Richard W. Smith<\/strong>, Arzobispo de Vancouver<\/p>\n\n\n\n<h3 class=\"wp-block-heading\">Oficiales<\/h3>\n\n\n\n<p><strong>Mons. Peter I. Vaccari<\/strong>, (Presidente, Secretario)<\/p>\n\n\n\n<p><strong>Sra. Tresool Singh-Conway<\/strong>, (Directora Financiera)<\/p>\n\n\n\n<h3 class=\"wp-block-heading\" id=\"h-\"><\/h3>\n\n\n\n<div style=\"height:25px\" aria-hidden=\"true\" class=\"wp-block-spacer\"><\/div>\n\n\n\n<hr class=\"wp-block-separator has-css-opacity is-style-wide\"\/>\n\n\n\n<div style=\"height:25px\" aria-hidden=\"true\" class=\"wp-block-spacer\"><\/div>\n\n\n\n<h2 class=\"wp-block-heading\">CNEWA Canad\u00e1<\/h2>\n\n\n\n<h3 class=\"wp-block-heading\" id=\"h-concejo-de-directores\">Concejo de Directores<\/h3>\n\n\n\n<p><strong><strong><strong>Reverend\u00edsim<\/strong>o<\/strong> Marcel Damphousse<\/strong>, Arzobispo de Ottawa-Cornwall (Director, Tesorero)<\/p>\n\n\n\n<p><strong>Cardenal G\u00e9rald Cyprien Lacroix<\/strong>, Arzobispo of Qu\u00e9bec, Primado de Canad\u00e1<\/p>\n\n\n\n<p><strong><strong><strong><strong>Cardenal <\/strong><\/strong>Francis Leo<\/strong><\/strong>, Arzobispo de Toronto<\/p>\n\n\n\n<p><strong><strong><strong><strong>Reverend\u00edsim<\/strong>o<\/strong><\/strong> Lawrence Huculak, O.S.B.M.<\/strong>, Arzobispo Metropolitano de Winnipeg<\/p>\n\n\n\n<p><strong><strong><strong>Reverend\u00edsimo<\/strong> <\/strong>Peter J. Hundt<\/strong>, Arzobispo de Saint John\u2019s, Newfoundland<\/p>\n\n\n\n<p><strong><strong><strong><strong>Reverend\u00edsim<\/strong>o<\/strong><\/strong> <strong>Richard W. Smith<\/strong><\/strong>, Arzobispo de Vancouver<\/p>\n\n\n\n<h3 class=\"wp-block-heading\" id=\"h-oficiale\">Oficiale<\/h3>\n\n\n\n<p><strong>Dra. Adriana Bara<\/strong>, (Directora Nacional de CNEWA Canad\u00e1)<\/p>\n\n\n\n<p><\/p>\n","protected":false},"excerpt":{"rendered":"<p>Catholic Near East Welfare Association Asociaci\u00f3n Cat\u00f3lica para el Bienestar del Cercano Oriente Junta Directiva Reverend\u00edsimo Ronald A. Hicks, Arzobispo de Nueva York, Director Sra. Amanda Caroline Bowman, Fil\u00e1ntropa Reverend\u00edsimo Marcel Damphousse, Arzobispo de Ottawa-Cornwall Reverend\u00edsimo J. Michael Miller, C.S.B., Arzobispo Em\u00e9rito de Vancouver Reverend\u00edsimo William F. Murphy, Obispo Em\u00e9rito de Rockville Centre Sra. Marina &hellip; <a href=\"https:\/\/cnewa.org\/es\/liderazgo\/\">Continued<\/a><\/p>\n","protected":false},"author":70058,"featured_media":0,"parent":0,"menu_order":0,"comment_status":"closed","ping_status":"closed","template":"","meta":{"_acf_changed":false,"footnotes":""},"class_list":["post-1147","page","type-page","status-publish","hentry"],"acf":[],"yoast_head":"<!-- This site is optimized with the Yoast SEO Premium plugin v27.2 (Yoast SEO v27.2) - https:\/\/yoast.com\/product\/yoast-seo-premium-wordpress\/ -->\n<title>Liderazgo: CNEWA en espa\u00f1ol<\/title>\n<meta name=\"description\" content=\"Esta es la lista de personas que conforman el liderazgo de Asociaci\u00f3n Cat\u00f3lica para el Bienestar del Cercano Oriente (CNEWA).\" \/>\n<meta name=\"robots\" content=\"index, follow, max-snippet:-1, max-image-preview:large, max-video-preview:-1\" \/>\n<link rel=\"canonical\" href=\"https:\/\/cnewa.org\/es\/liderazgo\/\" \/>\n<meta property=\"og:locale\" content=\"es_ES\" \/>\n<meta property=\"og:type\" content=\"article\" \/>\n<meta property=\"og:title\" content=\"Liderazgo\" \/>\n<meta property=\"og:description\" content=\"Esta es la lista de personas que conforman el liderazgo de Asociaci\u00f3n Cat\u00f3lica para el Bienestar del Cercano Oriente (CNEWA).\" \/>\n<meta property=\"og:url\" content=\"https:\/\/cnewa.org\/es\/liderazgo\/\" \/>\n<meta property=\"og:site_name\" content=\"CNEWA Espa\u00f1ol\" \/>\n<meta property=\"article:publisher\" content=\"https:\/\/www.facebook.com\/CNEWAenespanol\/\" \/>\n<meta property=\"article:modified_time\" content=\"2026-02-26T15:50:04+00:00\" \/>\n<meta name=\"twitter:card\" content=\"summary_large_image\" \/>\n<meta name=\"twitter:label1\" content=\"Tiempo de lectura\" \/>\n\t<meta name=\"twitter:data1\" content=\"1 minuto\" \/>\n<script type=\"application\/ld+json\" class=\"yoast-schema-graph\">{\"@context\":\"https:\/\/schema.org\",\"@graph\":[{\"@type\":\"WebPage\",\"@id\":\"https:\/\/cnewa.org\/es\/liderazgo\/\",\"url\":\"https:\/\/cnewa.org\/es\/liderazgo\/\",\"name\":\"Liderazgo: CNEWA en espa\u00f1ol\",\"isPartOf\":{\"@id\":\"https:\/\/cnewa.org\/es\/#website\"},\"datePublished\":\"2022-05-24T12:18:39+00:00\",\"dateModified\":\"2026-02-26T15:50:04+00:00\",\"description\":\"Esta es la lista de personas que conforman el liderazgo de Asociaci\u00f3n Cat\u00f3lica para el Bienestar del Cercano Oriente (CNEWA).\",\"breadcrumb\":{\"@id\":\"https:\/\/cnewa.org\/es\/liderazgo\/#breadcrumb\"},\"inLanguage\":\"es\",\"potentialAction\":[{\"@type\":\"ReadAction\",\"target\":[\"https:\/\/cnewa.org\/es\/liderazgo\/\"]}]},{\"@type\":\"BreadcrumbList\",\"@id\":\"https:\/\/cnewa.org\/es\/liderazgo\/#breadcrumb\",\"itemListElement\":[{\"@type\":\"ListItem\",\"position\":1,\"name\":\"Inicio\",\"item\":\"https:\/\/cnewa.org\/es\/\"},{\"@type\":\"ListItem\",\"position\":2,\"name\":\"Liderazgo\"}]},{\"@type\":\"WebSite\",\"@id\":\"https:\/\/cnewa.org\/es\/#website\",\"url\":\"https:\/\/cnewa.org\/es\/\",\"name\":\"CNEWA Espa\u00f1ol\",\"description\":\"Asociaci\u00f3n Cat\u00f3lica para el Bienestar del Cercano Oriente\",\"publisher\":{\"@id\":\"https:\/\/cnewa.org\/es\/#organization\"},\"potentialAction\":[{\"@type\":\"SearchAction\",\"target\":{\"@type\":\"EntryPoint\",\"urlTemplate\":\"https:\/\/cnewa.org\/es\/?s={search_term_string}\"},\"query-input\":{\"@type\":\"PropertyValueSpecification\",\"valueRequired\":true,\"valueName\":\"search_term_string\"}}],\"inLanguage\":\"es\"},{\"@type\":\"Organization\",\"@id\":\"https:\/\/cnewa.org\/es\/#organization\",\"name\":\"CNEWA Espa\u00f1ol\",\"alternateName\":\"Asociaci\u00f3n Cat\u00f3lica para el Bienestar del Cercano Oriente\",\"url\":\"https:\/\/cnewa.org\/es\/\",\"logo\":{\"@type\":\"ImageObject\",\"inLanguage\":\"es\",\"@id\":\"https:\/\/cnewa.org\/es\/#\/schema\/logo\/image\/\",\"url\":\"https:\/\/cnewa.org\/es\/wp-content\/uploads\/sites\/5\/2021\/07\/CNEWA-brand-logo.png\",\"contentUrl\":\"https:\/\/cnewa.org\/es\/wp-content\/uploads\/sites\/5\/2021\/07\/CNEWA-brand-logo.png\",\"width\":1000,\"height\":1000,\"caption\":\"CNEWA Espa\u00f1ol\"},\"image\":{\"@id\":\"https:\/\/cnewa.org\/es\/#\/schema\/logo\/image\/\"},\"sameAs\":[\"https:\/\/www.facebook.com\/CNEWAenespanol\/\",\"https:\/\/www.instagram.com\/cnewa1926\/\",\"https:\/\/www.youtube.com\/user\/TheCNEWA\"]}]}<\/script>\n<!-- \/ Yoast SEO Premium plugin. -->","yoast_head_json":{"title":"Liderazgo: CNEWA en espa\u00f1ol","description":"Esta es la lista de personas que conforman el liderazgo de Asociaci\u00f3n Cat\u00f3lica para el Bienestar del Cercano Oriente (CNEWA).","robots":{"index":"index","follow":"follow","max-snippet":"max-snippet:-1","max-image-preview":"max-image-preview:large","max-video-preview":"max-video-preview:-1"},"canonical":"https:\/\/cnewa.org\/es\/liderazgo\/","og_locale":"es_ES","og_type":"article","og_title":"Liderazgo","og_description":"Esta es la lista de personas que conforman el liderazgo de Asociaci\u00f3n Cat\u00f3lica para el Bienestar del Cercano Oriente (CNEWA).","og_url":"https:\/\/cnewa.org\/es\/liderazgo\/","og_site_name":"CNEWA Espa\u00f1ol","article_publisher":"https:\/\/www.facebook.com\/CNEWAenespanol\/","article_modified_time":"2026-02-26T15:50:04+00:00","twitter_card":"summary_large_image","twitter_misc":{"Tiempo de lectura":"1 minuto"},"schema":{"@context":"https:\/\/schema.org","@graph":[{"@type":"WebPage","@id":"https:\/\/cnewa.org\/es\/liderazgo\/","url":"https:\/\/cnewa.org\/es\/liderazgo\/","name":"Liderazgo: CNEWA en espa\u00f1ol","isPartOf":{"@id":"https:\/\/cnewa.org\/es\/#website"},"datePublished":"2022-05-24T12:18:39+00:00","dateModified":"2026-02-26T15:50:04+00:00","description":"Esta es la lista de personas que conforman el liderazgo de Asociaci\u00f3n Cat\u00f3lica para el Bienestar del Cercano Oriente (CNEWA).","breadcrumb":{"@id":"https:\/\/cnewa.org\/es\/liderazgo\/#breadcrumb"},"inLanguage":"es","potentialAction":[{"@type":"ReadAction","target":["https:\/\/cnewa.org\/es\/liderazgo\/"]}]},{"@type":"BreadcrumbList","@id":"https:\/\/cnewa.org\/es\/liderazgo\/#breadcrumb","itemListElement":[{"@type":"ListItem","position":1,"name":"Inicio","item":"https:\/\/cnewa.org\/es\/"},{"@type":"ListItem","position":2,"name":"Liderazgo"}]},{"@type":"WebSite","@id":"https:\/\/cnewa.org\/es\/#website","url":"https:\/\/cnewa.org\/es\/","name":"CNEWA Espa\u00f1ol","description":"Asociaci\u00f3n Cat\u00f3lica para el Bienestar del Cercano Oriente","publisher":{"@id":"https:\/\/cnewa.org\/es\/#organization"},"potentialAction":[{"@type":"SearchAction","target":{"@type":"EntryPoint","urlTemplate":"https:\/\/cnewa.org\/es\/?s={search_term_string}"},"query-input":{"@type":"PropertyValueSpecification","valueRequired":true,"valueName":"search_term_string"}}],"inLanguage":"es"},{"@type":"Organization","@id":"https:\/\/cnewa.org\/es\/#organization","name":"CNEWA Espa\u00f1ol","alternateName":"Asociaci\u00f3n Cat\u00f3lica para el Bienestar del Cercano Oriente","url":"https:\/\/cnewa.org\/es\/","logo":{"@type":"ImageObject","inLanguage":"es","@id":"https:\/\/cnewa.org\/es\/#\/schema\/logo\/image\/","url":"https:\/\/cnewa.org\/es\/wp-content\/uploads\/sites\/5\/2021\/07\/CNEWA-brand-logo.png","contentUrl":"https:\/\/cnewa.org\/es\/wp-content\/uploads\/sites\/5\/2021\/07\/CNEWA-brand-logo.png","width":1000,"height":1000,"caption":"CNEWA Espa\u00f1ol"},"image":{"@id":"https:\/\/cnewa.org\/es\/#\/schema\/logo\/image\/"},"sameAs":["https:\/\/www.facebook.com\/CNEWAenespanol\/","https:\/\/www.instagram.com\/cnewa1926\/","https:\/\/www.youtube.com\/user\/TheCNEWA"]}]}},"_links":{"self":[{"href":"https:\/\/cnewa.org\/es\/wp-json\/wp\/v2\/pages\/1147","targetHints":{"allow":["GET"]}}],"collection":[{"href":"https:\/\/cnewa.org\/es\/wp-json\/wp\/v2\/pages"}],"about":[{"href":"https:\/\/cnewa.org\/es\/wp-json\/wp\/v2\/types\/page"}],"author":[{"embeddable":true,"href":"https:\/\/cnewa.org\/es\/wp-json\/wp\/v2\/users\/70058"}],"replies":[{"embeddable":true,"href":"https:\/\/cnewa.org\/es\/wp-json\/wp\/v2\/comments?post=1147"}],"version-history":[{"count":17,"href":"https:\/\/cnewa.org\/es\/wp-json\/wp\/v2\/pages\/1147\/revisions"}],"predecessor-version":[{"id":7838,"href":"https:\/\/cnewa.org\/es\/wp-json\/wp\/v2\/pages\/1147\/revisions\/7838"}],"wp:attachment":[{"href":"https:\/\/cnewa.org\/es\/wp-json\/wp\/v2\/media?parent=1147"}],"curies":[{"name":"wp","href":"https:\/\/api.w.org\/{rel}","templated":true}]}}