{"id":122,"date":"2021-06-28T16:55:44","date_gmt":"2021-06-28T20:55:44","guid":{"rendered":"https:\/\/cnewa.org\/es\/?page_id=122"},"modified":"2026-03-10T13:39:49","modified_gmt":"2026-03-10T17:39:49","slug":"sobre-nosotros","status":"publish","type":"page","link":"https:\/\/cnewa.org\/es\/sobre-nosotros\/","title":{"rendered":"Sobre Nosotros"},"content":{"rendered":"\n<h2 class=\"wp-block-heading\" id=\"h-el-papa-pio-xi-fundo-la-asociacion-catolica-para-el-bienestar-del-cercano-oriente-en-1926-como-un-instrumento-de-amor-y-una-senal-de-esperanza-para-quienes-lo-necesitan-quienes-estan-dispersos-por-las-tierras-historicas-pero-inestables-de-las-antiguas-iglesias-orientales-el-medio-oriente-noreste-de-africa-india-y-europa-del-este\">El Papa P\u00edo XI fund\u00f3 la Asociaci\u00f3n Cat\u00f3lica para el Bienestar del Cercano Oriente en 1926 como un instrumento de amor y una se\u00f1al de esperanza para quienes lo necesitan, quienes est\u00e1n dispersos por las tierras hist\u00f3ricas pero inestables de las antiguas iglesias orientales: el <a href=\"https:\/\/cnewa.org\/es\/donde-trabajamos\/medio-oriente\/\" target=\"_blank\" rel=\"noreferrer noopener\">Medio Oriente<\/a>, <a href=\"https:\/\/cnewa.org\/es\/donde-trabajamos\/noreste-de-africa\/\" target=\"_blank\" rel=\"noreferrer noopener\">Noreste de \u00c1frica<\/a>, <a href=\"https:\/\/cnewa.org\/es\/donde-trabajamos\/india\/\" target=\"_blank\" rel=\"noreferrer noopener\">India<\/a> y <a href=\"https:\/\/cnewa.org\/es\/donde-trabajamos\/europa-del-este\/\" target=\"_blank\" rel=\"noreferrer noopener\">Europa del Este<\/a>.<\/h2>\n\n\n\n<p>Durante un siglo, CNEWA ha caminado lado a lado con quienes lo necesitan. Rezamos con ellos cuando fueron atacados, los consolamos cuando lloraron, los alimentamos cuando tuvieron hambre, los vendamos cuando sangraban, los protegimos cuando no ten\u00edan un lugar al que llamar hogar. Siempre hemos estado ah\u00ed, a trav\u00e9s de los brazos del cuerpo vivo de Cristo, la iglesia, en su manera de vivir para los dem\u00e1s, aconsejando a los desanimados, cuidando a los enfermos, alimentando a los hambrientos, vistiendo a los desnudos, acogiendo a los sin hogar, ense\u00f1ando a los ansiosos y formando a la pr\u00f3xima generaci\u00f3n de l\u00edderes.<\/p>\n\n\n\n<p>CNEWA es una red mundial de personas generosas y compasivas, comprometidas a vivir el gran mandato de Jes\u00fas de \u00abamarse unos a otros\u00bb extendiendo la mano a sus pr\u00f3jimos necesitados, sin importar d\u00f3nde o qui\u00e9n sea su pr\u00f3jimo.<\/p>\n\n\n\n<p>Esta red conecta a nuestros generosos donantes con los laicos, sacerdotes, hermanas y obispos de las iglesias locales \u2014 los \u201cbotas sobre el terreno\u201d de CNEWA \u2014 que reciben nuestra ayuda y tocan innumerables vidas de formas incalculables en Irak, Israel, Jordania, Palestina, L\u00edbano, Siria, Egipto, Eritrea, Etiop\u00eda, India, Armenia, Georgia y Ucrania.<\/p>\n\n\n\n<p>\u00a1\u00danase a nosotros mientras empezamos nuestro segundo siglo como un instrumento de sanaci\u00f3n y esperanza!<\/p>\n\n\n\n<p><\/p>\n","protected":false},"excerpt":{"rendered":"<p>El Papa P\u00edo XI fund\u00f3 la Asociaci\u00f3n Cat\u00f3lica para el Bienestar del Cercano Oriente en 1926 como un instrumento de amor y una se\u00f1al de esperanza para quienes lo necesitan, quienes est\u00e1n dispersos por las tierras hist\u00f3ricas pero inestables de las antiguas iglesias orientales: el Medio Oriente, Noreste de \u00c1frica, India y Europa del Este. &hellip; <a href=\"https:\/\/cnewa.org\/es\/sobre-nosotros\/\">Continued<\/a><\/p>\n","protected":false},"author":5,"featured_media":123,"parent":0,"menu_order":25,"comment_status":"closed","ping_status":"closed","template":"","meta":{"_acf_changed":false,"footnotes":""},"class_list":["post-122","page","type-page","status-publish","has-post-thumbnail","hentry"],"acf":[],"yoast_head":"<!-- This site is optimized with the Yoast SEO Premium plugin v27.3 (Yoast SEO v27.3) - https:\/\/yoast.com\/product\/yoast-seo-premium-wordpress\/ -->\n<title>CNEWA: Sobre nosotros<\/title>\n<meta name=\"description\" content=\"CNEWA trabaja para, a trav\u00e9s y con las iglesias orientales para afirmar la dignidad humana, aliviar la pobreza e inspirar esperanza.\" \/>\n<meta name=\"robots\" content=\"index, follow, max-snippet:-1, max-image-preview:large, max-video-preview:-1\" \/>\n<link rel=\"canonical\" href=\"https:\/\/cnewa.org\/es\/sobre-nosotros\/\" \/>\n<meta property=\"og:locale\" content=\"es_ES\" \/>\n<meta property=\"og:type\" content=\"article\" \/>\n<meta property=\"og:title\" content=\"Sobre Nosotros\" \/>\n<meta property=\"og:description\" content=\"CNEWA trabaja para, a trav\u00e9s y con las iglesias orientales para afirmar la dignidad humana, aliviar la pobreza e inspirar esperanza.\" \/>\n<meta property=\"og:url\" content=\"https:\/\/cnewa.org\/es\/sobre-nosotros\/\" \/>\n<meta property=\"og:site_name\" content=\"CNEWA Espa\u00f1ol\" \/>\n<meta property=\"article:publisher\" content=\"https:\/\/www.facebook.com\/CNEWAenespanol\/\" \/>\n<meta property=\"article:modified_time\" content=\"2026-03-10T17:39:49+00:00\" \/>\n<meta property=\"og:image\" content=\"https:\/\/cnewa.org\/es\/wp-content\/uploads\/sites\/5\/2021\/06\/cnewa-banner-about.jpeg\" \/>\n\t<meta property=\"og:image:width\" content=\"1116\" \/>\n\t<meta property=\"og:image:height\" content=\"499\" \/>\n\t<meta property=\"og:image:type\" content=\"image\/jpeg\" \/>\n<meta name=\"twitter:card\" content=\"summary_large_image\" \/>\n<meta name=\"twitter:label1\" content=\"Tiempo de lectura\" \/>\n\t<meta name=\"twitter:data1\" content=\"2 minutos\" \/>\n<script type=\"application\/ld+json\" class=\"yoast-schema-graph\">{\"@context\":\"https:\\\/\\\/schema.org\",\"@graph\":[{\"@type\":\"WebPage\",\"@id\":\"https:\\\/\\\/cnewa.org\\\/es\\\/sobre-nosotros\\\/\",\"url\":\"https:\\\/\\\/cnewa.org\\\/es\\\/sobre-nosotros\\\/\",\"name\":\"CNEWA: Sobre nosotros\",\"isPartOf\":{\"@id\":\"https:\\\/\\\/cnewa.org\\\/es\\\/#website\"},\"primaryImageOfPage\":{\"@id\":\"https:\\\/\\\/cnewa.org\\\/es\\\/sobre-nosotros\\\/#primaryimage\"},\"image\":{\"@id\":\"https:\\\/\\\/cnewa.org\\\/es\\\/sobre-nosotros\\\/#primaryimage\"},\"thumbnailUrl\":\"https:\\\/\\\/cnewa.org\\\/es\\\/wp-content\\\/uploads\\\/sites\\\/5\\\/2021\\\/06\\\/cnewa-banner-about.jpeg\",\"datePublished\":\"2021-06-28T20:55:44+00:00\",\"dateModified\":\"2026-03-10T17:39:49+00:00\",\"description\":\"CNEWA trabaja para, a trav\u00e9s y con las iglesias orientales para afirmar la dignidad humana, aliviar la pobreza e inspirar esperanza.\",\"breadcrumb\":{\"@id\":\"https:\\\/\\\/cnewa.org\\\/es\\\/sobre-nosotros\\\/#breadcrumb\"},\"inLanguage\":\"es\",\"potentialAction\":[{\"@type\":\"ReadAction\",\"target\":[\"https:\\\/\\\/cnewa.org\\\/es\\\/sobre-nosotros\\\/\"]}]},{\"@type\":\"ImageObject\",\"inLanguage\":\"es\",\"@id\":\"https:\\\/\\\/cnewa.org\\\/es\\\/sobre-nosotros\\\/#primaryimage\",\"url\":\"https:\\\/\\\/cnewa.org\\\/es\\\/wp-content\\\/uploads\\\/sites\\\/5\\\/2021\\\/06\\\/cnewa-banner-about.jpeg\",\"contentUrl\":\"https:\\\/\\\/cnewa.org\\\/es\\\/wp-content\\\/uploads\\\/sites\\\/5\\\/2021\\\/06\\\/cnewa-banner-about.jpeg\",\"width\":1116,\"height\":499},{\"@type\":\"BreadcrumbList\",\"@id\":\"https:\\\/\\\/cnewa.org\\\/es\\\/sobre-nosotros\\\/#breadcrumb\",\"itemListElement\":[{\"@type\":\"ListItem\",\"position\":1,\"name\":\"Inicio\",\"item\":\"https:\\\/\\\/cnewa.org\\\/es\\\/\"},{\"@type\":\"ListItem\",\"position\":2,\"name\":\"Sobre Nosotros\"}]},{\"@type\":\"WebSite\",\"@id\":\"https:\\\/\\\/cnewa.org\\\/es\\\/#website\",\"url\":\"https:\\\/\\\/cnewa.org\\\/es\\\/\",\"name\":\"CNEWA Espa\u00f1ol\",\"description\":\"Asociaci\u00f3n Cat\u00f3lica para el Bienestar del Cercano Oriente\",\"publisher\":{\"@id\":\"https:\\\/\\\/cnewa.org\\\/es\\\/#organization\"},\"potentialAction\":[{\"@type\":\"SearchAction\",\"target\":{\"@type\":\"EntryPoint\",\"urlTemplate\":\"https:\\\/\\\/cnewa.org\\\/es\\\/?s={search_term_string}\"},\"query-input\":{\"@type\":\"PropertyValueSpecification\",\"valueRequired\":true,\"valueName\":\"search_term_string\"}}],\"inLanguage\":\"es\"},{\"@type\":\"Organization\",\"@id\":\"https:\\\/\\\/cnewa.org\\\/es\\\/#organization\",\"name\":\"CNEWA Espa\u00f1ol\",\"alternateName\":\"Asociaci\u00f3n Cat\u00f3lica para el Bienestar del Cercano Oriente\",\"url\":\"https:\\\/\\\/cnewa.org\\\/es\\\/\",\"logo\":{\"@type\":\"ImageObject\",\"inLanguage\":\"es\",\"@id\":\"https:\\\/\\\/cnewa.org\\\/es\\\/#\\\/schema\\\/logo\\\/image\\\/\",\"url\":\"https:\\\/\\\/cnewa.org\\\/es\\\/wp-content\\\/uploads\\\/sites\\\/5\\\/2021\\\/07\\\/CNEWA-brand-logo.png\",\"contentUrl\":\"https:\\\/\\\/cnewa.org\\\/es\\\/wp-content\\\/uploads\\\/sites\\\/5\\\/2021\\\/07\\\/CNEWA-brand-logo.png\",\"width\":1000,\"height\":1000,\"caption\":\"CNEWA Espa\u00f1ol\"},\"image\":{\"@id\":\"https:\\\/\\\/cnewa.org\\\/es\\\/#\\\/schema\\\/logo\\\/image\\\/\"},\"sameAs\":[\"https:\\\/\\\/www.facebook.com\\\/CNEWAenespanol\\\/\",\"https:\\\/\\\/www.instagram.com\\\/cnewa1926\\\/\",\"https:\\\/\\\/www.youtube.com\\\/user\\\/TheCNEWA\"]}]}<\/script>\n<!-- \/ Yoast SEO Premium plugin. -->","yoast_head_json":{"title":"CNEWA: Sobre nosotros","description":"CNEWA trabaja para, a trav\u00e9s y con las iglesias orientales para afirmar la dignidad humana, aliviar la pobreza e inspirar esperanza.","robots":{"index":"index","follow":"follow","max-snippet":"max-snippet:-1","max-image-preview":"max-image-preview:large","max-video-preview":"max-video-preview:-1"},"canonical":"https:\/\/cnewa.org\/es\/sobre-nosotros\/","og_locale":"es_ES","og_type":"article","og_title":"Sobre Nosotros","og_description":"CNEWA trabaja para, a trav\u00e9s y con las iglesias orientales para afirmar la dignidad humana, aliviar la pobreza e inspirar esperanza.","og_url":"https:\/\/cnewa.org\/es\/sobre-nosotros\/","og_site_name":"CNEWA Espa\u00f1ol","article_publisher":"https:\/\/www.facebook.com\/CNEWAenespanol\/","article_modified_time":"2026-03-10T17:39:49+00:00","og_image":[{"width":1116,"height":499,"url":"https:\/\/cnewa.org\/es\/wp-content\/uploads\/sites\/5\/2021\/06\/cnewa-banner-about.jpeg","type":"image\/jpeg"}],"twitter_card":"summary_large_image","twitter_misc":{"Tiempo de lectura":"2 minutos"},"schema":{"@context":"https:\/\/schema.org","@graph":[{"@type":"WebPage","@id":"https:\/\/cnewa.org\/es\/sobre-nosotros\/","url":"https:\/\/cnewa.org\/es\/sobre-nosotros\/","name":"CNEWA: Sobre nosotros","isPartOf":{"@id":"https:\/\/cnewa.org\/es\/#website"},"primaryImageOfPage":{"@id":"https:\/\/cnewa.org\/es\/sobre-nosotros\/#primaryimage"},"image":{"@id":"https:\/\/cnewa.org\/es\/sobre-nosotros\/#primaryimage"},"thumbnailUrl":"https:\/\/cnewa.org\/es\/wp-content\/uploads\/sites\/5\/2021\/06\/cnewa-banner-about.jpeg","datePublished":"2021-06-28T20:55:44+00:00","dateModified":"2026-03-10T17:39:49+00:00","description":"CNEWA trabaja para, a trav\u00e9s y con las iglesias orientales para afirmar la dignidad humana, aliviar la pobreza e inspirar esperanza.","breadcrumb":{"@id":"https:\/\/cnewa.org\/es\/sobre-nosotros\/#breadcrumb"},"inLanguage":"es","potentialAction":[{"@type":"ReadAction","target":["https:\/\/cnewa.org\/es\/sobre-nosotros\/"]}]},{"@type":"ImageObject","inLanguage":"es","@id":"https:\/\/cnewa.org\/es\/sobre-nosotros\/#primaryimage","url":"https:\/\/cnewa.org\/es\/wp-content\/uploads\/sites\/5\/2021\/06\/cnewa-banner-about.jpeg","contentUrl":"https:\/\/cnewa.org\/es\/wp-content\/uploads\/sites\/5\/2021\/06\/cnewa-banner-about.jpeg","width":1116,"height":499},{"@type":"BreadcrumbList","@id":"https:\/\/cnewa.org\/es\/sobre-nosotros\/#breadcrumb","itemListElement":[{"@type":"ListItem","position":1,"name":"Inicio","item":"https:\/\/cnewa.org\/es\/"},{"@type":"ListItem","position":2,"name":"Sobre Nosotros"}]},{"@type":"WebSite","@id":"https:\/\/cnewa.org\/es\/#website","url":"https:\/\/cnewa.org\/es\/","name":"CNEWA Espa\u00f1ol","description":"Asociaci\u00f3n Cat\u00f3lica para el Bienestar del Cercano Oriente","publisher":{"@id":"https:\/\/cnewa.org\/es\/#organization"},"potentialAction":[{"@type":"SearchAction","target":{"@type":"EntryPoint","urlTemplate":"https:\/\/cnewa.org\/es\/?s={search_term_string}"},"query-input":{"@type":"PropertyValueSpecification","valueRequired":true,"valueName":"search_term_string"}}],"inLanguage":"es"},{"@type":"Organization","@id":"https:\/\/cnewa.org\/es\/#organization","name":"CNEWA Espa\u00f1ol","alternateName":"Asociaci\u00f3n Cat\u00f3lica para el Bienestar del Cercano Oriente","url":"https:\/\/cnewa.org\/es\/","logo":{"@type":"ImageObject","inLanguage":"es","@id":"https:\/\/cnewa.org\/es\/#\/schema\/logo\/image\/","url":"https:\/\/cnewa.org\/es\/wp-content\/uploads\/sites\/5\/2021\/07\/CNEWA-brand-logo.png","contentUrl":"https:\/\/cnewa.org\/es\/wp-content\/uploads\/sites\/5\/2021\/07\/CNEWA-brand-logo.png","width":1000,"height":1000,"caption":"CNEWA Espa\u00f1ol"},"image":{"@id":"https:\/\/cnewa.org\/es\/#\/schema\/logo\/image\/"},"sameAs":["https:\/\/www.facebook.com\/CNEWAenespanol\/","https:\/\/www.instagram.com\/cnewa1926\/","https:\/\/www.youtube.com\/user\/TheCNEWA"]}]}},"_links":{"self":[{"href":"https:\/\/cnewa.org\/es\/wp-json\/wp\/v2\/pages\/122","targetHints":{"allow":["GET"]}}],"collection":[{"href":"https:\/\/cnewa.org\/es\/wp-json\/wp\/v2\/pages"}],"about":[{"href":"https:\/\/cnewa.org\/es\/wp-json\/wp\/v2\/types\/page"}],"author":[{"embeddable":true,"href":"https:\/\/cnewa.org\/es\/wp-json\/wp\/v2\/users\/5"}],"replies":[{"embeddable":true,"href":"https:\/\/cnewa.org\/es\/wp-json\/wp\/v2\/comments?post=122"}],"version-history":[{"count":11,"href":"https:\/\/cnewa.org\/es\/wp-json\/wp\/v2\/pages\/122\/revisions"}],"predecessor-version":[{"id":7850,"href":"https:\/\/cnewa.org\/es\/wp-json\/wp\/v2\/pages\/122\/revisions\/7850"}],"wp:featuredmedia":[{"embeddable":true,"href":"https:\/\/cnewa.org\/es\/wp-json\/wp\/v2\/media\/123"}],"wp:attachment":[{"href":"https:\/\/cnewa.org\/es\/wp-json\/wp\/v2\/media?parent=122"}],"curies":[{"name":"wp","href":"https:\/\/api.w.org\/{rel}","templated":true}]}}