{"id":125,"date":"2021-06-28T16:58:25","date_gmt":"2021-06-28T20:58:25","guid":{"rendered":"https:\/\/cnewa.org\/es\/?page_id=125"},"modified":"2025-09-10T12:31:11","modified_gmt":"2025-09-10T16:31:11","slug":"nuestra-mision","status":"publish","type":"page","link":"https:\/\/cnewa.org\/es\/nuestra-mision\/","title":{"rendered":"Nuestra Misi\u00f3n"},"content":{"rendered":"\n<h2 class=\"wp-block-heading\" id=\"h-la-mision-de-la-asociacion-catolica-para-el-bienestar-del-cercano-oriente-cnewa-es-simple-seguir-la-leccion-del-buen-samaritano-ve-y-procede-tu-de-la-misma-manera-vendando-las-heridas-de-un-mundo-roto-cuerpo-y-alma-mientras-nos-esforzamos-por-responder-a-la-pregunta-hecha-a-jesus-y-quien-es-mi-projimo-nbsp\">La misi\u00f3n de la Asociaci\u00f3n Cat\u00f3lica para el Bienestar del Cercano Oriente, CNEWA, es simple: seguir la lecci\u00f3n del Buen Samaritano, \u201cVe, y procede t\u00fa de la misma manera\u201d, vendando las heridas de un mundo roto, cuerpo y alma, mientras nos esforzamos por responder a la pregunta hecha a Jes\u00fas: \u201c\u00bfY qui\u00e9n es mi pr\u00f3jimo?\u201d&nbsp;<\/h2>\n\n\n\n<p>En silencio, oraci\u00f3n y alegr\u00eda, CNEWA trabaja para, a trav\u00e9s y con las iglesias locales. Los hombres y mujeres que forman nuestros equipos regionales en Addis Abeba, Amm\u00e1n, Asmara, Beirut, Ernakulam y Jerusal\u00e9n, y nuestros socios que trabajan en todo el C\u00e1ucaso y Ucrania, tienen d\u00e9cadas relacion\u00e1ndose con las personas a las que servimos y con los ministerios que apoyamos; y provienen de las comunidades de fe a las que servimos para el bien com\u00fan de todos.<\/p>\n\n\n\n<p>Cuando golpea una crisis y una comunidad se enfrenta a desastres naturales o provocados por el hombre, CNEWA est\u00e1 all\u00ed, y permanecemos all\u00ed, ofreciendo apoyo continuo, asegurando que se satisfagan las necesidades inmediatas, se mantenga la fe y prevalezca la esperanza, incluso cuando las luces, las c\u00e1maras y la atenci\u00f3n se dirigen a otra parte.&nbsp;<\/p>\n\n\n\n<p>La esperanza es la tarjeta de presentaci\u00f3n de CNEWA. Existimos no solo para proporcionar lo esencial que uno puede ver: comida, refugio, medicinas, sino que tambi\u00e9n proporcionamos lo esencial que uno no puede ver: desahogo, consuelo, educaci\u00f3n, fe y esperanza.<\/p>\n\n\n\n<figure class=\"wp-block-image aligncenter size-large\"><img loading=\"lazy\" decoding=\"async\" width=\"813\" height=\"510\" src=\"https:\/\/cnewa.org\/es\/wp-content\/uploads\/sites\/5\/2021\/07\/cnewa-mission.jpeg\" alt=\"\" class=\"wp-image-279\" srcset=\"https:\/\/cnewa.org\/es\/wp-content\/uploads\/sites\/5\/2021\/07\/cnewa-mission.jpeg 813w, https:\/\/cnewa.org\/es\/wp-content\/uploads\/sites\/5\/2021\/07\/cnewa-mission-300x188.jpeg 300w, https:\/\/cnewa.org\/es\/wp-content\/uploads\/sites\/5\/2021\/07\/cnewa-mission-768x482.jpeg 768w\" sizes=\"auto, (max-width: 813px) 100vw, 813px\" \/><figcaption class=\"wp-element-caption\">Foto de Petterik Wiggers<\/figcaption><\/figure>\n\n\n\n<p><\/p>\n\n\n\n<figure class=\"wp-block-gallery has-nested-images columns-2 is-cropped is-style-lightbox wp-block-gallery-2 is-layout-flex wp-block-gallery-is-layout-flex\">\n<figure class=\"wp-block-image size-large\"><img loading=\"lazy\" decoding=\"async\" width=\"518\" height=\"345\" data-id=\"6956\" src=\"https:\/\/cnewa.org\/es\/wp-content\/uploads\/sites\/5\/2025\/07\/cnewa-mission-1.jpg\" alt=\"\" class=\"wp-image-6956\" srcset=\"https:\/\/cnewa.org\/es\/wp-content\/uploads\/sites\/5\/2025\/07\/cnewa-mission-1.jpg 518w, https:\/\/cnewa.org\/es\/wp-content\/uploads\/sites\/5\/2025\/07\/cnewa-mission-1-300x200.jpg 300w\" sizes=\"auto, (max-width: 518px) 100vw, 518px\" \/><\/figure>\n\n\n\n<figure class=\"wp-block-image size-large\"><img loading=\"lazy\" decoding=\"async\" width=\"524\" height=\"349\" data-id=\"6957\" src=\"https:\/\/cnewa.org\/es\/wp-content\/uploads\/sites\/5\/2025\/07\/cnewa-mission-2.jpg\" alt=\"\" class=\"wp-image-6957\" srcset=\"https:\/\/cnewa.org\/es\/wp-content\/uploads\/sites\/5\/2025\/07\/cnewa-mission-2.jpg 524w, https:\/\/cnewa.org\/es\/wp-content\/uploads\/sites\/5\/2025\/07\/cnewa-mission-2-300x200.jpg 300w\" sizes=\"auto, (max-width: 524px) 100vw, 524px\" \/><\/figure>\n\n\n\n<figure class=\"wp-block-image size-large\"><img loading=\"lazy\" decoding=\"async\" width=\"840\" height=\"560\" data-id=\"6958\" src=\"https:\/\/cnewa.org\/es\/wp-content\/uploads\/sites\/5\/2025\/07\/cnewa-mission-3.jpg\" alt=\"\" class=\"wp-image-6958\" srcset=\"https:\/\/cnewa.org\/es\/wp-content\/uploads\/sites\/5\/2025\/07\/cnewa-mission-3.jpg 840w, https:\/\/cnewa.org\/es\/wp-content\/uploads\/sites\/5\/2025\/07\/cnewa-mission-3-300x200.jpg 300w, https:\/\/cnewa.org\/es\/wp-content\/uploads\/sites\/5\/2025\/07\/cnewa-mission-3-768x512.jpg 768w\" sizes=\"auto, (max-width: 840px) 100vw, 840px\" \/><\/figure>\n<\/figure>\n","protected":false},"excerpt":{"rendered":"<p>La misi\u00f3n de la Asociaci\u00f3n Cat\u00f3lica para el Bienestar del Cercano Oriente, CNEWA, es simple: seguir la lecci\u00f3n del Buen Samaritano, \u201cVe, y procede t\u00fa de la misma manera\u201d, vendando las heridas de un mundo roto, cuerpo y alma, mientras nos esforzamos por responder a la pregunta hecha a Jes\u00fas: \u201c\u00bfY qui\u00e9n es mi pr\u00f3jimo?\u201d&nbsp; &hellip; <a href=\"https:\/\/cnewa.org\/es\/nuestra-mision\/\">Continued<\/a><\/p>\n","protected":false},"author":5,"featured_media":128,"parent":0,"menu_order":3,"comment_status":"closed","ping_status":"closed","template":"","meta":{"_acf_changed":false,"footnotes":""},"class_list":["post-125","page","type-page","status-publish","has-post-thumbnail","hentry"],"acf":[],"yoast_head":"<!-- This site is optimized with the Yoast SEO Premium plugin v27.2 (Yoast SEO v27.2) - https:\/\/yoast.com\/product\/yoast-seo-premium-wordpress\/ -->\n<title>Nuestra Misi\u00f3n - CNEWA Espa\u00f1ol<\/title>\n<meta name=\"description\" content=\"La misi\u00f3n de CNEWA: seguir la lecci\u00f3n del Buen Samaritano mientras nos esforzamos por responder la pregunta: &quot;\u00bfY qui\u00e9n es mi pr\u00f3jimo?&quot;\" \/>\n<meta name=\"robots\" content=\"index, follow, max-snippet:-1, max-image-preview:large, max-video-preview:-1\" \/>\n<link rel=\"canonical\" href=\"https:\/\/cnewa.org\/es\/nuestra-mision\/\" \/>\n<meta property=\"og:locale\" content=\"es_ES\" \/>\n<meta property=\"og:type\" content=\"article\" \/>\n<meta property=\"og:title\" content=\"Nuestra Misi\u00f3n\" \/>\n<meta property=\"og:description\" content=\"La misi\u00f3n de CNEWA: seguir la lecci\u00f3n del Buen Samaritano mientras nos esforzamos por responder la pregunta: &quot;\u00bfY qui\u00e9n es mi pr\u00f3jimo?&quot;\" \/>\n<meta property=\"og:url\" content=\"https:\/\/cnewa.org\/es\/nuestra-mision\/\" \/>\n<meta property=\"og:site_name\" content=\"CNEWA Espa\u00f1ol\" \/>\n<meta property=\"article:publisher\" content=\"https:\/\/www.facebook.com\/CNEWAenespanol\/\" \/>\n<meta property=\"article:modified_time\" content=\"2025-09-10T16:31:11+00:00\" \/>\n<meta property=\"og:image\" content=\"https:\/\/cnewa.org\/es\/wp-content\/uploads\/sites\/5\/2021\/06\/cnewa-banner-nofilter.jpeg\" \/>\n\t<meta property=\"og:image:width\" content=\"1116\" \/>\n\t<meta property=\"og:image:height\" content=\"499\" \/>\n\t<meta property=\"og:image:type\" content=\"image\/jpeg\" \/>\n<meta name=\"twitter:card\" content=\"summary_large_image\" \/>\n<meta name=\"twitter:label1\" content=\"Tiempo de lectura\" \/>\n\t<meta name=\"twitter:data1\" content=\"3 minutos\" \/>\n<script type=\"application\/ld+json\" class=\"yoast-schema-graph\">{\"@context\":\"https:\/\/schema.org\",\"@graph\":[{\"@type\":\"WebPage\",\"@id\":\"https:\/\/cnewa.org\/es\/nuestra-mision\/\",\"url\":\"https:\/\/cnewa.org\/es\/nuestra-mision\/\",\"name\":\"Nuestra Misi\u00f3n - CNEWA Espa\u00f1ol\",\"isPartOf\":{\"@id\":\"https:\/\/cnewa.org\/es\/#website\"},\"primaryImageOfPage\":{\"@id\":\"https:\/\/cnewa.org\/es\/nuestra-mision\/#primaryimage\"},\"image\":{\"@id\":\"https:\/\/cnewa.org\/es\/nuestra-mision\/#primaryimage\"},\"thumbnailUrl\":\"https:\/\/cnewa.org\/es\/wp-content\/uploads\/sites\/5\/2021\/06\/cnewa-banner-nofilter.jpeg\",\"datePublished\":\"2021-06-28T20:58:25+00:00\",\"dateModified\":\"2025-09-10T16:31:11+00:00\",\"description\":\"La misi\u00f3n de CNEWA: seguir la lecci\u00f3n del Buen Samaritano mientras nos esforzamos por responder la pregunta: \\\"\u00bfY qui\u00e9n es mi pr\u00f3jimo?\\\"\",\"breadcrumb\":{\"@id\":\"https:\/\/cnewa.org\/es\/nuestra-mision\/#breadcrumb\"},\"inLanguage\":\"es\",\"potentialAction\":[{\"@type\":\"ReadAction\",\"target\":[\"https:\/\/cnewa.org\/es\/nuestra-mision\/\"]}]},{\"@type\":\"ImageObject\",\"inLanguage\":\"es\",\"@id\":\"https:\/\/cnewa.org\/es\/nuestra-mision\/#primaryimage\",\"url\":\"https:\/\/cnewa.org\/es\/wp-content\/uploads\/sites\/5\/2021\/06\/cnewa-banner-nofilter.jpeg\",\"contentUrl\":\"https:\/\/cnewa.org\/es\/wp-content\/uploads\/sites\/5\/2021\/06\/cnewa-banner-nofilter.jpeg\",\"width\":1116,\"height\":499},{\"@type\":\"BreadcrumbList\",\"@id\":\"https:\/\/cnewa.org\/es\/nuestra-mision\/#breadcrumb\",\"itemListElement\":[{\"@type\":\"ListItem\",\"position\":1,\"name\":\"Inicio\",\"item\":\"https:\/\/cnewa.org\/es\/\"},{\"@type\":\"ListItem\",\"position\":2,\"name\":\"Nuestra Misi\u00f3n\"}]},{\"@type\":\"WebSite\",\"@id\":\"https:\/\/cnewa.org\/es\/#website\",\"url\":\"https:\/\/cnewa.org\/es\/\",\"name\":\"CNEWA Espa\u00f1ol\",\"description\":\"Asociaci\u00f3n Cat\u00f3lica para el Bienestar del Cercano Oriente\",\"publisher\":{\"@id\":\"https:\/\/cnewa.org\/es\/#organization\"},\"potentialAction\":[{\"@type\":\"SearchAction\",\"target\":{\"@type\":\"EntryPoint\",\"urlTemplate\":\"https:\/\/cnewa.org\/es\/?s={search_term_string}\"},\"query-input\":{\"@type\":\"PropertyValueSpecification\",\"valueRequired\":true,\"valueName\":\"search_term_string\"}}],\"inLanguage\":\"es\"},{\"@type\":\"Organization\",\"@id\":\"https:\/\/cnewa.org\/es\/#organization\",\"name\":\"CNEWA Espa\u00f1ol\",\"alternateName\":\"Asociaci\u00f3n Cat\u00f3lica para el Bienestar del Cercano Oriente\",\"url\":\"https:\/\/cnewa.org\/es\/\",\"logo\":{\"@type\":\"ImageObject\",\"inLanguage\":\"es\",\"@id\":\"https:\/\/cnewa.org\/es\/#\/schema\/logo\/image\/\",\"url\":\"https:\/\/cnewa.org\/es\/wp-content\/uploads\/sites\/5\/2021\/07\/CNEWA-brand-logo.png\",\"contentUrl\":\"https:\/\/cnewa.org\/es\/wp-content\/uploads\/sites\/5\/2021\/07\/CNEWA-brand-logo.png\",\"width\":1000,\"height\":1000,\"caption\":\"CNEWA Espa\u00f1ol\"},\"image\":{\"@id\":\"https:\/\/cnewa.org\/es\/#\/schema\/logo\/image\/\"},\"sameAs\":[\"https:\/\/www.facebook.com\/CNEWAenespanol\/\",\"https:\/\/www.instagram.com\/cnewa1926\/\",\"https:\/\/www.youtube.com\/user\/TheCNEWA\"]}]}<\/script>\n<!-- \/ Yoast SEO Premium plugin. -->","yoast_head_json":{"title":"Nuestra Misi\u00f3n - CNEWA Espa\u00f1ol","description":"La misi\u00f3n de CNEWA: seguir la lecci\u00f3n del Buen Samaritano mientras nos esforzamos por responder la pregunta: \"\u00bfY qui\u00e9n es mi pr\u00f3jimo?\"","robots":{"index":"index","follow":"follow","max-snippet":"max-snippet:-1","max-image-preview":"max-image-preview:large","max-video-preview":"max-video-preview:-1"},"canonical":"https:\/\/cnewa.org\/es\/nuestra-mision\/","og_locale":"es_ES","og_type":"article","og_title":"Nuestra Misi\u00f3n","og_description":"La misi\u00f3n de CNEWA: seguir la lecci\u00f3n del Buen Samaritano mientras nos esforzamos por responder la pregunta: \"\u00bfY qui\u00e9n es mi pr\u00f3jimo?\"","og_url":"https:\/\/cnewa.org\/es\/nuestra-mision\/","og_site_name":"CNEWA Espa\u00f1ol","article_publisher":"https:\/\/www.facebook.com\/CNEWAenespanol\/","article_modified_time":"2025-09-10T16:31:11+00:00","og_image":[{"width":1116,"height":499,"url":"https:\/\/cnewa.org\/es\/wp-content\/uploads\/sites\/5\/2021\/06\/cnewa-banner-nofilter.jpeg","type":"image\/jpeg"}],"twitter_card":"summary_large_image","twitter_misc":{"Tiempo de lectura":"3 minutos"},"schema":{"@context":"https:\/\/schema.org","@graph":[{"@type":"WebPage","@id":"https:\/\/cnewa.org\/es\/nuestra-mision\/","url":"https:\/\/cnewa.org\/es\/nuestra-mision\/","name":"Nuestra Misi\u00f3n - CNEWA Espa\u00f1ol","isPartOf":{"@id":"https:\/\/cnewa.org\/es\/#website"},"primaryImageOfPage":{"@id":"https:\/\/cnewa.org\/es\/nuestra-mision\/#primaryimage"},"image":{"@id":"https:\/\/cnewa.org\/es\/nuestra-mision\/#primaryimage"},"thumbnailUrl":"https:\/\/cnewa.org\/es\/wp-content\/uploads\/sites\/5\/2021\/06\/cnewa-banner-nofilter.jpeg","datePublished":"2021-06-28T20:58:25+00:00","dateModified":"2025-09-10T16:31:11+00:00","description":"La misi\u00f3n de CNEWA: seguir la lecci\u00f3n del Buen Samaritano mientras nos esforzamos por responder la pregunta: \"\u00bfY qui\u00e9n es mi pr\u00f3jimo?\"","breadcrumb":{"@id":"https:\/\/cnewa.org\/es\/nuestra-mision\/#breadcrumb"},"inLanguage":"es","potentialAction":[{"@type":"ReadAction","target":["https:\/\/cnewa.org\/es\/nuestra-mision\/"]}]},{"@type":"ImageObject","inLanguage":"es","@id":"https:\/\/cnewa.org\/es\/nuestra-mision\/#primaryimage","url":"https:\/\/cnewa.org\/es\/wp-content\/uploads\/sites\/5\/2021\/06\/cnewa-banner-nofilter.jpeg","contentUrl":"https:\/\/cnewa.org\/es\/wp-content\/uploads\/sites\/5\/2021\/06\/cnewa-banner-nofilter.jpeg","width":1116,"height":499},{"@type":"BreadcrumbList","@id":"https:\/\/cnewa.org\/es\/nuestra-mision\/#breadcrumb","itemListElement":[{"@type":"ListItem","position":1,"name":"Inicio","item":"https:\/\/cnewa.org\/es\/"},{"@type":"ListItem","position":2,"name":"Nuestra Misi\u00f3n"}]},{"@type":"WebSite","@id":"https:\/\/cnewa.org\/es\/#website","url":"https:\/\/cnewa.org\/es\/","name":"CNEWA Espa\u00f1ol","description":"Asociaci\u00f3n Cat\u00f3lica para el Bienestar del Cercano Oriente","publisher":{"@id":"https:\/\/cnewa.org\/es\/#organization"},"potentialAction":[{"@type":"SearchAction","target":{"@type":"EntryPoint","urlTemplate":"https:\/\/cnewa.org\/es\/?s={search_term_string}"},"query-input":{"@type":"PropertyValueSpecification","valueRequired":true,"valueName":"search_term_string"}}],"inLanguage":"es"},{"@type":"Organization","@id":"https:\/\/cnewa.org\/es\/#organization","name":"CNEWA Espa\u00f1ol","alternateName":"Asociaci\u00f3n Cat\u00f3lica para el Bienestar del Cercano Oriente","url":"https:\/\/cnewa.org\/es\/","logo":{"@type":"ImageObject","inLanguage":"es","@id":"https:\/\/cnewa.org\/es\/#\/schema\/logo\/image\/","url":"https:\/\/cnewa.org\/es\/wp-content\/uploads\/sites\/5\/2021\/07\/CNEWA-brand-logo.png","contentUrl":"https:\/\/cnewa.org\/es\/wp-content\/uploads\/sites\/5\/2021\/07\/CNEWA-brand-logo.png","width":1000,"height":1000,"caption":"CNEWA Espa\u00f1ol"},"image":{"@id":"https:\/\/cnewa.org\/es\/#\/schema\/logo\/image\/"},"sameAs":["https:\/\/www.facebook.com\/CNEWAenespanol\/","https:\/\/www.instagram.com\/cnewa1926\/","https:\/\/www.youtube.com\/user\/TheCNEWA"]}]}},"_links":{"self":[{"href":"https:\/\/cnewa.org\/es\/wp-json\/wp\/v2\/pages\/125","targetHints":{"allow":["GET"]}}],"collection":[{"href":"https:\/\/cnewa.org\/es\/wp-json\/wp\/v2\/pages"}],"about":[{"href":"https:\/\/cnewa.org\/es\/wp-json\/wp\/v2\/types\/page"}],"author":[{"embeddable":true,"href":"https:\/\/cnewa.org\/es\/wp-json\/wp\/v2\/users\/5"}],"replies":[{"embeddable":true,"href":"https:\/\/cnewa.org\/es\/wp-json\/wp\/v2\/comments?post=125"}],"version-history":[{"count":18,"href":"https:\/\/cnewa.org\/es\/wp-json\/wp\/v2\/pages\/125\/revisions"}],"predecessor-version":[{"id":7129,"href":"https:\/\/cnewa.org\/es\/wp-json\/wp\/v2\/pages\/125\/revisions\/7129"}],"wp:featuredmedia":[{"embeddable":true,"href":"https:\/\/cnewa.org\/es\/wp-json\/wp\/v2\/media\/128"}],"wp:attachment":[{"href":"https:\/\/cnewa.org\/es\/wp-json\/wp\/v2\/media?parent=125"}],"curies":[{"name":"wp","href":"https:\/\/api.w.org\/{rel}","templated":true}]}}