{"id":134,"date":"2021-06-28T17:13:07","date_gmt":"2021-06-28T21:13:07","guid":{"rendered":"https:\/\/cnewa.org\/es\/?page_id=134"},"modified":"2025-05-08T11:53:42","modified_gmt":"2025-05-08T15:53:42","slug":"oficinas","status":"publish","type":"page","link":"https:\/\/cnewa.org\/es\/oficinas\/","title":{"rendered":"Oficinas"},"content":{"rendered":"\n<h2 class=\"wp-block-heading\" id=\"h-sede-central\">Sede Central<\/h2>\n\n\n\n<p><strong>Asociaci\u00f3n Cat\u00f3lica para el Bienestar del Cercano Oriente (CNEWA)<br><\/strong>220 East 42nd Street, Floor 27<br>New York, NY 10017<br>Tel: (212) 826-1480<br>Fax: (212) 838-1344<br>Email: Visite nuestra p\u00e1gina para <a href=\"https:\/\/cnewa.org\/es\/contacto\/\">contactos<\/a><br>Horario: Lunes a Viernes, 9:00 a.m. a 5:00 p.m., hora del este<br>Presidente: Mons. Peter I. Vaccari<\/p>\n\n\n\n<hr class=\"wp-block-separator has-css-opacity\"\/>\n\n\n\n<h2 class=\"wp-block-heading\" id=\"h-canada\">Canad\u00e1<\/h2>\n\n\n\n<p><strong>CNEWA Canad\u00e1<br><\/strong>223 Main Street, Box 80<br>Ottawa, Ontario K1S 1C4<br>Tel: (613) 738-9666<br>Toll-free: 1-866-322-4441<br><a href=\"http:\/\/cnewa.org\/ca\">cnewa.org\/ca<br><\/a>Carl H\u00e9tu, Director Nacional<\/p>\n\n\n\n<hr class=\"wp-block-separator has-css-opacity\"\/>\n\n\n\n<h2 class=\"wp-block-heading\" id=\"h-jerusalen\">Jerusal\u00e9n<\/h2>\n\n\n\n<p><strong>Misi\u00f3n Pontificia-CNEWA<br><\/strong>P.O. Box 19642<br>91196 Jerusal\u00e9n, Israel<br>Tel: 972 (2) 627-2126<br>Fax: 972 (2) 627-3777<br>Email: <a href=\"mailto:pmp@pmp.co.il\">pmp@pmp.co.il<\/a><br>Sr. Joseph Hazboun, Director Regional<\/p>\n\n\n\n<hr class=\"wp-block-separator has-css-opacity\"\/>\n\n\n\n<h2 class=\"wp-block-heading\" id=\"h-jordania\">Jordania<\/h2>\n\n\n\n<p><strong>Misi\u00f3n Pontificia -CNEWA<br><\/strong>P.O. Box 6495<br>Amman 11118, Jordania<br>Tel: 962 (6) 464-9240<br>Fax: 962 (6) 464-9282<br>Email: <a href=\"mailto:pmp@go.com.jo\">pmp@go.com.jo<\/a><br>Sr. Ra\u2019ed Bahou, Director Regional<\/p>\n\n\n\n<hr class=\"wp-block-separator has-css-opacity\"\/>\n\n\n\n<h2 class=\"wp-block-heading\" id=\"h-libano\">L\u00edbano<\/h2>\n\n\n\n<p><strong>Misi\u00f3n Pontificia -CNEWA<br><\/strong>Mar Abda Building 3rd Floor<br>Mar Abda Street, Jal-el Dib<br>Beirut, L\u00edbano<br>Tel: 961 (4) 714-901\/2\/3\/4<br>Fax: 961 (4) 714-905<br>Email: <a href=\"mailto:mconstantin@cnewa.org\">mconstantin@cnewa.org<\/a><br>Sr. Michel Constantin, Director Regional para L\u00edbano, Siria y Egipto<\/p>\n\n\n\n<hr class=\"wp-block-separator has-css-opacity\"\/>\n\n\n\n<h2 class=\"wp-block-heading\" id=\"h-india\">India<\/h2>\n\n\n\n<p><strong>CNEWA India<br><\/strong>P B No. 3118<br>Mount St. Thomas<br>Kakkanad P O<br>Kochi \u2014 682 030<br>Kerala<br>Tel: 0484 242 17 05<a href=\"http:\/\/cnewa.in\"><br><\/a>Sr. M.L. Thomas, Fideicomisario y Director Ejecutivo<\/p>\n\n\n\n<hr class=\"wp-block-separator has-css-opacity\"\/>\n\n\n\n<h2 class=\"wp-block-heading\" id=\"h-etiopia\">Etiop\u00eda<\/h2>\n\n\n\n<p><strong>CNEWA<br><\/strong>P.O. Box 27336<br>Addis Ababa, Etiop\u00eda<br>Tel: 251 (1) 222-546 or 547<br>Fax: 251 (1) 222-549<br>Email: <a href=\"mailto:cnewa@ethionet.et\">cnewa@ethionet.et<\/a><br>Sr. Argaw Fantu, Director Regional<\/p>\n\n\n\n<hr class=\"wp-block-separator has-alpha-channel-opacity\"\/>\n\n\n\n<h2 class=\"wp-block-heading\" id=\"h-italia\">Italia<\/h2>\n\n\n\n<p><strong>CNEWA<br><\/strong>Via della Conciliazione, 34<br>00193 Roma, Italia<br>Tel: 06 698 84714<br><a href=\"https:\/\/cnewa.org\/it\" target=\"_blank\" rel=\"noreferrer noopener\">cnewa.org\/it<\/a><br>Representante legal: Don Marco Scandelli, JCD<br>Oficial administrativo: Sra. Anna Cuzziol<\/p>\n","protected":false},"excerpt":{"rendered":"<p>Sede Central Asociaci\u00f3n Cat\u00f3lica para el Bienestar del Cercano Oriente (CNEWA)220 East 42nd Street, Floor 27New York, NY 10017Tel: (212) 826-1480Fax: (212) 838-1344Email: Visite nuestra p\u00e1gina para contactosHorario: Lunes a Viernes, 9:00 a.m. a 5:00 p.m., hora del estePresidente: Mons. Peter I. Vaccari Canad\u00e1 CNEWA Canad\u00e1223 Main Street, Box 80Ottawa, Ontario K1S 1C4Tel: (613) 738-9666Toll-free: &hellip; <a href=\"https:\/\/cnewa.org\/es\/oficinas\/\">Continued<\/a><\/p>\n","protected":false},"author":5,"featured_media":135,"parent":0,"menu_order":2,"comment_status":"closed","ping_status":"closed","template":"","meta":{"_acf_changed":false,"footnotes":""},"class_list":["post-134","page","type-page","status-publish","has-post-thumbnail","hentry"],"acf":[],"yoast_head":"<!-- This site is optimized with the Yoast SEO Premium plugin v27.2 (Yoast SEO v27.2) - https:\/\/yoast.com\/product\/yoast-seo-premium-wordpress\/ -->\n<title>Oficinas - CNEWA Espa\u00f1ol<\/title>\n<meta name=\"description\" content=\"Estas son las direcciones de las oficinas de la Asociaci\u00f3n Cat\u00f3lica para el Bienestar del Cercano Oriente en diferentes partes del mundo.\" \/>\n<meta name=\"robots\" content=\"index, follow, max-snippet:-1, max-image-preview:large, max-video-preview:-1\" \/>\n<link rel=\"canonical\" href=\"https:\/\/cnewa.org\/es\/oficinas\/\" \/>\n<meta property=\"og:locale\" content=\"es_ES\" \/>\n<meta property=\"og:type\" content=\"article\" \/>\n<meta property=\"og:title\" content=\"Oficinas\" \/>\n<meta property=\"og:description\" content=\"Estas son las direcciones de las oficinas de la Asociaci\u00f3n Cat\u00f3lica para el Bienestar del Cercano Oriente en diferentes partes del mundo.\" \/>\n<meta property=\"og:url\" content=\"https:\/\/cnewa.org\/es\/oficinas\/\" \/>\n<meta property=\"og:site_name\" content=\"CNEWA Espa\u00f1ol\" \/>\n<meta property=\"article:publisher\" content=\"https:\/\/www.facebook.com\/CNEWAenespanol\/\" \/>\n<meta property=\"article:modified_time\" content=\"2025-05-08T15:53:42+00:00\" \/>\n<meta property=\"og:image\" content=\"https:\/\/cnewa.org\/es\/wp-content\/uploads\/sites\/5\/2021\/06\/kozar20163_072H_2.jpeg\" \/>\n\t<meta property=\"og:image:width\" content=\"2100\" \/>\n\t<meta property=\"og:image:height\" content=\"1109\" \/>\n\t<meta property=\"og:image:type\" content=\"image\/jpeg\" \/>\n<meta name=\"twitter:card\" content=\"summary_large_image\" \/>\n<meta name=\"twitter:label1\" content=\"Tiempo de lectura\" \/>\n\t<meta name=\"twitter:data1\" content=\"2 minutos\" \/>\n<script type=\"application\/ld+json\" class=\"yoast-schema-graph\">{\"@context\":\"https:\/\/schema.org\",\"@graph\":[{\"@type\":\"WebPage\",\"@id\":\"https:\/\/cnewa.org\/es\/oficinas\/\",\"url\":\"https:\/\/cnewa.org\/es\/oficinas\/\",\"name\":\"Oficinas - CNEWA Espa\u00f1ol\",\"isPartOf\":{\"@id\":\"https:\/\/cnewa.org\/es\/#website\"},\"primaryImageOfPage\":{\"@id\":\"https:\/\/cnewa.org\/es\/oficinas\/#primaryimage\"},\"image\":{\"@id\":\"https:\/\/cnewa.org\/es\/oficinas\/#primaryimage\"},\"thumbnailUrl\":\"https:\/\/cnewa.org\/es\/wp-content\/uploads\/sites\/5\/2021\/06\/kozar20163_072H_2.jpeg\",\"datePublished\":\"2021-06-28T21:13:07+00:00\",\"dateModified\":\"2025-05-08T15:53:42+00:00\",\"description\":\"Estas son las direcciones de las oficinas de la Asociaci\u00f3n Cat\u00f3lica para el Bienestar del Cercano Oriente en diferentes partes del mundo.\",\"breadcrumb\":{\"@id\":\"https:\/\/cnewa.org\/es\/oficinas\/#breadcrumb\"},\"inLanguage\":\"es\",\"potentialAction\":[{\"@type\":\"ReadAction\",\"target\":[\"https:\/\/cnewa.org\/es\/oficinas\/\"]}]},{\"@type\":\"ImageObject\",\"inLanguage\":\"es\",\"@id\":\"https:\/\/cnewa.org\/es\/oficinas\/#primaryimage\",\"url\":\"https:\/\/cnewa.org\/es\/wp-content\/uploads\/sites\/5\/2021\/06\/kozar20163_072H_2.jpeg\",\"contentUrl\":\"https:\/\/cnewa.org\/es\/wp-content\/uploads\/sites\/5\/2021\/06\/kozar20163_072H_2.jpeg\",\"width\":2100,\"height\":1109},{\"@type\":\"BreadcrumbList\",\"@id\":\"https:\/\/cnewa.org\/es\/oficinas\/#breadcrumb\",\"itemListElement\":[{\"@type\":\"ListItem\",\"position\":1,\"name\":\"Inicio\",\"item\":\"https:\/\/cnewa.org\/es\/\"},{\"@type\":\"ListItem\",\"position\":2,\"name\":\"Oficinas\"}]},{\"@type\":\"WebSite\",\"@id\":\"https:\/\/cnewa.org\/es\/#website\",\"url\":\"https:\/\/cnewa.org\/es\/\",\"name\":\"CNEWA Espa\u00f1ol\",\"description\":\"Asociaci\u00f3n Cat\u00f3lica para el Bienestar del Cercano Oriente\",\"publisher\":{\"@id\":\"https:\/\/cnewa.org\/es\/#organization\"},\"potentialAction\":[{\"@type\":\"SearchAction\",\"target\":{\"@type\":\"EntryPoint\",\"urlTemplate\":\"https:\/\/cnewa.org\/es\/?s={search_term_string}\"},\"query-input\":{\"@type\":\"PropertyValueSpecification\",\"valueRequired\":true,\"valueName\":\"search_term_string\"}}],\"inLanguage\":\"es\"},{\"@type\":\"Organization\",\"@id\":\"https:\/\/cnewa.org\/es\/#organization\",\"name\":\"CNEWA Espa\u00f1ol\",\"alternateName\":\"Asociaci\u00f3n Cat\u00f3lica para el Bienestar del Cercano Oriente\",\"url\":\"https:\/\/cnewa.org\/es\/\",\"logo\":{\"@type\":\"ImageObject\",\"inLanguage\":\"es\",\"@id\":\"https:\/\/cnewa.org\/es\/#\/schema\/logo\/image\/\",\"url\":\"https:\/\/cnewa.org\/es\/wp-content\/uploads\/sites\/5\/2021\/07\/CNEWA-brand-logo.png\",\"contentUrl\":\"https:\/\/cnewa.org\/es\/wp-content\/uploads\/sites\/5\/2021\/07\/CNEWA-brand-logo.png\",\"width\":1000,\"height\":1000,\"caption\":\"CNEWA Espa\u00f1ol\"},\"image\":{\"@id\":\"https:\/\/cnewa.org\/es\/#\/schema\/logo\/image\/\"},\"sameAs\":[\"https:\/\/www.facebook.com\/CNEWAenespanol\/\",\"https:\/\/www.instagram.com\/cnewa1926\/\",\"https:\/\/www.youtube.com\/user\/TheCNEWA\"]}]}<\/script>\n<!-- \/ Yoast SEO Premium plugin. -->","yoast_head_json":{"title":"Oficinas - CNEWA Espa\u00f1ol","description":"Estas son las direcciones de las oficinas de la Asociaci\u00f3n Cat\u00f3lica para el Bienestar del Cercano Oriente en diferentes partes del mundo.","robots":{"index":"index","follow":"follow","max-snippet":"max-snippet:-1","max-image-preview":"max-image-preview:large","max-video-preview":"max-video-preview:-1"},"canonical":"https:\/\/cnewa.org\/es\/oficinas\/","og_locale":"es_ES","og_type":"article","og_title":"Oficinas","og_description":"Estas son las direcciones de las oficinas de la Asociaci\u00f3n Cat\u00f3lica para el Bienestar del Cercano Oriente en diferentes partes del mundo.","og_url":"https:\/\/cnewa.org\/es\/oficinas\/","og_site_name":"CNEWA Espa\u00f1ol","article_publisher":"https:\/\/www.facebook.com\/CNEWAenespanol\/","article_modified_time":"2025-05-08T15:53:42+00:00","og_image":[{"width":2100,"height":1109,"url":"https:\/\/cnewa.org\/es\/wp-content\/uploads\/sites\/5\/2021\/06\/kozar20163_072H_2.jpeg","type":"image\/jpeg"}],"twitter_card":"summary_large_image","twitter_misc":{"Tiempo de lectura":"2 minutos"},"schema":{"@context":"https:\/\/schema.org","@graph":[{"@type":"WebPage","@id":"https:\/\/cnewa.org\/es\/oficinas\/","url":"https:\/\/cnewa.org\/es\/oficinas\/","name":"Oficinas - CNEWA Espa\u00f1ol","isPartOf":{"@id":"https:\/\/cnewa.org\/es\/#website"},"primaryImageOfPage":{"@id":"https:\/\/cnewa.org\/es\/oficinas\/#primaryimage"},"image":{"@id":"https:\/\/cnewa.org\/es\/oficinas\/#primaryimage"},"thumbnailUrl":"https:\/\/cnewa.org\/es\/wp-content\/uploads\/sites\/5\/2021\/06\/kozar20163_072H_2.jpeg","datePublished":"2021-06-28T21:13:07+00:00","dateModified":"2025-05-08T15:53:42+00:00","description":"Estas son las direcciones de las oficinas de la Asociaci\u00f3n Cat\u00f3lica para el Bienestar del Cercano Oriente en diferentes partes del mundo.","breadcrumb":{"@id":"https:\/\/cnewa.org\/es\/oficinas\/#breadcrumb"},"inLanguage":"es","potentialAction":[{"@type":"ReadAction","target":["https:\/\/cnewa.org\/es\/oficinas\/"]}]},{"@type":"ImageObject","inLanguage":"es","@id":"https:\/\/cnewa.org\/es\/oficinas\/#primaryimage","url":"https:\/\/cnewa.org\/es\/wp-content\/uploads\/sites\/5\/2021\/06\/kozar20163_072H_2.jpeg","contentUrl":"https:\/\/cnewa.org\/es\/wp-content\/uploads\/sites\/5\/2021\/06\/kozar20163_072H_2.jpeg","width":2100,"height":1109},{"@type":"BreadcrumbList","@id":"https:\/\/cnewa.org\/es\/oficinas\/#breadcrumb","itemListElement":[{"@type":"ListItem","position":1,"name":"Inicio","item":"https:\/\/cnewa.org\/es\/"},{"@type":"ListItem","position":2,"name":"Oficinas"}]},{"@type":"WebSite","@id":"https:\/\/cnewa.org\/es\/#website","url":"https:\/\/cnewa.org\/es\/","name":"CNEWA Espa\u00f1ol","description":"Asociaci\u00f3n Cat\u00f3lica para el Bienestar del Cercano Oriente","publisher":{"@id":"https:\/\/cnewa.org\/es\/#organization"},"potentialAction":[{"@type":"SearchAction","target":{"@type":"EntryPoint","urlTemplate":"https:\/\/cnewa.org\/es\/?s={search_term_string}"},"query-input":{"@type":"PropertyValueSpecification","valueRequired":true,"valueName":"search_term_string"}}],"inLanguage":"es"},{"@type":"Organization","@id":"https:\/\/cnewa.org\/es\/#organization","name":"CNEWA Espa\u00f1ol","alternateName":"Asociaci\u00f3n Cat\u00f3lica para el Bienestar del Cercano Oriente","url":"https:\/\/cnewa.org\/es\/","logo":{"@type":"ImageObject","inLanguage":"es","@id":"https:\/\/cnewa.org\/es\/#\/schema\/logo\/image\/","url":"https:\/\/cnewa.org\/es\/wp-content\/uploads\/sites\/5\/2021\/07\/CNEWA-brand-logo.png","contentUrl":"https:\/\/cnewa.org\/es\/wp-content\/uploads\/sites\/5\/2021\/07\/CNEWA-brand-logo.png","width":1000,"height":1000,"caption":"CNEWA Espa\u00f1ol"},"image":{"@id":"https:\/\/cnewa.org\/es\/#\/schema\/logo\/image\/"},"sameAs":["https:\/\/www.facebook.com\/CNEWAenespanol\/","https:\/\/www.instagram.com\/cnewa1926\/","https:\/\/www.youtube.com\/user\/TheCNEWA"]}]}},"_links":{"self":[{"href":"https:\/\/cnewa.org\/es\/wp-json\/wp\/v2\/pages\/134","targetHints":{"allow":["GET"]}}],"collection":[{"href":"https:\/\/cnewa.org\/es\/wp-json\/wp\/v2\/pages"}],"about":[{"href":"https:\/\/cnewa.org\/es\/wp-json\/wp\/v2\/types\/page"}],"author":[{"embeddable":true,"href":"https:\/\/cnewa.org\/es\/wp-json\/wp\/v2\/users\/5"}],"replies":[{"embeddable":true,"href":"https:\/\/cnewa.org\/es\/wp-json\/wp\/v2\/comments?post=134"}],"version-history":[{"count":10,"href":"https:\/\/cnewa.org\/es\/wp-json\/wp\/v2\/pages\/134\/revisions"}],"predecessor-version":[{"id":6584,"href":"https:\/\/cnewa.org\/es\/wp-json\/wp\/v2\/pages\/134\/revisions\/6584"}],"wp:featuredmedia":[{"embeddable":true,"href":"https:\/\/cnewa.org\/es\/wp-json\/wp\/v2\/media\/135"}],"wp:attachment":[{"href":"https:\/\/cnewa.org\/es\/wp-json\/wp\/v2\/media?parent=134"}],"curies":[{"name":"wp","href":"https:\/\/api.w.org\/{rel}","templated":true}]}}