{"id":142,"date":"2021-06-28T17:31:09","date_gmt":"2021-06-28T21:31:09","guid":{"rendered":"https:\/\/cnewa.org\/es\/?page_id=142"},"modified":"2025-03-03T14:24:28","modified_gmt":"2025-03-03T19:24:28","slug":"donde-trabajamos","status":"publish","type":"page","link":"https:\/\/cnewa.org\/es\/donde-trabajamos\/","title":{"rendered":"D\u00f3nde Trabajamos"},"content":{"rendered":"\n<h2 class=\"wp-block-heading\" id=\"h-el-medio-oriente\"><a href=\"https:\/\/cnewa.org\/es\/donde-trabajamos\/medio-oriente\/\">El Medio Oriente <\/a><\/h2>\n\n\n\n<p><a href=\"https:\/\/cnewa.org\/es\/donde-trabajamos\/medio-oriente\/irak\/\">Irak<\/a>, <a href=\"https:\/\/cnewa.org\/es\/donde-trabajamos\/medio-oriente\/israel\/\">Israel<\/a>, <a href=\"https:\/\/cnewa.org\/es\/donde-trabajamos\/medio-oriente\/jordania\/\">Jordania<\/a>, <a href=\"https:\/\/cnewa.org\/es\/donde-trabajamos\/medio-oriente\/libano\/\">L\u00edbano<\/a>, <a href=\"https:\/\/cnewa.org\/es\/donde-trabajamos\/medio-oriente\/palestina\/\">Palestina<\/a>, <a href=\"https:\/\/cnewa.org\/es\/campaigns\/siria\/\">Siria<\/a><\/p>\n\n\n\n<figure class=\"wp-block-image alignwide size-large\"><a href=\"https:\/\/cnewa.org\/es\/donde-trabajamos\/medio-oriente\/\"><img loading=\"lazy\" decoding=\"async\" width=\"1024\" height=\"389\" src=\"https:\/\/cnewa.org\/es\/wp-content\/uploads\/sites\/5\/2021\/06\/CNEWA_Region_Middle-East-1024x389-1.jpeg\" alt=\"\" class=\"wp-image-144\" srcset=\"https:\/\/cnewa.org\/es\/wp-content\/uploads\/sites\/5\/2021\/06\/CNEWA_Region_Middle-East-1024x389-1.jpeg 1024w, https:\/\/cnewa.org\/es\/wp-content\/uploads\/sites\/5\/2021\/06\/CNEWA_Region_Middle-East-1024x389-1-300x114.jpeg 300w, https:\/\/cnewa.org\/es\/wp-content\/uploads\/sites\/5\/2021\/06\/CNEWA_Region_Middle-East-1024x389-1-768x292.jpeg 768w\" sizes=\"auto, (max-width: 1024px) 100vw, 1024px\" \/><\/a><\/figure>\n\n\n\n<hr class=\"wp-block-separator has-css-opacity\"\/>\n\n\n\n<h2 class=\"wp-block-heading\" id=\"h-noreste-de-africa\"><a href=\"https:\/\/cnewa.org\/es\/donde-trabajamos\/noreste-de-africa\/\">Noreste de \u00c1frica<\/a><\/h2>\n\n\n\n<p><a href=\"https:\/\/cnewa.org\/es\/donde-trabajamos\/noreste-de-africa\/egipto\/\">Egipto<\/a>, <a href=\"https:\/\/cnewa.org\/es\/donde-trabajamos\/noreste-de-africa\/eritrea\/?highlight=Eritrea\">Eritrea<\/a> y <a href=\"https:\/\/cnewa.org\/es\/donde-trabajamos\/noreste-de-africa\/etiopia\/\">Etiop\u00eda<\/a><\/p>\n\n\n\n<figure class=\"wp-block-image alignwide size-large\"><a href=\"https:\/\/cnewa.org\/es\/donde-trabajamos\/noreste-de-africa\/\"><img loading=\"lazy\" decoding=\"async\" width=\"1024\" height=\"389\" src=\"https:\/\/cnewa.org\/es\/wp-content\/uploads\/sites\/5\/2021\/06\/CNEWA_Region_NorthEast-Africa-1024x389-1.jpeg\" alt=\"\" class=\"wp-image-145\" srcset=\"https:\/\/cnewa.org\/es\/wp-content\/uploads\/sites\/5\/2021\/06\/CNEWA_Region_NorthEast-Africa-1024x389-1.jpeg 1024w, https:\/\/cnewa.org\/es\/wp-content\/uploads\/sites\/5\/2021\/06\/CNEWA_Region_NorthEast-Africa-1024x389-1-300x114.jpeg 300w, https:\/\/cnewa.org\/es\/wp-content\/uploads\/sites\/5\/2021\/06\/CNEWA_Region_NorthEast-Africa-1024x389-1-768x292.jpeg 768w\" sizes=\"auto, (max-width: 1024px) 100vw, 1024px\" \/><\/a><\/figure>\n\n\n\n<hr class=\"wp-block-separator has-css-opacity\"\/>\n\n\n\n<h2 class=\"wp-block-heading\" id=\"h-india\"><a href=\"https:\/\/cnewa.org\/es\/donde-trabajamos\/india\/\">India<\/a><\/h2>\n\n\n\n<figure class=\"wp-block-image alignwide size-large\"><a href=\"https:\/\/cnewa.org\/es\/donde-trabajamos\/india\/\"><img loading=\"lazy\" decoding=\"async\" width=\"1024\" height=\"389\" src=\"https:\/\/cnewa.org\/es\/wp-content\/uploads\/sites\/5\/2021\/06\/CNEWA_Region_India-1024x389-1.jpeg\" alt=\"\" class=\"wp-image-146\" srcset=\"https:\/\/cnewa.org\/es\/wp-content\/uploads\/sites\/5\/2021\/06\/CNEWA_Region_India-1024x389-1.jpeg 1024w, https:\/\/cnewa.org\/es\/wp-content\/uploads\/sites\/5\/2021\/06\/CNEWA_Region_India-1024x389-1-300x114.jpeg 300w, https:\/\/cnewa.org\/es\/wp-content\/uploads\/sites\/5\/2021\/06\/CNEWA_Region_India-1024x389-1-768x292.jpeg 768w\" sizes=\"auto, (max-width: 1024px) 100vw, 1024px\" \/><\/a><\/figure>\n\n\n\n<hr class=\"wp-block-separator has-css-opacity\"\/>\n\n\n\n<h2 class=\"wp-block-heading\" id=\"h-europa-del-este\"><a href=\"https:\/\/cnewa.org\/es\/donde-trabajamos\/europa-del-este\/\">Europa del Este<\/a><\/h2>\n\n\n\n<p><a href=\"https:\/\/cnewa.org\/es\/donde-trabajamos\/europa-del-este\/ucrania\/\">Ucrania<\/a>, <a href=\"https:\/\/cnewa.org\/es\/donde-trabajamos\/europa-del-este\/armenia\/\">Armenia<\/a> y <a href=\"https:\/\/cnewa.org\/es\/donde-trabajamos\/europa-del-este\/georgia\/\">Georgia<\/a><\/p>\n\n\n\n<figure class=\"wp-block-image alignwide size-large\"><a href=\"https:\/\/cnewa.org\/es\/donde-trabajamos\/europa-del-este\/\"><img loading=\"lazy\" decoding=\"async\" width=\"1024\" height=\"389\" src=\"https:\/\/cnewa.org\/es\/wp-content\/uploads\/sites\/5\/2021\/06\/CNEWA_Region_EasternEurope-1024x389-1.jpeg\" alt=\"\" class=\"wp-image-147\" srcset=\"https:\/\/cnewa.org\/es\/wp-content\/uploads\/sites\/5\/2021\/06\/CNEWA_Region_EasternEurope-1024x389-1.jpeg 1024w, https:\/\/cnewa.org\/es\/wp-content\/uploads\/sites\/5\/2021\/06\/CNEWA_Region_EasternEurope-1024x389-1-300x114.jpeg 300w, https:\/\/cnewa.org\/es\/wp-content\/uploads\/sites\/5\/2021\/06\/CNEWA_Region_EasternEurope-1024x389-1-768x292.jpeg 768w\" sizes=\"auto, (max-width: 1024px) 100vw, 1024px\" \/><\/a><\/figure>\n","protected":false},"excerpt":{"rendered":"<p>El Medio Oriente Irak, Israel, Jordania, L\u00edbano, Palestina, Siria Noreste de \u00c1frica Egipto, Eritrea y Etiop\u00eda India Europa del Este Ucrania, Armenia y Georgia<\/p>\n","protected":false},"author":5,"featured_media":143,"parent":0,"menu_order":20,"comment_status":"closed","ping_status":"closed","template":"template-where-we-work.php","meta":{"_acf_changed":false,"footnotes":""},"class_list":["post-142","page","type-page","status-publish","has-post-thumbnail","hentry"],"acf":[],"yoast_head":"<!-- This site is optimized with the Yoast SEO Premium plugin v27.4 (Yoast SEO v27.4) - https:\/\/yoast.com\/product\/yoast-seo-premium-wordpress\/ -->\n<title>D\u00f3nde Trabajamos | CNEWA Espa\u00f1ol<\/title>\n<meta name=\"robots\" content=\"index, follow, max-snippet:-1, max-image-preview:large, max-video-preview:-1\" \/>\n<link rel=\"canonical\" href=\"https:\/\/cnewa.org\/es\/donde-trabajamos\/\" \/>\n<meta property=\"og:locale\" content=\"es_ES\" \/>\n<meta property=\"og:type\" content=\"article\" \/>\n<meta property=\"og:title\" content=\"D\u00f3nde Trabajamos\" \/>\n<meta property=\"og:description\" content=\"El Medio Oriente Irak, Israel, Jordania, L\u00edbano, Palestina, Siria Noreste de \u00c1frica Egipto, Eritrea y Etiop\u00eda India Europa del Este Ucrania, Armenia y Georgia\" \/>\n<meta property=\"og:url\" content=\"https:\/\/cnewa.org\/es\/donde-trabajamos\/\" \/>\n<meta property=\"og:site_name\" content=\"CNEWA Espa\u00f1ol\" \/>\n<meta property=\"article:publisher\" content=\"https:\/\/www.facebook.com\/CNEWAenespanol\/\" \/>\n<meta property=\"article:modified_time\" content=\"2025-03-03T19:24:28+00:00\" \/>\n<meta property=\"og:image\" content=\"https:\/\/cnewa.org\/es\/wp-content\/uploads\/sites\/5\/2021\/06\/CNEWA_Region_ALL.jpeg\" \/>\n\t<meta property=\"og:image:width\" content=\"2000\" \/>\n\t<meta property=\"og:image:height\" content=\"895\" \/>\n\t<meta property=\"og:image:type\" content=\"image\/jpeg\" \/>\n<meta name=\"twitter:card\" content=\"summary_large_image\" \/>\n<meta name=\"twitter:label1\" content=\"Tiempo de lectura\" \/>\n\t<meta name=\"twitter:data1\" content=\"2 minutos\" \/>\n<script type=\"application\/ld+json\" class=\"yoast-schema-graph\">{\"@context\":\"https:\\\/\\\/schema.org\",\"@graph\":[{\"@type\":\"WebPage\",\"@id\":\"https:\\\/\\\/cnewa.org\\\/es\\\/donde-trabajamos\\\/\",\"url\":\"https:\\\/\\\/cnewa.org\\\/es\\\/donde-trabajamos\\\/\",\"name\":\"D\u00f3nde Trabajamos | CNEWA Espa\u00f1ol\",\"isPartOf\":{\"@id\":\"https:\\\/\\\/cnewa.org\\\/es\\\/#website\"},\"primaryImageOfPage\":{\"@id\":\"https:\\\/\\\/cnewa.org\\\/es\\\/donde-trabajamos\\\/#primaryimage\"},\"image\":{\"@id\":\"https:\\\/\\\/cnewa.org\\\/es\\\/donde-trabajamos\\\/#primaryimage\"},\"thumbnailUrl\":\"https:\\\/\\\/cnewa.org\\\/es\\\/wp-content\\\/uploads\\\/sites\\\/5\\\/2021\\\/06\\\/CNEWA_Region_ALL.jpeg\",\"datePublished\":\"2021-06-28T21:31:09+00:00\",\"dateModified\":\"2025-03-03T19:24:28+00:00\",\"breadcrumb\":{\"@id\":\"https:\\\/\\\/cnewa.org\\\/es\\\/donde-trabajamos\\\/#breadcrumb\"},\"inLanguage\":\"es\",\"potentialAction\":[{\"@type\":\"ReadAction\",\"target\":[\"https:\\\/\\\/cnewa.org\\\/es\\\/donde-trabajamos\\\/\"]}]},{\"@type\":\"ImageObject\",\"inLanguage\":\"es\",\"@id\":\"https:\\\/\\\/cnewa.org\\\/es\\\/donde-trabajamos\\\/#primaryimage\",\"url\":\"https:\\\/\\\/cnewa.org\\\/es\\\/wp-content\\\/uploads\\\/sites\\\/5\\\/2021\\\/06\\\/CNEWA_Region_ALL.jpeg\",\"contentUrl\":\"https:\\\/\\\/cnewa.org\\\/es\\\/wp-content\\\/uploads\\\/sites\\\/5\\\/2021\\\/06\\\/CNEWA_Region_ALL.jpeg\",\"width\":2000,\"height\":895},{\"@type\":\"BreadcrumbList\",\"@id\":\"https:\\\/\\\/cnewa.org\\\/es\\\/donde-trabajamos\\\/#breadcrumb\",\"itemListElement\":[{\"@type\":\"ListItem\",\"position\":1,\"name\":\"Inicio\",\"item\":\"https:\\\/\\\/cnewa.org\\\/es\\\/\"},{\"@type\":\"ListItem\",\"position\":2,\"name\":\"D\u00f3nde Trabajamos\"}]},{\"@type\":\"WebSite\",\"@id\":\"https:\\\/\\\/cnewa.org\\\/es\\\/#website\",\"url\":\"https:\\\/\\\/cnewa.org\\\/es\\\/\",\"name\":\"CNEWA Espa\u00f1ol\",\"description\":\"Asociaci\u00f3n Cat\u00f3lica para el Bienestar del Cercano Oriente\",\"publisher\":{\"@id\":\"https:\\\/\\\/cnewa.org\\\/es\\\/#organization\"},\"potentialAction\":[{\"@type\":\"SearchAction\",\"target\":{\"@type\":\"EntryPoint\",\"urlTemplate\":\"https:\\\/\\\/cnewa.org\\\/es\\\/?s={search_term_string}\"},\"query-input\":{\"@type\":\"PropertyValueSpecification\",\"valueRequired\":true,\"valueName\":\"search_term_string\"}}],\"inLanguage\":\"es\"},{\"@type\":\"Organization\",\"@id\":\"https:\\\/\\\/cnewa.org\\\/es\\\/#organization\",\"name\":\"CNEWA Espa\u00f1ol\",\"alternateName\":\"Asociaci\u00f3n Cat\u00f3lica para el Bienestar del Cercano Oriente\",\"url\":\"https:\\\/\\\/cnewa.org\\\/es\\\/\",\"logo\":{\"@type\":\"ImageObject\",\"inLanguage\":\"es\",\"@id\":\"https:\\\/\\\/cnewa.org\\\/es\\\/#\\\/schema\\\/logo\\\/image\\\/\",\"url\":\"https:\\\/\\\/cnewa.org\\\/es\\\/wp-content\\\/uploads\\\/sites\\\/5\\\/2021\\\/07\\\/CNEWA-brand-logo.png\",\"contentUrl\":\"https:\\\/\\\/cnewa.org\\\/es\\\/wp-content\\\/uploads\\\/sites\\\/5\\\/2021\\\/07\\\/CNEWA-brand-logo.png\",\"width\":1000,\"height\":1000,\"caption\":\"CNEWA Espa\u00f1ol\"},\"image\":{\"@id\":\"https:\\\/\\\/cnewa.org\\\/es\\\/#\\\/schema\\\/logo\\\/image\\\/\"},\"sameAs\":[\"https:\\\/\\\/www.facebook.com\\\/CNEWAenespanol\\\/\",\"https:\\\/\\\/www.instagram.com\\\/cnewa1926\\\/\",\"https:\\\/\\\/www.youtube.com\\\/user\\\/TheCNEWA\"]}]}<\/script>\n<!-- \/ Yoast SEO Premium plugin. -->","yoast_head_json":{"title":"D\u00f3nde Trabajamos | CNEWA Espa\u00f1ol","robots":{"index":"index","follow":"follow","max-snippet":"max-snippet:-1","max-image-preview":"max-image-preview:large","max-video-preview":"max-video-preview:-1"},"canonical":"https:\/\/cnewa.org\/es\/donde-trabajamos\/","og_locale":"es_ES","og_type":"article","og_title":"D\u00f3nde Trabajamos","og_description":"El Medio Oriente Irak, Israel, Jordania, L\u00edbano, Palestina, Siria Noreste de \u00c1frica Egipto, Eritrea y Etiop\u00eda India Europa del Este Ucrania, Armenia y Georgia","og_url":"https:\/\/cnewa.org\/es\/donde-trabajamos\/","og_site_name":"CNEWA Espa\u00f1ol","article_publisher":"https:\/\/www.facebook.com\/CNEWAenespanol\/","article_modified_time":"2025-03-03T19:24:28+00:00","og_image":[{"width":2000,"height":895,"url":"https:\/\/cnewa.org\/es\/wp-content\/uploads\/sites\/5\/2021\/06\/CNEWA_Region_ALL.jpeg","type":"image\/jpeg"}],"twitter_card":"summary_large_image","twitter_misc":{"Tiempo de lectura":"2 minutos"},"schema":{"@context":"https:\/\/schema.org","@graph":[{"@type":"WebPage","@id":"https:\/\/cnewa.org\/es\/donde-trabajamos\/","url":"https:\/\/cnewa.org\/es\/donde-trabajamos\/","name":"D\u00f3nde Trabajamos | CNEWA Espa\u00f1ol","isPartOf":{"@id":"https:\/\/cnewa.org\/es\/#website"},"primaryImageOfPage":{"@id":"https:\/\/cnewa.org\/es\/donde-trabajamos\/#primaryimage"},"image":{"@id":"https:\/\/cnewa.org\/es\/donde-trabajamos\/#primaryimage"},"thumbnailUrl":"https:\/\/cnewa.org\/es\/wp-content\/uploads\/sites\/5\/2021\/06\/CNEWA_Region_ALL.jpeg","datePublished":"2021-06-28T21:31:09+00:00","dateModified":"2025-03-03T19:24:28+00:00","breadcrumb":{"@id":"https:\/\/cnewa.org\/es\/donde-trabajamos\/#breadcrumb"},"inLanguage":"es","potentialAction":[{"@type":"ReadAction","target":["https:\/\/cnewa.org\/es\/donde-trabajamos\/"]}]},{"@type":"ImageObject","inLanguage":"es","@id":"https:\/\/cnewa.org\/es\/donde-trabajamos\/#primaryimage","url":"https:\/\/cnewa.org\/es\/wp-content\/uploads\/sites\/5\/2021\/06\/CNEWA_Region_ALL.jpeg","contentUrl":"https:\/\/cnewa.org\/es\/wp-content\/uploads\/sites\/5\/2021\/06\/CNEWA_Region_ALL.jpeg","width":2000,"height":895},{"@type":"BreadcrumbList","@id":"https:\/\/cnewa.org\/es\/donde-trabajamos\/#breadcrumb","itemListElement":[{"@type":"ListItem","position":1,"name":"Inicio","item":"https:\/\/cnewa.org\/es\/"},{"@type":"ListItem","position":2,"name":"D\u00f3nde Trabajamos"}]},{"@type":"WebSite","@id":"https:\/\/cnewa.org\/es\/#website","url":"https:\/\/cnewa.org\/es\/","name":"CNEWA Espa\u00f1ol","description":"Asociaci\u00f3n Cat\u00f3lica para el Bienestar del Cercano Oriente","publisher":{"@id":"https:\/\/cnewa.org\/es\/#organization"},"potentialAction":[{"@type":"SearchAction","target":{"@type":"EntryPoint","urlTemplate":"https:\/\/cnewa.org\/es\/?s={search_term_string}"},"query-input":{"@type":"PropertyValueSpecification","valueRequired":true,"valueName":"search_term_string"}}],"inLanguage":"es"},{"@type":"Organization","@id":"https:\/\/cnewa.org\/es\/#organization","name":"CNEWA Espa\u00f1ol","alternateName":"Asociaci\u00f3n Cat\u00f3lica para el Bienestar del Cercano Oriente","url":"https:\/\/cnewa.org\/es\/","logo":{"@type":"ImageObject","inLanguage":"es","@id":"https:\/\/cnewa.org\/es\/#\/schema\/logo\/image\/","url":"https:\/\/cnewa.org\/es\/wp-content\/uploads\/sites\/5\/2021\/07\/CNEWA-brand-logo.png","contentUrl":"https:\/\/cnewa.org\/es\/wp-content\/uploads\/sites\/5\/2021\/07\/CNEWA-brand-logo.png","width":1000,"height":1000,"caption":"CNEWA Espa\u00f1ol"},"image":{"@id":"https:\/\/cnewa.org\/es\/#\/schema\/logo\/image\/"},"sameAs":["https:\/\/www.facebook.com\/CNEWAenespanol\/","https:\/\/www.instagram.com\/cnewa1926\/","https:\/\/www.youtube.com\/user\/TheCNEWA"]}]}},"_links":{"self":[{"href":"https:\/\/cnewa.org\/es\/wp-json\/wp\/v2\/pages\/142","targetHints":{"allow":["GET"]}}],"collection":[{"href":"https:\/\/cnewa.org\/es\/wp-json\/wp\/v2\/pages"}],"about":[{"href":"https:\/\/cnewa.org\/es\/wp-json\/wp\/v2\/types\/page"}],"author":[{"embeddable":true,"href":"https:\/\/cnewa.org\/es\/wp-json\/wp\/v2\/users\/5"}],"replies":[{"embeddable":true,"href":"https:\/\/cnewa.org\/es\/wp-json\/wp\/v2\/comments?post=142"}],"version-history":[{"count":22,"href":"https:\/\/cnewa.org\/es\/wp-json\/wp\/v2\/pages\/142\/revisions"}],"predecessor-version":[{"id":5276,"href":"https:\/\/cnewa.org\/es\/wp-json\/wp\/v2\/pages\/142\/revisions\/5276"}],"wp:featuredmedia":[{"embeddable":true,"href":"https:\/\/cnewa.org\/es\/wp-json\/wp\/v2\/media\/143"}],"wp:attachment":[{"href":"https:\/\/cnewa.org\/es\/wp-json\/wp\/v2\/media?parent=142"}],"curies":[{"name":"wp","href":"https:\/\/api.w.org\/{rel}","templated":true}]}}