{"id":150,"date":"2021-06-28T17:39:10","date_gmt":"2021-06-28T21:39:10","guid":{"rendered":"https:\/\/cnewa.org\/es\/?page_id=150"},"modified":"2025-09-10T12:29:59","modified_gmt":"2025-09-10T16:29:59","slug":"medio-oriente","status":"publish","type":"page","link":"https:\/\/cnewa.org\/es\/donde-trabajamos\/medio-oriente\/","title":{"rendered":"Medio Oriente"},"content":{"rendered":"\n<h2 class=\"wp-block-heading\" id=\"h-a-lo-largo-de-toda-la-tierra-santa-las-tierras-biblicas-de-irak-israel-jordania-libano-palestina-y-siria-hermanas-religiosas-sacerdotes-y-hombres-y-mujeres-laicos-alimentan-a-los-pobres-cuidan-a-los-enfermos-escuchan-a-los-quebrantados-de-corazon-y-encuentran-oportunidades-para-familias-de-todos-los-credos-que-buscan-estabilidad-seguridad-y-un-lugar-al-que-llamar-hogar\">A lo largo de toda la Tierra Santa\u2014las tierras b\u00edblicas de <a href=\"https:\/\/cnewa.org\/es\/campanes\/irak\/\">Irak<\/a>, <a href=\"https:\/\/cnewa.org\/es\/campanes\/israel\/\">Israel<\/a>, <a href=\"https:\/\/cnewa.org\/es\/campanes\/jordania\/\">Jordania<\/a>, <a href=\"https:\/\/cnewa.org\/es\/donde-trabajamos\/medio-oriente\/libano\/\">L\u00edbano<\/a>, <a href=\"https:\/\/cnewa.org\/es\/campanes\/palestina\/\">Palestina<\/a> y <a href=\"https:\/\/cnewa.org\/es\/campanes\/siria\/\">Siria<\/a>\u2014hermanas religiosas, sacerdotes y hombres y mujeres laicos alimentan a los pobres, cuidan a los enfermos, escuchan a los quebrantados de coraz\u00f3n y encuentran oportunidades para familias de todos los credos que buscan estabilidad, seguridad y un lugar al que llamar hogar.<\/h2>\n\n\n  <div class=\"donate-button\" id=\"minor-fund-campaign\">\n    <button class=\"donate-modal-toggle\" data-minor-fund='Medio Oriente' data-minor-fund-code='ME'>APOYE NUESTRO TRABAJO EN EL MEDIO ORIENTE<\/button>\n  <\/div>\n  \n\n\n<p>A pesar de sus disturbios actuales, guerras, luchas pol\u00edticas y civiles y disparidad econ\u00f3mica, la Tierra Santa sigue siendo la cuna del cristianismo. Aunque las iglesias siguen siendo peque\u00f1as y vulnerables all\u00ed\u2014particularmente debido al extremismo\u2014son comunidades din\u00e1micas de fe que dan testimonio del Evangelio a todos.<\/p>\n\n\n\n<p>La Asociaci\u00f3n Cat\u00f3lica para el Asociaci\u00f3n Cat\u00f3lica para el Bienestar del Cercano Oriente (CNEWA), conocida a trav\u00e9s del Medio Oriente como la Misi\u00f3n Pontificia, trabaja con estas comunidades, ayud\u00e1ndolas a responder a los abrumadores desaf\u00edos que enfrentan. Las Iglesias trabajan para responder a las necesidades existenciales inmediatas de las familias desplazadas, como alimentaci\u00f3n y atenci\u00f3n m\u00e9dica, y&nbsp;para inversiones de m\u00e1s largo plazo en la vida de las personas, los cuales incluyen asesoramiento, educaci\u00f3n, formaci\u00f3n y cuidado de la salud.<\/p>\n\n\n\n<figure class=\"wp-block-gallery has-nested-images columns-default is-cropped is-style-lightbox wp-block-gallery-2 is-layout-flex wp-block-gallery-is-layout-flex\">\n<figure class=\"wp-block-image size-large\"><img loading=\"lazy\" decoding=\"async\" width=\"1024\" height=\"670\" data-id=\"6977\" src=\"https:\/\/cnewa.org\/es\/wp-content\/uploads\/sites\/5\/2025\/07\/pauljeffrey20171_077-1024x670-1.jpg\" alt=\"a nun laughs and gestures with both hands while lecturing a classroom of young students.\" class=\"wp-image-6977\" srcset=\"https:\/\/cnewa.org\/es\/wp-content\/uploads\/sites\/5\/2025\/07\/pauljeffrey20171_077-1024x670-1.jpg 1024w, https:\/\/cnewa.org\/es\/wp-content\/uploads\/sites\/5\/2025\/07\/pauljeffrey20171_077-1024x670-1-300x196.jpg 300w, https:\/\/cnewa.org\/es\/wp-content\/uploads\/sites\/5\/2025\/07\/pauljeffrey20171_077-1024x670-1-768x503.jpg 768w\" sizes=\"auto, (max-width: 1024px) 100vw, 1024px\" \/><figcaption class=\"wp-element-caption\">Sister Anahid, a member of the Dominican Sisters of St. Catherine of Siena, interacts with students in a primary school she supervises in Dohuk, Iraq. (photo: Paul Jeffrey)<\/figcaption><\/figure>\n\n\n\n<figure class=\"wp-block-image size-large\"><img loading=\"lazy\" decoding=\"async\" width=\"1024\" height=\"683\" data-id=\"6978\" src=\"https:\/\/cnewa.org\/es\/wp-content\/uploads\/sites\/5\/2025\/07\/perlman20151_038H-1-1024x683-1.jpg\" alt=\"priest talks to children.\" class=\"wp-image-6978\" srcset=\"https:\/\/cnewa.org\/es\/wp-content\/uploads\/sites\/5\/2025\/07\/perlman20151_038H-1-1024x683-1.jpg 1024w, https:\/\/cnewa.org\/es\/wp-content\/uploads\/sites\/5\/2025\/07\/perlman20151_038H-1-1024x683-1-300x200.jpg 300w, https:\/\/cnewa.org\/es\/wp-content\/uploads\/sites\/5\/2025\/07\/perlman20151_038H-1-1024x683-1-768x512.jpg 768w\" sizes=\"auto, (max-width: 1024px) 100vw, 1024px\" \/><figcaption class=\"wp-element-caption\">The Rev. Androwas Bahus teaches children in the smallest of his parishes at St. Andrea the Apostle Melkite Catholic Church in Old Acre, Israel. (photo: Ilene Perlman)<\/figcaption><\/figure>\n\n\n\n<figure class=\"wp-block-image size-large\"><img loading=\"lazy\" decoding=\"async\" width=\"1024\" height=\"683\" data-id=\"6974\" src=\"https:\/\/cnewa.org\/es\/wp-content\/uploads\/sites\/5\/2025\/07\/daoud20191_064H-1-1024x683-1.jpg\" alt=\"\" class=\"wp-image-6974\" srcset=\"https:\/\/cnewa.org\/es\/wp-content\/uploads\/sites\/5\/2025\/07\/daoud20191_064H-1-1024x683-1.jpg 1024w, https:\/\/cnewa.org\/es\/wp-content\/uploads\/sites\/5\/2025\/07\/daoud20191_064H-1-1024x683-1-300x200.jpg 300w, https:\/\/cnewa.org\/es\/wp-content\/uploads\/sites\/5\/2025\/07\/daoud20191_064H-1-1024x683-1-768x512.jpg 768w\" sizes=\"auto, (max-width: 1024px) 100vw, 1024px\" \/><\/figure>\n\n\n\n<figure class=\"wp-block-image size-large\"><img loading=\"lazy\" decoding=\"async\" width=\"1024\" height=\"683\" data-id=\"6979\" src=\"https:\/\/cnewa.org\/es\/wp-content\/uploads\/sites\/5\/2025\/07\/rafei20171_041H-1-1024x683-1.jpg\" alt=\"man being served a plate at a food pantry.\" class=\"wp-image-6979\" srcset=\"https:\/\/cnewa.org\/es\/wp-content\/uploads\/sites\/5\/2025\/07\/rafei20171_041H-1-1024x683-1.jpg 1024w, https:\/\/cnewa.org\/es\/wp-content\/uploads\/sites\/5\/2025\/07\/rafei20171_041H-1-1024x683-1-300x200.jpg 300w, https:\/\/cnewa.org\/es\/wp-content\/uploads\/sites\/5\/2025\/07\/rafei20171_041H-1-1024x683-1-768x512.jpg 768w\" sizes=\"auto, (max-width: 1024px) 100vw, 1024px\" \/><figcaption class=\"wp-element-caption\">George Rizk, a Syrian refugee, collects a plate of food at St. John the Merciful, in Zahleh, a large Christian town in the Bekaa valley, in eastern Lebanon. (photo: Raed Rafei)<\/figcaption><\/figure>\n\n\n\n<figure class=\"wp-block-image size-large\"><img loading=\"lazy\" decoding=\"async\" width=\"1024\" height=\"683\" data-id=\"6975\" src=\"https:\/\/cnewa.org\/es\/wp-content\/uploads\/sites\/5\/2025\/07\/hadi20165_006H-1-1024x683-1.jpg\" alt=\"a toddler lies on an examination table.\" class=\"wp-image-6975\" srcset=\"https:\/\/cnewa.org\/es\/wp-content\/uploads\/sites\/5\/2025\/07\/hadi20165_006H-1-1024x683-1.jpg 1024w, https:\/\/cnewa.org\/es\/wp-content\/uploads\/sites\/5\/2025\/07\/hadi20165_006H-1-1024x683-1-300x200.jpg 300w, https:\/\/cnewa.org\/es\/wp-content\/uploads\/sites\/5\/2025\/07\/hadi20165_006H-1-1024x683-1-768x512.jpg 768w\" sizes=\"auto, (max-width: 1024px) 100vw, 1024px\" \/><figcaption class=\"wp-element-caption\">A young patient receives care at the Near East Council of Churches (NECC) Clinic in Shija\u2019ia, Gaza. (photo: Tamara Abdul Hadi)<\/figcaption><\/figure>\n\n\n\n<figure class=\"wp-block-image size-large\"><img loading=\"lazy\" decoding=\"async\" width=\"730\" height=\"1024\" data-id=\"6976\" src=\"https:\/\/cnewa.org\/es\/wp-content\/uploads\/sites\/5\/2025\/07\/Johannes30070_031H-1-730x1024-1.jpg\" alt=\"a priest greets three children outside of a church.\" class=\"wp-image-6976\" srcset=\"https:\/\/cnewa.org\/es\/wp-content\/uploads\/sites\/5\/2025\/07\/Johannes30070_031H-1-730x1024-1.jpg 730w, https:\/\/cnewa.org\/es\/wp-content\/uploads\/sites\/5\/2025\/07\/Johannes30070_031H-1-730x1024-1-214x300.jpg 214w\" sizes=\"auto, (max-width: 730px) 100vw, 730px\" \/><figcaption class=\"wp-element-caption\">A priest greets children outside of St. Elias Melkite Greek Catholic Church in Ezraa, Syria. (photo: Armineh Johannes)<\/figcaption><\/figure>\n<\/figure>\n\n\n\n<p>En el 2019, el trabajo de la Asociaci\u00f3n Cat\u00f3lica para el Asociaci\u00f3n Cat\u00f3lica para el Bienestar del Cercano Oriente (CNEWA) en el Medio Oriente incluy\u00f3:<\/p>\n\n\n\n<ul class=\"wp-block-list\">\n<li>Proporcion\u00f3 $ 20.500 para ayudar con la educaci\u00f3n de los seminaristas del Seminario de San Pedro en Bagdad y la formaci\u00f3n de novicias como Hermanas Dominicas de Santa Catalina de Siena en el Kurdist\u00e1n iraqu\u00ed.<\/li>\n\n\n\n<li>Asisti\u00f3 al Hospital Italiano en Amman y a la Cl\u00ednica Madre de la Misericordia en Zerqa, Jordania, con $251.857 en fondos para las necesidades m\u00e9dicas de los refugiados, migrantes y las personas pobres, y con 69.831 al Hospital Italiano en Kerak para actualizaciones de sus equipos m\u00e9dicos.<\/li>\n\n\n\n<li>Ayud\u00f3 a parroquias en Haifa, Jerusal\u00e9n, Nazaret y Tel Aviv con $92.313 para auspiciar campamentos b\u00edblicos de verano y programas catequ\u00e9ticos para la juventud.<\/li>\n\n\n\n<li>Ofreci\u00f3 $4.500 al Centro para Migrantes Afro-Asi\u00e1ticos de la comunidad jesuita en Beirut para su apoyo pastoral a migrantes de \u00c1frica y Asia en L\u00edbano.<\/li>\n\n\n\n<li>Dio $974.437 en apoyo para iniciativas de cuidado de salud para los pobres y desplazados en cl\u00ednicas y dispensarios en Ainkawa, Dohuk, Kaznazan y Zakho, Kurdist\u00e1n Irak\u00ed, y al Hospital San Rafael en Bagdad.<\/li>\n\n\n\n<li>Envi\u00f3 urgentemente $183.216 en suplementos de leche y alimentos para los hijos de los refugiados iraqu\u00eds en Jordania, y $24.364 para colchones, mantas y calentadores de querosene para sus familias.<\/li>\n\n\n\n<li>Asisti\u00f3 al Comit\u00e9 Cristiano Conjunto en Saida, al sur de L\u00edbano, con $168.782 en fondos para apoyar su programa educativo para refugiados palestinos que huyen de la Guerra en Siria.<\/li>\n<\/ul>\n","protected":false},"excerpt":{"rendered":"<p>A lo largo de toda la Tierra Santa\u2014las tierras b\u00edblicas de Irak, Israel, Jordania, L\u00edbano, Palestina y Siria\u2014hermanas religiosas, sacerdotes y hombres y mujeres laicos alimentan a los pobres, cuidan a los enfermos, escuchan a los quebrantados de coraz\u00f3n y encuentran oportunidades para familias de todos los credos que buscan estabilidad, seguridad y un lugar &hellip; <a href=\"https:\/\/cnewa.org\/es\/donde-trabajamos\/medio-oriente\/\">Continued<\/a><\/p>\n","protected":false},"author":5,"featured_media":144,"parent":142,"menu_order":19,"comment_status":"closed","ping_status":"closed","template":"","meta":{"_acf_changed":false,"footnotes":""},"class_list":["post-150","page","type-page","status-publish","has-post-thumbnail","hentry"],"acf":[],"yoast_head":"<!-- This site is optimized with the Yoast SEO Premium plugin v27.4 (Yoast SEO v27.4) - https:\/\/yoast.com\/product\/yoast-seo-premium-wordpress\/ -->\n<title>Medio Oriente | CNEWA Espa\u00f1ol<\/title>\n<meta name=\"robots\" content=\"index, follow, max-snippet:-1, max-image-preview:large, max-video-preview:-1\" \/>\n<link rel=\"canonical\" href=\"https:\/\/cnewa.org\/es\/donde-trabajamos\/medio-oriente\/\" \/>\n<meta property=\"og:locale\" content=\"es_ES\" \/>\n<meta property=\"og:type\" content=\"article\" \/>\n<meta property=\"og:title\" content=\"Medio Oriente\" \/>\n<meta property=\"og:description\" content=\"A lo largo de toda la Tierra Santa\u2014las tierras b\u00edblicas de Irak, Israel, Jordania, L\u00edbano, Palestina y Siria\u2014hermanas religiosas, sacerdotes y hombres y mujeres laicos alimentan a los pobres, cuidan a los enfermos, escuchan a los quebrantados de coraz\u00f3n y encuentran oportunidades para familias de todos los credos que buscan estabilidad, seguridad y un lugar &hellip; Continued\" \/>\n<meta property=\"og:url\" content=\"https:\/\/cnewa.org\/es\/donde-trabajamos\/medio-oriente\/\" \/>\n<meta property=\"og:site_name\" content=\"CNEWA Espa\u00f1ol\" \/>\n<meta property=\"article:publisher\" content=\"https:\/\/www.facebook.com\/CNEWAenespanol\/\" \/>\n<meta property=\"article:modified_time\" content=\"2025-09-10T16:29:59+00:00\" \/>\n<meta property=\"og:image\" content=\"https:\/\/cnewa.org\/es\/wp-content\/uploads\/sites\/5\/2021\/06\/CNEWA_Region_Middle-East-1024x389-1.jpeg\" \/>\n\t<meta property=\"og:image:width\" content=\"1024\" \/>\n\t<meta property=\"og:image:height\" content=\"389\" \/>\n\t<meta property=\"og:image:type\" content=\"image\/jpeg\" \/>\n<meta name=\"twitter:card\" content=\"summary_large_image\" \/>\n<meta name=\"twitter:label1\" content=\"Tiempo de lectura\" \/>\n\t<meta name=\"twitter:data1\" content=\"4 minutos\" \/>\n<script type=\"application\/ld+json\" class=\"yoast-schema-graph\">{\"@context\":\"https:\\\/\\\/schema.org\",\"@graph\":[{\"@type\":\"WebPage\",\"@id\":\"https:\\\/\\\/cnewa.org\\\/es\\\/donde-trabajamos\\\/medio-oriente\\\/\",\"url\":\"https:\\\/\\\/cnewa.org\\\/es\\\/donde-trabajamos\\\/medio-oriente\\\/\",\"name\":\"Medio Oriente | CNEWA Espa\u00f1ol\",\"isPartOf\":{\"@id\":\"https:\\\/\\\/cnewa.org\\\/es\\\/#website\"},\"primaryImageOfPage\":{\"@id\":\"https:\\\/\\\/cnewa.org\\\/es\\\/donde-trabajamos\\\/medio-oriente\\\/#primaryimage\"},\"image\":{\"@id\":\"https:\\\/\\\/cnewa.org\\\/es\\\/donde-trabajamos\\\/medio-oriente\\\/#primaryimage\"},\"thumbnailUrl\":\"https:\\\/\\\/cnewa.org\\\/es\\\/wp-content\\\/uploads\\\/sites\\\/5\\\/2021\\\/06\\\/CNEWA_Region_Middle-East-1024x389-1.jpeg\",\"datePublished\":\"2021-06-28T21:39:10+00:00\",\"dateModified\":\"2025-09-10T16:29:59+00:00\",\"breadcrumb\":{\"@id\":\"https:\\\/\\\/cnewa.org\\\/es\\\/donde-trabajamos\\\/medio-oriente\\\/#breadcrumb\"},\"inLanguage\":\"es\",\"potentialAction\":[{\"@type\":\"ReadAction\",\"target\":[\"https:\\\/\\\/cnewa.org\\\/es\\\/donde-trabajamos\\\/medio-oriente\\\/\"]}]},{\"@type\":\"ImageObject\",\"inLanguage\":\"es\",\"@id\":\"https:\\\/\\\/cnewa.org\\\/es\\\/donde-trabajamos\\\/medio-oriente\\\/#primaryimage\",\"url\":\"https:\\\/\\\/cnewa.org\\\/es\\\/wp-content\\\/uploads\\\/sites\\\/5\\\/2021\\\/06\\\/CNEWA_Region_Middle-East-1024x389-1.jpeg\",\"contentUrl\":\"https:\\\/\\\/cnewa.org\\\/es\\\/wp-content\\\/uploads\\\/sites\\\/5\\\/2021\\\/06\\\/CNEWA_Region_Middle-East-1024x389-1.jpeg\",\"width\":1024,\"height\":389},{\"@type\":\"BreadcrumbList\",\"@id\":\"https:\\\/\\\/cnewa.org\\\/es\\\/donde-trabajamos\\\/medio-oriente\\\/#breadcrumb\",\"itemListElement\":[{\"@type\":\"ListItem\",\"position\":1,\"name\":\"Inicio\",\"item\":\"https:\\\/\\\/cnewa.org\\\/es\\\/\"},{\"@type\":\"ListItem\",\"position\":2,\"name\":\"D\u00f3nde Trabajamos\",\"item\":\"https:\\\/\\\/cnewa.org\\\/es\\\/donde-trabajamos\\\/\"},{\"@type\":\"ListItem\",\"position\":3,\"name\":\"Medio Oriente\"}]},{\"@type\":\"WebSite\",\"@id\":\"https:\\\/\\\/cnewa.org\\\/es\\\/#website\",\"url\":\"https:\\\/\\\/cnewa.org\\\/es\\\/\",\"name\":\"CNEWA Espa\u00f1ol\",\"description\":\"Asociaci\u00f3n Cat\u00f3lica para el Bienestar del Cercano Oriente\",\"publisher\":{\"@id\":\"https:\\\/\\\/cnewa.org\\\/es\\\/#organization\"},\"potentialAction\":[{\"@type\":\"SearchAction\",\"target\":{\"@type\":\"EntryPoint\",\"urlTemplate\":\"https:\\\/\\\/cnewa.org\\\/es\\\/?s={search_term_string}\"},\"query-input\":{\"@type\":\"PropertyValueSpecification\",\"valueRequired\":true,\"valueName\":\"search_term_string\"}}],\"inLanguage\":\"es\"},{\"@type\":\"Organization\",\"@id\":\"https:\\\/\\\/cnewa.org\\\/es\\\/#organization\",\"name\":\"CNEWA Espa\u00f1ol\",\"alternateName\":\"Asociaci\u00f3n Cat\u00f3lica para el Bienestar del Cercano Oriente\",\"url\":\"https:\\\/\\\/cnewa.org\\\/es\\\/\",\"logo\":{\"@type\":\"ImageObject\",\"inLanguage\":\"es\",\"@id\":\"https:\\\/\\\/cnewa.org\\\/es\\\/#\\\/schema\\\/logo\\\/image\\\/\",\"url\":\"https:\\\/\\\/cnewa.org\\\/es\\\/wp-content\\\/uploads\\\/sites\\\/5\\\/2021\\\/07\\\/CNEWA-brand-logo.png\",\"contentUrl\":\"https:\\\/\\\/cnewa.org\\\/es\\\/wp-content\\\/uploads\\\/sites\\\/5\\\/2021\\\/07\\\/CNEWA-brand-logo.png\",\"width\":1000,\"height\":1000,\"caption\":\"CNEWA Espa\u00f1ol\"},\"image\":{\"@id\":\"https:\\\/\\\/cnewa.org\\\/es\\\/#\\\/schema\\\/logo\\\/image\\\/\"},\"sameAs\":[\"https:\\\/\\\/www.facebook.com\\\/CNEWAenespanol\\\/\",\"https:\\\/\\\/www.instagram.com\\\/cnewa1926\\\/\",\"https:\\\/\\\/www.youtube.com\\\/user\\\/TheCNEWA\"]}]}<\/script>\n<!-- \/ Yoast SEO Premium plugin. -->","yoast_head_json":{"title":"Medio Oriente | CNEWA Espa\u00f1ol","robots":{"index":"index","follow":"follow","max-snippet":"max-snippet:-1","max-image-preview":"max-image-preview:large","max-video-preview":"max-video-preview:-1"},"canonical":"https:\/\/cnewa.org\/es\/donde-trabajamos\/medio-oriente\/","og_locale":"es_ES","og_type":"article","og_title":"Medio Oriente","og_description":"A lo largo de toda la Tierra Santa\u2014las tierras b\u00edblicas de Irak, Israel, Jordania, L\u00edbano, Palestina y Siria\u2014hermanas religiosas, sacerdotes y hombres y mujeres laicos alimentan a los pobres, cuidan a los enfermos, escuchan a los quebrantados de coraz\u00f3n y encuentran oportunidades para familias de todos los credos que buscan estabilidad, seguridad y un lugar &hellip; Continued","og_url":"https:\/\/cnewa.org\/es\/donde-trabajamos\/medio-oriente\/","og_site_name":"CNEWA Espa\u00f1ol","article_publisher":"https:\/\/www.facebook.com\/CNEWAenespanol\/","article_modified_time":"2025-09-10T16:29:59+00:00","og_image":[{"width":1024,"height":389,"url":"https:\/\/cnewa.org\/es\/wp-content\/uploads\/sites\/5\/2021\/06\/CNEWA_Region_Middle-East-1024x389-1.jpeg","type":"image\/jpeg"}],"twitter_card":"summary_large_image","twitter_misc":{"Tiempo de lectura":"4 minutos"},"schema":{"@context":"https:\/\/schema.org","@graph":[{"@type":"WebPage","@id":"https:\/\/cnewa.org\/es\/donde-trabajamos\/medio-oriente\/","url":"https:\/\/cnewa.org\/es\/donde-trabajamos\/medio-oriente\/","name":"Medio Oriente | CNEWA Espa\u00f1ol","isPartOf":{"@id":"https:\/\/cnewa.org\/es\/#website"},"primaryImageOfPage":{"@id":"https:\/\/cnewa.org\/es\/donde-trabajamos\/medio-oriente\/#primaryimage"},"image":{"@id":"https:\/\/cnewa.org\/es\/donde-trabajamos\/medio-oriente\/#primaryimage"},"thumbnailUrl":"https:\/\/cnewa.org\/es\/wp-content\/uploads\/sites\/5\/2021\/06\/CNEWA_Region_Middle-East-1024x389-1.jpeg","datePublished":"2021-06-28T21:39:10+00:00","dateModified":"2025-09-10T16:29:59+00:00","breadcrumb":{"@id":"https:\/\/cnewa.org\/es\/donde-trabajamos\/medio-oriente\/#breadcrumb"},"inLanguage":"es","potentialAction":[{"@type":"ReadAction","target":["https:\/\/cnewa.org\/es\/donde-trabajamos\/medio-oriente\/"]}]},{"@type":"ImageObject","inLanguage":"es","@id":"https:\/\/cnewa.org\/es\/donde-trabajamos\/medio-oriente\/#primaryimage","url":"https:\/\/cnewa.org\/es\/wp-content\/uploads\/sites\/5\/2021\/06\/CNEWA_Region_Middle-East-1024x389-1.jpeg","contentUrl":"https:\/\/cnewa.org\/es\/wp-content\/uploads\/sites\/5\/2021\/06\/CNEWA_Region_Middle-East-1024x389-1.jpeg","width":1024,"height":389},{"@type":"BreadcrumbList","@id":"https:\/\/cnewa.org\/es\/donde-trabajamos\/medio-oriente\/#breadcrumb","itemListElement":[{"@type":"ListItem","position":1,"name":"Inicio","item":"https:\/\/cnewa.org\/es\/"},{"@type":"ListItem","position":2,"name":"D\u00f3nde Trabajamos","item":"https:\/\/cnewa.org\/es\/donde-trabajamos\/"},{"@type":"ListItem","position":3,"name":"Medio Oriente"}]},{"@type":"WebSite","@id":"https:\/\/cnewa.org\/es\/#website","url":"https:\/\/cnewa.org\/es\/","name":"CNEWA Espa\u00f1ol","description":"Asociaci\u00f3n Cat\u00f3lica para el Bienestar del Cercano Oriente","publisher":{"@id":"https:\/\/cnewa.org\/es\/#organization"},"potentialAction":[{"@type":"SearchAction","target":{"@type":"EntryPoint","urlTemplate":"https:\/\/cnewa.org\/es\/?s={search_term_string}"},"query-input":{"@type":"PropertyValueSpecification","valueRequired":true,"valueName":"search_term_string"}}],"inLanguage":"es"},{"@type":"Organization","@id":"https:\/\/cnewa.org\/es\/#organization","name":"CNEWA Espa\u00f1ol","alternateName":"Asociaci\u00f3n Cat\u00f3lica para el Bienestar del Cercano Oriente","url":"https:\/\/cnewa.org\/es\/","logo":{"@type":"ImageObject","inLanguage":"es","@id":"https:\/\/cnewa.org\/es\/#\/schema\/logo\/image\/","url":"https:\/\/cnewa.org\/es\/wp-content\/uploads\/sites\/5\/2021\/07\/CNEWA-brand-logo.png","contentUrl":"https:\/\/cnewa.org\/es\/wp-content\/uploads\/sites\/5\/2021\/07\/CNEWA-brand-logo.png","width":1000,"height":1000,"caption":"CNEWA Espa\u00f1ol"},"image":{"@id":"https:\/\/cnewa.org\/es\/#\/schema\/logo\/image\/"},"sameAs":["https:\/\/www.facebook.com\/CNEWAenespanol\/","https:\/\/www.instagram.com\/cnewa1926\/","https:\/\/www.youtube.com\/user\/TheCNEWA"]}]}},"_links":{"self":[{"href":"https:\/\/cnewa.org\/es\/wp-json\/wp\/v2\/pages\/150","targetHints":{"allow":["GET"]}}],"collection":[{"href":"https:\/\/cnewa.org\/es\/wp-json\/wp\/v2\/pages"}],"about":[{"href":"https:\/\/cnewa.org\/es\/wp-json\/wp\/v2\/types\/page"}],"author":[{"embeddable":true,"href":"https:\/\/cnewa.org\/es\/wp-json\/wp\/v2\/users\/5"}],"replies":[{"embeddable":true,"href":"https:\/\/cnewa.org\/es\/wp-json\/wp\/v2\/comments?post=150"}],"version-history":[{"count":17,"href":"https:\/\/cnewa.org\/es\/wp-json\/wp\/v2\/pages\/150\/revisions"}],"predecessor-version":[{"id":7127,"href":"https:\/\/cnewa.org\/es\/wp-json\/wp\/v2\/pages\/150\/revisions\/7127"}],"up":[{"embeddable":true,"href":"https:\/\/cnewa.org\/es\/wp-json\/wp\/v2\/pages\/142"}],"wp:featuredmedia":[{"embeddable":true,"href":"https:\/\/cnewa.org\/es\/wp-json\/wp\/v2\/media\/144"}],"wp:attachment":[{"href":"https:\/\/cnewa.org\/es\/wp-json\/wp\/v2\/media?parent=150"}],"curies":[{"name":"wp","href":"https:\/\/api.w.org\/{rel}","templated":true}]}}