{"id":154,"date":"2021-06-28T17:44:11","date_gmt":"2021-06-28T21:44:11","guid":{"rendered":"https:\/\/cnewa.org\/es\/?page_id=154"},"modified":"2025-11-10T11:53:54","modified_gmt":"2025-11-10T16:53:54","slug":"noreste-de-africa","status":"publish","type":"page","link":"https:\/\/cnewa.org\/es\/donde-trabajamos\/noreste-de-africa\/","title":{"rendered":"Noreste de \u00c1frica"},"content":{"rendered":"\n<h2 class=\"wp-block-heading\" id=\"h-en-el-noreste-de-africa-los-paises-de-egipto-eritrea-y-etiopia-enfrentan-enormes-desafios-economicos-medioambientales-politicos-y-sociales\">En el noreste de \u00c1frica, los pa\u00edses de <a href=\"https:\/\/cnewa.org\/es\/donde-trabajamos\/noreste-de-africa\/egipto\/\">Egipto<\/a>, <a href=\"https:\/\/cnewa.org\/es\/donde-trabajamos\/noreste-de-africa\/eritrea\/\">Eritrea<\/a> y <a href=\"https:\/\/cnewa.org\/es\/donde-trabajamos\/noreste-de-africa\/etiopia\/\">Etiop\u00eda<\/a> enfrentan enormes desaf\u00edos: econ\u00f3micos, medioambientales, pol\u00edticos y sociales.<\/h2>\n\n\n\n<p>La pobreza, el miedo al coronavirus, la sequ\u00eda y otras formas de cambios clim\u00e1ticos est\u00e1n causando serios da\u00f1os a los m\u00e1s vulnerables del noreste de \u00c1frica. Los conflictos \u00e9tnicos y la intolerancia religiosa amenazan con deshacer el delicado tejido de las sociedades en funcionamiento. El hambre es un padecimiento cotidiano para muchos. Y, por eso, es un \u00e1rea ansiosa por milagros, hambrienta de esperanza.<\/p>\n\n\n\n<p>Los socios principales de la Asociaci\u00f3n Cat\u00f3lica para el Asociaci\u00f3n Cat\u00f3lica para el Bienestar del Cercano Oriente (CNEWA) en esta regi\u00f3n, las Iglesias c\u00f3pticas, eritrea y et\u00edope, respectivamente, comparten la herencia cristiana que ha estado presente all\u00ed desde el siglo primero. Si bien son peque\u00f1as comunidades de fe, cada iglesia juega un papel enorme en ayudar a sanar, ense\u00f1ar y levantar a los m\u00e1s necesitados. Desde sus inicios, CNEWA ha estado ah\u00ed para acompa\u00f1ar a estas Iglesias, caminando con ellas en su vivir el Evangelio.<\/p>\n\n\n\n<figure class=\"wp-block-gallery has-nested-images columns-default is-cropped is-style-lightbox wp-block-gallery-2 is-layout-flex wp-block-gallery-is-layout-flex\">\n<figure class=\"wp-block-image size-large\"><img loading=\"lazy\" decoding=\"async\" width=\"1024\" height=\"683\" data-id=\"6982\" src=\"https:\/\/cnewa.org\/es\/wp-content\/uploads\/sites\/5\/2025\/07\/anis20181_012H-1024x683-1.jpg\" alt=\"a priest lectures seminary students.\" class=\"wp-image-6982\" srcset=\"https:\/\/cnewa.org\/es\/wp-content\/uploads\/sites\/5\/2025\/07\/anis20181_012H-1024x683-1.jpg 1024w, https:\/\/cnewa.org\/es\/wp-content\/uploads\/sites\/5\/2025\/07\/anis20181_012H-1024x683-1-300x200.jpg 300w, https:\/\/cnewa.org\/es\/wp-content\/uploads\/sites\/5\/2025\/07\/anis20181_012H-1024x683-1-768x512.jpg 768w\" sizes=\"auto, (max-width: 1024px) 100vw, 1024px\" \/><figcaption class=\"wp-element-caption\">Students attend a lecture inside the Coptic Catholic seminary in the Maadi neighborhood of Cairo. (photo: Roger Anis)<\/figcaption><\/figure>\n\n\n\n<figure class=\"wp-block-image size-large\"><img loading=\"lazy\" decoding=\"async\" width=\"1024\" height=\"683\" data-id=\"6983\" src=\"https:\/\/cnewa.org\/es\/wp-content\/uploads\/sites\/5\/2025\/07\/kozar20173_339h-1024x683-1.jpg\" alt=\"woman in veil playing a large drum outdoors.\" class=\"wp-image-6983\" srcset=\"https:\/\/cnewa.org\/es\/wp-content\/uploads\/sites\/5\/2025\/07\/kozar20173_339h-1024x683-1.jpg 1024w, https:\/\/cnewa.org\/es\/wp-content\/uploads\/sites\/5\/2025\/07\/kozar20173_339h-1024x683-1-300x200.jpg 300w, https:\/\/cnewa.org\/es\/wp-content\/uploads\/sites\/5\/2025\/07\/kozar20173_339h-1024x683-1-768x512.jpg 768w\" sizes=\"auto, (max-width: 1024px) 100vw, 1024px\" \/><figcaption class=\"wp-element-caption\">An Eritrean novice plays a kebero, a drum traditional to the Horn of Africa. (photo: John E. Kozar)<\/figcaption><\/figure>\n\n\n\n<figure class=\"wp-block-image size-large\"><img loading=\"lazy\" decoding=\"async\" width=\"1024\" height=\"683\" data-id=\"6985\" src=\"https:\/\/cnewa.org\/es\/wp-content\/uploads\/sites\/5\/2025\/07\/wiggers20173_065H-1024x683-1.jpg\" alt=\"young women practice hairdressing on one another in a small salon.\" class=\"wp-image-6985\" srcset=\"https:\/\/cnewa.org\/es\/wp-content\/uploads\/sites\/5\/2025\/07\/wiggers20173_065H-1024x683-1.jpg 1024w, https:\/\/cnewa.org\/es\/wp-content\/uploads\/sites\/5\/2025\/07\/wiggers20173_065H-1024x683-1-300x200.jpg 300w, https:\/\/cnewa.org\/es\/wp-content\/uploads\/sites\/5\/2025\/07\/wiggers20173_065H-1024x683-1-768x512.jpg 768w\" sizes=\"auto, (max-width: 1024px) 100vw, 1024px\" \/><figcaption class=\"wp-element-caption\">Students learn trades such as hairdressing in the salon at the Kidist Mariam Center in Meki, operated by the Community of St. Paul. (photo: Petterik Wiggers)<\/figcaption><\/figure>\n\n\n\n<figure class=\"wp-block-image size-large\"><img loading=\"lazy\" decoding=\"async\" width=\"1024\" height=\"620\" data-id=\"6984\" src=\"https:\/\/cnewa.org\/es\/wp-content\/uploads\/sites\/5\/2025\/07\/sprague31840_070H_2-1024x620-1.jpg\" alt=\"young students stand in a classroom.\" class=\"wp-image-6984\" srcset=\"https:\/\/cnewa.org\/es\/wp-content\/uploads\/sites\/5\/2025\/07\/sprague31840_070H_2-1024x620-1.jpg 1024w, https:\/\/cnewa.org\/es\/wp-content\/uploads\/sites\/5\/2025\/07\/sprague31840_070H_2-1024x620-1-300x182.jpg 300w, https:\/\/cnewa.org\/es\/wp-content\/uploads\/sites\/5\/2025\/07\/sprague31840_070H_2-1024x620-1-768x465.jpg 768w\" sizes=\"auto, (max-width: 1024px) 100vw, 1024px\" \/><figcaption class=\"wp-element-caption\">Children at pre-school class. Kidane Merhet Children&#8217;s home, Addis Ababa, run by Franciscan Sisters of the Heart of Jesus<\/figcaption><\/figure>\n<\/figure>\n\n\n\n<p>Las contribuciones de la Asociaci\u00f3n Cat\u00f3lica para el Asociaci\u00f3n Cat\u00f3lica para el Bienestar del Cercano Oriente (CNEWA), en el 2019 incluyeron:<\/p>\n\n\n\n<ul class=\"wp-block-list\">\n<li><strong>$11.000&nbsp;<\/strong>para ayudar a las Hermanas Eucar\u00edsticas de la Eparqu\u00eda de Segheneity, Eritrea a establecer una granja av\u00edcola.<\/li>\n\n\n\n<li><strong>$233.459&nbsp;<\/strong>para preparar a seminaristas y hermanas y hermanos religiosos en 27 casas de formaci\u00f3n en Eritrea.<\/li>\n\n\n\n<li><strong>$322.108&nbsp;<\/strong>para proveer cuidado infantil para ni\u00f1os inscritos en 46 programas de cuidado de ni\u00f1os en Etiop\u00eda, incluyendo a ni\u00f1os con necesidades especiales quienes viven en dormitorios y para quienes asisten a escuelas parroquiales.<\/li>\n\n\n\n<li><strong>$20.497&nbsp;<\/strong>para asistir a las eparqu\u00edas cat\u00f3licas copta de Assiut y Ismailiya con programas parroquiales de liderazgo para laicos.<\/li>\n\n\n\n<li><strong>$29.295&nbsp;<\/strong>para ayudar a la comisi\u00f3n pastoral del Secretariado Cat\u00f3lico Et\u00edope para programas de capellan\u00eda en las universidades del pa\u00eds.<\/li>\n\n\n\n<li><strong>$13.886&nbsp;<\/strong>para facilitar a que un dispensario parroquial en Touwa, Egipto, rehabilite sus facilidades y compre nuevos equipos m\u00e9dicos.<\/li>\n\n\n\n<li><strong>$15.000&nbsp;<\/strong>para asistir a que el Instituto Agrot\u00e9cnico de Hagaz en Eritrea asegure sus recursos de agua.<\/li>\n<\/ul>\n\n\n  <div class=\"donate-button\" id=\"minor-fund-campaign\">\n    <button class=\"donate-modal-toggle\" data-minor-fund='Noreste de \u00c1frica' data-minor-fund-code='58'>Apoye nuestro trabajo en el noreste de \u00c1frica<\/button>\n  <\/div>\n  ","protected":false},"excerpt":{"rendered":"<p>En el noreste de \u00c1frica, los pa\u00edses de Egipto, Eritrea y Etiop\u00eda enfrentan enormes desaf\u00edos: econ\u00f3micos, medioambientales, pol\u00edticos y sociales. La pobreza, el miedo al coronavirus, la sequ\u00eda y otras formas de cambios clim\u00e1ticos est\u00e1n causando serios da\u00f1os a los m\u00e1s vulnerables del noreste de \u00c1frica. Los conflictos \u00e9tnicos y la intolerancia religiosa amenazan con &hellip; <a href=\"https:\/\/cnewa.org\/es\/donde-trabajamos\/noreste-de-africa\/\">Continued<\/a><\/p>\n","protected":false},"author":5,"featured_media":145,"parent":142,"menu_order":21,"comment_status":"closed","ping_status":"closed","template":"","meta":{"_acf_changed":false,"footnotes":""},"class_list":["post-154","page","type-page","status-publish","has-post-thumbnail","hentry"],"acf":[],"yoast_head":"<!-- This site is optimized with the Yoast SEO Premium plugin v27.2 (Yoast SEO v27.2) - https:\/\/yoast.com\/product\/yoast-seo-premium-wordpress\/ -->\n<title>Noreste de \u00c1frica | CNEWA Espa\u00f1ol<\/title>\n<meta name=\"robots\" content=\"index, follow, max-snippet:-1, max-image-preview:large, max-video-preview:-1\" \/>\n<link rel=\"canonical\" href=\"https:\/\/cnewa.org\/es\/donde-trabajamos\/noreste-de-africa\/\" \/>\n<meta property=\"og:locale\" content=\"es_ES\" \/>\n<meta property=\"og:type\" content=\"article\" \/>\n<meta property=\"og:title\" content=\"Noreste de \u00c1frica\" \/>\n<meta property=\"og:description\" content=\"En el noreste de \u00c1frica, los pa\u00edses de Egipto, Eritrea y Etiop\u00eda enfrentan enormes desaf\u00edos: econ\u00f3micos, medioambientales, pol\u00edticos y sociales. La pobreza, el miedo al coronavirus, la sequ\u00eda y otras formas de cambios clim\u00e1ticos est\u00e1n causando serios da\u00f1os a los m\u00e1s vulnerables del noreste de \u00c1frica. Los conflictos \u00e9tnicos y la intolerancia religiosa amenazan con &hellip; Continued\" \/>\n<meta property=\"og:url\" content=\"https:\/\/cnewa.org\/es\/donde-trabajamos\/noreste-de-africa\/\" \/>\n<meta property=\"og:site_name\" content=\"CNEWA Espa\u00f1ol\" \/>\n<meta property=\"article:publisher\" content=\"https:\/\/www.facebook.com\/CNEWAenespanol\/\" \/>\n<meta property=\"article:modified_time\" content=\"2025-11-10T16:53:54+00:00\" \/>\n<meta property=\"og:image\" content=\"https:\/\/cnewa.org\/es\/wp-content\/uploads\/sites\/5\/2021\/06\/CNEWA_Region_NorthEast-Africa-1024x389-1.jpeg\" \/>\n\t<meta property=\"og:image:width\" content=\"1024\" \/>\n\t<meta property=\"og:image:height\" content=\"389\" \/>\n\t<meta property=\"og:image:type\" content=\"image\/jpeg\" \/>\n<meta name=\"twitter:card\" content=\"summary_large_image\" \/>\n<meta name=\"twitter:label1\" content=\"Tiempo de lectura\" \/>\n\t<meta name=\"twitter:data1\" content=\"3 minutos\" \/>\n<script type=\"application\/ld+json\" class=\"yoast-schema-graph\">{\"@context\":\"https:\/\/schema.org\",\"@graph\":[{\"@type\":\"WebPage\",\"@id\":\"https:\/\/cnewa.org\/es\/donde-trabajamos\/noreste-de-africa\/\",\"url\":\"https:\/\/cnewa.org\/es\/donde-trabajamos\/noreste-de-africa\/\",\"name\":\"Noreste de \u00c1frica | CNEWA Espa\u00f1ol\",\"isPartOf\":{\"@id\":\"https:\/\/cnewa.org\/es\/#website\"},\"primaryImageOfPage\":{\"@id\":\"https:\/\/cnewa.org\/es\/donde-trabajamos\/noreste-de-africa\/#primaryimage\"},\"image\":{\"@id\":\"https:\/\/cnewa.org\/es\/donde-trabajamos\/noreste-de-africa\/#primaryimage\"},\"thumbnailUrl\":\"https:\/\/cnewa.org\/es\/wp-content\/uploads\/sites\/5\/2021\/06\/CNEWA_Region_NorthEast-Africa-1024x389-1.jpeg\",\"datePublished\":\"2021-06-28T21:44:11+00:00\",\"dateModified\":\"2025-11-10T16:53:54+00:00\",\"breadcrumb\":{\"@id\":\"https:\/\/cnewa.org\/es\/donde-trabajamos\/noreste-de-africa\/#breadcrumb\"},\"inLanguage\":\"es\",\"potentialAction\":[{\"@type\":\"ReadAction\",\"target\":[\"https:\/\/cnewa.org\/es\/donde-trabajamos\/noreste-de-africa\/\"]}]},{\"@type\":\"ImageObject\",\"inLanguage\":\"es\",\"@id\":\"https:\/\/cnewa.org\/es\/donde-trabajamos\/noreste-de-africa\/#primaryimage\",\"url\":\"https:\/\/cnewa.org\/es\/wp-content\/uploads\/sites\/5\/2021\/06\/CNEWA_Region_NorthEast-Africa-1024x389-1.jpeg\",\"contentUrl\":\"https:\/\/cnewa.org\/es\/wp-content\/uploads\/sites\/5\/2021\/06\/CNEWA_Region_NorthEast-Africa-1024x389-1.jpeg\",\"width\":1024,\"height\":389},{\"@type\":\"BreadcrumbList\",\"@id\":\"https:\/\/cnewa.org\/es\/donde-trabajamos\/noreste-de-africa\/#breadcrumb\",\"itemListElement\":[{\"@type\":\"ListItem\",\"position\":1,\"name\":\"Inicio\",\"item\":\"https:\/\/cnewa.org\/es\/\"},{\"@type\":\"ListItem\",\"position\":2,\"name\":\"D\u00f3nde Trabajamos\",\"item\":\"https:\/\/cnewa.org\/es\/donde-trabajamos\/\"},{\"@type\":\"ListItem\",\"position\":3,\"name\":\"Noreste de \u00c1frica\"}]},{\"@type\":\"WebSite\",\"@id\":\"https:\/\/cnewa.org\/es\/#website\",\"url\":\"https:\/\/cnewa.org\/es\/\",\"name\":\"CNEWA Espa\u00f1ol\",\"description\":\"Asociaci\u00f3n Cat\u00f3lica para el Bienestar del Cercano Oriente\",\"publisher\":{\"@id\":\"https:\/\/cnewa.org\/es\/#organization\"},\"potentialAction\":[{\"@type\":\"SearchAction\",\"target\":{\"@type\":\"EntryPoint\",\"urlTemplate\":\"https:\/\/cnewa.org\/es\/?s={search_term_string}\"},\"query-input\":{\"@type\":\"PropertyValueSpecification\",\"valueRequired\":true,\"valueName\":\"search_term_string\"}}],\"inLanguage\":\"es\"},{\"@type\":\"Organization\",\"@id\":\"https:\/\/cnewa.org\/es\/#organization\",\"name\":\"CNEWA Espa\u00f1ol\",\"alternateName\":\"Asociaci\u00f3n Cat\u00f3lica para el Bienestar del Cercano Oriente\",\"url\":\"https:\/\/cnewa.org\/es\/\",\"logo\":{\"@type\":\"ImageObject\",\"inLanguage\":\"es\",\"@id\":\"https:\/\/cnewa.org\/es\/#\/schema\/logo\/image\/\",\"url\":\"https:\/\/cnewa.org\/es\/wp-content\/uploads\/sites\/5\/2021\/07\/CNEWA-brand-logo.png\",\"contentUrl\":\"https:\/\/cnewa.org\/es\/wp-content\/uploads\/sites\/5\/2021\/07\/CNEWA-brand-logo.png\",\"width\":1000,\"height\":1000,\"caption\":\"CNEWA Espa\u00f1ol\"},\"image\":{\"@id\":\"https:\/\/cnewa.org\/es\/#\/schema\/logo\/image\/\"},\"sameAs\":[\"https:\/\/www.facebook.com\/CNEWAenespanol\/\",\"https:\/\/www.instagram.com\/cnewa1926\/\",\"https:\/\/www.youtube.com\/user\/TheCNEWA\"]}]}<\/script>\n<!-- \/ Yoast SEO Premium plugin. -->","yoast_head_json":{"title":"Noreste de \u00c1frica | CNEWA Espa\u00f1ol","robots":{"index":"index","follow":"follow","max-snippet":"max-snippet:-1","max-image-preview":"max-image-preview:large","max-video-preview":"max-video-preview:-1"},"canonical":"https:\/\/cnewa.org\/es\/donde-trabajamos\/noreste-de-africa\/","og_locale":"es_ES","og_type":"article","og_title":"Noreste de \u00c1frica","og_description":"En el noreste de \u00c1frica, los pa\u00edses de Egipto, Eritrea y Etiop\u00eda enfrentan enormes desaf\u00edos: econ\u00f3micos, medioambientales, pol\u00edticos y sociales. La pobreza, el miedo al coronavirus, la sequ\u00eda y otras formas de cambios clim\u00e1ticos est\u00e1n causando serios da\u00f1os a los m\u00e1s vulnerables del noreste de \u00c1frica. Los conflictos \u00e9tnicos y la intolerancia religiosa amenazan con &hellip; Continued","og_url":"https:\/\/cnewa.org\/es\/donde-trabajamos\/noreste-de-africa\/","og_site_name":"CNEWA Espa\u00f1ol","article_publisher":"https:\/\/www.facebook.com\/CNEWAenespanol\/","article_modified_time":"2025-11-10T16:53:54+00:00","og_image":[{"width":1024,"height":389,"url":"https:\/\/cnewa.org\/es\/wp-content\/uploads\/sites\/5\/2021\/06\/CNEWA_Region_NorthEast-Africa-1024x389-1.jpeg","type":"image\/jpeg"}],"twitter_card":"summary_large_image","twitter_misc":{"Tiempo de lectura":"3 minutos"},"schema":{"@context":"https:\/\/schema.org","@graph":[{"@type":"WebPage","@id":"https:\/\/cnewa.org\/es\/donde-trabajamos\/noreste-de-africa\/","url":"https:\/\/cnewa.org\/es\/donde-trabajamos\/noreste-de-africa\/","name":"Noreste de \u00c1frica | CNEWA Espa\u00f1ol","isPartOf":{"@id":"https:\/\/cnewa.org\/es\/#website"},"primaryImageOfPage":{"@id":"https:\/\/cnewa.org\/es\/donde-trabajamos\/noreste-de-africa\/#primaryimage"},"image":{"@id":"https:\/\/cnewa.org\/es\/donde-trabajamos\/noreste-de-africa\/#primaryimage"},"thumbnailUrl":"https:\/\/cnewa.org\/es\/wp-content\/uploads\/sites\/5\/2021\/06\/CNEWA_Region_NorthEast-Africa-1024x389-1.jpeg","datePublished":"2021-06-28T21:44:11+00:00","dateModified":"2025-11-10T16:53:54+00:00","breadcrumb":{"@id":"https:\/\/cnewa.org\/es\/donde-trabajamos\/noreste-de-africa\/#breadcrumb"},"inLanguage":"es","potentialAction":[{"@type":"ReadAction","target":["https:\/\/cnewa.org\/es\/donde-trabajamos\/noreste-de-africa\/"]}]},{"@type":"ImageObject","inLanguage":"es","@id":"https:\/\/cnewa.org\/es\/donde-trabajamos\/noreste-de-africa\/#primaryimage","url":"https:\/\/cnewa.org\/es\/wp-content\/uploads\/sites\/5\/2021\/06\/CNEWA_Region_NorthEast-Africa-1024x389-1.jpeg","contentUrl":"https:\/\/cnewa.org\/es\/wp-content\/uploads\/sites\/5\/2021\/06\/CNEWA_Region_NorthEast-Africa-1024x389-1.jpeg","width":1024,"height":389},{"@type":"BreadcrumbList","@id":"https:\/\/cnewa.org\/es\/donde-trabajamos\/noreste-de-africa\/#breadcrumb","itemListElement":[{"@type":"ListItem","position":1,"name":"Inicio","item":"https:\/\/cnewa.org\/es\/"},{"@type":"ListItem","position":2,"name":"D\u00f3nde Trabajamos","item":"https:\/\/cnewa.org\/es\/donde-trabajamos\/"},{"@type":"ListItem","position":3,"name":"Noreste de \u00c1frica"}]},{"@type":"WebSite","@id":"https:\/\/cnewa.org\/es\/#website","url":"https:\/\/cnewa.org\/es\/","name":"CNEWA Espa\u00f1ol","description":"Asociaci\u00f3n Cat\u00f3lica para el Bienestar del Cercano Oriente","publisher":{"@id":"https:\/\/cnewa.org\/es\/#organization"},"potentialAction":[{"@type":"SearchAction","target":{"@type":"EntryPoint","urlTemplate":"https:\/\/cnewa.org\/es\/?s={search_term_string}"},"query-input":{"@type":"PropertyValueSpecification","valueRequired":true,"valueName":"search_term_string"}}],"inLanguage":"es"},{"@type":"Organization","@id":"https:\/\/cnewa.org\/es\/#organization","name":"CNEWA Espa\u00f1ol","alternateName":"Asociaci\u00f3n Cat\u00f3lica para el Bienestar del Cercano Oriente","url":"https:\/\/cnewa.org\/es\/","logo":{"@type":"ImageObject","inLanguage":"es","@id":"https:\/\/cnewa.org\/es\/#\/schema\/logo\/image\/","url":"https:\/\/cnewa.org\/es\/wp-content\/uploads\/sites\/5\/2021\/07\/CNEWA-brand-logo.png","contentUrl":"https:\/\/cnewa.org\/es\/wp-content\/uploads\/sites\/5\/2021\/07\/CNEWA-brand-logo.png","width":1000,"height":1000,"caption":"CNEWA Espa\u00f1ol"},"image":{"@id":"https:\/\/cnewa.org\/es\/#\/schema\/logo\/image\/"},"sameAs":["https:\/\/www.facebook.com\/CNEWAenespanol\/","https:\/\/www.instagram.com\/cnewa1926\/","https:\/\/www.youtube.com\/user\/TheCNEWA"]}]}},"_links":{"self":[{"href":"https:\/\/cnewa.org\/es\/wp-json\/wp\/v2\/pages\/154","targetHints":{"allow":["GET"]}}],"collection":[{"href":"https:\/\/cnewa.org\/es\/wp-json\/wp\/v2\/pages"}],"about":[{"href":"https:\/\/cnewa.org\/es\/wp-json\/wp\/v2\/types\/page"}],"author":[{"embeddable":true,"href":"https:\/\/cnewa.org\/es\/wp-json\/wp\/v2\/users\/5"}],"replies":[{"embeddable":true,"href":"https:\/\/cnewa.org\/es\/wp-json\/wp\/v2\/comments?post=154"}],"version-history":[{"count":19,"href":"https:\/\/cnewa.org\/es\/wp-json\/wp\/v2\/pages\/154\/revisions"}],"predecessor-version":[{"id":7409,"href":"https:\/\/cnewa.org\/es\/wp-json\/wp\/v2\/pages\/154\/revisions\/7409"}],"up":[{"embeddable":true,"href":"https:\/\/cnewa.org\/es\/wp-json\/wp\/v2\/pages\/142"}],"wp:featuredmedia":[{"embeddable":true,"href":"https:\/\/cnewa.org\/es\/wp-json\/wp\/v2\/media\/145"}],"wp:attachment":[{"href":"https:\/\/cnewa.org\/es\/wp-json\/wp\/v2\/media?parent=154"}],"curies":[{"name":"wp","href":"https:\/\/api.w.org\/{rel}","templated":true}]}}