{"id":156,"date":"2021-06-28T17:50:51","date_gmt":"2021-06-28T21:50:51","guid":{"rendered":"https:\/\/cnewa.org\/es\/?page_id=156"},"modified":"2024-06-18T11:06:15","modified_gmt":"2024-06-18T15:06:15","slug":"india","status":"publish","type":"page","link":"https:\/\/cnewa.org\/es\/donde-trabajamos\/india\/","title":{"rendered":"India"},"content":{"rendered":"\n<h2 class=\"wp-block-heading\" id=\"h-se-espera-que-india-con-una-poblacion-de-alrededor-de-1-400-millones-de-habitantes-se-convierta-en-la-nacion-mas-poblada-del-mundo-para-2028-ya-es-la-democracia-mas-grande-del-mundo-y-el-septimo-pais-mas-grande-por-area-geografica\">Se espera que India, con una poblaci\u00f3n de alrededor de 1.400 millones de habitantes, se convierta en la naci\u00f3n m\u00e1s poblada del mundo para 2028. Ya es la democracia m\u00e1s grande del mundo y el s\u00e9ptimo pa\u00eds m\u00e1s grande por \u00e1rea geogr\u00e1fica.<\/h2>\n\n\n\n<p>Aunque India es una naci\u00f3n secular sin religi\u00f3n nacional, alrededor del 80% de la poblaci\u00f3n practica el hinduismo. Los musulmanes representan el 14,2% de la poblaci\u00f3n, los cristianos el 2,3%, seguidos por los sijs con el 1,7%, los budistas, los jainistas y otros. Se estima que los cat\u00f3licos representan el 1,5% de la poblaci\u00f3n total.&nbsp;<\/p>\n\n\n\n<p>La misi\u00f3n de CNEWA en India es apoyar a las dos Iglesias cat\u00f3licas orientales: la iglesia cat\u00f3lica siro-malabar, con 31 eparqu\u00edas y unos 5 millones de fieles, y la iglesia cat\u00f3lica siro-malankara, con 11 eparqu\u00edas y unos 500.000 fieles.<\/p>\n\n\n\n<p>Desde 2014, India ha sido gobernada por la Alianza Democr\u00e1tica Nacional, un gobierno nacionalista hind\u00fa liderado por el Partido Bharatiya Janata. Este gobierno hizo modificaciones en la legislaci\u00f3n que afectan a las organizaciones e instituciones religiosas, en particular a la Iglesia Cat\u00f3lica.&nbsp;<\/p>\n\n\n\n<p>A pesar de que los cat\u00f3licos son una minor\u00eda en la India, la iglesia ha demostrado su experiencia en materia de educaci\u00f3n, atenci\u00f3n m\u00e9dica y atenci\u00f3n a los vulnerables y marginados.&nbsp;<\/p>\n\n\n\n<h4 class=\"wp-block-heading\" id=\"h-acompanando-a-la-iglesia\">Acompa\u00f1ando a la Iglesia<\/h4>\n\n\n\n<p>CNEWA apoya el liderazgo y las actividades de la iglesia proporcionando subsidios para la formaci\u00f3n de seminaristas y novicias, la reparaci\u00f3n de seminarios y conventos, la formaci\u00f3n en la fe, el apoyo para la construcci\u00f3n de salas de oraci\u00f3n y programas de formaci\u00f3n de j\u00f3venes.\u00a0<\/p>\n\n\n\n<figure class=\"wp-block-image size-large\"><img loading=\"lazy\" decoding=\"async\" width=\"1024\" height=\"462\" src=\"https:\/\/cnewa.org\/es\/wp-content\/uploads\/sites\/5\/2024\/06\/csn202301_003H-1024x462.jpeg\" alt=\"\" class=\"wp-image-5250\" srcset=\"https:\/\/cnewa.org\/es\/wp-content\/uploads\/sites\/5\/2024\/06\/csn202301_003H-1024x462.jpeg 1024w, https:\/\/cnewa.org\/es\/wp-content\/uploads\/sites\/5\/2024\/06\/csn202301_003H-300x135.jpeg 300w, https:\/\/cnewa.org\/es\/wp-content\/uploads\/sites\/5\/2024\/06\/csn202301_003H-768x347.jpeg 768w, https:\/\/cnewa.org\/es\/wp-content\/uploads\/sites\/5\/2024\/06\/csn202301_003H.jpeg 1152w\" sizes=\"auto, (max-width: 1024px) 100vw, 1024px\" \/><figcaption class=\"wp-element-caption\">La visita pastoral de Monse\u00f1or Vaccari a la India incluy\u00f3 una visita a la Congregaci\u00f3n de las Hermanas del Noviciado de Nazaret en Angamaly. (foto: Cortes\u00eda de la Congregaci\u00f3n del Noviciado de las Hermanas de Nazaret, Angamaly)<\/figcaption><\/figure>\n\n\n\n<h4 class=\"wp-block-heading\" id=\"h-respondiendo-a-las-necesidades-humanas\">Respondiendo a las Necesidades Humanas<\/h4>\n\n\n\n<p>CNEWA tambi\u00e9n apoya los esfuerzos humanitarios para mejorar las condiciones de vida de los pobres y los necesitados. Estos esfuerzos incluyen: iniciativas de cuidado infantil, incluyendo la reparaci\u00f3n y renovaci\u00f3n de hogares de cuidado infantil; programas de apoyo a la desnutrici\u00f3n; programas de salud, higiene y concientizaci\u00f3n sobre el abuso infantil, as\u00ed como muchas iniciativas para ayudar a las personas con discapacidades y otros grupos marginados.&nbsp;<\/p>\n\n\n\n<figure class=\"wp-block-image size-large\"><img loading=\"lazy\" decoding=\"async\" width=\"1024\" height=\"683\" src=\"https:\/\/cnewa.org\/es\/wp-content\/uploads\/sites\/5\/2024\/06\/sajeendran20202_027H-scaled-1-1024x683.jpg\" alt=\"\" class=\"wp-image-5249\" srcset=\"https:\/\/cnewa.org\/es\/wp-content\/uploads\/sites\/5\/2024\/06\/sajeendran20202_027H-scaled-1-1024x683.jpg 1024w, https:\/\/cnewa.org\/es\/wp-content\/uploads\/sites\/5\/2024\/06\/sajeendran20202_027H-scaled-1-300x200.jpg 300w, https:\/\/cnewa.org\/es\/wp-content\/uploads\/sites\/5\/2024\/06\/sajeendran20202_027H-scaled-1-768x512.jpg 768w, https:\/\/cnewa.org\/es\/wp-content\/uploads\/sites\/5\/2024\/06\/sajeendran20202_027H-scaled-1-1536x1024.jpg 1536w, https:\/\/cnewa.org\/es\/wp-content\/uploads\/sites\/5\/2024\/06\/sajeendran20202_027H-scaled-1-2048x1366.jpg 2048w, https:\/\/cnewa.org\/es\/wp-content\/uploads\/sites\/5\/2024\/06\/sajeendran20202_027H-scaled-1-1600x1067.jpg 1600w\" sizes=\"auto, (max-width: 1024px) 100vw, 1024px\" \/><figcaption class=\"wp-element-caption\">La Hermana Ann Paul, S.D., en la cl\u00ednica del Hogar de la Misericordia en Ernakulam, India, donde ayuda a cuidar a mujeres solas, ancianas, que sufren de enfermedades emocionales o en las \u00faltimas etapas de la vida. (foto: Sajeendran V.S.)<\/figcaption><\/figure>\n\n\n  <div class=\"donate-button\" id=\"minor-fund-campaign\">\n    <button class=\"donate-modal-toggle\" data-minor-fund='India' data-minor-fund-code='IR'>AYUDE AHORA<\/button>\n  <\/div>\n  ","protected":false},"excerpt":{"rendered":"<p>Se espera que India, con una poblaci\u00f3n de alrededor de 1.400 millones de habitantes, se convierta en la naci\u00f3n m\u00e1s poblada del mundo para 2028. Ya es la democracia m\u00e1s grande del mundo y el s\u00e9ptimo pa\u00eds m\u00e1s grande por \u00e1rea geogr\u00e1fica. Aunque India es una naci\u00f3n secular sin religi\u00f3n nacional, alrededor del 80% de &hellip; <a href=\"https:\/\/cnewa.org\/es\/donde-trabajamos\/india\/\">Continued<\/a><\/p>\n","protected":false},"author":5,"featured_media":5251,"parent":142,"menu_order":22,"comment_status":"closed","ping_status":"closed","template":"","meta":{"_acf_changed":false,"footnotes":""},"class_list":["post-156","page","type-page","status-publish","has-post-thumbnail","hentry"],"acf":[],"yoast_head":"<!-- This site is optimized with the Yoast SEO Premium plugin v27.3 (Yoast SEO v27.3) - https:\/\/yoast.com\/product\/yoast-seo-premium-wordpress\/ -->\n<title>India | CNEWA Espa\u00f1ol<\/title>\n<meta name=\"description\" content=\"De acuerdo a reportes oficiales recientes, m\u00e1s de 478.000 personas en India han muerto de COVID-19, y los n\u00fameros crecen cada hora.\" \/>\n<meta name=\"robots\" content=\"index, follow, max-snippet:-1, max-image-preview:large, max-video-preview:-1\" \/>\n<link rel=\"canonical\" href=\"https:\/\/cnewa.org\/es\/donde-trabajamos\/india\/\" \/>\n<meta property=\"og:locale\" content=\"es_ES\" \/>\n<meta property=\"og:type\" content=\"article\" \/>\n<meta property=\"og:title\" content=\"India\" \/>\n<meta property=\"og:description\" content=\"De acuerdo a reportes oficiales recientes, m\u00e1s de 478.000 personas en India han muerto de COVID-19, y los n\u00fameros crecen cada hora.\" \/>\n<meta property=\"og:url\" content=\"https:\/\/cnewa.org\/es\/donde-trabajamos\/india\/\" \/>\n<meta property=\"og:site_name\" content=\"CNEWA Espa\u00f1ol\" \/>\n<meta property=\"article:publisher\" content=\"https:\/\/www.facebook.com\/CNEWAenespanol\/\" \/>\n<meta property=\"article:modified_time\" content=\"2024-06-18T15:06:15+00:00\" \/>\n<meta property=\"og:image\" content=\"https:\/\/cnewa.org\/es\/wp-content\/uploads\/sites\/5\/2024\/06\/sajeendran20211_048H.jpg\" \/>\n\t<meta property=\"og:image:width\" content=\"2560\" \/>\n\t<meta property=\"og:image:height\" content=\"1707\" \/>\n\t<meta property=\"og:image:type\" content=\"image\/jpeg\" \/>\n<meta name=\"twitter:card\" content=\"summary_large_image\" \/>\n<meta name=\"twitter:label1\" content=\"Tiempo de lectura\" \/>\n\t<meta name=\"twitter:data1\" content=\"3 minutos\" \/>\n<script type=\"application\/ld+json\" class=\"yoast-schema-graph\">{\"@context\":\"https:\\\/\\\/schema.org\",\"@graph\":[{\"@type\":\"WebPage\",\"@id\":\"https:\\\/\\\/cnewa.org\\\/es\\\/donde-trabajamos\\\/india\\\/\",\"url\":\"https:\\\/\\\/cnewa.org\\\/es\\\/donde-trabajamos\\\/india\\\/\",\"name\":\"India | CNEWA Espa\u00f1ol\",\"isPartOf\":{\"@id\":\"https:\\\/\\\/cnewa.org\\\/es\\\/#website\"},\"primaryImageOfPage\":{\"@id\":\"https:\\\/\\\/cnewa.org\\\/es\\\/donde-trabajamos\\\/india\\\/#primaryimage\"},\"image\":{\"@id\":\"https:\\\/\\\/cnewa.org\\\/es\\\/donde-trabajamos\\\/india\\\/#primaryimage\"},\"thumbnailUrl\":\"https:\\\/\\\/cnewa.org\\\/es\\\/wp-content\\\/uploads\\\/sites\\\/5\\\/2024\\\/06\\\/sajeendran20211_048H.jpg\",\"datePublished\":\"2021-06-28T21:50:51+00:00\",\"dateModified\":\"2024-06-18T15:06:15+00:00\",\"description\":\"De acuerdo a reportes oficiales recientes, m\u00e1s de 478.000 personas en India han muerto de COVID-19, y los n\u00fameros crecen cada hora.\",\"breadcrumb\":{\"@id\":\"https:\\\/\\\/cnewa.org\\\/es\\\/donde-trabajamos\\\/india\\\/#breadcrumb\"},\"inLanguage\":\"es\",\"potentialAction\":[{\"@type\":\"ReadAction\",\"target\":[\"https:\\\/\\\/cnewa.org\\\/es\\\/donde-trabajamos\\\/india\\\/\"]}]},{\"@type\":\"ImageObject\",\"inLanguage\":\"es\",\"@id\":\"https:\\\/\\\/cnewa.org\\\/es\\\/donde-trabajamos\\\/india\\\/#primaryimage\",\"url\":\"https:\\\/\\\/cnewa.org\\\/es\\\/wp-content\\\/uploads\\\/sites\\\/5\\\/2024\\\/06\\\/sajeendran20211_048H.jpg\",\"contentUrl\":\"https:\\\/\\\/cnewa.org\\\/es\\\/wp-content\\\/uploads\\\/sites\\\/5\\\/2024\\\/06\\\/sajeendran20211_048H.jpg\",\"width\":2560,\"height\":1707},{\"@type\":\"BreadcrumbList\",\"@id\":\"https:\\\/\\\/cnewa.org\\\/es\\\/donde-trabajamos\\\/india\\\/#breadcrumb\",\"itemListElement\":[{\"@type\":\"ListItem\",\"position\":1,\"name\":\"Inicio\",\"item\":\"https:\\\/\\\/cnewa.org\\\/es\\\/\"},{\"@type\":\"ListItem\",\"position\":2,\"name\":\"D\u00f3nde Trabajamos\",\"item\":\"https:\\\/\\\/cnewa.org\\\/es\\\/donde-trabajamos\\\/\"},{\"@type\":\"ListItem\",\"position\":3,\"name\":\"India\"}]},{\"@type\":\"WebSite\",\"@id\":\"https:\\\/\\\/cnewa.org\\\/es\\\/#website\",\"url\":\"https:\\\/\\\/cnewa.org\\\/es\\\/\",\"name\":\"CNEWA Espa\u00f1ol\",\"description\":\"Asociaci\u00f3n Cat\u00f3lica para el Bienestar del Cercano Oriente\",\"publisher\":{\"@id\":\"https:\\\/\\\/cnewa.org\\\/es\\\/#organization\"},\"potentialAction\":[{\"@type\":\"SearchAction\",\"target\":{\"@type\":\"EntryPoint\",\"urlTemplate\":\"https:\\\/\\\/cnewa.org\\\/es\\\/?s={search_term_string}\"},\"query-input\":{\"@type\":\"PropertyValueSpecification\",\"valueRequired\":true,\"valueName\":\"search_term_string\"}}],\"inLanguage\":\"es\"},{\"@type\":\"Organization\",\"@id\":\"https:\\\/\\\/cnewa.org\\\/es\\\/#organization\",\"name\":\"CNEWA Espa\u00f1ol\",\"alternateName\":\"Asociaci\u00f3n Cat\u00f3lica para el Bienestar del Cercano Oriente\",\"url\":\"https:\\\/\\\/cnewa.org\\\/es\\\/\",\"logo\":{\"@type\":\"ImageObject\",\"inLanguage\":\"es\",\"@id\":\"https:\\\/\\\/cnewa.org\\\/es\\\/#\\\/schema\\\/logo\\\/image\\\/\",\"url\":\"https:\\\/\\\/cnewa.org\\\/es\\\/wp-content\\\/uploads\\\/sites\\\/5\\\/2021\\\/07\\\/CNEWA-brand-logo.png\",\"contentUrl\":\"https:\\\/\\\/cnewa.org\\\/es\\\/wp-content\\\/uploads\\\/sites\\\/5\\\/2021\\\/07\\\/CNEWA-brand-logo.png\",\"width\":1000,\"height\":1000,\"caption\":\"CNEWA Espa\u00f1ol\"},\"image\":{\"@id\":\"https:\\\/\\\/cnewa.org\\\/es\\\/#\\\/schema\\\/logo\\\/image\\\/\"},\"sameAs\":[\"https:\\\/\\\/www.facebook.com\\\/CNEWAenespanol\\\/\",\"https:\\\/\\\/www.instagram.com\\\/cnewa1926\\\/\",\"https:\\\/\\\/www.youtube.com\\\/user\\\/TheCNEWA\"]}]}<\/script>\n<!-- \/ Yoast SEO Premium plugin. -->","yoast_head_json":{"title":"India | CNEWA Espa\u00f1ol","description":"De acuerdo a reportes oficiales recientes, m\u00e1s de 478.000 personas en India han muerto de COVID-19, y los n\u00fameros crecen cada hora.","robots":{"index":"index","follow":"follow","max-snippet":"max-snippet:-1","max-image-preview":"max-image-preview:large","max-video-preview":"max-video-preview:-1"},"canonical":"https:\/\/cnewa.org\/es\/donde-trabajamos\/india\/","og_locale":"es_ES","og_type":"article","og_title":"India","og_description":"De acuerdo a reportes oficiales recientes, m\u00e1s de 478.000 personas en India han muerto de COVID-19, y los n\u00fameros crecen cada hora.","og_url":"https:\/\/cnewa.org\/es\/donde-trabajamos\/india\/","og_site_name":"CNEWA Espa\u00f1ol","article_publisher":"https:\/\/www.facebook.com\/CNEWAenespanol\/","article_modified_time":"2024-06-18T15:06:15+00:00","og_image":[{"width":2560,"height":1707,"url":"https:\/\/cnewa.org\/es\/wp-content\/uploads\/sites\/5\/2024\/06\/sajeendran20211_048H.jpg","type":"image\/jpeg"}],"twitter_card":"summary_large_image","twitter_misc":{"Tiempo de lectura":"3 minutos"},"schema":{"@context":"https:\/\/schema.org","@graph":[{"@type":"WebPage","@id":"https:\/\/cnewa.org\/es\/donde-trabajamos\/india\/","url":"https:\/\/cnewa.org\/es\/donde-trabajamos\/india\/","name":"India | CNEWA Espa\u00f1ol","isPartOf":{"@id":"https:\/\/cnewa.org\/es\/#website"},"primaryImageOfPage":{"@id":"https:\/\/cnewa.org\/es\/donde-trabajamos\/india\/#primaryimage"},"image":{"@id":"https:\/\/cnewa.org\/es\/donde-trabajamos\/india\/#primaryimage"},"thumbnailUrl":"https:\/\/cnewa.org\/es\/wp-content\/uploads\/sites\/5\/2024\/06\/sajeendran20211_048H.jpg","datePublished":"2021-06-28T21:50:51+00:00","dateModified":"2024-06-18T15:06:15+00:00","description":"De acuerdo a reportes oficiales recientes, m\u00e1s de 478.000 personas en India han muerto de COVID-19, y los n\u00fameros crecen cada hora.","breadcrumb":{"@id":"https:\/\/cnewa.org\/es\/donde-trabajamos\/india\/#breadcrumb"},"inLanguage":"es","potentialAction":[{"@type":"ReadAction","target":["https:\/\/cnewa.org\/es\/donde-trabajamos\/india\/"]}]},{"@type":"ImageObject","inLanguage":"es","@id":"https:\/\/cnewa.org\/es\/donde-trabajamos\/india\/#primaryimage","url":"https:\/\/cnewa.org\/es\/wp-content\/uploads\/sites\/5\/2024\/06\/sajeendran20211_048H.jpg","contentUrl":"https:\/\/cnewa.org\/es\/wp-content\/uploads\/sites\/5\/2024\/06\/sajeendran20211_048H.jpg","width":2560,"height":1707},{"@type":"BreadcrumbList","@id":"https:\/\/cnewa.org\/es\/donde-trabajamos\/india\/#breadcrumb","itemListElement":[{"@type":"ListItem","position":1,"name":"Inicio","item":"https:\/\/cnewa.org\/es\/"},{"@type":"ListItem","position":2,"name":"D\u00f3nde Trabajamos","item":"https:\/\/cnewa.org\/es\/donde-trabajamos\/"},{"@type":"ListItem","position":3,"name":"India"}]},{"@type":"WebSite","@id":"https:\/\/cnewa.org\/es\/#website","url":"https:\/\/cnewa.org\/es\/","name":"CNEWA Espa\u00f1ol","description":"Asociaci\u00f3n Cat\u00f3lica para el Bienestar del Cercano Oriente","publisher":{"@id":"https:\/\/cnewa.org\/es\/#organization"},"potentialAction":[{"@type":"SearchAction","target":{"@type":"EntryPoint","urlTemplate":"https:\/\/cnewa.org\/es\/?s={search_term_string}"},"query-input":{"@type":"PropertyValueSpecification","valueRequired":true,"valueName":"search_term_string"}}],"inLanguage":"es"},{"@type":"Organization","@id":"https:\/\/cnewa.org\/es\/#organization","name":"CNEWA Espa\u00f1ol","alternateName":"Asociaci\u00f3n Cat\u00f3lica para el Bienestar del Cercano Oriente","url":"https:\/\/cnewa.org\/es\/","logo":{"@type":"ImageObject","inLanguage":"es","@id":"https:\/\/cnewa.org\/es\/#\/schema\/logo\/image\/","url":"https:\/\/cnewa.org\/es\/wp-content\/uploads\/sites\/5\/2021\/07\/CNEWA-brand-logo.png","contentUrl":"https:\/\/cnewa.org\/es\/wp-content\/uploads\/sites\/5\/2021\/07\/CNEWA-brand-logo.png","width":1000,"height":1000,"caption":"CNEWA Espa\u00f1ol"},"image":{"@id":"https:\/\/cnewa.org\/es\/#\/schema\/logo\/image\/"},"sameAs":["https:\/\/www.facebook.com\/CNEWAenespanol\/","https:\/\/www.instagram.com\/cnewa1926\/","https:\/\/www.youtube.com\/user\/TheCNEWA"]}]}},"_links":{"self":[{"href":"https:\/\/cnewa.org\/es\/wp-json\/wp\/v2\/pages\/156","targetHints":{"allow":["GET"]}}],"collection":[{"href":"https:\/\/cnewa.org\/es\/wp-json\/wp\/v2\/pages"}],"about":[{"href":"https:\/\/cnewa.org\/es\/wp-json\/wp\/v2\/types\/page"}],"author":[{"embeddable":true,"href":"https:\/\/cnewa.org\/es\/wp-json\/wp\/v2\/users\/5"}],"replies":[{"embeddable":true,"href":"https:\/\/cnewa.org\/es\/wp-json\/wp\/v2\/comments?post=156"}],"version-history":[{"count":13,"href":"https:\/\/cnewa.org\/es\/wp-json\/wp\/v2\/pages\/156\/revisions"}],"predecessor-version":[{"id":5256,"href":"https:\/\/cnewa.org\/es\/wp-json\/wp\/v2\/pages\/156\/revisions\/5256"}],"up":[{"embeddable":true,"href":"https:\/\/cnewa.org\/es\/wp-json\/wp\/v2\/pages\/142"}],"wp:featuredmedia":[{"embeddable":true,"href":"https:\/\/cnewa.org\/es\/wp-json\/wp\/v2\/media\/5251"}],"wp:attachment":[{"href":"https:\/\/cnewa.org\/es\/wp-json\/wp\/v2\/media?parent=156"}],"curies":[{"name":"wp","href":"https:\/\/api.w.org\/{rel}","templated":true}]}}