{"id":159,"date":"2021-06-28T17:54:35","date_gmt":"2021-06-28T21:54:35","guid":{"rendered":"https:\/\/cnewa.org\/es\/?page_id=159"},"modified":"2025-09-10T12:29:11","modified_gmt":"2025-09-10T16:29:11","slug":"europa-del-este","status":"publish","type":"page","link":"https:\/\/cnewa.org\/es\/donde-trabajamos\/europa-del-este\/","title":{"rendered":"Europa del Este"},"content":{"rendered":"\n<h2 class=\"wp-block-heading\" id=\"h-en-europa-del-este-la-asociacion-catolica-para-el-asociacion-catolica-para-el-bienestar-del-cercano-oriente-cnewa-enfoca-sus-actividades-en-armenia-georgia-y-ucrania-naciones-que-continuan-sus-esfuerzos-por-reconstruir-sus-paises-despues-de-decadas-de-colapso-economico-inestabilidad-politica-corrupcion-y-guerras\">En Europa del Este, la Asociaci\u00f3n Cat\u00f3lica para el Asociaci\u00f3n Cat\u00f3lica para el Bienestar del Cercano Oriente (CNEWA) enfoca sus actividades en <a href=\"https:\/\/cnewa.org\/es\/donde-trabajamos\/europa-del-este\/armenia\/\">Armenia<\/a>, <a href=\"https:\/\/cnewa.org\/es\/donde-trabajamos\/europa-del-este\/georgia\/\">Georgia<\/a> y <a href=\"https:\/\/cnewa.org\/es\/donde-trabajamos\/europa-del-este\/ucrania\/\">Ucrania<\/a>, naciones que contin\u00faan sus esfuerzos por reconstruir sus pa\u00edses despu\u00e9s de d\u00e9cadas de colapso econ\u00f3mico, inestabilidad pol\u00edtica, corrupci\u00f3n, y guerras.<\/h2>\n\n\n\n<p>Con culturas cristianas profundamente arraigadas, las peque\u00f1as comunidades cat\u00f3licas de Armenia y Georgia salen al encuentro de las personas m\u00e1s marginadas de Europa del Este a pesar de sus modestos recursos humanos y econ\u00f3micos. Las iglesias greco-cat\u00f3licas de Ucrania han revitalizado parroquias y comunidades. La Asociaci\u00f3n Cat\u00f3lica para el Bienestar del Cercano Oriente trabaja en estrecha colaboraci\u00f3n con estas comunidades de fe, centrando sus actividades en el cuidado de los pueblos aislados y marginados.<\/p>\n\n\n\n<figure class=\"wp-block-gallery has-nested-images columns-default is-cropped is-style-lightbox wp-block-gallery-2 is-layout-flex wp-block-gallery-is-layout-flex\">\n<figure class=\"wp-block-image size-large\"><img loading=\"lazy\" decoding=\"async\" width=\"1024\" height=\"686\" data-id=\"6963\" src=\"https:\/\/cnewa.org\/es\/wp-content\/uploads\/sites\/5\/2025\/07\/corso20121_09H-1024x686-1.jpg\" alt=\"Las ni\u00f1as estudian en una mesa grande.\" class=\"wp-image-6963\" srcset=\"https:\/\/cnewa.org\/es\/wp-content\/uploads\/sites\/5\/2025\/07\/corso20121_09H-1024x686-1.jpg 1024w, https:\/\/cnewa.org\/es\/wp-content\/uploads\/sites\/5\/2025\/07\/corso20121_09H-1024x686-1-300x201.jpg 300w, https:\/\/cnewa.org\/es\/wp-content\/uploads\/sites\/5\/2025\/07\/corso20121_09H-1024x686-1-768x515.jpg 768w\" sizes=\"auto, (max-width: 1024px) 100vw, 1024px\" \/><figcaption class=\"wp-element-caption\">Ni\u00f1as practican ingl\u00e9s en una guarder\u00eda de Caritas en Tbilisi. Obtenga m\u00e1s informaci\u00f3n sobre los esfuerzos para ayudar a los ni\u00f1os de Georgia en el art\u00edculo \u201cA Child&#8217;s Rights Restored\u201d de la edici\u00f3n de Marzo 2012 de la revista ONE\u2014disponible solo en ingles. (foto: Molly Corso)<\/figcaption><\/figure>\n\n\n\n<figure class=\"wp-block-image size-large\"><img loading=\"lazy\" decoding=\"async\" width=\"1024\" height=\"584\" data-id=\"6961\" src=\"https:\/\/cnewa.org\/es\/wp-content\/uploads\/sites\/5\/2025\/07\/armenakyan20201_017H-1-1024x584-1.jpg\" alt=\"Una docena de j\u00f3venes se re\u00fanen alrededor de una mesa y conversan con un sacerdote.\" class=\"wp-image-6961\" srcset=\"https:\/\/cnewa.org\/es\/wp-content\/uploads\/sites\/5\/2025\/07\/armenakyan20201_017H-1-1024x584-1.jpg 1024w, https:\/\/cnewa.org\/es\/wp-content\/uploads\/sites\/5\/2025\/07\/armenakyan20201_017H-1-1024x584-1-300x171.jpg 300w, https:\/\/cnewa.org\/es\/wp-content\/uploads\/sites\/5\/2025\/07\/armenakyan20201_017H-1-1024x584-1-768x438.jpg 768w\" sizes=\"auto, (max-width: 1024px) 100vw, 1024px\" \/><figcaption class=\"wp-element-caption\">El Padre Galstian se re\u00fane con j\u00f3venes de la Villa de Bavra. (foto: Nazik Armenakyan)<\/figcaption><\/figure>\n\n\n\n<figure class=\"wp-block-image size-large\"><img loading=\"lazy\" decoding=\"async\" width=\"1024\" height=\"678\" data-id=\"6964\" src=\"https:\/\/cnewa.org\/es\/wp-content\/uploads\/sites\/5\/2025\/07\/corso20161_001H-1024x678-1.jpg\" alt=\"Una mujer abraza a una anciana sentada.\" class=\"wp-image-6964\" srcset=\"https:\/\/cnewa.org\/es\/wp-content\/uploads\/sites\/5\/2025\/07\/corso20161_001H-1024x678-1.jpg 1024w, https:\/\/cnewa.org\/es\/wp-content\/uploads\/sites\/5\/2025\/07\/corso20161_001H-1024x678-1-300x199.jpg 300w, https:\/\/cnewa.org\/es\/wp-content\/uploads\/sites\/5\/2025\/07\/corso20161_001H-1024x678-1-768x509.jpg 768w\" sizes=\"auto, (max-width: 1024px) 100vw, 1024px\" \/><figcaption class=\"wp-element-caption\">Ivlita Kuchaidze, centro, ha sobrevivido al hambre, la guerra y la negligencia durante sus 93 a\u00f1os en Georgia, pero hoy vive en la pobreza y depende de la caridad para sobrevivir. Lea la notable historia de su vida en la edici\u00f3n de Primavera 2016 de la revista ONE\u2014disponible solo en ingl\u00e9s. (foto: Molly Corso)<\/figcaption><\/figure>\n\n\n\n<figure class=\"wp-block-image size-large\"><img loading=\"lazy\" decoding=\"async\" width=\"1024\" height=\"683\" data-id=\"6962\" src=\"https:\/\/cnewa.org\/es\/wp-content\/uploads\/sites\/5\/2025\/07\/chernichkin20181_057H-1024x683-1.jpg\" alt=\"Una monja juega afuera con un grupo de ni\u00f1os.\" class=\"wp-image-6962\" srcset=\"https:\/\/cnewa.org\/es\/wp-content\/uploads\/sites\/5\/2025\/07\/chernichkin20181_057H-1024x683-1.jpg 1024w, https:\/\/cnewa.org\/es\/wp-content\/uploads\/sites\/5\/2025\/07\/chernichkin20181_057H-1024x683-1-300x200.jpg 300w, https:\/\/cnewa.org\/es\/wp-content\/uploads\/sites\/5\/2025\/07\/chernichkin20181_057H-1024x683-1-768x512.jpg 768w\" sizes=\"auto, (max-width: 1024px) 100vw, 1024px\" \/><figcaption class=\"wp-element-caption\">Una hermana de la Orden de San Basilio el Grande juega con los ni\u00f1os de kindergarten en Lviv. (foto: Ivan Chernichkin)<\/figcaption><\/figure>\n<\/figure>\n\n\n\n<p>Las contribuciones de CNEWA para pa\u00edses de Europa del Este en el 2019 incluyeron:<\/p>\n\n\n\n<ul class=\"wp-block-list\">\n<li><strong>$17.000&nbsp;<\/strong>para apoyar la formaci\u00f3n de hombres en el Seminario Teol\u00f3gico Cat\u00f3lico Griego en Oradea, Rumania.<\/li>\n\n\n\n<li><strong>$45.000&nbsp;<\/strong>para ayudar al Ordinariato Armenio y a las Hermanas Armenias en sus programas de campamento de verano para los ni\u00f1os que viven en las zonas remotas de Armenia y Georgia.<\/li>\n\n\n\n<li><strong>$25.000&nbsp;<\/strong>para habilitar a que Blagovest Media, con sede en San Petersburgo, Rusia, adquiera modernos equipos para su programaci\u00f3n catequ\u00e9tica.<\/li>\n\n\n\n<li><strong>$129.992&nbsp;<\/strong>para asistir a que Caritas Armenia provea alimentos a 500 familias vulnerables en 15 aldeas, as\u00ed como para proporcionar suministros de calefacci\u00f3n para los ancianos.<\/li>\n\n\n\n<li><strong>$13.800&nbsp;<\/strong>para ayudar a las Hijas de Nuestra Se\u00f1ora del Perpetuo Socorro en Novoiavorivsk, Ucrania, con sus programas ministeriales para familias, los cuales enfocan su ayuda en las mujeres en crisis.<\/li>\n<\/ul>\n\n\n  <div class=\"donate-button\" id=\"minor-fund-campaign\">\n    <button class=\"donate-modal-toggle\" data-minor-fund='Europa del Este' data-minor-fund-code='EE'>Apoye nuestro trabajo en Europa del Este<\/button>\n  <\/div>\n  ","protected":false},"excerpt":{"rendered":"<p>En Europa del Este, la Asociaci\u00f3n Cat\u00f3lica para el Asociaci\u00f3n Cat\u00f3lica para el Bienestar del Cercano Oriente (CNEWA) enfoca sus actividades en Armenia, Georgia y Ucrania, naciones que contin\u00faan sus esfuerzos por reconstruir sus pa\u00edses despu\u00e9s de d\u00e9cadas de colapso econ\u00f3mico, inestabilidad pol\u00edtica, corrupci\u00f3n, y guerras. Con culturas cristianas profundamente arraigadas, las peque\u00f1as comunidades cat\u00f3licas &hellip; <a href=\"https:\/\/cnewa.org\/es\/donde-trabajamos\/europa-del-este\/\">Continued<\/a><\/p>\n","protected":false},"author":5,"featured_media":147,"parent":142,"menu_order":23,"comment_status":"closed","ping_status":"closed","template":"","meta":{"_acf_changed":false,"footnotes":""},"class_list":["post-159","page","type-page","status-publish","has-post-thumbnail","hentry"],"acf":[],"yoast_head":"<!-- This site is optimized with the Yoast SEO Premium plugin v27.3 (Yoast SEO v27.3) - https:\/\/yoast.com\/product\/yoast-seo-premium-wordpress\/ -->\n<title>Europa del Este | CNEWA Espa\u00f1ol<\/title>\n<meta name=\"robots\" content=\"index, follow, max-snippet:-1, max-image-preview:large, max-video-preview:-1\" \/>\n<link rel=\"canonical\" href=\"https:\/\/cnewa.org\/es\/donde-trabajamos\/europa-del-este\/\" \/>\n<meta property=\"og:locale\" content=\"es_ES\" \/>\n<meta property=\"og:type\" content=\"article\" \/>\n<meta property=\"og:title\" content=\"Europa del Este\" \/>\n<meta property=\"og:description\" content=\"En Europa del Este, la Asociaci\u00f3n Cat\u00f3lica para el Asociaci\u00f3n Cat\u00f3lica para el Bienestar del Cercano Oriente (CNEWA) enfoca sus actividades en Armenia, Georgia y Ucrania, naciones que contin\u00faan sus esfuerzos por reconstruir sus pa\u00edses despu\u00e9s de d\u00e9cadas de colapso econ\u00f3mico, inestabilidad pol\u00edtica, corrupci\u00f3n, y guerras. Con culturas cristianas profundamente arraigadas, las peque\u00f1as comunidades cat\u00f3licas &hellip; Continued\" \/>\n<meta property=\"og:url\" content=\"https:\/\/cnewa.org\/es\/donde-trabajamos\/europa-del-este\/\" \/>\n<meta property=\"og:site_name\" content=\"CNEWA Espa\u00f1ol\" \/>\n<meta property=\"article:publisher\" content=\"https:\/\/www.facebook.com\/CNEWAenespanol\/\" \/>\n<meta property=\"article:modified_time\" content=\"2025-09-10T16:29:11+00:00\" \/>\n<meta property=\"og:image\" content=\"https:\/\/cnewa.org\/es\/wp-content\/uploads\/sites\/5\/2021\/06\/CNEWA_Region_EasternEurope-1024x389-1.jpeg\" \/>\n\t<meta property=\"og:image:width\" content=\"1024\" \/>\n\t<meta property=\"og:image:height\" content=\"389\" \/>\n\t<meta property=\"og:image:type\" content=\"image\/jpeg\" \/>\n<meta name=\"twitter:card\" content=\"summary_large_image\" \/>\n<meta name=\"twitter:label1\" content=\"Tiempo de lectura\" \/>\n\t<meta name=\"twitter:data1\" content=\"3 minutos\" \/>\n<script type=\"application\/ld+json\" class=\"yoast-schema-graph\">{\"@context\":\"https:\\\/\\\/schema.org\",\"@graph\":[{\"@type\":\"WebPage\",\"@id\":\"https:\\\/\\\/cnewa.org\\\/es\\\/donde-trabajamos\\\/europa-del-este\\\/\",\"url\":\"https:\\\/\\\/cnewa.org\\\/es\\\/donde-trabajamos\\\/europa-del-este\\\/\",\"name\":\"Europa del Este | CNEWA Espa\u00f1ol\",\"isPartOf\":{\"@id\":\"https:\\\/\\\/cnewa.org\\\/es\\\/#website\"},\"primaryImageOfPage\":{\"@id\":\"https:\\\/\\\/cnewa.org\\\/es\\\/donde-trabajamos\\\/europa-del-este\\\/#primaryimage\"},\"image\":{\"@id\":\"https:\\\/\\\/cnewa.org\\\/es\\\/donde-trabajamos\\\/europa-del-este\\\/#primaryimage\"},\"thumbnailUrl\":\"https:\\\/\\\/cnewa.org\\\/es\\\/wp-content\\\/uploads\\\/sites\\\/5\\\/2021\\\/06\\\/CNEWA_Region_EasternEurope-1024x389-1.jpeg\",\"datePublished\":\"2021-06-28T21:54:35+00:00\",\"dateModified\":\"2025-09-10T16:29:11+00:00\",\"breadcrumb\":{\"@id\":\"https:\\\/\\\/cnewa.org\\\/es\\\/donde-trabajamos\\\/europa-del-este\\\/#breadcrumb\"},\"inLanguage\":\"es\",\"potentialAction\":[{\"@type\":\"ReadAction\",\"target\":[\"https:\\\/\\\/cnewa.org\\\/es\\\/donde-trabajamos\\\/europa-del-este\\\/\"]}]},{\"@type\":\"ImageObject\",\"inLanguage\":\"es\",\"@id\":\"https:\\\/\\\/cnewa.org\\\/es\\\/donde-trabajamos\\\/europa-del-este\\\/#primaryimage\",\"url\":\"https:\\\/\\\/cnewa.org\\\/es\\\/wp-content\\\/uploads\\\/sites\\\/5\\\/2021\\\/06\\\/CNEWA_Region_EasternEurope-1024x389-1.jpeg\",\"contentUrl\":\"https:\\\/\\\/cnewa.org\\\/es\\\/wp-content\\\/uploads\\\/sites\\\/5\\\/2021\\\/06\\\/CNEWA_Region_EasternEurope-1024x389-1.jpeg\",\"width\":1024,\"height\":389},{\"@type\":\"BreadcrumbList\",\"@id\":\"https:\\\/\\\/cnewa.org\\\/es\\\/donde-trabajamos\\\/europa-del-este\\\/#breadcrumb\",\"itemListElement\":[{\"@type\":\"ListItem\",\"position\":1,\"name\":\"Inicio\",\"item\":\"https:\\\/\\\/cnewa.org\\\/es\\\/\"},{\"@type\":\"ListItem\",\"position\":2,\"name\":\"D\u00f3nde Trabajamos\",\"item\":\"https:\\\/\\\/cnewa.org\\\/es\\\/donde-trabajamos\\\/\"},{\"@type\":\"ListItem\",\"position\":3,\"name\":\"Europa del Este\"}]},{\"@type\":\"WebSite\",\"@id\":\"https:\\\/\\\/cnewa.org\\\/es\\\/#website\",\"url\":\"https:\\\/\\\/cnewa.org\\\/es\\\/\",\"name\":\"CNEWA Espa\u00f1ol\",\"description\":\"Asociaci\u00f3n Cat\u00f3lica para el Bienestar del Cercano Oriente\",\"publisher\":{\"@id\":\"https:\\\/\\\/cnewa.org\\\/es\\\/#organization\"},\"potentialAction\":[{\"@type\":\"SearchAction\",\"target\":{\"@type\":\"EntryPoint\",\"urlTemplate\":\"https:\\\/\\\/cnewa.org\\\/es\\\/?s={search_term_string}\"},\"query-input\":{\"@type\":\"PropertyValueSpecification\",\"valueRequired\":true,\"valueName\":\"search_term_string\"}}],\"inLanguage\":\"es\"},{\"@type\":\"Organization\",\"@id\":\"https:\\\/\\\/cnewa.org\\\/es\\\/#organization\",\"name\":\"CNEWA Espa\u00f1ol\",\"alternateName\":\"Asociaci\u00f3n Cat\u00f3lica para el Bienestar del Cercano Oriente\",\"url\":\"https:\\\/\\\/cnewa.org\\\/es\\\/\",\"logo\":{\"@type\":\"ImageObject\",\"inLanguage\":\"es\",\"@id\":\"https:\\\/\\\/cnewa.org\\\/es\\\/#\\\/schema\\\/logo\\\/image\\\/\",\"url\":\"https:\\\/\\\/cnewa.org\\\/es\\\/wp-content\\\/uploads\\\/sites\\\/5\\\/2021\\\/07\\\/CNEWA-brand-logo.png\",\"contentUrl\":\"https:\\\/\\\/cnewa.org\\\/es\\\/wp-content\\\/uploads\\\/sites\\\/5\\\/2021\\\/07\\\/CNEWA-brand-logo.png\",\"width\":1000,\"height\":1000,\"caption\":\"CNEWA Espa\u00f1ol\"},\"image\":{\"@id\":\"https:\\\/\\\/cnewa.org\\\/es\\\/#\\\/schema\\\/logo\\\/image\\\/\"},\"sameAs\":[\"https:\\\/\\\/www.facebook.com\\\/CNEWAenespanol\\\/\",\"https:\\\/\\\/www.instagram.com\\\/cnewa1926\\\/\",\"https:\\\/\\\/www.youtube.com\\\/user\\\/TheCNEWA\"]}]}<\/script>\n<!-- \/ Yoast SEO Premium plugin. -->","yoast_head_json":{"title":"Europa del Este | CNEWA Espa\u00f1ol","robots":{"index":"index","follow":"follow","max-snippet":"max-snippet:-1","max-image-preview":"max-image-preview:large","max-video-preview":"max-video-preview:-1"},"canonical":"https:\/\/cnewa.org\/es\/donde-trabajamos\/europa-del-este\/","og_locale":"es_ES","og_type":"article","og_title":"Europa del Este","og_description":"En Europa del Este, la Asociaci\u00f3n Cat\u00f3lica para el Asociaci\u00f3n Cat\u00f3lica para el Bienestar del Cercano Oriente (CNEWA) enfoca sus actividades en Armenia, Georgia y Ucrania, naciones que contin\u00faan sus esfuerzos por reconstruir sus pa\u00edses despu\u00e9s de d\u00e9cadas de colapso econ\u00f3mico, inestabilidad pol\u00edtica, corrupci\u00f3n, y guerras. Con culturas cristianas profundamente arraigadas, las peque\u00f1as comunidades cat\u00f3licas &hellip; Continued","og_url":"https:\/\/cnewa.org\/es\/donde-trabajamos\/europa-del-este\/","og_site_name":"CNEWA Espa\u00f1ol","article_publisher":"https:\/\/www.facebook.com\/CNEWAenespanol\/","article_modified_time":"2025-09-10T16:29:11+00:00","og_image":[{"width":1024,"height":389,"url":"https:\/\/cnewa.org\/es\/wp-content\/uploads\/sites\/5\/2021\/06\/CNEWA_Region_EasternEurope-1024x389-1.jpeg","type":"image\/jpeg"}],"twitter_card":"summary_large_image","twitter_misc":{"Tiempo de lectura":"3 minutos"},"schema":{"@context":"https:\/\/schema.org","@graph":[{"@type":"WebPage","@id":"https:\/\/cnewa.org\/es\/donde-trabajamos\/europa-del-este\/","url":"https:\/\/cnewa.org\/es\/donde-trabajamos\/europa-del-este\/","name":"Europa del Este | CNEWA Espa\u00f1ol","isPartOf":{"@id":"https:\/\/cnewa.org\/es\/#website"},"primaryImageOfPage":{"@id":"https:\/\/cnewa.org\/es\/donde-trabajamos\/europa-del-este\/#primaryimage"},"image":{"@id":"https:\/\/cnewa.org\/es\/donde-trabajamos\/europa-del-este\/#primaryimage"},"thumbnailUrl":"https:\/\/cnewa.org\/es\/wp-content\/uploads\/sites\/5\/2021\/06\/CNEWA_Region_EasternEurope-1024x389-1.jpeg","datePublished":"2021-06-28T21:54:35+00:00","dateModified":"2025-09-10T16:29:11+00:00","breadcrumb":{"@id":"https:\/\/cnewa.org\/es\/donde-trabajamos\/europa-del-este\/#breadcrumb"},"inLanguage":"es","potentialAction":[{"@type":"ReadAction","target":["https:\/\/cnewa.org\/es\/donde-trabajamos\/europa-del-este\/"]}]},{"@type":"ImageObject","inLanguage":"es","@id":"https:\/\/cnewa.org\/es\/donde-trabajamos\/europa-del-este\/#primaryimage","url":"https:\/\/cnewa.org\/es\/wp-content\/uploads\/sites\/5\/2021\/06\/CNEWA_Region_EasternEurope-1024x389-1.jpeg","contentUrl":"https:\/\/cnewa.org\/es\/wp-content\/uploads\/sites\/5\/2021\/06\/CNEWA_Region_EasternEurope-1024x389-1.jpeg","width":1024,"height":389},{"@type":"BreadcrumbList","@id":"https:\/\/cnewa.org\/es\/donde-trabajamos\/europa-del-este\/#breadcrumb","itemListElement":[{"@type":"ListItem","position":1,"name":"Inicio","item":"https:\/\/cnewa.org\/es\/"},{"@type":"ListItem","position":2,"name":"D\u00f3nde Trabajamos","item":"https:\/\/cnewa.org\/es\/donde-trabajamos\/"},{"@type":"ListItem","position":3,"name":"Europa del Este"}]},{"@type":"WebSite","@id":"https:\/\/cnewa.org\/es\/#website","url":"https:\/\/cnewa.org\/es\/","name":"CNEWA Espa\u00f1ol","description":"Asociaci\u00f3n Cat\u00f3lica para el Bienestar del Cercano Oriente","publisher":{"@id":"https:\/\/cnewa.org\/es\/#organization"},"potentialAction":[{"@type":"SearchAction","target":{"@type":"EntryPoint","urlTemplate":"https:\/\/cnewa.org\/es\/?s={search_term_string}"},"query-input":{"@type":"PropertyValueSpecification","valueRequired":true,"valueName":"search_term_string"}}],"inLanguage":"es"},{"@type":"Organization","@id":"https:\/\/cnewa.org\/es\/#organization","name":"CNEWA Espa\u00f1ol","alternateName":"Asociaci\u00f3n Cat\u00f3lica para el Bienestar del Cercano Oriente","url":"https:\/\/cnewa.org\/es\/","logo":{"@type":"ImageObject","inLanguage":"es","@id":"https:\/\/cnewa.org\/es\/#\/schema\/logo\/image\/","url":"https:\/\/cnewa.org\/es\/wp-content\/uploads\/sites\/5\/2021\/07\/CNEWA-brand-logo.png","contentUrl":"https:\/\/cnewa.org\/es\/wp-content\/uploads\/sites\/5\/2021\/07\/CNEWA-brand-logo.png","width":1000,"height":1000,"caption":"CNEWA Espa\u00f1ol"},"image":{"@id":"https:\/\/cnewa.org\/es\/#\/schema\/logo\/image\/"},"sameAs":["https:\/\/www.facebook.com\/CNEWAenespanol\/","https:\/\/www.instagram.com\/cnewa1926\/","https:\/\/www.youtube.com\/user\/TheCNEWA"]}]}},"_links":{"self":[{"href":"https:\/\/cnewa.org\/es\/wp-json\/wp\/v2\/pages\/159","targetHints":{"allow":["GET"]}}],"collection":[{"href":"https:\/\/cnewa.org\/es\/wp-json\/wp\/v2\/pages"}],"about":[{"href":"https:\/\/cnewa.org\/es\/wp-json\/wp\/v2\/types\/page"}],"author":[{"embeddable":true,"href":"https:\/\/cnewa.org\/es\/wp-json\/wp\/v2\/users\/5"}],"replies":[{"embeddable":true,"href":"https:\/\/cnewa.org\/es\/wp-json\/wp\/v2\/comments?post=159"}],"version-history":[{"count":21,"href":"https:\/\/cnewa.org\/es\/wp-json\/wp\/v2\/pages\/159\/revisions"}],"predecessor-version":[{"id":7126,"href":"https:\/\/cnewa.org\/es\/wp-json\/wp\/v2\/pages\/159\/revisions\/7126"}],"up":[{"embeddable":true,"href":"https:\/\/cnewa.org\/es\/wp-json\/wp\/v2\/pages\/142"}],"wp:featuredmedia":[{"embeddable":true,"href":"https:\/\/cnewa.org\/es\/wp-json\/wp\/v2\/media\/147"}],"wp:attachment":[{"href":"https:\/\/cnewa.org\/es\/wp-json\/wp\/v2\/media?parent=159"}],"curies":[{"name":"wp","href":"https:\/\/api.w.org\/{rel}","templated":true}]}}