{"id":166,"date":"2021-06-29T15:08:30","date_gmt":"2021-06-29T19:08:30","guid":{"rendered":"https:\/\/cnewa.org\/es\/?page_id=166"},"modified":"2025-11-05T10:51:04","modified_gmt":"2025-11-05T15:51:04","slug":"intenciones-para-misas","status":"publish","type":"page","link":"https:\/\/cnewa.org\/es\/intenciones-para-misas\/","title":{"rendered":"Intenciones para Misas"},"content":{"rendered":"\n<p>En la tradici\u00f3n de la Iglesia Cat\u00f3lica, ninguna oraci\u00f3n es m\u00e1s apreciada o poderosa que el santo sacrificio de la Misa. Ya sea que se celebre en una gran catedral o en una humilde capilla, es una ofrenda de amor puro que hace posible el mayor regalo de Cristo, su Presencia Real. En la asociaci\u00f3n Asociaci\u00f3n Cat\u00f3lica para el Bienestar del Cercano Oriente (CNEWA), tenemos el privilegio de ofrecer oportunidades para que los sacerdotes de los pa\u00edses a los que servimos digan esta oraci\u00f3n, en recuerdo de un ser querido, por sus intenciones especiales o simplemente para que otros sepan que se est\u00e1 orando por ellos.<\/p>\n\n\n\n<figure class=\"wp-block-gallery has-nested-images columns-default is-cropped is-style-lightbox wp-block-gallery-2 is-layout-flex wp-block-gallery-is-layout-flex\">\n<figure class=\"wp-block-image size-large\"><img loading=\"lazy\" decoding=\"async\" width=\"802\" height=\"1024\" data-id=\"7385\" src=\"https:\/\/cnewa.org\/es\/wp-content\/uploads\/sites\/5\/2025\/11\/2G2H204-802x1024.jpg\" alt=\"Cristo Nuestro Salvador, El Greco.\" class=\"wp-image-7385\" srcset=\"https:\/\/cnewa.org\/es\/wp-content\/uploads\/sites\/5\/2025\/11\/2G2H204-802x1024.jpg 802w, https:\/\/cnewa.org\/es\/wp-content\/uploads\/sites\/5\/2025\/11\/2G2H204-235x300.jpg 235w, https:\/\/cnewa.org\/es\/wp-content\/uploads\/sites\/5\/2025\/11\/2G2H204-768x980.jpg 768w, https:\/\/cnewa.org\/es\/wp-content\/uploads\/sites\/5\/2025\/11\/2G2H204-1203x1536.jpg 1203w, https:\/\/cnewa.org\/es\/wp-content\/uploads\/sites\/5\/2025\/11\/2G2H204-1604x2048.jpg 1604w, https:\/\/cnewa.org\/es\/wp-content\/uploads\/sites\/5\/2025\/11\/2G2H204-1600x2043.jpg 1600w, https:\/\/cnewa.org\/es\/wp-content\/uploads\/sites\/5\/2025\/11\/2G2H204.jpg 1800w\" sizes=\"auto, (max-width: 802px) 100vw, 802px\" \/><figcaption class=\"wp-element-caption\">El Greco, Cristo Nuestro Salvador, c. 1612, Museo de El Greco, Toledo, Espa\u00f1a (Artefacto \/ Foto de archivo de Alamy)<\/figcaption><\/figure>\n\n\n\n<figure class=\"wp-block-image size-large\"><img loading=\"lazy\" decoding=\"async\" width=\"743\" height=\"1024\" data-id=\"7386\" src=\"https:\/\/cnewa.org\/es\/wp-content\/uploads\/sites\/5\/2025\/11\/El_Greco_-_Pieta_-_WGA10426-743x1024.jpg\" alt=\"La Lamentaci\u00f3n, El Greco.\" class=\"wp-image-7386\" srcset=\"https:\/\/cnewa.org\/es\/wp-content\/uploads\/sites\/5\/2025\/11\/El_Greco_-_Pieta_-_WGA10426-743x1024.jpg 743w, https:\/\/cnewa.org\/es\/wp-content\/uploads\/sites\/5\/2025\/11\/El_Greco_-_Pieta_-_WGA10426-218x300.jpg 218w, https:\/\/cnewa.org\/es\/wp-content\/uploads\/sites\/5\/2025\/11\/El_Greco_-_Pieta_-_WGA10426-768x1059.jpg 768w, https:\/\/cnewa.org\/es\/wp-content\/uploads\/sites\/5\/2025\/11\/El_Greco_-_Pieta_-_WGA10426-1114x1536.jpg 1114w, https:\/\/cnewa.org\/es\/wp-content\/uploads\/sites\/5\/2025\/11\/El_Greco_-_Pieta_-_WGA10426-1485x2048.jpg 1485w, https:\/\/cnewa.org\/es\/wp-content\/uploads\/sites\/5\/2025\/11\/El_Greco_-_Pieta_-_WGA10426-1600x2206.jpg 1600w, https:\/\/cnewa.org\/es\/wp-content\/uploads\/sites\/5\/2025\/11\/El_Greco_-_Pieta_-_WGA10426.jpg 1800w\" sizes=\"auto, (max-width: 743px) 100vw, 743px\" \/><figcaption class=\"wp-element-caption\">El Greco, Lamentaci\u00f3n, principios de la d\u00e9cada de 1570 (Cortes\u00eda del Museo de Arte de Filadelfia)<\/figcaption><\/figure>\n\n\n\n<figure class=\"wp-block-image size-large\"><img loading=\"lazy\" decoding=\"async\" width=\"554\" height=\"1024\" data-id=\"7387\" src=\"https:\/\/cnewa.org\/es\/wp-content\/uploads\/sites\/5\/2025\/11\/madonna_and_child_with_saint_martina_and_saint_agnes_1942.9.26-554x1024.jpg\" alt=\"Virgen con el Ni\u00f1o, Santa Martina y Santa In\u00e9s, El Greco.\" class=\"wp-image-7387\" srcset=\"https:\/\/cnewa.org\/es\/wp-content\/uploads\/sites\/5\/2025\/11\/madonna_and_child_with_saint_martina_and_saint_agnes_1942.9.26-554x1024.jpg 554w, https:\/\/cnewa.org\/es\/wp-content\/uploads\/sites\/5\/2025\/11\/madonna_and_child_with_saint_martina_and_saint_agnes_1942.9.26-162x300.jpg 162w, https:\/\/cnewa.org\/es\/wp-content\/uploads\/sites\/5\/2025\/11\/madonna_and_child_with_saint_martina_and_saint_agnes_1942.9.26-768x1419.jpg 768w, https:\/\/cnewa.org\/es\/wp-content\/uploads\/sites\/5\/2025\/11\/madonna_and_child_with_saint_martina_and_saint_agnes_1942.9.26-831x1536.jpg 831w, https:\/\/cnewa.org\/es\/wp-content\/uploads\/sites\/5\/2025\/11\/madonna_and_child_with_saint_martina_and_saint_agnes_1942.9.26-1108x2048.jpg 1108w, https:\/\/cnewa.org\/es\/wp-content\/uploads\/sites\/5\/2025\/11\/madonna_and_child_with_saint_martina_and_saint_agnes_1942.9.26-1600x2956.jpg 1600w, https:\/\/cnewa.org\/es\/wp-content\/uploads\/sites\/5\/2025\/11\/madonna_and_child_with_saint_martina_and_saint_agnes_1942.9.26-scaled.jpg 1385w\" sizes=\"auto, (max-width: 554px) 100vw, 554px\" \/><figcaption class=\"wp-element-caption\">El Greco, Virgen con el Ni\u00f1o, Santa Martina y Santa In\u00e9s, 1597\/1599, Galer\u00eda Nacional de Arte, Washington (Cortes\u00eda de la Galer\u00eda Nacional de Arte, Washington)<\/figcaption><\/figure>\n<\/figure>\n\n\n\n<h4 class=\"wp-block-heading\" id=\"h-misas-gregorianas\">Misas Gregorianas<\/h4>\n\n\n\n<p>Se conoce como Misas Gregorianas a la tradici\u00f3n de celebrar 30 misas consecutivas para que una persona libere su alma del purgatorio.<\/p>\n\n\n\n<div class=\"wp-block-buttons is-layout-flex wp-block-buttons-is-layout-flex\">\n<div class=\"wp-block-button\"><a class=\"wp-block-button__link wp-element-button\" href=\"https:\/\/cnewa.org\/es\/intenciones-para-misas\/misas-gregorianas\/\">Solicite Misas<\/a><\/div>\n<\/div>\n\n\n\n<h4 class=\"wp-block-heading\" id=\"h-misas-por-los-difuntos\">Misas por los Difuntos<\/h4>\n\n\n\n<p>Es la celebraci\u00f3n de Misas por el reposo del alma de una persona que ha fallecido.<\/p>\n\n\n\n<div class=\"wp-block-buttons is-layout-flex wp-block-buttons-is-layout-flex\">\n<div class=\"wp-block-button\"><a class=\"wp-block-button__link wp-element-button\" href=\"https:\/\/cnewa.org\/es\/intenciones-para-misas\/misas-por-los-difuntos\/\">Solicite Misas<\/a><\/div>\n<\/div>\n\n\n\n<h4 class=\"wp-block-heading\" id=\"h-misas-para-intenciones-especiales\">Misas para Intenciones Especiales<\/h4>\n\n\n\n<p>Es la celebraci\u00f3n de Misas para intenciones especiales.<\/p>\n\n\n\n<div class=\"wp-block-buttons is-layout-flex wp-block-buttons-is-layout-flex\">\n<div class=\"wp-block-button\"><a class=\"wp-block-button__link wp-element-button\" href=\"https:\/\/cnewa.org\/es\/intenciones-para-misas\/misas-para-intenciones-especiales\/\">Solicite Misas<\/a><\/div>\n<\/div>\n","protected":false},"excerpt":{"rendered":"<p>En la tradici\u00f3n de la Iglesia Cat\u00f3lica, ninguna oraci\u00f3n es m\u00e1s apreciada o poderosa que el santo sacrificio de la Misa. Ya sea que se celebre en una gran catedral o en una humilde capilla, es una ofrenda de amor puro que hace posible el mayor regalo de Cristo, su Presencia Real. En la asociaci\u00f3n &hellip; <a href=\"https:\/\/cnewa.org\/es\/intenciones-para-misas\/\">Continued<\/a><\/p>\n","protected":false},"author":5,"featured_media":7389,"parent":0,"menu_order":14,"comment_status":"closed","ping_status":"closed","template":"","meta":{"_acf_changed":false,"footnotes":""},"class_list":["post-166","page","type-page","status-publish","has-post-thumbnail","hentry"],"acf":[],"yoast_head":"<!-- This site is optimized with the Yoast SEO Premium plugin v27.3 (Yoast SEO v27.3) - https:\/\/yoast.com\/product\/yoast-seo-premium-wordpress\/ -->\n<title>Intenciones para Misas: CNEWA en espa\u00f1ol<\/title>\n<meta name=\"description\" content=\"En CNEWA, ofrecemos oportunidades para que sacerdotes de los pa\u00edses a los que servimos realicen sus intenciones para Misas.\" \/>\n<meta name=\"robots\" content=\"index, follow, max-snippet:-1, max-image-preview:large, max-video-preview:-1\" \/>\n<link rel=\"canonical\" href=\"https:\/\/cnewa.org\/es\/intenciones-para-misas\/\" \/>\n<meta property=\"og:locale\" content=\"es_ES\" \/>\n<meta property=\"og:type\" content=\"article\" \/>\n<meta property=\"og:title\" content=\"Intenciones para Misas\" \/>\n<meta property=\"og:description\" content=\"En CNEWA, ofrecemos oportunidades para que sacerdotes de los pa\u00edses a los que servimos realicen sus intenciones para Misas.\" \/>\n<meta property=\"og:url\" content=\"https:\/\/cnewa.org\/es\/intenciones-para-misas\/\" \/>\n<meta property=\"og:site_name\" content=\"CNEWA Espa\u00f1ol\" \/>\n<meta property=\"article:publisher\" content=\"https:\/\/www.facebook.com\/CNEWAenespanol\/\" \/>\n<meta property=\"article:modified_time\" content=\"2025-11-05T15:51:04+00:00\" \/>\n<meta property=\"og:image\" content=\"https:\/\/cnewa.org\/es\/wp-content\/uploads\/sites\/5\/2025\/11\/saadeh202509_090H-e1762276667189.jpg\" \/>\n\t<meta property=\"og:image:width\" content=\"1593\" \/>\n\t<meta property=\"og:image:height\" content=\"750\" \/>\n\t<meta property=\"og:image:type\" content=\"image\/jpeg\" \/>\n<meta name=\"twitter:card\" content=\"summary_large_image\" \/>\n<meta name=\"twitter:label1\" content=\"Tiempo de lectura\" \/>\n\t<meta name=\"twitter:data1\" content=\"2 minutos\" \/>\n<script type=\"application\/ld+json\" class=\"yoast-schema-graph\">{\"@context\":\"https:\\\/\\\/schema.org\",\"@graph\":[{\"@type\":\"WebPage\",\"@id\":\"https:\\\/\\\/cnewa.org\\\/es\\\/intenciones-para-misas\\\/\",\"url\":\"https:\\\/\\\/cnewa.org\\\/es\\\/intenciones-para-misas\\\/\",\"name\":\"Intenciones para Misas: CNEWA en espa\u00f1ol\",\"isPartOf\":{\"@id\":\"https:\\\/\\\/cnewa.org\\\/es\\\/#website\"},\"primaryImageOfPage\":{\"@id\":\"https:\\\/\\\/cnewa.org\\\/es\\\/intenciones-para-misas\\\/#primaryimage\"},\"image\":{\"@id\":\"https:\\\/\\\/cnewa.org\\\/es\\\/intenciones-para-misas\\\/#primaryimage\"},\"thumbnailUrl\":\"https:\\\/\\\/cnewa.org\\\/es\\\/wp-content\\\/uploads\\\/sites\\\/5\\\/2025\\\/11\\\/saadeh202509_090H-e1762276667189.jpg\",\"datePublished\":\"2021-06-29T19:08:30+00:00\",\"dateModified\":\"2025-11-05T15:51:04+00:00\",\"description\":\"En CNEWA, ofrecemos oportunidades para que sacerdotes de los pa\u00edses a los que servimos realicen sus intenciones para Misas.\",\"breadcrumb\":{\"@id\":\"https:\\\/\\\/cnewa.org\\\/es\\\/intenciones-para-misas\\\/#breadcrumb\"},\"inLanguage\":\"es\",\"potentialAction\":[{\"@type\":\"ReadAction\",\"target\":[\"https:\\\/\\\/cnewa.org\\\/es\\\/intenciones-para-misas\\\/\"]}]},{\"@type\":\"ImageObject\",\"inLanguage\":\"es\",\"@id\":\"https:\\\/\\\/cnewa.org\\\/es\\\/intenciones-para-misas\\\/#primaryimage\",\"url\":\"https:\\\/\\\/cnewa.org\\\/es\\\/wp-content\\\/uploads\\\/sites\\\/5\\\/2025\\\/11\\\/saadeh202509_090H-e1762276667189.jpg\",\"contentUrl\":\"https:\\\/\\\/cnewa.org\\\/es\\\/wp-content\\\/uploads\\\/sites\\\/5\\\/2025\\\/11\\\/saadeh202509_090H-e1762276667189.jpg\",\"width\":1593,\"height\":750,\"caption\":\"La imagen muestra la espalda de un sacerdote celebrando la misa.\"},{\"@type\":\"BreadcrumbList\",\"@id\":\"https:\\\/\\\/cnewa.org\\\/es\\\/intenciones-para-misas\\\/#breadcrumb\",\"itemListElement\":[{\"@type\":\"ListItem\",\"position\":1,\"name\":\"Inicio\",\"item\":\"https:\\\/\\\/cnewa.org\\\/es\\\/\"},{\"@type\":\"ListItem\",\"position\":2,\"name\":\"Intenciones para Misas\"}]},{\"@type\":\"WebSite\",\"@id\":\"https:\\\/\\\/cnewa.org\\\/es\\\/#website\",\"url\":\"https:\\\/\\\/cnewa.org\\\/es\\\/\",\"name\":\"CNEWA Espa\u00f1ol\",\"description\":\"Asociaci\u00f3n Cat\u00f3lica para el Bienestar del Cercano Oriente\",\"publisher\":{\"@id\":\"https:\\\/\\\/cnewa.org\\\/es\\\/#organization\"},\"potentialAction\":[{\"@type\":\"SearchAction\",\"target\":{\"@type\":\"EntryPoint\",\"urlTemplate\":\"https:\\\/\\\/cnewa.org\\\/es\\\/?s={search_term_string}\"},\"query-input\":{\"@type\":\"PropertyValueSpecification\",\"valueRequired\":true,\"valueName\":\"search_term_string\"}}],\"inLanguage\":\"es\"},{\"@type\":\"Organization\",\"@id\":\"https:\\\/\\\/cnewa.org\\\/es\\\/#organization\",\"name\":\"CNEWA Espa\u00f1ol\",\"alternateName\":\"Asociaci\u00f3n Cat\u00f3lica para el Bienestar del Cercano Oriente\",\"url\":\"https:\\\/\\\/cnewa.org\\\/es\\\/\",\"logo\":{\"@type\":\"ImageObject\",\"inLanguage\":\"es\",\"@id\":\"https:\\\/\\\/cnewa.org\\\/es\\\/#\\\/schema\\\/logo\\\/image\\\/\",\"url\":\"https:\\\/\\\/cnewa.org\\\/es\\\/wp-content\\\/uploads\\\/sites\\\/5\\\/2021\\\/07\\\/CNEWA-brand-logo.png\",\"contentUrl\":\"https:\\\/\\\/cnewa.org\\\/es\\\/wp-content\\\/uploads\\\/sites\\\/5\\\/2021\\\/07\\\/CNEWA-brand-logo.png\",\"width\":1000,\"height\":1000,\"caption\":\"CNEWA Espa\u00f1ol\"},\"image\":{\"@id\":\"https:\\\/\\\/cnewa.org\\\/es\\\/#\\\/schema\\\/logo\\\/image\\\/\"},\"sameAs\":[\"https:\\\/\\\/www.facebook.com\\\/CNEWAenespanol\\\/\",\"https:\\\/\\\/www.instagram.com\\\/cnewa1926\\\/\",\"https:\\\/\\\/www.youtube.com\\\/user\\\/TheCNEWA\"]}]}<\/script>\n<!-- \/ Yoast SEO Premium plugin. -->","yoast_head_json":{"title":"Intenciones para Misas: CNEWA en espa\u00f1ol","description":"En CNEWA, ofrecemos oportunidades para que sacerdotes de los pa\u00edses a los que servimos realicen sus intenciones para Misas.","robots":{"index":"index","follow":"follow","max-snippet":"max-snippet:-1","max-image-preview":"max-image-preview:large","max-video-preview":"max-video-preview:-1"},"canonical":"https:\/\/cnewa.org\/es\/intenciones-para-misas\/","og_locale":"es_ES","og_type":"article","og_title":"Intenciones para Misas","og_description":"En CNEWA, ofrecemos oportunidades para que sacerdotes de los pa\u00edses a los que servimos realicen sus intenciones para Misas.","og_url":"https:\/\/cnewa.org\/es\/intenciones-para-misas\/","og_site_name":"CNEWA Espa\u00f1ol","article_publisher":"https:\/\/www.facebook.com\/CNEWAenespanol\/","article_modified_time":"2025-11-05T15:51:04+00:00","og_image":[{"width":1593,"height":750,"url":"https:\/\/cnewa.org\/es\/wp-content\/uploads\/sites\/5\/2025\/11\/saadeh202509_090H-e1762276667189.jpg","type":"image\/jpeg"}],"twitter_card":"summary_large_image","twitter_misc":{"Tiempo de lectura":"2 minutos"},"schema":{"@context":"https:\/\/schema.org","@graph":[{"@type":"WebPage","@id":"https:\/\/cnewa.org\/es\/intenciones-para-misas\/","url":"https:\/\/cnewa.org\/es\/intenciones-para-misas\/","name":"Intenciones para Misas: CNEWA en espa\u00f1ol","isPartOf":{"@id":"https:\/\/cnewa.org\/es\/#website"},"primaryImageOfPage":{"@id":"https:\/\/cnewa.org\/es\/intenciones-para-misas\/#primaryimage"},"image":{"@id":"https:\/\/cnewa.org\/es\/intenciones-para-misas\/#primaryimage"},"thumbnailUrl":"https:\/\/cnewa.org\/es\/wp-content\/uploads\/sites\/5\/2025\/11\/saadeh202509_090H-e1762276667189.jpg","datePublished":"2021-06-29T19:08:30+00:00","dateModified":"2025-11-05T15:51:04+00:00","description":"En CNEWA, ofrecemos oportunidades para que sacerdotes de los pa\u00edses a los que servimos realicen sus intenciones para Misas.","breadcrumb":{"@id":"https:\/\/cnewa.org\/es\/intenciones-para-misas\/#breadcrumb"},"inLanguage":"es","potentialAction":[{"@type":"ReadAction","target":["https:\/\/cnewa.org\/es\/intenciones-para-misas\/"]}]},{"@type":"ImageObject","inLanguage":"es","@id":"https:\/\/cnewa.org\/es\/intenciones-para-misas\/#primaryimage","url":"https:\/\/cnewa.org\/es\/wp-content\/uploads\/sites\/5\/2025\/11\/saadeh202509_090H-e1762276667189.jpg","contentUrl":"https:\/\/cnewa.org\/es\/wp-content\/uploads\/sites\/5\/2025\/11\/saadeh202509_090H-e1762276667189.jpg","width":1593,"height":750,"caption":"La imagen muestra la espalda de un sacerdote celebrando la misa."},{"@type":"BreadcrumbList","@id":"https:\/\/cnewa.org\/es\/intenciones-para-misas\/#breadcrumb","itemListElement":[{"@type":"ListItem","position":1,"name":"Inicio","item":"https:\/\/cnewa.org\/es\/"},{"@type":"ListItem","position":2,"name":"Intenciones para Misas"}]},{"@type":"WebSite","@id":"https:\/\/cnewa.org\/es\/#website","url":"https:\/\/cnewa.org\/es\/","name":"CNEWA Espa\u00f1ol","description":"Asociaci\u00f3n Cat\u00f3lica para el Bienestar del Cercano Oriente","publisher":{"@id":"https:\/\/cnewa.org\/es\/#organization"},"potentialAction":[{"@type":"SearchAction","target":{"@type":"EntryPoint","urlTemplate":"https:\/\/cnewa.org\/es\/?s={search_term_string}"},"query-input":{"@type":"PropertyValueSpecification","valueRequired":true,"valueName":"search_term_string"}}],"inLanguage":"es"},{"@type":"Organization","@id":"https:\/\/cnewa.org\/es\/#organization","name":"CNEWA Espa\u00f1ol","alternateName":"Asociaci\u00f3n Cat\u00f3lica para el Bienestar del Cercano Oriente","url":"https:\/\/cnewa.org\/es\/","logo":{"@type":"ImageObject","inLanguage":"es","@id":"https:\/\/cnewa.org\/es\/#\/schema\/logo\/image\/","url":"https:\/\/cnewa.org\/es\/wp-content\/uploads\/sites\/5\/2021\/07\/CNEWA-brand-logo.png","contentUrl":"https:\/\/cnewa.org\/es\/wp-content\/uploads\/sites\/5\/2021\/07\/CNEWA-brand-logo.png","width":1000,"height":1000,"caption":"CNEWA Espa\u00f1ol"},"image":{"@id":"https:\/\/cnewa.org\/es\/#\/schema\/logo\/image\/"},"sameAs":["https:\/\/www.facebook.com\/CNEWAenespanol\/","https:\/\/www.instagram.com\/cnewa1926\/","https:\/\/www.youtube.com\/user\/TheCNEWA"]}]}},"_links":{"self":[{"href":"https:\/\/cnewa.org\/es\/wp-json\/wp\/v2\/pages\/166","targetHints":{"allow":["GET"]}}],"collection":[{"href":"https:\/\/cnewa.org\/es\/wp-json\/wp\/v2\/pages"}],"about":[{"href":"https:\/\/cnewa.org\/es\/wp-json\/wp\/v2\/types\/page"}],"author":[{"embeddable":true,"href":"https:\/\/cnewa.org\/es\/wp-json\/wp\/v2\/users\/5"}],"replies":[{"embeddable":true,"href":"https:\/\/cnewa.org\/es\/wp-json\/wp\/v2\/comments?post=166"}],"version-history":[{"count":16,"href":"https:\/\/cnewa.org\/es\/wp-json\/wp\/v2\/pages\/166\/revisions"}],"predecessor-version":[{"id":7391,"href":"https:\/\/cnewa.org\/es\/wp-json\/wp\/v2\/pages\/166\/revisions\/7391"}],"wp:featuredmedia":[{"embeddable":true,"href":"https:\/\/cnewa.org\/es\/wp-json\/wp\/v2\/media\/7389"}],"wp:attachment":[{"href":"https:\/\/cnewa.org\/es\/wp-json\/wp\/v2\/media?parent=166"}],"curies":[{"name":"wp","href":"https:\/\/api.w.org\/{rel}","templated":true}]}}