{"id":175,"date":"2021-06-29T15:20:25","date_gmt":"2021-06-29T19:20:25","guid":{"rendered":"https:\/\/cnewa.org\/es\/?page_id=175"},"modified":"2026-02-24T17:03:05","modified_gmt":"2026-02-24T22:03:05","slug":"donacion","status":"publish","type":"page","link":"https:\/\/cnewa.org\/es\/donacion\/","title":{"rendered":"Ay\u00fadenos a hacer el bien en el mundo"},"content":{"rendered":"\n<p>Su donaci\u00f3n puede ser deducible de impuestos de acuerdo con la ley. Somos una organizaci\u00f3n ben\u00e9fica 501 (c) (3). Nuestro n\u00famero de identificaci\u00f3n fiscal es 13-1623929.<\/p>\n\n\n\n<iframe loading=\"lazy\" id=\"mcrmIframe\" src=\"https:\/\/secure.cnewa.org\/Donation\/HQ-ES-donate\/\" height=\"800\" width=\"100%\"><\/iframe>\n","protected":false},"excerpt":{"rendered":"<p>Su donaci\u00f3n puede ser deducible de impuestos de acuerdo con la ley. Somos una organizaci\u00f3n ben\u00e9fica 501 (c) (3). Nuestro n\u00famero de identificaci\u00f3n fiscal es 13-1623929.<\/p>\n","protected":false},"author":5,"featured_media":0,"parent":0,"menu_order":25,"comment_status":"closed","ping_status":"closed","template":"","meta":{"_acf_changed":false,"footnotes":""},"class_list":["post-175","page","type-page","status-publish","hentry"],"acf":[],"yoast_head":"<!-- This site is optimized with the Yoast SEO Premium plugin v27.2 (Yoast SEO v27.2) - https:\/\/yoast.com\/product\/yoast-seo-premium-wordpress\/ -->\n<title>Ay\u00fadenos a hacer el bien en el mundo | CNEWA Espa\u00f1ol<\/title>\n<meta name=\"robots\" content=\"index, follow, max-snippet:-1, max-image-preview:large, max-video-preview:-1\" \/>\n<link rel=\"canonical\" href=\"https:\/\/cnewa.org\/es\/donacion\/\" \/>\n<meta property=\"og:locale\" content=\"es_ES\" \/>\n<meta property=\"og:type\" content=\"article\" \/>\n<meta property=\"og:title\" content=\"Ay\u00fadenos a hacer el bien en el mundo\" \/>\n<meta property=\"og:description\" content=\"Su donaci\u00f3n puede ser deducible de impuestos de acuerdo con la ley. Somos una organizaci\u00f3n ben\u00e9fica 501 (c) (3). Nuestro n\u00famero de identificaci\u00f3n fiscal es 13-1623929.\" \/>\n<meta property=\"og:url\" content=\"https:\/\/cnewa.org\/es\/donacion\/\" \/>\n<meta property=\"og:site_name\" content=\"CNEWA Espa\u00f1ol\" \/>\n<meta property=\"article:publisher\" content=\"https:\/\/www.facebook.com\/CNEWAenespanol\/\" \/>\n<meta property=\"article:modified_time\" content=\"2026-02-24T22:03:05+00:00\" \/>\n<meta name=\"twitter:card\" content=\"summary_large_image\" \/>\n<meta name=\"twitter:label1\" content=\"Tiempo de lectura\" \/>\n\t<meta name=\"twitter:data1\" content=\"1 minuto\" \/>\n<script type=\"application\/ld+json\" class=\"yoast-schema-graph\">{\"@context\":\"https:\/\/schema.org\",\"@graph\":[{\"@type\":\"WebPage\",\"@id\":\"https:\/\/cnewa.org\/es\/donacion\/\",\"url\":\"https:\/\/cnewa.org\/es\/donacion\/\",\"name\":\"Ay\u00fadenos a hacer el bien en el mundo | CNEWA Espa\u00f1ol\",\"isPartOf\":{\"@id\":\"https:\/\/cnewa.org\/es\/#website\"},\"datePublished\":\"2021-06-29T19:20:25+00:00\",\"dateModified\":\"2026-02-24T22:03:05+00:00\",\"breadcrumb\":{\"@id\":\"https:\/\/cnewa.org\/es\/donacion\/#breadcrumb\"},\"inLanguage\":\"es\",\"potentialAction\":[{\"@type\":\"ReadAction\",\"target\":[\"https:\/\/cnewa.org\/es\/donacion\/\"]}]},{\"@type\":\"BreadcrumbList\",\"@id\":\"https:\/\/cnewa.org\/es\/donacion\/#breadcrumb\",\"itemListElement\":[{\"@type\":\"ListItem\",\"position\":1,\"name\":\"Inicio\",\"item\":\"https:\/\/cnewa.org\/es\/\"},{\"@type\":\"ListItem\",\"position\":2,\"name\":\"Haga una Donaci\u00f3n\"}]},{\"@type\":\"WebSite\",\"@id\":\"https:\/\/cnewa.org\/es\/#website\",\"url\":\"https:\/\/cnewa.org\/es\/\",\"name\":\"CNEWA Espa\u00f1ol\",\"description\":\"Asociaci\u00f3n Cat\u00f3lica para el Bienestar del Cercano Oriente\",\"publisher\":{\"@id\":\"https:\/\/cnewa.org\/es\/#organization\"},\"potentialAction\":[{\"@type\":\"SearchAction\",\"target\":{\"@type\":\"EntryPoint\",\"urlTemplate\":\"https:\/\/cnewa.org\/es\/?s={search_term_string}\"},\"query-input\":{\"@type\":\"PropertyValueSpecification\",\"valueRequired\":true,\"valueName\":\"search_term_string\"}}],\"inLanguage\":\"es\"},{\"@type\":\"Organization\",\"@id\":\"https:\/\/cnewa.org\/es\/#organization\",\"name\":\"CNEWA Espa\u00f1ol\",\"alternateName\":\"Asociaci\u00f3n Cat\u00f3lica para el Bienestar del Cercano Oriente\",\"url\":\"https:\/\/cnewa.org\/es\/\",\"logo\":{\"@type\":\"ImageObject\",\"inLanguage\":\"es\",\"@id\":\"https:\/\/cnewa.org\/es\/#\/schema\/logo\/image\/\",\"url\":\"https:\/\/cnewa.org\/es\/wp-content\/uploads\/sites\/5\/2021\/07\/CNEWA-brand-logo.png\",\"contentUrl\":\"https:\/\/cnewa.org\/es\/wp-content\/uploads\/sites\/5\/2021\/07\/CNEWA-brand-logo.png\",\"width\":1000,\"height\":1000,\"caption\":\"CNEWA Espa\u00f1ol\"},\"image\":{\"@id\":\"https:\/\/cnewa.org\/es\/#\/schema\/logo\/image\/\"},\"sameAs\":[\"https:\/\/www.facebook.com\/CNEWAenespanol\/\",\"https:\/\/www.instagram.com\/cnewa1926\/\",\"https:\/\/www.youtube.com\/user\/TheCNEWA\"]}]}<\/script>\n<!-- \/ Yoast SEO Premium plugin. -->","yoast_head_json":{"title":"Ay\u00fadenos a hacer el bien en el mundo | CNEWA Espa\u00f1ol","robots":{"index":"index","follow":"follow","max-snippet":"max-snippet:-1","max-image-preview":"max-image-preview:large","max-video-preview":"max-video-preview:-1"},"canonical":"https:\/\/cnewa.org\/es\/donacion\/","og_locale":"es_ES","og_type":"article","og_title":"Ay\u00fadenos a hacer el bien en el mundo","og_description":"Su donaci\u00f3n puede ser deducible de impuestos de acuerdo con la ley. Somos una organizaci\u00f3n ben\u00e9fica 501 (c) (3). Nuestro n\u00famero de identificaci\u00f3n fiscal es 13-1623929.","og_url":"https:\/\/cnewa.org\/es\/donacion\/","og_site_name":"CNEWA Espa\u00f1ol","article_publisher":"https:\/\/www.facebook.com\/CNEWAenespanol\/","article_modified_time":"2026-02-24T22:03:05+00:00","twitter_card":"summary_large_image","twitter_misc":{"Tiempo de lectura":"1 minuto"},"schema":{"@context":"https:\/\/schema.org","@graph":[{"@type":"WebPage","@id":"https:\/\/cnewa.org\/es\/donacion\/","url":"https:\/\/cnewa.org\/es\/donacion\/","name":"Ay\u00fadenos a hacer el bien en el mundo | CNEWA Espa\u00f1ol","isPartOf":{"@id":"https:\/\/cnewa.org\/es\/#website"},"datePublished":"2021-06-29T19:20:25+00:00","dateModified":"2026-02-24T22:03:05+00:00","breadcrumb":{"@id":"https:\/\/cnewa.org\/es\/donacion\/#breadcrumb"},"inLanguage":"es","potentialAction":[{"@type":"ReadAction","target":["https:\/\/cnewa.org\/es\/donacion\/"]}]},{"@type":"BreadcrumbList","@id":"https:\/\/cnewa.org\/es\/donacion\/#breadcrumb","itemListElement":[{"@type":"ListItem","position":1,"name":"Inicio","item":"https:\/\/cnewa.org\/es\/"},{"@type":"ListItem","position":2,"name":"Haga una Donaci\u00f3n"}]},{"@type":"WebSite","@id":"https:\/\/cnewa.org\/es\/#website","url":"https:\/\/cnewa.org\/es\/","name":"CNEWA Espa\u00f1ol","description":"Asociaci\u00f3n Cat\u00f3lica para el Bienestar del Cercano Oriente","publisher":{"@id":"https:\/\/cnewa.org\/es\/#organization"},"potentialAction":[{"@type":"SearchAction","target":{"@type":"EntryPoint","urlTemplate":"https:\/\/cnewa.org\/es\/?s={search_term_string}"},"query-input":{"@type":"PropertyValueSpecification","valueRequired":true,"valueName":"search_term_string"}}],"inLanguage":"es"},{"@type":"Organization","@id":"https:\/\/cnewa.org\/es\/#organization","name":"CNEWA Espa\u00f1ol","alternateName":"Asociaci\u00f3n Cat\u00f3lica para el Bienestar del Cercano Oriente","url":"https:\/\/cnewa.org\/es\/","logo":{"@type":"ImageObject","inLanguage":"es","@id":"https:\/\/cnewa.org\/es\/#\/schema\/logo\/image\/","url":"https:\/\/cnewa.org\/es\/wp-content\/uploads\/sites\/5\/2021\/07\/CNEWA-brand-logo.png","contentUrl":"https:\/\/cnewa.org\/es\/wp-content\/uploads\/sites\/5\/2021\/07\/CNEWA-brand-logo.png","width":1000,"height":1000,"caption":"CNEWA Espa\u00f1ol"},"image":{"@id":"https:\/\/cnewa.org\/es\/#\/schema\/logo\/image\/"},"sameAs":["https:\/\/www.facebook.com\/CNEWAenespanol\/","https:\/\/www.instagram.com\/cnewa1926\/","https:\/\/www.youtube.com\/user\/TheCNEWA"]}]}},"_links":{"self":[{"href":"https:\/\/cnewa.org\/es\/wp-json\/wp\/v2\/pages\/175","targetHints":{"allow":["GET"]}}],"collection":[{"href":"https:\/\/cnewa.org\/es\/wp-json\/wp\/v2\/pages"}],"about":[{"href":"https:\/\/cnewa.org\/es\/wp-json\/wp\/v2\/types\/page"}],"author":[{"embeddable":true,"href":"https:\/\/cnewa.org\/es\/wp-json\/wp\/v2\/users\/5"}],"replies":[{"embeddable":true,"href":"https:\/\/cnewa.org\/es\/wp-json\/wp\/v2\/comments?post=175"}],"version-history":[{"count":13,"href":"https:\/\/cnewa.org\/es\/wp-json\/wp\/v2\/pages\/175\/revisions"}],"predecessor-version":[{"id":7828,"href":"https:\/\/cnewa.org\/es\/wp-json\/wp\/v2\/pages\/175\/revisions\/7828"}],"wp:attachment":[{"href":"https:\/\/cnewa.org\/es\/wp-json\/wp\/v2\/media?parent=175"}],"curies":[{"name":"wp","href":"https:\/\/api.w.org\/{rel}","templated":true}]}}