{"id":178,"date":"2021-06-29T15:29:45","date_gmt":"2021-06-29T19:29:45","guid":{"rendered":"https:\/\/cnewa.org\/es\/?page_id=178"},"modified":"2024-03-07T11:09:48","modified_gmt":"2024-03-07T16:09:48","slug":"otras-maneras-de-contribuir","status":"publish","type":"page","link":"https:\/\/cnewa.org\/es\/otras-maneras-de-contribuir\/","title":{"rendered":"Otras Maneras de Contribuir"},"content":{"rendered":"\n<h2 class=\"wp-block-heading\" id=\"h-asociacion-catolica-para-el-bienestar-del-cercano-oriente-cnewa-sirve-en-una-variedad-de-regiones-alrededor-del-mundo\">Asociaci\u00f3n Cat\u00f3lica para el Bienestar del Cercano Oriente (CNEWA) sirve en una variedad de regiones alrededor del mundo.<\/h2>\n\n\n\n<p>Y usted puede ayudarnos a ayudar a otros de muchas maneras\u2014como a trav\u00e9s del patrocinio de ni\u00f1os necesitados o en la construcci\u00f3n de iglesias y proyectos de agua potable. Cualquier donaci\u00f3n puede ser un regalo para otra persona,&nbsp;<em>\u00a1solo d\u00edganos a qui\u00e9n!<\/em><\/p>\n\n\n\n<h4 class=\"wp-block-heading\" id=\"h-donaciones-inmediatas\">Donaciones Inmediatas<\/h4>\n\n\n\n<p>Obsequios directos, donaciones en efectivo, valores negociables, acciones de fondos mutuos, bienes ra\u00edces, propiedad personal, acciones de circulaci\u00f3n restringida.<\/p>\n\n\n\n<p><strong><a href=\"https:\/\/cnewa.org\/es\/otras-maneras-de-contribuir\/donaciones-inmediatas\/\">APRENDA M\u00c1S<\/a><\/strong><\/p>\n\n\n\n<h4 class=\"wp-block-heading\" id=\"h-donaciones-de-contrapartida-corporativa\">Donaciones de Contrapartida Corporativa<\/h4>\n\n\n\n<p>\u00a1Usted puede duplicar sus donaciones a CNEWA sin costo adicional para usted!<\/p>\n\n\n\n<p><a href=\"https:\/\/cnewa.org\/es\/otras-maneras-de-contribuir\/donaciones-inmediatas\/donaciones-emparejadas-por-el-empleador\/\">APRENDA M\u00c1S<\/a><\/p>\n\n\n\n<h4 class=\"wp-block-heading\" id=\"h-donaciones-planificadas\">Donaciones Planificadas<\/h4>\n\n\n\n<p>Donaciones testamentarias, donaciones ben\u00e9ficas en anualidades, fideicomisos de caridad sobrante, legados ben\u00e9ficos, seguros de vida, activos de jubilaci\u00f3n, donaciones anuales.<\/p>\n\n\n\n<p><a href=\"https:\/\/cnewa.giftplans.org\/\">INGRESE A NUESTRO SISTEMA DE DONACIONES PLANIFICADAS (EN INGL\u00c9S)<\/a><\/p>\n\n\n\n<h4 class=\"wp-block-heading\" id=\"h-done-un-carro\">Done un Carro<\/h4>\n\n\n\n<p>A trav\u00e9s de CarEasy.org, un veh\u00edculo se puede transformar en un regalo para las personas y las iglesias a las que Asociaci\u00f3n Cat\u00f3lica para el Bienestar del Cercano Oriente (CNEWA) apoya.<\/p>\n\n\n\n<p><a href=\"https:\/\/careasy.org\/nonprofit\/cnewa\">VISITE NUESTRA P\u00c1GINA EN CAREASY.ORG (EN INGL\u00c9S)<\/a><\/p>\n","protected":false},"excerpt":{"rendered":"<p>Asociaci\u00f3n Cat\u00f3lica para el Bienestar del Cercano Oriente (CNEWA) sirve en una variedad de regiones alrededor del mundo. Y usted puede ayudarnos a ayudar a otros de muchas maneras\u2014como a trav\u00e9s del patrocinio de ni\u00f1os necesitados o en la construcci\u00f3n de iglesias y proyectos de agua potable. Cualquier donaci\u00f3n puede ser un regalo para otra &hellip; <a href=\"https:\/\/cnewa.org\/es\/otras-maneras-de-contribuir\/\">Continued<\/a><\/p>\n","protected":false},"author":5,"featured_media":0,"parent":0,"menu_order":9,"comment_status":"closed","ping_status":"closed","template":"","meta":{"_acf_changed":false,"footnotes":""},"class_list":["post-178","page","type-page","status-publish","hentry"],"acf":[],"yoast_head":"<!-- This site is optimized with the Yoast SEO Premium plugin v27.2 (Yoast SEO v27.2) - https:\/\/yoast.com\/product\/yoast-seo-premium-wordpress\/ -->\n<title>Otras Maneras de Contribuir: CNEWA en espa\u00f1ol<\/title>\n<meta name=\"description\" content=\"Existen muchas maneras de contribuir para ayudar a personas que pasan necesidades. Cualquier donaci\u00f3n es un regalo para otra persona.\" \/>\n<meta name=\"robots\" content=\"index, follow, max-snippet:-1, max-image-preview:large, max-video-preview:-1\" \/>\n<link rel=\"canonical\" href=\"https:\/\/cnewa.org\/es\/otras-maneras-de-contribuir\/\" \/>\n<meta property=\"og:locale\" content=\"es_ES\" \/>\n<meta property=\"og:type\" content=\"article\" \/>\n<meta property=\"og:title\" content=\"Otras Maneras de Contribuir\" \/>\n<meta property=\"og:description\" content=\"Existen muchas maneras de contribuir para ayudar a personas que pasan necesidades. Cualquier donaci\u00f3n es un regalo para otra persona.\" \/>\n<meta property=\"og:url\" content=\"https:\/\/cnewa.org\/es\/otras-maneras-de-contribuir\/\" \/>\n<meta property=\"og:site_name\" content=\"CNEWA Espa\u00f1ol\" \/>\n<meta property=\"article:publisher\" content=\"https:\/\/www.facebook.com\/CNEWAenespanol\/\" \/>\n<meta property=\"article:modified_time\" content=\"2024-03-07T16:09:48+00:00\" \/>\n<meta name=\"twitter:card\" content=\"summary_large_image\" \/>\n<meta name=\"twitter:label1\" content=\"Tiempo de lectura\" \/>\n\t<meta name=\"twitter:data1\" content=\"1 minuto\" \/>\n<script type=\"application\/ld+json\" class=\"yoast-schema-graph\">{\"@context\":\"https:\/\/schema.org\",\"@graph\":[{\"@type\":\"WebPage\",\"@id\":\"https:\/\/cnewa.org\/es\/otras-maneras-de-contribuir\/\",\"url\":\"https:\/\/cnewa.org\/es\/otras-maneras-de-contribuir\/\",\"name\":\"Otras Maneras de Contribuir: CNEWA en espa\u00f1ol\",\"isPartOf\":{\"@id\":\"https:\/\/cnewa.org\/es\/#website\"},\"datePublished\":\"2021-06-29T19:29:45+00:00\",\"dateModified\":\"2024-03-07T16:09:48+00:00\",\"description\":\"Existen muchas maneras de contribuir para ayudar a personas que pasan necesidades. Cualquier donaci\u00f3n es un regalo para otra persona.\",\"breadcrumb\":{\"@id\":\"https:\/\/cnewa.org\/es\/otras-maneras-de-contribuir\/#breadcrumb\"},\"inLanguage\":\"es\",\"potentialAction\":[{\"@type\":\"ReadAction\",\"target\":[\"https:\/\/cnewa.org\/es\/otras-maneras-de-contribuir\/\"]}]},{\"@type\":\"BreadcrumbList\",\"@id\":\"https:\/\/cnewa.org\/es\/otras-maneras-de-contribuir\/#breadcrumb\",\"itemListElement\":[{\"@type\":\"ListItem\",\"position\":1,\"name\":\"Inicio\",\"item\":\"https:\/\/cnewa.org\/es\/\"},{\"@type\":\"ListItem\",\"position\":2,\"name\":\"Otras Maneras de Contribuir\"}]},{\"@type\":\"WebSite\",\"@id\":\"https:\/\/cnewa.org\/es\/#website\",\"url\":\"https:\/\/cnewa.org\/es\/\",\"name\":\"CNEWA Espa\u00f1ol\",\"description\":\"Asociaci\u00f3n Cat\u00f3lica para el Bienestar del Cercano Oriente\",\"publisher\":{\"@id\":\"https:\/\/cnewa.org\/es\/#organization\"},\"potentialAction\":[{\"@type\":\"SearchAction\",\"target\":{\"@type\":\"EntryPoint\",\"urlTemplate\":\"https:\/\/cnewa.org\/es\/?s={search_term_string}\"},\"query-input\":{\"@type\":\"PropertyValueSpecification\",\"valueRequired\":true,\"valueName\":\"search_term_string\"}}],\"inLanguage\":\"es\"},{\"@type\":\"Organization\",\"@id\":\"https:\/\/cnewa.org\/es\/#organization\",\"name\":\"CNEWA Espa\u00f1ol\",\"alternateName\":\"Asociaci\u00f3n Cat\u00f3lica para el Bienestar del Cercano Oriente\",\"url\":\"https:\/\/cnewa.org\/es\/\",\"logo\":{\"@type\":\"ImageObject\",\"inLanguage\":\"es\",\"@id\":\"https:\/\/cnewa.org\/es\/#\/schema\/logo\/image\/\",\"url\":\"https:\/\/cnewa.org\/es\/wp-content\/uploads\/sites\/5\/2021\/07\/CNEWA-brand-logo.png\",\"contentUrl\":\"https:\/\/cnewa.org\/es\/wp-content\/uploads\/sites\/5\/2021\/07\/CNEWA-brand-logo.png\",\"width\":1000,\"height\":1000,\"caption\":\"CNEWA Espa\u00f1ol\"},\"image\":{\"@id\":\"https:\/\/cnewa.org\/es\/#\/schema\/logo\/image\/\"},\"sameAs\":[\"https:\/\/www.facebook.com\/CNEWAenespanol\/\",\"https:\/\/www.instagram.com\/cnewa1926\/\",\"https:\/\/www.youtube.com\/user\/TheCNEWA\"]}]}<\/script>\n<!-- \/ Yoast SEO Premium plugin. -->","yoast_head_json":{"title":"Otras Maneras de Contribuir: CNEWA en espa\u00f1ol","description":"Existen muchas maneras de contribuir para ayudar a personas que pasan necesidades. Cualquier donaci\u00f3n es un regalo para otra persona.","robots":{"index":"index","follow":"follow","max-snippet":"max-snippet:-1","max-image-preview":"max-image-preview:large","max-video-preview":"max-video-preview:-1"},"canonical":"https:\/\/cnewa.org\/es\/otras-maneras-de-contribuir\/","og_locale":"es_ES","og_type":"article","og_title":"Otras Maneras de Contribuir","og_description":"Existen muchas maneras de contribuir para ayudar a personas que pasan necesidades. Cualquier donaci\u00f3n es un regalo para otra persona.","og_url":"https:\/\/cnewa.org\/es\/otras-maneras-de-contribuir\/","og_site_name":"CNEWA Espa\u00f1ol","article_publisher":"https:\/\/www.facebook.com\/CNEWAenespanol\/","article_modified_time":"2024-03-07T16:09:48+00:00","twitter_card":"summary_large_image","twitter_misc":{"Tiempo de lectura":"1 minuto"},"schema":{"@context":"https:\/\/schema.org","@graph":[{"@type":"WebPage","@id":"https:\/\/cnewa.org\/es\/otras-maneras-de-contribuir\/","url":"https:\/\/cnewa.org\/es\/otras-maneras-de-contribuir\/","name":"Otras Maneras de Contribuir: CNEWA en espa\u00f1ol","isPartOf":{"@id":"https:\/\/cnewa.org\/es\/#website"},"datePublished":"2021-06-29T19:29:45+00:00","dateModified":"2024-03-07T16:09:48+00:00","description":"Existen muchas maneras de contribuir para ayudar a personas que pasan necesidades. Cualquier donaci\u00f3n es un regalo para otra persona.","breadcrumb":{"@id":"https:\/\/cnewa.org\/es\/otras-maneras-de-contribuir\/#breadcrumb"},"inLanguage":"es","potentialAction":[{"@type":"ReadAction","target":["https:\/\/cnewa.org\/es\/otras-maneras-de-contribuir\/"]}]},{"@type":"BreadcrumbList","@id":"https:\/\/cnewa.org\/es\/otras-maneras-de-contribuir\/#breadcrumb","itemListElement":[{"@type":"ListItem","position":1,"name":"Inicio","item":"https:\/\/cnewa.org\/es\/"},{"@type":"ListItem","position":2,"name":"Otras Maneras de Contribuir"}]},{"@type":"WebSite","@id":"https:\/\/cnewa.org\/es\/#website","url":"https:\/\/cnewa.org\/es\/","name":"CNEWA Espa\u00f1ol","description":"Asociaci\u00f3n Cat\u00f3lica para el Bienestar del Cercano Oriente","publisher":{"@id":"https:\/\/cnewa.org\/es\/#organization"},"potentialAction":[{"@type":"SearchAction","target":{"@type":"EntryPoint","urlTemplate":"https:\/\/cnewa.org\/es\/?s={search_term_string}"},"query-input":{"@type":"PropertyValueSpecification","valueRequired":true,"valueName":"search_term_string"}}],"inLanguage":"es"},{"@type":"Organization","@id":"https:\/\/cnewa.org\/es\/#organization","name":"CNEWA Espa\u00f1ol","alternateName":"Asociaci\u00f3n Cat\u00f3lica para el Bienestar del Cercano Oriente","url":"https:\/\/cnewa.org\/es\/","logo":{"@type":"ImageObject","inLanguage":"es","@id":"https:\/\/cnewa.org\/es\/#\/schema\/logo\/image\/","url":"https:\/\/cnewa.org\/es\/wp-content\/uploads\/sites\/5\/2021\/07\/CNEWA-brand-logo.png","contentUrl":"https:\/\/cnewa.org\/es\/wp-content\/uploads\/sites\/5\/2021\/07\/CNEWA-brand-logo.png","width":1000,"height":1000,"caption":"CNEWA Espa\u00f1ol"},"image":{"@id":"https:\/\/cnewa.org\/es\/#\/schema\/logo\/image\/"},"sameAs":["https:\/\/www.facebook.com\/CNEWAenespanol\/","https:\/\/www.instagram.com\/cnewa1926\/","https:\/\/www.youtube.com\/user\/TheCNEWA"]}]}},"_links":{"self":[{"href":"https:\/\/cnewa.org\/es\/wp-json\/wp\/v2\/pages\/178","targetHints":{"allow":["GET"]}}],"collection":[{"href":"https:\/\/cnewa.org\/es\/wp-json\/wp\/v2\/pages"}],"about":[{"href":"https:\/\/cnewa.org\/es\/wp-json\/wp\/v2\/types\/page"}],"author":[{"embeddable":true,"href":"https:\/\/cnewa.org\/es\/wp-json\/wp\/v2\/users\/5"}],"replies":[{"embeddable":true,"href":"https:\/\/cnewa.org\/es\/wp-json\/wp\/v2\/comments?post=178"}],"version-history":[{"count":7,"href":"https:\/\/cnewa.org\/es\/wp-json\/wp\/v2\/pages\/178\/revisions"}],"predecessor-version":[{"id":4657,"href":"https:\/\/cnewa.org\/es\/wp-json\/wp\/v2\/pages\/178\/revisions\/4657"}],"wp:attachment":[{"href":"https:\/\/cnewa.org\/es\/wp-json\/wp\/v2\/media?parent=178"}],"curies":[{"name":"wp","href":"https:\/\/api.w.org\/{rel}","templated":true}]}}