{"id":224,"date":"2021-06-30T09:59:37","date_gmt":"2021-06-30T13:59:37","guid":{"rendered":"https:\/\/cnewa.org\/es\/?page_id=224"},"modified":"2025-03-12T13:38:20","modified_gmt":"2025-03-12T17:38:20","slug":"trabajos","status":"publish","type":"page","link":"https:\/\/cnewa.org\/es\/trabajos\/","title":{"rendered":"Trabajos"},"content":{"rendered":"\n<h2 class=\"wp-block-heading\" id=\"h-gracias-por-su-interes-en-trabajar-con-la-asociacion-catolica-para-el-bienestar-del-cercano-oriente-cnewa\">Gracias por su inter\u00e9s en trabajar con la Asociaci\u00f3n Cat\u00f3lica para el Bienestar del Cercano Oriente (CNEWA)<\/h2>\n\n\n\n<p>CNEWA trata de transformar la compasi\u00f3n en acci\u00f3n y brindar esperanza y sanaci\u00f3n a los necesitados a trav\u00e9s de nuestras iniciativas humanitarias y pastorales. En todo Oriente Medio, el noreste de \u00c1frica, la India y Europa del Este, CNEWA trabaja arduamente en lugares donde la guerra y la pobreza destrozan vidas inocentes. Mucho despu\u00e9s de que otros se han ido, nos wuedamos all\u00ed brindando consistencia y esperanza a las iglesias cat\u00f3licas orientales y a las comunidades a las que sirven, independientemente de su fe, cultura, idioma, edad, g\u00e9nero y pol\u00edtica. Nos sentimos privilegiados y honrados de formar parte de esta misi\u00f3n especial.<\/p>\n\n\n\n<p>CNEWA es un empleador que ofrece igualdad de oportunidades. Todos los solicitantes calificados recibir\u00e1n consideraci\u00f3n para el empleo sin distinci\u00f3n de raza, color, religi\u00f3n, sexo, origen nacional, discapacidad o estado de veterano protegido.<\/p>\n\n\n\n<h3 class=\"wp-block-heading\" id=\"h-posiciones-disponibles\">Posiciones Disponibles<\/h3>\n\n\n\n<p>CNEWA est\u00e1 buscando un Oficial de Desarrollo motivado y dedicado, responsable de solicitar el apoyo de los donantes para las actividades program\u00e1ticas de la agencia.<\/p>\n\n\n\n<div class=\"wp-block-buttons is-layout-flex wp-block-buttons-is-layout-flex\">\n<div class=\"wp-block-button\"><a class=\"wp-block-button__link wp-element-button\" href=\"https:\/\/cnewa.org\/es\/trabajos\/anuncio-de-empleo-para-oficial-de-desarrollo\/\">Oficial de Desarrollo<\/a><\/div>\n<\/div>\n\n\n\n<p>CNEWA busca un especialista en redes sociales innovador y creativo que se apasione por conectar a nuestras audiencias actuales y futuras con la misi\u00f3n y los valores de CNEWA.<\/p>\n\n\n\n<div class=\"wp-block-buttons is-layout-flex wp-block-buttons-is-layout-flex\">\n<div class=\"wp-block-button\"><a class=\"wp-block-button__link wp-element-button\" href=\"https:\/\/cnewa.org\/es\/trabajos\/especialista-en-redes-sociales\/\">Especialista en Redes Sociales<\/a><\/div>\n<\/div>\n","protected":false},"excerpt":{"rendered":"<p>Gracias por su inter\u00e9s en trabajar con la Asociaci\u00f3n Cat\u00f3lica para el Bienestar del Cercano Oriente (CNEWA) CNEWA trata de transformar la compasi\u00f3n en acci\u00f3n y brindar esperanza y sanaci\u00f3n a los necesitados a trav\u00e9s de nuestras iniciativas humanitarias y pastorales. En todo Oriente Medio, el noreste de \u00c1frica, la India y Europa del Este, &hellip; <a href=\"https:\/\/cnewa.org\/es\/trabajos\/\">Continued<\/a><\/p>\n","protected":false},"author":5,"featured_media":0,"parent":0,"menu_order":6,"comment_status":"closed","ping_status":"closed","template":"","meta":{"_acf_changed":false,"footnotes":""},"class_list":["post-224","page","type-page","status-publish","hentry"],"acf":[],"yoast_head":"<!-- This site is optimized with the Yoast SEO Premium plugin v27.3 (Yoast SEO v27.3) - https:\/\/yoast.com\/product\/yoast-seo-premium-wordpress\/ -->\n<title>Trabajos: CNEWA en espa\u00f1ol<\/title>\n<meta name=\"description\" content=\"Los solicitantes de trabajo son considerados sin distinciones. CNEWA respeta las condiciones protegidas por la ley.\" \/>\n<meta name=\"robots\" content=\"index, follow, max-snippet:-1, max-image-preview:large, max-video-preview:-1\" \/>\n<link rel=\"canonical\" href=\"https:\/\/cnewa.org\/es\/trabajos\/\" \/>\n<meta property=\"og:locale\" content=\"es_ES\" \/>\n<meta property=\"og:type\" content=\"article\" \/>\n<meta property=\"og:title\" content=\"Trabajos\" \/>\n<meta property=\"og:description\" content=\"Los solicitantes de trabajo son considerados sin distinciones. CNEWA respeta las condiciones protegidas por la ley.\" \/>\n<meta property=\"og:url\" content=\"https:\/\/cnewa.org\/es\/trabajos\/\" \/>\n<meta property=\"og:site_name\" content=\"CNEWA Espa\u00f1ol\" \/>\n<meta property=\"article:publisher\" content=\"https:\/\/www.facebook.com\/CNEWAenespanol\/\" \/>\n<meta property=\"article:modified_time\" content=\"2025-03-12T17:38:20+00:00\" \/>\n<meta name=\"twitter:card\" content=\"summary_large_image\" \/>\n<meta name=\"twitter:label1\" content=\"Tiempo de lectura\" \/>\n\t<meta name=\"twitter:data1\" content=\"1 minuto\" \/>\n<script type=\"application\/ld+json\" class=\"yoast-schema-graph\">{\"@context\":\"https:\\\/\\\/schema.org\",\"@graph\":[{\"@type\":\"WebPage\",\"@id\":\"https:\\\/\\\/cnewa.org\\\/es\\\/trabajos\\\/\",\"url\":\"https:\\\/\\\/cnewa.org\\\/es\\\/trabajos\\\/\",\"name\":\"Trabajos: CNEWA en espa\u00f1ol\",\"isPartOf\":{\"@id\":\"https:\\\/\\\/cnewa.org\\\/es\\\/#website\"},\"datePublished\":\"2021-06-30T13:59:37+00:00\",\"dateModified\":\"2025-03-12T17:38:20+00:00\",\"description\":\"Los solicitantes de trabajo son considerados sin distinciones. CNEWA respeta las condiciones protegidas por la ley.\",\"breadcrumb\":{\"@id\":\"https:\\\/\\\/cnewa.org\\\/es\\\/trabajos\\\/#breadcrumb\"},\"inLanguage\":\"es\",\"potentialAction\":[{\"@type\":\"ReadAction\",\"target\":[\"https:\\\/\\\/cnewa.org\\\/es\\\/trabajos\\\/\"]}]},{\"@type\":\"BreadcrumbList\",\"@id\":\"https:\\\/\\\/cnewa.org\\\/es\\\/trabajos\\\/#breadcrumb\",\"itemListElement\":[{\"@type\":\"ListItem\",\"position\":1,\"name\":\"Inicio\",\"item\":\"https:\\\/\\\/cnewa.org\\\/es\\\/\"},{\"@type\":\"ListItem\",\"position\":2,\"name\":\"Trabajos\"}]},{\"@type\":\"WebSite\",\"@id\":\"https:\\\/\\\/cnewa.org\\\/es\\\/#website\",\"url\":\"https:\\\/\\\/cnewa.org\\\/es\\\/\",\"name\":\"CNEWA Espa\u00f1ol\",\"description\":\"Asociaci\u00f3n Cat\u00f3lica para el Bienestar del Cercano Oriente\",\"publisher\":{\"@id\":\"https:\\\/\\\/cnewa.org\\\/es\\\/#organization\"},\"potentialAction\":[{\"@type\":\"SearchAction\",\"target\":{\"@type\":\"EntryPoint\",\"urlTemplate\":\"https:\\\/\\\/cnewa.org\\\/es\\\/?s={search_term_string}\"},\"query-input\":{\"@type\":\"PropertyValueSpecification\",\"valueRequired\":true,\"valueName\":\"search_term_string\"}}],\"inLanguage\":\"es\"},{\"@type\":\"Organization\",\"@id\":\"https:\\\/\\\/cnewa.org\\\/es\\\/#organization\",\"name\":\"CNEWA Espa\u00f1ol\",\"alternateName\":\"Asociaci\u00f3n Cat\u00f3lica para el Bienestar del Cercano Oriente\",\"url\":\"https:\\\/\\\/cnewa.org\\\/es\\\/\",\"logo\":{\"@type\":\"ImageObject\",\"inLanguage\":\"es\",\"@id\":\"https:\\\/\\\/cnewa.org\\\/es\\\/#\\\/schema\\\/logo\\\/image\\\/\",\"url\":\"https:\\\/\\\/cnewa.org\\\/es\\\/wp-content\\\/uploads\\\/sites\\\/5\\\/2021\\\/07\\\/CNEWA-brand-logo.png\",\"contentUrl\":\"https:\\\/\\\/cnewa.org\\\/es\\\/wp-content\\\/uploads\\\/sites\\\/5\\\/2021\\\/07\\\/CNEWA-brand-logo.png\",\"width\":1000,\"height\":1000,\"caption\":\"CNEWA Espa\u00f1ol\"},\"image\":{\"@id\":\"https:\\\/\\\/cnewa.org\\\/es\\\/#\\\/schema\\\/logo\\\/image\\\/\"},\"sameAs\":[\"https:\\\/\\\/www.facebook.com\\\/CNEWAenespanol\\\/\",\"https:\\\/\\\/www.instagram.com\\\/cnewa1926\\\/\",\"https:\\\/\\\/www.youtube.com\\\/user\\\/TheCNEWA\"]}]}<\/script>\n<!-- \/ Yoast SEO Premium plugin. -->","yoast_head_json":{"title":"Trabajos: CNEWA en espa\u00f1ol","description":"Los solicitantes de trabajo son considerados sin distinciones. CNEWA respeta las condiciones protegidas por la ley.","robots":{"index":"index","follow":"follow","max-snippet":"max-snippet:-1","max-image-preview":"max-image-preview:large","max-video-preview":"max-video-preview:-1"},"canonical":"https:\/\/cnewa.org\/es\/trabajos\/","og_locale":"es_ES","og_type":"article","og_title":"Trabajos","og_description":"Los solicitantes de trabajo son considerados sin distinciones. CNEWA respeta las condiciones protegidas por la ley.","og_url":"https:\/\/cnewa.org\/es\/trabajos\/","og_site_name":"CNEWA Espa\u00f1ol","article_publisher":"https:\/\/www.facebook.com\/CNEWAenespanol\/","article_modified_time":"2025-03-12T17:38:20+00:00","twitter_card":"summary_large_image","twitter_misc":{"Tiempo de lectura":"1 minuto"},"schema":{"@context":"https:\/\/schema.org","@graph":[{"@type":"WebPage","@id":"https:\/\/cnewa.org\/es\/trabajos\/","url":"https:\/\/cnewa.org\/es\/trabajos\/","name":"Trabajos: CNEWA en espa\u00f1ol","isPartOf":{"@id":"https:\/\/cnewa.org\/es\/#website"},"datePublished":"2021-06-30T13:59:37+00:00","dateModified":"2025-03-12T17:38:20+00:00","description":"Los solicitantes de trabajo son considerados sin distinciones. CNEWA respeta las condiciones protegidas por la ley.","breadcrumb":{"@id":"https:\/\/cnewa.org\/es\/trabajos\/#breadcrumb"},"inLanguage":"es","potentialAction":[{"@type":"ReadAction","target":["https:\/\/cnewa.org\/es\/trabajos\/"]}]},{"@type":"BreadcrumbList","@id":"https:\/\/cnewa.org\/es\/trabajos\/#breadcrumb","itemListElement":[{"@type":"ListItem","position":1,"name":"Inicio","item":"https:\/\/cnewa.org\/es\/"},{"@type":"ListItem","position":2,"name":"Trabajos"}]},{"@type":"WebSite","@id":"https:\/\/cnewa.org\/es\/#website","url":"https:\/\/cnewa.org\/es\/","name":"CNEWA Espa\u00f1ol","description":"Asociaci\u00f3n Cat\u00f3lica para el Bienestar del Cercano Oriente","publisher":{"@id":"https:\/\/cnewa.org\/es\/#organization"},"potentialAction":[{"@type":"SearchAction","target":{"@type":"EntryPoint","urlTemplate":"https:\/\/cnewa.org\/es\/?s={search_term_string}"},"query-input":{"@type":"PropertyValueSpecification","valueRequired":true,"valueName":"search_term_string"}}],"inLanguage":"es"},{"@type":"Organization","@id":"https:\/\/cnewa.org\/es\/#organization","name":"CNEWA Espa\u00f1ol","alternateName":"Asociaci\u00f3n Cat\u00f3lica para el Bienestar del Cercano Oriente","url":"https:\/\/cnewa.org\/es\/","logo":{"@type":"ImageObject","inLanguage":"es","@id":"https:\/\/cnewa.org\/es\/#\/schema\/logo\/image\/","url":"https:\/\/cnewa.org\/es\/wp-content\/uploads\/sites\/5\/2021\/07\/CNEWA-brand-logo.png","contentUrl":"https:\/\/cnewa.org\/es\/wp-content\/uploads\/sites\/5\/2021\/07\/CNEWA-brand-logo.png","width":1000,"height":1000,"caption":"CNEWA Espa\u00f1ol"},"image":{"@id":"https:\/\/cnewa.org\/es\/#\/schema\/logo\/image\/"},"sameAs":["https:\/\/www.facebook.com\/CNEWAenespanol\/","https:\/\/www.instagram.com\/cnewa1926\/","https:\/\/www.youtube.com\/user\/TheCNEWA"]}]}},"_links":{"self":[{"href":"https:\/\/cnewa.org\/es\/wp-json\/wp\/v2\/pages\/224","targetHints":{"allow":["GET"]}}],"collection":[{"href":"https:\/\/cnewa.org\/es\/wp-json\/wp\/v2\/pages"}],"about":[{"href":"https:\/\/cnewa.org\/es\/wp-json\/wp\/v2\/types\/page"}],"author":[{"embeddable":true,"href":"https:\/\/cnewa.org\/es\/wp-json\/wp\/v2\/users\/5"}],"replies":[{"embeddable":true,"href":"https:\/\/cnewa.org\/es\/wp-json\/wp\/v2\/comments?post=224"}],"version-history":[{"count":11,"href":"https:\/\/cnewa.org\/es\/wp-json\/wp\/v2\/pages\/224\/revisions"}],"predecessor-version":[{"id":6403,"href":"https:\/\/cnewa.org\/es\/wp-json\/wp\/v2\/pages\/224\/revisions\/6403"}],"wp:attachment":[{"href":"https:\/\/cnewa.org\/es\/wp-json\/wp\/v2\/media?parent=224"}],"curies":[{"name":"wp","href":"https:\/\/api.w.org\/{rel}","templated":true}]}}