{"id":240,"date":"2021-06-30T16:31:27","date_gmt":"2021-06-30T20:31:27","guid":{"rendered":"https:\/\/cnewa.org\/es\/?page_id=240"},"modified":"2025-11-05T10:52:43","modified_gmt":"2025-11-05T15:52:43","slug":"misas-gregorianas","status":"publish","type":"page","link":"https:\/\/cnewa.org\/es\/intenciones-para-misas\/misas-gregorianas\/","title":{"rendered":"Misas Gregorianas"},"content":{"rendered":"\n<h2 class=\"wp-block-heading\" id=\"h-misas-gregorianas\">Misas Gregorianas<\/h2>\n\n\n\n<p>Las Misas Gregorianas son parte de una tradici\u00f3n que se remonta al siglo VI, a un monasterio fundado por <a href=\"https:\/\/www.vaticannews.va\/es\/santos\/09\/03\/s--gregorio-magno--papa-y-doctor-de-la-iglesia.html\">San Gregorio Magno<\/a>, donde los sacerdotes celebraban una misa por los difuntos cada d\u00eda durante 30 d\u00edas.<\/p>\n\n\n\n<p>Aunque estas misas solo se pueden ofrecer por los difuntos, usted puede solicitar que se rece por alguien en el futuro. Para ello, le enviaremos una tarjeta para que la llene, luego usted podr\u00e1 enviarnos esa tarjeta despu\u00e9s de la muerte de un ser querido. (La donaci\u00f3n de $150 es por persona; entonces, si por ejemplo una persona solicita una serie de misas para sus dos padres, el total de la donaci\u00f3n ser\u00eda $300).<\/p>\n\n\n\n<p>El total de $150 de cada donaci\u00f3n ser\u00e1 enviado al sacerdote que celebre la Misa Gregoriana.<\/p>\n\n\n\n<figure class=\"wp-block-image size-large\"><img loading=\"lazy\" decoding=\"async\" width=\"1024\" height=\"674\" src=\"https:\/\/cnewa.org\/es\/wp-content\/uploads\/sites\/5\/2025\/11\/CNEWA-Mass-Cards-Gregorian-2025-1024x674.jpg\" alt=\"Tarjeta para Misas Gregorianas.\" class=\"wp-image-7382\" srcset=\"https:\/\/cnewa.org\/es\/wp-content\/uploads\/sites\/5\/2025\/11\/CNEWA-Mass-Cards-Gregorian-2025-1024x674.jpg 1024w, https:\/\/cnewa.org\/es\/wp-content\/uploads\/sites\/5\/2025\/11\/CNEWA-Mass-Cards-Gregorian-2025-300x198.jpg 300w, https:\/\/cnewa.org\/es\/wp-content\/uploads\/sites\/5\/2025\/11\/CNEWA-Mass-Cards-Gregorian-2025-768x506.jpg 768w, https:\/\/cnewa.org\/es\/wp-content\/uploads\/sites\/5\/2025\/11\/CNEWA-Mass-Cards-Gregorian-2025.jpg 1183w\" sizes=\"auto, (max-width: 1024px) 100vw, 1024px\" \/><\/figure>\n","protected":false},"excerpt":{"rendered":"<p>Misas Gregorianas Las Misas Gregorianas son parte de una tradici\u00f3n que se remonta al siglo VI, a un monasterio fundado por San Gregorio Magno, donde los sacerdotes celebraban una misa por los difuntos cada d\u00eda durante 30 d\u00edas. Aunque estas misas solo se pueden ofrecer por los difuntos, usted puede solicitar que se rece por &hellip; <a href=\"https:\/\/cnewa.org\/es\/intenciones-para-misas\/misas-gregorianas\/\">Continued<\/a><\/p>\n","protected":false},"author":1,"featured_media":0,"parent":166,"menu_order":17,"comment_status":"closed","ping_status":"closed","template":"template-gregorian.php","meta":{"_acf_changed":false,"footnotes":""},"class_list":["post-240","page","type-page","status-publish","hentry"],"acf":[],"yoast_head":"<!-- This site is optimized with the Yoast SEO Premium plugin v27.3 (Yoast SEO v27.3) - https:\/\/yoast.com\/product\/yoast-seo-premium-wordpress\/ -->\n<title>Misas Gregorianas<\/title>\n<meta name=\"description\" content=\"Las Misas Gregorianas son parte de una tradici\u00f3n que se remonta al siglo VI, a un monasterio fundado por San Gregorio el Grande.\" \/>\n<meta name=\"robots\" content=\"index, follow, max-snippet:-1, max-image-preview:large, max-video-preview:-1\" \/>\n<link rel=\"canonical\" href=\"https:\/\/cnewa.org\/es\/intenciones-para-misas\/misas-gregorianas\/\" \/>\n<meta property=\"og:locale\" content=\"es_ES\" \/>\n<meta property=\"og:type\" content=\"article\" \/>\n<meta property=\"og:title\" content=\"Misas Gregorianas\" \/>\n<meta property=\"og:description\" content=\"Las Misas Gregorianas son parte de una tradici\u00f3n que se remonta al siglo VI, a un monasterio fundado por San Gregorio el Grande.\" \/>\n<meta property=\"og:url\" content=\"https:\/\/cnewa.org\/es\/intenciones-para-misas\/misas-gregorianas\/\" \/>\n<meta property=\"og:site_name\" content=\"CNEWA Espa\u00f1ol\" \/>\n<meta property=\"article:publisher\" content=\"https:\/\/www.facebook.com\/CNEWAenespanol\/\" \/>\n<meta property=\"article:modified_time\" content=\"2025-11-05T15:52:43+00:00\" \/>\n<meta property=\"og:image\" content=\"https:\/\/cnewa.org\/es\/wp-content\/uploads\/sites\/5\/2025\/11\/CNEWA-Mass-Cards-Gregorian-2025.jpg\" \/>\n\t<meta property=\"og:image:width\" content=\"1183\" \/>\n\t<meta property=\"og:image:height\" content=\"779\" \/>\n\t<meta property=\"og:image:type\" content=\"image\/jpeg\" \/>\n<meta name=\"twitter:card\" content=\"summary_large_image\" \/>\n<meta name=\"twitter:label1\" content=\"Tiempo de lectura\" \/>\n\t<meta name=\"twitter:data1\" content=\"1 minuto\" \/>\n<script type=\"application\/ld+json\" class=\"yoast-schema-graph\">{\"@context\":\"https:\\\/\\\/schema.org\",\"@graph\":[{\"@type\":\"WebPage\",\"@id\":\"https:\\\/\\\/cnewa.org\\\/es\\\/intenciones-para-misas\\\/misas-gregorianas\\\/\",\"url\":\"https:\\\/\\\/cnewa.org\\\/es\\\/intenciones-para-misas\\\/misas-gregorianas\\\/\",\"name\":\"Misas Gregorianas\",\"isPartOf\":{\"@id\":\"https:\\\/\\\/cnewa.org\\\/es\\\/#website\"},\"primaryImageOfPage\":{\"@id\":\"https:\\\/\\\/cnewa.org\\\/es\\\/intenciones-para-misas\\\/misas-gregorianas\\\/#primaryimage\"},\"image\":{\"@id\":\"https:\\\/\\\/cnewa.org\\\/es\\\/intenciones-para-misas\\\/misas-gregorianas\\\/#primaryimage\"},\"thumbnailUrl\":\"https:\\\/\\\/cnewa.org\\\/es\\\/wp-content\\\/uploads\\\/sites\\\/5\\\/2025\\\/11\\\/CNEWA-Mass-Cards-Gregorian-2025-1024x674.jpg\",\"datePublished\":\"2021-06-30T20:31:27+00:00\",\"dateModified\":\"2025-11-05T15:52:43+00:00\",\"description\":\"Las Misas Gregorianas son parte de una tradici\u00f3n que se remonta al siglo VI, a un monasterio fundado por San Gregorio el Grande.\",\"breadcrumb\":{\"@id\":\"https:\\\/\\\/cnewa.org\\\/es\\\/intenciones-para-misas\\\/misas-gregorianas\\\/#breadcrumb\"},\"inLanguage\":\"es\",\"potentialAction\":[{\"@type\":\"ReadAction\",\"target\":[\"https:\\\/\\\/cnewa.org\\\/es\\\/intenciones-para-misas\\\/misas-gregorianas\\\/\"]}]},{\"@type\":\"ImageObject\",\"inLanguage\":\"es\",\"@id\":\"https:\\\/\\\/cnewa.org\\\/es\\\/intenciones-para-misas\\\/misas-gregorianas\\\/#primaryimage\",\"url\":\"https:\\\/\\\/cnewa.org\\\/es\\\/wp-content\\\/uploads\\\/sites\\\/5\\\/2025\\\/11\\\/CNEWA-Mass-Cards-Gregorian-2025.jpg\",\"contentUrl\":\"https:\\\/\\\/cnewa.org\\\/es\\\/wp-content\\\/uploads\\\/sites\\\/5\\\/2025\\\/11\\\/CNEWA-Mass-Cards-Gregorian-2025.jpg\",\"width\":1183,\"height\":779,\"caption\":\"Tarjeta para Misas Gregorianas.\"},{\"@type\":\"BreadcrumbList\",\"@id\":\"https:\\\/\\\/cnewa.org\\\/es\\\/intenciones-para-misas\\\/misas-gregorianas\\\/#breadcrumb\",\"itemListElement\":[{\"@type\":\"ListItem\",\"position\":1,\"name\":\"Inicio\",\"item\":\"https:\\\/\\\/cnewa.org\\\/es\\\/\"},{\"@type\":\"ListItem\",\"position\":2,\"name\":\"Intenciones para Misas\",\"item\":\"https:\\\/\\\/cnewa.org\\\/es\\\/intenciones-para-misas\\\/\"},{\"@type\":\"ListItem\",\"position\":3,\"name\":\"Misas Gregorianas\"}]},{\"@type\":\"WebSite\",\"@id\":\"https:\\\/\\\/cnewa.org\\\/es\\\/#website\",\"url\":\"https:\\\/\\\/cnewa.org\\\/es\\\/\",\"name\":\"CNEWA Espa\u00f1ol\",\"description\":\"Asociaci\u00f3n Cat\u00f3lica para el Bienestar del Cercano Oriente\",\"publisher\":{\"@id\":\"https:\\\/\\\/cnewa.org\\\/es\\\/#organization\"},\"potentialAction\":[{\"@type\":\"SearchAction\",\"target\":{\"@type\":\"EntryPoint\",\"urlTemplate\":\"https:\\\/\\\/cnewa.org\\\/es\\\/?s={search_term_string}\"},\"query-input\":{\"@type\":\"PropertyValueSpecification\",\"valueRequired\":true,\"valueName\":\"search_term_string\"}}],\"inLanguage\":\"es\"},{\"@type\":\"Organization\",\"@id\":\"https:\\\/\\\/cnewa.org\\\/es\\\/#organization\",\"name\":\"CNEWA Espa\u00f1ol\",\"alternateName\":\"Asociaci\u00f3n Cat\u00f3lica para el Bienestar del Cercano Oriente\",\"url\":\"https:\\\/\\\/cnewa.org\\\/es\\\/\",\"logo\":{\"@type\":\"ImageObject\",\"inLanguage\":\"es\",\"@id\":\"https:\\\/\\\/cnewa.org\\\/es\\\/#\\\/schema\\\/logo\\\/image\\\/\",\"url\":\"https:\\\/\\\/cnewa.org\\\/es\\\/wp-content\\\/uploads\\\/sites\\\/5\\\/2021\\\/07\\\/CNEWA-brand-logo.png\",\"contentUrl\":\"https:\\\/\\\/cnewa.org\\\/es\\\/wp-content\\\/uploads\\\/sites\\\/5\\\/2021\\\/07\\\/CNEWA-brand-logo.png\",\"width\":1000,\"height\":1000,\"caption\":\"CNEWA Espa\u00f1ol\"},\"image\":{\"@id\":\"https:\\\/\\\/cnewa.org\\\/es\\\/#\\\/schema\\\/logo\\\/image\\\/\"},\"sameAs\":[\"https:\\\/\\\/www.facebook.com\\\/CNEWAenespanol\\\/\",\"https:\\\/\\\/www.instagram.com\\\/cnewa1926\\\/\",\"https:\\\/\\\/www.youtube.com\\\/user\\\/TheCNEWA\"]}]}<\/script>\n<!-- \/ Yoast SEO Premium plugin. -->","yoast_head_json":{"title":"Misas Gregorianas","description":"Las Misas Gregorianas son parte de una tradici\u00f3n que se remonta al siglo VI, a un monasterio fundado por San Gregorio el Grande.","robots":{"index":"index","follow":"follow","max-snippet":"max-snippet:-1","max-image-preview":"max-image-preview:large","max-video-preview":"max-video-preview:-1"},"canonical":"https:\/\/cnewa.org\/es\/intenciones-para-misas\/misas-gregorianas\/","og_locale":"es_ES","og_type":"article","og_title":"Misas Gregorianas","og_description":"Las Misas Gregorianas son parte de una tradici\u00f3n que se remonta al siglo VI, a un monasterio fundado por San Gregorio el Grande.","og_url":"https:\/\/cnewa.org\/es\/intenciones-para-misas\/misas-gregorianas\/","og_site_name":"CNEWA Espa\u00f1ol","article_publisher":"https:\/\/www.facebook.com\/CNEWAenespanol\/","article_modified_time":"2025-11-05T15:52:43+00:00","og_image":[{"width":1183,"height":779,"url":"https:\/\/cnewa.org\/es\/wp-content\/uploads\/sites\/5\/2025\/11\/CNEWA-Mass-Cards-Gregorian-2025.jpg","type":"image\/jpeg"}],"twitter_card":"summary_large_image","twitter_misc":{"Tiempo de lectura":"1 minuto"},"schema":{"@context":"https:\/\/schema.org","@graph":[{"@type":"WebPage","@id":"https:\/\/cnewa.org\/es\/intenciones-para-misas\/misas-gregorianas\/","url":"https:\/\/cnewa.org\/es\/intenciones-para-misas\/misas-gregorianas\/","name":"Misas Gregorianas","isPartOf":{"@id":"https:\/\/cnewa.org\/es\/#website"},"primaryImageOfPage":{"@id":"https:\/\/cnewa.org\/es\/intenciones-para-misas\/misas-gregorianas\/#primaryimage"},"image":{"@id":"https:\/\/cnewa.org\/es\/intenciones-para-misas\/misas-gregorianas\/#primaryimage"},"thumbnailUrl":"https:\/\/cnewa.org\/es\/wp-content\/uploads\/sites\/5\/2025\/11\/CNEWA-Mass-Cards-Gregorian-2025-1024x674.jpg","datePublished":"2021-06-30T20:31:27+00:00","dateModified":"2025-11-05T15:52:43+00:00","description":"Las Misas Gregorianas son parte de una tradici\u00f3n que se remonta al siglo VI, a un monasterio fundado por San Gregorio el Grande.","breadcrumb":{"@id":"https:\/\/cnewa.org\/es\/intenciones-para-misas\/misas-gregorianas\/#breadcrumb"},"inLanguage":"es","potentialAction":[{"@type":"ReadAction","target":["https:\/\/cnewa.org\/es\/intenciones-para-misas\/misas-gregorianas\/"]}]},{"@type":"ImageObject","inLanguage":"es","@id":"https:\/\/cnewa.org\/es\/intenciones-para-misas\/misas-gregorianas\/#primaryimage","url":"https:\/\/cnewa.org\/es\/wp-content\/uploads\/sites\/5\/2025\/11\/CNEWA-Mass-Cards-Gregorian-2025.jpg","contentUrl":"https:\/\/cnewa.org\/es\/wp-content\/uploads\/sites\/5\/2025\/11\/CNEWA-Mass-Cards-Gregorian-2025.jpg","width":1183,"height":779,"caption":"Tarjeta para Misas Gregorianas."},{"@type":"BreadcrumbList","@id":"https:\/\/cnewa.org\/es\/intenciones-para-misas\/misas-gregorianas\/#breadcrumb","itemListElement":[{"@type":"ListItem","position":1,"name":"Inicio","item":"https:\/\/cnewa.org\/es\/"},{"@type":"ListItem","position":2,"name":"Intenciones para Misas","item":"https:\/\/cnewa.org\/es\/intenciones-para-misas\/"},{"@type":"ListItem","position":3,"name":"Misas Gregorianas"}]},{"@type":"WebSite","@id":"https:\/\/cnewa.org\/es\/#website","url":"https:\/\/cnewa.org\/es\/","name":"CNEWA Espa\u00f1ol","description":"Asociaci\u00f3n Cat\u00f3lica para el Bienestar del Cercano Oriente","publisher":{"@id":"https:\/\/cnewa.org\/es\/#organization"},"potentialAction":[{"@type":"SearchAction","target":{"@type":"EntryPoint","urlTemplate":"https:\/\/cnewa.org\/es\/?s={search_term_string}"},"query-input":{"@type":"PropertyValueSpecification","valueRequired":true,"valueName":"search_term_string"}}],"inLanguage":"es"},{"@type":"Organization","@id":"https:\/\/cnewa.org\/es\/#organization","name":"CNEWA Espa\u00f1ol","alternateName":"Asociaci\u00f3n Cat\u00f3lica para el Bienestar del Cercano Oriente","url":"https:\/\/cnewa.org\/es\/","logo":{"@type":"ImageObject","inLanguage":"es","@id":"https:\/\/cnewa.org\/es\/#\/schema\/logo\/image\/","url":"https:\/\/cnewa.org\/es\/wp-content\/uploads\/sites\/5\/2021\/07\/CNEWA-brand-logo.png","contentUrl":"https:\/\/cnewa.org\/es\/wp-content\/uploads\/sites\/5\/2021\/07\/CNEWA-brand-logo.png","width":1000,"height":1000,"caption":"CNEWA Espa\u00f1ol"},"image":{"@id":"https:\/\/cnewa.org\/es\/#\/schema\/logo\/image\/"},"sameAs":["https:\/\/www.facebook.com\/CNEWAenespanol\/","https:\/\/www.instagram.com\/cnewa1926\/","https:\/\/www.youtube.com\/user\/TheCNEWA"]}]}},"_links":{"self":[{"href":"https:\/\/cnewa.org\/es\/wp-json\/wp\/v2\/pages\/240","targetHints":{"allow":["GET"]}}],"collection":[{"href":"https:\/\/cnewa.org\/es\/wp-json\/wp\/v2\/pages"}],"about":[{"href":"https:\/\/cnewa.org\/es\/wp-json\/wp\/v2\/types\/page"}],"author":[{"embeddable":true,"href":"https:\/\/cnewa.org\/es\/wp-json\/wp\/v2\/users\/1"}],"replies":[{"embeddable":true,"href":"https:\/\/cnewa.org\/es\/wp-json\/wp\/v2\/comments?post=240"}],"version-history":[{"count":12,"href":"https:\/\/cnewa.org\/es\/wp-json\/wp\/v2\/pages\/240\/revisions"}],"predecessor-version":[{"id":7393,"href":"https:\/\/cnewa.org\/es\/wp-json\/wp\/v2\/pages\/240\/revisions\/7393"}],"up":[{"embeddable":true,"href":"https:\/\/cnewa.org\/es\/wp-json\/wp\/v2\/pages\/166"}],"wp:attachment":[{"href":"https:\/\/cnewa.org\/es\/wp-json\/wp\/v2\/media?parent=240"}],"curies":[{"name":"wp","href":"https:\/\/api.w.org\/{rel}","templated":true}]}}