{"id":243,"date":"2021-06-30T16:32:21","date_gmt":"2021-06-30T20:32:21","guid":{"rendered":"https:\/\/cnewa.org\/es\/?page_id=243"},"modified":"2025-11-05T10:54:31","modified_gmt":"2025-11-05T15:54:31","slug":"misas-por-los-difuntos","status":"publish","type":"page","link":"https:\/\/cnewa.org\/es\/intenciones-para-misas\/misas-por-los-difuntos\/","title":{"rendered":"Misas por los Difuntos"},"content":{"rendered":"\n<h2 class=\"wp-block-heading\" id=\"h-misas-por-los-difuntos\">Misas por los Difuntos<\/h2>\n\n\n\n<p>Un sacerdote dir\u00e1 una Misa por los Difuntos para una persona en particular en uno de los pa\u00edses donde servimos. Cada d\u00f3lar de la donaci\u00f3n ser\u00e1 enviado al sacerdote que celebre la Misa. La mayor\u00eda de estos hombres son cat\u00f3licos orientales y la mayor\u00eda de ellos est\u00e1n casados, por lo que estas peque\u00f1as donaciones sirven como estipendios para ayudarlos a mantener a sus familias, quienes a menudo viven en algunas de las partes con mayores dificultades econ\u00f3micas del mundo.<\/p>\n\n\n\n<figure class=\"wp-block-image size-large\"><img loading=\"lazy\" decoding=\"async\" width=\"1024\" height=\"674\" src=\"https:\/\/cnewa.org\/es\/wp-content\/uploads\/sites\/5\/2025\/11\/CNEWA-Mass-Cards-Repose-2025-1024x674.jpg\" alt=\"Tarjeta para misa por los difuntos.\" class=\"wp-image-7383\" srcset=\"https:\/\/cnewa.org\/es\/wp-content\/uploads\/sites\/5\/2025\/11\/CNEWA-Mass-Cards-Repose-2025-1024x674.jpg 1024w, https:\/\/cnewa.org\/es\/wp-content\/uploads\/sites\/5\/2025\/11\/CNEWA-Mass-Cards-Repose-2025-300x198.jpg 300w, https:\/\/cnewa.org\/es\/wp-content\/uploads\/sites\/5\/2025\/11\/CNEWA-Mass-Cards-Repose-2025-768x506.jpg 768w, https:\/\/cnewa.org\/es\/wp-content\/uploads\/sites\/5\/2025\/11\/CNEWA-Mass-Cards-Repose-2025.jpg 1183w\" sizes=\"auto, (max-width: 1024px) 100vw, 1024px\" \/><\/figure>\n","protected":false},"excerpt":{"rendered":"<p>Misas por los Difuntos Un sacerdote dir\u00e1 una Misa por los Difuntos para una persona en particular en uno de los pa\u00edses donde servimos. Cada d\u00f3lar de la donaci\u00f3n ser\u00e1 enviado al sacerdote que celebre la Misa. La mayor\u00eda de estos hombres son cat\u00f3licos orientales y la mayor\u00eda de ellos est\u00e1n casados, por lo que &hellip; <a href=\"https:\/\/cnewa.org\/es\/intenciones-para-misas\/misas-por-los-difuntos\/\">Continued<\/a><\/p>\n","protected":false},"author":1,"featured_media":0,"parent":166,"menu_order":15,"comment_status":"closed","ping_status":"closed","template":"template-deceased.php","meta":{"_acf_changed":false,"footnotes":""},"class_list":["post-243","page","type-page","status-publish","hentry"],"acf":[],"yoast_head":"<!-- This site is optimized with the Yoast SEO Premium plugin v27.3 (Yoast SEO v27.3) - https:\/\/yoast.com\/product\/yoast-seo-premium-wordpress\/ -->\n<title>Misas por los Difuntos | CNEWA Espa\u00f1ol<\/title>\n<meta name=\"robots\" content=\"index, follow, max-snippet:-1, max-image-preview:large, max-video-preview:-1\" \/>\n<link rel=\"canonical\" href=\"https:\/\/cnewa.org\/es\/intenciones-para-misas\/misas-por-los-difuntos\/\" \/>\n<meta property=\"og:locale\" content=\"es_ES\" \/>\n<meta property=\"og:type\" content=\"article\" \/>\n<meta property=\"og:title\" content=\"Misas por los Difuntos\" \/>\n<meta property=\"og:description\" content=\"Misas por los Difuntos Un sacerdote dir\u00e1 una Misa por los Difuntos para una persona en particular en uno de los pa\u00edses donde servimos. Cada d\u00f3lar de la donaci\u00f3n ser\u00e1 enviado al sacerdote que celebre la Misa. La mayor\u00eda de estos hombres son cat\u00f3licos orientales y la mayor\u00eda de ellos est\u00e1n casados, por lo que &hellip; Continued\" \/>\n<meta property=\"og:url\" content=\"https:\/\/cnewa.org\/es\/intenciones-para-misas\/misas-por-los-difuntos\/\" \/>\n<meta property=\"og:site_name\" content=\"CNEWA Espa\u00f1ol\" \/>\n<meta property=\"article:publisher\" content=\"https:\/\/www.facebook.com\/CNEWAenespanol\/\" \/>\n<meta property=\"article:modified_time\" content=\"2025-11-05T15:54:31+00:00\" \/>\n<meta property=\"og:image\" content=\"https:\/\/cnewa.org\/es\/wp-content\/uploads\/sites\/5\/2025\/11\/CNEWA-Mass-Cards-Repose-2025.jpg\" \/>\n\t<meta property=\"og:image:width\" content=\"1183\" \/>\n\t<meta property=\"og:image:height\" content=\"779\" \/>\n\t<meta property=\"og:image:type\" content=\"image\/jpeg\" \/>\n<meta name=\"twitter:card\" content=\"summary_large_image\" \/>\n<meta name=\"twitter:label1\" content=\"Tiempo de lectura\" \/>\n\t<meta name=\"twitter:data1\" content=\"1 minuto\" \/>\n<script type=\"application\/ld+json\" class=\"yoast-schema-graph\">{\"@context\":\"https:\\\/\\\/schema.org\",\"@graph\":[{\"@type\":\"WebPage\",\"@id\":\"https:\\\/\\\/cnewa.org\\\/es\\\/intenciones-para-misas\\\/misas-por-los-difuntos\\\/\",\"url\":\"https:\\\/\\\/cnewa.org\\\/es\\\/intenciones-para-misas\\\/misas-por-los-difuntos\\\/\",\"name\":\"Misas por los Difuntos | CNEWA Espa\u00f1ol\",\"isPartOf\":{\"@id\":\"https:\\\/\\\/cnewa.org\\\/es\\\/#website\"},\"primaryImageOfPage\":{\"@id\":\"https:\\\/\\\/cnewa.org\\\/es\\\/intenciones-para-misas\\\/misas-por-los-difuntos\\\/#primaryimage\"},\"image\":{\"@id\":\"https:\\\/\\\/cnewa.org\\\/es\\\/intenciones-para-misas\\\/misas-por-los-difuntos\\\/#primaryimage\"},\"thumbnailUrl\":\"https:\\\/\\\/cnewa.org\\\/es\\\/wp-content\\\/uploads\\\/sites\\\/5\\\/2025\\\/11\\\/CNEWA-Mass-Cards-Repose-2025-1024x674.jpg\",\"datePublished\":\"2021-06-30T20:32:21+00:00\",\"dateModified\":\"2025-11-05T15:54:31+00:00\",\"breadcrumb\":{\"@id\":\"https:\\\/\\\/cnewa.org\\\/es\\\/intenciones-para-misas\\\/misas-por-los-difuntos\\\/#breadcrumb\"},\"inLanguage\":\"es\",\"potentialAction\":[{\"@type\":\"ReadAction\",\"target\":[\"https:\\\/\\\/cnewa.org\\\/es\\\/intenciones-para-misas\\\/misas-por-los-difuntos\\\/\"]}]},{\"@type\":\"ImageObject\",\"inLanguage\":\"es\",\"@id\":\"https:\\\/\\\/cnewa.org\\\/es\\\/intenciones-para-misas\\\/misas-por-los-difuntos\\\/#primaryimage\",\"url\":\"https:\\\/\\\/cnewa.org\\\/es\\\/wp-content\\\/uploads\\\/sites\\\/5\\\/2025\\\/11\\\/CNEWA-Mass-Cards-Repose-2025.jpg\",\"contentUrl\":\"https:\\\/\\\/cnewa.org\\\/es\\\/wp-content\\\/uploads\\\/sites\\\/5\\\/2025\\\/11\\\/CNEWA-Mass-Cards-Repose-2025.jpg\",\"width\":1183,\"height\":779,\"caption\":\"Tarjeta para misa por los difuntos.\"},{\"@type\":\"BreadcrumbList\",\"@id\":\"https:\\\/\\\/cnewa.org\\\/es\\\/intenciones-para-misas\\\/misas-por-los-difuntos\\\/#breadcrumb\",\"itemListElement\":[{\"@type\":\"ListItem\",\"position\":1,\"name\":\"Inicio\",\"item\":\"https:\\\/\\\/cnewa.org\\\/es\\\/\"},{\"@type\":\"ListItem\",\"position\":2,\"name\":\"Intenciones para Misas\",\"item\":\"https:\\\/\\\/cnewa.org\\\/es\\\/intenciones-para-misas\\\/\"},{\"@type\":\"ListItem\",\"position\":3,\"name\":\"Misas por los Difuntos\"}]},{\"@type\":\"WebSite\",\"@id\":\"https:\\\/\\\/cnewa.org\\\/es\\\/#website\",\"url\":\"https:\\\/\\\/cnewa.org\\\/es\\\/\",\"name\":\"CNEWA Espa\u00f1ol\",\"description\":\"Asociaci\u00f3n Cat\u00f3lica para el Bienestar del Cercano Oriente\",\"publisher\":{\"@id\":\"https:\\\/\\\/cnewa.org\\\/es\\\/#organization\"},\"potentialAction\":[{\"@type\":\"SearchAction\",\"target\":{\"@type\":\"EntryPoint\",\"urlTemplate\":\"https:\\\/\\\/cnewa.org\\\/es\\\/?s={search_term_string}\"},\"query-input\":{\"@type\":\"PropertyValueSpecification\",\"valueRequired\":true,\"valueName\":\"search_term_string\"}}],\"inLanguage\":\"es\"},{\"@type\":\"Organization\",\"@id\":\"https:\\\/\\\/cnewa.org\\\/es\\\/#organization\",\"name\":\"CNEWA Espa\u00f1ol\",\"alternateName\":\"Asociaci\u00f3n Cat\u00f3lica para el Bienestar del Cercano Oriente\",\"url\":\"https:\\\/\\\/cnewa.org\\\/es\\\/\",\"logo\":{\"@type\":\"ImageObject\",\"inLanguage\":\"es\",\"@id\":\"https:\\\/\\\/cnewa.org\\\/es\\\/#\\\/schema\\\/logo\\\/image\\\/\",\"url\":\"https:\\\/\\\/cnewa.org\\\/es\\\/wp-content\\\/uploads\\\/sites\\\/5\\\/2021\\\/07\\\/CNEWA-brand-logo.png\",\"contentUrl\":\"https:\\\/\\\/cnewa.org\\\/es\\\/wp-content\\\/uploads\\\/sites\\\/5\\\/2021\\\/07\\\/CNEWA-brand-logo.png\",\"width\":1000,\"height\":1000,\"caption\":\"CNEWA Espa\u00f1ol\"},\"image\":{\"@id\":\"https:\\\/\\\/cnewa.org\\\/es\\\/#\\\/schema\\\/logo\\\/image\\\/\"},\"sameAs\":[\"https:\\\/\\\/www.facebook.com\\\/CNEWAenespanol\\\/\",\"https:\\\/\\\/www.instagram.com\\\/cnewa1926\\\/\",\"https:\\\/\\\/www.youtube.com\\\/user\\\/TheCNEWA\"]}]}<\/script>\n<!-- \/ Yoast SEO Premium plugin. -->","yoast_head_json":{"title":"Misas por los Difuntos | CNEWA Espa\u00f1ol","robots":{"index":"index","follow":"follow","max-snippet":"max-snippet:-1","max-image-preview":"max-image-preview:large","max-video-preview":"max-video-preview:-1"},"canonical":"https:\/\/cnewa.org\/es\/intenciones-para-misas\/misas-por-los-difuntos\/","og_locale":"es_ES","og_type":"article","og_title":"Misas por los Difuntos","og_description":"Misas por los Difuntos Un sacerdote dir\u00e1 una Misa por los Difuntos para una persona en particular en uno de los pa\u00edses donde servimos. Cada d\u00f3lar de la donaci\u00f3n ser\u00e1 enviado al sacerdote que celebre la Misa. La mayor\u00eda de estos hombres son cat\u00f3licos orientales y la mayor\u00eda de ellos est\u00e1n casados, por lo que &hellip; Continued","og_url":"https:\/\/cnewa.org\/es\/intenciones-para-misas\/misas-por-los-difuntos\/","og_site_name":"CNEWA Espa\u00f1ol","article_publisher":"https:\/\/www.facebook.com\/CNEWAenespanol\/","article_modified_time":"2025-11-05T15:54:31+00:00","og_image":[{"width":1183,"height":779,"url":"https:\/\/cnewa.org\/es\/wp-content\/uploads\/sites\/5\/2025\/11\/CNEWA-Mass-Cards-Repose-2025.jpg","type":"image\/jpeg"}],"twitter_card":"summary_large_image","twitter_misc":{"Tiempo de lectura":"1 minuto"},"schema":{"@context":"https:\/\/schema.org","@graph":[{"@type":"WebPage","@id":"https:\/\/cnewa.org\/es\/intenciones-para-misas\/misas-por-los-difuntos\/","url":"https:\/\/cnewa.org\/es\/intenciones-para-misas\/misas-por-los-difuntos\/","name":"Misas por los Difuntos | CNEWA Espa\u00f1ol","isPartOf":{"@id":"https:\/\/cnewa.org\/es\/#website"},"primaryImageOfPage":{"@id":"https:\/\/cnewa.org\/es\/intenciones-para-misas\/misas-por-los-difuntos\/#primaryimage"},"image":{"@id":"https:\/\/cnewa.org\/es\/intenciones-para-misas\/misas-por-los-difuntos\/#primaryimage"},"thumbnailUrl":"https:\/\/cnewa.org\/es\/wp-content\/uploads\/sites\/5\/2025\/11\/CNEWA-Mass-Cards-Repose-2025-1024x674.jpg","datePublished":"2021-06-30T20:32:21+00:00","dateModified":"2025-11-05T15:54:31+00:00","breadcrumb":{"@id":"https:\/\/cnewa.org\/es\/intenciones-para-misas\/misas-por-los-difuntos\/#breadcrumb"},"inLanguage":"es","potentialAction":[{"@type":"ReadAction","target":["https:\/\/cnewa.org\/es\/intenciones-para-misas\/misas-por-los-difuntos\/"]}]},{"@type":"ImageObject","inLanguage":"es","@id":"https:\/\/cnewa.org\/es\/intenciones-para-misas\/misas-por-los-difuntos\/#primaryimage","url":"https:\/\/cnewa.org\/es\/wp-content\/uploads\/sites\/5\/2025\/11\/CNEWA-Mass-Cards-Repose-2025.jpg","contentUrl":"https:\/\/cnewa.org\/es\/wp-content\/uploads\/sites\/5\/2025\/11\/CNEWA-Mass-Cards-Repose-2025.jpg","width":1183,"height":779,"caption":"Tarjeta para misa por los difuntos."},{"@type":"BreadcrumbList","@id":"https:\/\/cnewa.org\/es\/intenciones-para-misas\/misas-por-los-difuntos\/#breadcrumb","itemListElement":[{"@type":"ListItem","position":1,"name":"Inicio","item":"https:\/\/cnewa.org\/es\/"},{"@type":"ListItem","position":2,"name":"Intenciones para Misas","item":"https:\/\/cnewa.org\/es\/intenciones-para-misas\/"},{"@type":"ListItem","position":3,"name":"Misas por los Difuntos"}]},{"@type":"WebSite","@id":"https:\/\/cnewa.org\/es\/#website","url":"https:\/\/cnewa.org\/es\/","name":"CNEWA Espa\u00f1ol","description":"Asociaci\u00f3n Cat\u00f3lica para el Bienestar del Cercano Oriente","publisher":{"@id":"https:\/\/cnewa.org\/es\/#organization"},"potentialAction":[{"@type":"SearchAction","target":{"@type":"EntryPoint","urlTemplate":"https:\/\/cnewa.org\/es\/?s={search_term_string}"},"query-input":{"@type":"PropertyValueSpecification","valueRequired":true,"valueName":"search_term_string"}}],"inLanguage":"es"},{"@type":"Organization","@id":"https:\/\/cnewa.org\/es\/#organization","name":"CNEWA Espa\u00f1ol","alternateName":"Asociaci\u00f3n Cat\u00f3lica para el Bienestar del Cercano Oriente","url":"https:\/\/cnewa.org\/es\/","logo":{"@type":"ImageObject","inLanguage":"es","@id":"https:\/\/cnewa.org\/es\/#\/schema\/logo\/image\/","url":"https:\/\/cnewa.org\/es\/wp-content\/uploads\/sites\/5\/2021\/07\/CNEWA-brand-logo.png","contentUrl":"https:\/\/cnewa.org\/es\/wp-content\/uploads\/sites\/5\/2021\/07\/CNEWA-brand-logo.png","width":1000,"height":1000,"caption":"CNEWA Espa\u00f1ol"},"image":{"@id":"https:\/\/cnewa.org\/es\/#\/schema\/logo\/image\/"},"sameAs":["https:\/\/www.facebook.com\/CNEWAenespanol\/","https:\/\/www.instagram.com\/cnewa1926\/","https:\/\/www.youtube.com\/user\/TheCNEWA"]}]}},"_links":{"self":[{"href":"https:\/\/cnewa.org\/es\/wp-json\/wp\/v2\/pages\/243","targetHints":{"allow":["GET"]}}],"collection":[{"href":"https:\/\/cnewa.org\/es\/wp-json\/wp\/v2\/pages"}],"about":[{"href":"https:\/\/cnewa.org\/es\/wp-json\/wp\/v2\/types\/page"}],"author":[{"embeddable":true,"href":"https:\/\/cnewa.org\/es\/wp-json\/wp\/v2\/users\/1"}],"replies":[{"embeddable":true,"href":"https:\/\/cnewa.org\/es\/wp-json\/wp\/v2\/comments?post=243"}],"version-history":[{"count":8,"href":"https:\/\/cnewa.org\/es\/wp-json\/wp\/v2\/pages\/243\/revisions"}],"predecessor-version":[{"id":7395,"href":"https:\/\/cnewa.org\/es\/wp-json\/wp\/v2\/pages\/243\/revisions\/7395"}],"up":[{"embeddable":true,"href":"https:\/\/cnewa.org\/es\/wp-json\/wp\/v2\/pages\/166"}],"wp:attachment":[{"href":"https:\/\/cnewa.org\/es\/wp-json\/wp\/v2\/media?parent=243"}],"curies":[{"name":"wp","href":"https:\/\/api.w.org\/{rel}","templated":true}]}}