{"id":246,"date":"2021-06-30T16:32:53","date_gmt":"2021-06-30T20:32:53","guid":{"rendered":"https:\/\/cnewa.org\/es\/?page_id=246"},"modified":"2025-11-05T10:55:58","modified_gmt":"2025-11-05T15:55:58","slug":"misas-para-intenciones-especiales","status":"publish","type":"page","link":"https:\/\/cnewa.org\/es\/intenciones-para-misas\/misas-para-intenciones-especiales\/","title":{"rendered":"Misas para Intenciones Especiales"},"content":{"rendered":"\n<h2 class=\"wp-block-heading\" id=\"h-misas-para-intenciones-especiales\">Misas para Intenciones Especiales<\/h2>\n\n\n\n<p>Nos complace ofrecer Misas para Intenciones Especiales. Esta intenci\u00f3n especial puede ser para cualquier ocasi\u00f3n: cumplea\u00f1os, aniversarios, ordenaciones, bodas y m\u00e1s. No puede haber una manera m\u00e1s significativa y hermosa de expresar amor y apoyo en oraci\u00f3n que pedirle a un sacerdote que diga una misa en honor a alguien. La donaci\u00f3n ir\u00e1 directamente al sacerdote y apoyar\u00e1 su misi\u00f3n en los pa\u00edses donde sirve Asociaci\u00f3n Cat\u00f3lica para el Bienestar del Cercano Oriente (CNEWA).<\/p>\n\n\n\n<figure class=\"wp-block-image size-large\"><img loading=\"lazy\" decoding=\"async\" width=\"1024\" height=\"674\" src=\"https:\/\/cnewa.org\/es\/wp-content\/uploads\/sites\/5\/2025\/11\/CNEWA-Mass-Cards-Special-2025-1024x674.jpg\" alt=\"Tarjeta para Misa de Intenciones Especiales.\" class=\"wp-image-7384\" srcset=\"https:\/\/cnewa.org\/es\/wp-content\/uploads\/sites\/5\/2025\/11\/CNEWA-Mass-Cards-Special-2025-1024x674.jpg 1024w, https:\/\/cnewa.org\/es\/wp-content\/uploads\/sites\/5\/2025\/11\/CNEWA-Mass-Cards-Special-2025-300x198.jpg 300w, https:\/\/cnewa.org\/es\/wp-content\/uploads\/sites\/5\/2025\/11\/CNEWA-Mass-Cards-Special-2025-768x506.jpg 768w, https:\/\/cnewa.org\/es\/wp-content\/uploads\/sites\/5\/2025\/11\/CNEWA-Mass-Cards-Special-2025.jpg 1183w\" sizes=\"auto, (max-width: 1024px) 100vw, 1024px\" \/><\/figure>\n","protected":false},"excerpt":{"rendered":"<p>Misas para Intenciones Especiales Nos complace ofrecer Misas para Intenciones Especiales. Esta intenci\u00f3n especial puede ser para cualquier ocasi\u00f3n: cumplea\u00f1os, aniversarios, ordenaciones, bodas y m\u00e1s. No puede haber una manera m\u00e1s significativa y hermosa de expresar amor y apoyo en oraci\u00f3n que pedirle a un sacerdote que diga una misa en honor a alguien. La &hellip; <a href=\"https:\/\/cnewa.org\/es\/intenciones-para-misas\/misas-para-intenciones-especiales\/\">Continued<\/a><\/p>\n","protected":false},"author":1,"featured_media":0,"parent":166,"menu_order":16,"comment_status":"closed","ping_status":"closed","template":"template-intentions.php","meta":{"_acf_changed":false,"footnotes":""},"class_list":["post-246","page","type-page","status-publish","hentry"],"acf":[],"yoast_head":"<!-- This site is optimized with the Yoast SEO Premium plugin v27.2 (Yoast SEO v27.2) - https:\/\/yoast.com\/product\/yoast-seo-premium-wordpress\/ -->\n<title>Misas para Intenciones Especiales | CNEWA Espa\u00f1ol<\/title>\n<meta name=\"robots\" content=\"index, follow, max-snippet:-1, max-image-preview:large, max-video-preview:-1\" \/>\n<link rel=\"canonical\" href=\"https:\/\/cnewa.org\/es\/intenciones-para-misas\/misas-para-intenciones-especiales\/\" \/>\n<meta property=\"og:locale\" content=\"es_ES\" \/>\n<meta property=\"og:type\" content=\"article\" \/>\n<meta property=\"og:title\" content=\"Misas para Intenciones Especiales\" \/>\n<meta property=\"og:description\" content=\"Misas para Intenciones Especiales Nos complace ofrecer Misas para Intenciones Especiales. Esta intenci\u00f3n especial puede ser para cualquier ocasi\u00f3n: cumplea\u00f1os, aniversarios, ordenaciones, bodas y m\u00e1s. No puede haber una manera m\u00e1s significativa y hermosa de expresar amor y apoyo en oraci\u00f3n que pedirle a un sacerdote que diga una misa en honor a alguien. La &hellip; Continued\" \/>\n<meta property=\"og:url\" content=\"https:\/\/cnewa.org\/es\/intenciones-para-misas\/misas-para-intenciones-especiales\/\" \/>\n<meta property=\"og:site_name\" content=\"CNEWA Espa\u00f1ol\" \/>\n<meta property=\"article:publisher\" content=\"https:\/\/www.facebook.com\/CNEWAenespanol\/\" \/>\n<meta property=\"article:modified_time\" content=\"2025-11-05T15:55:58+00:00\" \/>\n<meta property=\"og:image\" content=\"https:\/\/cnewa.org\/es\/wp-content\/uploads\/sites\/5\/2025\/11\/CNEWA-Mass-Cards-Special-2025.jpg\" \/>\n\t<meta property=\"og:image:width\" content=\"1183\" \/>\n\t<meta property=\"og:image:height\" content=\"779\" \/>\n\t<meta property=\"og:image:type\" content=\"image\/jpeg\" \/>\n<meta name=\"twitter:card\" content=\"summary_large_image\" \/>\n<meta name=\"twitter:label1\" content=\"Tiempo de lectura\" \/>\n\t<meta name=\"twitter:data1\" content=\"1 minuto\" \/>\n<script type=\"application\/ld+json\" class=\"yoast-schema-graph\">{\"@context\":\"https:\/\/schema.org\",\"@graph\":[{\"@type\":\"WebPage\",\"@id\":\"https:\/\/cnewa.org\/es\/intenciones-para-misas\/misas-para-intenciones-especiales\/\",\"url\":\"https:\/\/cnewa.org\/es\/intenciones-para-misas\/misas-para-intenciones-especiales\/\",\"name\":\"Misas para Intenciones Especiales | CNEWA Espa\u00f1ol\",\"isPartOf\":{\"@id\":\"https:\/\/cnewa.org\/es\/#website\"},\"primaryImageOfPage\":{\"@id\":\"https:\/\/cnewa.org\/es\/intenciones-para-misas\/misas-para-intenciones-especiales\/#primaryimage\"},\"image\":{\"@id\":\"https:\/\/cnewa.org\/es\/intenciones-para-misas\/misas-para-intenciones-especiales\/#primaryimage\"},\"thumbnailUrl\":\"https:\/\/cnewa.org\/es\/wp-content\/uploads\/sites\/5\/2025\/11\/CNEWA-Mass-Cards-Special-2025-1024x674.jpg\",\"datePublished\":\"2021-06-30T20:32:53+00:00\",\"dateModified\":\"2025-11-05T15:55:58+00:00\",\"breadcrumb\":{\"@id\":\"https:\/\/cnewa.org\/es\/intenciones-para-misas\/misas-para-intenciones-especiales\/#breadcrumb\"},\"inLanguage\":\"es\",\"potentialAction\":[{\"@type\":\"ReadAction\",\"target\":[\"https:\/\/cnewa.org\/es\/intenciones-para-misas\/misas-para-intenciones-especiales\/\"]}]},{\"@type\":\"ImageObject\",\"inLanguage\":\"es\",\"@id\":\"https:\/\/cnewa.org\/es\/intenciones-para-misas\/misas-para-intenciones-especiales\/#primaryimage\",\"url\":\"https:\/\/cnewa.org\/es\/wp-content\/uploads\/sites\/5\/2025\/11\/CNEWA-Mass-Cards-Special-2025.jpg\",\"contentUrl\":\"https:\/\/cnewa.org\/es\/wp-content\/uploads\/sites\/5\/2025\/11\/CNEWA-Mass-Cards-Special-2025.jpg\",\"width\":1183,\"height\":779,\"caption\":\"Tarjeta para Misa de Intenciones Especiales.\"},{\"@type\":\"BreadcrumbList\",\"@id\":\"https:\/\/cnewa.org\/es\/intenciones-para-misas\/misas-para-intenciones-especiales\/#breadcrumb\",\"itemListElement\":[{\"@type\":\"ListItem\",\"position\":1,\"name\":\"Inicio\",\"item\":\"https:\/\/cnewa.org\/es\/\"},{\"@type\":\"ListItem\",\"position\":2,\"name\":\"Intenciones para Misas\",\"item\":\"https:\/\/cnewa.org\/es\/intenciones-para-misas\/\"},{\"@type\":\"ListItem\",\"position\":3,\"name\":\"Misas para Intenciones Especiales\"}]},{\"@type\":\"WebSite\",\"@id\":\"https:\/\/cnewa.org\/es\/#website\",\"url\":\"https:\/\/cnewa.org\/es\/\",\"name\":\"CNEWA Espa\u00f1ol\",\"description\":\"Asociaci\u00f3n Cat\u00f3lica para el Bienestar del Cercano Oriente\",\"publisher\":{\"@id\":\"https:\/\/cnewa.org\/es\/#organization\"},\"potentialAction\":[{\"@type\":\"SearchAction\",\"target\":{\"@type\":\"EntryPoint\",\"urlTemplate\":\"https:\/\/cnewa.org\/es\/?s={search_term_string}\"},\"query-input\":{\"@type\":\"PropertyValueSpecification\",\"valueRequired\":true,\"valueName\":\"search_term_string\"}}],\"inLanguage\":\"es\"},{\"@type\":\"Organization\",\"@id\":\"https:\/\/cnewa.org\/es\/#organization\",\"name\":\"CNEWA Espa\u00f1ol\",\"alternateName\":\"Asociaci\u00f3n Cat\u00f3lica para el Bienestar del Cercano Oriente\",\"url\":\"https:\/\/cnewa.org\/es\/\",\"logo\":{\"@type\":\"ImageObject\",\"inLanguage\":\"es\",\"@id\":\"https:\/\/cnewa.org\/es\/#\/schema\/logo\/image\/\",\"url\":\"https:\/\/cnewa.org\/es\/wp-content\/uploads\/sites\/5\/2021\/07\/CNEWA-brand-logo.png\",\"contentUrl\":\"https:\/\/cnewa.org\/es\/wp-content\/uploads\/sites\/5\/2021\/07\/CNEWA-brand-logo.png\",\"width\":1000,\"height\":1000,\"caption\":\"CNEWA Espa\u00f1ol\"},\"image\":{\"@id\":\"https:\/\/cnewa.org\/es\/#\/schema\/logo\/image\/\"},\"sameAs\":[\"https:\/\/www.facebook.com\/CNEWAenespanol\/\",\"https:\/\/www.instagram.com\/cnewa1926\/\",\"https:\/\/www.youtube.com\/user\/TheCNEWA\"]}]}<\/script>\n<!-- \/ Yoast SEO Premium plugin. -->","yoast_head_json":{"title":"Misas para Intenciones Especiales | CNEWA Espa\u00f1ol","robots":{"index":"index","follow":"follow","max-snippet":"max-snippet:-1","max-image-preview":"max-image-preview:large","max-video-preview":"max-video-preview:-1"},"canonical":"https:\/\/cnewa.org\/es\/intenciones-para-misas\/misas-para-intenciones-especiales\/","og_locale":"es_ES","og_type":"article","og_title":"Misas para Intenciones Especiales","og_description":"Misas para Intenciones Especiales Nos complace ofrecer Misas para Intenciones Especiales. Esta intenci\u00f3n especial puede ser para cualquier ocasi\u00f3n: cumplea\u00f1os, aniversarios, ordenaciones, bodas y m\u00e1s. No puede haber una manera m\u00e1s significativa y hermosa de expresar amor y apoyo en oraci\u00f3n que pedirle a un sacerdote que diga una misa en honor a alguien. La &hellip; Continued","og_url":"https:\/\/cnewa.org\/es\/intenciones-para-misas\/misas-para-intenciones-especiales\/","og_site_name":"CNEWA Espa\u00f1ol","article_publisher":"https:\/\/www.facebook.com\/CNEWAenespanol\/","article_modified_time":"2025-11-05T15:55:58+00:00","og_image":[{"width":1183,"height":779,"url":"https:\/\/cnewa.org\/es\/wp-content\/uploads\/sites\/5\/2025\/11\/CNEWA-Mass-Cards-Special-2025.jpg","type":"image\/jpeg"}],"twitter_card":"summary_large_image","twitter_misc":{"Tiempo de lectura":"1 minuto"},"schema":{"@context":"https:\/\/schema.org","@graph":[{"@type":"WebPage","@id":"https:\/\/cnewa.org\/es\/intenciones-para-misas\/misas-para-intenciones-especiales\/","url":"https:\/\/cnewa.org\/es\/intenciones-para-misas\/misas-para-intenciones-especiales\/","name":"Misas para Intenciones Especiales | CNEWA Espa\u00f1ol","isPartOf":{"@id":"https:\/\/cnewa.org\/es\/#website"},"primaryImageOfPage":{"@id":"https:\/\/cnewa.org\/es\/intenciones-para-misas\/misas-para-intenciones-especiales\/#primaryimage"},"image":{"@id":"https:\/\/cnewa.org\/es\/intenciones-para-misas\/misas-para-intenciones-especiales\/#primaryimage"},"thumbnailUrl":"https:\/\/cnewa.org\/es\/wp-content\/uploads\/sites\/5\/2025\/11\/CNEWA-Mass-Cards-Special-2025-1024x674.jpg","datePublished":"2021-06-30T20:32:53+00:00","dateModified":"2025-11-05T15:55:58+00:00","breadcrumb":{"@id":"https:\/\/cnewa.org\/es\/intenciones-para-misas\/misas-para-intenciones-especiales\/#breadcrumb"},"inLanguage":"es","potentialAction":[{"@type":"ReadAction","target":["https:\/\/cnewa.org\/es\/intenciones-para-misas\/misas-para-intenciones-especiales\/"]}]},{"@type":"ImageObject","inLanguage":"es","@id":"https:\/\/cnewa.org\/es\/intenciones-para-misas\/misas-para-intenciones-especiales\/#primaryimage","url":"https:\/\/cnewa.org\/es\/wp-content\/uploads\/sites\/5\/2025\/11\/CNEWA-Mass-Cards-Special-2025.jpg","contentUrl":"https:\/\/cnewa.org\/es\/wp-content\/uploads\/sites\/5\/2025\/11\/CNEWA-Mass-Cards-Special-2025.jpg","width":1183,"height":779,"caption":"Tarjeta para Misa de Intenciones Especiales."},{"@type":"BreadcrumbList","@id":"https:\/\/cnewa.org\/es\/intenciones-para-misas\/misas-para-intenciones-especiales\/#breadcrumb","itemListElement":[{"@type":"ListItem","position":1,"name":"Inicio","item":"https:\/\/cnewa.org\/es\/"},{"@type":"ListItem","position":2,"name":"Intenciones para Misas","item":"https:\/\/cnewa.org\/es\/intenciones-para-misas\/"},{"@type":"ListItem","position":3,"name":"Misas para Intenciones Especiales"}]},{"@type":"WebSite","@id":"https:\/\/cnewa.org\/es\/#website","url":"https:\/\/cnewa.org\/es\/","name":"CNEWA Espa\u00f1ol","description":"Asociaci\u00f3n Cat\u00f3lica para el Bienestar del Cercano Oriente","publisher":{"@id":"https:\/\/cnewa.org\/es\/#organization"},"potentialAction":[{"@type":"SearchAction","target":{"@type":"EntryPoint","urlTemplate":"https:\/\/cnewa.org\/es\/?s={search_term_string}"},"query-input":{"@type":"PropertyValueSpecification","valueRequired":true,"valueName":"search_term_string"}}],"inLanguage":"es"},{"@type":"Organization","@id":"https:\/\/cnewa.org\/es\/#organization","name":"CNEWA Espa\u00f1ol","alternateName":"Asociaci\u00f3n Cat\u00f3lica para el Bienestar del Cercano Oriente","url":"https:\/\/cnewa.org\/es\/","logo":{"@type":"ImageObject","inLanguage":"es","@id":"https:\/\/cnewa.org\/es\/#\/schema\/logo\/image\/","url":"https:\/\/cnewa.org\/es\/wp-content\/uploads\/sites\/5\/2021\/07\/CNEWA-brand-logo.png","contentUrl":"https:\/\/cnewa.org\/es\/wp-content\/uploads\/sites\/5\/2021\/07\/CNEWA-brand-logo.png","width":1000,"height":1000,"caption":"CNEWA Espa\u00f1ol"},"image":{"@id":"https:\/\/cnewa.org\/es\/#\/schema\/logo\/image\/"},"sameAs":["https:\/\/www.facebook.com\/CNEWAenespanol\/","https:\/\/www.instagram.com\/cnewa1926\/","https:\/\/www.youtube.com\/user\/TheCNEWA"]}]}},"_links":{"self":[{"href":"https:\/\/cnewa.org\/es\/wp-json\/wp\/v2\/pages\/246","targetHints":{"allow":["GET"]}}],"collection":[{"href":"https:\/\/cnewa.org\/es\/wp-json\/wp\/v2\/pages"}],"about":[{"href":"https:\/\/cnewa.org\/es\/wp-json\/wp\/v2\/types\/page"}],"author":[{"embeddable":true,"href":"https:\/\/cnewa.org\/es\/wp-json\/wp\/v2\/users\/1"}],"replies":[{"embeddable":true,"href":"https:\/\/cnewa.org\/es\/wp-json\/wp\/v2\/comments?post=246"}],"version-history":[{"count":9,"href":"https:\/\/cnewa.org\/es\/wp-json\/wp\/v2\/pages\/246\/revisions"}],"predecessor-version":[{"id":7396,"href":"https:\/\/cnewa.org\/es\/wp-json\/wp\/v2\/pages\/246\/revisions\/7396"}],"up":[{"embeddable":true,"href":"https:\/\/cnewa.org\/es\/wp-json\/wp\/v2\/pages\/166"}],"wp:attachment":[{"href":"https:\/\/cnewa.org\/es\/wp-json\/wp\/v2\/media?parent=246"}],"curies":[{"name":"wp","href":"https:\/\/api.w.org\/{rel}","templated":true}]}}