{"id":2477,"date":"2023-02-14T08:53:13","date_gmt":"2023-02-14T13:53:13","guid":{"rendered":"https:\/\/cnewa.org\/es\/?page_id=2477"},"modified":"2024-12-16T08:42:04","modified_gmt":"2024-12-16T13:42:04","slug":"siria","status":"publish","type":"page","link":"https:\/\/cnewa.org\/es\/donde-trabajamos\/medio-oriente\/siria\/","title":{"rendered":"Siria"},"content":{"rendered":"\n<h2 class=\"wp-block-heading\" id=\"h-siria-es-un-pais-de-diversidad-religiosa-cuyo-pueblo-se-ha-enfrentado-a-una-agitacion-y-destruccion-sin-precedentes-durante-decadas-con-el-colapso-del-regimen-de-assad-la-situacion-economica-politica-y-social-sigue-siendo-desconocida-ya-que-los-antiguos-rebeldes-que-ahora-controlan-damasco-buscan-consolidar-su-autoridad-incluso-cuando-partes-del-pais-siguen-en-manos-de-otras-fuerzas-nacionales-y-extranjeras-todas-las-comunidades-especialmente-las-minorias-alauita-cristiana-y-drusa-son-vulnerables-a-pesar-de-las-garantias-de-las-nuevas-autoridades-de-que-se-respetaran-sus-derechos\">Siria es un pa\u00eds de diversidad religiosa cuyo pueblo se ha enfrentado a una agitaci\u00f3n y destrucci\u00f3n sin precedentes durante d\u00e9cadas. Con el colapso del r\u00e9gimen de Assad, la situaci\u00f3n econ\u00f3mica, pol\u00edtica y social sigue siendo desconocida, ya que los antiguos rebeldes que ahora controlan Damasco buscan consolidar su autoridad, incluso cuando partes del pa\u00eds siguen en manos de otras fuerzas, nacionales y extranjeras. Todas las comunidades, especialmente las minor\u00edas alauita, cristiana y drusa, son vulnerables, a pesar de las garant\u00edas de las nuevas autoridades de que se respetar\u00e1n sus derechos.<\/h2>\n\n\n  <div class=\"donate-button\" id=\"minor-fund-campaign\">\n    <button class=\"donate-modal-toggle\" data-major-fund='Ayuda de Emergencia' data-major-fund-code='EM'>HAGA UNA DONACI\u00d3N<\/button>\n  <\/div>\n  \n\n\n<p>Tras el terremoto de febrero de 2023, la Asociaci\u00f3n Cat\u00f3lica para el Bienestar del Cercano Oriente (CNEWA-Misi\u00f3n Pontificia) lanz\u00f3 una campa\u00f1a de emergencia para albergar a los supervivientes y proporcionar ropa de cama, alimentos, medicamentos, leche de f\u00f3rmula, pa\u00f1ales y ropa a m\u00e1s de 2.000 familias durante tres meses en las zonas de Alepo y Hama, en el norte de Siria. Las comunidades cristianas locales que se encargaron de proporcionar esta ayuda est\u00e1n ahora inmersas en el largo y doloroso proceso de \u201cvolver a la normalidad\u201d, que ha sido una inc\u00f3gnita en Siria desde que estall\u00f3 la guerra civil en 2011.<\/p>\n\n\n\n<p>Incluso antes del terremoto, Siria se enfrentaba a m\u00faltiples emergencias humanitarias. Seg\u00fan el Programa Mundial de Alimentos, se estima que 12,4 millones de personas en Siria, cerca del 60% de la poblaci\u00f3n, padecen inseguridad alimentaria. El valor de la libra siria es inestable; Cay\u00f3 dr\u00e1sticamente en 2021, lo que provoc\u00f3 una fuerte inflaci\u00f3n. Se estima que el 50% de la poblaci\u00f3n experiment\u00f3 una p\u00e9rdida de ingresos debido a la crisis econ\u00f3mica desencadenada por la pandemia. La mitad de los hospitales y centros m\u00e9dicos estatales han sufrido da\u00f1os por la guerra. El pa\u00eds se enfrenta a una grave crisis sanitaria que ha continuado desde la COVID-19.<\/p>\n\n\n\n<p>Como resultado directo de la guerra civil que comenz\u00f3 en 2011, y el surgimiento del Estado Isl\u00e1mico de 2014 a 2017, cientos de miles de sirios murieron y 14 millones fueron desplazados, ya sea como desplazados internos o como refugiados, seg\u00fan un\u00a0<a href=\"https:\/\/documents.un.org\/doc\/undoc\/gen\/g22\/251\/55\/pdf\/g2225155.pdf?OpenElement\">informe<\/a> publicado por el Consejo de Derechos Humanos de las Naciones Unidas en febrero de 2022. La poblaci\u00f3n antes de la guerra era 90% musulmana, la mayor\u00eda de los cuales eran sunitas, y el 10% era cristiana,\u00a0pero esas cifras ya no aplican, ya que los cristianos y otras comunidades minoritarias buscaron seguridad en otros lugares. Alepo, por ejemplo, una vez hogar de m\u00e1s de 500.000 cristianos, ahora est\u00e1 habitada por unos 25.000 cristianos de todos los ritos.\u00a0<\/p>\n\n\n\n<p>CNEWA-Misi\u00f3n Pontificia trabaja en estrecha colaboraci\u00f3n con m\u00e1s de una docena de iglesias e instituciones relacionadas con la iglesia en Siria para apoyar a sus diversas poblaciones. Junto con su amplia coalici\u00f3n de socios, CNEWA-Misi\u00f3n Pontificia financia programas cr\u00edticos que sirven para identificar y proteger a los residentes m\u00e1s vulnerables de todos los or\u00edgenes culturales y religiosos.<\/p>\n\n\n\n<h4 class=\"wp-block-heading\" id=\"h-ayuda-de-nbsp-emergencia\"><strong><strong>Ayuda de&nbsp;Emergencia<\/strong><\/strong><\/h4>\n\n\n\n<figure class=\"wp-block-image size-full\"><img loading=\"lazy\" decoding=\"async\" width=\"1024\" height=\"768\" src=\"https:\/\/cnewa.org\/es\/wp-content\/uploads\/sites\/5\/2023\/02\/20230206T0900-TURKEY-EARTHQUAKE-1755813-1024x768-2.jpg\" alt=\"Personas paradas frente a los edificios derrumbados despu\u00e9s de un terremoto en Kahramanmaras, Turqu\u00eda, el 6 de febrero.\" class=\"wp-image-2473\" srcset=\"https:\/\/cnewa.org\/es\/wp-content\/uploads\/sites\/5\/2023\/02\/20230206T0900-TURKEY-EARTHQUAKE-1755813-1024x768-2.jpg 1024w, https:\/\/cnewa.org\/es\/wp-content\/uploads\/sites\/5\/2023\/02\/20230206T0900-TURKEY-EARTHQUAKE-1755813-1024x768-2-300x225.jpg 300w, https:\/\/cnewa.org\/es\/wp-content\/uploads\/sites\/5\/2023\/02\/20230206T0900-TURKEY-EARTHQUAKE-1755813-1024x768-2-768x576.jpg 768w\" sizes=\"auto, (max-width: 1024px) 100vw, 1024px\" \/><figcaption class=\"wp-element-caption\">Personas paradas frente a los edificios derrumbados despu\u00e9s de un terremoto en Kahramanmaras, Turqu\u00eda, el 6 de febrero. Un poderoso terremoto de magnitud 7,8 sacudi\u00f3 \u00e1reas de Turqu\u00eda y Siria temprano esa ma\u00f1ana, derribando cientos de edificios y matando a m\u00e1s de 2.000 personas. (foto: OSV News\/Ihlas News Agency v\u00eda Reuters)<\/figcaption><\/figure>\n\n\n\n<p>CNEWA est\u00e1 brindando asistencia a las v\u00edctimas del terremoto y continuar\u00e1 brindando asistencia de emergencia a las familias que viven en la pobreza extrema a trav\u00e9s de programas operados por la iglesia e instituciones relacionadas con la iglesia. Estamos distribuyendo paquetes de alimentos y cupones a 850 familias a quienes nuestros socios examinan cuidadosamente.<\/p>\n\n\n\n<h4 class=\"wp-block-heading\"><strong><strong>Programas Pastorales<\/strong><\/strong><\/h4>\n\n\n\n<figure class=\"wp-block-image size-full\"><img loading=\"lazy\" decoding=\"async\" width=\"1024\" height=\"683\" src=\"https:\/\/cnewa.org\/es\/wp-content\/uploads\/sites\/5\/2023\/02\/prothero33450_10-1024x683-1.jpg\" alt=\"Arzobispo y sacerdote reunidos con grupo de ni\u00f1os en Siria.\" class=\"wp-image-2474\" srcset=\"https:\/\/cnewa.org\/es\/wp-content\/uploads\/sites\/5\/2023\/02\/prothero33450_10-1024x683-1.jpg 1024w, https:\/\/cnewa.org\/es\/wp-content\/uploads\/sites\/5\/2023\/02\/prothero33450_10-1024x683-1-300x200.jpg 300w, https:\/\/cnewa.org\/es\/wp-content\/uploads\/sites\/5\/2023\/02\/prothero33450_10-1024x683-1-768x512.jpg 768w\" sizes=\"auto, (max-width: 1024px) 100vw, 1024px\" \/><figcaption class=\"wp-element-caption\">Arzobispo Boulous Borkhoche se re\u00fane con ni\u00f1os en un programa religioso despu\u00e9s de la escuela cerca de Khabab, Siria, en 2007. (foto: Mitchell Prothero\/Polaris)<\/figcaption><\/figure>\n\n\n\n<p>CNEWA-Misi\u00f3n Pontificia prioriza el apoyo a los programas de catequesis que brindan formaci\u00f3n espiritual y acompa\u00f1amiento a los feligreses.<\/p>\n\n\n\n<p>Nuestros programas proporcionan seguro de salud a 110 p\u00e1rrocos y permiten a los p\u00e1rrocos viajar dentro de sus comunidades parroquiales. Adem\u00e1s, estamos reparando da\u00f1os en iglesias, centros pastorales, salones de usos m\u00faltiples y rector\u00edas. Estas renovaciones son fundamentales para sostener la misi\u00f3n y las actividades pastorales de la iglesia.<\/p>\n\n\n\n<p>Colaboramos con comunidades religiosas de ambos sexos, archieparqu\u00edas, parroquias y organizaciones catequ\u00e9ticas en Alepo, Damasco, Horan, Homs, Hassake, Tart\u00fas, Lattaquie y Nebek. Nuestros socios est\u00e1n comprometidos a vivir el Evangelio, acompa\u00f1ar a los feligreses y fortalecer su fe cristiana durante este tiempo de desesperaci\u00f3n, pobreza y desesperanza.<\/p>\n\n\n\n<p>Donde la situaci\u00f3n sobre el terreno lo permite, CNEWA-Misi\u00f3n Pontificia contin\u00faa apoyando a sus socios locales que operan centros de catequesis para acompa\u00f1ar a los feligreses, ni\u00f1os, j\u00f3venes, adultos y ancianos proporcionando formaci\u00f3n religiosa y catequ\u00e9tica a trav\u00e9s de amplios programas y actividades. Nuestros programas de formaci\u00f3n catequ\u00e9tica atienden a aproximadamente 9,000 ni\u00f1os, j\u00f3venes y adultos.<\/p>\n\n\n\n<h2 class=\"wp-block-heading\"><strong><strong>Iniciativas de&nbsp;Cuidado&nbsp;Infantil<\/strong><\/strong><\/h2>\n\n\n\n<figure class=\"wp-block-image size-full\"><img loading=\"lazy\" decoding=\"async\" width=\"1024\" height=\"768\" src=\"https:\/\/cnewa.org\/es\/wp-content\/uploads\/sites\/5\/2023\/02\/cnewaBeirut2013_044L.jpg\" alt=\"Ni\u00f1os asisten a clase en una escuela temporal en Al Waer, en Homs, Siria.\" class=\"wp-image-2475\" srcset=\"https:\/\/cnewa.org\/es\/wp-content\/uploads\/sites\/5\/2023\/02\/cnewaBeirut2013_044L.jpg 1024w, https:\/\/cnewa.org\/es\/wp-content\/uploads\/sites\/5\/2023\/02\/cnewaBeirut2013_044L-300x225.jpg 300w, https:\/\/cnewa.org\/es\/wp-content\/uploads\/sites\/5\/2023\/02\/cnewaBeirut2013_044L-768x576.jpg 768w\" sizes=\"auto, (max-width: 1024px) 100vw, 1024px\" \/><figcaption class=\"wp-element-caption\">Ni\u00f1os asisten a clase en una escuela temporal en Al Waer, en Homs, Siria. (foto: CNEWA)<\/figcaption><\/figure>\n\n\n\n<p>CNEWA-Misi\u00f3n Pontificia apoya a miles de ni\u00f1os sirios a trav\u00e9s de nuestra iglesia y socios relacionados con la iglesia.<\/p>\n\n\n\n<p>Nuestros programas proporcionan leche, pa\u00f1ales y ropa a alrededor de 2,300 ni\u00f1os peque\u00f1os. Adem\u00e1s, CNEWA-Misi\u00f3n Pontificia asiste a aproximadamente 7.000 ni\u00f1os en edad escolar, dando prioridad a los estudiantes que corren el riesgo de abandonar la escuela debido a limitaciones financieras y apoy\u00e1ndolos proporcionando las necesidades que les permitan crecer y prosperar durante los duros d\u00edas de invierno y verano.<\/p>\n\n\n\n<h2 class=\"wp-block-heading\"><strong><strong>Programas de&nbsp;Cuidado de Salud<\/strong><\/strong><\/h2>\n\n\n\n<figure class=\"wp-block-image size-full\"><img loading=\"lazy\" decoding=\"async\" width=\"1024\" height=\"681\" src=\"https:\/\/cnewa.org\/es\/wp-content\/uploads\/sites\/5\/2023\/02\/osberg33350_31-1024x681-1.jpg\" alt=\"Dentist chequea a paciente musulm\u00e1n sunita.\" class=\"wp-image-2476\" srcset=\"https:\/\/cnewa.org\/es\/wp-content\/uploads\/sites\/5\/2023\/02\/osberg33350_31-1024x681-1.jpg 1024w, https:\/\/cnewa.org\/es\/wp-content\/uploads\/sites\/5\/2023\/02\/osberg33350_31-1024x681-1-300x200.jpg 300w, https:\/\/cnewa.org\/es\/wp-content\/uploads\/sites\/5\/2023\/02\/osberg33350_31-1024x681-1-768x511.jpg 768w\" sizes=\"auto, (max-width: 1024px) 100vw, 1024px\" \/><figcaption class=\"wp-element-caption\">Un dentista realiza un chequeo a una paciente musulm\u00e1n sunita en San Efr\u00e9n, el dispensario sir\u00edaco en el barrio de Al Soulimanya de Alepo. La cl\u00ednica, financiada y operada por la Iglesia Ortodoxa Siria, est\u00e1 abierta a personas de todas las comunidades religiosas. (foto: Spencer Osberg)<\/figcaption><\/figure>\n\n\n\n<p>Este a\u00f1o, CNEWA-Misi\u00f3n Pontificia ha brindado atenci\u00f3n m\u00e9dica a miles de personas desfavorecidas que no pueden pagar el costo de los servicios m\u00e9dicos.<\/p>\n\n\n\n<p>Trabajamos a trav\u00e9s de socios locales sobre el terreno, que seleccionan cuidadosamente a los posibles beneficiarios y les ayudan a obtener atenci\u00f3n m\u00e9dica. Este programa apoya a aproximadamente 2,000 personas anualmente, incluyendo ni\u00f1os, j\u00f3venes, adultos y ancianos.<\/p>\n\n\n\n<h2 class=\"wp-block-heading\"><strong><strong>Sostenibilidad<\/strong><\/strong><\/h2>\n\n\n\n<p>CNEWA-Misi\u00f3n Pontificia crea oportunidades de empleo y generaci\u00f3n de ingresos para las personas que han perdido ingresos y los agricultores cuyos campos han sido destruidos por la guerra, y han apoyado a las personas para establecer o apoyar iniciativas de peque\u00f1as empresas.<\/p>\n","protected":false},"excerpt":{"rendered":"<p>Siria es un pa\u00eds de diversidad religiosa cuyo pueblo se ha enfrentado a una agitaci\u00f3n y destrucci\u00f3n sin precedentes durante d\u00e9cadas. Con el colapso del r\u00e9gimen de Assad, la situaci\u00f3n econ\u00f3mica, pol\u00edtica y social sigue siendo desconocida, ya que los antiguos rebeldes que ahora controlan Damasco buscan consolidar su autoridad, incluso cuando partes del pa\u00eds &hellip; <a href=\"https:\/\/cnewa.org\/es\/donde-trabajamos\/medio-oriente\/siria\/\">Continued<\/a><\/p>\n","protected":false},"author":70019,"featured_media":2472,"parent":150,"menu_order":0,"comment_status":"closed","ping_status":"closed","template":"","meta":{"_acf_changed":false,"footnotes":""},"class_list":["post-2477","page","type-page","status-publish","has-post-thumbnail","hentry"],"acf":[],"yoast_head":"<!-- This site is optimized with the Yoast SEO Premium plugin v27.2 (Yoast SEO v27.2) - https:\/\/yoast.com\/product\/yoast-seo-premium-wordpress\/ -->\n<title>SIRIA | CNEWA Espa\u00f1ol<\/title>\n<meta name=\"description\" content=\"Siria es un pa\u00eds de diversidad religiosa cuyo pueblo ha enfrentado convulsiones sociales y destrucci\u00f3n sin precedentes durante d\u00e9cadas.\" \/>\n<meta name=\"robots\" content=\"index, follow, max-snippet:-1, max-image-preview:large, max-video-preview:-1\" \/>\n<link rel=\"canonical\" href=\"https:\/\/cnewa.org\/es\/donde-trabajamos\/medio-oriente\/siria\/\" \/>\n<meta property=\"og:locale\" content=\"es_ES\" \/>\n<meta property=\"og:type\" content=\"article\" \/>\n<meta property=\"og:title\" content=\"Siria\" \/>\n<meta property=\"og:description\" content=\"Siria es un pa\u00eds de diversidad religiosa cuyo pueblo ha enfrentado convulsiones sociales y destrucci\u00f3n sin precedentes durante d\u00e9cadas.\" \/>\n<meta property=\"og:url\" content=\"https:\/\/cnewa.org\/es\/donde-trabajamos\/medio-oriente\/siria\/\" \/>\n<meta property=\"og:site_name\" content=\"CNEWA Espa\u00f1ol\" \/>\n<meta property=\"article:publisher\" content=\"https:\/\/www.facebook.com\/CNEWAenespanol\/\" \/>\n<meta property=\"article:modified_time\" content=\"2024-12-16T13:42:04+00:00\" \/>\n<meta property=\"og:image\" content=\"https:\/\/cnewa.org\/es\/wp-content\/uploads\/sites\/5\/2023\/02\/SOP-348-158r-1221-d-1024x717-1.jpg\" \/>\n\t<meta property=\"og:image:width\" content=\"1024\" \/>\n\t<meta property=\"og:image:height\" content=\"717\" \/>\n\t<meta property=\"og:image:type\" content=\"image\/jpeg\" \/>\n<meta name=\"twitter:card\" content=\"summary_large_image\" \/>\n<meta name=\"twitter:label1\" content=\"Tiempo de lectura\" \/>\n\t<meta name=\"twitter:data1\" content=\"6 minutos\" \/>\n<script type=\"application\/ld+json\" class=\"yoast-schema-graph\">{\"@context\":\"https:\/\/schema.org\",\"@graph\":[{\"@type\":\"WebPage\",\"@id\":\"https:\/\/cnewa.org\/es\/donde-trabajamos\/medio-oriente\/siria\/\",\"url\":\"https:\/\/cnewa.org\/es\/donde-trabajamos\/medio-oriente\/siria\/\",\"name\":\"SIRIA | CNEWA Espa\u00f1ol\",\"isPartOf\":{\"@id\":\"https:\/\/cnewa.org\/es\/#website\"},\"primaryImageOfPage\":{\"@id\":\"https:\/\/cnewa.org\/es\/donde-trabajamos\/medio-oriente\/siria\/#primaryimage\"},\"image\":{\"@id\":\"https:\/\/cnewa.org\/es\/donde-trabajamos\/medio-oriente\/siria\/#primaryimage\"},\"thumbnailUrl\":\"https:\/\/cnewa.org\/es\/wp-content\/uploads\/sites\/5\/2023\/02\/SOP-348-158r-1221-d-1024x717-1.jpg\",\"datePublished\":\"2023-02-14T13:53:13+00:00\",\"dateModified\":\"2024-12-16T13:42:04+00:00\",\"description\":\"Siria es un pa\u00eds de diversidad religiosa cuyo pueblo ha enfrentado convulsiones sociales y destrucci\u00f3n sin precedentes durante d\u00e9cadas.\",\"breadcrumb\":{\"@id\":\"https:\/\/cnewa.org\/es\/donde-trabajamos\/medio-oriente\/siria\/#breadcrumb\"},\"inLanguage\":\"es\",\"potentialAction\":[{\"@type\":\"ReadAction\",\"target\":[\"https:\/\/cnewa.org\/es\/donde-trabajamos\/medio-oriente\/siria\/\"]}]},{\"@type\":\"ImageObject\",\"inLanguage\":\"es\",\"@id\":\"https:\/\/cnewa.org\/es\/donde-trabajamos\/medio-oriente\/siria\/#primaryimage\",\"url\":\"https:\/\/cnewa.org\/es\/wp-content\/uploads\/sites\/5\/2023\/02\/SOP-348-158r-1221-d-1024x717-1.jpg\",\"contentUrl\":\"https:\/\/cnewa.org\/es\/wp-content\/uploads\/sites\/5\/2023\/02\/SOP-348-158r-1221-d-1024x717-1.jpg\",\"width\":1024,\"height\":717,\"caption\":\"Detalle de un manuscrito sir\u00edaco del siglo XIII que representa Pentecost\u00e9s. (foto: Departamento de Estudios Sir\u00edacos, Patriarcado Ortodoxo Sir\u00edaco de Antioqu\u00eda)\"},{\"@type\":\"BreadcrumbList\",\"@id\":\"https:\/\/cnewa.org\/es\/donde-trabajamos\/medio-oriente\/siria\/#breadcrumb\",\"itemListElement\":[{\"@type\":\"ListItem\",\"position\":1,\"name\":\"Inicio\",\"item\":\"https:\/\/cnewa.org\/es\/\"},{\"@type\":\"ListItem\",\"position\":2,\"name\":\"D\u00f3nde Trabajamos\",\"item\":\"https:\/\/cnewa.org\/es\/donde-trabajamos\/\"},{\"@type\":\"ListItem\",\"position\":3,\"name\":\"Medio Oriente\",\"item\":\"https:\/\/cnewa.org\/es\/donde-trabajamos\/medio-oriente\/\"},{\"@type\":\"ListItem\",\"position\":4,\"name\":\"Siria\"}]},{\"@type\":\"WebSite\",\"@id\":\"https:\/\/cnewa.org\/es\/#website\",\"url\":\"https:\/\/cnewa.org\/es\/\",\"name\":\"CNEWA Espa\u00f1ol\",\"description\":\"Asociaci\u00f3n Cat\u00f3lica para el Bienestar del Cercano Oriente\",\"publisher\":{\"@id\":\"https:\/\/cnewa.org\/es\/#organization\"},\"potentialAction\":[{\"@type\":\"SearchAction\",\"target\":{\"@type\":\"EntryPoint\",\"urlTemplate\":\"https:\/\/cnewa.org\/es\/?s={search_term_string}\"},\"query-input\":{\"@type\":\"PropertyValueSpecification\",\"valueRequired\":true,\"valueName\":\"search_term_string\"}}],\"inLanguage\":\"es\"},{\"@type\":\"Organization\",\"@id\":\"https:\/\/cnewa.org\/es\/#organization\",\"name\":\"CNEWA Espa\u00f1ol\",\"alternateName\":\"Asociaci\u00f3n Cat\u00f3lica para el Bienestar del Cercano Oriente\",\"url\":\"https:\/\/cnewa.org\/es\/\",\"logo\":{\"@type\":\"ImageObject\",\"inLanguage\":\"es\",\"@id\":\"https:\/\/cnewa.org\/es\/#\/schema\/logo\/image\/\",\"url\":\"https:\/\/cnewa.org\/es\/wp-content\/uploads\/sites\/5\/2021\/07\/CNEWA-brand-logo.png\",\"contentUrl\":\"https:\/\/cnewa.org\/es\/wp-content\/uploads\/sites\/5\/2021\/07\/CNEWA-brand-logo.png\",\"width\":1000,\"height\":1000,\"caption\":\"CNEWA Espa\u00f1ol\"},\"image\":{\"@id\":\"https:\/\/cnewa.org\/es\/#\/schema\/logo\/image\/\"},\"sameAs\":[\"https:\/\/www.facebook.com\/CNEWAenespanol\/\",\"https:\/\/www.instagram.com\/cnewa1926\/\",\"https:\/\/www.youtube.com\/user\/TheCNEWA\"]}]}<\/script>\n<!-- \/ Yoast SEO Premium plugin. -->","yoast_head_json":{"title":"SIRIA | CNEWA Espa\u00f1ol","description":"Siria es un pa\u00eds de diversidad religiosa cuyo pueblo ha enfrentado convulsiones sociales y destrucci\u00f3n sin precedentes durante d\u00e9cadas.","robots":{"index":"index","follow":"follow","max-snippet":"max-snippet:-1","max-image-preview":"max-image-preview:large","max-video-preview":"max-video-preview:-1"},"canonical":"https:\/\/cnewa.org\/es\/donde-trabajamos\/medio-oriente\/siria\/","og_locale":"es_ES","og_type":"article","og_title":"Siria","og_description":"Siria es un pa\u00eds de diversidad religiosa cuyo pueblo ha enfrentado convulsiones sociales y destrucci\u00f3n sin precedentes durante d\u00e9cadas.","og_url":"https:\/\/cnewa.org\/es\/donde-trabajamos\/medio-oriente\/siria\/","og_site_name":"CNEWA Espa\u00f1ol","article_publisher":"https:\/\/www.facebook.com\/CNEWAenespanol\/","article_modified_time":"2024-12-16T13:42:04+00:00","og_image":[{"width":1024,"height":717,"url":"https:\/\/cnewa.org\/es\/wp-content\/uploads\/sites\/5\/2023\/02\/SOP-348-158r-1221-d-1024x717-1.jpg","type":"image\/jpeg"}],"twitter_card":"summary_large_image","twitter_misc":{"Tiempo de lectura":"6 minutos"},"schema":{"@context":"https:\/\/schema.org","@graph":[{"@type":"WebPage","@id":"https:\/\/cnewa.org\/es\/donde-trabajamos\/medio-oriente\/siria\/","url":"https:\/\/cnewa.org\/es\/donde-trabajamos\/medio-oriente\/siria\/","name":"SIRIA | CNEWA Espa\u00f1ol","isPartOf":{"@id":"https:\/\/cnewa.org\/es\/#website"},"primaryImageOfPage":{"@id":"https:\/\/cnewa.org\/es\/donde-trabajamos\/medio-oriente\/siria\/#primaryimage"},"image":{"@id":"https:\/\/cnewa.org\/es\/donde-trabajamos\/medio-oriente\/siria\/#primaryimage"},"thumbnailUrl":"https:\/\/cnewa.org\/es\/wp-content\/uploads\/sites\/5\/2023\/02\/SOP-348-158r-1221-d-1024x717-1.jpg","datePublished":"2023-02-14T13:53:13+00:00","dateModified":"2024-12-16T13:42:04+00:00","description":"Siria es un pa\u00eds de diversidad religiosa cuyo pueblo ha enfrentado convulsiones sociales y destrucci\u00f3n sin precedentes durante d\u00e9cadas.","breadcrumb":{"@id":"https:\/\/cnewa.org\/es\/donde-trabajamos\/medio-oriente\/siria\/#breadcrumb"},"inLanguage":"es","potentialAction":[{"@type":"ReadAction","target":["https:\/\/cnewa.org\/es\/donde-trabajamos\/medio-oriente\/siria\/"]}]},{"@type":"ImageObject","inLanguage":"es","@id":"https:\/\/cnewa.org\/es\/donde-trabajamos\/medio-oriente\/siria\/#primaryimage","url":"https:\/\/cnewa.org\/es\/wp-content\/uploads\/sites\/5\/2023\/02\/SOP-348-158r-1221-d-1024x717-1.jpg","contentUrl":"https:\/\/cnewa.org\/es\/wp-content\/uploads\/sites\/5\/2023\/02\/SOP-348-158r-1221-d-1024x717-1.jpg","width":1024,"height":717,"caption":"Detalle de un manuscrito sir\u00edaco del siglo XIII que representa Pentecost\u00e9s. (foto: Departamento de Estudios Sir\u00edacos, Patriarcado Ortodoxo Sir\u00edaco de Antioqu\u00eda)"},{"@type":"BreadcrumbList","@id":"https:\/\/cnewa.org\/es\/donde-trabajamos\/medio-oriente\/siria\/#breadcrumb","itemListElement":[{"@type":"ListItem","position":1,"name":"Inicio","item":"https:\/\/cnewa.org\/es\/"},{"@type":"ListItem","position":2,"name":"D\u00f3nde Trabajamos","item":"https:\/\/cnewa.org\/es\/donde-trabajamos\/"},{"@type":"ListItem","position":3,"name":"Medio Oriente","item":"https:\/\/cnewa.org\/es\/donde-trabajamos\/medio-oriente\/"},{"@type":"ListItem","position":4,"name":"Siria"}]},{"@type":"WebSite","@id":"https:\/\/cnewa.org\/es\/#website","url":"https:\/\/cnewa.org\/es\/","name":"CNEWA Espa\u00f1ol","description":"Asociaci\u00f3n Cat\u00f3lica para el Bienestar del Cercano Oriente","publisher":{"@id":"https:\/\/cnewa.org\/es\/#organization"},"potentialAction":[{"@type":"SearchAction","target":{"@type":"EntryPoint","urlTemplate":"https:\/\/cnewa.org\/es\/?s={search_term_string}"},"query-input":{"@type":"PropertyValueSpecification","valueRequired":true,"valueName":"search_term_string"}}],"inLanguage":"es"},{"@type":"Organization","@id":"https:\/\/cnewa.org\/es\/#organization","name":"CNEWA Espa\u00f1ol","alternateName":"Asociaci\u00f3n Cat\u00f3lica para el Bienestar del Cercano Oriente","url":"https:\/\/cnewa.org\/es\/","logo":{"@type":"ImageObject","inLanguage":"es","@id":"https:\/\/cnewa.org\/es\/#\/schema\/logo\/image\/","url":"https:\/\/cnewa.org\/es\/wp-content\/uploads\/sites\/5\/2021\/07\/CNEWA-brand-logo.png","contentUrl":"https:\/\/cnewa.org\/es\/wp-content\/uploads\/sites\/5\/2021\/07\/CNEWA-brand-logo.png","width":1000,"height":1000,"caption":"CNEWA Espa\u00f1ol"},"image":{"@id":"https:\/\/cnewa.org\/es\/#\/schema\/logo\/image\/"},"sameAs":["https:\/\/www.facebook.com\/CNEWAenespanol\/","https:\/\/www.instagram.com\/cnewa1926\/","https:\/\/www.youtube.com\/user\/TheCNEWA"]}]}},"_links":{"self":[{"href":"https:\/\/cnewa.org\/es\/wp-json\/wp\/v2\/pages\/2477","targetHints":{"allow":["GET"]}}],"collection":[{"href":"https:\/\/cnewa.org\/es\/wp-json\/wp\/v2\/pages"}],"about":[{"href":"https:\/\/cnewa.org\/es\/wp-json\/wp\/v2\/types\/page"}],"author":[{"embeddable":true,"href":"https:\/\/cnewa.org\/es\/wp-json\/wp\/v2\/users\/70019"}],"replies":[{"embeddable":true,"href":"https:\/\/cnewa.org\/es\/wp-json\/wp\/v2\/comments?post=2477"}],"version-history":[{"count":17,"href":"https:\/\/cnewa.org\/es\/wp-json\/wp\/v2\/pages\/2477\/revisions"}],"predecessor-version":[{"id":6062,"href":"https:\/\/cnewa.org\/es\/wp-json\/wp\/v2\/pages\/2477\/revisions\/6062"}],"up":[{"embeddable":true,"href":"https:\/\/cnewa.org\/es\/wp-json\/wp\/v2\/pages\/150"}],"wp:featuredmedia":[{"embeddable":true,"href":"https:\/\/cnewa.org\/es\/wp-json\/wp\/v2\/media\/2472"}],"wp:attachment":[{"href":"https:\/\/cnewa.org\/es\/wp-json\/wp\/v2\/media?parent=2477"}],"curies":[{"name":"wp","href":"https:\/\/api.w.org\/{rel}","templated":true}]}}