{"id":355,"date":"2021-07-13T17:10:27","date_gmt":"2021-07-13T21:10:27","guid":{"rendered":"https:\/\/cnewa.org\/es\/?page_id=355"},"modified":"2024-02-15T15:36:10","modified_gmt":"2024-02-15T20:36:10","slug":"donor-advised-fund-daf","status":"publish","type":"page","link":"https:\/\/cnewa.org\/es\/otras-maneras-de-contribuir\/donaciones-inmediatas\/donor-advised-fund-daf\/","title":{"rendered":"Fondos Asesorados por Donantes (DAF)"},"content":{"rendered":"\n<p>Un fondo asesorado por donantes (DAF) es un programa de donaciones ben\u00e9ficas que le permite combinar los beneficios fiscales m\u00e1s favorables con la flexibilidad para apoyar sus causas favoritas.<\/p>\n\n\n\n<p>Si tiene un fondo asesorado por donantes, DAF Direct le permite recomendar subvenciones a esta organizaci\u00f3n sin fines de lucro directamente de su DAF (siempre que la organizaci\u00f3n patrocinadora de su DAF est\u00e9 participando).<\/p>\n","protected":false},"excerpt":{"rendered":"<p>Un fondo asesorado por donantes (DAF) es un programa de donaciones ben\u00e9ficas que le permite combinar los beneficios fiscales m\u00e1s favorables con la flexibilidad para apoyar sus causas favoritas. Si tiene un fondo asesorado por donantes, DAF Direct le permite recomendar subvenciones a esta organizaci\u00f3n sin fines de lucro directamente de su DAF (siempre que &hellip; <a href=\"https:\/\/cnewa.org\/es\/otras-maneras-de-contribuir\/donaciones-inmediatas\/donor-advised-fund-daf\/\">Continued<\/a><\/p>\n","protected":false},"author":5,"featured_media":0,"parent":356,"menu_order":12,"comment_status":"closed","ping_status":"closed","template":"","meta":{"_acf_changed":false,"footnotes":""},"class_list":["post-355","page","type-page","status-publish","hentry"],"acf":[],"yoast_head":"<!-- This site is optimized with the Yoast SEO Premium plugin v27.2 (Yoast SEO v27.2) - https:\/\/yoast.com\/product\/yoast-seo-premium-wordpress\/ -->\n<title>Fondos asesorados por donantes: CNEWA en espa\u00f1ol<\/title>\n<meta name=\"description\" content=\"Un fondo asesorado por donantes es un programa que permite combinar beneficios fiscales con la flexibilidad para apoyar sus causas favoritas.\" \/>\n<meta name=\"robots\" content=\"index, follow, max-snippet:-1, max-image-preview:large, max-video-preview:-1\" \/>\n<link rel=\"canonical\" href=\"https:\/\/cnewa.org\/es\/otras-maneras-de-contribuir\/donaciones-inmediatas\/donor-advised-fund-daf\/\" \/>\n<meta property=\"og:locale\" content=\"es_ES\" \/>\n<meta property=\"og:type\" content=\"article\" \/>\n<meta property=\"og:title\" content=\"Fondos Asesorados por Donantes (DAF)\" \/>\n<meta property=\"og:description\" content=\"Un fondo asesorado por donantes es un programa que permite combinar beneficios fiscales con la flexibilidad para apoyar sus causas favoritas.\" \/>\n<meta property=\"og:url\" content=\"https:\/\/cnewa.org\/es\/otras-maneras-de-contribuir\/donaciones-inmediatas\/donor-advised-fund-daf\/\" \/>\n<meta property=\"og:site_name\" content=\"CNEWA Espa\u00f1ol\" \/>\n<meta property=\"article:publisher\" content=\"https:\/\/www.facebook.com\/CNEWAenespanol\/\" \/>\n<meta property=\"article:modified_time\" content=\"2024-02-15T20:36:10+00:00\" \/>\n<meta name=\"twitter:card\" content=\"summary_large_image\" \/>\n<meta name=\"twitter:label1\" content=\"Tiempo de lectura\" \/>\n\t<meta name=\"twitter:data1\" content=\"1 minuto\" \/>\n<script type=\"application\/ld+json\" class=\"yoast-schema-graph\">{\"@context\":\"https:\/\/schema.org\",\"@graph\":[{\"@type\":\"WebPage\",\"@id\":\"https:\/\/cnewa.org\/es\/otras-maneras-de-contribuir\/donaciones-inmediatas\/donor-advised-fund-daf\/\",\"url\":\"https:\/\/cnewa.org\/es\/otras-maneras-de-contribuir\/donaciones-inmediatas\/donor-advised-fund-daf\/\",\"name\":\"Fondos asesorados por donantes: CNEWA en espa\u00f1ol\",\"isPartOf\":{\"@id\":\"https:\/\/cnewa.org\/es\/#website\"},\"datePublished\":\"2021-07-13T21:10:27+00:00\",\"dateModified\":\"2024-02-15T20:36:10+00:00\",\"description\":\"Un fondo asesorado por donantes es un programa que permite combinar beneficios fiscales con la flexibilidad para apoyar sus causas favoritas.\",\"breadcrumb\":{\"@id\":\"https:\/\/cnewa.org\/es\/otras-maneras-de-contribuir\/donaciones-inmediatas\/donor-advised-fund-daf\/#breadcrumb\"},\"inLanguage\":\"es\",\"potentialAction\":[{\"@type\":\"ReadAction\",\"target\":[\"https:\/\/cnewa.org\/es\/otras-maneras-de-contribuir\/donaciones-inmediatas\/donor-advised-fund-daf\/\"]}]},{\"@type\":\"BreadcrumbList\",\"@id\":\"https:\/\/cnewa.org\/es\/otras-maneras-de-contribuir\/donaciones-inmediatas\/donor-advised-fund-daf\/#breadcrumb\",\"itemListElement\":[{\"@type\":\"ListItem\",\"position\":1,\"name\":\"Inicio\",\"item\":\"https:\/\/cnewa.org\/es\/\"},{\"@type\":\"ListItem\",\"position\":2,\"name\":\"Otras Maneras de Contribuir\",\"item\":\"https:\/\/cnewa.org\/es\/otras-maneras-de-contribuir\/\"},{\"@type\":\"ListItem\",\"position\":3,\"name\":\"Donaciones Inmediatas\",\"item\":\"https:\/\/cnewa.org\/es\/otras-maneras-de-contribuir\/donaciones-inmediatas\/\"},{\"@type\":\"ListItem\",\"position\":4,\"name\":\"Fondos Asesorados por Donantes (DAF)\"}]},{\"@type\":\"WebSite\",\"@id\":\"https:\/\/cnewa.org\/es\/#website\",\"url\":\"https:\/\/cnewa.org\/es\/\",\"name\":\"CNEWA Espa\u00f1ol\",\"description\":\"Asociaci\u00f3n Cat\u00f3lica para el Bienestar del Cercano Oriente\",\"publisher\":{\"@id\":\"https:\/\/cnewa.org\/es\/#organization\"},\"potentialAction\":[{\"@type\":\"SearchAction\",\"target\":{\"@type\":\"EntryPoint\",\"urlTemplate\":\"https:\/\/cnewa.org\/es\/?s={search_term_string}\"},\"query-input\":{\"@type\":\"PropertyValueSpecification\",\"valueRequired\":true,\"valueName\":\"search_term_string\"}}],\"inLanguage\":\"es\"},{\"@type\":\"Organization\",\"@id\":\"https:\/\/cnewa.org\/es\/#organization\",\"name\":\"CNEWA Espa\u00f1ol\",\"alternateName\":\"Asociaci\u00f3n Cat\u00f3lica para el Bienestar del Cercano Oriente\",\"url\":\"https:\/\/cnewa.org\/es\/\",\"logo\":{\"@type\":\"ImageObject\",\"inLanguage\":\"es\",\"@id\":\"https:\/\/cnewa.org\/es\/#\/schema\/logo\/image\/\",\"url\":\"https:\/\/cnewa.org\/es\/wp-content\/uploads\/sites\/5\/2021\/07\/CNEWA-brand-logo.png\",\"contentUrl\":\"https:\/\/cnewa.org\/es\/wp-content\/uploads\/sites\/5\/2021\/07\/CNEWA-brand-logo.png\",\"width\":1000,\"height\":1000,\"caption\":\"CNEWA Espa\u00f1ol\"},\"image\":{\"@id\":\"https:\/\/cnewa.org\/es\/#\/schema\/logo\/image\/\"},\"sameAs\":[\"https:\/\/www.facebook.com\/CNEWAenespanol\/\",\"https:\/\/www.instagram.com\/cnewa1926\/\",\"https:\/\/www.youtube.com\/user\/TheCNEWA\"]}]}<\/script>\n<!-- \/ Yoast SEO Premium plugin. -->","yoast_head_json":{"title":"Fondos asesorados por donantes: CNEWA en espa\u00f1ol","description":"Un fondo asesorado por donantes es un programa que permite combinar beneficios fiscales con la flexibilidad para apoyar sus causas favoritas.","robots":{"index":"index","follow":"follow","max-snippet":"max-snippet:-1","max-image-preview":"max-image-preview:large","max-video-preview":"max-video-preview:-1"},"canonical":"https:\/\/cnewa.org\/es\/otras-maneras-de-contribuir\/donaciones-inmediatas\/donor-advised-fund-daf\/","og_locale":"es_ES","og_type":"article","og_title":"Fondos Asesorados por Donantes (DAF)","og_description":"Un fondo asesorado por donantes es un programa que permite combinar beneficios fiscales con la flexibilidad para apoyar sus causas favoritas.","og_url":"https:\/\/cnewa.org\/es\/otras-maneras-de-contribuir\/donaciones-inmediatas\/donor-advised-fund-daf\/","og_site_name":"CNEWA Espa\u00f1ol","article_publisher":"https:\/\/www.facebook.com\/CNEWAenespanol\/","article_modified_time":"2024-02-15T20:36:10+00:00","twitter_card":"summary_large_image","twitter_misc":{"Tiempo de lectura":"1 minuto"},"schema":{"@context":"https:\/\/schema.org","@graph":[{"@type":"WebPage","@id":"https:\/\/cnewa.org\/es\/otras-maneras-de-contribuir\/donaciones-inmediatas\/donor-advised-fund-daf\/","url":"https:\/\/cnewa.org\/es\/otras-maneras-de-contribuir\/donaciones-inmediatas\/donor-advised-fund-daf\/","name":"Fondos asesorados por donantes: CNEWA en espa\u00f1ol","isPartOf":{"@id":"https:\/\/cnewa.org\/es\/#website"},"datePublished":"2021-07-13T21:10:27+00:00","dateModified":"2024-02-15T20:36:10+00:00","description":"Un fondo asesorado por donantes es un programa que permite combinar beneficios fiscales con la flexibilidad para apoyar sus causas favoritas.","breadcrumb":{"@id":"https:\/\/cnewa.org\/es\/otras-maneras-de-contribuir\/donaciones-inmediatas\/donor-advised-fund-daf\/#breadcrumb"},"inLanguage":"es","potentialAction":[{"@type":"ReadAction","target":["https:\/\/cnewa.org\/es\/otras-maneras-de-contribuir\/donaciones-inmediatas\/donor-advised-fund-daf\/"]}]},{"@type":"BreadcrumbList","@id":"https:\/\/cnewa.org\/es\/otras-maneras-de-contribuir\/donaciones-inmediatas\/donor-advised-fund-daf\/#breadcrumb","itemListElement":[{"@type":"ListItem","position":1,"name":"Inicio","item":"https:\/\/cnewa.org\/es\/"},{"@type":"ListItem","position":2,"name":"Otras Maneras de Contribuir","item":"https:\/\/cnewa.org\/es\/otras-maneras-de-contribuir\/"},{"@type":"ListItem","position":3,"name":"Donaciones Inmediatas","item":"https:\/\/cnewa.org\/es\/otras-maneras-de-contribuir\/donaciones-inmediatas\/"},{"@type":"ListItem","position":4,"name":"Fondos Asesorados por Donantes (DAF)"}]},{"@type":"WebSite","@id":"https:\/\/cnewa.org\/es\/#website","url":"https:\/\/cnewa.org\/es\/","name":"CNEWA Espa\u00f1ol","description":"Asociaci\u00f3n Cat\u00f3lica para el Bienestar del Cercano Oriente","publisher":{"@id":"https:\/\/cnewa.org\/es\/#organization"},"potentialAction":[{"@type":"SearchAction","target":{"@type":"EntryPoint","urlTemplate":"https:\/\/cnewa.org\/es\/?s={search_term_string}"},"query-input":{"@type":"PropertyValueSpecification","valueRequired":true,"valueName":"search_term_string"}}],"inLanguage":"es"},{"@type":"Organization","@id":"https:\/\/cnewa.org\/es\/#organization","name":"CNEWA Espa\u00f1ol","alternateName":"Asociaci\u00f3n Cat\u00f3lica para el Bienestar del Cercano Oriente","url":"https:\/\/cnewa.org\/es\/","logo":{"@type":"ImageObject","inLanguage":"es","@id":"https:\/\/cnewa.org\/es\/#\/schema\/logo\/image\/","url":"https:\/\/cnewa.org\/es\/wp-content\/uploads\/sites\/5\/2021\/07\/CNEWA-brand-logo.png","contentUrl":"https:\/\/cnewa.org\/es\/wp-content\/uploads\/sites\/5\/2021\/07\/CNEWA-brand-logo.png","width":1000,"height":1000,"caption":"CNEWA Espa\u00f1ol"},"image":{"@id":"https:\/\/cnewa.org\/es\/#\/schema\/logo\/image\/"},"sameAs":["https:\/\/www.facebook.com\/CNEWAenespanol\/","https:\/\/www.instagram.com\/cnewa1926\/","https:\/\/www.youtube.com\/user\/TheCNEWA"]}]}},"_links":{"self":[{"href":"https:\/\/cnewa.org\/es\/wp-json\/wp\/v2\/pages\/355","targetHints":{"allow":["GET"]}}],"collection":[{"href":"https:\/\/cnewa.org\/es\/wp-json\/wp\/v2\/pages"}],"about":[{"href":"https:\/\/cnewa.org\/es\/wp-json\/wp\/v2\/types\/page"}],"author":[{"embeddable":true,"href":"https:\/\/cnewa.org\/es\/wp-json\/wp\/v2\/users\/5"}],"replies":[{"embeddable":true,"href":"https:\/\/cnewa.org\/es\/wp-json\/wp\/v2\/comments?post=355"}],"version-history":[{"count":2,"href":"https:\/\/cnewa.org\/es\/wp-json\/wp\/v2\/pages\/355\/revisions"}],"predecessor-version":[{"id":379,"href":"https:\/\/cnewa.org\/es\/wp-json\/wp\/v2\/pages\/355\/revisions\/379"}],"up":[{"embeddable":true,"href":"https:\/\/cnewa.org\/es\/wp-json\/wp\/v2\/pages\/356"}],"wp:attachment":[{"href":"https:\/\/cnewa.org\/es\/wp-json\/wp\/v2\/media?parent=355"}],"curies":[{"name":"wp","href":"https:\/\/api.w.org\/{rel}","templated":true}]}}