{"id":356,"date":"2021-07-13T17:09:17","date_gmt":"2021-07-13T21:09:17","guid":{"rendered":"https:\/\/cnewa.org\/es\/?page_id=356"},"modified":"2024-02-15T15:36:23","modified_gmt":"2024-02-15T20:36:23","slug":"donaciones-inmediatas","status":"publish","type":"page","link":"https:\/\/cnewa.org\/es\/otras-maneras-de-contribuir\/donaciones-inmediatas\/","title":{"rendered":"Donaciones Inmediatas"},"content":{"rendered":"\n<h2 class=\"wp-block-heading\" id=\"h-las-donaciones-directas-a-cnewa-preferiblemente-no-son-restringidas-sin-embargo-los-donantes-pueden-restringirlas-temporal-o-permanentemente-para-un-proposito-particular\">Las donaciones directas a CNEWA, preferiblemente, no son restringidas; sin embargo, los donantes pueden restringirlas temporal o permanentemente para un prop\u00f3sito particular.<\/h2>\n\n\n\n<h4 class=\"wp-block-heading\" id=\"h-donaciones-en-efectivo\">Donaciones en Efectivo<\/h4>\n\n\n\n<h4 class=\"wp-block-heading\" id=\"h-valores-negociables\">Valores Negociables<\/h4>\n\n\n\n<p>Las donaciones de valores negociables son f\u00e1ciles de transferir y valorar y brindan ciertas ventajas fiscales al donante: una deducci\u00f3n caritativa inmediata por el valor justo de mercado total de las donaciones y la exoneraci\u00f3n del impuesto sobre las ganancias de capital.<\/p>\n\n\n\n<h4 class=\"wp-block-heading\" id=\"h-donaciones-emparejadas-por-el-empleador\">Donaciones Emparejadas por El Empleador<\/h4>\n\n\n\n<p>\u00a1Usted puede duplicar sus contribuciones a CNEWA sin costo adicional para usted!<\/p>\n\n\n\n<p><a href=\"https:\/\/cnewa.org\/es\/otras-maneras-de-contribuir\/donaciones-inmediatas\/donaciones-emparejadas-por-el-empleador\/\">APRENDA M\u00c1S<\/a><\/p>\n\n\n\n<h4 class=\"wp-block-heading\" id=\"h-acciones-de-fondos-mutuos\">Acciones de Fondos Mutuos<\/h4>\n\n\n\n<p>Dado que las donaciones que utilizan acciones de fondos mutuos a menudo requieren de uno o dos pasos adicionales, se debe contactar a CNEWA antes de realizar la donaci\u00f3n.<\/p>\n\n\n\n<h4 class=\"wp-block-heading\" id=\"h-bienes-raices\">Bienes Ra\u00edces<\/h4>\n\n\n\n<p>Tambi\u00e9n se pueden donar bienes ra\u00edces a CNEWA . Sin embargo, debido a las responsabilidades legales involucradas en la transferencia de una propiedad, se debe contactar a CNEWA antes de realizar la donaci\u00f3n.<\/p>\n\n\n\n<h4 class=\"wp-block-heading\" id=\"h-posesiones-personales\">Posesiones Personales<\/h4>\n\n\n\n<p>Las posesiones personales, como obras de arte o antig\u00fcedades, tambi\u00e9n pueden utilizarse como donaciones a CNEWA y presentarse para la exenci\u00f3n de impuestos. El donante recibe una deducci\u00f3n caritativa basada en el valor total de mercado de la donaci\u00f3n.<\/p>\n\n\n\n<h4 class=\"wp-block-heading\" id=\"h-valores-cerrados\">Valores Cerrados<\/h4>\n\n\n\n<p>Las donaciones de valores de propiedad cerrada ofrecen una forma alternativa de filantrop\u00eda con implicaciones fiscales algo diferentes.<\/p>\n\n\n\n<h4 class=\"wp-block-heading\" id=\"h-fondos-asesorados-por-donantes\">Fondos Asesorados por Donantes<\/h4>\n\n\n\n<p>Un fondo asesorado por donantes (DAF) es un programa de donaciones ben\u00e9ficas que le permite combinar los beneficios fiscales m\u00e1s favorables con la flexibilidad para apoyar sus causas favoritas.<\/p>\n\n\n\n<p><a href=\"https:\/\/cnewa.org\/es\/otras-maneras-de-contribuir\/donaciones-inmediatas\/donor-advised-fund-daf\/\">APRENDA M\u00c1S<\/a><\/p>\n\n\n\n<hr class=\"wp-block-separator has-css-opacity\" \/>\n\n\n\n<p><strong>La Oficina de Desarrollo de CNEWA est\u00e1 disponible para ayudarlo con cualquier informaci\u00f3n adicional que pueda necesitar.<\/strong><\/p>\n\n\n\n<p>Por favor comun\u00edquese con nuestra oficina de desarrollo al 1-877-284-3806 o env\u00edenos un email a <a href=\"mailto:donorservices@cnewa.org\">donorservices@cnewa.org<\/a>.<\/p>\n","protected":false},"excerpt":{"rendered":"<p>Las donaciones directas a CNEWA, preferiblemente, no son restringidas; sin embargo, los donantes pueden restringirlas temporal o permanentemente para un prop\u00f3sito particular. Donaciones en Efectivo Valores Negociables Las donaciones de valores negociables son f\u00e1ciles de transferir y valorar y brindan ciertas ventajas fiscales al donante: una deducci\u00f3n caritativa inmediata por el valor justo de mercado &hellip; <a href=\"https:\/\/cnewa.org\/es\/otras-maneras-de-contribuir\/donaciones-inmediatas\/\">Continued<\/a><\/p>\n","protected":false},"author":5,"featured_media":0,"parent":178,"menu_order":10,"comment_status":"closed","ping_status":"closed","template":"","meta":{"_acf_changed":false,"footnotes":""},"class_list":["post-356","page","type-page","status-publish","hentry"],"acf":[],"yoast_head":"<!-- This site is optimized with the Yoast SEO Premium plugin v27.2 (Yoast SEO v27.2) - https:\/\/yoast.com\/product\/yoast-seo-premium-wordpress\/ -->\n<title>Donaciones Inmediatas: CNEWA en espa\u00f1ol<\/title>\n<meta name=\"description\" content=\"Esta p\u00e1gina enumera las opciones para realizar donaciones para apoyar la obra de Bienestar para el Cercano Oriente Cat\u00f3lico.\" \/>\n<meta name=\"robots\" content=\"index, follow, max-snippet:-1, max-image-preview:large, max-video-preview:-1\" \/>\n<link rel=\"canonical\" href=\"https:\/\/cnewa.org\/es\/otras-maneras-de-contribuir\/donaciones-inmediatas\/\" \/>\n<meta property=\"og:locale\" content=\"es_ES\" \/>\n<meta property=\"og:type\" content=\"article\" \/>\n<meta property=\"og:title\" content=\"Donaciones Inmediatas\" \/>\n<meta property=\"og:description\" content=\"Esta p\u00e1gina enumera las opciones para realizar donaciones para apoyar la obra de Bienestar para el Cercano Oriente Cat\u00f3lico.\" \/>\n<meta property=\"og:url\" content=\"https:\/\/cnewa.org\/es\/otras-maneras-de-contribuir\/donaciones-inmediatas\/\" \/>\n<meta property=\"og:site_name\" content=\"CNEWA Espa\u00f1ol\" \/>\n<meta property=\"article:publisher\" content=\"https:\/\/www.facebook.com\/CNEWAenespanol\/\" \/>\n<meta property=\"article:modified_time\" content=\"2024-02-15T20:36:23+00:00\" \/>\n<meta name=\"twitter:card\" content=\"summary_large_image\" \/>\n<meta name=\"twitter:label1\" content=\"Tiempo de lectura\" \/>\n\t<meta name=\"twitter:data1\" content=\"2 minutos\" \/>\n<script type=\"application\/ld+json\" class=\"yoast-schema-graph\">{\"@context\":\"https:\/\/schema.org\",\"@graph\":[{\"@type\":\"WebPage\",\"@id\":\"https:\/\/cnewa.org\/es\/otras-maneras-de-contribuir\/donaciones-inmediatas\/\",\"url\":\"https:\/\/cnewa.org\/es\/otras-maneras-de-contribuir\/donaciones-inmediatas\/\",\"name\":\"Donaciones Inmediatas: CNEWA en espa\u00f1ol\",\"isPartOf\":{\"@id\":\"https:\/\/cnewa.org\/es\/#website\"},\"datePublished\":\"2021-07-13T21:09:17+00:00\",\"dateModified\":\"2024-02-15T20:36:23+00:00\",\"description\":\"Esta p\u00e1gina enumera las opciones para realizar donaciones para apoyar la obra de Bienestar para el Cercano Oriente Cat\u00f3lico.\",\"breadcrumb\":{\"@id\":\"https:\/\/cnewa.org\/es\/otras-maneras-de-contribuir\/donaciones-inmediatas\/#breadcrumb\"},\"inLanguage\":\"es\",\"potentialAction\":[{\"@type\":\"ReadAction\",\"target\":[\"https:\/\/cnewa.org\/es\/otras-maneras-de-contribuir\/donaciones-inmediatas\/\"]}]},{\"@type\":\"BreadcrumbList\",\"@id\":\"https:\/\/cnewa.org\/es\/otras-maneras-de-contribuir\/donaciones-inmediatas\/#breadcrumb\",\"itemListElement\":[{\"@type\":\"ListItem\",\"position\":1,\"name\":\"Inicio\",\"item\":\"https:\/\/cnewa.org\/es\/\"},{\"@type\":\"ListItem\",\"position\":2,\"name\":\"Otras Maneras de Contribuir\",\"item\":\"https:\/\/cnewa.org\/es\/otras-maneras-de-contribuir\/\"},{\"@type\":\"ListItem\",\"position\":3,\"name\":\"Donaciones Inmediatas\"}]},{\"@type\":\"WebSite\",\"@id\":\"https:\/\/cnewa.org\/es\/#website\",\"url\":\"https:\/\/cnewa.org\/es\/\",\"name\":\"CNEWA Espa\u00f1ol\",\"description\":\"Asociaci\u00f3n Cat\u00f3lica para el Bienestar del Cercano Oriente\",\"publisher\":{\"@id\":\"https:\/\/cnewa.org\/es\/#organization\"},\"potentialAction\":[{\"@type\":\"SearchAction\",\"target\":{\"@type\":\"EntryPoint\",\"urlTemplate\":\"https:\/\/cnewa.org\/es\/?s={search_term_string}\"},\"query-input\":{\"@type\":\"PropertyValueSpecification\",\"valueRequired\":true,\"valueName\":\"search_term_string\"}}],\"inLanguage\":\"es\"},{\"@type\":\"Organization\",\"@id\":\"https:\/\/cnewa.org\/es\/#organization\",\"name\":\"CNEWA Espa\u00f1ol\",\"alternateName\":\"Asociaci\u00f3n Cat\u00f3lica para el Bienestar del Cercano Oriente\",\"url\":\"https:\/\/cnewa.org\/es\/\",\"logo\":{\"@type\":\"ImageObject\",\"inLanguage\":\"es\",\"@id\":\"https:\/\/cnewa.org\/es\/#\/schema\/logo\/image\/\",\"url\":\"https:\/\/cnewa.org\/es\/wp-content\/uploads\/sites\/5\/2021\/07\/CNEWA-brand-logo.png\",\"contentUrl\":\"https:\/\/cnewa.org\/es\/wp-content\/uploads\/sites\/5\/2021\/07\/CNEWA-brand-logo.png\",\"width\":1000,\"height\":1000,\"caption\":\"CNEWA Espa\u00f1ol\"},\"image\":{\"@id\":\"https:\/\/cnewa.org\/es\/#\/schema\/logo\/image\/\"},\"sameAs\":[\"https:\/\/www.facebook.com\/CNEWAenespanol\/\",\"https:\/\/www.instagram.com\/cnewa1926\/\",\"https:\/\/www.youtube.com\/user\/TheCNEWA\"]}]}<\/script>\n<!-- \/ Yoast SEO Premium plugin. -->","yoast_head_json":{"title":"Donaciones Inmediatas: CNEWA en espa\u00f1ol","description":"Esta p\u00e1gina enumera las opciones para realizar donaciones para apoyar la obra de Bienestar para el Cercano Oriente Cat\u00f3lico.","robots":{"index":"index","follow":"follow","max-snippet":"max-snippet:-1","max-image-preview":"max-image-preview:large","max-video-preview":"max-video-preview:-1"},"canonical":"https:\/\/cnewa.org\/es\/otras-maneras-de-contribuir\/donaciones-inmediatas\/","og_locale":"es_ES","og_type":"article","og_title":"Donaciones Inmediatas","og_description":"Esta p\u00e1gina enumera las opciones para realizar donaciones para apoyar la obra de Bienestar para el Cercano Oriente Cat\u00f3lico.","og_url":"https:\/\/cnewa.org\/es\/otras-maneras-de-contribuir\/donaciones-inmediatas\/","og_site_name":"CNEWA Espa\u00f1ol","article_publisher":"https:\/\/www.facebook.com\/CNEWAenespanol\/","article_modified_time":"2024-02-15T20:36:23+00:00","twitter_card":"summary_large_image","twitter_misc":{"Tiempo de lectura":"2 minutos"},"schema":{"@context":"https:\/\/schema.org","@graph":[{"@type":"WebPage","@id":"https:\/\/cnewa.org\/es\/otras-maneras-de-contribuir\/donaciones-inmediatas\/","url":"https:\/\/cnewa.org\/es\/otras-maneras-de-contribuir\/donaciones-inmediatas\/","name":"Donaciones Inmediatas: CNEWA en espa\u00f1ol","isPartOf":{"@id":"https:\/\/cnewa.org\/es\/#website"},"datePublished":"2021-07-13T21:09:17+00:00","dateModified":"2024-02-15T20:36:23+00:00","description":"Esta p\u00e1gina enumera las opciones para realizar donaciones para apoyar la obra de Bienestar para el Cercano Oriente Cat\u00f3lico.","breadcrumb":{"@id":"https:\/\/cnewa.org\/es\/otras-maneras-de-contribuir\/donaciones-inmediatas\/#breadcrumb"},"inLanguage":"es","potentialAction":[{"@type":"ReadAction","target":["https:\/\/cnewa.org\/es\/otras-maneras-de-contribuir\/donaciones-inmediatas\/"]}]},{"@type":"BreadcrumbList","@id":"https:\/\/cnewa.org\/es\/otras-maneras-de-contribuir\/donaciones-inmediatas\/#breadcrumb","itemListElement":[{"@type":"ListItem","position":1,"name":"Inicio","item":"https:\/\/cnewa.org\/es\/"},{"@type":"ListItem","position":2,"name":"Otras Maneras de Contribuir","item":"https:\/\/cnewa.org\/es\/otras-maneras-de-contribuir\/"},{"@type":"ListItem","position":3,"name":"Donaciones Inmediatas"}]},{"@type":"WebSite","@id":"https:\/\/cnewa.org\/es\/#website","url":"https:\/\/cnewa.org\/es\/","name":"CNEWA Espa\u00f1ol","description":"Asociaci\u00f3n Cat\u00f3lica para el Bienestar del Cercano Oriente","publisher":{"@id":"https:\/\/cnewa.org\/es\/#organization"},"potentialAction":[{"@type":"SearchAction","target":{"@type":"EntryPoint","urlTemplate":"https:\/\/cnewa.org\/es\/?s={search_term_string}"},"query-input":{"@type":"PropertyValueSpecification","valueRequired":true,"valueName":"search_term_string"}}],"inLanguage":"es"},{"@type":"Organization","@id":"https:\/\/cnewa.org\/es\/#organization","name":"CNEWA Espa\u00f1ol","alternateName":"Asociaci\u00f3n Cat\u00f3lica para el Bienestar del Cercano Oriente","url":"https:\/\/cnewa.org\/es\/","logo":{"@type":"ImageObject","inLanguage":"es","@id":"https:\/\/cnewa.org\/es\/#\/schema\/logo\/image\/","url":"https:\/\/cnewa.org\/es\/wp-content\/uploads\/sites\/5\/2021\/07\/CNEWA-brand-logo.png","contentUrl":"https:\/\/cnewa.org\/es\/wp-content\/uploads\/sites\/5\/2021\/07\/CNEWA-brand-logo.png","width":1000,"height":1000,"caption":"CNEWA Espa\u00f1ol"},"image":{"@id":"https:\/\/cnewa.org\/es\/#\/schema\/logo\/image\/"},"sameAs":["https:\/\/www.facebook.com\/CNEWAenespanol\/","https:\/\/www.instagram.com\/cnewa1926\/","https:\/\/www.youtube.com\/user\/TheCNEWA"]}]}},"_links":{"self":[{"href":"https:\/\/cnewa.org\/es\/wp-json\/wp\/v2\/pages\/356","targetHints":{"allow":["GET"]}}],"collection":[{"href":"https:\/\/cnewa.org\/es\/wp-json\/wp\/v2\/pages"}],"about":[{"href":"https:\/\/cnewa.org\/es\/wp-json\/wp\/v2\/types\/page"}],"author":[{"embeddable":true,"href":"https:\/\/cnewa.org\/es\/wp-json\/wp\/v2\/users\/5"}],"replies":[{"embeddable":true,"href":"https:\/\/cnewa.org\/es\/wp-json\/wp\/v2\/comments?post=356"}],"version-history":[{"count":6,"href":"https:\/\/cnewa.org\/es\/wp-json\/wp\/v2\/pages\/356\/revisions"}],"predecessor-version":[{"id":1170,"href":"https:\/\/cnewa.org\/es\/wp-json\/wp\/v2\/pages\/356\/revisions\/1170"}],"up":[{"embeddable":true,"href":"https:\/\/cnewa.org\/es\/wp-json\/wp\/v2\/pages\/178"}],"wp:attachment":[{"href":"https:\/\/cnewa.org\/es\/wp-json\/wp\/v2\/media?parent=356"}],"curies":[{"name":"wp","href":"https:\/\/api.w.org\/{rel}","templated":true}]}}