{"id":360,"date":"2021-07-13T17:24:32","date_gmt":"2021-07-13T21:24:32","guid":{"rendered":"https:\/\/cnewa.org\/es\/?page_id=360"},"modified":"2024-10-24T10:37:40","modified_gmt":"2024-10-24T14:37:40","slug":"donaciones-emparejadas-por-el-empleador","status":"publish","type":"page","link":"https:\/\/cnewa.org\/es\/otras-maneras-de-contribuir\/donaciones-inmediatas\/donaciones-emparejadas-por-el-empleador\/","title":{"rendered":"Donaciones Emparejadas por El Empleador"},"content":{"rendered":"\n<h2 class=\"wp-block-heading\" id=\"h-usted-puede-duplicar-sus-donaciones-a-cnewa-sin-costo-adicional-para-usted\">\u00a1Usted puede duplicar sus donaciones a CNEWA sin costo adicional para usted!<\/h2>\n\n\n\n<h4 class=\"wp-block-heading\" id=\"h-y-es-tan-facil-como-el-uno-dos-y-tres\">Y es tan f\u00e1cil como el uno, dos y tres:<\/h4>\n\n\n\n<ol class=\"wp-block-list\">\n<li>Preg\u00fantele a su empleador si ellos emparejan donaciones caritativas de empleados como usted. <\/li>\n\n\n\n<li>Complete la secci\u00f3n \u00abEmpleado\u00bb del formulario que le proporcione su empleador y env\u00edelo por correo a CNEWA con su donaci\u00f3n. <\/li>\n\n\n\n<li>CNEWA completar\u00e1 la secci\u00f3n \u201cCaridad\u201d del formulario y se la enviar\u00e1 por correo a su empleador.<\/li>\n<\/ol>\n\n\n\n<p>Algunas empresas pueden pedirle que proporcione el n\u00famero de identificaci\u00f3n fiscal federal cuando solicite una donaci\u00f3n de emparejamiento. El n\u00famero de identificaci\u00f3n de CNEWA para tributaciones es 13-1623929.<\/p>\n\n\n\n<p>La mayor\u00eda de las empresas ofrecen donaciones ben\u00e9ficas de emparejamiento, y algunas incluso igualan las donaciones realizadas por los c\u00f3nyuges de empleados y jubilados. Es muy probable que su empleador tambi\u00e9n le ofrezca este beneficio.<\/p>\n\n\n\n<h4 class=\"wp-block-heading\" id=\"h-lo-esta-aprovechando\">\u00bfLo est\u00e1 aprovechando?<\/h4>\n\n\n\n<p>Una donaci\u00f3n de emparejamiento de su empleador significa m\u00e1s recursos para los pobres y las iglesias en los pa\u00edses donde sirve CNEWA. Significa m\u00e1s buenas obras hechas para la iglesia a su nombre.<\/p>\n\n\n\n<h5 class=\"wp-block-heading\" id=\"h-preguntele-a-su-empleador-si-ellos-pueden-emparejar-sus-donaciones-a-cnewa-hoy\"><em>\u00a1Preg\u00fantele a su empleador si ellos pueden emparejar sus donaciones a CNEWA hoy!<\/em><\/h5>\n\n\n\n<p>Si tiene alguna pregunta sobre las donaciones de emparejamiento del empleador o si est\u00e1 interesado en una asociaci\u00f3n corporativa, no dude en contactarnos de manera gratuita al 1-877-284-3806 ext. 504.<\/p>\n","protected":false},"excerpt":{"rendered":"<p>\u00a1Usted puede duplicar sus donaciones a CNEWA sin costo adicional para usted! Y es tan f\u00e1cil como el uno, dos y tres: Algunas empresas pueden pedirle que proporcione el n\u00famero de identificaci\u00f3n fiscal federal cuando solicite una donaci\u00f3n de emparejamiento. El n\u00famero de identificaci\u00f3n de CNEWA para tributaciones es 13-1623929. La mayor\u00eda de las empresas &hellip; <a href=\"https:\/\/cnewa.org\/es\/otras-maneras-de-contribuir\/donaciones-inmediatas\/donaciones-emparejadas-por-el-empleador\/\">Continued<\/a><\/p>\n","protected":false},"author":5,"featured_media":0,"parent":356,"menu_order":11,"comment_status":"closed","ping_status":"closed","template":"","meta":{"_acf_changed":false,"footnotes":""},"class_list":["post-360","page","type-page","status-publish","hentry"],"acf":[],"yoast_head":"<!-- This site is optimized with the Yoast SEO Premium plugin v27.4 (Yoast SEO v27.4) - https:\/\/yoast.com\/product\/yoast-seo-premium-wordpress\/ -->\n<title>Donaciones emparejadas: CNEWA en espa\u00f1ol<\/title>\n<meta name=\"description\" content=\"Con este sistema, las donaciones realizadas por el benefactor de CNEWA podr\u00edan ser emparejadas por su empleador.\" \/>\n<meta name=\"robots\" content=\"index, follow, max-snippet:-1, max-image-preview:large, max-video-preview:-1\" \/>\n<link rel=\"canonical\" href=\"https:\/\/cnewa.org\/es\/otras-maneras-de-contribuir\/donaciones-inmediatas\/donaciones-emparejadas-por-el-empleador\/\" \/>\n<meta property=\"og:locale\" content=\"es_ES\" \/>\n<meta property=\"og:type\" content=\"article\" \/>\n<meta property=\"og:title\" content=\"Donaciones Emparejadas por El Empleador\" \/>\n<meta property=\"og:description\" content=\"Con este sistema, las donaciones realizadas por el benefactor de CNEWA podr\u00edan ser emparejadas por su empleador.\" \/>\n<meta property=\"og:url\" content=\"https:\/\/cnewa.org\/es\/otras-maneras-de-contribuir\/donaciones-inmediatas\/donaciones-emparejadas-por-el-empleador\/\" \/>\n<meta property=\"og:site_name\" content=\"CNEWA Espa\u00f1ol\" \/>\n<meta property=\"article:publisher\" content=\"https:\/\/www.facebook.com\/CNEWAenespanol\/\" \/>\n<meta property=\"article:modified_time\" content=\"2024-10-24T14:37:40+00:00\" \/>\n<meta name=\"twitter:card\" content=\"summary_large_image\" \/>\n<meta name=\"twitter:label1\" content=\"Tiempo de lectura\" \/>\n\t<meta name=\"twitter:data1\" content=\"1 minuto\" \/>\n<script type=\"application\/ld+json\" class=\"yoast-schema-graph\">{\"@context\":\"https:\\\/\\\/schema.org\",\"@graph\":[{\"@type\":\"WebPage\",\"@id\":\"https:\\\/\\\/cnewa.org\\\/es\\\/otras-maneras-de-contribuir\\\/donaciones-inmediatas\\\/donaciones-emparejadas-por-el-empleador\\\/\",\"url\":\"https:\\\/\\\/cnewa.org\\\/es\\\/otras-maneras-de-contribuir\\\/donaciones-inmediatas\\\/donaciones-emparejadas-por-el-empleador\\\/\",\"name\":\"Donaciones emparejadas: CNEWA en espa\u00f1ol\",\"isPartOf\":{\"@id\":\"https:\\\/\\\/cnewa.org\\\/es\\\/#website\"},\"datePublished\":\"2021-07-13T21:24:32+00:00\",\"dateModified\":\"2024-10-24T14:37:40+00:00\",\"description\":\"Con este sistema, las donaciones realizadas por el benefactor de CNEWA podr\u00edan ser emparejadas por su empleador.\",\"breadcrumb\":{\"@id\":\"https:\\\/\\\/cnewa.org\\\/es\\\/otras-maneras-de-contribuir\\\/donaciones-inmediatas\\\/donaciones-emparejadas-por-el-empleador\\\/#breadcrumb\"},\"inLanguage\":\"es\",\"potentialAction\":[{\"@type\":\"ReadAction\",\"target\":[\"https:\\\/\\\/cnewa.org\\\/es\\\/otras-maneras-de-contribuir\\\/donaciones-inmediatas\\\/donaciones-emparejadas-por-el-empleador\\\/\"]}]},{\"@type\":\"BreadcrumbList\",\"@id\":\"https:\\\/\\\/cnewa.org\\\/es\\\/otras-maneras-de-contribuir\\\/donaciones-inmediatas\\\/donaciones-emparejadas-por-el-empleador\\\/#breadcrumb\",\"itemListElement\":[{\"@type\":\"ListItem\",\"position\":1,\"name\":\"Inicio\",\"item\":\"https:\\\/\\\/cnewa.org\\\/es\\\/\"},{\"@type\":\"ListItem\",\"position\":2,\"name\":\"Otras Maneras de Contribuir\",\"item\":\"https:\\\/\\\/cnewa.org\\\/es\\\/otras-maneras-de-contribuir\\\/\"},{\"@type\":\"ListItem\",\"position\":3,\"name\":\"Donaciones Inmediatas\",\"item\":\"https:\\\/\\\/cnewa.org\\\/es\\\/otras-maneras-de-contribuir\\\/donaciones-inmediatas\\\/\"},{\"@type\":\"ListItem\",\"position\":4,\"name\":\"Donaciones Emparejadas por El Empleador\"}]},{\"@type\":\"WebSite\",\"@id\":\"https:\\\/\\\/cnewa.org\\\/es\\\/#website\",\"url\":\"https:\\\/\\\/cnewa.org\\\/es\\\/\",\"name\":\"CNEWA Espa\u00f1ol\",\"description\":\"Asociaci\u00f3n Cat\u00f3lica para el Bienestar del Cercano Oriente\",\"publisher\":{\"@id\":\"https:\\\/\\\/cnewa.org\\\/es\\\/#organization\"},\"potentialAction\":[{\"@type\":\"SearchAction\",\"target\":{\"@type\":\"EntryPoint\",\"urlTemplate\":\"https:\\\/\\\/cnewa.org\\\/es\\\/?s={search_term_string}\"},\"query-input\":{\"@type\":\"PropertyValueSpecification\",\"valueRequired\":true,\"valueName\":\"search_term_string\"}}],\"inLanguage\":\"es\"},{\"@type\":\"Organization\",\"@id\":\"https:\\\/\\\/cnewa.org\\\/es\\\/#organization\",\"name\":\"CNEWA Espa\u00f1ol\",\"alternateName\":\"Asociaci\u00f3n Cat\u00f3lica para el Bienestar del Cercano Oriente\",\"url\":\"https:\\\/\\\/cnewa.org\\\/es\\\/\",\"logo\":{\"@type\":\"ImageObject\",\"inLanguage\":\"es\",\"@id\":\"https:\\\/\\\/cnewa.org\\\/es\\\/#\\\/schema\\\/logo\\\/image\\\/\",\"url\":\"https:\\\/\\\/cnewa.org\\\/es\\\/wp-content\\\/uploads\\\/sites\\\/5\\\/2021\\\/07\\\/CNEWA-brand-logo.png\",\"contentUrl\":\"https:\\\/\\\/cnewa.org\\\/es\\\/wp-content\\\/uploads\\\/sites\\\/5\\\/2021\\\/07\\\/CNEWA-brand-logo.png\",\"width\":1000,\"height\":1000,\"caption\":\"CNEWA Espa\u00f1ol\"},\"image\":{\"@id\":\"https:\\\/\\\/cnewa.org\\\/es\\\/#\\\/schema\\\/logo\\\/image\\\/\"},\"sameAs\":[\"https:\\\/\\\/www.facebook.com\\\/CNEWAenespanol\\\/\",\"https:\\\/\\\/www.instagram.com\\\/cnewa1926\\\/\",\"https:\\\/\\\/www.youtube.com\\\/user\\\/TheCNEWA\"]}]}<\/script>\n<!-- \/ Yoast SEO Premium plugin. -->","yoast_head_json":{"title":"Donaciones emparejadas: CNEWA en espa\u00f1ol","description":"Con este sistema, las donaciones realizadas por el benefactor de CNEWA podr\u00edan ser emparejadas por su empleador.","robots":{"index":"index","follow":"follow","max-snippet":"max-snippet:-1","max-image-preview":"max-image-preview:large","max-video-preview":"max-video-preview:-1"},"canonical":"https:\/\/cnewa.org\/es\/otras-maneras-de-contribuir\/donaciones-inmediatas\/donaciones-emparejadas-por-el-empleador\/","og_locale":"es_ES","og_type":"article","og_title":"Donaciones Emparejadas por El Empleador","og_description":"Con este sistema, las donaciones realizadas por el benefactor de CNEWA podr\u00edan ser emparejadas por su empleador.","og_url":"https:\/\/cnewa.org\/es\/otras-maneras-de-contribuir\/donaciones-inmediatas\/donaciones-emparejadas-por-el-empleador\/","og_site_name":"CNEWA Espa\u00f1ol","article_publisher":"https:\/\/www.facebook.com\/CNEWAenespanol\/","article_modified_time":"2024-10-24T14:37:40+00:00","twitter_card":"summary_large_image","twitter_misc":{"Tiempo de lectura":"1 minuto"},"schema":{"@context":"https:\/\/schema.org","@graph":[{"@type":"WebPage","@id":"https:\/\/cnewa.org\/es\/otras-maneras-de-contribuir\/donaciones-inmediatas\/donaciones-emparejadas-por-el-empleador\/","url":"https:\/\/cnewa.org\/es\/otras-maneras-de-contribuir\/donaciones-inmediatas\/donaciones-emparejadas-por-el-empleador\/","name":"Donaciones emparejadas: CNEWA en espa\u00f1ol","isPartOf":{"@id":"https:\/\/cnewa.org\/es\/#website"},"datePublished":"2021-07-13T21:24:32+00:00","dateModified":"2024-10-24T14:37:40+00:00","description":"Con este sistema, las donaciones realizadas por el benefactor de CNEWA podr\u00edan ser emparejadas por su empleador.","breadcrumb":{"@id":"https:\/\/cnewa.org\/es\/otras-maneras-de-contribuir\/donaciones-inmediatas\/donaciones-emparejadas-por-el-empleador\/#breadcrumb"},"inLanguage":"es","potentialAction":[{"@type":"ReadAction","target":["https:\/\/cnewa.org\/es\/otras-maneras-de-contribuir\/donaciones-inmediatas\/donaciones-emparejadas-por-el-empleador\/"]}]},{"@type":"BreadcrumbList","@id":"https:\/\/cnewa.org\/es\/otras-maneras-de-contribuir\/donaciones-inmediatas\/donaciones-emparejadas-por-el-empleador\/#breadcrumb","itemListElement":[{"@type":"ListItem","position":1,"name":"Inicio","item":"https:\/\/cnewa.org\/es\/"},{"@type":"ListItem","position":2,"name":"Otras Maneras de Contribuir","item":"https:\/\/cnewa.org\/es\/otras-maneras-de-contribuir\/"},{"@type":"ListItem","position":3,"name":"Donaciones Inmediatas","item":"https:\/\/cnewa.org\/es\/otras-maneras-de-contribuir\/donaciones-inmediatas\/"},{"@type":"ListItem","position":4,"name":"Donaciones Emparejadas por El Empleador"}]},{"@type":"WebSite","@id":"https:\/\/cnewa.org\/es\/#website","url":"https:\/\/cnewa.org\/es\/","name":"CNEWA Espa\u00f1ol","description":"Asociaci\u00f3n Cat\u00f3lica para el Bienestar del Cercano Oriente","publisher":{"@id":"https:\/\/cnewa.org\/es\/#organization"},"potentialAction":[{"@type":"SearchAction","target":{"@type":"EntryPoint","urlTemplate":"https:\/\/cnewa.org\/es\/?s={search_term_string}"},"query-input":{"@type":"PropertyValueSpecification","valueRequired":true,"valueName":"search_term_string"}}],"inLanguage":"es"},{"@type":"Organization","@id":"https:\/\/cnewa.org\/es\/#organization","name":"CNEWA Espa\u00f1ol","alternateName":"Asociaci\u00f3n Cat\u00f3lica para el Bienestar del Cercano Oriente","url":"https:\/\/cnewa.org\/es\/","logo":{"@type":"ImageObject","inLanguage":"es","@id":"https:\/\/cnewa.org\/es\/#\/schema\/logo\/image\/","url":"https:\/\/cnewa.org\/es\/wp-content\/uploads\/sites\/5\/2021\/07\/CNEWA-brand-logo.png","contentUrl":"https:\/\/cnewa.org\/es\/wp-content\/uploads\/sites\/5\/2021\/07\/CNEWA-brand-logo.png","width":1000,"height":1000,"caption":"CNEWA Espa\u00f1ol"},"image":{"@id":"https:\/\/cnewa.org\/es\/#\/schema\/logo\/image\/"},"sameAs":["https:\/\/www.facebook.com\/CNEWAenespanol\/","https:\/\/www.instagram.com\/cnewa1926\/","https:\/\/www.youtube.com\/user\/TheCNEWA"]}]}},"_links":{"self":[{"href":"https:\/\/cnewa.org\/es\/wp-json\/wp\/v2\/pages\/360","targetHints":{"allow":["GET"]}}],"collection":[{"href":"https:\/\/cnewa.org\/es\/wp-json\/wp\/v2\/pages"}],"about":[{"href":"https:\/\/cnewa.org\/es\/wp-json\/wp\/v2\/types\/page"}],"author":[{"embeddable":true,"href":"https:\/\/cnewa.org\/es\/wp-json\/wp\/v2\/users\/5"}],"replies":[{"embeddable":true,"href":"https:\/\/cnewa.org\/es\/wp-json\/wp\/v2\/comments?post=360"}],"version-history":[{"count":4,"href":"https:\/\/cnewa.org\/es\/wp-json\/wp\/v2\/pages\/360\/revisions"}],"predecessor-version":[{"id":5799,"href":"https:\/\/cnewa.org\/es\/wp-json\/wp\/v2\/pages\/360\/revisions\/5799"}],"up":[{"embeddable":true,"href":"https:\/\/cnewa.org\/es\/wp-json\/wp\/v2\/pages\/356"}],"wp:attachment":[{"href":"https:\/\/cnewa.org\/es\/wp-json\/wp\/v2\/media?parent=360"}],"curies":[{"name":"wp","href":"https:\/\/api.w.org\/{rel}","templated":true}]}}