{"id":3752,"date":"2023-08-30T09:10:31","date_gmt":"2023-08-30T13:10:31","guid":{"rendered":"https:\/\/cnewa.org\/es\/?page_id=3752"},"modified":"2024-06-17T11:20:01","modified_gmt":"2024-06-17T15:20:01","slug":"libano","status":"publish","type":"page","link":"https:\/\/cnewa.org\/es\/donde-trabajamos\/medio-oriente\/libano\/","title":{"rendered":"L\u00edbano"},"content":{"rendered":"\n<h2 class=\"wp-block-heading\" id=\"h-libano-el-hermoso-pais-mediterraneo-anidado-entre-siria-e-israel-y-una-de-las-cunas-mas-antiguas-y-vitales-del-cristianismo-se-enfrenta-a-una-crisis-economica-insoportable\">L\u00edbano, el hermoso pa\u00eds mediterr\u00e1neo anidado entre Siria e Israel, y una de las cunas m\u00e1s antiguas y vitales del cristianismo, se enfrenta a una crisis econ\u00f3mica insoportable.<\/h2>\n\n\n\n<p>M\u00e1s del 80 por ciento de la poblaci\u00f3n vive ahora en la pobreza y la tasa de desempleo ha aumentado del 11 al 30 por ciento en los \u00faltimos cuatro a\u00f1os. Los servicios p\u00fablicos b\u00e1sicos, como la electricidad, y los programas de apoyo social, incluida la educaci\u00f3n y la atenci\u00f3n m\u00e9dica, han disminuido significativamente, afectando las vidas de los m\u00e1s vulnerables y obligando a profesionales educados y calificados, muchos de ellos cristianos, a abandonar el pa\u00eds en busca de una vida mejor.<\/p>\n\n\n\n<p>A lo largo de su historia, las numerosas comunidades cristianas del L\u00edbano han sido un refugio para los vulnerables, los marginados y los pobres. Desafortunadamente, durante estos tiempos dif\u00edciles, las iglesias tambi\u00e9n est\u00e1n en extrema necesidad a medida que crece la demanda de sus iniciativas de servicio social.&nbsp;<\/p>\n\n\n\n<p>CNEWA ha apoyado durante mucho tiempo a la iglesia en el L\u00edbano y continuar\u00e1 respondiendo a las enormes necesidades de la gente, trabajando junto con su amplia coalici\u00f3n de socios en el campo y financiando importantes programas que sirven a los residentes m\u00e1s vulnerables de todos los or\u00edgenes culturales y religiosos.<\/p>\n\n\n\n<h4 class=\"wp-block-heading\" id=\"h-acompanando-a-la-iglesia\">Acompa\u00f1ando a la Iglesia<\/h4>\n\n\n\n<p>CNEWA apoya la formaci\u00f3n religiosa de casi 120 seminaristas que estudian en siete seminarios del L\u00edbano, y del mismo modo apoya programas que ayudan a construir el liderazgo para las comunidades cristianas del ma\u00f1ana, especialmente entre los laicos.<\/p>\n\n\n\n<figure class=\"wp-block-image size-large\"><img loading=\"lazy\" decoding=\"async\" width=\"1024\" height=\"683\" src=\"https:\/\/cnewa.org\/es\/wp-content\/uploads\/sites\/5\/2023\/08\/hadi20153_071H-1-1024x683.jpg\" alt=\"\" class=\"wp-image-3755\" srcset=\"https:\/\/cnewa.org\/es\/wp-content\/uploads\/sites\/5\/2023\/08\/hadi20153_071H-1-1024x683.jpg 1024w, https:\/\/cnewa.org\/es\/wp-content\/uploads\/sites\/5\/2023\/08\/hadi20153_071H-1-300x200.jpg 300w, https:\/\/cnewa.org\/es\/wp-content\/uploads\/sites\/5\/2023\/08\/hadi20153_071H-1-768x512.jpg 768w, https:\/\/cnewa.org\/es\/wp-content\/uploads\/sites\/5\/2023\/08\/hadi20153_071H-1-1600x1067.jpg 1600w, https:\/\/cnewa.org\/es\/wp-content\/uploads\/sites\/5\/2023\/08\/hadi20153_071H-1-1536x1024.jpg 1536w, https:\/\/cnewa.org\/es\/wp-content\/uploads\/sites\/5\/2023\/08\/hadi20153_071H-1.jpg 1800w\" sizes=\"auto, (max-width: 1024px) 100vw, 1024px\" \/><figcaption class=\"wp-element-caption\">Serm\u00f3n dominical para los refugiados asirios iraqu\u00edes en la iglesia Mar Elias en Beirut, L\u00edbano. (foto: Tamara Abdul Hadi)<\/figcaption><\/figure>\n\n\n\n<h4 class=\"wp-block-heading\" id=\"h-respondiendo-a-las-necesidades-humanas\">Respondiendo a las Necesidades Humanas<\/h4>\n\n\n\n<p>En colaboraci\u00f3n con la iglesia local e instituciones vinculadas con la iglesia, CNEWA responde a las necesidades humanas a trav\u00e9s de diferentes programas de servicios, como cuidado infantil y asistencia para la matr\u00edcula; apoyo acad\u00e9mico y t\u00e9cnico para las escuelas, sus maestros y personal; programas de atenci\u00f3n m\u00e9dica, incluido el desarrollo y la expansi\u00f3n de programas m\u00e9dicos que respondan a las necesidades de los m\u00e1s vulnerables; y atenci\u00f3n a los marginados, en particular los programas educativos, psicosociales y de salud mental que responden a las necesidades de los refugiados, los pobres y las personas con necesidades especiales f\u00edsicas y mentales.<\/p>\n\n\n\n<figure class=\"wp-block-image size-large\"><img loading=\"lazy\" decoding=\"async\" width=\"1024\" height=\"683\" src=\"https:\/\/cnewa.org\/es\/wp-content\/uploads\/sites\/5\/2023\/08\/kozar20151_038H-2-1024x683.jpg\" alt=\"\" class=\"wp-image-3757\" srcset=\"https:\/\/cnewa.org\/es\/wp-content\/uploads\/sites\/5\/2023\/08\/kozar20151_038H-2-1024x683.jpg 1024w, https:\/\/cnewa.org\/es\/wp-content\/uploads\/sites\/5\/2023\/08\/kozar20151_038H-2-300x200.jpg 300w, https:\/\/cnewa.org\/es\/wp-content\/uploads\/sites\/5\/2023\/08\/kozar20151_038H-2-768x512.jpg 768w, https:\/\/cnewa.org\/es\/wp-content\/uploads\/sites\/5\/2023\/08\/kozar20151_038H-2-1600x1067.jpg 1600w, https:\/\/cnewa.org\/es\/wp-content\/uploads\/sites\/5\/2023\/08\/kozar20151_038H-2-1536x1024.jpg 1536w, https:\/\/cnewa.org\/es\/wp-content\/uploads\/sites\/5\/2023\/08\/kozar20151_038H-2.jpg 1800w\" sizes=\"auto, (max-width: 1024px) 100vw, 1024px\" \/><figcaption class=\"wp-element-caption\">Hospital Franciscano de las Hermanas de la Cruz en Deir el Kamar, L\u00edbano. (foto: John E. Kozar\/CNEWA)<\/figcaption><\/figure>\n\n\n\n<h4 class=\"wp-block-heading\" id=\"h-ayuda-de-emergencia\">Ayuda de emergencia<\/h4>\n\n\n\n<p>CNEWA lucha contra el hambre, ayudando a mantener las vidas y aliviar el sufrimiento de aproximadamente 10.000 familias a trav\u00e9s de la distribuci\u00f3n de paquetes de alimentos y art\u00edculos no alimentarios, como pa\u00f1ales para ni\u00f1os y otros art\u00edculos necesarios para los ancianos, los postrados en cama y las personas con necesidades especiales. Debido al deterioro de la situaci\u00f3n econ\u00f3mica en el pa\u00eds, esperamos un aumento en este programa de ayuda de emergencia a medida que m\u00e1s personas caigan en la pobreza.<\/p>\n\n\n\n<figure class=\"wp-block-image size-large\"><img loading=\"lazy\" decoding=\"async\" width=\"1024\" height=\"683\" src=\"https:\/\/cnewa.org\/es\/wp-content\/uploads\/sites\/5\/2023\/08\/skaff202202_035H-2-1024x683.jpg\" alt=\"\" class=\"wp-image-3756\" srcset=\"https:\/\/cnewa.org\/es\/wp-content\/uploads\/sites\/5\/2023\/08\/skaff202202_035H-2-1024x683.jpg 1024w, https:\/\/cnewa.org\/es\/wp-content\/uploads\/sites\/5\/2023\/08\/skaff202202_035H-2-300x200.jpg 300w, https:\/\/cnewa.org\/es\/wp-content\/uploads\/sites\/5\/2023\/08\/skaff202202_035H-2-768x512.jpg 768w, https:\/\/cnewa.org\/es\/wp-content\/uploads\/sites\/5\/2023\/08\/skaff202202_035H-2-1600x1067.jpg 1600w, https:\/\/cnewa.org\/es\/wp-content\/uploads\/sites\/5\/2023\/08\/skaff202202_035H-2-1536x1024.jpg 1536w, https:\/\/cnewa.org\/es\/wp-content\/uploads\/sites\/5\/2023\/08\/skaff202202_035H-2.jpg 1800w\" sizes=\"auto, (max-width: 1024px) 100vw, 1024px\" \/><figcaption class=\"wp-element-caption\">Rita Mallat, la directora de RAM, con un paquete de comida que ha llevado a Randa Krayem, que est\u00e1 ce\u00f1ida a una silla de ruedas y no ha podido encontrar trabajo desde que comenz\u00f3 la crisis econ\u00f3mica en el L\u00edbano. (foto: Raghida Skaff)<\/figcaption><\/figure>\n\n\n  <div class=\"donate-button\" id=\"minor-fund-campaign\">\n    <button class=\"donate-modal-toggle\" data-major-fund='Asistencia Humanitaria' data-major-fund-code='37'>Donate<\/button>\n  <\/div>\n  ","protected":false},"excerpt":{"rendered":"<p>L\u00edbano, el hermoso pa\u00eds mediterr\u00e1neo anidado entre Siria e Israel, y una de las cunas m\u00e1s antiguas y vitales del cristianismo, se enfrenta a una crisis econ\u00f3mica insoportable. M\u00e1s del 80 por ciento de la poblaci\u00f3n vive ahora en la pobreza y la tasa de desempleo ha aumentado del 11 al 30 por ciento en &hellip; <a href=\"https:\/\/cnewa.org\/es\/donde-trabajamos\/medio-oriente\/libano\/\">Continued<\/a><\/p>\n","protected":false},"author":70019,"featured_media":3758,"parent":150,"menu_order":0,"comment_status":"closed","ping_status":"closed","template":"","meta":{"_acf_changed":false,"footnotes":""},"class_list":["post-3752","page","type-page","status-publish","has-post-thumbnail","hentry"],"acf":[],"yoast_head":"<!-- This site is optimized with the Yoast SEO Premium plugin v27.3 (Yoast SEO v27.3) - https:\/\/yoast.com\/product\/yoast-seo-premium-wordpress\/ -->\n<title>L\u00edbano | CNEWA Espa\u00f1ol<\/title>\n<meta name=\"robots\" content=\"index, follow, max-snippet:-1, max-image-preview:large, max-video-preview:-1\" \/>\n<link rel=\"canonical\" href=\"https:\/\/cnewa.org\/es\/donde-trabajamos\/medio-oriente\/libano\/\" \/>\n<meta property=\"og:locale\" content=\"es_ES\" \/>\n<meta property=\"og:type\" content=\"article\" \/>\n<meta property=\"og:title\" content=\"L\u00edbano\" \/>\n<meta property=\"og:description\" content=\"L\u00edbano, el hermoso pa\u00eds mediterr\u00e1neo anidado entre Siria e Israel, y una de las cunas m\u00e1s antiguas y vitales del cristianismo, se enfrenta a una crisis econ\u00f3mica insoportable. M\u00e1s del 80 por ciento de la poblaci\u00f3n vive ahora en la pobreza y la tasa de desempleo ha aumentado del 11 al 30 por ciento en &hellip; Continued\" \/>\n<meta property=\"og:url\" content=\"https:\/\/cnewa.org\/es\/donde-trabajamos\/medio-oriente\/libano\/\" \/>\n<meta property=\"og:site_name\" content=\"CNEWA Espa\u00f1ol\" \/>\n<meta property=\"article:publisher\" content=\"https:\/\/www.facebook.com\/CNEWAenespanol\/\" \/>\n<meta property=\"article:modified_time\" content=\"2024-06-17T15:20:01+00:00\" \/>\n<meta property=\"og:image\" content=\"https:\/\/cnewa.org\/es\/wp-content\/uploads\/sites\/5\/2023\/08\/hadi20163_044H-2.jpg\" \/>\n\t<meta property=\"og:image:width\" content=\"1800\" \/>\n\t<meta property=\"og:image:height\" content=\"1200\" \/>\n\t<meta property=\"og:image:type\" content=\"image\/jpeg\" \/>\n<meta name=\"twitter:card\" content=\"summary_large_image\" \/>\n<meta name=\"twitter:label1\" content=\"Tiempo de lectura\" \/>\n\t<meta name=\"twitter:data1\" content=\"4 minutos\" \/>\n<script type=\"application\/ld+json\" class=\"yoast-schema-graph\">{\"@context\":\"https:\\\/\\\/schema.org\",\"@graph\":[{\"@type\":\"WebPage\",\"@id\":\"https:\\\/\\\/cnewa.org\\\/es\\\/donde-trabajamos\\\/medio-oriente\\\/libano\\\/\",\"url\":\"https:\\\/\\\/cnewa.org\\\/es\\\/donde-trabajamos\\\/medio-oriente\\\/libano\\\/\",\"name\":\"L\u00edbano | CNEWA Espa\u00f1ol\",\"isPartOf\":{\"@id\":\"https:\\\/\\\/cnewa.org\\\/es\\\/#website\"},\"primaryImageOfPage\":{\"@id\":\"https:\\\/\\\/cnewa.org\\\/es\\\/donde-trabajamos\\\/medio-oriente\\\/libano\\\/#primaryimage\"},\"image\":{\"@id\":\"https:\\\/\\\/cnewa.org\\\/es\\\/donde-trabajamos\\\/medio-oriente\\\/libano\\\/#primaryimage\"},\"thumbnailUrl\":\"https:\\\/\\\/cnewa.org\\\/es\\\/wp-content\\\/uploads\\\/sites\\\/5\\\/2023\\\/08\\\/hadi20163_044H-2.jpg\",\"datePublished\":\"2023-08-30T13:10:31+00:00\",\"dateModified\":\"2024-06-17T15:20:01+00:00\",\"breadcrumb\":{\"@id\":\"https:\\\/\\\/cnewa.org\\\/es\\\/donde-trabajamos\\\/medio-oriente\\\/libano\\\/#breadcrumb\"},\"inLanguage\":\"es\",\"potentialAction\":[{\"@type\":\"ReadAction\",\"target\":[\"https:\\\/\\\/cnewa.org\\\/es\\\/donde-trabajamos\\\/medio-oriente\\\/libano\\\/\"]}]},{\"@type\":\"ImageObject\",\"inLanguage\":\"es\",\"@id\":\"https:\\\/\\\/cnewa.org\\\/es\\\/donde-trabajamos\\\/medio-oriente\\\/libano\\\/#primaryimage\",\"url\":\"https:\\\/\\\/cnewa.org\\\/es\\\/wp-content\\\/uploads\\\/sites\\\/5\\\/2023\\\/08\\\/hadi20163_044H-2.jpg\",\"contentUrl\":\"https:\\\/\\\/cnewa.org\\\/es\\\/wp-content\\\/uploads\\\/sites\\\/5\\\/2023\\\/08\\\/hadi20163_044H-2.jpg\",\"width\":1800,\"height\":1200,\"caption\":\"Estudiantes durante una clase en la Escuela Ortodoxa de Marjeyoun, L\u00edbano. (foto: Tamara Abdul Hadi)\"},{\"@type\":\"BreadcrumbList\",\"@id\":\"https:\\\/\\\/cnewa.org\\\/es\\\/donde-trabajamos\\\/medio-oriente\\\/libano\\\/#breadcrumb\",\"itemListElement\":[{\"@type\":\"ListItem\",\"position\":1,\"name\":\"Inicio\",\"item\":\"https:\\\/\\\/cnewa.org\\\/es\\\/\"},{\"@type\":\"ListItem\",\"position\":2,\"name\":\"D\u00f3nde Trabajamos\",\"item\":\"https:\\\/\\\/cnewa.org\\\/es\\\/donde-trabajamos\\\/\"},{\"@type\":\"ListItem\",\"position\":3,\"name\":\"Medio Oriente\",\"item\":\"https:\\\/\\\/cnewa.org\\\/es\\\/donde-trabajamos\\\/medio-oriente\\\/\"},{\"@type\":\"ListItem\",\"position\":4,\"name\":\"L\u00edbano\"}]},{\"@type\":\"WebSite\",\"@id\":\"https:\\\/\\\/cnewa.org\\\/es\\\/#website\",\"url\":\"https:\\\/\\\/cnewa.org\\\/es\\\/\",\"name\":\"CNEWA Espa\u00f1ol\",\"description\":\"Asociaci\u00f3n Cat\u00f3lica para el Bienestar del Cercano Oriente\",\"publisher\":{\"@id\":\"https:\\\/\\\/cnewa.org\\\/es\\\/#organization\"},\"potentialAction\":[{\"@type\":\"SearchAction\",\"target\":{\"@type\":\"EntryPoint\",\"urlTemplate\":\"https:\\\/\\\/cnewa.org\\\/es\\\/?s={search_term_string}\"},\"query-input\":{\"@type\":\"PropertyValueSpecification\",\"valueRequired\":true,\"valueName\":\"search_term_string\"}}],\"inLanguage\":\"es\"},{\"@type\":\"Organization\",\"@id\":\"https:\\\/\\\/cnewa.org\\\/es\\\/#organization\",\"name\":\"CNEWA Espa\u00f1ol\",\"alternateName\":\"Asociaci\u00f3n Cat\u00f3lica para el Bienestar del Cercano Oriente\",\"url\":\"https:\\\/\\\/cnewa.org\\\/es\\\/\",\"logo\":{\"@type\":\"ImageObject\",\"inLanguage\":\"es\",\"@id\":\"https:\\\/\\\/cnewa.org\\\/es\\\/#\\\/schema\\\/logo\\\/image\\\/\",\"url\":\"https:\\\/\\\/cnewa.org\\\/es\\\/wp-content\\\/uploads\\\/sites\\\/5\\\/2021\\\/07\\\/CNEWA-brand-logo.png\",\"contentUrl\":\"https:\\\/\\\/cnewa.org\\\/es\\\/wp-content\\\/uploads\\\/sites\\\/5\\\/2021\\\/07\\\/CNEWA-brand-logo.png\",\"width\":1000,\"height\":1000,\"caption\":\"CNEWA Espa\u00f1ol\"},\"image\":{\"@id\":\"https:\\\/\\\/cnewa.org\\\/es\\\/#\\\/schema\\\/logo\\\/image\\\/\"},\"sameAs\":[\"https:\\\/\\\/www.facebook.com\\\/CNEWAenespanol\\\/\",\"https:\\\/\\\/www.instagram.com\\\/cnewa1926\\\/\",\"https:\\\/\\\/www.youtube.com\\\/user\\\/TheCNEWA\"]}]}<\/script>\n<!-- \/ Yoast SEO Premium plugin. -->","yoast_head_json":{"title":"L\u00edbano | CNEWA Espa\u00f1ol","robots":{"index":"index","follow":"follow","max-snippet":"max-snippet:-1","max-image-preview":"max-image-preview:large","max-video-preview":"max-video-preview:-1"},"canonical":"https:\/\/cnewa.org\/es\/donde-trabajamos\/medio-oriente\/libano\/","og_locale":"es_ES","og_type":"article","og_title":"L\u00edbano","og_description":"L\u00edbano, el hermoso pa\u00eds mediterr\u00e1neo anidado entre Siria e Israel, y una de las cunas m\u00e1s antiguas y vitales del cristianismo, se enfrenta a una crisis econ\u00f3mica insoportable. M\u00e1s del 80 por ciento de la poblaci\u00f3n vive ahora en la pobreza y la tasa de desempleo ha aumentado del 11 al 30 por ciento en &hellip; Continued","og_url":"https:\/\/cnewa.org\/es\/donde-trabajamos\/medio-oriente\/libano\/","og_site_name":"CNEWA Espa\u00f1ol","article_publisher":"https:\/\/www.facebook.com\/CNEWAenespanol\/","article_modified_time":"2024-06-17T15:20:01+00:00","og_image":[{"width":1800,"height":1200,"url":"https:\/\/cnewa.org\/es\/wp-content\/uploads\/sites\/5\/2023\/08\/hadi20163_044H-2.jpg","type":"image\/jpeg"}],"twitter_card":"summary_large_image","twitter_misc":{"Tiempo de lectura":"4 minutos"},"schema":{"@context":"https:\/\/schema.org","@graph":[{"@type":"WebPage","@id":"https:\/\/cnewa.org\/es\/donde-trabajamos\/medio-oriente\/libano\/","url":"https:\/\/cnewa.org\/es\/donde-trabajamos\/medio-oriente\/libano\/","name":"L\u00edbano | CNEWA Espa\u00f1ol","isPartOf":{"@id":"https:\/\/cnewa.org\/es\/#website"},"primaryImageOfPage":{"@id":"https:\/\/cnewa.org\/es\/donde-trabajamos\/medio-oriente\/libano\/#primaryimage"},"image":{"@id":"https:\/\/cnewa.org\/es\/donde-trabajamos\/medio-oriente\/libano\/#primaryimage"},"thumbnailUrl":"https:\/\/cnewa.org\/es\/wp-content\/uploads\/sites\/5\/2023\/08\/hadi20163_044H-2.jpg","datePublished":"2023-08-30T13:10:31+00:00","dateModified":"2024-06-17T15:20:01+00:00","breadcrumb":{"@id":"https:\/\/cnewa.org\/es\/donde-trabajamos\/medio-oriente\/libano\/#breadcrumb"},"inLanguage":"es","potentialAction":[{"@type":"ReadAction","target":["https:\/\/cnewa.org\/es\/donde-trabajamos\/medio-oriente\/libano\/"]}]},{"@type":"ImageObject","inLanguage":"es","@id":"https:\/\/cnewa.org\/es\/donde-trabajamos\/medio-oriente\/libano\/#primaryimage","url":"https:\/\/cnewa.org\/es\/wp-content\/uploads\/sites\/5\/2023\/08\/hadi20163_044H-2.jpg","contentUrl":"https:\/\/cnewa.org\/es\/wp-content\/uploads\/sites\/5\/2023\/08\/hadi20163_044H-2.jpg","width":1800,"height":1200,"caption":"Estudiantes durante una clase en la Escuela Ortodoxa de Marjeyoun, L\u00edbano. (foto: Tamara Abdul Hadi)"},{"@type":"BreadcrumbList","@id":"https:\/\/cnewa.org\/es\/donde-trabajamos\/medio-oriente\/libano\/#breadcrumb","itemListElement":[{"@type":"ListItem","position":1,"name":"Inicio","item":"https:\/\/cnewa.org\/es\/"},{"@type":"ListItem","position":2,"name":"D\u00f3nde Trabajamos","item":"https:\/\/cnewa.org\/es\/donde-trabajamos\/"},{"@type":"ListItem","position":3,"name":"Medio Oriente","item":"https:\/\/cnewa.org\/es\/donde-trabajamos\/medio-oriente\/"},{"@type":"ListItem","position":4,"name":"L\u00edbano"}]},{"@type":"WebSite","@id":"https:\/\/cnewa.org\/es\/#website","url":"https:\/\/cnewa.org\/es\/","name":"CNEWA Espa\u00f1ol","description":"Asociaci\u00f3n Cat\u00f3lica para el Bienestar del Cercano Oriente","publisher":{"@id":"https:\/\/cnewa.org\/es\/#organization"},"potentialAction":[{"@type":"SearchAction","target":{"@type":"EntryPoint","urlTemplate":"https:\/\/cnewa.org\/es\/?s={search_term_string}"},"query-input":{"@type":"PropertyValueSpecification","valueRequired":true,"valueName":"search_term_string"}}],"inLanguage":"es"},{"@type":"Organization","@id":"https:\/\/cnewa.org\/es\/#organization","name":"CNEWA Espa\u00f1ol","alternateName":"Asociaci\u00f3n Cat\u00f3lica para el Bienestar del Cercano Oriente","url":"https:\/\/cnewa.org\/es\/","logo":{"@type":"ImageObject","inLanguage":"es","@id":"https:\/\/cnewa.org\/es\/#\/schema\/logo\/image\/","url":"https:\/\/cnewa.org\/es\/wp-content\/uploads\/sites\/5\/2021\/07\/CNEWA-brand-logo.png","contentUrl":"https:\/\/cnewa.org\/es\/wp-content\/uploads\/sites\/5\/2021\/07\/CNEWA-brand-logo.png","width":1000,"height":1000,"caption":"CNEWA Espa\u00f1ol"},"image":{"@id":"https:\/\/cnewa.org\/es\/#\/schema\/logo\/image\/"},"sameAs":["https:\/\/www.facebook.com\/CNEWAenespanol\/","https:\/\/www.instagram.com\/cnewa1926\/","https:\/\/www.youtube.com\/user\/TheCNEWA"]}]}},"_links":{"self":[{"href":"https:\/\/cnewa.org\/es\/wp-json\/wp\/v2\/pages\/3752","targetHints":{"allow":["GET"]}}],"collection":[{"href":"https:\/\/cnewa.org\/es\/wp-json\/wp\/v2\/pages"}],"about":[{"href":"https:\/\/cnewa.org\/es\/wp-json\/wp\/v2\/types\/page"}],"author":[{"embeddable":true,"href":"https:\/\/cnewa.org\/es\/wp-json\/wp\/v2\/users\/70019"}],"replies":[{"embeddable":true,"href":"https:\/\/cnewa.org\/es\/wp-json\/wp\/v2\/comments?post=3752"}],"version-history":[{"count":11,"href":"https:\/\/cnewa.org\/es\/wp-json\/wp\/v2\/pages\/3752\/revisions"}],"predecessor-version":[{"id":5239,"href":"https:\/\/cnewa.org\/es\/wp-json\/wp\/v2\/pages\/3752\/revisions\/5239"}],"up":[{"embeddable":true,"href":"https:\/\/cnewa.org\/es\/wp-json\/wp\/v2\/pages\/150"}],"wp:featuredmedia":[{"embeddable":true,"href":"https:\/\/cnewa.org\/es\/wp-json\/wp\/v2\/media\/3758"}],"wp:attachment":[{"href":"https:\/\/cnewa.org\/es\/wp-json\/wp\/v2\/media?parent=3752"}],"curies":[{"name":"wp","href":"https:\/\/api.w.org\/{rel}","templated":true}]}}