{"id":4895,"date":"2024-04-09T11:49:22","date_gmt":"2024-04-09T15:49:22","guid":{"rendered":"https:\/\/cnewa.org\/es\/?page_id=4895"},"modified":"2025-08-22T08:50:22","modified_gmt":"2025-08-22T12:50:22","slug":"palestina","status":"publish","type":"page","link":"https:\/\/cnewa.org\/es\/donde-trabajamos\/medio-oriente\/palestina\/","title":{"rendered":"Palestina"},"content":{"rendered":"\n<h2 class=\"wp-block-heading\" id=\"h-los-territorios-palestinos-compuestos-por-cisjordania-incluida-jerusalen-este-y-gaza-han-sido-un-area-de-preocupacion-para-cnewa-desde-la-fundacion-de-la-mision-pontificia-para-palestina-por-el-papa-pio-xii-en-1949-nbsp\">Los territorios palestinos, compuestos por Cisjordania, incluida Jerusal\u00e9n Este, y Gaza, han sido un \u00e1rea de preocupaci\u00f3n para CNEWA desde la fundaci\u00f3n de la Misi\u00f3n Pontificia para Palestina por el Papa P\u00edo XII en 1949.&nbsp;<\/h2>\n\n\n\n<p>Hoy en d\u00eda, las necesidades del pueblo palestino son incomparables. Desde el ataque terrorista de Ham\u00e1s contra Israel el 7 de octubre de 2023, la respuesta militar israel\u00ed ha matado a m\u00e1s de 30.000 palestinos, m\u00e1s de un tercio de los cuales eran ni\u00f1os.&nbsp;&nbsp;<\/p>\n\n\n\n<p>Inmediatamente despu\u00e9s de la violencia del 7 de octubre y las represalias de Israel, CNEWA comparti\u00f3 la declaraci\u00f3n del Patriarca Latino de Jerusal\u00e9n en la que ped\u00eda \u201ca la comunidad internacional, a los l\u00edderes religiosos de la regi\u00f3n y del mundo, que hagan todo lo posible para ayudar a desescalar la situaci\u00f3n, restablecer la calma y trabajar para garantizar los derechos fundamentales de los pueblos de la region\u201d.<\/p>\n\n\n\n<p>Palestina, un estado oficialmente gobernado por la Organizaci\u00f3n para la Liberaci\u00f3n de Palestina (OLP), ha estado bajo ocupaci\u00f3n israel\u00ed desde 1967. La Franja de Gaza ha sido gobernada por el grupo militante isl\u00e1mico Hamas desde 2007. Cisjordania est\u00e1 actualmente dividida en 165 enclaves palestinos que est\u00e1n bajo el gobierno parcial de la Autoridad Nacional Palestina (ANP); el resto, incluidos 200 asentamientos israel\u00edes, est\u00e1 bajo pleno control israel\u00ed.&nbsp;<\/p>\n\n\n\n<p>Actualmente, hay unos 9.000 cristianos en Jerusal\u00e9n, o poco m\u00e1s del 1% de la poblaci\u00f3n de la ciudad, en comparaci\u00f3n con una cuarta parte de la poblaci\u00f3n hace un siglo.&nbsp;<\/p>\n\n\n\n<p>Las organizaciones cristianas no reciben ning\u00fan financiamiento del gobierno y contin\u00faan experimentando serios problemas financieros. Por esta raz\u00f3n, existe una fuerte dependencia de la financiaci\u00f3n de benefactores internacionales para mantener las instalaciones y equipos, financiar programas o cubrir costos operativos.\u00a0<br><\/p>\n\n\n\n<h2 class=\"wp-block-heading\" id=\"h-ayuda-de-emergencia\">Ayuda de Emergencia<\/h2>\n\n\n\n<p>Desde que comenz\u00f3 la guerra, CNEWA-Misi\u00f3n Pontificia ha coordinado con socios sobre el terreno en Gaza para distribuir comidas calientes, paquetes de alimentos, medicamentos, kits de higiene, pa\u00f1ales, combustible, gas de cocina, agua embotellada y suministros de limpieza a los necesitados.<\/p>\n\n\n\n<p>Entre el 9 de octubre de 2023 y el 9 de agosto de 2025, CNEWA-Misi\u00f3n Pontificia ha asignado 1.600.287 d\u00f3lares en fondos para fines humanitarios, de los cuales 1.448.782 d\u00f3lares se destinaron espec\u00edficamente como ayuda de emergencia, dirigiendo esa ayuda a apoyar los esfuerzos de la comunidad cristiana para alimentar, cuidar y aconsejar a m\u00e1s de 36.400 personas.<\/p>\n\n\n\n<p>Los socios en estos esfuerzos incluyen:<\/p>\n\n\n\n<ul class=\"wp-block-list\">\n<li>Iglesia Patriarcal Latina de la Sagrada Familia<\/li>\n\n\n\n<li>Comunidad parroquial ortodoxa griega de St. Porfirios<\/li>\n\n\n\n<li>Equipos m\u00e9dicos del Consejo de Iglesias del Cercano Oriente para madres y programas de cuidado infantil<\/li>\n\n\n\n<li>Hospital \u00c1rabe Al-Ahli<\/li>\n\n\n\n<li>Sociedad de Mujeres AISHA<\/li>\n\n\n\n<li>Centro cultural del Comit\u00e9 Cristiano Ortodoxo \u00c1rabe, hasta que fue destruido<\/li>\n\n\n\n<li>SPARK para la innovaci\u00f3n<\/li>\n\n\n\n<li>Sociedad de Mujeres Graduadas<\/li>\n\n\n\n<li>Desarrollo comunitario y rural de Juhoud<\/li>\n<\/ul>\n\n\n\n<p>La voz de la iglesia es clara. El Evangelio sigue siendo un faro de esperanza, incluso en medio del G\u00f3lgota en el que se ha convertido Gaza.<\/p>\n\n\n\n<h3 class=\"wp-block-heading\" id=\"h-acompanando-a-la-iglesia\">Acompa\u00f1ando a la Iglesia<\/h3>\n\n\n\n<p>La oficina de CNEWA en Jerusal\u00e9n concentra sus esfuerzos en invertir en el liderazgo laico a trav\u00e9s de movimientos scouts palestinos locales, centros juveniles cristianos y programas de catecismo, que son cruciales para la protecci\u00f3n de la presencia cristiana y la preparaci\u00f3n del futuro liderazgo de las organizaciones cristianas. Estas instituciones prestan servicios esenciales a la poblaci\u00f3n y ofrecen oportunidades de empleo a los cristianos.&nbsp;<\/p>\n\n\n\n<p>CNEWA apoya los esfuerzos de la Iglesia local en la formaci\u00f3n de j\u00f3venes l\u00edderes fieles, comprometidos y capaces. Esto comienza en una etapa temprana a trav\u00e9s del programa de catecismo que atiende a ni\u00f1os de 6 a 12 a\u00f1os. Luego, los estudiantes son seleccionados y se les proporciona una formaci\u00f3n especial en liderazgo cristiano y educaci\u00f3n religiosa, para que se conviertan en l\u00edderes en los programas de catecismo de las diversas parroquias.&nbsp;<\/p>\n\n\n\n<p>CNEWA est\u00e1 ayudando a reparar las instalaciones parroquiales, brindar apoyo para la formaci\u00f3n en catequesis y los programas de atenci\u00f3n pastoral. Del mismo modo, apoya \\ iniciativas pastorales para j\u00f3venes, catequesis y campamentos y concursos b\u00edblicos, que continuar\u00e1n siendo una prioridad para el pr\u00f3ximo per\u00edodo.<\/p>\n\n\n\n<figure class=\"wp-block-image aligncenter size-full\"><img loading=\"lazy\" decoding=\"async\" width=\"537\" height=\"422\" src=\"https:\/\/cnewa.org\/es\/wp-content\/uploads\/sites\/5\/2024\/04\/Palestine_1.jpg\" alt=\"\" class=\"wp-image-4897\" srcset=\"https:\/\/cnewa.org\/es\/wp-content\/uploads\/sites\/5\/2024\/04\/Palestine_1.jpg 537w, https:\/\/cnewa.org\/es\/wp-content\/uploads\/sites\/5\/2024\/04\/Palestine_1-300x236.jpg 300w\" sizes=\"auto, (max-width: 537px) 100vw, 537px\" \/><figcaption class=\"wp-element-caption\">La hermana Piera Carpenedo, de las Hermanas de Santa Dorotea, cuenta una historia a sus estudiantes con discapacidad auditiva en el Instituto Efat\u00e1 en Bel\u00e9n, una instituci\u00f3n que CNEWA se enorgullece de apoyar a trav\u00e9s de la generosidad de nuestros donantes. (foto: Steve Sabella)<\/figcaption><\/figure>\n\n\n\n<h3 class=\"wp-block-heading\" id=\"h-respondiendo-a-las-necesidades-humanas\">Respondiendo a las Necesidades Humanas<\/h3>\n\n\n\n<p>CNEWA apoya una red de organizaciones cristianas que est\u00e1n activas en los campos de la educaci\u00f3n, la salud y los servicios sociales. A trav\u00e9s de estas organizaciones, CNEWA ha financiado la instalaci\u00f3n de paneles solares de energ\u00eda verde para reducir los gastos de electricidad, rehabilitar la cisterna de agua de lluvia existente para proporcionar suministro de agua limpia y gratuita, adem\u00e1s de la instalaci\u00f3n de sistemas hidrop\u00f3nicos que producen vegetales org\u00e1nicos como fuentes alternativas de alimentos. Adem\u00e1s de reducir los costos de sobrecalentamiento, esta ayuda responde al llamado del Papa Francisco a que todos cuidemos de nuestro planeta.<\/p>\n\n\n\n<p>CNEWA apoya un programa de asesoramiento educativo para estudiantes de d\u00e9cimo grado de las escuelas cristianas del \u00e1rea de Jerusal\u00e9n en colaboraci\u00f3n con una organizaci\u00f3n local. Espec\u00edficamente, la capacitaci\u00f3n recibida durante el per\u00edodo del proyecto se centrar\u00e1 en el desarrollo de habilidades personales, identificando intereses y habilidades personales y haciendo coincidir esas habilidades con una carrera, vocaci\u00f3n o educaci\u00f3n superior, eligiendo finalmente entre las ramas de humanidades o cient\u00edficas o entrenamiento vocacional al final del proyecto.<\/p>\n\n\n\n<figure class=\"wp-block-image size-large\"><img loading=\"lazy\" decoding=\"async\" width=\"1024\" height=\"640\" src=\"https:\/\/cnewa.org\/es\/wp-content\/uploads\/sites\/5\/2024\/04\/jaraiseh202207_033H-1024x640.jpg\" alt=\"\" class=\"wp-image-4898\" srcset=\"https:\/\/cnewa.org\/es\/wp-content\/uploads\/sites\/5\/2024\/04\/jaraiseh202207_033H-1024x640.jpg 1024w, https:\/\/cnewa.org\/es\/wp-content\/uploads\/sites\/5\/2024\/04\/jaraiseh202207_033H-300x188.jpg 300w, https:\/\/cnewa.org\/es\/wp-content\/uploads\/sites\/5\/2024\/04\/jaraiseh202207_033H-768x480.jpg 768w, https:\/\/cnewa.org\/es\/wp-content\/uploads\/sites\/5\/2024\/04\/jaraiseh202207_033H.jpg 1200w\" sizes=\"auto, (max-width: 1024px) 100vw, 1024px\" \/><figcaption class=\"wp-element-caption\">Sesi\u00f3n de campamento de verano para j\u00f3venes adultos cristianos cerca de Ramallah, Palestina. (foto: George Jaraiseh)<\/figcaption><\/figure>\n\n\n  <div class=\"donate-button\" id=\"minor-fund-campaign\">\n    <button class=\"donate-modal-toggle\" data-minor-fund='Palestina' data-minor-fund-code='PR'>DONE AHORA<\/button>\n  <\/div>\n  ","protected":false},"excerpt":{"rendered":"<p>Los territorios palestinos, compuestos por Cisjordania, incluida Jerusal\u00e9n Este, y Gaza, han sido un \u00e1rea de preocupaci\u00f3n para CNEWA desde la fundaci\u00f3n de la Misi\u00f3n Pontificia para Palestina por el Papa P\u00edo XII en 1949.&nbsp; Hoy en d\u00eda, las necesidades del pueblo palestino son incomparables. Desde el ataque terrorista de Ham\u00e1s contra Israel el 7 &hellip; <a href=\"https:\/\/cnewa.org\/es\/donde-trabajamos\/medio-oriente\/palestina\/\">Continued<\/a><\/p>\n","protected":false},"author":70019,"featured_media":4896,"parent":150,"menu_order":0,"comment_status":"closed","ping_status":"closed","template":"","meta":{"_acf_changed":false,"footnotes":""},"class_list":["post-4895","page","type-page","status-publish","has-post-thumbnail","hentry"],"acf":[],"yoast_head":"<!-- This site is optimized with the Yoast SEO Premium plugin v27.3 (Yoast SEO v27.3) - https:\/\/yoast.com\/product\/yoast-seo-premium-wordpress\/ -->\n<title>Palestina | CNEWA Espa\u00f1ol<\/title>\n<meta name=\"description\" content=\"Los territorios palestinos han sido un \u00e1rea de preocupaci\u00f3n para CNEWA desde la fundaci\u00f3n de la Misi\u00f3n Pontificia en 1949.\" \/>\n<meta name=\"robots\" content=\"index, follow, max-snippet:-1, max-image-preview:large, max-video-preview:-1\" \/>\n<link rel=\"canonical\" href=\"https:\/\/cnewa.org\/es\/donde-trabajamos\/medio-oriente\/palestina\/\" \/>\n<meta property=\"og:locale\" content=\"es_ES\" \/>\n<meta property=\"og:type\" content=\"article\" \/>\n<meta property=\"og:title\" content=\"Palestina\" \/>\n<meta property=\"og:description\" content=\"Los territorios palestinos han sido un \u00e1rea de preocupaci\u00f3n para CNEWA desde la fundaci\u00f3n de la Misi\u00f3n Pontificia en 1949.\" \/>\n<meta property=\"og:url\" content=\"https:\/\/cnewa.org\/es\/donde-trabajamos\/medio-oriente\/palestina\/\" \/>\n<meta property=\"og:site_name\" content=\"CNEWA Espa\u00f1ol\" \/>\n<meta property=\"article:publisher\" content=\"https:\/\/www.facebook.com\/CNEWAenespanol\/\" \/>\n<meta property=\"article:modified_time\" content=\"2025-08-22T12:50:22+00:00\" \/>\n<meta property=\"og:image\" content=\"https:\/\/cnewa.org\/es\/wp-content\/uploads\/sites\/5\/2024\/04\/Bethlehem_skyline_West_Bank-1-scaled-1.jpg\" \/>\n\t<meta property=\"og:image:width\" content=\"2560\" \/>\n\t<meta property=\"og:image:height\" content=\"1342\" \/>\n\t<meta property=\"og:image:type\" content=\"image\/jpeg\" \/>\n<meta name=\"twitter:card\" content=\"summary_large_image\" \/>\n<meta name=\"twitter:label1\" content=\"Tiempo de lectura\" \/>\n\t<meta name=\"twitter:data1\" content=\"5 minutos\" \/>\n<script type=\"application\/ld+json\" class=\"yoast-schema-graph\">{\"@context\":\"https:\\\/\\\/schema.org\",\"@graph\":[{\"@type\":\"WebPage\",\"@id\":\"https:\\\/\\\/cnewa.org\\\/es\\\/donde-trabajamos\\\/medio-oriente\\\/palestina\\\/\",\"url\":\"https:\\\/\\\/cnewa.org\\\/es\\\/donde-trabajamos\\\/medio-oriente\\\/palestina\\\/\",\"name\":\"Palestina | CNEWA Espa\u00f1ol\",\"isPartOf\":{\"@id\":\"https:\\\/\\\/cnewa.org\\\/es\\\/#website\"},\"primaryImageOfPage\":{\"@id\":\"https:\\\/\\\/cnewa.org\\\/es\\\/donde-trabajamos\\\/medio-oriente\\\/palestina\\\/#primaryimage\"},\"image\":{\"@id\":\"https:\\\/\\\/cnewa.org\\\/es\\\/donde-trabajamos\\\/medio-oriente\\\/palestina\\\/#primaryimage\"},\"thumbnailUrl\":\"https:\\\/\\\/cnewa.org\\\/es\\\/wp-content\\\/uploads\\\/sites\\\/5\\\/2024\\\/04\\\/Bethlehem_skyline_West_Bank-1-scaled-1.jpg\",\"datePublished\":\"2024-04-09T15:49:22+00:00\",\"dateModified\":\"2025-08-22T12:50:22+00:00\",\"description\":\"Los territorios palestinos han sido un \u00e1rea de preocupaci\u00f3n para CNEWA desde la fundaci\u00f3n de la Misi\u00f3n Pontificia en 1949.\",\"breadcrumb\":{\"@id\":\"https:\\\/\\\/cnewa.org\\\/es\\\/donde-trabajamos\\\/medio-oriente\\\/palestina\\\/#breadcrumb\"},\"inLanguage\":\"es\",\"potentialAction\":[{\"@type\":\"ReadAction\",\"target\":[\"https:\\\/\\\/cnewa.org\\\/es\\\/donde-trabajamos\\\/medio-oriente\\\/palestina\\\/\"]}]},{\"@type\":\"ImageObject\",\"inLanguage\":\"es\",\"@id\":\"https:\\\/\\\/cnewa.org\\\/es\\\/donde-trabajamos\\\/medio-oriente\\\/palestina\\\/#primaryimage\",\"url\":\"https:\\\/\\\/cnewa.org\\\/es\\\/wp-content\\\/uploads\\\/sites\\\/5\\\/2024\\\/04\\\/Bethlehem_skyline_West_Bank-1-scaled-1.jpg\",\"contentUrl\":\"https:\\\/\\\/cnewa.org\\\/es\\\/wp-content\\\/uploads\\\/sites\\\/5\\\/2024\\\/04\\\/Bethlehem_skyline_West_Bank-1-scaled-1.jpg\",\"width\":2560,\"height\":1342,\"caption\":\"En respuesta a las preocupaciones sobre el coronavirus, el Patriarcado Latino ha emitido directrices para los lugares de culto en Bel\u00e9n y sus alrededores. (foto: Wikipedia\\\/Creative Commons por Daniel Case)\"},{\"@type\":\"BreadcrumbList\",\"@id\":\"https:\\\/\\\/cnewa.org\\\/es\\\/donde-trabajamos\\\/medio-oriente\\\/palestina\\\/#breadcrumb\",\"itemListElement\":[{\"@type\":\"ListItem\",\"position\":1,\"name\":\"Inicio\",\"item\":\"https:\\\/\\\/cnewa.org\\\/es\\\/\"},{\"@type\":\"ListItem\",\"position\":2,\"name\":\"D\u00f3nde Trabajamos\",\"item\":\"https:\\\/\\\/cnewa.org\\\/es\\\/donde-trabajamos\\\/\"},{\"@type\":\"ListItem\",\"position\":3,\"name\":\"Medio Oriente\",\"item\":\"https:\\\/\\\/cnewa.org\\\/es\\\/donde-trabajamos\\\/medio-oriente\\\/\"},{\"@type\":\"ListItem\",\"position\":4,\"name\":\"Palestina\"}]},{\"@type\":\"WebSite\",\"@id\":\"https:\\\/\\\/cnewa.org\\\/es\\\/#website\",\"url\":\"https:\\\/\\\/cnewa.org\\\/es\\\/\",\"name\":\"CNEWA Espa\u00f1ol\",\"description\":\"Asociaci\u00f3n Cat\u00f3lica para el Bienestar del Cercano Oriente\",\"publisher\":{\"@id\":\"https:\\\/\\\/cnewa.org\\\/es\\\/#organization\"},\"potentialAction\":[{\"@type\":\"SearchAction\",\"target\":{\"@type\":\"EntryPoint\",\"urlTemplate\":\"https:\\\/\\\/cnewa.org\\\/es\\\/?s={search_term_string}\"},\"query-input\":{\"@type\":\"PropertyValueSpecification\",\"valueRequired\":true,\"valueName\":\"search_term_string\"}}],\"inLanguage\":\"es\"},{\"@type\":\"Organization\",\"@id\":\"https:\\\/\\\/cnewa.org\\\/es\\\/#organization\",\"name\":\"CNEWA Espa\u00f1ol\",\"alternateName\":\"Asociaci\u00f3n Cat\u00f3lica para el Bienestar del Cercano Oriente\",\"url\":\"https:\\\/\\\/cnewa.org\\\/es\\\/\",\"logo\":{\"@type\":\"ImageObject\",\"inLanguage\":\"es\",\"@id\":\"https:\\\/\\\/cnewa.org\\\/es\\\/#\\\/schema\\\/logo\\\/image\\\/\",\"url\":\"https:\\\/\\\/cnewa.org\\\/es\\\/wp-content\\\/uploads\\\/sites\\\/5\\\/2021\\\/07\\\/CNEWA-brand-logo.png\",\"contentUrl\":\"https:\\\/\\\/cnewa.org\\\/es\\\/wp-content\\\/uploads\\\/sites\\\/5\\\/2021\\\/07\\\/CNEWA-brand-logo.png\",\"width\":1000,\"height\":1000,\"caption\":\"CNEWA Espa\u00f1ol\"},\"image\":{\"@id\":\"https:\\\/\\\/cnewa.org\\\/es\\\/#\\\/schema\\\/logo\\\/image\\\/\"},\"sameAs\":[\"https:\\\/\\\/www.facebook.com\\\/CNEWAenespanol\\\/\",\"https:\\\/\\\/www.instagram.com\\\/cnewa1926\\\/\",\"https:\\\/\\\/www.youtube.com\\\/user\\\/TheCNEWA\"]}]}<\/script>\n<!-- \/ Yoast SEO Premium plugin. -->","yoast_head_json":{"title":"Palestina | CNEWA Espa\u00f1ol","description":"Los territorios palestinos han sido un \u00e1rea de preocupaci\u00f3n para CNEWA desde la fundaci\u00f3n de la Misi\u00f3n Pontificia en 1949.","robots":{"index":"index","follow":"follow","max-snippet":"max-snippet:-1","max-image-preview":"max-image-preview:large","max-video-preview":"max-video-preview:-1"},"canonical":"https:\/\/cnewa.org\/es\/donde-trabajamos\/medio-oriente\/palestina\/","og_locale":"es_ES","og_type":"article","og_title":"Palestina","og_description":"Los territorios palestinos han sido un \u00e1rea de preocupaci\u00f3n para CNEWA desde la fundaci\u00f3n de la Misi\u00f3n Pontificia en 1949.","og_url":"https:\/\/cnewa.org\/es\/donde-trabajamos\/medio-oriente\/palestina\/","og_site_name":"CNEWA Espa\u00f1ol","article_publisher":"https:\/\/www.facebook.com\/CNEWAenespanol\/","article_modified_time":"2025-08-22T12:50:22+00:00","og_image":[{"width":2560,"height":1342,"url":"https:\/\/cnewa.org\/es\/wp-content\/uploads\/sites\/5\/2024\/04\/Bethlehem_skyline_West_Bank-1-scaled-1.jpg","type":"image\/jpeg"}],"twitter_card":"summary_large_image","twitter_misc":{"Tiempo de lectura":"5 minutos"},"schema":{"@context":"https:\/\/schema.org","@graph":[{"@type":"WebPage","@id":"https:\/\/cnewa.org\/es\/donde-trabajamos\/medio-oriente\/palestina\/","url":"https:\/\/cnewa.org\/es\/donde-trabajamos\/medio-oriente\/palestina\/","name":"Palestina | CNEWA Espa\u00f1ol","isPartOf":{"@id":"https:\/\/cnewa.org\/es\/#website"},"primaryImageOfPage":{"@id":"https:\/\/cnewa.org\/es\/donde-trabajamos\/medio-oriente\/palestina\/#primaryimage"},"image":{"@id":"https:\/\/cnewa.org\/es\/donde-trabajamos\/medio-oriente\/palestina\/#primaryimage"},"thumbnailUrl":"https:\/\/cnewa.org\/es\/wp-content\/uploads\/sites\/5\/2024\/04\/Bethlehem_skyline_West_Bank-1-scaled-1.jpg","datePublished":"2024-04-09T15:49:22+00:00","dateModified":"2025-08-22T12:50:22+00:00","description":"Los territorios palestinos han sido un \u00e1rea de preocupaci\u00f3n para CNEWA desde la fundaci\u00f3n de la Misi\u00f3n Pontificia en 1949.","breadcrumb":{"@id":"https:\/\/cnewa.org\/es\/donde-trabajamos\/medio-oriente\/palestina\/#breadcrumb"},"inLanguage":"es","potentialAction":[{"@type":"ReadAction","target":["https:\/\/cnewa.org\/es\/donde-trabajamos\/medio-oriente\/palestina\/"]}]},{"@type":"ImageObject","inLanguage":"es","@id":"https:\/\/cnewa.org\/es\/donde-trabajamos\/medio-oriente\/palestina\/#primaryimage","url":"https:\/\/cnewa.org\/es\/wp-content\/uploads\/sites\/5\/2024\/04\/Bethlehem_skyline_West_Bank-1-scaled-1.jpg","contentUrl":"https:\/\/cnewa.org\/es\/wp-content\/uploads\/sites\/5\/2024\/04\/Bethlehem_skyline_West_Bank-1-scaled-1.jpg","width":2560,"height":1342,"caption":"En respuesta a las preocupaciones sobre el coronavirus, el Patriarcado Latino ha emitido directrices para los lugares de culto en Bel\u00e9n y sus alrededores. (foto: Wikipedia\/Creative Commons por Daniel Case)"},{"@type":"BreadcrumbList","@id":"https:\/\/cnewa.org\/es\/donde-trabajamos\/medio-oriente\/palestina\/#breadcrumb","itemListElement":[{"@type":"ListItem","position":1,"name":"Inicio","item":"https:\/\/cnewa.org\/es\/"},{"@type":"ListItem","position":2,"name":"D\u00f3nde Trabajamos","item":"https:\/\/cnewa.org\/es\/donde-trabajamos\/"},{"@type":"ListItem","position":3,"name":"Medio Oriente","item":"https:\/\/cnewa.org\/es\/donde-trabajamos\/medio-oriente\/"},{"@type":"ListItem","position":4,"name":"Palestina"}]},{"@type":"WebSite","@id":"https:\/\/cnewa.org\/es\/#website","url":"https:\/\/cnewa.org\/es\/","name":"CNEWA Espa\u00f1ol","description":"Asociaci\u00f3n Cat\u00f3lica para el Bienestar del Cercano Oriente","publisher":{"@id":"https:\/\/cnewa.org\/es\/#organization"},"potentialAction":[{"@type":"SearchAction","target":{"@type":"EntryPoint","urlTemplate":"https:\/\/cnewa.org\/es\/?s={search_term_string}"},"query-input":{"@type":"PropertyValueSpecification","valueRequired":true,"valueName":"search_term_string"}}],"inLanguage":"es"},{"@type":"Organization","@id":"https:\/\/cnewa.org\/es\/#organization","name":"CNEWA Espa\u00f1ol","alternateName":"Asociaci\u00f3n Cat\u00f3lica para el Bienestar del Cercano Oriente","url":"https:\/\/cnewa.org\/es\/","logo":{"@type":"ImageObject","inLanguage":"es","@id":"https:\/\/cnewa.org\/es\/#\/schema\/logo\/image\/","url":"https:\/\/cnewa.org\/es\/wp-content\/uploads\/sites\/5\/2021\/07\/CNEWA-brand-logo.png","contentUrl":"https:\/\/cnewa.org\/es\/wp-content\/uploads\/sites\/5\/2021\/07\/CNEWA-brand-logo.png","width":1000,"height":1000,"caption":"CNEWA Espa\u00f1ol"},"image":{"@id":"https:\/\/cnewa.org\/es\/#\/schema\/logo\/image\/"},"sameAs":["https:\/\/www.facebook.com\/CNEWAenespanol\/","https:\/\/www.instagram.com\/cnewa1926\/","https:\/\/www.youtube.com\/user\/TheCNEWA"]}]}},"_links":{"self":[{"href":"https:\/\/cnewa.org\/es\/wp-json\/wp\/v2\/pages\/4895","targetHints":{"allow":["GET"]}}],"collection":[{"href":"https:\/\/cnewa.org\/es\/wp-json\/wp\/v2\/pages"}],"about":[{"href":"https:\/\/cnewa.org\/es\/wp-json\/wp\/v2\/types\/page"}],"author":[{"embeddable":true,"href":"https:\/\/cnewa.org\/es\/wp-json\/wp\/v2\/users\/70019"}],"replies":[{"embeddable":true,"href":"https:\/\/cnewa.org\/es\/wp-json\/wp\/v2\/comments?post=4895"}],"version-history":[{"count":5,"href":"https:\/\/cnewa.org\/es\/wp-json\/wp\/v2\/pages\/4895\/revisions"}],"predecessor-version":[{"id":7069,"href":"https:\/\/cnewa.org\/es\/wp-json\/wp\/v2\/pages\/4895\/revisions\/7069"}],"up":[{"embeddable":true,"href":"https:\/\/cnewa.org\/es\/wp-json\/wp\/v2\/pages\/150"}],"wp:featuredmedia":[{"embeddable":true,"href":"https:\/\/cnewa.org\/es\/wp-json\/wp\/v2\/media\/4896"}],"wp:attachment":[{"href":"https:\/\/cnewa.org\/es\/wp-json\/wp\/v2\/media?parent=4895"}],"curies":[{"name":"wp","href":"https:\/\/api.w.org\/{rel}","templated":true}]}}