{"id":4909,"date":"2024-04-10T13:56:05","date_gmt":"2024-04-10T17:56:05","guid":{"rendered":"https:\/\/cnewa.org\/es\/?page_id=4909"},"modified":"2024-06-17T11:18:50","modified_gmt":"2024-06-17T15:18:50","slug":"ucrania","status":"publish","type":"page","link":"https:\/\/cnewa.org\/es\/donde-trabajamos\/europa-del-este\/ucrania\/","title":{"rendered":"Ucrania"},"content":{"rendered":"\n<h2 class=\"wp-block-heading\" id=\"h-la-invasion-a-gran-escala-de-ucrania-por-parte-de-rusia-en-febrero-de-2022-ha-provocado-una-grave-crisis-humanitaria-para-el-pueblo-ucraniano-nbsp\">La invasi\u00f3n a gran escala de Ucrania por parte de Rusia en febrero de 2022 ha provocado una grave crisis humanitaria para el pueblo ucraniano.&nbsp;<\/h2>\n\n\n\n<p>Desde los primeros d\u00edas de la guerra, CNEWA ha prestado ayuda a sus asociados en Ucrania, centr\u00e1ndose en proporcionar necesidades inmediatas, como alimentos, medicinas y refugio. Entre los principales socios se encuentran Caritas Ucrania, la Universidad Cat\u00f3lica Ucraniana y la Iglesia greco-cat\u00f3lica ucraniana.&nbsp;<\/p>\n\n\n\n<p>La guerra ha matado a m\u00e1s de 22.000 civiles, ha creado m\u00e1s de 8,1 millones de refugiados y ha desplazado internamente a otros 5,6 millones de personas. Ante este sufrimiento continuo, la respuesta de CNEWA sigue siendo urgente.&nbsp;<\/p>\n\n\n  <div class=\"donate-button\" id=\"minor-fund-campaign\">\n    <button class=\"donate-modal-toggle\" data-minor-fund='Ucrania' data-minor-fund-code='DU'>DONE A UCRANIA<\/button>\n  <\/div>\n  \n\n\n<h3 class=\"wp-block-heading\" id=\"h-acompanando-a-la-iglesia-nbsp\">Acompa\u00f1ando a la Iglesia&nbsp;<\/h3>\n\n\n\n<p>La iglesia local es un salvavidas primordial para los desplazados, los traumatizados, los heridos, los hu\u00e9rfanos, los hambrientos, los que fueron torturados o se quedaron sin hogar, y aquellos cuyos familiares han sido asesinados o est\u00e1n siendo retenidos como rehenes. Dada esta obra fundamental de la iglesia, la formaci\u00f3n del liderazgo de la iglesia y la fortificaci\u00f3n de la iglesia local siguen siendo importantes.<\/p>\n\n\n\n<p>En las zonas devastadas por la guerra, los sacerdotes necesitan apoyo externo para seguir sirviendo a sus parroquias. CNEWA apoya al clero en las provincias de Donetsk, Odesa y Kharkiv que est\u00e1n en primera l\u00ednea en la guerra. Muchos sacerdotes tambi\u00e9n sirven como capellanes militares y m\u00e9dicos, ministerios vitales en tiempos de guerra.<\/p>\n\n\n\n<p>Unos meses despu\u00e9s de la invasi\u00f3n, en 2022, los seminarios volvieron a sus programas de estudio normales. CNEWA apoya programas de formaci\u00f3n en tres seminarios ucranianos, as\u00ed como la formaci\u00f3n del clero en capellan\u00eda m\u00e9dica y militar.<\/p>\n\n\n\n<figure class=\"wp-block-image aligncenter size-full\"><img loading=\"lazy\" decoding=\"async\" width=\"537\" height=\"358\" src=\"https:\/\/cnewa.org\/es\/wp-content\/uploads\/sites\/5\/2024\/04\/kozar20175_0103H.jpg\" alt=\"Ocho seminaristas frente a una iglesia en Lviv, Ucrania.\" class=\"wp-image-4908\" srcset=\"https:\/\/cnewa.org\/es\/wp-content\/uploads\/sites\/5\/2024\/04\/kozar20175_0103H.jpg 537w, https:\/\/cnewa.org\/es\/wp-content\/uploads\/sites\/5\/2024\/04\/kozar20175_0103H-300x200.jpg 300w\" sizes=\"auto, (max-width: 537px) 100vw, 537px\" \/><figcaption class=\"wp-element-caption\">Seminaristas frente a una iglesia en Lviv, Ucrania. (foto: John E. Kozar)<\/figcaption><\/figure>\n\n\n\n<h3 class=\"wp-block-heading\" id=\"h-respondiendo-a-las-necesidades-humanas\">Respondiendo a las Necesidades Humanas<\/h3>\n\n\n\n<p>Desde 2022, responder a las necesidades humanas se ha convertido en la prioridad de CNEWA en Ucrania, lo que incluye brindar ayuda de emergencia, atenci\u00f3n m\u00e9dica, y apoyar programas de cuidado infantil y atenci\u00f3n a los marginados.&nbsp;<\/p>\n\n\n\n<p>El impacto de la guerra en los ni\u00f1os es inconmensurable. El n\u00famero de ni\u00f1os hu\u00e9rfanos a causa de esta guerra sigue aumentando, al igual que el n\u00famero de ni\u00f1os que sufren el trauma de la ocupaci\u00f3n, el desplazamiento o la proximidad del frente. Por esta raz\u00f3n, las iniciativas de cuidado infantil, incluida la educaci\u00f3n y la integraci\u00f3n de los ni\u00f1os refugiados, son la m\u00e1xima prioridad para CNEWA en su respuesta humanitaria.&nbsp;<\/p>\n\n\n\n<p>Los hospitales administrados por el gobierno est\u00e1n sobrecargados por la atenci\u00f3n de los soldados heridos, y existe una creciente necesidad de instituciones de atenci\u00f3n m\u00e9dica alternativas para atender a los desplazados, as\u00ed como a los residentes locales. Caritas Ucrania est\u00e1 desarrollando una red de centros m\u00e9dicos en toda Ucrania para satisfacer la necesidad de atenci\u00f3n m\u00e9dica.<\/p>\n\n\n\n<figure class=\"wp-block-image size-large\"><img loading=\"lazy\" decoding=\"async\" width=\"1024\" height=\"683\" src=\"https:\/\/cnewa.org\/es\/wp-content\/uploads\/sites\/5\/2024\/04\/ugcc202308_170H-1024x683.jpg\" alt=\"\" class=\"wp-image-4907\" srcset=\"https:\/\/cnewa.org\/es\/wp-content\/uploads\/sites\/5\/2024\/04\/ugcc202308_170H-1024x683.jpg 1024w, https:\/\/cnewa.org\/es\/wp-content\/uploads\/sites\/5\/2024\/04\/ugcc202308_170H-300x200.jpg 300w, https:\/\/cnewa.org\/es\/wp-content\/uploads\/sites\/5\/2024\/04\/ugcc202308_170H-768x512.jpg 768w, https:\/\/cnewa.org\/es\/wp-content\/uploads\/sites\/5\/2024\/04\/ugcc202308_170H-1600x1067.jpg 1600w, https:\/\/cnewa.org\/es\/wp-content\/uploads\/sites\/5\/2024\/04\/ugcc202308_170H-1536x1024.jpg 1536w, https:\/\/cnewa.org\/es\/wp-content\/uploads\/sites\/5\/2024\/04\/ugcc202308_170H.jpg 1800w\" sizes=\"auto, (max-width: 1024px) 100vw, 1024px\" \/><figcaption class=\"wp-element-caption\">Durante una visita solidaria a Ucrania, Mons. Peter I. Vaccari, visit\u00f3 un programa de reparto de paquetes de alimentos patrocinado por CNEWA a trav\u00e9s de Caritas Ucrania. (foto: cortes\u00eda Departamento de Informaci\u00f3n de la UGCC)<\/figcaption><\/figure>\n","protected":false},"excerpt":{"rendered":"<p>La invasi\u00f3n a gran escala de Ucrania por parte de Rusia en febrero de 2022 ha provocado una grave crisis humanitaria para el pueblo ucraniano.&nbsp; Desde los primeros d\u00edas de la guerra, CNEWA ha prestado ayuda a sus asociados en Ucrania, centr\u00e1ndose en proporcionar necesidades inmediatas, como alimentos, medicinas y refugio. Entre los principales socios &hellip; <a href=\"https:\/\/cnewa.org\/es\/donde-trabajamos\/europa-del-este\/ucrania\/\">Continued<\/a><\/p>\n","protected":false},"author":70019,"featured_media":4906,"parent":159,"menu_order":0,"comment_status":"closed","ping_status":"closed","template":"","meta":{"_acf_changed":false,"footnotes":""},"class_list":["post-4909","page","type-page","status-publish","has-post-thumbnail","hentry"],"acf":[],"yoast_head":"<!-- This site is optimized with the Yoast SEO Premium plugin v27.2 (Yoast SEO v27.2) - https:\/\/yoast.com\/product\/yoast-seo-premium-wordpress\/ -->\n<title>Ucrania | CNEWA Espa\u00f1ol<\/title>\n<meta name=\"description\" content=\"CNEWA presta ayuda a sus asociados en Ucrania, centr\u00e1ndose en proporcionar necesidades inmediatas, como alimentos, medicinas y refugio.\" \/>\n<meta name=\"robots\" content=\"index, follow, max-snippet:-1, max-image-preview:large, max-video-preview:-1\" \/>\n<link rel=\"canonical\" href=\"https:\/\/cnewa.org\/es\/donde-trabajamos\/europa-del-este\/ucrania\/\" \/>\n<meta property=\"og:locale\" content=\"es_ES\" \/>\n<meta property=\"og:type\" content=\"article\" \/>\n<meta property=\"og:title\" content=\"Ucrania\" \/>\n<meta property=\"og:description\" content=\"CNEWA presta ayuda a sus asociados en Ucrania, centr\u00e1ndose en proporcionar necesidades inmediatas, como alimentos, medicinas y refugio.\" \/>\n<meta property=\"og:url\" content=\"https:\/\/cnewa.org\/es\/donde-trabajamos\/europa-del-este\/ucrania\/\" \/>\n<meta property=\"og:site_name\" content=\"CNEWA Espa\u00f1ol\" \/>\n<meta property=\"article:publisher\" content=\"https:\/\/www.facebook.com\/CNEWAenespanol\/\" \/>\n<meta property=\"article:modified_time\" content=\"2024-06-17T15:18:50+00:00\" \/>\n<meta property=\"og:image\" content=\"https:\/\/cnewa.org\/es\/wp-content\/uploads\/sites\/5\/2024\/04\/GettyImages-1078773680.jpg\" \/>\n\t<meta property=\"og:image:width\" content=\"1800\" \/>\n\t<meta property=\"og:image:height\" content=\"1200\" \/>\n\t<meta property=\"og:image:type\" content=\"image\/jpeg\" \/>\n<meta name=\"twitter:card\" content=\"summary_large_image\" \/>\n<meta name=\"twitter:label1\" content=\"Tiempo de lectura\" \/>\n\t<meta name=\"twitter:data1\" content=\"3 minutos\" \/>\n<script type=\"application\/ld+json\" class=\"yoast-schema-graph\">{\"@context\":\"https:\/\/schema.org\",\"@graph\":[{\"@type\":\"WebPage\",\"@id\":\"https:\/\/cnewa.org\/es\/donde-trabajamos\/europa-del-este\/ucrania\/\",\"url\":\"https:\/\/cnewa.org\/es\/donde-trabajamos\/europa-del-este\/ucrania\/\",\"name\":\"Ucrania | CNEWA Espa\u00f1ol\",\"isPartOf\":{\"@id\":\"https:\/\/cnewa.org\/es\/#website\"},\"primaryImageOfPage\":{\"@id\":\"https:\/\/cnewa.org\/es\/donde-trabajamos\/europa-del-este\/ucrania\/#primaryimage\"},\"image\":{\"@id\":\"https:\/\/cnewa.org\/es\/donde-trabajamos\/europa-del-este\/ucrania\/#primaryimage\"},\"thumbnailUrl\":\"https:\/\/cnewa.org\/es\/wp-content\/uploads\/sites\/5\/2024\/04\/GettyImages-1078773680.jpg\",\"datePublished\":\"2024-04-10T17:56:05+00:00\",\"dateModified\":\"2024-06-17T15:18:50+00:00\",\"description\":\"CNEWA presta ayuda a sus asociados en Ucrania, centr\u00e1ndose en proporcionar necesidades inmediatas, como alimentos, medicinas y refugio.\",\"breadcrumb\":{\"@id\":\"https:\/\/cnewa.org\/es\/donde-trabajamos\/europa-del-este\/ucrania\/#breadcrumb\"},\"inLanguage\":\"es\",\"potentialAction\":[{\"@type\":\"ReadAction\",\"target\":[\"https:\/\/cnewa.org\/es\/donde-trabajamos\/europa-del-este\/ucrania\/\"]}]},{\"@type\":\"ImageObject\",\"inLanguage\":\"es\",\"@id\":\"https:\/\/cnewa.org\/es\/donde-trabajamos\/europa-del-este\/ucrania\/#primaryimage\",\"url\":\"https:\/\/cnewa.org\/es\/wp-content\/uploads\/sites\/5\/2024\/04\/GettyImages-1078773680.jpg\",\"contentUrl\":\"https:\/\/cnewa.org\/es\/wp-content\/uploads\/sites\/5\/2024\/04\/GettyImages-1078773680.jpg\",\"width\":1800,\"height\":1200,\"caption\":\"La gente espera fuera de la catedral de Santa Sof\u00eda en Kiev en enero de 2019 para tener la oportunidad de ver el decreto que reconoce la independencia de la Iglesia Ortodoxa de Ucrania. (foto: Sergii Kharchenko\/NurPhoto v\u00eda Getty Images)\"},{\"@type\":\"BreadcrumbList\",\"@id\":\"https:\/\/cnewa.org\/es\/donde-trabajamos\/europa-del-este\/ucrania\/#breadcrumb\",\"itemListElement\":[{\"@type\":\"ListItem\",\"position\":1,\"name\":\"Inicio\",\"item\":\"https:\/\/cnewa.org\/es\/\"},{\"@type\":\"ListItem\",\"position\":2,\"name\":\"D\u00f3nde Trabajamos\",\"item\":\"https:\/\/cnewa.org\/es\/donde-trabajamos\/\"},{\"@type\":\"ListItem\",\"position\":3,\"name\":\"Europa del Este\",\"item\":\"https:\/\/cnewa.org\/es\/donde-trabajamos\/europa-del-este\/\"},{\"@type\":\"ListItem\",\"position\":4,\"name\":\"Ucrania\"}]},{\"@type\":\"WebSite\",\"@id\":\"https:\/\/cnewa.org\/es\/#website\",\"url\":\"https:\/\/cnewa.org\/es\/\",\"name\":\"CNEWA Espa\u00f1ol\",\"description\":\"Asociaci\u00f3n Cat\u00f3lica para el Bienestar del Cercano Oriente\",\"publisher\":{\"@id\":\"https:\/\/cnewa.org\/es\/#organization\"},\"potentialAction\":[{\"@type\":\"SearchAction\",\"target\":{\"@type\":\"EntryPoint\",\"urlTemplate\":\"https:\/\/cnewa.org\/es\/?s={search_term_string}\"},\"query-input\":{\"@type\":\"PropertyValueSpecification\",\"valueRequired\":true,\"valueName\":\"search_term_string\"}}],\"inLanguage\":\"es\"},{\"@type\":\"Organization\",\"@id\":\"https:\/\/cnewa.org\/es\/#organization\",\"name\":\"CNEWA Espa\u00f1ol\",\"alternateName\":\"Asociaci\u00f3n Cat\u00f3lica para el Bienestar del Cercano Oriente\",\"url\":\"https:\/\/cnewa.org\/es\/\",\"logo\":{\"@type\":\"ImageObject\",\"inLanguage\":\"es\",\"@id\":\"https:\/\/cnewa.org\/es\/#\/schema\/logo\/image\/\",\"url\":\"https:\/\/cnewa.org\/es\/wp-content\/uploads\/sites\/5\/2021\/07\/CNEWA-brand-logo.png\",\"contentUrl\":\"https:\/\/cnewa.org\/es\/wp-content\/uploads\/sites\/5\/2021\/07\/CNEWA-brand-logo.png\",\"width\":1000,\"height\":1000,\"caption\":\"CNEWA Espa\u00f1ol\"},\"image\":{\"@id\":\"https:\/\/cnewa.org\/es\/#\/schema\/logo\/image\/\"},\"sameAs\":[\"https:\/\/www.facebook.com\/CNEWAenespanol\/\",\"https:\/\/www.instagram.com\/cnewa1926\/\",\"https:\/\/www.youtube.com\/user\/TheCNEWA\"]}]}<\/script>\n<!-- \/ Yoast SEO Premium plugin. -->","yoast_head_json":{"title":"Ucrania | CNEWA Espa\u00f1ol","description":"CNEWA presta ayuda a sus asociados en Ucrania, centr\u00e1ndose en proporcionar necesidades inmediatas, como alimentos, medicinas y refugio.","robots":{"index":"index","follow":"follow","max-snippet":"max-snippet:-1","max-image-preview":"max-image-preview:large","max-video-preview":"max-video-preview:-1"},"canonical":"https:\/\/cnewa.org\/es\/donde-trabajamos\/europa-del-este\/ucrania\/","og_locale":"es_ES","og_type":"article","og_title":"Ucrania","og_description":"CNEWA presta ayuda a sus asociados en Ucrania, centr\u00e1ndose en proporcionar necesidades inmediatas, como alimentos, medicinas y refugio.","og_url":"https:\/\/cnewa.org\/es\/donde-trabajamos\/europa-del-este\/ucrania\/","og_site_name":"CNEWA Espa\u00f1ol","article_publisher":"https:\/\/www.facebook.com\/CNEWAenespanol\/","article_modified_time":"2024-06-17T15:18:50+00:00","og_image":[{"width":1800,"height":1200,"url":"https:\/\/cnewa.org\/es\/wp-content\/uploads\/sites\/5\/2024\/04\/GettyImages-1078773680.jpg","type":"image\/jpeg"}],"twitter_card":"summary_large_image","twitter_misc":{"Tiempo de lectura":"3 minutos"},"schema":{"@context":"https:\/\/schema.org","@graph":[{"@type":"WebPage","@id":"https:\/\/cnewa.org\/es\/donde-trabajamos\/europa-del-este\/ucrania\/","url":"https:\/\/cnewa.org\/es\/donde-trabajamos\/europa-del-este\/ucrania\/","name":"Ucrania | CNEWA Espa\u00f1ol","isPartOf":{"@id":"https:\/\/cnewa.org\/es\/#website"},"primaryImageOfPage":{"@id":"https:\/\/cnewa.org\/es\/donde-trabajamos\/europa-del-este\/ucrania\/#primaryimage"},"image":{"@id":"https:\/\/cnewa.org\/es\/donde-trabajamos\/europa-del-este\/ucrania\/#primaryimage"},"thumbnailUrl":"https:\/\/cnewa.org\/es\/wp-content\/uploads\/sites\/5\/2024\/04\/GettyImages-1078773680.jpg","datePublished":"2024-04-10T17:56:05+00:00","dateModified":"2024-06-17T15:18:50+00:00","description":"CNEWA presta ayuda a sus asociados en Ucrania, centr\u00e1ndose en proporcionar necesidades inmediatas, como alimentos, medicinas y refugio.","breadcrumb":{"@id":"https:\/\/cnewa.org\/es\/donde-trabajamos\/europa-del-este\/ucrania\/#breadcrumb"},"inLanguage":"es","potentialAction":[{"@type":"ReadAction","target":["https:\/\/cnewa.org\/es\/donde-trabajamos\/europa-del-este\/ucrania\/"]}]},{"@type":"ImageObject","inLanguage":"es","@id":"https:\/\/cnewa.org\/es\/donde-trabajamos\/europa-del-este\/ucrania\/#primaryimage","url":"https:\/\/cnewa.org\/es\/wp-content\/uploads\/sites\/5\/2024\/04\/GettyImages-1078773680.jpg","contentUrl":"https:\/\/cnewa.org\/es\/wp-content\/uploads\/sites\/5\/2024\/04\/GettyImages-1078773680.jpg","width":1800,"height":1200,"caption":"La gente espera fuera de la catedral de Santa Sof\u00eda en Kiev en enero de 2019 para tener la oportunidad de ver el decreto que reconoce la independencia de la Iglesia Ortodoxa de Ucrania. (foto: Sergii Kharchenko\/NurPhoto v\u00eda Getty Images)"},{"@type":"BreadcrumbList","@id":"https:\/\/cnewa.org\/es\/donde-trabajamos\/europa-del-este\/ucrania\/#breadcrumb","itemListElement":[{"@type":"ListItem","position":1,"name":"Inicio","item":"https:\/\/cnewa.org\/es\/"},{"@type":"ListItem","position":2,"name":"D\u00f3nde Trabajamos","item":"https:\/\/cnewa.org\/es\/donde-trabajamos\/"},{"@type":"ListItem","position":3,"name":"Europa del Este","item":"https:\/\/cnewa.org\/es\/donde-trabajamos\/europa-del-este\/"},{"@type":"ListItem","position":4,"name":"Ucrania"}]},{"@type":"WebSite","@id":"https:\/\/cnewa.org\/es\/#website","url":"https:\/\/cnewa.org\/es\/","name":"CNEWA Espa\u00f1ol","description":"Asociaci\u00f3n Cat\u00f3lica para el Bienestar del Cercano Oriente","publisher":{"@id":"https:\/\/cnewa.org\/es\/#organization"},"potentialAction":[{"@type":"SearchAction","target":{"@type":"EntryPoint","urlTemplate":"https:\/\/cnewa.org\/es\/?s={search_term_string}"},"query-input":{"@type":"PropertyValueSpecification","valueRequired":true,"valueName":"search_term_string"}}],"inLanguage":"es"},{"@type":"Organization","@id":"https:\/\/cnewa.org\/es\/#organization","name":"CNEWA Espa\u00f1ol","alternateName":"Asociaci\u00f3n Cat\u00f3lica para el Bienestar del Cercano Oriente","url":"https:\/\/cnewa.org\/es\/","logo":{"@type":"ImageObject","inLanguage":"es","@id":"https:\/\/cnewa.org\/es\/#\/schema\/logo\/image\/","url":"https:\/\/cnewa.org\/es\/wp-content\/uploads\/sites\/5\/2021\/07\/CNEWA-brand-logo.png","contentUrl":"https:\/\/cnewa.org\/es\/wp-content\/uploads\/sites\/5\/2021\/07\/CNEWA-brand-logo.png","width":1000,"height":1000,"caption":"CNEWA Espa\u00f1ol"},"image":{"@id":"https:\/\/cnewa.org\/es\/#\/schema\/logo\/image\/"},"sameAs":["https:\/\/www.facebook.com\/CNEWAenespanol\/","https:\/\/www.instagram.com\/cnewa1926\/","https:\/\/www.youtube.com\/user\/TheCNEWA"]}]}},"_links":{"self":[{"href":"https:\/\/cnewa.org\/es\/wp-json\/wp\/v2\/pages\/4909","targetHints":{"allow":["GET"]}}],"collection":[{"href":"https:\/\/cnewa.org\/es\/wp-json\/wp\/v2\/pages"}],"about":[{"href":"https:\/\/cnewa.org\/es\/wp-json\/wp\/v2\/types\/page"}],"author":[{"embeddable":true,"href":"https:\/\/cnewa.org\/es\/wp-json\/wp\/v2\/users\/70019"}],"replies":[{"embeddable":true,"href":"https:\/\/cnewa.org\/es\/wp-json\/wp\/v2\/comments?post=4909"}],"version-history":[{"count":3,"href":"https:\/\/cnewa.org\/es\/wp-json\/wp\/v2\/pages\/4909\/revisions"}],"predecessor-version":[{"id":5236,"href":"https:\/\/cnewa.org\/es\/wp-json\/wp\/v2\/pages\/4909\/revisions\/5236"}],"up":[{"embeddable":true,"href":"https:\/\/cnewa.org\/es\/wp-json\/wp\/v2\/pages\/159"}],"wp:featuredmedia":[{"embeddable":true,"href":"https:\/\/cnewa.org\/es\/wp-json\/wp\/v2\/media\/4906"}],"wp:attachment":[{"href":"https:\/\/cnewa.org\/es\/wp-json\/wp\/v2\/media?parent=4909"}],"curies":[{"name":"wp","href":"https:\/\/api.w.org\/{rel}","templated":true}]}}