{"id":4933,"date":"2024-04-11T14:20:47","date_gmt":"2024-04-11T18:20:47","guid":{"rendered":"https:\/\/cnewa.org\/es\/?page_id=4933"},"modified":"2024-06-17T11:18:10","modified_gmt":"2024-06-17T15:18:10","slug":"egipto","status":"publish","type":"page","link":"https:\/\/cnewa.org\/es\/donde-trabajamos\/noreste-de-africa\/egipto\/","title":{"rendered":"Egipto"},"content":{"rendered":"\n<h2 class=\"wp-block-heading\" id=\"h-egipto-ha-sido-un-pais-en-disturbios-desde-2010\">Egipto ha sido un pa\u00eds en disturbios desde 2010.<\/h2>\n\n\n\n<p>En la \u00faltima d\u00e9cada, Egipto ha enfrentado a disturbios sociales, inestabilidad pol\u00edtica, extremismo y un golpe militar. Se han incendiado iglesias; se han asesinado cristianos. El deterioro econ\u00f3mico y social ha incitado el malestar y el miedo.<\/p>\n\n\n\n<p>En medio de todo esto, la Asociaci\u00f3n Cat\u00f3lica para el Bienestar del Cercano Oriente (CNEWA) est\u00e1 ah\u00ed.<\/p>\n\n\n\n<p>Durante d\u00e9cadas, CNEWA ha trabajado con las iglesias de Egipto para cerrar la brecha entre las minoritarias comunidades cristianas y las dominantes comunidades musulmanas de la naci\u00f3n. El socio principal de CNEWA, la Iglesia Cat\u00f3lica Copta, es una peque\u00f1a comunidad que cuenta con menos de 175.000 almas. Sin embargo, su alcance e impacto es significativo.<\/p>\n\n\n\n<p>Las parroquias y eparqu\u00edas est\u00e1n dando testimonio de la fe de manera poderosa: patrocinando cl\u00ednicas y dispensarios, iniciativas de cuidado infantil, escuelas y programas para personas con necesidades especiales\u2014incluyendo a j\u00f3venes ciegos y sordos de Egipto. Las actividades patrocinadas por la Iglesia tambi\u00e9n se enfocan en las familias desplazadas, incluyendo a los refugiados eritreos y sudaneses, y a las familias cristianas desarraigadas que viven en los suburbios de El Cairo y que se ganan la vida recogiendo basura para el reciclaje.<\/p>\n\n\n\n<p>El mandamiento del Evangelio de \u201camar al pr\u00f3jimo\u201d se realiza a diario con ternura y cuidado compasivo. CNEWA tiene el privilegio de ser parte de este esfuerzo, ayudando a que los marginados sepan que sus vidas tienen dignidad y prop\u00f3sito.<\/p>\n\n\n\n<p>Usted puede ayudar a que eso sea posible para m\u00e1s personas en Egipto. Sus generosas donaciones pueden ayudar a cambiar una vida a la vez, reemplazando el miedo con un sentido de posibilidad y esperanza, a medida que las iglesias de Egipto reconstruyen poco a poco la confianza brindando testimonio del amor del Evangelio.<\/p>\n\n\n\n<figure class=\"wp-block-image size-large\"><img loading=\"lazy\" decoding=\"async\" width=\"1024\" height=\"683\" src=\"https:\/\/cnewa.org\/es\/wp-content\/uploads\/sites\/5\/2024\/04\/anis20182_047-1024x683.jpg\" alt=\"\" class=\"wp-image-4931\" srcset=\"https:\/\/cnewa.org\/es\/wp-content\/uploads\/sites\/5\/2024\/04\/anis20182_047-1024x683.jpg 1024w, https:\/\/cnewa.org\/es\/wp-content\/uploads\/sites\/5\/2024\/04\/anis20182_047-300x200.jpg 300w, https:\/\/cnewa.org\/es\/wp-content\/uploads\/sites\/5\/2024\/04\/anis20182_047-768x512.jpg 768w, https:\/\/cnewa.org\/es\/wp-content\/uploads\/sites\/5\/2024\/04\/anis20182_047-1600x1067.jpg 1600w, https:\/\/cnewa.org\/es\/wp-content\/uploads\/sites\/5\/2024\/04\/anis20182_047-1536x1024.jpg 1536w, https:\/\/cnewa.org\/es\/wp-content\/uploads\/sites\/5\/2024\/04\/anis20182_047.jpg 1800w\" sizes=\"auto, (max-width: 1024px) 100vw, 1024px\" \/><figcaption class=\"wp-element-caption\">Un grupo de ni\u00f1os asiste a clase en la Escuela de las Hermanas Franciscanas en Beni Suef, Egipto. (foto: Roger Anis)<\/figcaption><\/figure>\n\n\n  <div class=\"donate-button\" id=\"minor-fund-campaign\">\n    <button class=\"donate-modal-toggle\" data-minor-fund='Egipto' data-minor-fund-code='ER'>DONE A EGIPTO<\/button>\n  <\/div>\n  ","protected":false},"excerpt":{"rendered":"<p>Egipto ha sido un pa\u00eds en disturbios desde 2010. En la \u00faltima d\u00e9cada, Egipto ha enfrentado a disturbios sociales, inestabilidad pol\u00edtica, extremismo y un golpe militar. Se han incendiado iglesias; se han asesinado cristianos. El deterioro econ\u00f3mico y social ha incitado el malestar y el miedo. En medio de todo esto, la Asociaci\u00f3n Cat\u00f3lica para &hellip; <a href=\"https:\/\/cnewa.org\/es\/donde-trabajamos\/noreste-de-africa\/egipto\/\">Continued<\/a><\/p>\n","protected":false},"author":70019,"featured_media":4932,"parent":154,"menu_order":0,"comment_status":"closed","ping_status":"closed","template":"","meta":{"_acf_changed":false,"footnotes":""},"class_list":["post-4933","page","type-page","status-publish","has-post-thumbnail","hentry"],"acf":[],"yoast_head":"<!-- This site is optimized with the Yoast SEO Premium plugin v27.3 (Yoast SEO v27.3) - https:\/\/yoast.com\/product\/yoast-seo-premium-wordpress\/ -->\n<title>Egipto | CNEWA Espa\u00f1ol<\/title>\n<meta name=\"description\" content=\"Egipto enfrenta malestar social, inestabilidad pol\u00edtica y extremismo. Se han incendiado iglesias; cristianos han sido asesinados.\" \/>\n<meta name=\"robots\" content=\"index, follow, max-snippet:-1, max-image-preview:large, max-video-preview:-1\" \/>\n<link rel=\"canonical\" href=\"https:\/\/cnewa.org\/es\/donde-trabajamos\/noreste-de-africa\/egipto\/\" \/>\n<meta property=\"og:locale\" content=\"es_ES\" \/>\n<meta property=\"og:type\" content=\"article\" \/>\n<meta property=\"og:title\" content=\"Egipto\" \/>\n<meta property=\"og:description\" content=\"Egipto enfrenta malestar social, inestabilidad pol\u00edtica y extremismo. Se han incendiado iglesias; cristianos han sido asesinados.\" \/>\n<meta property=\"og:url\" content=\"https:\/\/cnewa.org\/es\/donde-trabajamos\/noreste-de-africa\/egipto\/\" \/>\n<meta property=\"og:site_name\" content=\"CNEWA Espa\u00f1ol\" \/>\n<meta property=\"article:publisher\" content=\"https:\/\/www.facebook.com\/CNEWAenespanol\/\" \/>\n<meta property=\"article:modified_time\" content=\"2024-06-17T15:18:10+00:00\" \/>\n<meta property=\"og:image\" content=\"https:\/\/cnewa.org\/es\/wp-content\/uploads\/sites\/5\/2024\/04\/pickett20111_14L.jpg\" \/>\n\t<meta property=\"og:image:width\" content=\"537\" \/>\n\t<meta property=\"og:image:height\" content=\"357\" \/>\n\t<meta property=\"og:image:type\" content=\"image\/jpeg\" \/>\n<meta name=\"twitter:card\" content=\"summary_large_image\" \/>\n<meta name=\"twitter:label1\" content=\"Tiempo de lectura\" \/>\n\t<meta name=\"twitter:data1\" content=\"2 minutos\" \/>\n<script type=\"application\/ld+json\" class=\"yoast-schema-graph\">{\"@context\":\"https:\\\/\\\/schema.org\",\"@graph\":[{\"@type\":\"WebPage\",\"@id\":\"https:\\\/\\\/cnewa.org\\\/es\\\/donde-trabajamos\\\/noreste-de-africa\\\/egipto\\\/\",\"url\":\"https:\\\/\\\/cnewa.org\\\/es\\\/donde-trabajamos\\\/noreste-de-africa\\\/egipto\\\/\",\"name\":\"Egipto | CNEWA Espa\u00f1ol\",\"isPartOf\":{\"@id\":\"https:\\\/\\\/cnewa.org\\\/es\\\/#website\"},\"primaryImageOfPage\":{\"@id\":\"https:\\\/\\\/cnewa.org\\\/es\\\/donde-trabajamos\\\/noreste-de-africa\\\/egipto\\\/#primaryimage\"},\"image\":{\"@id\":\"https:\\\/\\\/cnewa.org\\\/es\\\/donde-trabajamos\\\/noreste-de-africa\\\/egipto\\\/#primaryimage\"},\"thumbnailUrl\":\"https:\\\/\\\/cnewa.org\\\/es\\\/wp-content\\\/uploads\\\/sites\\\/5\\\/2024\\\/04\\\/pickett20111_14L.jpg\",\"datePublished\":\"2024-04-11T18:20:47+00:00\",\"dateModified\":\"2024-06-17T15:18:10+00:00\",\"description\":\"Egipto enfrenta malestar social, inestabilidad pol\u00edtica y extremismo. Se han incendiado iglesias; cristianos han sido asesinados.\",\"breadcrumb\":{\"@id\":\"https:\\\/\\\/cnewa.org\\\/es\\\/donde-trabajamos\\\/noreste-de-africa\\\/egipto\\\/#breadcrumb\"},\"inLanguage\":\"es\",\"potentialAction\":[{\"@type\":\"ReadAction\",\"target\":[\"https:\\\/\\\/cnewa.org\\\/es\\\/donde-trabajamos\\\/noreste-de-africa\\\/egipto\\\/\"]}]},{\"@type\":\"ImageObject\",\"inLanguage\":\"es\",\"@id\":\"https:\\\/\\\/cnewa.org\\\/es\\\/donde-trabajamos\\\/noreste-de-africa\\\/egipto\\\/#primaryimage\",\"url\":\"https:\\\/\\\/cnewa.org\\\/es\\\/wp-content\\\/uploads\\\/sites\\\/5\\\/2024\\\/04\\\/pickett20111_14L.jpg\",\"contentUrl\":\"https:\\\/\\\/cnewa.org\\\/es\\\/wp-content\\\/uploads\\\/sites\\\/5\\\/2024\\\/04\\\/pickett20111_14L.jpg\",\"width\":537,\"height\":357,\"caption\":\"Una mujer reza en una iglesia de Deir Azra, un pueblo cristiano en el Alto Egipto. (foto: Holly Pickett)\"},{\"@type\":\"BreadcrumbList\",\"@id\":\"https:\\\/\\\/cnewa.org\\\/es\\\/donde-trabajamos\\\/noreste-de-africa\\\/egipto\\\/#breadcrumb\",\"itemListElement\":[{\"@type\":\"ListItem\",\"position\":1,\"name\":\"Inicio\",\"item\":\"https:\\\/\\\/cnewa.org\\\/es\\\/\"},{\"@type\":\"ListItem\",\"position\":2,\"name\":\"D\u00f3nde Trabajamos\",\"item\":\"https:\\\/\\\/cnewa.org\\\/es\\\/donde-trabajamos\\\/\"},{\"@type\":\"ListItem\",\"position\":3,\"name\":\"Noreste de \u00c1frica\",\"item\":\"https:\\\/\\\/cnewa.org\\\/es\\\/donde-trabajamos\\\/noreste-de-africa\\\/\"},{\"@type\":\"ListItem\",\"position\":4,\"name\":\"Egipto\"}]},{\"@type\":\"WebSite\",\"@id\":\"https:\\\/\\\/cnewa.org\\\/es\\\/#website\",\"url\":\"https:\\\/\\\/cnewa.org\\\/es\\\/\",\"name\":\"CNEWA Espa\u00f1ol\",\"description\":\"Asociaci\u00f3n Cat\u00f3lica para el Bienestar del Cercano Oriente\",\"publisher\":{\"@id\":\"https:\\\/\\\/cnewa.org\\\/es\\\/#organization\"},\"potentialAction\":[{\"@type\":\"SearchAction\",\"target\":{\"@type\":\"EntryPoint\",\"urlTemplate\":\"https:\\\/\\\/cnewa.org\\\/es\\\/?s={search_term_string}\"},\"query-input\":{\"@type\":\"PropertyValueSpecification\",\"valueRequired\":true,\"valueName\":\"search_term_string\"}}],\"inLanguage\":\"es\"},{\"@type\":\"Organization\",\"@id\":\"https:\\\/\\\/cnewa.org\\\/es\\\/#organization\",\"name\":\"CNEWA Espa\u00f1ol\",\"alternateName\":\"Asociaci\u00f3n Cat\u00f3lica para el Bienestar del Cercano Oriente\",\"url\":\"https:\\\/\\\/cnewa.org\\\/es\\\/\",\"logo\":{\"@type\":\"ImageObject\",\"inLanguage\":\"es\",\"@id\":\"https:\\\/\\\/cnewa.org\\\/es\\\/#\\\/schema\\\/logo\\\/image\\\/\",\"url\":\"https:\\\/\\\/cnewa.org\\\/es\\\/wp-content\\\/uploads\\\/sites\\\/5\\\/2021\\\/07\\\/CNEWA-brand-logo.png\",\"contentUrl\":\"https:\\\/\\\/cnewa.org\\\/es\\\/wp-content\\\/uploads\\\/sites\\\/5\\\/2021\\\/07\\\/CNEWA-brand-logo.png\",\"width\":1000,\"height\":1000,\"caption\":\"CNEWA Espa\u00f1ol\"},\"image\":{\"@id\":\"https:\\\/\\\/cnewa.org\\\/es\\\/#\\\/schema\\\/logo\\\/image\\\/\"},\"sameAs\":[\"https:\\\/\\\/www.facebook.com\\\/CNEWAenespanol\\\/\",\"https:\\\/\\\/www.instagram.com\\\/cnewa1926\\\/\",\"https:\\\/\\\/www.youtube.com\\\/user\\\/TheCNEWA\"]}]}<\/script>\n<!-- \/ Yoast SEO Premium plugin. -->","yoast_head_json":{"title":"Egipto | CNEWA Espa\u00f1ol","description":"Egipto enfrenta malestar social, inestabilidad pol\u00edtica y extremismo. Se han incendiado iglesias; cristianos han sido asesinados.","robots":{"index":"index","follow":"follow","max-snippet":"max-snippet:-1","max-image-preview":"max-image-preview:large","max-video-preview":"max-video-preview:-1"},"canonical":"https:\/\/cnewa.org\/es\/donde-trabajamos\/noreste-de-africa\/egipto\/","og_locale":"es_ES","og_type":"article","og_title":"Egipto","og_description":"Egipto enfrenta malestar social, inestabilidad pol\u00edtica y extremismo. Se han incendiado iglesias; cristianos han sido asesinados.","og_url":"https:\/\/cnewa.org\/es\/donde-trabajamos\/noreste-de-africa\/egipto\/","og_site_name":"CNEWA Espa\u00f1ol","article_publisher":"https:\/\/www.facebook.com\/CNEWAenespanol\/","article_modified_time":"2024-06-17T15:18:10+00:00","og_image":[{"width":537,"height":357,"url":"https:\/\/cnewa.org\/es\/wp-content\/uploads\/sites\/5\/2024\/04\/pickett20111_14L.jpg","type":"image\/jpeg"}],"twitter_card":"summary_large_image","twitter_misc":{"Tiempo de lectura":"2 minutos"},"schema":{"@context":"https:\/\/schema.org","@graph":[{"@type":"WebPage","@id":"https:\/\/cnewa.org\/es\/donde-trabajamos\/noreste-de-africa\/egipto\/","url":"https:\/\/cnewa.org\/es\/donde-trabajamos\/noreste-de-africa\/egipto\/","name":"Egipto | CNEWA Espa\u00f1ol","isPartOf":{"@id":"https:\/\/cnewa.org\/es\/#website"},"primaryImageOfPage":{"@id":"https:\/\/cnewa.org\/es\/donde-trabajamos\/noreste-de-africa\/egipto\/#primaryimage"},"image":{"@id":"https:\/\/cnewa.org\/es\/donde-trabajamos\/noreste-de-africa\/egipto\/#primaryimage"},"thumbnailUrl":"https:\/\/cnewa.org\/es\/wp-content\/uploads\/sites\/5\/2024\/04\/pickett20111_14L.jpg","datePublished":"2024-04-11T18:20:47+00:00","dateModified":"2024-06-17T15:18:10+00:00","description":"Egipto enfrenta malestar social, inestabilidad pol\u00edtica y extremismo. Se han incendiado iglesias; cristianos han sido asesinados.","breadcrumb":{"@id":"https:\/\/cnewa.org\/es\/donde-trabajamos\/noreste-de-africa\/egipto\/#breadcrumb"},"inLanguage":"es","potentialAction":[{"@type":"ReadAction","target":["https:\/\/cnewa.org\/es\/donde-trabajamos\/noreste-de-africa\/egipto\/"]}]},{"@type":"ImageObject","inLanguage":"es","@id":"https:\/\/cnewa.org\/es\/donde-trabajamos\/noreste-de-africa\/egipto\/#primaryimage","url":"https:\/\/cnewa.org\/es\/wp-content\/uploads\/sites\/5\/2024\/04\/pickett20111_14L.jpg","contentUrl":"https:\/\/cnewa.org\/es\/wp-content\/uploads\/sites\/5\/2024\/04\/pickett20111_14L.jpg","width":537,"height":357,"caption":"Una mujer reza en una iglesia de Deir Azra, un pueblo cristiano en el Alto Egipto. (foto: Holly Pickett)"},{"@type":"BreadcrumbList","@id":"https:\/\/cnewa.org\/es\/donde-trabajamos\/noreste-de-africa\/egipto\/#breadcrumb","itemListElement":[{"@type":"ListItem","position":1,"name":"Inicio","item":"https:\/\/cnewa.org\/es\/"},{"@type":"ListItem","position":2,"name":"D\u00f3nde Trabajamos","item":"https:\/\/cnewa.org\/es\/donde-trabajamos\/"},{"@type":"ListItem","position":3,"name":"Noreste de \u00c1frica","item":"https:\/\/cnewa.org\/es\/donde-trabajamos\/noreste-de-africa\/"},{"@type":"ListItem","position":4,"name":"Egipto"}]},{"@type":"WebSite","@id":"https:\/\/cnewa.org\/es\/#website","url":"https:\/\/cnewa.org\/es\/","name":"CNEWA Espa\u00f1ol","description":"Asociaci\u00f3n Cat\u00f3lica para el Bienestar del Cercano Oriente","publisher":{"@id":"https:\/\/cnewa.org\/es\/#organization"},"potentialAction":[{"@type":"SearchAction","target":{"@type":"EntryPoint","urlTemplate":"https:\/\/cnewa.org\/es\/?s={search_term_string}"},"query-input":{"@type":"PropertyValueSpecification","valueRequired":true,"valueName":"search_term_string"}}],"inLanguage":"es"},{"@type":"Organization","@id":"https:\/\/cnewa.org\/es\/#organization","name":"CNEWA Espa\u00f1ol","alternateName":"Asociaci\u00f3n Cat\u00f3lica para el Bienestar del Cercano Oriente","url":"https:\/\/cnewa.org\/es\/","logo":{"@type":"ImageObject","inLanguage":"es","@id":"https:\/\/cnewa.org\/es\/#\/schema\/logo\/image\/","url":"https:\/\/cnewa.org\/es\/wp-content\/uploads\/sites\/5\/2021\/07\/CNEWA-brand-logo.png","contentUrl":"https:\/\/cnewa.org\/es\/wp-content\/uploads\/sites\/5\/2021\/07\/CNEWA-brand-logo.png","width":1000,"height":1000,"caption":"CNEWA Espa\u00f1ol"},"image":{"@id":"https:\/\/cnewa.org\/es\/#\/schema\/logo\/image\/"},"sameAs":["https:\/\/www.facebook.com\/CNEWAenespanol\/","https:\/\/www.instagram.com\/cnewa1926\/","https:\/\/www.youtube.com\/user\/TheCNEWA"]}]}},"_links":{"self":[{"href":"https:\/\/cnewa.org\/es\/wp-json\/wp\/v2\/pages\/4933","targetHints":{"allow":["GET"]}}],"collection":[{"href":"https:\/\/cnewa.org\/es\/wp-json\/wp\/v2\/pages"}],"about":[{"href":"https:\/\/cnewa.org\/es\/wp-json\/wp\/v2\/types\/page"}],"author":[{"embeddable":true,"href":"https:\/\/cnewa.org\/es\/wp-json\/wp\/v2\/users\/70019"}],"replies":[{"embeddable":true,"href":"https:\/\/cnewa.org\/es\/wp-json\/wp\/v2\/comments?post=4933"}],"version-history":[{"count":2,"href":"https:\/\/cnewa.org\/es\/wp-json\/wp\/v2\/pages\/4933\/revisions"}],"predecessor-version":[{"id":5234,"href":"https:\/\/cnewa.org\/es\/wp-json\/wp\/v2\/pages\/4933\/revisions\/5234"}],"up":[{"embeddable":true,"href":"https:\/\/cnewa.org\/es\/wp-json\/wp\/v2\/pages\/154"}],"wp:featuredmedia":[{"embeddable":true,"href":"https:\/\/cnewa.org\/es\/wp-json\/wp\/v2\/media\/4932"}],"wp:attachment":[{"href":"https:\/\/cnewa.org\/es\/wp-json\/wp\/v2\/media?parent=4933"}],"curies":[{"name":"wp","href":"https:\/\/api.w.org\/{rel}","templated":true}]}}