{"id":4955,"date":"2024-04-16T14:52:43","date_gmt":"2024-04-16T18:52:43","guid":{"rendered":"https:\/\/cnewa.org\/es\/?page_id=4955"},"modified":"2024-06-17T11:17:44","modified_gmt":"2024-06-17T15:17:44","slug":"etiopia","status":"publish","type":"page","link":"https:\/\/cnewa.org\/es\/donde-trabajamos\/noreste-de-africa\/etiopia\/","title":{"rendered":"Etiop\u00eda"},"content":{"rendered":"\n<h2 class=\"wp-block-heading\" id=\"h-etiopia-la-unica-nacion-subsahariana-con-una-cultura-cristiana-que-data-de-los-primeros-dias-de-la-iglesia-enfrenta-los-efectos-de-una-guerra-civil-de-dos-anos-en-el-norte-y-un-aumento-alarmante-en-los-costos-de-los-alimentos-y-el-combustible-debido-a-la-guerra-en-curso-entre-rusia-y-ucrania\">Etiop\u00eda, la \u00fanica naci\u00f3n subsahariana con una cultura cristiana que data de los primeros d\u00edas de la iglesia, enfrenta los efectos de una guerra civil de dos a\u00f1os en el norte y un aumento alarmante en los costos de los alimentos y el combustible debido a la guerra en curso entre Rusia y Ucrania<\/h2>\n\n\n\n<p>Etiop\u00eda, uno de los pa\u00edses m\u00e1s pobres y poblados de \u00c1frica, vive por debajo del umbral de la pobreza. Unos 2,5 millones de personas en Tigray y las regiones vecinas necesitan ayuda humanitaria mientras la zona lucha por recuperarse del conflicto. M\u00e1s de 18.6 millones de ni\u00f1os necesitan tratamiento m\u00e9dico pues padecen enfermedades causadas por la desnutrici\u00f3n grave. Muchos et\u00edopes est\u00e1n huyendo del pa\u00eds. Se estima que hay 750.000 et\u00edopes en Arabia Saudita, seg\u00fan informes de la ONU.<\/p>\n\n\n\n<p>Los servicios b\u00e1sicos, como la electricidad, el suministro de combustible y las comunicaciones, no son adecuados. Muchas personas todav\u00eda se encuentran en situaciones de trauma por el impacto de la guerra, por lo que mientras se preparan para reanudar sus actividades, los servicios sociales como las escuelas, deben considerar el trauma de sus estudiantes y maestros para ayudarlos a adaptarse a su nueva realidad. Para muchos, la vida no ha vuelto a la normalidad: muchas personas desplazadas siguen en lugares temporalmente protegidos y las escuelas da\u00f1adas por la guerra a\u00fan no han sido rehabilitadas.<\/p>\n\n\n\n<p>Estos desaf\u00edos han afectado en gran medida el trabajo de CNEWA en el pa\u00eds, con un aumento de las solicitudes de apoyo de la oficina de CNEWA en Addis Abeba. Sin embargo, el tejido sociocultural y la fuerte fe entre las diversas denominaciones del pa\u00eds es de esperanza, la esperanza de la iglesia de responder a las exigentes necesidades de servicio pastoral y social de su pueblo.<\/p>\n\n\n\n<p>El apoyo de CNEWA a la iglesia local permite a la agencia responder a las necesidades pastorales y humanitarias en Etiop\u00eda.&nbsp;<\/p>\n\n\n\n<h4 class=\"wp-block-heading\" id=\"h-acompanando-a-la-iglesia\">Acompa\u00f1ando a la Iglesia<\/h4>\n\n\n\n<p>CNEWA centra su apoyo pastoral en fortalecer y asegurar la continuidad de los seminarios y noviciados, las capellan\u00edas universitarias, los programas de formaci\u00f3n de catequistas laicos, los programas de formaci\u00f3n familiar y los programas pastorales de la Conferencia de Superiores Religiosos Mayores (CMRS) a nivel nacional. El apoyo de CNEWA a la iglesia local incluye asistencia en la reparaci\u00f3n de instalaciones parroquiales da\u00f1adas por la edad, conflictos civiles o desastres naturales; la adquisici\u00f3n de libros y materiales lit\u00fargicos; e iniciativas de evangelizaci\u00f3n asistidas por los medios de comunicaci\u00f3n.<\/p>\n\n\n\n<figure class=\"wp-block-image size-large\"><img loading=\"lazy\" decoding=\"async\" width=\"1024\" height=\"683\" src=\"https:\/\/cnewa.org\/es\/wp-content\/uploads\/sites\/5\/2024\/04\/20230213T1630-HOLY-LAND-TOURISM-UKRAINE-WAR-1756098-1024x683.jpg\" alt=\"\" class=\"wp-image-4953\" srcset=\"https:\/\/cnewa.org\/es\/wp-content\/uploads\/sites\/5\/2024\/04\/20230213T1630-HOLY-LAND-TOURISM-UKRAINE-WAR-1756098-1024x683.jpg 1024w, https:\/\/cnewa.org\/es\/wp-content\/uploads\/sites\/5\/2024\/04\/20230213T1630-HOLY-LAND-TOURISM-UKRAINE-WAR-1756098-300x200.jpg 300w, https:\/\/cnewa.org\/es\/wp-content\/uploads\/sites\/5\/2024\/04\/20230213T1630-HOLY-LAND-TOURISM-UKRAINE-WAR-1756098-768x512.jpg 768w, https:\/\/cnewa.org\/es\/wp-content\/uploads\/sites\/5\/2024\/04\/20230213T1630-HOLY-LAND-TOURISM-UKRAINE-WAR-1756098-1600x1067.jpg 1600w, https:\/\/cnewa.org\/es\/wp-content\/uploads\/sites\/5\/2024\/04\/20230213T1630-HOLY-LAND-TOURISM-UKRAINE-WAR-1756098-1536x1024.jpg 1536w, https:\/\/cnewa.org\/es\/wp-content\/uploads\/sites\/5\/2024\/04\/20230213T1630-HOLY-LAND-TOURISM-UKRAINE-WAR-1756098.jpg 1800w\" sizes=\"auto, (max-width: 1024px) 100vw, 1024px\" \/><figcaption class=\"wp-element-caption\">Cristianos ortodoxos et\u00edopes rezan en una capilla ortodoxa cerca del Monte de los Olivos en Jerusal\u00e9n el 29 de enero. (foto: OSV News\/Tom Tracy)<\/figcaption><\/figure>\n\n\n\n<h4 class=\"wp-block-heading\" id=\"h-respondiendo-a-las-necesidades-humanas\">Respondiendo a las necesidades humanas<\/h4>\n\n\n\n<p>Debido al impacto del prolongado conflicto en la regi\u00f3n de Tigray y otras partes del pa\u00eds, la peor sequ\u00eda en d\u00e9cadas y la crisis econ\u00f3mica, CNEWA ha recibido un aumento en las solicitudes de asistencia humanitaria y para la financiaci\u00f3n de apoyo nutricional para ni\u00f1os de escuelas primarias, para el suministro de materiales educativos y para el acceso a las instalaciones educativas; asimismo, para el acceso a un suministro de agua para las guarder\u00edas y asistencia alimentaria para las personas mayores. CNEWA apoya iniciativas de cuidado infantil como escuelas, hogares infantiles, programas de nutrici\u00f3n, centros para ni\u00f1os con discapacidades f\u00edsicas y residencias para ni\u00f1os con necesidades especiales. CNEWA tambi\u00e9n colabora con instituciones que proporcionan formaci\u00f3n y educaci\u00f3n a los presos bajo la capellan\u00eda para prisiones de la Arquidi\u00f3cesis de Addis Abeba, satisfaciendo las necesidades b\u00e1sicas de los refugiados urbanos a trav\u00e9s del Centro Urbano del JRS y ofreciendo apoyo alimentario a las personas mayores en las zonas remotas del sur de Etiop\u00eda.&nbsp;<\/p>\n\n\n\n<figure class=\"wp-block-image size-large\"><img loading=\"lazy\" decoding=\"async\" width=\"1024\" height=\"683\" src=\"https:\/\/cnewa.org\/es\/wp-content\/uploads\/sites\/5\/2024\/04\/wiggers20171_020H-1024x683.jpg\" alt=\"\" class=\"wp-image-4952\" srcset=\"https:\/\/cnewa.org\/es\/wp-content\/uploads\/sites\/5\/2024\/04\/wiggers20171_020H-1024x683.jpg 1024w, https:\/\/cnewa.org\/es\/wp-content\/uploads\/sites\/5\/2024\/04\/wiggers20171_020H-300x200.jpg 300w, https:\/\/cnewa.org\/es\/wp-content\/uploads\/sites\/5\/2024\/04\/wiggers20171_020H-768x512.jpg 768w, https:\/\/cnewa.org\/es\/wp-content\/uploads\/sites\/5\/2024\/04\/wiggers20171_020H-1600x1067.jpg 1600w, https:\/\/cnewa.org\/es\/wp-content\/uploads\/sites\/5\/2024\/04\/wiggers20171_020H-1536x1024.jpg 1536w, https:\/\/cnewa.org\/es\/wp-content\/uploads\/sites\/5\/2024\/04\/wiggers20171_020H.jpg 1800w\" sizes=\"auto, (max-width: 1024px) 100vw, 1024px\" \/><figcaption class=\"wp-element-caption\">Estudiantes en la regi\u00f3n de Tigray, en el norte de Etiop\u00eda. (foto: Petterik Wiggers)<\/figcaption><\/figure>\n\n\n  <div class=\"donate-button\" id=\"minor-fund-campaign\">\n    <button class=\"donate-modal-toggle\" data-minor-fund='Etiop\u00eda' data-minor-fund-code='DF'>DONE A ETIOP\u00cdA<\/button>\n  <\/div>\n  ","protected":false},"excerpt":{"rendered":"<p>Etiop\u00eda, la \u00fanica naci\u00f3n subsahariana con una cultura cristiana que data de los primeros d\u00edas de la iglesia, enfrenta los efectos de una guerra civil de dos a\u00f1os en el norte y un aumento alarmante en los costos de los alimentos y el combustible debido a la guerra en curso entre Rusia y Ucrania Etiop\u00eda, &hellip; <a href=\"https:\/\/cnewa.org\/es\/donde-trabajamos\/noreste-de-africa\/etiopia\/\">Continued<\/a><\/p>\n","protected":false},"author":70019,"featured_media":4954,"parent":154,"menu_order":0,"comment_status":"closed","ping_status":"closed","template":"","meta":{"_acf_changed":false,"footnotes":""},"class_list":["post-4955","page","type-page","status-publish","has-post-thumbnail","hentry"],"acf":[],"yoast_head":"<!-- This site is optimized with the Yoast SEO Premium plugin v27.3 (Yoast SEO v27.3) - https:\/\/yoast.com\/product\/yoast-seo-premium-wordpress\/ -->\n<title>Etiop\u00eda | CNEWA Espa\u00f1ol<\/title>\n<meta name=\"description\" content=\"El apoyo de CNEWA a la iglesia local responde a las necesidades pastorales y humanitarias en Etiop\u00eda, uno de los pa\u00edses m\u00e1s pobres de \u00c1frica.\" \/>\n<meta name=\"robots\" content=\"index, follow, max-snippet:-1, max-image-preview:large, max-video-preview:-1\" \/>\n<link rel=\"canonical\" href=\"https:\/\/cnewa.org\/es\/donde-trabajamos\/noreste-de-africa\/etiopia\/\" \/>\n<meta property=\"og:locale\" content=\"es_ES\" \/>\n<meta property=\"og:type\" content=\"article\" \/>\n<meta property=\"og:title\" content=\"Etiop\u00eda\" \/>\n<meta property=\"og:description\" content=\"El apoyo de CNEWA a la iglesia local responde a las necesidades pastorales y humanitarias en Etiop\u00eda, uno de los pa\u00edses m\u00e1s pobres de \u00c1frica.\" \/>\n<meta property=\"og:url\" content=\"https:\/\/cnewa.org\/es\/donde-trabajamos\/noreste-de-africa\/etiopia\/\" \/>\n<meta property=\"og:site_name\" content=\"CNEWA Espa\u00f1ol\" \/>\n<meta property=\"article:publisher\" content=\"https:\/\/www.facebook.com\/CNEWAenespanol\/\" \/>\n<meta property=\"article:modified_time\" content=\"2024-06-17T15:17:44+00:00\" \/>\n<meta property=\"og:image\" content=\"https:\/\/cnewa.org\/es\/wp-content\/uploads\/sites\/5\/2024\/04\/wiggers33640_089H.jpg\" \/>\n\t<meta property=\"og:image:width\" content=\"1800\" \/>\n\t<meta property=\"og:image:height\" content=\"1200\" \/>\n\t<meta property=\"og:image:type\" content=\"image\/jpeg\" \/>\n<meta name=\"twitter:card\" content=\"summary_large_image\" \/>\n<meta name=\"twitter:label1\" content=\"Tiempo de lectura\" \/>\n\t<meta name=\"twitter:data1\" content=\"4 minutos\" \/>\n<script type=\"application\/ld+json\" class=\"yoast-schema-graph\">{\"@context\":\"https:\\\/\\\/schema.org\",\"@graph\":[{\"@type\":\"WebPage\",\"@id\":\"https:\\\/\\\/cnewa.org\\\/es\\\/donde-trabajamos\\\/noreste-de-africa\\\/etiopia\\\/\",\"url\":\"https:\\\/\\\/cnewa.org\\\/es\\\/donde-trabajamos\\\/noreste-de-africa\\\/etiopia\\\/\",\"name\":\"Etiop\u00eda | CNEWA Espa\u00f1ol\",\"isPartOf\":{\"@id\":\"https:\\\/\\\/cnewa.org\\\/es\\\/#website\"},\"primaryImageOfPage\":{\"@id\":\"https:\\\/\\\/cnewa.org\\\/es\\\/donde-trabajamos\\\/noreste-de-africa\\\/etiopia\\\/#primaryimage\"},\"image\":{\"@id\":\"https:\\\/\\\/cnewa.org\\\/es\\\/donde-trabajamos\\\/noreste-de-africa\\\/etiopia\\\/#primaryimage\"},\"thumbnailUrl\":\"https:\\\/\\\/cnewa.org\\\/es\\\/wp-content\\\/uploads\\\/sites\\\/5\\\/2024\\\/04\\\/wiggers33640_089H.jpg\",\"datePublished\":\"2024-04-16T18:52:43+00:00\",\"dateModified\":\"2024-06-17T15:17:44+00:00\",\"description\":\"El apoyo de CNEWA a la iglesia local responde a las necesidades pastorales y humanitarias en Etiop\u00eda, uno de los pa\u00edses m\u00e1s pobres de \u00c1frica.\",\"breadcrumb\":{\"@id\":\"https:\\\/\\\/cnewa.org\\\/es\\\/donde-trabajamos\\\/noreste-de-africa\\\/etiopia\\\/#breadcrumb\"},\"inLanguage\":\"es\",\"potentialAction\":[{\"@type\":\"ReadAction\",\"target\":[\"https:\\\/\\\/cnewa.org\\\/es\\\/donde-trabajamos\\\/noreste-de-africa\\\/etiopia\\\/\"]}]},{\"@type\":\"ImageObject\",\"inLanguage\":\"es\",\"@id\":\"https:\\\/\\\/cnewa.org\\\/es\\\/donde-trabajamos\\\/noreste-de-africa\\\/etiopia\\\/#primaryimage\",\"url\":\"https:\\\/\\\/cnewa.org\\\/es\\\/wp-content\\\/uploads\\\/sites\\\/5\\\/2024\\\/04\\\/wiggers33640_089H.jpg\",\"contentUrl\":\"https:\\\/\\\/cnewa.org\\\/es\\\/wp-content\\\/uploads\\\/sites\\\/5\\\/2024\\\/04\\\/wiggers33640_089H.jpg\",\"width\":1800,\"height\":1200,\"caption\":\"Et\u00edopes durante Meskel, una festividad cristiana en las iglesias ortodoxa et\u00edope y ortodoxa eritrea, en 2007. (foto: Petterik Wiggers)\"},{\"@type\":\"BreadcrumbList\",\"@id\":\"https:\\\/\\\/cnewa.org\\\/es\\\/donde-trabajamos\\\/noreste-de-africa\\\/etiopia\\\/#breadcrumb\",\"itemListElement\":[{\"@type\":\"ListItem\",\"position\":1,\"name\":\"Inicio\",\"item\":\"https:\\\/\\\/cnewa.org\\\/es\\\/\"},{\"@type\":\"ListItem\",\"position\":2,\"name\":\"D\u00f3nde Trabajamos\",\"item\":\"https:\\\/\\\/cnewa.org\\\/es\\\/donde-trabajamos\\\/\"},{\"@type\":\"ListItem\",\"position\":3,\"name\":\"Noreste de \u00c1frica\",\"item\":\"https:\\\/\\\/cnewa.org\\\/es\\\/donde-trabajamos\\\/noreste-de-africa\\\/\"},{\"@type\":\"ListItem\",\"position\":4,\"name\":\"Etiop\u00eda\"}]},{\"@type\":\"WebSite\",\"@id\":\"https:\\\/\\\/cnewa.org\\\/es\\\/#website\",\"url\":\"https:\\\/\\\/cnewa.org\\\/es\\\/\",\"name\":\"CNEWA Espa\u00f1ol\",\"description\":\"Asociaci\u00f3n Cat\u00f3lica para el Bienestar del Cercano Oriente\",\"publisher\":{\"@id\":\"https:\\\/\\\/cnewa.org\\\/es\\\/#organization\"},\"potentialAction\":[{\"@type\":\"SearchAction\",\"target\":{\"@type\":\"EntryPoint\",\"urlTemplate\":\"https:\\\/\\\/cnewa.org\\\/es\\\/?s={search_term_string}\"},\"query-input\":{\"@type\":\"PropertyValueSpecification\",\"valueRequired\":true,\"valueName\":\"search_term_string\"}}],\"inLanguage\":\"es\"},{\"@type\":\"Organization\",\"@id\":\"https:\\\/\\\/cnewa.org\\\/es\\\/#organization\",\"name\":\"CNEWA Espa\u00f1ol\",\"alternateName\":\"Asociaci\u00f3n Cat\u00f3lica para el Bienestar del Cercano Oriente\",\"url\":\"https:\\\/\\\/cnewa.org\\\/es\\\/\",\"logo\":{\"@type\":\"ImageObject\",\"inLanguage\":\"es\",\"@id\":\"https:\\\/\\\/cnewa.org\\\/es\\\/#\\\/schema\\\/logo\\\/image\\\/\",\"url\":\"https:\\\/\\\/cnewa.org\\\/es\\\/wp-content\\\/uploads\\\/sites\\\/5\\\/2021\\\/07\\\/CNEWA-brand-logo.png\",\"contentUrl\":\"https:\\\/\\\/cnewa.org\\\/es\\\/wp-content\\\/uploads\\\/sites\\\/5\\\/2021\\\/07\\\/CNEWA-brand-logo.png\",\"width\":1000,\"height\":1000,\"caption\":\"CNEWA Espa\u00f1ol\"},\"image\":{\"@id\":\"https:\\\/\\\/cnewa.org\\\/es\\\/#\\\/schema\\\/logo\\\/image\\\/\"},\"sameAs\":[\"https:\\\/\\\/www.facebook.com\\\/CNEWAenespanol\\\/\",\"https:\\\/\\\/www.instagram.com\\\/cnewa1926\\\/\",\"https:\\\/\\\/www.youtube.com\\\/user\\\/TheCNEWA\"]}]}<\/script>\n<!-- \/ Yoast SEO Premium plugin. -->","yoast_head_json":{"title":"Etiop\u00eda | CNEWA Espa\u00f1ol","description":"El apoyo de CNEWA a la iglesia local responde a las necesidades pastorales y humanitarias en Etiop\u00eda, uno de los pa\u00edses m\u00e1s pobres de \u00c1frica.","robots":{"index":"index","follow":"follow","max-snippet":"max-snippet:-1","max-image-preview":"max-image-preview:large","max-video-preview":"max-video-preview:-1"},"canonical":"https:\/\/cnewa.org\/es\/donde-trabajamos\/noreste-de-africa\/etiopia\/","og_locale":"es_ES","og_type":"article","og_title":"Etiop\u00eda","og_description":"El apoyo de CNEWA a la iglesia local responde a las necesidades pastorales y humanitarias en Etiop\u00eda, uno de los pa\u00edses m\u00e1s pobres de \u00c1frica.","og_url":"https:\/\/cnewa.org\/es\/donde-trabajamos\/noreste-de-africa\/etiopia\/","og_site_name":"CNEWA Espa\u00f1ol","article_publisher":"https:\/\/www.facebook.com\/CNEWAenespanol\/","article_modified_time":"2024-06-17T15:17:44+00:00","og_image":[{"width":1800,"height":1200,"url":"https:\/\/cnewa.org\/es\/wp-content\/uploads\/sites\/5\/2024\/04\/wiggers33640_089H.jpg","type":"image\/jpeg"}],"twitter_card":"summary_large_image","twitter_misc":{"Tiempo de lectura":"4 minutos"},"schema":{"@context":"https:\/\/schema.org","@graph":[{"@type":"WebPage","@id":"https:\/\/cnewa.org\/es\/donde-trabajamos\/noreste-de-africa\/etiopia\/","url":"https:\/\/cnewa.org\/es\/donde-trabajamos\/noreste-de-africa\/etiopia\/","name":"Etiop\u00eda | CNEWA Espa\u00f1ol","isPartOf":{"@id":"https:\/\/cnewa.org\/es\/#website"},"primaryImageOfPage":{"@id":"https:\/\/cnewa.org\/es\/donde-trabajamos\/noreste-de-africa\/etiopia\/#primaryimage"},"image":{"@id":"https:\/\/cnewa.org\/es\/donde-trabajamos\/noreste-de-africa\/etiopia\/#primaryimage"},"thumbnailUrl":"https:\/\/cnewa.org\/es\/wp-content\/uploads\/sites\/5\/2024\/04\/wiggers33640_089H.jpg","datePublished":"2024-04-16T18:52:43+00:00","dateModified":"2024-06-17T15:17:44+00:00","description":"El apoyo de CNEWA a la iglesia local responde a las necesidades pastorales y humanitarias en Etiop\u00eda, uno de los pa\u00edses m\u00e1s pobres de \u00c1frica.","breadcrumb":{"@id":"https:\/\/cnewa.org\/es\/donde-trabajamos\/noreste-de-africa\/etiopia\/#breadcrumb"},"inLanguage":"es","potentialAction":[{"@type":"ReadAction","target":["https:\/\/cnewa.org\/es\/donde-trabajamos\/noreste-de-africa\/etiopia\/"]}]},{"@type":"ImageObject","inLanguage":"es","@id":"https:\/\/cnewa.org\/es\/donde-trabajamos\/noreste-de-africa\/etiopia\/#primaryimage","url":"https:\/\/cnewa.org\/es\/wp-content\/uploads\/sites\/5\/2024\/04\/wiggers33640_089H.jpg","contentUrl":"https:\/\/cnewa.org\/es\/wp-content\/uploads\/sites\/5\/2024\/04\/wiggers33640_089H.jpg","width":1800,"height":1200,"caption":"Et\u00edopes durante Meskel, una festividad cristiana en las iglesias ortodoxa et\u00edope y ortodoxa eritrea, en 2007. (foto: Petterik Wiggers)"},{"@type":"BreadcrumbList","@id":"https:\/\/cnewa.org\/es\/donde-trabajamos\/noreste-de-africa\/etiopia\/#breadcrumb","itemListElement":[{"@type":"ListItem","position":1,"name":"Inicio","item":"https:\/\/cnewa.org\/es\/"},{"@type":"ListItem","position":2,"name":"D\u00f3nde Trabajamos","item":"https:\/\/cnewa.org\/es\/donde-trabajamos\/"},{"@type":"ListItem","position":3,"name":"Noreste de \u00c1frica","item":"https:\/\/cnewa.org\/es\/donde-trabajamos\/noreste-de-africa\/"},{"@type":"ListItem","position":4,"name":"Etiop\u00eda"}]},{"@type":"WebSite","@id":"https:\/\/cnewa.org\/es\/#website","url":"https:\/\/cnewa.org\/es\/","name":"CNEWA Espa\u00f1ol","description":"Asociaci\u00f3n Cat\u00f3lica para el Bienestar del Cercano Oriente","publisher":{"@id":"https:\/\/cnewa.org\/es\/#organization"},"potentialAction":[{"@type":"SearchAction","target":{"@type":"EntryPoint","urlTemplate":"https:\/\/cnewa.org\/es\/?s={search_term_string}"},"query-input":{"@type":"PropertyValueSpecification","valueRequired":true,"valueName":"search_term_string"}}],"inLanguage":"es"},{"@type":"Organization","@id":"https:\/\/cnewa.org\/es\/#organization","name":"CNEWA Espa\u00f1ol","alternateName":"Asociaci\u00f3n Cat\u00f3lica para el Bienestar del Cercano Oriente","url":"https:\/\/cnewa.org\/es\/","logo":{"@type":"ImageObject","inLanguage":"es","@id":"https:\/\/cnewa.org\/es\/#\/schema\/logo\/image\/","url":"https:\/\/cnewa.org\/es\/wp-content\/uploads\/sites\/5\/2021\/07\/CNEWA-brand-logo.png","contentUrl":"https:\/\/cnewa.org\/es\/wp-content\/uploads\/sites\/5\/2021\/07\/CNEWA-brand-logo.png","width":1000,"height":1000,"caption":"CNEWA Espa\u00f1ol"},"image":{"@id":"https:\/\/cnewa.org\/es\/#\/schema\/logo\/image\/"},"sameAs":["https:\/\/www.facebook.com\/CNEWAenespanol\/","https:\/\/www.instagram.com\/cnewa1926\/","https:\/\/www.youtube.com\/user\/TheCNEWA"]}]}},"_links":{"self":[{"href":"https:\/\/cnewa.org\/es\/wp-json\/wp\/v2\/pages\/4955","targetHints":{"allow":["GET"]}}],"collection":[{"href":"https:\/\/cnewa.org\/es\/wp-json\/wp\/v2\/pages"}],"about":[{"href":"https:\/\/cnewa.org\/es\/wp-json\/wp\/v2\/types\/page"}],"author":[{"embeddable":true,"href":"https:\/\/cnewa.org\/es\/wp-json\/wp\/v2\/users\/70019"}],"replies":[{"embeddable":true,"href":"https:\/\/cnewa.org\/es\/wp-json\/wp\/v2\/comments?post=4955"}],"version-history":[{"count":2,"href":"https:\/\/cnewa.org\/es\/wp-json\/wp\/v2\/pages\/4955\/revisions"}],"predecessor-version":[{"id":5233,"href":"https:\/\/cnewa.org\/es\/wp-json\/wp\/v2\/pages\/4955\/revisions\/5233"}],"up":[{"embeddable":true,"href":"https:\/\/cnewa.org\/es\/wp-json\/wp\/v2\/pages\/154"}],"wp:featuredmedia":[{"embeddable":true,"href":"https:\/\/cnewa.org\/es\/wp-json\/wp\/v2\/media\/4954"}],"wp:attachment":[{"href":"https:\/\/cnewa.org\/es\/wp-json\/wp\/v2\/media?parent=4955"}],"curies":[{"name":"wp","href":"https:\/\/api.w.org\/{rel}","templated":true}]}}