{"id":4959,"date":"2024-04-17T10:04:01","date_gmt":"2024-04-17T14:04:01","guid":{"rendered":"https:\/\/cnewa.org\/es\/?page_id=4959"},"modified":"2024-04-17T10:04:02","modified_gmt":"2024-04-17T14:04:02","slug":"eritrea","status":"publish","type":"page","link":"https:\/\/cnewa.org\/es\/donde-trabajamos\/noreste-de-africa\/eritrea\/","title":{"rendered":"Eritrea"},"content":{"rendered":"\n<h2 class=\"wp-block-heading\" id=\"h-el-cristianismo-en-el-noreste-de-africa-se-remonta-a-los-primeros-dias-de-la-iglesia-aunque-se-encontraba-lejos-de-los-centros-de-la-iglesia-en-el-mundo-mediterraneo-la-iglesia-en-el-cuerno-de-africa-llamada-abisinia-no-estaba-aislada-de-otras-comunidades-cristianas-particularmente-las-de-egipto-y-tierra-santa-nbsp\">El cristianismo en el noreste de \u00c1frica se remonta a los primeros d\u00edas de la iglesia. Aunque se encontraba lejos de los centros de la iglesia en el mundo mediterr\u00e1neo, la iglesia en el Cuerno de \u00c1frica, llamada Abisinia, no estaba aislada de otras comunidades cristianas, particularmente las de Egipto y Tierra Santa.&nbsp;<\/h2>\n\n\n\n<p>El moderno estado-naci\u00f3n de Eritrea, que libr\u00f3 una larga y amarga guerra con Etiop\u00eda para lograr su independencia, data de 1993. La Iglesia cat\u00f3lica de Eritrea comparte las tradiciones ge&#8217;ez de las iglesias dominantes ortodoxa tewahedo y cat\u00f3lica en Eritrea y Etiop\u00eda, y fue establecida por el Papa Francisco como una iglesia aut\u00f3noma y metropolitana dentro de la comuni\u00f3n cat\u00f3lica de iglesias en 2015.&nbsp;<\/p>\n\n\n\n<p>CNEWA ha desempe\u00f1ado durante mucho tiempo un papel importante en el desarrollo de la iglesia cat\u00f3lica eritrea, colaborando con sus l\u00edderes poco despu\u00e9s de la independencia para reconstruir, restaurar y renovar sus escuelas, parroquias, servicios sociales y vida espiritual.&nbsp;<\/p>\n\n\n\n<p>Gracias a ustedes, CNEWA apoy\u00f3 la formaci\u00f3n de sus sacerdotes, religiosos, religiosas y l\u00edderes laicos.<\/p>\n\n\n\n<p>Gracias a ustedes, CNEWA se convirti\u00f3 en un salvavidas para decenas de miles de ni\u00f1os inscritos en escuelas y programas de cuidado infantil, proporcionando alimentos, refugio, lecciones, asesoramiento y crianza.<\/p>\n\n\n\n<p>Gracias a ustedes, CNEWA patrocin\u00f3 iniciativas de atenci\u00f3n m\u00e9dica m\u00f3viles y parroquiales, particularmente entre aquellos que viven en \u00e1reas remotas y de dif\u00edcil acceso del pa\u00eds.<\/p>\n\n\n\n<p>Lamentablemente, gran parte de ese trabajo ha quedado atr\u00e1s, ya que el estado nacionaliz\u00f3 los 29 programas de atenci\u00f3n m\u00e9dica y 4 escuelas secundarias de la iglesia en el 2019; y 71 jardines de infantes, 36 escuelas primarias y 13 escuelas intermedias y 2 escuelas t\u00e9cnicas a fines del 2022. Todos estos programas serv\u00edan a todos los eritreos, independientemente de su origen \u00e9tnico, cultural o religioso.<\/p>\n\n\n\n<p>Pero eso no significa que la iglesia est\u00e9 acabada, que sin sus escuelas, cl\u00ednicas y programas de servicio social no exista. La Iglesia es el cuerpo de Cristo, formado por hombres y mujeres, j\u00f3venes y ancianos que viven la alegr\u00eda del Evangelio con su compromiso de amar a Dios y a los dem\u00e1s. La iglesia no cierra ni puede cerrar sus puertas a los que vienen a pedir ayuda. Siempre, la respuesta debe ser: \u201c\u00bfc\u00f3mo podemos ayudar?\u201d<\/p>\n\n\n\n<p>El papel de CNEWA en Eritrea contin\u00faa, por lo tanto, desde su apoyo a los programas de formaci\u00f3n para hombres y mujeres como fieles disc\u00edpulos y ap\u00f3stoles de Jes\u00fas, como los seminarios mayores y menores y los programas de noviciado y catequistas laicos, hasta el ofrecimiento de asistencia humanitaria de todo tipo a nivel parroquial.&nbsp;<\/p>\n\n\n\n<p>Por favor, \u00fanase a nosotros con sus generosas oraciones y donaciones que pueden cambiar un peque\u00f1o rinc\u00f3n de nuestro mundo, una vida a la vez. Por todo lo que puedan dar, se lo agradecemos. Su consideraci\u00f3n ser\u00e1 recordada en las oraciones de todos nosotros en CNEWA, y por aquellos a quienes servimos.<\/p>\n\n\n\n<p><\/p>\n","protected":false},"excerpt":{"rendered":"<p>El cristianismo en el noreste de \u00c1frica se remonta a los primeros d\u00edas de la iglesia. Aunque se encontraba lejos de los centros de la iglesia en el mundo mediterr\u00e1neo, la iglesia en el Cuerno de \u00c1frica, llamada Abisinia, no estaba aislada de otras comunidades cristianas, particularmente las de Egipto y Tierra Santa.&nbsp; El moderno &hellip; <a href=\"https:\/\/cnewa.org\/es\/donde-trabajamos\/noreste-de-africa\/eritrea\/\">Continued<\/a><\/p>\n","protected":false},"author":70019,"featured_media":4958,"parent":154,"menu_order":0,"comment_status":"closed","ping_status":"closed","template":"","meta":{"_acf_changed":false,"footnotes":""},"class_list":["post-4959","page","type-page","status-publish","has-post-thumbnail","hentry"],"acf":[],"yoast_head":"<!-- This site is optimized with the Yoast SEO Premium plugin v27.2 (Yoast SEO v27.2) - https:\/\/yoast.com\/product\/yoast-seo-premium-wordpress\/ -->\n<title>Eritrea | CNEWA Espa\u00f1ol<\/title>\n<meta name=\"description\" content=\"El moderno estado-naci\u00f3n de Eritrea, que libr\u00f3 una larga y amarga guerra con Etiop\u00eda para lograr su independencia, data de 1993.\" \/>\n<meta name=\"robots\" content=\"index, follow, max-snippet:-1, max-image-preview:large, max-video-preview:-1\" \/>\n<link rel=\"canonical\" href=\"https:\/\/cnewa.org\/es\/donde-trabajamos\/noreste-de-africa\/eritrea\/\" \/>\n<meta property=\"og:locale\" content=\"es_ES\" \/>\n<meta property=\"og:type\" content=\"article\" \/>\n<meta property=\"og:title\" content=\"Eritrea\" \/>\n<meta property=\"og:description\" content=\"El moderno estado-naci\u00f3n de Eritrea, que libr\u00f3 una larga y amarga guerra con Etiop\u00eda para lograr su independencia, data de 1993.\" \/>\n<meta property=\"og:url\" content=\"https:\/\/cnewa.org\/es\/donde-trabajamos\/noreste-de-africa\/eritrea\/\" \/>\n<meta property=\"og:site_name\" content=\"CNEWA Espa\u00f1ol\" \/>\n<meta property=\"article:publisher\" content=\"https:\/\/www.facebook.com\/CNEWAenespanol\/\" \/>\n<meta property=\"article:modified_time\" content=\"2024-04-17T14:04:02+00:00\" \/>\n<meta property=\"og:image\" content=\"https:\/\/cnewa.org\/es\/wp-content\/uploads\/sites\/5\/2024\/04\/kozar20152_567H-1.jpg\" \/>\n\t<meta property=\"og:image:width\" content=\"1800\" \/>\n\t<meta property=\"og:image:height\" content=\"1200\" \/>\n\t<meta property=\"og:image:type\" content=\"image\/jpeg\" \/>\n<meta name=\"twitter:card\" content=\"summary_large_image\" \/>\n<meta name=\"twitter:label1\" content=\"Tiempo de lectura\" \/>\n\t<meta name=\"twitter:data1\" content=\"1 minuto\" \/>\n<script type=\"application\/ld+json\" class=\"yoast-schema-graph\">{\"@context\":\"https:\/\/schema.org\",\"@graph\":[{\"@type\":\"WebPage\",\"@id\":\"https:\/\/cnewa.org\/es\/donde-trabajamos\/noreste-de-africa\/eritrea\/\",\"url\":\"https:\/\/cnewa.org\/es\/donde-trabajamos\/noreste-de-africa\/eritrea\/\",\"name\":\"Eritrea | CNEWA Espa\u00f1ol\",\"isPartOf\":{\"@id\":\"https:\/\/cnewa.org\/es\/#website\"},\"primaryImageOfPage\":{\"@id\":\"https:\/\/cnewa.org\/es\/donde-trabajamos\/noreste-de-africa\/eritrea\/#primaryimage\"},\"image\":{\"@id\":\"https:\/\/cnewa.org\/es\/donde-trabajamos\/noreste-de-africa\/eritrea\/#primaryimage\"},\"thumbnailUrl\":\"https:\/\/cnewa.org\/es\/wp-content\/uploads\/sites\/5\/2024\/04\/kozar20152_567H-1.jpg\",\"datePublished\":\"2024-04-17T14:04:01+00:00\",\"dateModified\":\"2024-04-17T14:04:02+00:00\",\"description\":\"El moderno estado-naci\u00f3n de Eritrea, que libr\u00f3 una larga y amarga guerra con Etiop\u00eda para lograr su independencia, data de 1993.\",\"breadcrumb\":{\"@id\":\"https:\/\/cnewa.org\/es\/donde-trabajamos\/noreste-de-africa\/eritrea\/#breadcrumb\"},\"inLanguage\":\"es\",\"potentialAction\":[{\"@type\":\"ReadAction\",\"target\":[\"https:\/\/cnewa.org\/es\/donde-trabajamos\/noreste-de-africa\/eritrea\/\"]}]},{\"@type\":\"ImageObject\",\"inLanguage\":\"es\",\"@id\":\"https:\/\/cnewa.org\/es\/donde-trabajamos\/noreste-de-africa\/eritrea\/#primaryimage\",\"url\":\"https:\/\/cnewa.org\/es\/wp-content\/uploads\/sites\/5\/2024\/04\/kozar20152_567H-1.jpg\",\"contentUrl\":\"https:\/\/cnewa.org\/es\/wp-content\/uploads\/sites\/5\/2024\/04\/kozar20152_567H-1.jpg\",\"width\":1800,\"height\":1200,\"caption\":\"Novicias de la iglesia cat\u00f3lica eritrea saludan a Mons. Kozar en su visita pastoral de abril de 2015. (foto: John E. Kozar\/CNEWA)\"},{\"@type\":\"BreadcrumbList\",\"@id\":\"https:\/\/cnewa.org\/es\/donde-trabajamos\/noreste-de-africa\/eritrea\/#breadcrumb\",\"itemListElement\":[{\"@type\":\"ListItem\",\"position\":1,\"name\":\"Inicio\",\"item\":\"https:\/\/cnewa.org\/es\/\"},{\"@type\":\"ListItem\",\"position\":2,\"name\":\"D\u00f3nde Trabajamos\",\"item\":\"https:\/\/cnewa.org\/es\/donde-trabajamos\/\"},{\"@type\":\"ListItem\",\"position\":3,\"name\":\"Noreste de \u00c1frica\",\"item\":\"https:\/\/cnewa.org\/es\/donde-trabajamos\/noreste-de-africa\/\"},{\"@type\":\"ListItem\",\"position\":4,\"name\":\"Eritrea\"}]},{\"@type\":\"WebSite\",\"@id\":\"https:\/\/cnewa.org\/es\/#website\",\"url\":\"https:\/\/cnewa.org\/es\/\",\"name\":\"CNEWA Espa\u00f1ol\",\"description\":\"Asociaci\u00f3n Cat\u00f3lica para el Bienestar del Cercano Oriente\",\"publisher\":{\"@id\":\"https:\/\/cnewa.org\/es\/#organization\"},\"potentialAction\":[{\"@type\":\"SearchAction\",\"target\":{\"@type\":\"EntryPoint\",\"urlTemplate\":\"https:\/\/cnewa.org\/es\/?s={search_term_string}\"},\"query-input\":{\"@type\":\"PropertyValueSpecification\",\"valueRequired\":true,\"valueName\":\"search_term_string\"}}],\"inLanguage\":\"es\"},{\"@type\":\"Organization\",\"@id\":\"https:\/\/cnewa.org\/es\/#organization\",\"name\":\"CNEWA Espa\u00f1ol\",\"alternateName\":\"Asociaci\u00f3n Cat\u00f3lica para el Bienestar del Cercano Oriente\",\"url\":\"https:\/\/cnewa.org\/es\/\",\"logo\":{\"@type\":\"ImageObject\",\"inLanguage\":\"es\",\"@id\":\"https:\/\/cnewa.org\/es\/#\/schema\/logo\/image\/\",\"url\":\"https:\/\/cnewa.org\/es\/wp-content\/uploads\/sites\/5\/2021\/07\/CNEWA-brand-logo.png\",\"contentUrl\":\"https:\/\/cnewa.org\/es\/wp-content\/uploads\/sites\/5\/2021\/07\/CNEWA-brand-logo.png\",\"width\":1000,\"height\":1000,\"caption\":\"CNEWA Espa\u00f1ol\"},\"image\":{\"@id\":\"https:\/\/cnewa.org\/es\/#\/schema\/logo\/image\/\"},\"sameAs\":[\"https:\/\/www.facebook.com\/CNEWAenespanol\/\",\"https:\/\/www.instagram.com\/cnewa1926\/\",\"https:\/\/www.youtube.com\/user\/TheCNEWA\"]}]}<\/script>\n<!-- \/ Yoast SEO Premium plugin. -->","yoast_head_json":{"title":"Eritrea | CNEWA Espa\u00f1ol","description":"El moderno estado-naci\u00f3n de Eritrea, que libr\u00f3 una larga y amarga guerra con Etiop\u00eda para lograr su independencia, data de 1993.","robots":{"index":"index","follow":"follow","max-snippet":"max-snippet:-1","max-image-preview":"max-image-preview:large","max-video-preview":"max-video-preview:-1"},"canonical":"https:\/\/cnewa.org\/es\/donde-trabajamos\/noreste-de-africa\/eritrea\/","og_locale":"es_ES","og_type":"article","og_title":"Eritrea","og_description":"El moderno estado-naci\u00f3n de Eritrea, que libr\u00f3 una larga y amarga guerra con Etiop\u00eda para lograr su independencia, data de 1993.","og_url":"https:\/\/cnewa.org\/es\/donde-trabajamos\/noreste-de-africa\/eritrea\/","og_site_name":"CNEWA Espa\u00f1ol","article_publisher":"https:\/\/www.facebook.com\/CNEWAenespanol\/","article_modified_time":"2024-04-17T14:04:02+00:00","og_image":[{"width":1800,"height":1200,"url":"https:\/\/cnewa.org\/es\/wp-content\/uploads\/sites\/5\/2024\/04\/kozar20152_567H-1.jpg","type":"image\/jpeg"}],"twitter_card":"summary_large_image","twitter_misc":{"Tiempo de lectura":"1 minuto"},"schema":{"@context":"https:\/\/schema.org","@graph":[{"@type":"WebPage","@id":"https:\/\/cnewa.org\/es\/donde-trabajamos\/noreste-de-africa\/eritrea\/","url":"https:\/\/cnewa.org\/es\/donde-trabajamos\/noreste-de-africa\/eritrea\/","name":"Eritrea | CNEWA Espa\u00f1ol","isPartOf":{"@id":"https:\/\/cnewa.org\/es\/#website"},"primaryImageOfPage":{"@id":"https:\/\/cnewa.org\/es\/donde-trabajamos\/noreste-de-africa\/eritrea\/#primaryimage"},"image":{"@id":"https:\/\/cnewa.org\/es\/donde-trabajamos\/noreste-de-africa\/eritrea\/#primaryimage"},"thumbnailUrl":"https:\/\/cnewa.org\/es\/wp-content\/uploads\/sites\/5\/2024\/04\/kozar20152_567H-1.jpg","datePublished":"2024-04-17T14:04:01+00:00","dateModified":"2024-04-17T14:04:02+00:00","description":"El moderno estado-naci\u00f3n de Eritrea, que libr\u00f3 una larga y amarga guerra con Etiop\u00eda para lograr su independencia, data de 1993.","breadcrumb":{"@id":"https:\/\/cnewa.org\/es\/donde-trabajamos\/noreste-de-africa\/eritrea\/#breadcrumb"},"inLanguage":"es","potentialAction":[{"@type":"ReadAction","target":["https:\/\/cnewa.org\/es\/donde-trabajamos\/noreste-de-africa\/eritrea\/"]}]},{"@type":"ImageObject","inLanguage":"es","@id":"https:\/\/cnewa.org\/es\/donde-trabajamos\/noreste-de-africa\/eritrea\/#primaryimage","url":"https:\/\/cnewa.org\/es\/wp-content\/uploads\/sites\/5\/2024\/04\/kozar20152_567H-1.jpg","contentUrl":"https:\/\/cnewa.org\/es\/wp-content\/uploads\/sites\/5\/2024\/04\/kozar20152_567H-1.jpg","width":1800,"height":1200,"caption":"Novicias de la iglesia cat\u00f3lica eritrea saludan a Mons. Kozar en su visita pastoral de abril de 2015. (foto: John E. Kozar\/CNEWA)"},{"@type":"BreadcrumbList","@id":"https:\/\/cnewa.org\/es\/donde-trabajamos\/noreste-de-africa\/eritrea\/#breadcrumb","itemListElement":[{"@type":"ListItem","position":1,"name":"Inicio","item":"https:\/\/cnewa.org\/es\/"},{"@type":"ListItem","position":2,"name":"D\u00f3nde Trabajamos","item":"https:\/\/cnewa.org\/es\/donde-trabajamos\/"},{"@type":"ListItem","position":3,"name":"Noreste de \u00c1frica","item":"https:\/\/cnewa.org\/es\/donde-trabajamos\/noreste-de-africa\/"},{"@type":"ListItem","position":4,"name":"Eritrea"}]},{"@type":"WebSite","@id":"https:\/\/cnewa.org\/es\/#website","url":"https:\/\/cnewa.org\/es\/","name":"CNEWA Espa\u00f1ol","description":"Asociaci\u00f3n Cat\u00f3lica para el Bienestar del Cercano Oriente","publisher":{"@id":"https:\/\/cnewa.org\/es\/#organization"},"potentialAction":[{"@type":"SearchAction","target":{"@type":"EntryPoint","urlTemplate":"https:\/\/cnewa.org\/es\/?s={search_term_string}"},"query-input":{"@type":"PropertyValueSpecification","valueRequired":true,"valueName":"search_term_string"}}],"inLanguage":"es"},{"@type":"Organization","@id":"https:\/\/cnewa.org\/es\/#organization","name":"CNEWA Espa\u00f1ol","alternateName":"Asociaci\u00f3n Cat\u00f3lica para el Bienestar del Cercano Oriente","url":"https:\/\/cnewa.org\/es\/","logo":{"@type":"ImageObject","inLanguage":"es","@id":"https:\/\/cnewa.org\/es\/#\/schema\/logo\/image\/","url":"https:\/\/cnewa.org\/es\/wp-content\/uploads\/sites\/5\/2021\/07\/CNEWA-brand-logo.png","contentUrl":"https:\/\/cnewa.org\/es\/wp-content\/uploads\/sites\/5\/2021\/07\/CNEWA-brand-logo.png","width":1000,"height":1000,"caption":"CNEWA Espa\u00f1ol"},"image":{"@id":"https:\/\/cnewa.org\/es\/#\/schema\/logo\/image\/"},"sameAs":["https:\/\/www.facebook.com\/CNEWAenespanol\/","https:\/\/www.instagram.com\/cnewa1926\/","https:\/\/www.youtube.com\/user\/TheCNEWA"]}]}},"_links":{"self":[{"href":"https:\/\/cnewa.org\/es\/wp-json\/wp\/v2\/pages\/4959","targetHints":{"allow":["GET"]}}],"collection":[{"href":"https:\/\/cnewa.org\/es\/wp-json\/wp\/v2\/pages"}],"about":[{"href":"https:\/\/cnewa.org\/es\/wp-json\/wp\/v2\/types\/page"}],"author":[{"embeddable":true,"href":"https:\/\/cnewa.org\/es\/wp-json\/wp\/v2\/users\/70019"}],"replies":[{"embeddable":true,"href":"https:\/\/cnewa.org\/es\/wp-json\/wp\/v2\/comments?post=4959"}],"version-history":[{"count":1,"href":"https:\/\/cnewa.org\/es\/wp-json\/wp\/v2\/pages\/4959\/revisions"}],"predecessor-version":[{"id":4960,"href":"https:\/\/cnewa.org\/es\/wp-json\/wp\/v2\/pages\/4959\/revisions\/4960"}],"up":[{"embeddable":true,"href":"https:\/\/cnewa.org\/es\/wp-json\/wp\/v2\/pages\/154"}],"wp:featuredmedia":[{"embeddable":true,"href":"https:\/\/cnewa.org\/es\/wp-json\/wp\/v2\/media\/4958"}],"wp:attachment":[{"href":"https:\/\/cnewa.org\/es\/wp-json\/wp\/v2\/media?parent=4959"}],"curies":[{"name":"wp","href":"https:\/\/api.w.org\/{rel}","templated":true}]}}