{"id":5222,"date":"2024-06-13T14:46:35","date_gmt":"2024-06-13T18:46:35","guid":{"rendered":"https:\/\/cnewa.org\/es\/?page_id=5222"},"modified":"2024-08-22T11:12:42","modified_gmt":"2024-08-22T15:12:42","slug":"jordania","status":"publish","type":"page","link":"https:\/\/cnewa.org\/es\/donde-trabajamos\/medio-oriente\/jordania\/","title":{"rendered":"Jordania"},"content":{"rendered":"\n<h2 class=\"wp-block-heading\" id=\"h-jordania-una-tierra-de-importancia-historica-y-biblica-es-hoy-una-tierra-de-refugio-que-acoge-a-migrantes-refugiados-y-solicitantes-de-asilo-pobre-en-recursos-con-gran-parte-de-su-tierra-inhabitable-el-reino-esta-luchando-en-medio-de-la-afluencia-de-personas-lo-que-esta-empujando-su-economia-dependiente-del-turismo-al-borde-del-colapso-nbsp\">Jordania, una tierra de importancia hist\u00f3rica y b\u00edblica, es hoy una tierra de refugio, que acoge a migrantes, refugiados y solicitantes de asilo. Pobre en recursos, con gran parte de su tierra inhabitable, el reino est\u00e1 luchando en medio de la afluencia de personas, lo que est\u00e1 empujando su econom\u00eda dependiente del turismo al borde del colapso.&nbsp;<\/h2>\n\n\n\n<p>Aunque apoya a sus comunidades cristianas, la representaci\u00f3n del gobierno y el apoyo econ\u00f3mico a las comunidades cristianas vulnerables son limitados. Solo siete de los 138 funcionarios electos en la C\u00e1mara de Representantes del pa\u00eds son cristianos. Sin embargo, la comunidad cristiana, que representa solo el 3% de la poblaci\u00f3n, contribuye el 30 % de la actividad econ\u00f3mica del pa\u00eds.<\/p>\n\n\n\n<p>CNEWA tiene profundas ra\u00edces en Jordania, ya que durante mucho tiempo ha apoyado programas para sus numerosos refugiados: cristianos y musulmanes, palestinos, banglades\u00edes, libaneses, filipinos, iraqu\u00edes y sirios. Aunque las iglesias en Jordania son peque\u00f1as y carecen de recursos, su impacto es significativo, y CNEWA est\u00e1 lista para ayudar. Los costos de los servicios m\u00e9dicos y los gastos educativos est\u00e1n fuera del alcance de muchos refugiados, que trabajan principalmente en el mercado laboral informal con bajos ingresos y malas condiciones de trabajo, lo que conduce a situaciones de explotaci\u00f3n. CNEWA trabaja en los sectores de la salud, el empleo y la educaci\u00f3n para proporcionar a las personas vulnerables recursos para satisfacer sus necesidades, vivir con dignidad y construir un futuro mejor.&nbsp;&nbsp;<\/p>\n\n\n\n<h4 class=\"wp-block-heading\" id=\"h-acompanando-a-la-iglesia\">Acompa\u00f1ando a la Iglesia<\/h4>\n\n\n\n<p>La oficina regional de CNEWA en Amm\u00e1n trabaja directamente con las iglesias cat\u00f3licas asirio-caldeas, melquitas-griegas, romanas y sir\u00edacas locales en apoyo de sus actividades e instituciones pastorales y caritativas. Colaborando estrechamente con las comunidades de hermanas religiosas, CNEWA patrocina programas de formaci\u00f3n para j\u00f3venes y adultos j\u00f3venes, apoya actividades para j\u00f3venes en riesgo y contin\u00faa ofreciendo asistencia de emergencia a familias cristianas desplazadas que buscan refugio del extremismo y la persecuci\u00f3n.<\/p>\n\n\n\n<figure class=\"wp-block-image size-large\"><img loading=\"lazy\" decoding=\"async\" width=\"1024\" height=\"683\" src=\"https:\/\/cnewa.org\/es\/wp-content\/uploads\/sites\/5\/2024\/06\/45-4_foc_3-1-1024x683.jpg\" alt=\"\" class=\"wp-image-5223\" srcset=\"https:\/\/cnewa.org\/es\/wp-content\/uploads\/sites\/5\/2024\/06\/45-4_foc_3-1-1024x683.jpg 1024w, https:\/\/cnewa.org\/es\/wp-content\/uploads\/sites\/5\/2024\/06\/45-4_foc_3-1-300x200.jpg 300w, https:\/\/cnewa.org\/es\/wp-content\/uploads\/sites\/5\/2024\/06\/45-4_foc_3-1-768x512.jpg 768w, https:\/\/cnewa.org\/es\/wp-content\/uploads\/sites\/5\/2024\/06\/45-4_foc_3-1-1600x1067.jpg 1600w, https:\/\/cnewa.org\/es\/wp-content\/uploads\/sites\/5\/2024\/06\/45-4_foc_3-1-1536x1024.jpg 1536w, https:\/\/cnewa.org\/es\/wp-content\/uploads\/sites\/5\/2024\/06\/45-4_foc_3-1.jpg 1800w\" sizes=\"auto, (max-width: 1024px) 100vw, 1024px\" \/><figcaption class=\"wp-element-caption\">Ni\u00f1os se preparan para recibir su primera comuni\u00f3n en la aldea de Ader, Jordania, en 2014.<\/figcaption><\/figure>\n\n\n\n<h4 class=\"wp-block-heading\" id=\"h-respondiendo-a-las-necesidades-humanas\">Respondiendo a las Necesidades Humanas<\/h4>\n\n\n\n<p>Nuestra misi\u00f3n nos llama a echar una mano a los necesitados. CNEWA apoya programas de cuidado infantil y atenci\u00f3n m\u00e9dica, como la Cl\u00ednica Madre de la Misericordia en Zerqa e iniciativas de atenci\u00f3n m\u00e9dica en los hospitales italianos de Amm\u00e1n y Kerak, proyectos de sostenibilidad para migrantes y refugiados y esfuerzos de ayuda de emergencia para familias refugiadas que luchan por llegar a fin de mes.<\/p>\n\n\n\n<p>Trabajadora migrante en Jordania utiliza aplicaciones de videochat para mantenerse en contacto con su red de apoyo.<\/p>\n\n\n\n<figure class=\"wp-block-image size-large\"><img loading=\"lazy\" decoding=\"async\" width=\"1024\" height=\"683\" src=\"https:\/\/cnewa.org\/es\/wp-content\/uploads\/sites\/5\/2023\/03\/skaff202301_010H-1024x683.jpg\" alt=\"Trabajadora migrante en Jordania usa aplicaci\u00f3n de videollamada para mantenerse en contacto con red de apoyo.\" class=\"wp-image-2648\" srcset=\"https:\/\/cnewa.org\/es\/wp-content\/uploads\/sites\/5\/2023\/03\/skaff202301_010H-1024x683.jpg 1024w, https:\/\/cnewa.org\/es\/wp-content\/uploads\/sites\/5\/2023\/03\/skaff202301_010H-300x200.jpg 300w, https:\/\/cnewa.org\/es\/wp-content\/uploads\/sites\/5\/2023\/03\/skaff202301_010H-768x512.jpg 768w, https:\/\/cnewa.org\/es\/wp-content\/uploads\/sites\/5\/2023\/03\/skaff202301_010H-1600x1067.jpg 1600w, https:\/\/cnewa.org\/es\/wp-content\/uploads\/sites\/5\/2023\/03\/skaff202301_010H-1536x1024.jpg 1536w, https:\/\/cnewa.org\/es\/wp-content\/uploads\/sites\/5\/2023\/03\/skaff202301_010H.jpg 1800w\" sizes=\"auto, (max-width: 1024px) 100vw, 1024px\" \/><figcaption class=\"wp-element-caption\">Los trabajadores migrantes en Jordania utilizan aplicaciones de videollamada para mantenerse en contacto con su red de apoyo. (foto: Raghida Skaff)<\/figcaption><\/figure>\n\n\n  <div class=\"donate-button\" id=\"minor-fund-campaign\">\n    <button class=\"donate-modal-toggle\" data-minor-fund='Jordania' data-minor-fund-code='DQ'>DONE AHORA<\/button>\n  <\/div>\n  ","protected":false},"excerpt":{"rendered":"<p>Jordania, una tierra de importancia hist\u00f3rica y b\u00edblica, es hoy una tierra de refugio, que acoge a migrantes, refugiados y solicitantes de asilo. Pobre en recursos, con gran parte de su tierra inhabitable, el reino est\u00e1 luchando en medio de la afluencia de personas, lo que est\u00e1 empujando su econom\u00eda dependiente del turismo al borde &hellip; <a href=\"https:\/\/cnewa.org\/es\/donde-trabajamos\/medio-oriente\/jordania\/\">Continued<\/a><\/p>\n","protected":false},"author":70019,"featured_media":5552,"parent":150,"menu_order":0,"comment_status":"closed","ping_status":"closed","template":"","meta":{"_acf_changed":false,"footnotes":""},"class_list":["post-5222","page","type-page","status-publish","has-post-thumbnail","hentry"],"acf":[],"yoast_head":"<!-- This site is optimized with the Yoast SEO Premium plugin v27.3 (Yoast SEO v27.3) - https:\/\/yoast.com\/product\/yoast-seo-premium-wordpress\/ -->\n<title>Jordania | CNEWA Espa\u00f1ol<\/title>\n<meta name=\"description\" content=\"Jordania, tierra de importancia hist\u00f3rica y b\u00edblica, es hoy una tierra de refugio, que acoge a migrantes, refugiados y solicitantes de asilo.\" \/>\n<meta name=\"robots\" content=\"index, follow, max-snippet:-1, max-image-preview:large, max-video-preview:-1\" \/>\n<link rel=\"canonical\" href=\"https:\/\/cnewa.org\/es\/donde-trabajamos\/medio-oriente\/jordania\/\" \/>\n<meta property=\"og:locale\" content=\"es_ES\" \/>\n<meta property=\"og:type\" content=\"article\" \/>\n<meta property=\"og:title\" content=\"Jordania\" \/>\n<meta property=\"og:description\" content=\"Jordania, tierra de importancia hist\u00f3rica y b\u00edblica, es hoy una tierra de refugio, que acoge a migrantes, refugiados y solicitantes de asilo.\" \/>\n<meta property=\"og:url\" content=\"https:\/\/cnewa.org\/es\/donde-trabajamos\/medio-oriente\/jordania\/\" \/>\n<meta property=\"og:site_name\" content=\"CNEWA Espa\u00f1ol\" \/>\n<meta property=\"article:publisher\" content=\"https:\/\/www.facebook.com\/CNEWAenespanol\/\" \/>\n<meta property=\"article:modified_time\" content=\"2024-08-22T15:12:42+00:00\" \/>\n<meta property=\"og:image\" content=\"https:\/\/cnewa.org\/es\/wp-content\/uploads\/sites\/5\/2024\/08\/habjouqa20121_04H-scaled-e1724263217573.jpg\" \/>\n\t<meta property=\"og:image:width\" content=\"1612\" \/>\n\t<meta property=\"og:image:height\" content=\"1224\" \/>\n\t<meta property=\"og:image:type\" content=\"image\/jpeg\" \/>\n<meta name=\"twitter:card\" content=\"summary_large_image\" \/>\n<meta name=\"twitter:label1\" content=\"Tiempo de lectura\" \/>\n\t<meta name=\"twitter:data1\" content=\"3 minutos\" \/>\n<script type=\"application\/ld+json\" class=\"yoast-schema-graph\">{\"@context\":\"https:\\\/\\\/schema.org\",\"@graph\":[{\"@type\":\"WebPage\",\"@id\":\"https:\\\/\\\/cnewa.org\\\/es\\\/donde-trabajamos\\\/medio-oriente\\\/jordania\\\/\",\"url\":\"https:\\\/\\\/cnewa.org\\\/es\\\/donde-trabajamos\\\/medio-oriente\\\/jordania\\\/\",\"name\":\"Jordania | CNEWA Espa\u00f1ol\",\"isPartOf\":{\"@id\":\"https:\\\/\\\/cnewa.org\\\/es\\\/#website\"},\"primaryImageOfPage\":{\"@id\":\"https:\\\/\\\/cnewa.org\\\/es\\\/donde-trabajamos\\\/medio-oriente\\\/jordania\\\/#primaryimage\"},\"image\":{\"@id\":\"https:\\\/\\\/cnewa.org\\\/es\\\/donde-trabajamos\\\/medio-oriente\\\/jordania\\\/#primaryimage\"},\"thumbnailUrl\":\"https:\\\/\\\/cnewa.org\\\/es\\\/wp-content\\\/uploads\\\/sites\\\/5\\\/2024\\\/08\\\/habjouqa20121_04H-scaled-e1724263217573.jpg\",\"datePublished\":\"2024-06-13T18:46:35+00:00\",\"dateModified\":\"2024-08-22T15:12:42+00:00\",\"description\":\"Jordania, tierra de importancia hist\u00f3rica y b\u00edblica, es hoy una tierra de refugio, que acoge a migrantes, refugiados y solicitantes de asilo.\",\"breadcrumb\":{\"@id\":\"https:\\\/\\\/cnewa.org\\\/es\\\/donde-trabajamos\\\/medio-oriente\\\/jordania\\\/#breadcrumb\"},\"inLanguage\":\"es\",\"potentialAction\":[{\"@type\":\"ReadAction\",\"target\":[\"https:\\\/\\\/cnewa.org\\\/es\\\/donde-trabajamos\\\/medio-oriente\\\/jordania\\\/\"]}]},{\"@type\":\"ImageObject\",\"inLanguage\":\"es\",\"@id\":\"https:\\\/\\\/cnewa.org\\\/es\\\/donde-trabajamos\\\/medio-oriente\\\/jordania\\\/#primaryimage\",\"url\":\"https:\\\/\\\/cnewa.org\\\/es\\\/wp-content\\\/uploads\\\/sites\\\/5\\\/2024\\\/08\\\/habjouqa20121_04H-scaled-e1724263217573.jpg\",\"contentUrl\":\"https:\\\/\\\/cnewa.org\\\/es\\\/wp-content\\\/uploads\\\/sites\\\/5\\\/2024\\\/08\\\/habjouqa20121_04H-scaled-e1724263217573.jpg\",\"width\":1612,\"height\":1224,\"caption\":\"Familias beduinas se han instalado en las ruinas del pueblo cristiano de Smakiyeh. La hermana jordana Brenda saluda a un ni\u00f1o beduino. (foto: Tanya Habjouqa)\"},{\"@type\":\"BreadcrumbList\",\"@id\":\"https:\\\/\\\/cnewa.org\\\/es\\\/donde-trabajamos\\\/medio-oriente\\\/jordania\\\/#breadcrumb\",\"itemListElement\":[{\"@type\":\"ListItem\",\"position\":1,\"name\":\"Inicio\",\"item\":\"https:\\\/\\\/cnewa.org\\\/es\\\/\"},{\"@type\":\"ListItem\",\"position\":2,\"name\":\"D\u00f3nde Trabajamos\",\"item\":\"https:\\\/\\\/cnewa.org\\\/es\\\/donde-trabajamos\\\/\"},{\"@type\":\"ListItem\",\"position\":3,\"name\":\"Medio Oriente\",\"item\":\"https:\\\/\\\/cnewa.org\\\/es\\\/donde-trabajamos\\\/medio-oriente\\\/\"},{\"@type\":\"ListItem\",\"position\":4,\"name\":\"Jordania\"}]},{\"@type\":\"WebSite\",\"@id\":\"https:\\\/\\\/cnewa.org\\\/es\\\/#website\",\"url\":\"https:\\\/\\\/cnewa.org\\\/es\\\/\",\"name\":\"CNEWA Espa\u00f1ol\",\"description\":\"Asociaci\u00f3n Cat\u00f3lica para el Bienestar del Cercano Oriente\",\"publisher\":{\"@id\":\"https:\\\/\\\/cnewa.org\\\/es\\\/#organization\"},\"potentialAction\":[{\"@type\":\"SearchAction\",\"target\":{\"@type\":\"EntryPoint\",\"urlTemplate\":\"https:\\\/\\\/cnewa.org\\\/es\\\/?s={search_term_string}\"},\"query-input\":{\"@type\":\"PropertyValueSpecification\",\"valueRequired\":true,\"valueName\":\"search_term_string\"}}],\"inLanguage\":\"es\"},{\"@type\":\"Organization\",\"@id\":\"https:\\\/\\\/cnewa.org\\\/es\\\/#organization\",\"name\":\"CNEWA Espa\u00f1ol\",\"alternateName\":\"Asociaci\u00f3n Cat\u00f3lica para el Bienestar del Cercano Oriente\",\"url\":\"https:\\\/\\\/cnewa.org\\\/es\\\/\",\"logo\":{\"@type\":\"ImageObject\",\"inLanguage\":\"es\",\"@id\":\"https:\\\/\\\/cnewa.org\\\/es\\\/#\\\/schema\\\/logo\\\/image\\\/\",\"url\":\"https:\\\/\\\/cnewa.org\\\/es\\\/wp-content\\\/uploads\\\/sites\\\/5\\\/2021\\\/07\\\/CNEWA-brand-logo.png\",\"contentUrl\":\"https:\\\/\\\/cnewa.org\\\/es\\\/wp-content\\\/uploads\\\/sites\\\/5\\\/2021\\\/07\\\/CNEWA-brand-logo.png\",\"width\":1000,\"height\":1000,\"caption\":\"CNEWA Espa\u00f1ol\"},\"image\":{\"@id\":\"https:\\\/\\\/cnewa.org\\\/es\\\/#\\\/schema\\\/logo\\\/image\\\/\"},\"sameAs\":[\"https:\\\/\\\/www.facebook.com\\\/CNEWAenespanol\\\/\",\"https:\\\/\\\/www.instagram.com\\\/cnewa1926\\\/\",\"https:\\\/\\\/www.youtube.com\\\/user\\\/TheCNEWA\"]}]}<\/script>\n<!-- \/ Yoast SEO Premium plugin. -->","yoast_head_json":{"title":"Jordania | CNEWA Espa\u00f1ol","description":"Jordania, tierra de importancia hist\u00f3rica y b\u00edblica, es hoy una tierra de refugio, que acoge a migrantes, refugiados y solicitantes de asilo.","robots":{"index":"index","follow":"follow","max-snippet":"max-snippet:-1","max-image-preview":"max-image-preview:large","max-video-preview":"max-video-preview:-1"},"canonical":"https:\/\/cnewa.org\/es\/donde-trabajamos\/medio-oriente\/jordania\/","og_locale":"es_ES","og_type":"article","og_title":"Jordania","og_description":"Jordania, tierra de importancia hist\u00f3rica y b\u00edblica, es hoy una tierra de refugio, que acoge a migrantes, refugiados y solicitantes de asilo.","og_url":"https:\/\/cnewa.org\/es\/donde-trabajamos\/medio-oriente\/jordania\/","og_site_name":"CNEWA Espa\u00f1ol","article_publisher":"https:\/\/www.facebook.com\/CNEWAenespanol\/","article_modified_time":"2024-08-22T15:12:42+00:00","og_image":[{"width":1612,"height":1224,"url":"https:\/\/cnewa.org\/es\/wp-content\/uploads\/sites\/5\/2024\/08\/habjouqa20121_04H-scaled-e1724263217573.jpg","type":"image\/jpeg"}],"twitter_card":"summary_large_image","twitter_misc":{"Tiempo de lectura":"3 minutos"},"schema":{"@context":"https:\/\/schema.org","@graph":[{"@type":"WebPage","@id":"https:\/\/cnewa.org\/es\/donde-trabajamos\/medio-oriente\/jordania\/","url":"https:\/\/cnewa.org\/es\/donde-trabajamos\/medio-oriente\/jordania\/","name":"Jordania | CNEWA Espa\u00f1ol","isPartOf":{"@id":"https:\/\/cnewa.org\/es\/#website"},"primaryImageOfPage":{"@id":"https:\/\/cnewa.org\/es\/donde-trabajamos\/medio-oriente\/jordania\/#primaryimage"},"image":{"@id":"https:\/\/cnewa.org\/es\/donde-trabajamos\/medio-oriente\/jordania\/#primaryimage"},"thumbnailUrl":"https:\/\/cnewa.org\/es\/wp-content\/uploads\/sites\/5\/2024\/08\/habjouqa20121_04H-scaled-e1724263217573.jpg","datePublished":"2024-06-13T18:46:35+00:00","dateModified":"2024-08-22T15:12:42+00:00","description":"Jordania, tierra de importancia hist\u00f3rica y b\u00edblica, es hoy una tierra de refugio, que acoge a migrantes, refugiados y solicitantes de asilo.","breadcrumb":{"@id":"https:\/\/cnewa.org\/es\/donde-trabajamos\/medio-oriente\/jordania\/#breadcrumb"},"inLanguage":"es","potentialAction":[{"@type":"ReadAction","target":["https:\/\/cnewa.org\/es\/donde-trabajamos\/medio-oriente\/jordania\/"]}]},{"@type":"ImageObject","inLanguage":"es","@id":"https:\/\/cnewa.org\/es\/donde-trabajamos\/medio-oriente\/jordania\/#primaryimage","url":"https:\/\/cnewa.org\/es\/wp-content\/uploads\/sites\/5\/2024\/08\/habjouqa20121_04H-scaled-e1724263217573.jpg","contentUrl":"https:\/\/cnewa.org\/es\/wp-content\/uploads\/sites\/5\/2024\/08\/habjouqa20121_04H-scaled-e1724263217573.jpg","width":1612,"height":1224,"caption":"Familias beduinas se han instalado en las ruinas del pueblo cristiano de Smakiyeh. La hermana jordana Brenda saluda a un ni\u00f1o beduino. (foto: Tanya Habjouqa)"},{"@type":"BreadcrumbList","@id":"https:\/\/cnewa.org\/es\/donde-trabajamos\/medio-oriente\/jordania\/#breadcrumb","itemListElement":[{"@type":"ListItem","position":1,"name":"Inicio","item":"https:\/\/cnewa.org\/es\/"},{"@type":"ListItem","position":2,"name":"D\u00f3nde Trabajamos","item":"https:\/\/cnewa.org\/es\/donde-trabajamos\/"},{"@type":"ListItem","position":3,"name":"Medio Oriente","item":"https:\/\/cnewa.org\/es\/donde-trabajamos\/medio-oriente\/"},{"@type":"ListItem","position":4,"name":"Jordania"}]},{"@type":"WebSite","@id":"https:\/\/cnewa.org\/es\/#website","url":"https:\/\/cnewa.org\/es\/","name":"CNEWA Espa\u00f1ol","description":"Asociaci\u00f3n Cat\u00f3lica para el Bienestar del Cercano Oriente","publisher":{"@id":"https:\/\/cnewa.org\/es\/#organization"},"potentialAction":[{"@type":"SearchAction","target":{"@type":"EntryPoint","urlTemplate":"https:\/\/cnewa.org\/es\/?s={search_term_string}"},"query-input":{"@type":"PropertyValueSpecification","valueRequired":true,"valueName":"search_term_string"}}],"inLanguage":"es"},{"@type":"Organization","@id":"https:\/\/cnewa.org\/es\/#organization","name":"CNEWA Espa\u00f1ol","alternateName":"Asociaci\u00f3n Cat\u00f3lica para el Bienestar del Cercano Oriente","url":"https:\/\/cnewa.org\/es\/","logo":{"@type":"ImageObject","inLanguage":"es","@id":"https:\/\/cnewa.org\/es\/#\/schema\/logo\/image\/","url":"https:\/\/cnewa.org\/es\/wp-content\/uploads\/sites\/5\/2021\/07\/CNEWA-brand-logo.png","contentUrl":"https:\/\/cnewa.org\/es\/wp-content\/uploads\/sites\/5\/2021\/07\/CNEWA-brand-logo.png","width":1000,"height":1000,"caption":"CNEWA Espa\u00f1ol"},"image":{"@id":"https:\/\/cnewa.org\/es\/#\/schema\/logo\/image\/"},"sameAs":["https:\/\/www.facebook.com\/CNEWAenespanol\/","https:\/\/www.instagram.com\/cnewa1926\/","https:\/\/www.youtube.com\/user\/TheCNEWA"]}]}},"_links":{"self":[{"href":"https:\/\/cnewa.org\/es\/wp-json\/wp\/v2\/pages\/5222","targetHints":{"allow":["GET"]}}],"collection":[{"href":"https:\/\/cnewa.org\/es\/wp-json\/wp\/v2\/pages"}],"about":[{"href":"https:\/\/cnewa.org\/es\/wp-json\/wp\/v2\/types\/page"}],"author":[{"embeddable":true,"href":"https:\/\/cnewa.org\/es\/wp-json\/wp\/v2\/users\/70019"}],"replies":[{"embeddable":true,"href":"https:\/\/cnewa.org\/es\/wp-json\/wp\/v2\/comments?post=5222"}],"version-history":[{"count":2,"href":"https:\/\/cnewa.org\/es\/wp-json\/wp\/v2\/pages\/5222\/revisions"}],"predecessor-version":[{"id":5232,"href":"https:\/\/cnewa.org\/es\/wp-json\/wp\/v2\/pages\/5222\/revisions\/5232"}],"up":[{"embeddable":true,"href":"https:\/\/cnewa.org\/es\/wp-json\/wp\/v2\/pages\/150"}],"wp:featuredmedia":[{"embeddable":true,"href":"https:\/\/cnewa.org\/es\/wp-json\/wp\/v2\/media\/5552"}],"wp:attachment":[{"href":"https:\/\/cnewa.org\/es\/wp-json\/wp\/v2\/media?parent=5222"}],"curies":[{"name":"wp","href":"https:\/\/api.w.org\/{rel}","templated":true}]}}