{"id":5273,"date":"2024-06-18T14:00:05","date_gmt":"2024-06-18T18:00:05","guid":{"rendered":"https:\/\/cnewa.org\/es\/?page_id=5273"},"modified":"2024-06-18T14:00:33","modified_gmt":"2024-06-18T18:00:33","slug":"georgia","status":"publish","type":"page","link":"https:\/\/cnewa.org\/es\/donde-trabajamos\/europa-del-este\/georgia\/","title":{"rendered":"Georgia"},"content":{"rendered":"\n<h2 class=\"wp-block-heading\" id=\"h-enclavada-en-las-montanas-del-caucaso-en-el-cruce-entre-oriente-y-occidente-y-entre-el-norte-global-y-el-sur-global-la-pequena-nacion-georgiana-ha-estado-a-merced-de-sus-vecinos-en-gran-medida-hostiles-y-poderosos-durante-mas-de-2-000-anos-los-georgianos-fueron-de-los-primeros-pueblos-en-abrazar-el-cristianismo-la-institucion-preeminente-de-la-nacion-la-iglesia-ortodoxa-ha-ayudado-a-crear-desarrollar-nutrir-y-proteger-su-identidad-y-cultura-unicas-a-diferencia-de-su-vecino-armenia-que-es-etnicamente-homogenea-georgia-es-el-hogar-de-comunidades-de-armenios-asirio-caldeos-azeries-rusos-y-ucranianos\">Enclavada en las monta\u00f1as del C\u00e1ucaso, en el cruce entre oriente y occidente y entre el norte global y el sur global, la peque\u00f1a naci\u00f3n georgiana ha estado a merced de sus vecinos en gran medida hostiles y poderosos durante m\u00e1s de 2.000 a\u00f1os. Los georgianos fueron de los primeros pueblos en abrazar el cristianismo. La instituci\u00f3n preeminente de la naci\u00f3n, la Iglesia Ortodoxa, ha ayudado a crear, desarrollar, nutrir y proteger su identidad y cultura \u00fanicas. A diferencia de su vecino, Armenia, que es \u00e9tnicamente homog\u00e9nea, Georgia es el hogar de comunidades de armenios, asirio-caldeos, azer\u00edes, rusos y ucranianos.<\/h2>\n\n\n\n<p>CNEWA se ha asociado con la peque\u00f1a, pero din\u00e1mica y \u00e9tnicamente diversa comunidad cat\u00f3lica de Georgia desde el colapso del comunismo y el final de la guerra civil a principios de la d\u00e9cada de 1990. Junto con sus comunidades armenia, asirio-caldea y cat\u00f3lica romana, y a trav\u00e9s de su organizaci\u00f3n ben\u00e9fica de servicio social, Caritas Georgia, CNEWA ha llevado dignidad, esperanza y ayuda a hombres, mujeres y ni\u00f1os vulnerables en toda Georgia, independientemente de su identidad religiosa.\u00a0<\/p>\n\n\n  <div class=\"donate-button\" id=\"minor-fund-campaign\">\n    <button class=\"donate-modal-toggle\" data-minor-fund='Georgia' data-minor-fund-code='GE'>AYUDE AHORA<\/button>\n  <\/div>\n  \n\n\n<p>Los indicadores de pobreza publicados por la Oficina Nacional de Estad\u00edsticas de Georgia en 2023 indican que el 11,8% de la poblaci\u00f3n vive por debajo del umbral de la pobreza absoluta, casi 10 puntos porcentuales menos que en 2020. Sin embargo, la red de personal y voluntarios de Caritas Georgia cree que la incidencia actual de la pobreza es m\u00e1s alta de lo que se afirma oficialmente.<\/p>\n\n\n\n<p>Una legislaci\u00f3n reciente, que ha provocado manifestaciones y temores de un retroceso en las reformas democr\u00e1ticas, amenaza el trabajo de las organizaciones no gubernamentales de la naci\u00f3n, incluida Caritas Georgia.<\/p>\n\n\n\n<h4 class=\"wp-block-heading\" id=\"h-respondiendo-a-las-necesidades-humanas\">Respondiendo a las Necesidades Humanas<\/h4>\n\n\n\n<p>CNEWA patrocina programas de rehabilitaci\u00f3n para madres solteras y apoyo para sus hijos; proporciona alimentos, atenci\u00f3n m\u00e9dica y asesoramiento para ancianos y para personas con necesidades especiales; y ayuda a los ni\u00f1os a trav\u00e9s de la consejer\u00eda, la educaci\u00f3n y la orientaci\u00f3n.<\/p>\n\n\n\n<figure class=\"wp-block-image size-large\"><img loading=\"lazy\" decoding=\"async\" width=\"1024\" height=\"683\" src=\"https:\/\/cnewa.org\/es\/wp-content\/uploads\/sites\/5\/2024\/06\/diVico20161_074-1024x683.jpg\" alt=\"\" class=\"wp-image-5272\" srcset=\"https:\/\/cnewa.org\/es\/wp-content\/uploads\/sites\/5\/2024\/06\/diVico20161_074-1024x683.jpg 1024w, https:\/\/cnewa.org\/es\/wp-content\/uploads\/sites\/5\/2024\/06\/diVico20161_074-300x200.jpg 300w, https:\/\/cnewa.org\/es\/wp-content\/uploads\/sites\/5\/2024\/06\/diVico20161_074-768x512.jpg 768w, https:\/\/cnewa.org\/es\/wp-content\/uploads\/sites\/5\/2024\/06\/diVico20161_074-1536x1024.jpg 1536w, https:\/\/cnewa.org\/es\/wp-content\/uploads\/sites\/5\/2024\/06\/diVico20161_074-1600x1067.jpg 1600w, https:\/\/cnewa.org\/es\/wp-content\/uploads\/sites\/5\/2024\/06\/diVico20161_074.jpg 1800w\" sizes=\"auto, (max-width: 1024px) 100vw, 1024px\" \/><figcaption class=\"wp-element-caption\">J\u00f3venes sentados a una mesa trabajan en manualidades. Estudiantes asisten a una clase de arte en el Centro Diurno Armon\u00eda de Caritas Georgia en Tblilisi. (foto: Antonio di Vico)<\/figcaption><\/figure>\n\n\n\n<h4 class=\"wp-block-heading\" id=\"h-acompanando-a-la-iglesia\">Acompa\u00f1ando a la Iglesia<\/h4>\n\n\n\n<p>Apoyamos a sacerdotes, religiosos y religiosas y formadores laicos, que trabajan entre los necesitados, ofreci\u00e9ndoles consejo y apoyo, sosteni\u00e9ndolos con los sacramentos y proporcionando a los j\u00f3venes de la parroquia programas para mejorar su aprendizaje y desarrollo, especialmente en las aldeas remotas de Georgia.&nbsp;<\/p>\n\n\n\n<figure class=\"wp-block-image size-large\"><img loading=\"lazy\" decoding=\"async\" width=\"768\" height=\"1024\" src=\"https:\/\/cnewa.org\/es\/wp-content\/uploads\/sites\/5\/2024\/06\/IMG_2805-768x1024.jpg\" alt=\"\" class=\"wp-image-5271\" srcset=\"https:\/\/cnewa.org\/es\/wp-content\/uploads\/sites\/5\/2024\/06\/IMG_2805-768x1024.jpg 768w, https:\/\/cnewa.org\/es\/wp-content\/uploads\/sites\/5\/2024\/06\/IMG_2805-225x300.jpg 225w, https:\/\/cnewa.org\/es\/wp-content\/uploads\/sites\/5\/2024\/06\/IMG_2805-1152x1536.jpg 1152w, https:\/\/cnewa.org\/es\/wp-content\/uploads\/sites\/5\/2024\/06\/IMG_2805-1536x2048.jpg 1536w, https:\/\/cnewa.org\/es\/wp-content\/uploads\/sites\/5\/2024\/06\/IMG_2805-1600x2133.jpg 1600w, https:\/\/cnewa.org\/es\/wp-content\/uploads\/sites\/5\/2024\/06\/IMG_2805.jpg 1800w\" sizes=\"auto, (max-width: 768px) 100vw, 768px\" \/><figcaption class=\"wp-element-caption\">Mons. Peter I. Vaccari visita al sacrist\u00e1n de la iglesia cat\u00f3lica armenia en el sur de Georgia, que, durante todo el per\u00edodo sovi\u00e9tico, mantuvo abierta la iglesia. (foto: Michael J.L. La Civita)<\/figcaption><\/figure>\n","protected":false},"excerpt":{"rendered":"<p>Enclavada en las monta\u00f1as del C\u00e1ucaso, en el cruce entre oriente y occidente y entre el norte global y el sur global, la peque\u00f1a naci\u00f3n georgiana ha estado a merced de sus vecinos en gran medida hostiles y poderosos durante m\u00e1s de 2.000 a\u00f1os. Los georgianos fueron de los primeros pueblos en abrazar el cristianismo. &hellip; <a href=\"https:\/\/cnewa.org\/es\/donde-trabajamos\/europa-del-este\/georgia\/\">Continued<\/a><\/p>\n","protected":false},"author":70019,"featured_media":5275,"parent":159,"menu_order":0,"comment_status":"closed","ping_status":"closed","template":"","meta":{"_acf_changed":false,"footnotes":""},"class_list":["post-5273","page","type-page","status-publish","has-post-thumbnail","hentry"],"acf":[],"yoast_head":"<!-- This site is optimized with the Yoast SEO Premium plugin v27.2 (Yoast SEO v27.2) - https:\/\/yoast.com\/product\/yoast-seo-premium-wordpress\/ -->\n<title>Georgia | CNEWA Espa\u00f1ol<\/title>\n<meta name=\"description\" content=\"CNEWA se ha asociado con la din\u00e1mica y \u00e9tnicamente diversa comunidad cat\u00f3lica de Georgia desde el colapso del comunismo.\" \/>\n<meta name=\"robots\" content=\"index, follow, max-snippet:-1, max-image-preview:large, max-video-preview:-1\" \/>\n<link rel=\"canonical\" href=\"https:\/\/cnewa.org\/es\/donde-trabajamos\/europa-del-este\/georgia\/\" \/>\n<meta property=\"og:locale\" content=\"es_ES\" \/>\n<meta property=\"og:type\" content=\"article\" \/>\n<meta property=\"og:title\" content=\"Georgia\" \/>\n<meta property=\"og:description\" content=\"CNEWA se ha asociado con la din\u00e1mica y \u00e9tnicamente diversa comunidad cat\u00f3lica de Georgia desde el colapso del comunismo.\" \/>\n<meta property=\"og:url\" content=\"https:\/\/cnewa.org\/es\/donde-trabajamos\/europa-del-este\/georgia\/\" \/>\n<meta property=\"og:site_name\" content=\"CNEWA Espa\u00f1ol\" \/>\n<meta property=\"article:publisher\" content=\"https:\/\/www.facebook.com\/CNEWAenespanol\/\" \/>\n<meta property=\"article:modified_time\" content=\"2024-06-18T18:00:33+00:00\" \/>\n<meta property=\"og:image\" content=\"https:\/\/cnewa.org\/es\/wp-content\/uploads\/sites\/5\/2024\/06\/jvari1.jpg\" \/>\n\t<meta property=\"og:image:width\" content=\"537\" \/>\n\t<meta property=\"og:image:height\" content=\"403\" \/>\n\t<meta property=\"og:image:type\" content=\"image\/jpeg\" \/>\n<meta name=\"twitter:card\" content=\"summary_large_image\" \/>\n<meta name=\"twitter:label1\" content=\"Tiempo de lectura\" \/>\n\t<meta name=\"twitter:data1\" content=\"3 minutos\" \/>\n<script type=\"application\/ld+json\" class=\"yoast-schema-graph\">{\"@context\":\"https:\/\/schema.org\",\"@graph\":[{\"@type\":\"WebPage\",\"@id\":\"https:\/\/cnewa.org\/es\/donde-trabajamos\/europa-del-este\/georgia\/\",\"url\":\"https:\/\/cnewa.org\/es\/donde-trabajamos\/europa-del-este\/georgia\/\",\"name\":\"Georgia | CNEWA Espa\u00f1ol\",\"isPartOf\":{\"@id\":\"https:\/\/cnewa.org\/es\/#website\"},\"primaryImageOfPage\":{\"@id\":\"https:\/\/cnewa.org\/es\/donde-trabajamos\/europa-del-este\/georgia\/#primaryimage\"},\"image\":{\"@id\":\"https:\/\/cnewa.org\/es\/donde-trabajamos\/europa-del-este\/georgia\/#primaryimage\"},\"thumbnailUrl\":\"https:\/\/cnewa.org\/es\/wp-content\/uploads\/sites\/5\/2024\/06\/jvari1.jpg\",\"datePublished\":\"2024-06-18T18:00:05+00:00\",\"dateModified\":\"2024-06-18T18:00:33+00:00\",\"description\":\"CNEWA se ha asociado con la din\u00e1mica y \u00e9tnicamente diversa comunidad cat\u00f3lica de Georgia desde el colapso del comunismo.\",\"breadcrumb\":{\"@id\":\"https:\/\/cnewa.org\/es\/donde-trabajamos\/europa-del-este\/georgia\/#breadcrumb\"},\"inLanguage\":\"es\",\"potentialAction\":[{\"@type\":\"ReadAction\",\"target\":[\"https:\/\/cnewa.org\/es\/donde-trabajamos\/europa-del-este\/georgia\/\"]}]},{\"@type\":\"ImageObject\",\"inLanguage\":\"es\",\"@id\":\"https:\/\/cnewa.org\/es\/donde-trabajamos\/europa-del-este\/georgia\/#primaryimage\",\"url\":\"https:\/\/cnewa.org\/es\/wp-content\/uploads\/sites\/5\/2024\/06\/jvari1.jpg\",\"contentUrl\":\"https:\/\/cnewa.org\/es\/wp-content\/uploads\/sites\/5\/2024\/06\/jvari1.jpg\",\"width\":537,\"height\":403},{\"@type\":\"BreadcrumbList\",\"@id\":\"https:\/\/cnewa.org\/es\/donde-trabajamos\/europa-del-este\/georgia\/#breadcrumb\",\"itemListElement\":[{\"@type\":\"ListItem\",\"position\":1,\"name\":\"Inicio\",\"item\":\"https:\/\/cnewa.org\/es\/\"},{\"@type\":\"ListItem\",\"position\":2,\"name\":\"D\u00f3nde Trabajamos\",\"item\":\"https:\/\/cnewa.org\/es\/donde-trabajamos\/\"},{\"@type\":\"ListItem\",\"position\":3,\"name\":\"Europa del Este\",\"item\":\"https:\/\/cnewa.org\/es\/donde-trabajamos\/europa-del-este\/\"},{\"@type\":\"ListItem\",\"position\":4,\"name\":\"Georgia\"}]},{\"@type\":\"WebSite\",\"@id\":\"https:\/\/cnewa.org\/es\/#website\",\"url\":\"https:\/\/cnewa.org\/es\/\",\"name\":\"CNEWA Espa\u00f1ol\",\"description\":\"Asociaci\u00f3n Cat\u00f3lica para el Bienestar del Cercano Oriente\",\"publisher\":{\"@id\":\"https:\/\/cnewa.org\/es\/#organization\"},\"potentialAction\":[{\"@type\":\"SearchAction\",\"target\":{\"@type\":\"EntryPoint\",\"urlTemplate\":\"https:\/\/cnewa.org\/es\/?s={search_term_string}\"},\"query-input\":{\"@type\":\"PropertyValueSpecification\",\"valueRequired\":true,\"valueName\":\"search_term_string\"}}],\"inLanguage\":\"es\"},{\"@type\":\"Organization\",\"@id\":\"https:\/\/cnewa.org\/es\/#organization\",\"name\":\"CNEWA Espa\u00f1ol\",\"alternateName\":\"Asociaci\u00f3n Cat\u00f3lica para el Bienestar del Cercano Oriente\",\"url\":\"https:\/\/cnewa.org\/es\/\",\"logo\":{\"@type\":\"ImageObject\",\"inLanguage\":\"es\",\"@id\":\"https:\/\/cnewa.org\/es\/#\/schema\/logo\/image\/\",\"url\":\"https:\/\/cnewa.org\/es\/wp-content\/uploads\/sites\/5\/2021\/07\/CNEWA-brand-logo.png\",\"contentUrl\":\"https:\/\/cnewa.org\/es\/wp-content\/uploads\/sites\/5\/2021\/07\/CNEWA-brand-logo.png\",\"width\":1000,\"height\":1000,\"caption\":\"CNEWA Espa\u00f1ol\"},\"image\":{\"@id\":\"https:\/\/cnewa.org\/es\/#\/schema\/logo\/image\/\"},\"sameAs\":[\"https:\/\/www.facebook.com\/CNEWAenespanol\/\",\"https:\/\/www.instagram.com\/cnewa1926\/\",\"https:\/\/www.youtube.com\/user\/TheCNEWA\"]}]}<\/script>\n<!-- \/ Yoast SEO Premium plugin. -->","yoast_head_json":{"title":"Georgia | CNEWA Espa\u00f1ol","description":"CNEWA se ha asociado con la din\u00e1mica y \u00e9tnicamente diversa comunidad cat\u00f3lica de Georgia desde el colapso del comunismo.","robots":{"index":"index","follow":"follow","max-snippet":"max-snippet:-1","max-image-preview":"max-image-preview:large","max-video-preview":"max-video-preview:-1"},"canonical":"https:\/\/cnewa.org\/es\/donde-trabajamos\/europa-del-este\/georgia\/","og_locale":"es_ES","og_type":"article","og_title":"Georgia","og_description":"CNEWA se ha asociado con la din\u00e1mica y \u00e9tnicamente diversa comunidad cat\u00f3lica de Georgia desde el colapso del comunismo.","og_url":"https:\/\/cnewa.org\/es\/donde-trabajamos\/europa-del-este\/georgia\/","og_site_name":"CNEWA Espa\u00f1ol","article_publisher":"https:\/\/www.facebook.com\/CNEWAenespanol\/","article_modified_time":"2024-06-18T18:00:33+00:00","og_image":[{"width":537,"height":403,"url":"https:\/\/cnewa.org\/es\/wp-content\/uploads\/sites\/5\/2024\/06\/jvari1.jpg","type":"image\/jpeg"}],"twitter_card":"summary_large_image","twitter_misc":{"Tiempo de lectura":"3 minutos"},"schema":{"@context":"https:\/\/schema.org","@graph":[{"@type":"WebPage","@id":"https:\/\/cnewa.org\/es\/donde-trabajamos\/europa-del-este\/georgia\/","url":"https:\/\/cnewa.org\/es\/donde-trabajamos\/europa-del-este\/georgia\/","name":"Georgia | CNEWA Espa\u00f1ol","isPartOf":{"@id":"https:\/\/cnewa.org\/es\/#website"},"primaryImageOfPage":{"@id":"https:\/\/cnewa.org\/es\/donde-trabajamos\/europa-del-este\/georgia\/#primaryimage"},"image":{"@id":"https:\/\/cnewa.org\/es\/donde-trabajamos\/europa-del-este\/georgia\/#primaryimage"},"thumbnailUrl":"https:\/\/cnewa.org\/es\/wp-content\/uploads\/sites\/5\/2024\/06\/jvari1.jpg","datePublished":"2024-06-18T18:00:05+00:00","dateModified":"2024-06-18T18:00:33+00:00","description":"CNEWA se ha asociado con la din\u00e1mica y \u00e9tnicamente diversa comunidad cat\u00f3lica de Georgia desde el colapso del comunismo.","breadcrumb":{"@id":"https:\/\/cnewa.org\/es\/donde-trabajamos\/europa-del-este\/georgia\/#breadcrumb"},"inLanguage":"es","potentialAction":[{"@type":"ReadAction","target":["https:\/\/cnewa.org\/es\/donde-trabajamos\/europa-del-este\/georgia\/"]}]},{"@type":"ImageObject","inLanguage":"es","@id":"https:\/\/cnewa.org\/es\/donde-trabajamos\/europa-del-este\/georgia\/#primaryimage","url":"https:\/\/cnewa.org\/es\/wp-content\/uploads\/sites\/5\/2024\/06\/jvari1.jpg","contentUrl":"https:\/\/cnewa.org\/es\/wp-content\/uploads\/sites\/5\/2024\/06\/jvari1.jpg","width":537,"height":403},{"@type":"BreadcrumbList","@id":"https:\/\/cnewa.org\/es\/donde-trabajamos\/europa-del-este\/georgia\/#breadcrumb","itemListElement":[{"@type":"ListItem","position":1,"name":"Inicio","item":"https:\/\/cnewa.org\/es\/"},{"@type":"ListItem","position":2,"name":"D\u00f3nde Trabajamos","item":"https:\/\/cnewa.org\/es\/donde-trabajamos\/"},{"@type":"ListItem","position":3,"name":"Europa del Este","item":"https:\/\/cnewa.org\/es\/donde-trabajamos\/europa-del-este\/"},{"@type":"ListItem","position":4,"name":"Georgia"}]},{"@type":"WebSite","@id":"https:\/\/cnewa.org\/es\/#website","url":"https:\/\/cnewa.org\/es\/","name":"CNEWA Espa\u00f1ol","description":"Asociaci\u00f3n Cat\u00f3lica para el Bienestar del Cercano Oriente","publisher":{"@id":"https:\/\/cnewa.org\/es\/#organization"},"potentialAction":[{"@type":"SearchAction","target":{"@type":"EntryPoint","urlTemplate":"https:\/\/cnewa.org\/es\/?s={search_term_string}"},"query-input":{"@type":"PropertyValueSpecification","valueRequired":true,"valueName":"search_term_string"}}],"inLanguage":"es"},{"@type":"Organization","@id":"https:\/\/cnewa.org\/es\/#organization","name":"CNEWA Espa\u00f1ol","alternateName":"Asociaci\u00f3n Cat\u00f3lica para el Bienestar del Cercano Oriente","url":"https:\/\/cnewa.org\/es\/","logo":{"@type":"ImageObject","inLanguage":"es","@id":"https:\/\/cnewa.org\/es\/#\/schema\/logo\/image\/","url":"https:\/\/cnewa.org\/es\/wp-content\/uploads\/sites\/5\/2021\/07\/CNEWA-brand-logo.png","contentUrl":"https:\/\/cnewa.org\/es\/wp-content\/uploads\/sites\/5\/2021\/07\/CNEWA-brand-logo.png","width":1000,"height":1000,"caption":"CNEWA Espa\u00f1ol"},"image":{"@id":"https:\/\/cnewa.org\/es\/#\/schema\/logo\/image\/"},"sameAs":["https:\/\/www.facebook.com\/CNEWAenespanol\/","https:\/\/www.instagram.com\/cnewa1926\/","https:\/\/www.youtube.com\/user\/TheCNEWA"]}]}},"_links":{"self":[{"href":"https:\/\/cnewa.org\/es\/wp-json\/wp\/v2\/pages\/5273","targetHints":{"allow":["GET"]}}],"collection":[{"href":"https:\/\/cnewa.org\/es\/wp-json\/wp\/v2\/pages"}],"about":[{"href":"https:\/\/cnewa.org\/es\/wp-json\/wp\/v2\/types\/page"}],"author":[{"embeddable":true,"href":"https:\/\/cnewa.org\/es\/wp-json\/wp\/v2\/users\/70019"}],"replies":[{"embeddable":true,"href":"https:\/\/cnewa.org\/es\/wp-json\/wp\/v2\/comments?post=5273"}],"version-history":[{"count":1,"href":"https:\/\/cnewa.org\/es\/wp-json\/wp\/v2\/pages\/5273\/revisions"}],"predecessor-version":[{"id":5274,"href":"https:\/\/cnewa.org\/es\/wp-json\/wp\/v2\/pages\/5273\/revisions\/5274"}],"up":[{"embeddable":true,"href":"https:\/\/cnewa.org\/es\/wp-json\/wp\/v2\/pages\/159"}],"wp:featuredmedia":[{"embeddable":true,"href":"https:\/\/cnewa.org\/es\/wp-json\/wp\/v2\/media\/5275"}],"wp:attachment":[{"href":"https:\/\/cnewa.org\/es\/wp-json\/wp\/v2\/media?parent=5273"}],"curies":[{"name":"wp","href":"https:\/\/api.w.org\/{rel}","templated":true}]}}