{"id":6393,"date":"2025-03-12T13:10:03","date_gmt":"2025-03-12T17:10:03","guid":{"rendered":"https:\/\/cnewa.org\/es\/?page_id=6393"},"modified":"2025-03-12T14:22:06","modified_gmt":"2025-03-12T18:22:06","slug":"anuncio-de-empleo-para-oficial-de-desarrollo","status":"publish","type":"page","link":"https:\/\/cnewa.org\/es\/trabajos\/anuncio-de-empleo-para-oficial-de-desarrollo\/","title":{"rendered":"Anuncio de Empleo para Oficial de Desarrollo"},"content":{"rendered":"\n<h3 class=\"wp-block-heading\" id=\"h-sobre-el-puesto\">Sobre el puesto<\/h3>\n\n\n\n<p>CNEWA est\u00e1 buscando actualmente un Oficial de Desarrollo motivado y dedicado, responsable de solicitar el apoyo de los donantes para las actividades program\u00e1ticas de la agencia. Esto incluye cultivar y administrar a los donantes a trav\u00e9s del proceso de donaci\u00f3n, investigar nuevas oportunidades de apoyo y participar en la planificaci\u00f3n de eventos para donantes. Report\u00e1ndose ante el Director de Desarrollo, el Oficial de Desarrollo mantiene una cartera de donantes asignados y prospectos espec\u00edficos, implementa la gesti\u00f3n de movimientos con los donantes y prospectos gui\u00e1ndolos a trav\u00e9s del ciclo completo de donaciones. Se requiere que el Oficial de Desarrollo mantenga un alto est\u00e1ndar de integridad y excelencia en todas las comunicaciones y relaciones internas y externas.<\/p>\n\n\n\n<h3 class=\"wp-block-heading\" id=\"h-quienes-somos\">Qui\u00e9nes somos<\/h3>\n\n\n\n<p>La Asociaci\u00f3n Cat\u00f3lica para el Bienestar del Cercano Oriente (CNEWA, por sus siglas en ingl\u00e9s) ha sido un salvavidas para los vulnerables en todo el Medio Oriente, el noreste de \u00c1frica, la India y Europa del Este durante m\u00e1s de 95 a\u00f1os. Fundada por el Papa P\u00edo XI en 1926, CNEWA trabaja para, a trav\u00e9s y con las iglesias cat\u00f3licas orientales para identificar necesidades e implementar soluciones.<\/p>\n\n\n\n<p>Colaborando con los muchos pueblos de estas iglesias, CNEWA te conecta con tus semejantes necesitados, ayudando a formar sacerdotes para servir al pueblo de Dios en Egipto; ofreciendo suministro de riego a los agricultores del sur del L\u00edbano; ense\u00f1ando a ni\u00f1os desatendidos en Etiop\u00eda; a trav\u00e9s de la educaci\u00f3n de las hermanas en la India; apresurando ayuda de emergencia para las familias desplazadas de Oriente Medio; aconsejando a ni\u00f1os marcados por la guerra en Gaza. Juntos, edificamos la iglesia, afirmamos la dignidad humana, aliviamos la pobreza, alentamos el di\u00e1logo e inspiramos esperanza.<\/p>\n\n\n\n<h3 class=\"wp-block-heading\" id=\"h-principales-calificaciones-nbsp\">Principales Calificaciones&nbsp;<\/h3>\n\n\n\n<p>Al menos 2-3 a\u00f1os de experiencia cultivando y gestionando una cartera exitosa de donantes con una organizaci\u00f3n basada en una misi\u00f3n. Se prefiere la experiencia en caridad internacional.<\/p>\n\n\n\n<p>Historial comprobado de expansi\u00f3n de la base de donantes existente, con un enfoque clave en el aprovechamiento de donaciones individuales de 5 cifras.<\/p>\n\n\n\n<p>Capacidad para medir y evaluar las iniciativas de recaudaci\u00f3n de fondos con m\u00e9tricas y objetivos de rendimiento.<\/p>\n\n\n\n<p>Excelentes habilidades de redacci\u00f3n, edici\u00f3n, y presentaci\u00f3n.<\/p>\n\n\n\n<p>Excelentes habilidades interpersonales con la capacidad de contribuir como miembro clave del equipo de desarrollo.<\/p>\n\n\n\n<p>Requiere viajar a nivel nacional, reuni\u00e9ndose con las principales partes interesadas y donantes.<\/p>\n\n\n\n<p>Debe poseer una visi\u00f3n del mundo inclusiva y una comprensi\u00f3n de los entornos sociales, religiosos, culturales y pol\u00edticos de los pa\u00edses y las personas atendidas por CNEWA.<\/p>\n\n\n\n<p>Pasi\u00f3n por la misi\u00f3n internacional de CNEWA y capacidad para servir eficazmente como embajador de la agencia.<\/p>\n\n\n\n<p>Se prefieren las habilidades biling\u00fces tanto en ingl\u00e9s como en espa\u00f1ol.<\/p>\n\n\n\n<p>Experiencia en el uso de herramientas de CRM\/bases de datos de donantes.<\/p>\n\n\n\n<p>Conocedor de la web y las redes sociales.<\/p>\n\n\n\n<p>Se prefiere el t\u00edtulo de maestr\u00eda.<\/p>\n\n\n\n<h3 class=\"wp-block-heading\" id=\"h-las-responsabilidades-principales-incluyen-pero-no-son-exclusivas-de\">Las responsabilidades principales incluyen, pero no son exclusivas de:<\/h3>\n\n\n\n<p>Desarrollar un plan para aumentar el programa de donaciones individuales de la agencia, con un enfoque particular en llegar a nuevos grupos de inter\u00e9s.<\/p>\n\n\n\n<p>Mantiene la cartera de donantes asignados y prospectos espec\u00edficos; implementa la gesti\u00f3n de movimientos con los donantes y prospectos gui\u00e1ndolos a trav\u00e9s del ciclo completo de donaciones, administrando su relaci\u00f3n con CNEWA y, al hacerlo, aumentando el tama\u00f1o promedio de las donaciones y reduciendo la deserci\u00f3n de los donantes.&nbsp;&nbsp;&nbsp;&nbsp;&nbsp;&nbsp;&nbsp;&nbsp;<\/p>\n\n\n\n<p>Gestiona las relaciones con los posibles donantes, los puntos de contacto con los donantes y desarrolla canales de nuevos clientes potenciales fuera del grupo de donantes existente de la organizaci\u00f3n.<\/p>\n\n\n\n<p>Ayuda en la planificaci\u00f3n e implementaci\u00f3n de actividades y eventos de recaudaci\u00f3n de fondos.<\/p>\n\n\n\n<p>Participa y ayuda a fortalecer el programa de alcance parroquial dentro de las comunidades donantes espec\u00edficas.<\/p>\n\n\n\n<h3 class=\"wp-block-heading\" id=\"h-lugar-de-trabajo\">Lugar de trabajo:<\/h3>\n\n\n\n<p>En persona<\/p>\n\n\n\n<h3 class=\"wp-block-heading\" id=\"h-horario\">Horario:<\/h3>\n\n\n\n<p>Lunes a Viernes<\/p>\n\n\n\n<h3 class=\"wp-block-heading\" id=\"h-tipo-de-trabajo\">Tipo de trabajo:<\/h3>\n\n\n\n<p>Jornada completa<\/p>\n\n\n\n<h3 class=\"wp-block-heading\" id=\"h-salario\">Salario:<\/h3>\n\n\n\n<p>$75,000.00 \u2013 $80,000.00 por a\u00f1o<\/p>\n\n\n\n<p>Solicitar el puesto de Oficial de Desarrollo<\/p>\n\n\n\n<div class=\"wp-block-buttons is-layout-flex wp-block-buttons-is-layout-flex\">\n<div class=\"wp-block-button\"><a class=\"wp-block-button__link wp-element-button\" href=\"https:\/\/www.indeed.com\/job\/development-officer-1d8b063c380e0a95\">Solicite el Empleo<\/a><\/div>\n<\/div>\n\n\n\n<p><\/p>\n","protected":false},"excerpt":{"rendered":"<p>Sobre el puesto CNEWA est\u00e1 buscando actualmente un Oficial de Desarrollo motivado y dedicado, responsable de solicitar el apoyo de los donantes para las actividades program\u00e1ticas de la agencia. Esto incluye cultivar y administrar a los donantes a trav\u00e9s del proceso de donaci\u00f3n, investigar nuevas oportunidades de apoyo y participar en la planificaci\u00f3n de eventos &hellip; <a href=\"https:\/\/cnewa.org\/es\/trabajos\/anuncio-de-empleo-para-oficial-de-desarrollo\/\">Continued<\/a><\/p>\n","protected":false},"author":70019,"featured_media":0,"parent":224,"menu_order":0,"comment_status":"closed","ping_status":"closed","template":"","meta":{"_acf_changed":false,"footnotes":""},"class_list":["post-6393","page","type-page","status-publish","hentry"],"acf":[],"yoast_head":"<!-- This site is optimized with the Yoast SEO Premium plugin v27.3 (Yoast SEO v27.3) - https:\/\/yoast.com\/product\/yoast-seo-premium-wordpress\/ -->\n<title>Anuncio de Empleo para Oficial de Desarrollo | CNEWA Espa\u00f1ol<\/title>\n<meta name=\"description\" content=\"CNEWA buscando un Oficial de Desarrollo, responsable de solicitar el apoyo de los donantes para las actividades program\u00e1ticas de la agencia.\" \/>\n<meta name=\"robots\" content=\"index, follow, max-snippet:-1, max-image-preview:large, max-video-preview:-1\" \/>\n<link rel=\"canonical\" href=\"https:\/\/cnewa.org\/es\/trabajos\/anuncio-de-empleo-para-oficial-de-desarrollo\/\" \/>\n<meta property=\"og:locale\" content=\"es_ES\" \/>\n<meta property=\"og:type\" content=\"article\" \/>\n<meta property=\"og:title\" content=\"Anuncio de Empleo para Oficial de Desarrollo\" \/>\n<meta property=\"og:description\" content=\"CNEWA buscando un Oficial de Desarrollo, responsable de solicitar el apoyo de los donantes para las actividades program\u00e1ticas de la agencia.\" \/>\n<meta property=\"og:url\" content=\"https:\/\/cnewa.org\/es\/trabajos\/anuncio-de-empleo-para-oficial-de-desarrollo\/\" \/>\n<meta property=\"og:site_name\" content=\"CNEWA Espa\u00f1ol\" \/>\n<meta property=\"article:publisher\" content=\"https:\/\/www.facebook.com\/CNEWAenespanol\/\" \/>\n<meta property=\"article:modified_time\" content=\"2025-03-12T18:22:06+00:00\" \/>\n<meta name=\"twitter:card\" content=\"summary_large_image\" \/>\n<meta name=\"twitter:label1\" content=\"Tiempo de lectura\" \/>\n\t<meta name=\"twitter:data1\" content=\"3 minutos\" \/>\n<script type=\"application\/ld+json\" class=\"yoast-schema-graph\">{\"@context\":\"https:\\\/\\\/schema.org\",\"@graph\":[{\"@type\":\"WebPage\",\"@id\":\"https:\\\/\\\/cnewa.org\\\/es\\\/trabajos\\\/anuncio-de-empleo-para-oficial-de-desarrollo\\\/\",\"url\":\"https:\\\/\\\/cnewa.org\\\/es\\\/trabajos\\\/anuncio-de-empleo-para-oficial-de-desarrollo\\\/\",\"name\":\"Anuncio de Empleo para Oficial de Desarrollo | CNEWA Espa\u00f1ol\",\"isPartOf\":{\"@id\":\"https:\\\/\\\/cnewa.org\\\/es\\\/#website\"},\"datePublished\":\"2025-03-12T17:10:03+00:00\",\"dateModified\":\"2025-03-12T18:22:06+00:00\",\"description\":\"CNEWA buscando un Oficial de Desarrollo, responsable de solicitar el apoyo de los donantes para las actividades program\u00e1ticas de la agencia.\",\"breadcrumb\":{\"@id\":\"https:\\\/\\\/cnewa.org\\\/es\\\/trabajos\\\/anuncio-de-empleo-para-oficial-de-desarrollo\\\/#breadcrumb\"},\"inLanguage\":\"es\",\"potentialAction\":[{\"@type\":\"ReadAction\",\"target\":[\"https:\\\/\\\/cnewa.org\\\/es\\\/trabajos\\\/anuncio-de-empleo-para-oficial-de-desarrollo\\\/\"]}]},{\"@type\":\"BreadcrumbList\",\"@id\":\"https:\\\/\\\/cnewa.org\\\/es\\\/trabajos\\\/anuncio-de-empleo-para-oficial-de-desarrollo\\\/#breadcrumb\",\"itemListElement\":[{\"@type\":\"ListItem\",\"position\":1,\"name\":\"Inicio\",\"item\":\"https:\\\/\\\/cnewa.org\\\/es\\\/\"},{\"@type\":\"ListItem\",\"position\":2,\"name\":\"Trabajos\",\"item\":\"https:\\\/\\\/cnewa.org\\\/es\\\/trabajos\\\/\"},{\"@type\":\"ListItem\",\"position\":3,\"name\":\"Anuncio de Empleo para Oficial de Desarrollo\"}]},{\"@type\":\"WebSite\",\"@id\":\"https:\\\/\\\/cnewa.org\\\/es\\\/#website\",\"url\":\"https:\\\/\\\/cnewa.org\\\/es\\\/\",\"name\":\"CNEWA Espa\u00f1ol\",\"description\":\"Asociaci\u00f3n Cat\u00f3lica para el Bienestar del Cercano Oriente\",\"publisher\":{\"@id\":\"https:\\\/\\\/cnewa.org\\\/es\\\/#organization\"},\"potentialAction\":[{\"@type\":\"SearchAction\",\"target\":{\"@type\":\"EntryPoint\",\"urlTemplate\":\"https:\\\/\\\/cnewa.org\\\/es\\\/?s={search_term_string}\"},\"query-input\":{\"@type\":\"PropertyValueSpecification\",\"valueRequired\":true,\"valueName\":\"search_term_string\"}}],\"inLanguage\":\"es\"},{\"@type\":\"Organization\",\"@id\":\"https:\\\/\\\/cnewa.org\\\/es\\\/#organization\",\"name\":\"CNEWA Espa\u00f1ol\",\"alternateName\":\"Asociaci\u00f3n Cat\u00f3lica para el Bienestar del Cercano Oriente\",\"url\":\"https:\\\/\\\/cnewa.org\\\/es\\\/\",\"logo\":{\"@type\":\"ImageObject\",\"inLanguage\":\"es\",\"@id\":\"https:\\\/\\\/cnewa.org\\\/es\\\/#\\\/schema\\\/logo\\\/image\\\/\",\"url\":\"https:\\\/\\\/cnewa.org\\\/es\\\/wp-content\\\/uploads\\\/sites\\\/5\\\/2021\\\/07\\\/CNEWA-brand-logo.png\",\"contentUrl\":\"https:\\\/\\\/cnewa.org\\\/es\\\/wp-content\\\/uploads\\\/sites\\\/5\\\/2021\\\/07\\\/CNEWA-brand-logo.png\",\"width\":1000,\"height\":1000,\"caption\":\"CNEWA Espa\u00f1ol\"},\"image\":{\"@id\":\"https:\\\/\\\/cnewa.org\\\/es\\\/#\\\/schema\\\/logo\\\/image\\\/\"},\"sameAs\":[\"https:\\\/\\\/www.facebook.com\\\/CNEWAenespanol\\\/\",\"https:\\\/\\\/www.instagram.com\\\/cnewa1926\\\/\",\"https:\\\/\\\/www.youtube.com\\\/user\\\/TheCNEWA\"]}]}<\/script>\n<!-- \/ Yoast SEO Premium plugin. -->","yoast_head_json":{"title":"Anuncio de Empleo para Oficial de Desarrollo | CNEWA Espa\u00f1ol","description":"CNEWA buscando un Oficial de Desarrollo, responsable de solicitar el apoyo de los donantes para las actividades program\u00e1ticas de la agencia.","robots":{"index":"index","follow":"follow","max-snippet":"max-snippet:-1","max-image-preview":"max-image-preview:large","max-video-preview":"max-video-preview:-1"},"canonical":"https:\/\/cnewa.org\/es\/trabajos\/anuncio-de-empleo-para-oficial-de-desarrollo\/","og_locale":"es_ES","og_type":"article","og_title":"Anuncio de Empleo para Oficial de Desarrollo","og_description":"CNEWA buscando un Oficial de Desarrollo, responsable de solicitar el apoyo de los donantes para las actividades program\u00e1ticas de la agencia.","og_url":"https:\/\/cnewa.org\/es\/trabajos\/anuncio-de-empleo-para-oficial-de-desarrollo\/","og_site_name":"CNEWA Espa\u00f1ol","article_publisher":"https:\/\/www.facebook.com\/CNEWAenespanol\/","article_modified_time":"2025-03-12T18:22:06+00:00","twitter_card":"summary_large_image","twitter_misc":{"Tiempo de lectura":"3 minutos"},"schema":{"@context":"https:\/\/schema.org","@graph":[{"@type":"WebPage","@id":"https:\/\/cnewa.org\/es\/trabajos\/anuncio-de-empleo-para-oficial-de-desarrollo\/","url":"https:\/\/cnewa.org\/es\/trabajos\/anuncio-de-empleo-para-oficial-de-desarrollo\/","name":"Anuncio de Empleo para Oficial de Desarrollo | CNEWA Espa\u00f1ol","isPartOf":{"@id":"https:\/\/cnewa.org\/es\/#website"},"datePublished":"2025-03-12T17:10:03+00:00","dateModified":"2025-03-12T18:22:06+00:00","description":"CNEWA buscando un Oficial de Desarrollo, responsable de solicitar el apoyo de los donantes para las actividades program\u00e1ticas de la agencia.","breadcrumb":{"@id":"https:\/\/cnewa.org\/es\/trabajos\/anuncio-de-empleo-para-oficial-de-desarrollo\/#breadcrumb"},"inLanguage":"es","potentialAction":[{"@type":"ReadAction","target":["https:\/\/cnewa.org\/es\/trabajos\/anuncio-de-empleo-para-oficial-de-desarrollo\/"]}]},{"@type":"BreadcrumbList","@id":"https:\/\/cnewa.org\/es\/trabajos\/anuncio-de-empleo-para-oficial-de-desarrollo\/#breadcrumb","itemListElement":[{"@type":"ListItem","position":1,"name":"Inicio","item":"https:\/\/cnewa.org\/es\/"},{"@type":"ListItem","position":2,"name":"Trabajos","item":"https:\/\/cnewa.org\/es\/trabajos\/"},{"@type":"ListItem","position":3,"name":"Anuncio de Empleo para Oficial de Desarrollo"}]},{"@type":"WebSite","@id":"https:\/\/cnewa.org\/es\/#website","url":"https:\/\/cnewa.org\/es\/","name":"CNEWA Espa\u00f1ol","description":"Asociaci\u00f3n Cat\u00f3lica para el Bienestar del Cercano Oriente","publisher":{"@id":"https:\/\/cnewa.org\/es\/#organization"},"potentialAction":[{"@type":"SearchAction","target":{"@type":"EntryPoint","urlTemplate":"https:\/\/cnewa.org\/es\/?s={search_term_string}"},"query-input":{"@type":"PropertyValueSpecification","valueRequired":true,"valueName":"search_term_string"}}],"inLanguage":"es"},{"@type":"Organization","@id":"https:\/\/cnewa.org\/es\/#organization","name":"CNEWA Espa\u00f1ol","alternateName":"Asociaci\u00f3n Cat\u00f3lica para el Bienestar del Cercano Oriente","url":"https:\/\/cnewa.org\/es\/","logo":{"@type":"ImageObject","inLanguage":"es","@id":"https:\/\/cnewa.org\/es\/#\/schema\/logo\/image\/","url":"https:\/\/cnewa.org\/es\/wp-content\/uploads\/sites\/5\/2021\/07\/CNEWA-brand-logo.png","contentUrl":"https:\/\/cnewa.org\/es\/wp-content\/uploads\/sites\/5\/2021\/07\/CNEWA-brand-logo.png","width":1000,"height":1000,"caption":"CNEWA Espa\u00f1ol"},"image":{"@id":"https:\/\/cnewa.org\/es\/#\/schema\/logo\/image\/"},"sameAs":["https:\/\/www.facebook.com\/CNEWAenespanol\/","https:\/\/www.instagram.com\/cnewa1926\/","https:\/\/www.youtube.com\/user\/TheCNEWA"]}]}},"_links":{"self":[{"href":"https:\/\/cnewa.org\/es\/wp-json\/wp\/v2\/pages\/6393","targetHints":{"allow":["GET"]}}],"collection":[{"href":"https:\/\/cnewa.org\/es\/wp-json\/wp\/v2\/pages"}],"about":[{"href":"https:\/\/cnewa.org\/es\/wp-json\/wp\/v2\/types\/page"}],"author":[{"embeddable":true,"href":"https:\/\/cnewa.org\/es\/wp-json\/wp\/v2\/users\/70019"}],"replies":[{"embeddable":true,"href":"https:\/\/cnewa.org\/es\/wp-json\/wp\/v2\/comments?post=6393"}],"version-history":[{"count":2,"href":"https:\/\/cnewa.org\/es\/wp-json\/wp\/v2\/pages\/6393\/revisions"}],"predecessor-version":[{"id":6407,"href":"https:\/\/cnewa.org\/es\/wp-json\/wp\/v2\/pages\/6393\/revisions\/6407"}],"up":[{"embeddable":true,"href":"https:\/\/cnewa.org\/es\/wp-json\/wp\/v2\/pages\/224"}],"wp:attachment":[{"href":"https:\/\/cnewa.org\/es\/wp-json\/wp\/v2\/media?parent=6393"}],"curies":[{"name":"wp","href":"https:\/\/api.w.org\/{rel}","templated":true}]}}