{"id":6400,"date":"2025-03-12T13:34:25","date_gmt":"2025-03-12T17:34:25","guid":{"rendered":"https:\/\/cnewa.org\/es\/?page_id=6400"},"modified":"2025-03-12T13:44:24","modified_gmt":"2025-03-12T17:44:24","slug":"especialista-en-redes-sociales","status":"publish","type":"page","link":"https:\/\/cnewa.org\/es\/trabajos\/especialista-en-redes-sociales\/","title":{"rendered":"Anuncio de Empleo para Especialista en Redes Sociales"},"content":{"rendered":"\n<h3 class=\"wp-block-heading\" id=\"h-sobre-el-puesto\">Sobre el puesto<\/h3>\n\n\n\n<p>CNEWA busca un especialista en redes sociales innovador y creativo que se apasione por conectar a nuestras audiencias actuales y futuras con la misi\u00f3n y los valores de CNEWA.<\/p>\n\n\n\n<h3 class=\"wp-block-heading\" id=\"h-quienes-somos\">Qui\u00e9nes somos<\/h3>\n\n\n\n<p>La Asociaci\u00f3n Cat\u00f3lica para el Bienestar del Cercano Oriente (CNEWA, por sus siglas en ingl\u00e9s) ha sido un salvavidas para los vulnerables en todo el Medio Oriente, el noreste de \u00c1frica, la India y Europa del Este durante m\u00e1s de 95 a\u00f1os. Fundada por el Papa P\u00edo XI en 1926, CNEWA trabaja para, a trav\u00e9s y con las iglesias cat\u00f3licas orientales para identificar necesidades e implementar soluciones.<\/p>\n\n\n\n<p>Colaborando con los muchos pueblos de estas iglesias, CNEWA te conecta con tus semejantes necesitados, ayudando a formar sacerdotes para servir al pueblo de Dios en Egipto; ofreciendo suministro de riego a los agricultores del sur del L\u00edbano; ense\u00f1ando a ni\u00f1os desatendidos en Etiop\u00eda; a trav\u00e9s de la educaci\u00f3n de las hermanas en la India; apresurando ayuda de emergencia para las familias desplazadas de Oriente Medio; aconsejando a ni\u00f1os marcados por la guerra en Gaza. Juntos, edificamos la iglesia, afirmamos la dignidad humana, aliviamos la pobreza, alentamos el di\u00e1logo e inspiramos esperanza.<\/p>\n\n\n\n<h3 class=\"wp-block-heading\" id=\"h-principales-calificaciones\">Principales Calificaciones<\/h3>\n\n\n\n<ul class=\"wp-block-list\">\n<li>Saber c\u00f3mo rastrear el tr\u00e1fico a CNEWA a trav\u00e9s de las redes sociales para determinar qu\u00e9 funciona mejor u obtiene la mayor\u00eda de las respuestas, de modo que \u00e9l o ella y el equipo editorial puedan usar esos an\u00e1lisis para aumentar la audiencia y el tr\u00e1fico del sitio.<\/li>\n\n\n\n<li>Comprender la misi\u00f3n\/marca\/p\u00fablico objetivo\/base de donantes de CNEWA.<\/li>\n\n\n\n<li>Ser capaz de priorizar los comentarios que merecen una respuesta y canalizar, cuando sea necesario, a otro personal adecuado para un seguimiento posterior. Saber qu\u00e9 evitar e ignorar. Saber c\u00f3mo cultivar clientes potenciales.<\/li>\n\n\n\n<li>Crear y publicar videos e im\u00e1genes para compartir.<\/li>\n\n\n\n<li>Capaz de trabajar con un equipo creativo para hacer ilustraciones y memes.<\/li>\n\n\n\n<li>Ayudar con la gesti\u00f3n de contenido, incluido el sitio web de la agencia.<\/li>\n\n\n\n<li>Es creativo y se mantiene al tanto de las tendencias y tecnolog\u00edas emergentes.<\/li>\n\n\n\n<li>Se prefieren los t\u00edtulos de relaciones p\u00fablicas, marketing y periodismo en redes sociales.<\/li>\n\n\n\n<li>Se prefieren los t\u00edtulos de relaciones p\u00fablicas, marketing y periodismo en redes sociales.<\/li>\n\n\n\n<li>Conocer la gesti\u00f3n de sitios web (CMS)<\/li>\n\n\n\n<li>Debe poseer una visi\u00f3n inclusiva del mundo y una comprensi\u00f3n de los entornos religiosos, culturales y sociales de los pa\u00edses y las personas atendidas por CNEWA.<\/li>\n\n\n\n<li>Pasi\u00f3n por la misi\u00f3n internacional de CNEWA.<\/li>\n\n\n\n<li>Preferiblemente biling\u00fce que hable espa\u00f1ol<\/li>\n\n\n\n<li><\/li>\n<\/ul>\n\n\n\n<h3 class=\"wp-block-heading\" id=\"h-beneficios\">Beneficios:<\/h3>\n\n\n\n<p><\/p>\n\n\n\n<ul class=\"wp-block-list\">\n<li>401(k)<\/li>\n\n\n\n<li>Seguro dental<\/li>\n\n\n\n<li>Horario flexible<\/li>\n\n\n\n<li>Cuenta de gastos flexible<\/li>\n\n\n\n<li>Seguro de salud<\/li>\n\n\n\n<li>Seguro de vida<\/li>\n\n\n\n<li>Tiempo libre remunerado<\/li>\n\n\n\n<li>Asistencia para el desarrollo profesional<\/li>\n\n\n\n<li>Plan de jubilaci\u00f3n<\/li>\n\n\n\n<li>Seguro de visi\u00f3n<\/li>\n<\/ul>\n\n\n\n<h3 class=\"wp-block-heading\" id=\"h-experiencia\">Experiencia:<\/h3>\n\n\n\n<p>Marketing en Redes Sociales: 2 a\u00f1os (Preferido)<\/p>\n\n\n\n<h3 class=\"wp-block-heading\" id=\"h-lugar-de-trabajo\">Lugar de trabajo:<\/h3>\n\n\n\n<p>En persona<\/p>\n\n\n\n<h3 class=\"wp-block-heading\" id=\"h-horario\">Horario:<\/h3>\n\n\n\n<p>Lunes a Viernes<\/p>\n\n\n\n<h3 class=\"wp-block-heading\" id=\"h-tipo-de-trabajo\">Tipo de trabajo:<\/h3>\n\n\n\n<p>Jornada completa<\/p>\n\n\n\n<h3 class=\"wp-block-heading\" id=\"h-salario\">Salario:<\/h3>\n\n\n\n<p>$50,000.00 \u2013 $60,000.00 por a\u00f1o<\/p>\n\n\n\n<div class=\"wp-block-buttons is-layout-flex wp-block-buttons-is-layout-flex\">\n<div class=\"wp-block-button\"><a class=\"wp-block-button__link wp-element-button\" href=\"https:\/\/www.indeed.com\/job\/social-media-specialist-51d3ca8af7d55ec0\">Solicite la Posici\u00f3n<\/a><\/div>\n<\/div>\n","protected":false},"excerpt":{"rendered":"<p>Sobre el puesto CNEWA busca un especialista en redes sociales innovador y creativo que se apasione por conectar a nuestras audiencias actuales y futuras con la misi\u00f3n y los valores de CNEWA. Qui\u00e9nes somos La Asociaci\u00f3n Cat\u00f3lica para el Bienestar del Cercano Oriente (CNEWA, por sus siglas en ingl\u00e9s) ha sido un salvavidas para los &hellip; <a href=\"https:\/\/cnewa.org\/es\/trabajos\/especialista-en-redes-sociales\/\">Continued<\/a><\/p>\n","protected":false},"author":70019,"featured_media":0,"parent":224,"menu_order":0,"comment_status":"closed","ping_status":"closed","template":"","meta":{"_acf_changed":false,"footnotes":""},"class_list":["post-6400","page","type-page","status-publish","hentry"],"acf":[],"yoast_head":"<!-- This site is optimized with the Yoast SEO Premium plugin v27.3 (Yoast SEO v27.3) - https:\/\/yoast.com\/product\/yoast-seo-premium-wordpress\/ -->\n<title>Anuncio de Empleo para Especialista en Redes Sociales | CNEWA Espa\u00f1ol<\/title>\n<meta name=\"description\" content=\"CNEWA busca un especialista en redes sociales que conecte a nuestras audiencias actuales y futuras con la misi\u00f3n y valores de CNEWA.\" \/>\n<meta name=\"robots\" content=\"index, follow, max-snippet:-1, max-image-preview:large, max-video-preview:-1\" \/>\n<link rel=\"canonical\" href=\"https:\/\/cnewa.org\/es\/trabajos\/especialista-en-redes-sociales\/\" \/>\n<meta property=\"og:locale\" content=\"es_ES\" \/>\n<meta property=\"og:type\" content=\"article\" \/>\n<meta property=\"og:title\" content=\"Anuncio de Empleo para Especialista en Redes Sociales\" \/>\n<meta property=\"og:description\" content=\"CNEWA busca un especialista en redes sociales que conecte a nuestras audiencias actuales y futuras con la misi\u00f3n y valores de CNEWA.\" \/>\n<meta property=\"og:url\" content=\"https:\/\/cnewa.org\/es\/trabajos\/especialista-en-redes-sociales\/\" \/>\n<meta property=\"og:site_name\" content=\"CNEWA Espa\u00f1ol\" \/>\n<meta property=\"article:publisher\" content=\"https:\/\/www.facebook.com\/CNEWAenespanol\/\" \/>\n<meta property=\"article:modified_time\" content=\"2025-03-12T17:44:24+00:00\" \/>\n<meta name=\"twitter:card\" content=\"summary_large_image\" \/>\n<meta name=\"twitter:label1\" content=\"Tiempo de lectura\" \/>\n\t<meta name=\"twitter:data1\" content=\"3 minutos\" \/>\n<script type=\"application\/ld+json\" class=\"yoast-schema-graph\">{\"@context\":\"https:\\\/\\\/schema.org\",\"@graph\":[{\"@type\":\"WebPage\",\"@id\":\"https:\\\/\\\/cnewa.org\\\/es\\\/trabajos\\\/especialista-en-redes-sociales\\\/\",\"url\":\"https:\\\/\\\/cnewa.org\\\/es\\\/trabajos\\\/especialista-en-redes-sociales\\\/\",\"name\":\"Anuncio de Empleo para Especialista en Redes Sociales | CNEWA Espa\u00f1ol\",\"isPartOf\":{\"@id\":\"https:\\\/\\\/cnewa.org\\\/es\\\/#website\"},\"datePublished\":\"2025-03-12T17:34:25+00:00\",\"dateModified\":\"2025-03-12T17:44:24+00:00\",\"description\":\"CNEWA busca un especialista en redes sociales que conecte a nuestras audiencias actuales y futuras con la misi\u00f3n y valores de CNEWA.\",\"breadcrumb\":{\"@id\":\"https:\\\/\\\/cnewa.org\\\/es\\\/trabajos\\\/especialista-en-redes-sociales\\\/#breadcrumb\"},\"inLanguage\":\"es\",\"potentialAction\":[{\"@type\":\"ReadAction\",\"target\":[\"https:\\\/\\\/cnewa.org\\\/es\\\/trabajos\\\/especialista-en-redes-sociales\\\/\"]}]},{\"@type\":\"BreadcrumbList\",\"@id\":\"https:\\\/\\\/cnewa.org\\\/es\\\/trabajos\\\/especialista-en-redes-sociales\\\/#breadcrumb\",\"itemListElement\":[{\"@type\":\"ListItem\",\"position\":1,\"name\":\"Inicio\",\"item\":\"https:\\\/\\\/cnewa.org\\\/es\\\/\"},{\"@type\":\"ListItem\",\"position\":2,\"name\":\"Trabajos\",\"item\":\"https:\\\/\\\/cnewa.org\\\/es\\\/trabajos\\\/\"},{\"@type\":\"ListItem\",\"position\":3,\"name\":\"Anuncio de Empleo para Especialista en Redes Sociales\"}]},{\"@type\":\"WebSite\",\"@id\":\"https:\\\/\\\/cnewa.org\\\/es\\\/#website\",\"url\":\"https:\\\/\\\/cnewa.org\\\/es\\\/\",\"name\":\"CNEWA Espa\u00f1ol\",\"description\":\"Asociaci\u00f3n Cat\u00f3lica para el Bienestar del Cercano Oriente\",\"publisher\":{\"@id\":\"https:\\\/\\\/cnewa.org\\\/es\\\/#organization\"},\"potentialAction\":[{\"@type\":\"SearchAction\",\"target\":{\"@type\":\"EntryPoint\",\"urlTemplate\":\"https:\\\/\\\/cnewa.org\\\/es\\\/?s={search_term_string}\"},\"query-input\":{\"@type\":\"PropertyValueSpecification\",\"valueRequired\":true,\"valueName\":\"search_term_string\"}}],\"inLanguage\":\"es\"},{\"@type\":\"Organization\",\"@id\":\"https:\\\/\\\/cnewa.org\\\/es\\\/#organization\",\"name\":\"CNEWA Espa\u00f1ol\",\"alternateName\":\"Asociaci\u00f3n Cat\u00f3lica para el Bienestar del Cercano Oriente\",\"url\":\"https:\\\/\\\/cnewa.org\\\/es\\\/\",\"logo\":{\"@type\":\"ImageObject\",\"inLanguage\":\"es\",\"@id\":\"https:\\\/\\\/cnewa.org\\\/es\\\/#\\\/schema\\\/logo\\\/image\\\/\",\"url\":\"https:\\\/\\\/cnewa.org\\\/es\\\/wp-content\\\/uploads\\\/sites\\\/5\\\/2021\\\/07\\\/CNEWA-brand-logo.png\",\"contentUrl\":\"https:\\\/\\\/cnewa.org\\\/es\\\/wp-content\\\/uploads\\\/sites\\\/5\\\/2021\\\/07\\\/CNEWA-brand-logo.png\",\"width\":1000,\"height\":1000,\"caption\":\"CNEWA Espa\u00f1ol\"},\"image\":{\"@id\":\"https:\\\/\\\/cnewa.org\\\/es\\\/#\\\/schema\\\/logo\\\/image\\\/\"},\"sameAs\":[\"https:\\\/\\\/www.facebook.com\\\/CNEWAenespanol\\\/\",\"https:\\\/\\\/www.instagram.com\\\/cnewa1926\\\/\",\"https:\\\/\\\/www.youtube.com\\\/user\\\/TheCNEWA\"]}]}<\/script>\n<!-- \/ Yoast SEO Premium plugin. -->","yoast_head_json":{"title":"Anuncio de Empleo para Especialista en Redes Sociales | CNEWA Espa\u00f1ol","description":"CNEWA busca un especialista en redes sociales que conecte a nuestras audiencias actuales y futuras con la misi\u00f3n y valores de CNEWA.","robots":{"index":"index","follow":"follow","max-snippet":"max-snippet:-1","max-image-preview":"max-image-preview:large","max-video-preview":"max-video-preview:-1"},"canonical":"https:\/\/cnewa.org\/es\/trabajos\/especialista-en-redes-sociales\/","og_locale":"es_ES","og_type":"article","og_title":"Anuncio de Empleo para Especialista en Redes Sociales","og_description":"CNEWA busca un especialista en redes sociales que conecte a nuestras audiencias actuales y futuras con la misi\u00f3n y valores de CNEWA.","og_url":"https:\/\/cnewa.org\/es\/trabajos\/especialista-en-redes-sociales\/","og_site_name":"CNEWA Espa\u00f1ol","article_publisher":"https:\/\/www.facebook.com\/CNEWAenespanol\/","article_modified_time":"2025-03-12T17:44:24+00:00","twitter_card":"summary_large_image","twitter_misc":{"Tiempo de lectura":"3 minutos"},"schema":{"@context":"https:\/\/schema.org","@graph":[{"@type":"WebPage","@id":"https:\/\/cnewa.org\/es\/trabajos\/especialista-en-redes-sociales\/","url":"https:\/\/cnewa.org\/es\/trabajos\/especialista-en-redes-sociales\/","name":"Anuncio de Empleo para Especialista en Redes Sociales | CNEWA Espa\u00f1ol","isPartOf":{"@id":"https:\/\/cnewa.org\/es\/#website"},"datePublished":"2025-03-12T17:34:25+00:00","dateModified":"2025-03-12T17:44:24+00:00","description":"CNEWA busca un especialista en redes sociales que conecte a nuestras audiencias actuales y futuras con la misi\u00f3n y valores de CNEWA.","breadcrumb":{"@id":"https:\/\/cnewa.org\/es\/trabajos\/especialista-en-redes-sociales\/#breadcrumb"},"inLanguage":"es","potentialAction":[{"@type":"ReadAction","target":["https:\/\/cnewa.org\/es\/trabajos\/especialista-en-redes-sociales\/"]}]},{"@type":"BreadcrumbList","@id":"https:\/\/cnewa.org\/es\/trabajos\/especialista-en-redes-sociales\/#breadcrumb","itemListElement":[{"@type":"ListItem","position":1,"name":"Inicio","item":"https:\/\/cnewa.org\/es\/"},{"@type":"ListItem","position":2,"name":"Trabajos","item":"https:\/\/cnewa.org\/es\/trabajos\/"},{"@type":"ListItem","position":3,"name":"Anuncio de Empleo para Especialista en Redes Sociales"}]},{"@type":"WebSite","@id":"https:\/\/cnewa.org\/es\/#website","url":"https:\/\/cnewa.org\/es\/","name":"CNEWA Espa\u00f1ol","description":"Asociaci\u00f3n Cat\u00f3lica para el Bienestar del Cercano Oriente","publisher":{"@id":"https:\/\/cnewa.org\/es\/#organization"},"potentialAction":[{"@type":"SearchAction","target":{"@type":"EntryPoint","urlTemplate":"https:\/\/cnewa.org\/es\/?s={search_term_string}"},"query-input":{"@type":"PropertyValueSpecification","valueRequired":true,"valueName":"search_term_string"}}],"inLanguage":"es"},{"@type":"Organization","@id":"https:\/\/cnewa.org\/es\/#organization","name":"CNEWA Espa\u00f1ol","alternateName":"Asociaci\u00f3n Cat\u00f3lica para el Bienestar del Cercano Oriente","url":"https:\/\/cnewa.org\/es\/","logo":{"@type":"ImageObject","inLanguage":"es","@id":"https:\/\/cnewa.org\/es\/#\/schema\/logo\/image\/","url":"https:\/\/cnewa.org\/es\/wp-content\/uploads\/sites\/5\/2021\/07\/CNEWA-brand-logo.png","contentUrl":"https:\/\/cnewa.org\/es\/wp-content\/uploads\/sites\/5\/2021\/07\/CNEWA-brand-logo.png","width":1000,"height":1000,"caption":"CNEWA Espa\u00f1ol"},"image":{"@id":"https:\/\/cnewa.org\/es\/#\/schema\/logo\/image\/"},"sameAs":["https:\/\/www.facebook.com\/CNEWAenespanol\/","https:\/\/www.instagram.com\/cnewa1926\/","https:\/\/www.youtube.com\/user\/TheCNEWA"]}]}},"_links":{"self":[{"href":"https:\/\/cnewa.org\/es\/wp-json\/wp\/v2\/pages\/6400","targetHints":{"allow":["GET"]}}],"collection":[{"href":"https:\/\/cnewa.org\/es\/wp-json\/wp\/v2\/pages"}],"about":[{"href":"https:\/\/cnewa.org\/es\/wp-json\/wp\/v2\/types\/page"}],"author":[{"embeddable":true,"href":"https:\/\/cnewa.org\/es\/wp-json\/wp\/v2\/users\/70019"}],"replies":[{"embeddable":true,"href":"https:\/\/cnewa.org\/es\/wp-json\/wp\/v2\/comments?post=6400"}],"version-history":[{"count":3,"href":"https:\/\/cnewa.org\/es\/wp-json\/wp\/v2\/pages\/6400\/revisions"}],"predecessor-version":[{"id":6406,"href":"https:\/\/cnewa.org\/es\/wp-json\/wp\/v2\/pages\/6400\/revisions\/6406"}],"up":[{"embeddable":true,"href":"https:\/\/cnewa.org\/es\/wp-json\/wp\/v2\/pages\/224"}],"wp:attachment":[{"href":"https:\/\/cnewa.org\/es\/wp-json\/wp\/v2\/media?parent=6400"}],"curies":[{"name":"wp","href":"https:\/\/api.w.org\/{rel}","templated":true}]}}