{"id":6500,"date":"2025-04-16T12:02:15","date_gmt":"2025-04-16T16:02:15","guid":{"rendered":"https:\/\/cnewa.org\/es\/?page_id=6500"},"modified":"2025-04-16T12:44:18","modified_gmt":"2025-04-16T16:44:18","slug":"reflexiones-diarias-del-sagrado-corazon","status":"publish","type":"page","link":"https:\/\/cnewa.org\/es\/reflexiones-diarias-del-sagrado-corazon\/","title":{"rendered":"Reflexiones Diarias del Sagrado Coraz\u00f3n"},"content":{"rendered":"\n<h2 class=\"wp-block-heading\" id=\"h-unase-a-cnewa-para-un-viaje-diario-por-correo-electronico-a-traves-de-las-palabras-del-papa-francisco-para-levantar-nuestros-espiritus-mientras-contemplamos-la-devocion-al-sagrado-corazon-de-jesus-en-esta-temporada-de-pascua-de-resurreccion\">\u00danase a CNEWA para un viaje diario por correo electr\u00f3nico a trav\u00e9s de las palabras del Papa Francisco para levantar nuestros esp\u00edritus mientras contemplamos la devoci\u00f3n al Sagrado Coraz\u00f3n de Jes\u00fas en esta temporada de Pascua de Resurrecci\u00f3n.<\/h2>\n\n\n\n<p><em><em>Oh, sagrado coraz\u00f3n de Jes\u00fas, pongo mi confianza en ti,&nbsp;<\/em><br><em>pase lo que me pase, Se\u00f1or, por oscura que sea la hora;&nbsp;<\/em><br><em>en todas mis aflicciones, en todas mis alegr\u00edas, aunque no veo nada m\u00e1s que dolor,<\/em><br><em>\u00a1Oh, sagrado coraz\u00f3n de Jes\u00fas, pongo mi confianza en ti!<\/em>&nbsp;<\/em><\/p>\n\n\n\n<p>Para algunos, las palabras de las oraciones cat\u00f3licas tradicionales y los actos de devoci\u00f3n al Sagrado Coraz\u00f3n de Jes\u00fas recuerdan, tal vez sentimentalmente, una \u00e9poca m\u00e1s sencilla de la historia de la humanidad. Para el Papa Francisco, sin embargo, la devoci\u00f3n al Sagrado Coraz\u00f3n es medicina para un pueblo que se ha vuelto \u201csin coraz\u00f3n\u201d, para una sociedad que se ha vuelto indiferente a la codicia y llena de miedo, ira y violencia.<\/p>\n\n\n\n<p>Sin lugar a dudas, vivimos en una era de caos y disrupci\u00f3n. Nuestro ritmo fren\u00e9tico constante, alimentado por las incertidumbres socioecon\u00f3micas y pol\u00edticas agravadas por un ciclo de noticias las 24 horas del d\u00eda, los 7 d\u00edas de la semana, nos ha dejado exhaustos e incluso insensibles a las tragedias de nuestro mundo roto.&nbsp;<\/p>\n\n\n\n<p><strong>Desde este lunes de Pascua, 21 de abril, hasta la solemnidad del Sagrado Coraz\u00f3n de Jes\u00fas, el viernes 27 de junio, t\u00f3mese un momento cada d\u00eda para darle espacio al coraz\u00f3n. Brinde espacio a las reflexiones cotidianas del Papa Francisco, que en su \u00faltima enc\u00edclica invita a los cat\u00f3licos, y a todas las personas de buena voluntad, a redescubrir el Sagrado Coraz\u00f3n y el amor radical en el coraz\u00f3n del Evangelio.<\/strong><\/p>\n\n\n\n<h3 class=\"wp-block-heading\" id=\"h-unase-a-la-red-mundial-de-cnewa-mientras-juntos-nos-encontramos-con-la-herida-de-su-corazon-suscribase-a-las-reflexiones-diarias-sobre-dilexit-nos-por-correo-electronico\">\u00danase a la red mundial de CNEWA, mientras juntos nos encontramos con la \u201cherida de su coraz\u00f3n\u201d. Suscr\u00edbase a las reflexiones diarias sobre <em>Dilexit nos<\/em> por correo electr\u00f3nico .<\/h3>\n\n\n<script>\nvar gform;gform||(document.addEventListener(\"gform_main_scripts_loaded\",function(){gform.scriptsLoaded=!0}),document.addEventListener(\"gform\/theme\/scripts_loaded\",function(){gform.themeScriptsLoaded=!0}),window.addEventListener(\"DOMContentLoaded\",function(){gform.domLoaded=!0}),gform={domLoaded:!1,scriptsLoaded:!1,themeScriptsLoaded:!1,isFormEditor:()=>\"function\"==typeof InitializeEditor,callIfLoaded:function(o){return!(!gform.domLoaded||!gform.scriptsLoaded||!gform.themeScriptsLoaded&&!gform.isFormEditor()||(gform.isFormEditor()&&console.warn(\"The use of gform.initializeOnLoaded() is deprecated in the form editor context and will be removed in Gravity Forms 3.1.\"),o(),0))},initializeOnLoaded:function(o){gform.callIfLoaded(o)||(document.addEventListener(\"gform_main_scripts_loaded\",()=>{gform.scriptsLoaded=!0,gform.callIfLoaded(o)}),document.addEventListener(\"gform\/theme\/scripts_loaded\",()=>{gform.themeScriptsLoaded=!0,gform.callIfLoaded(o)}),window.addEventListener(\"DOMContentLoaded\",()=>{gform.domLoaded=!0,gform.callIfLoaded(o)}))},hooks:{action:{},filter:{}},addAction:function(o,r,e,t){gform.addHook(\"action\",o,r,e,t)},addFilter:function(o,r,e,t){gform.addHook(\"filter\",o,r,e,t)},doAction:function(o){gform.doHook(\"action\",o,arguments)},applyFilters:function(o){return gform.doHook(\"filter\",o,arguments)},removeAction:function(o,r){gform.removeHook(\"action\",o,r)},removeFilter:function(o,r,e){gform.removeHook(\"filter\",o,r,e)},addHook:function(o,r,e,t,n){null==gform.hooks[o][r]&&(gform.hooks[o][r]=[]);var d=gform.hooks[o][r];null==n&&(n=r+\"_\"+d.length),gform.hooks[o][r].push({tag:n,callable:e,priority:t=null==t?10:t})},doHook:function(r,o,e){var t;if(e=Array.prototype.slice.call(e,1),null!=gform.hooks[r][o]&&((o=gform.hooks[r][o]).sort(function(o,r){return o.priority-r.priority}),o.forEach(function(o){\"function\"!=typeof(t=o.callable)&&(t=window[t]),\"action\"==r?t.apply(null,e):e[0]=t.apply(null,e)})),\"filter\"==r)return e[0]},removeHook:function(o,r,t,n){var e;null!=gform.hooks[o][r]&&(e=(e=gform.hooks[o][r]).filter(function(o,r,e){return!!(null!=n&&n!=o.tag||null!=t&&t!=o.priority)}),gform.hooks[o][r]=e)}});\n<\/script>\n\n                <div class='gf_browser_gecko gform_wrapper gravity-theme gform-theme--no-framework' data-form-theme='gravity-theme' data-form-index='0' id='gform_wrapper_13' ><div id='gf_13' class='gform_anchor' tabindex='-1'><\/div><form method='post' enctype='multipart\/form-data' target='gform_ajax_frame_13' id='gform_13'  action='\/es\/wp-json\/wp\/v2\/pages\/6500#gf_13' data-formid='13' novalidate>\n                        <div class='gform-body gform_body'><div id='gform_fields_13' class='gform_fields top_label form_sublabel_below description_below validation_below'><fieldset id=\"field_13_1\" class=\"gfield gfield--type-name gfield--input-type-name field_sublabel_below gfield--no-description field_description_below field_validation_below gfield_visibility_visible\"  ><legend class='gfield_label gform-field-label gfield_label_before_complex' >Nombre<\/legend><div class='ginput_complex ginput_container ginput_container--name no_prefix has_first_name no_middle_name has_last_name no_suffix gf_name_has_2 ginput_container_name gform-grid-row' id='input_13_1'>\n                            \n                            <span id='input_13_1_3_container' class='name_first gform-grid-col gform-grid-col--size-auto' >\n                                                    <input type='text' name='input_1.3' id='input_13_1_3' value=''   aria-required='false'     \/>\n                                                    <label for='input_13_1_3' class='gform-field-label gform-field-label--type-sub '>Nombre<\/label>\n                                                <\/span>\n                            \n                            <span id='input_13_1_6_container' class='name_last gform-grid-col gform-grid-col--size-auto' >\n                                                    <input type='text' name='input_1.6' id='input_13_1_6' value=''   aria-required='false'     \/>\n                                                    <label for='input_13_1_6' class='gform-field-label gform-field-label--type-sub '>Apellidos<\/label>\n                                                <\/span>\n                            \n                        <\/div><\/fieldset><div id=\"field_13_3\" class=\"gfield gfield--type-email gfield--input-type-email gfield--width-full field_sublabel_below gfield--no-description field_description_below field_validation_below gfield_visibility_visible\"  ><label class='gfield_label gform-field-label' for='input_13_3'>Correo electr\u00f3nico<\/label><div class='ginput_container ginput_container_email'>\n                            <input name='input_3' id='input_13_3' type='email' value='' class='large'     aria-invalid=\"false\"  \/>\n                        <\/div><\/div><div id=\"field_13_4\" class=\"gfield gfield--type-captcha gfield--input-type-captcha gfield--width-full field_sublabel_below gfield--no-description field_description_below field_validation_below gfield_visibility_visible\"  ><label class='gfield_label gform-field-label' for='input_13_4'>CAPTCHA<\/label><div id='input_13_4' class='ginput_container ginput_recaptcha' data-sitekey='6LcZ5OUcAAAAACuyk-Qlyszk7XEHdphQ7u2nrH4N'  data-theme='light' data-tabindex='0'  data-badge=''><\/div><\/div><\/div><\/div>\n        <div class='gform-footer gform_footer top_label'> <input type='submit' id='gform_submit_button_13' class='gform_button button' onclick='gform.submission.handleButtonClick(this);' data-submission-type='submit' value='Enviar'  \/> <input type='hidden' name='gform_ajax' value='form_id=13&amp;title=&amp;description=&amp;tabindex=0&amp;theme=gravity-theme&amp;styles={&quot;inputPrimaryColor&quot;:&quot;#204ce5&quot;}&amp;hash=663724426a4c81c1b0e8099043b15580' \/>\n            <input type='hidden' class='gform_hidden' name='gform_submission_method' data-js='gform_submission_method_13' value='iframe' \/>\n            <input type='hidden' class='gform_hidden' name='gform_theme' data-js='gform_theme_13' id='gform_theme_13' value='gravity-theme' \/>\n            <input type='hidden' class='gform_hidden' name='gform_style_settings' data-js='gform_style_settings_13' id='gform_style_settings_13' value='{&quot;inputPrimaryColor&quot;:&quot;#204ce5&quot;}' \/>\n            <input type='hidden' class='gform_hidden' name='is_submit_13' value='1' \/>\n            <input type='hidden' class='gform_hidden' name='gform_submit' value='13' \/>\n            \n            <input type='hidden' class='gform_hidden' name='gform_currency' data-currency='USD' value='f1goQrOMPphClxl9YuGD8yR2RYrWkWCKAYkviAv5\/JPQb4a1RoD2ypi2sMhTMoUqd8UcuovMsC7vqTNHxk9L67hdrfdmHhFWcUDOQmdNjriqUZk=' \/>\n            <input type='hidden' class='gform_hidden' name='gform_unique_id' value='' \/>\n            <input type='hidden' class='gform_hidden' name='state_13' value='WyJbXSIsIjI0MDNlZTkwYWFlZjk0NTE5YmRjMjAyMWIyNTI1YzZmIl0=' \/>\n            <input type='hidden' autocomplete='off' class='gform_hidden' name='gform_target_page_number_13' id='gform_target_page_number_13' value='0' \/>\n            <input type='hidden' autocomplete='off' class='gform_hidden' name='gform_source_page_number_13' id='gform_source_page_number_13' value='1' \/>\n            <input type='hidden' name='gform_field_values' value='' \/>\n            \n        <\/div>\n                        <\/form>\n                        <\/div>\n\t\t                <iframe style='display:none;width:0px;height:0px;' src='about:blank' name='gform_ajax_frame_13' id='gform_ajax_frame_13' title='Este iframe contiene la l\u00f3gica necesaria para gestionar formularios con ajax activado.'><\/iframe>\n\t\t                <script>\ngform.initializeOnLoaded( function() {gformInitSpinner( 13, 'https:\/\/cnewa.org\/es\/wp-content\/plugins\/gravityforms\/images\/spinner.svg', true );jQuery('#gform_ajax_frame_13').on('load',function(){var contents = jQuery(this).contents().find('*').html();var is_postback = contents.indexOf('GF_AJAX_POSTBACK') >= 0;if(!is_postback){return;}var form_content = jQuery(this).contents().find('#gform_wrapper_13');var is_confirmation = jQuery(this).contents().find('#gform_confirmation_wrapper_13').length > 0;var is_redirect = contents.indexOf('gformRedirect(){') >= 0;var is_form = form_content.length > 0 && ! is_redirect && ! is_confirmation;var mt = parseInt(jQuery('html').css('margin-top'), 10) + parseInt(jQuery('body').css('margin-top'), 10) + 100;if(is_form){jQuery('#gform_wrapper_13').html(form_content.html());if(form_content.hasClass('gform_validation_error')){jQuery('#gform_wrapper_13').addClass('gform_validation_error');} else {jQuery('#gform_wrapper_13').removeClass('gform_validation_error');}setTimeout( function() { \/* delay the scroll by 50 milliseconds to fix a bug in chrome *\/ jQuery(document).scrollTop(jQuery('#gform_wrapper_13').offset().top - mt); }, 50 );if(window['gformInitDatepicker']) {gformInitDatepicker();}if(window['gformInitPriceFields']) {gformInitPriceFields();}var current_page = jQuery('#gform_source_page_number_13').val();gformInitSpinner( 13, 'https:\/\/cnewa.org\/es\/wp-content\/plugins\/gravityforms\/images\/spinner.svg', true );jQuery(document).trigger('gform_page_loaded', [13, current_page]);window['gf_submitting_13'] = false;}else if(!is_redirect){var confirmation_content = jQuery(this).contents().find('.GF_AJAX_POSTBACK').html();if(!confirmation_content){confirmation_content = contents;}jQuery('#gform_wrapper_13').replaceWith(confirmation_content);jQuery(document).scrollTop(jQuery('#gf_13').offset().top - mt);jQuery(document).trigger('gform_confirmation_loaded', [13]);window['gf_submitting_13'] = false;wp.a11y.speak(jQuery('#gform_confirmation_message_13').text());}else{jQuery('#gform_13').append(contents);if(window['gformRedirect']) {gformRedirect();}}jQuery(document).trigger(\"gform_pre_post_render\", [{ formId: \"13\", currentPage: \"current_page\", abort: function() { this.preventDefault(); } }]);        if (event && event.defaultPrevented) {                return;        }        const gformWrapperDiv = document.getElementById( \"gform_wrapper_13\" );        if ( gformWrapperDiv ) {            const visibilitySpan = document.createElement( \"span\" );            visibilitySpan.id = \"gform_visibility_test_13\";            gformWrapperDiv.insertAdjacentElement( \"afterend\", visibilitySpan );        }        const visibilityTestDiv = document.getElementById( \"gform_visibility_test_13\" );        let postRenderFired = false;        function triggerPostRender() {            if ( postRenderFired ) {                return;            }            postRenderFired = true;            gform.core.triggerPostRenderEvents( 13, current_page );            if ( visibilityTestDiv ) {                visibilityTestDiv.parentNode.removeChild( visibilityTestDiv );            }        }        function debounce( func, wait, immediate ) {            var timeout;            return function() {                var context = this, args = arguments;                var later = function() {                    timeout = null;                    if ( !immediate ) func.apply( context, args );                };                var callNow = immediate && !timeout;                clearTimeout( timeout );                timeout = setTimeout( later, wait );                if ( callNow ) func.apply( context, args );            };        }        const debouncedTriggerPostRender = debounce( function() {            triggerPostRender();        }, 200 );        if ( visibilityTestDiv && visibilityTestDiv.offsetParent === null ) {            const observer = new MutationObserver( ( mutations ) => {                mutations.forEach( ( mutation ) => {                    if ( mutation.type === 'attributes' && visibilityTestDiv.offsetParent !== null ) {                        debouncedTriggerPostRender();                        observer.disconnect();                    }                });            });            observer.observe( document.body, {                attributes: true,                childList: false,                subtree: true,                attributeFilter: [ 'style', 'class' ],            });        } else {            triggerPostRender();        }    } );} );\n<\/script>\n","protected":false},"excerpt":{"rendered":"<p>\u00danase a CNEWA para un viaje diario por correo electr\u00f3nico a trav\u00e9s de las palabras del Papa Francisco para levantar nuestros esp\u00edritus mientras contemplamos la devoci\u00f3n al Sagrado Coraz\u00f3n de Jes\u00fas en esta temporada de Pascua de Resurrecci\u00f3n. Oh, sagrado coraz\u00f3n de Jes\u00fas, pongo mi confianza en ti,&nbsp;pase lo que me pase, Se\u00f1or, por oscura &hellip; <a href=\"https:\/\/cnewa.org\/es\/reflexiones-diarias-del-sagrado-corazon\/\">Continued<\/a><\/p>\n","protected":false},"author":70019,"featured_media":6493,"parent":0,"menu_order":0,"comment_status":"closed","ping_status":"closed","template":"","meta":{"_acf_changed":false,"footnotes":""},"class_list":["post-6500","page","type-page","status-publish","has-post-thumbnail","hentry"],"acf":[],"yoast_head":"<!-- This site is optimized with the Yoast SEO Premium plugin v27.2 (Yoast SEO v27.2) - https:\/\/yoast.com\/product\/yoast-seo-premium-wordpress\/ -->\n<title>Reflexiones Diarias del Sagrado Coraz\u00f3n | CNEWA Espa\u00f1ol<\/title>\n<meta name=\"description\" content=\"\u00danase a CNEWA para encontrar la &quot;herida de su coraz\u00f3n&quot;. Suscr\u00edbase para recibir reflexiones diarias de Dilexit nos por correo electr\u00f3nico.\" \/>\n<meta name=\"robots\" content=\"index, follow, max-snippet:-1, max-image-preview:large, max-video-preview:-1\" \/>\n<link rel=\"canonical\" href=\"https:\/\/cnewa.org\/es\/reflexiones-diarias-del-sagrado-corazon\/\" \/>\n<meta property=\"og:locale\" content=\"es_ES\" \/>\n<meta property=\"og:type\" content=\"article\" \/>\n<meta property=\"og:title\" content=\"Reflexiones Diarias del Sagrado Coraz\u00f3n\" \/>\n<meta property=\"og:description\" content=\"\u00danase a CNEWA para encontrar la &quot;herida de su coraz\u00f3n&quot;. Suscr\u00edbase para recibir reflexiones diarias de Dilexit nos por correo electr\u00f3nico.\" \/>\n<meta property=\"og:url\" content=\"https:\/\/cnewa.org\/es\/reflexiones-diarias-del-sagrado-corazon\/\" \/>\n<meta property=\"og:site_name\" content=\"CNEWA Espa\u00f1ol\" \/>\n<meta property=\"article:publisher\" content=\"https:\/\/www.facebook.com\/CNEWAenespanol\/\" \/>\n<meta property=\"article:modified_time\" content=\"2025-04-16T16:44:18+00:00\" \/>\n<meta property=\"og:image\" content=\"https:\/\/cnewa.org\/es\/wp-content\/uploads\/sites\/5\/2025\/04\/Blog-image-1.jpg\" \/>\n\t<meta property=\"og:image:width\" content=\"1600\" \/>\n\t<meta property=\"og:image:height\" content=\"1067\" \/>\n\t<meta property=\"og:image:type\" content=\"image\/jpeg\" \/>\n<meta name=\"twitter:card\" content=\"summary_large_image\" \/>\n<meta name=\"twitter:label1\" content=\"Tiempo de lectura\" \/>\n\t<meta name=\"twitter:data1\" content=\"2 minutos\" \/>\n<script type=\"application\/ld+json\" class=\"yoast-schema-graph\">{\"@context\":\"https:\/\/schema.org\",\"@graph\":[{\"@type\":\"WebPage\",\"@id\":\"https:\/\/cnewa.org\/es\/reflexiones-diarias-del-sagrado-corazon\/\",\"url\":\"https:\/\/cnewa.org\/es\/reflexiones-diarias-del-sagrado-corazon\/\",\"name\":\"Reflexiones Diarias del Sagrado Coraz\u00f3n | CNEWA Espa\u00f1ol\",\"isPartOf\":{\"@id\":\"https:\/\/cnewa.org\/es\/#website\"},\"primaryImageOfPage\":{\"@id\":\"https:\/\/cnewa.org\/es\/reflexiones-diarias-del-sagrado-corazon\/#primaryimage\"},\"image\":{\"@id\":\"https:\/\/cnewa.org\/es\/reflexiones-diarias-del-sagrado-corazon\/#primaryimage\"},\"thumbnailUrl\":\"https:\/\/cnewa.org\/es\/wp-content\/uploads\/sites\/5\/2025\/04\/Blog-image-1.jpg\",\"datePublished\":\"2025-04-16T16:02:15+00:00\",\"dateModified\":\"2025-04-16T16:44:18+00:00\",\"description\":\"\u00danase a CNEWA para encontrar la \\\"herida de su coraz\u00f3n\\\". Suscr\u00edbase para recibir reflexiones diarias de Dilexit nos por correo electr\u00f3nico.\",\"breadcrumb\":{\"@id\":\"https:\/\/cnewa.org\/es\/reflexiones-diarias-del-sagrado-corazon\/#breadcrumb\"},\"inLanguage\":\"es\",\"potentialAction\":[{\"@type\":\"ReadAction\",\"target\":[\"https:\/\/cnewa.org\/es\/reflexiones-diarias-del-sagrado-corazon\/\"]}]},{\"@type\":\"ImageObject\",\"inLanguage\":\"es\",\"@id\":\"https:\/\/cnewa.org\/es\/reflexiones-diarias-del-sagrado-corazon\/#primaryimage\",\"url\":\"https:\/\/cnewa.org\/es\/wp-content\/uploads\/sites\/5\/2025\/04\/Blog-image-1.jpg\",\"contentUrl\":\"https:\/\/cnewa.org\/es\/wp-content\/uploads\/sites\/5\/2025\/04\/Blog-image-1.jpg\",\"width\":1600,\"height\":1067,\"caption\":\"La imagen m\u00e1s popular del Sagrado Coraz\u00f3n de Jes\u00fas, pintada por Pompeo Batoni en 1767, se conserva en la Iglesia del Ges\u00f9 de Roma. (foto: IanDagnall Computing\/Alamy Stock Photo)\"},{\"@type\":\"BreadcrumbList\",\"@id\":\"https:\/\/cnewa.org\/es\/reflexiones-diarias-del-sagrado-corazon\/#breadcrumb\",\"itemListElement\":[{\"@type\":\"ListItem\",\"position\":1,\"name\":\"Inicio\",\"item\":\"https:\/\/cnewa.org\/es\/\"},{\"@type\":\"ListItem\",\"position\":2,\"name\":\"Reflexiones Diarias del Sagrado Coraz\u00f3n\"}]},{\"@type\":\"WebSite\",\"@id\":\"https:\/\/cnewa.org\/es\/#website\",\"url\":\"https:\/\/cnewa.org\/es\/\",\"name\":\"CNEWA Espa\u00f1ol\",\"description\":\"Asociaci\u00f3n Cat\u00f3lica para el Bienestar del Cercano Oriente\",\"publisher\":{\"@id\":\"https:\/\/cnewa.org\/es\/#organization\"},\"potentialAction\":[{\"@type\":\"SearchAction\",\"target\":{\"@type\":\"EntryPoint\",\"urlTemplate\":\"https:\/\/cnewa.org\/es\/?s={search_term_string}\"},\"query-input\":{\"@type\":\"PropertyValueSpecification\",\"valueRequired\":true,\"valueName\":\"search_term_string\"}}],\"inLanguage\":\"es\"},{\"@type\":\"Organization\",\"@id\":\"https:\/\/cnewa.org\/es\/#organization\",\"name\":\"CNEWA Espa\u00f1ol\",\"alternateName\":\"Asociaci\u00f3n Cat\u00f3lica para el Bienestar del Cercano Oriente\",\"url\":\"https:\/\/cnewa.org\/es\/\",\"logo\":{\"@type\":\"ImageObject\",\"inLanguage\":\"es\",\"@id\":\"https:\/\/cnewa.org\/es\/#\/schema\/logo\/image\/\",\"url\":\"https:\/\/cnewa.org\/es\/wp-content\/uploads\/sites\/5\/2021\/07\/CNEWA-brand-logo.png\",\"contentUrl\":\"https:\/\/cnewa.org\/es\/wp-content\/uploads\/sites\/5\/2021\/07\/CNEWA-brand-logo.png\",\"width\":1000,\"height\":1000,\"caption\":\"CNEWA Espa\u00f1ol\"},\"image\":{\"@id\":\"https:\/\/cnewa.org\/es\/#\/schema\/logo\/image\/\"},\"sameAs\":[\"https:\/\/www.facebook.com\/CNEWAenespanol\/\",\"https:\/\/www.instagram.com\/cnewa1926\/\",\"https:\/\/www.youtube.com\/user\/TheCNEWA\"]}]}<\/script>\n<!-- \/ Yoast SEO Premium plugin. -->","yoast_head_json":{"title":"Reflexiones Diarias del Sagrado Coraz\u00f3n | CNEWA Espa\u00f1ol","description":"\u00danase a CNEWA para encontrar la \"herida de su coraz\u00f3n\". Suscr\u00edbase para recibir reflexiones diarias de Dilexit nos por correo electr\u00f3nico.","robots":{"index":"index","follow":"follow","max-snippet":"max-snippet:-1","max-image-preview":"max-image-preview:large","max-video-preview":"max-video-preview:-1"},"canonical":"https:\/\/cnewa.org\/es\/reflexiones-diarias-del-sagrado-corazon\/","og_locale":"es_ES","og_type":"article","og_title":"Reflexiones Diarias del Sagrado Coraz\u00f3n","og_description":"\u00danase a CNEWA para encontrar la \"herida de su coraz\u00f3n\". Suscr\u00edbase para recibir reflexiones diarias de Dilexit nos por correo electr\u00f3nico.","og_url":"https:\/\/cnewa.org\/es\/reflexiones-diarias-del-sagrado-corazon\/","og_site_name":"CNEWA Espa\u00f1ol","article_publisher":"https:\/\/www.facebook.com\/CNEWAenespanol\/","article_modified_time":"2025-04-16T16:44:18+00:00","og_image":[{"width":1600,"height":1067,"url":"https:\/\/cnewa.org\/es\/wp-content\/uploads\/sites\/5\/2025\/04\/Blog-image-1.jpg","type":"image\/jpeg"}],"twitter_card":"summary_large_image","twitter_misc":{"Tiempo de lectura":"2 minutos"},"schema":{"@context":"https:\/\/schema.org","@graph":[{"@type":"WebPage","@id":"https:\/\/cnewa.org\/es\/reflexiones-diarias-del-sagrado-corazon\/","url":"https:\/\/cnewa.org\/es\/reflexiones-diarias-del-sagrado-corazon\/","name":"Reflexiones Diarias del Sagrado Coraz\u00f3n | CNEWA Espa\u00f1ol","isPartOf":{"@id":"https:\/\/cnewa.org\/es\/#website"},"primaryImageOfPage":{"@id":"https:\/\/cnewa.org\/es\/reflexiones-diarias-del-sagrado-corazon\/#primaryimage"},"image":{"@id":"https:\/\/cnewa.org\/es\/reflexiones-diarias-del-sagrado-corazon\/#primaryimage"},"thumbnailUrl":"https:\/\/cnewa.org\/es\/wp-content\/uploads\/sites\/5\/2025\/04\/Blog-image-1.jpg","datePublished":"2025-04-16T16:02:15+00:00","dateModified":"2025-04-16T16:44:18+00:00","description":"\u00danase a CNEWA para encontrar la \"herida de su coraz\u00f3n\". Suscr\u00edbase para recibir reflexiones diarias de Dilexit nos por correo electr\u00f3nico.","breadcrumb":{"@id":"https:\/\/cnewa.org\/es\/reflexiones-diarias-del-sagrado-corazon\/#breadcrumb"},"inLanguage":"es","potentialAction":[{"@type":"ReadAction","target":["https:\/\/cnewa.org\/es\/reflexiones-diarias-del-sagrado-corazon\/"]}]},{"@type":"ImageObject","inLanguage":"es","@id":"https:\/\/cnewa.org\/es\/reflexiones-diarias-del-sagrado-corazon\/#primaryimage","url":"https:\/\/cnewa.org\/es\/wp-content\/uploads\/sites\/5\/2025\/04\/Blog-image-1.jpg","contentUrl":"https:\/\/cnewa.org\/es\/wp-content\/uploads\/sites\/5\/2025\/04\/Blog-image-1.jpg","width":1600,"height":1067,"caption":"La imagen m\u00e1s popular del Sagrado Coraz\u00f3n de Jes\u00fas, pintada por Pompeo Batoni en 1767, se conserva en la Iglesia del Ges\u00f9 de Roma. (foto: IanDagnall Computing\/Alamy Stock Photo)"},{"@type":"BreadcrumbList","@id":"https:\/\/cnewa.org\/es\/reflexiones-diarias-del-sagrado-corazon\/#breadcrumb","itemListElement":[{"@type":"ListItem","position":1,"name":"Inicio","item":"https:\/\/cnewa.org\/es\/"},{"@type":"ListItem","position":2,"name":"Reflexiones Diarias del Sagrado Coraz\u00f3n"}]},{"@type":"WebSite","@id":"https:\/\/cnewa.org\/es\/#website","url":"https:\/\/cnewa.org\/es\/","name":"CNEWA Espa\u00f1ol","description":"Asociaci\u00f3n Cat\u00f3lica para el Bienestar del Cercano Oriente","publisher":{"@id":"https:\/\/cnewa.org\/es\/#organization"},"potentialAction":[{"@type":"SearchAction","target":{"@type":"EntryPoint","urlTemplate":"https:\/\/cnewa.org\/es\/?s={search_term_string}"},"query-input":{"@type":"PropertyValueSpecification","valueRequired":true,"valueName":"search_term_string"}}],"inLanguage":"es"},{"@type":"Organization","@id":"https:\/\/cnewa.org\/es\/#organization","name":"CNEWA Espa\u00f1ol","alternateName":"Asociaci\u00f3n Cat\u00f3lica para el Bienestar del Cercano Oriente","url":"https:\/\/cnewa.org\/es\/","logo":{"@type":"ImageObject","inLanguage":"es","@id":"https:\/\/cnewa.org\/es\/#\/schema\/logo\/image\/","url":"https:\/\/cnewa.org\/es\/wp-content\/uploads\/sites\/5\/2021\/07\/CNEWA-brand-logo.png","contentUrl":"https:\/\/cnewa.org\/es\/wp-content\/uploads\/sites\/5\/2021\/07\/CNEWA-brand-logo.png","width":1000,"height":1000,"caption":"CNEWA Espa\u00f1ol"},"image":{"@id":"https:\/\/cnewa.org\/es\/#\/schema\/logo\/image\/"},"sameAs":["https:\/\/www.facebook.com\/CNEWAenespanol\/","https:\/\/www.instagram.com\/cnewa1926\/","https:\/\/www.youtube.com\/user\/TheCNEWA"]}]}},"_links":{"self":[{"href":"https:\/\/cnewa.org\/es\/wp-json\/wp\/v2\/pages\/6500","targetHints":{"allow":["GET"]}}],"collection":[{"href":"https:\/\/cnewa.org\/es\/wp-json\/wp\/v2\/pages"}],"about":[{"href":"https:\/\/cnewa.org\/es\/wp-json\/wp\/v2\/types\/page"}],"author":[{"embeddable":true,"href":"https:\/\/cnewa.org\/es\/wp-json\/wp\/v2\/users\/70019"}],"replies":[{"embeddable":true,"href":"https:\/\/cnewa.org\/es\/wp-json\/wp\/v2\/comments?post=6500"}],"version-history":[{"count":5,"href":"https:\/\/cnewa.org\/es\/wp-json\/wp\/v2\/pages\/6500\/revisions"}],"predecessor-version":[{"id":6507,"href":"https:\/\/cnewa.org\/es\/wp-json\/wp\/v2\/pages\/6500\/revisions\/6507"}],"wp:featuredmedia":[{"embeddable":true,"href":"https:\/\/cnewa.org\/es\/wp-json\/wp\/v2\/media\/6493"}],"wp:attachment":[{"href":"https:\/\/cnewa.org\/es\/wp-json\/wp\/v2\/media?parent=6500"}],"curies":[{"name":"wp","href":"https:\/\/api.w.org\/{rel}","templated":true}]}}