{"id":776,"date":"2022-02-08T11:50:49","date_gmt":"2022-02-08T16:50:49","guid":{"rendered":"https:\/\/cnewa.org\/es\/?page_id=776"},"modified":"2024-03-07T10:47:31","modified_gmt":"2024-03-07T15:47:31","slug":"declaracion-de-accesibilidad-web","status":"publish","type":"page","link":"https:\/\/cnewa.org\/es\/declaracion-de-accesibilidad-web\/","title":{"rendered":"Declaraci\u00f3n de Accesibilidad Web"},"content":{"rendered":"\n<h2 class=\"wp-block-heading\" id=\"la-asociacion-bienestar-para-el-cercano-oriente-catolico-cnewa-esta-comprometida-con-la-diversidad-la-inclusion-y-la-accesibilidad-en-todo-lo-que-hacemos-estos-valores-centrales-son-fundamentales-para-los-servicios-y-el-apoyo-que-brindamos\">Asociaci\u00f3n Cat\u00f3lica para el Bienestar del Cercano Oriente (CNEWA) est\u00e1 comprometida con la diversidad, la inclusi\u00f3n y la accesibilidad en todo lo que hacemos. Estos valores centrales son fundamentales para los servicios y el apoyo que brindamos.<\/h2>\n\n\n\n<p>Con esto en mente, continuamente tomamos medidas para mejorar cnewa.org y garantizar que cumpla con las mejores pr\u00e1cticas y est\u00e1ndares definidos por <a href=\"https:\/\/www.justice.gov\/crt\/section-508-home-page-0\">la Secci\u00f3n 508 de la Ley de Rehabilitaci\u00f3n (solo en ingl\u00e9s)<\/a>, la <a href=\"https:\/\/www.ada.gov\/cguide_spanish.html\">Ley de Estadounidenses con Discapacidades<\/a> (ADA accesibilidad web) y <a href=\"http:\/\/www.codexexempla.org\/traducciones\/pautas-accesibilidad-contenido-web-2.0.htm\">Pautas de Accesibilidad de Contenido<\/a>.<\/p>\n\n\n\n<h3 class=\"wp-block-heading\" id=\"h-nuestras-funciones-de-accesibilidad-actuales\">Nuestras Funciones de Accesibilidad Actuales:<\/h3>\n\n\n\n<ul class=\"wp-block-list\">\n<li>Detalle de texto alternativo para im\u00e1genes apropiadas y otros elementos que no son de texto.<\/li>\n\n\n\n<li>Atributos de t\u00edtulo para informaci\u00f3n adicional sobre enlaces e indicaci\u00f3n de nuevas ventanas del navegador.<\/li>\n\n\n\n<li>Marcado estructural para indicar encabezados y listas para ayudar en la comprensi\u00f3n de la p\u00e1gina.<\/li>\n\n\n\n<li>Secuencia l\u00f3gica de tabulaci\u00f3n para que navegar por el sitio web solo con un teclado sea f\u00e1cil de usar.<\/li>\n\n\n\n<li>Los elementos activos se resaltan con un color de alto contraste para mejorar la experiencia de navegaci\u00f3n del sitio solo con el teclado.<\/li>\n\n\n\n<li>Asociaci\u00f3n de formularios con etiquetas..<\/li>\n\n\n\n<li>JavaScript y las hojas de estilo mejoran la apariencia y la funcionalidad del sitio web para garantizar una experiencia \u00fatil.<\/li>\n<\/ul>\n\n\n\n<p>Nuestros esfuerzos para hacer que este sitio web sea lo m\u00e1s accesible posible contin\u00faan. A medida que continuamos mejorando nuestro sitio web, reflejaremos cualquier cambio aqu\u00ed dentro de nuestra declaraci\u00f3n de accesibilidad. Si desea comunicarse con nosotros para informarnos c\u00f3mo podemos ayudarlo a tener una mejor experiencia mientras visita cnewa.org, llame al&nbsp;l <a href=\"tel:1-212-826-1480\">1-212-826-1480<\/a> o env\u00edenos un email a <a href=\"mailto:cnewa@cnewa.org\">cnewa@cnewa.org<\/a>.<\/p>\n","protected":false},"excerpt":{"rendered":"<p>Asociaci\u00f3n Cat\u00f3lica para el Bienestar del Cercano Oriente (CNEWA) est\u00e1 comprometida con la diversidad, la inclusi\u00f3n y la accesibilidad en todo lo que hacemos. Estos valores centrales son fundamentales para los servicios y el apoyo que brindamos. Con esto en mente, continuamente tomamos medidas para mejorar cnewa.org y garantizar que cumpla con las mejores pr\u00e1cticas &hellip; <a href=\"https:\/\/cnewa.org\/es\/declaracion-de-accesibilidad-web\/\">Continued<\/a><\/p>\n","protected":false},"author":5,"featured_media":0,"parent":0,"menu_order":0,"comment_status":"closed","ping_status":"closed","template":"","meta":{"_acf_changed":false,"footnotes":""},"class_list":["post-776","page","type-page","status-publish","hentry"],"acf":[],"yoast_head":"<!-- This site is optimized with the Yoast SEO Premium plugin v27.3 (Yoast SEO v27.3) - https:\/\/yoast.com\/product\/yoast-seo-premium-wordpress\/ -->\n<title>Declaraci\u00f3n de Accesibilidad Web | CNEWA Espa\u00f1ol<\/title>\n<meta name=\"description\" content=\"Asociaci\u00f3n Cat\u00f3lica para el Bienestar del Cercano Oriente (CNEWA) est\u00e1 comprometida con la diversidad, la inclusi\u00f3n y la accesibilidad.\" \/>\n<meta name=\"robots\" content=\"index, follow, max-snippet:-1, max-image-preview:large, max-video-preview:-1\" \/>\n<link rel=\"canonical\" href=\"https:\/\/cnewa.org\/es\/declaracion-de-accesibilidad-web\/\" \/>\n<meta property=\"og:locale\" content=\"es_ES\" \/>\n<meta property=\"og:type\" content=\"article\" \/>\n<meta property=\"og:title\" content=\"Declaraci\u00f3n de Accesibilidad Web\" \/>\n<meta property=\"og:description\" content=\"Asociaci\u00f3n Cat\u00f3lica para el Bienestar del Cercano Oriente (CNEWA) est\u00e1 comprometida con la diversidad, la inclusi\u00f3n y la accesibilidad.\" \/>\n<meta property=\"og:url\" content=\"https:\/\/cnewa.org\/es\/declaracion-de-accesibilidad-web\/\" \/>\n<meta property=\"og:site_name\" content=\"CNEWA Espa\u00f1ol\" \/>\n<meta property=\"article:publisher\" content=\"https:\/\/www.facebook.com\/CNEWAenespanol\/\" \/>\n<meta property=\"article:modified_time\" content=\"2024-03-07T15:47:31+00:00\" \/>\n<meta name=\"twitter:card\" content=\"summary_large_image\" \/>\n<meta name=\"twitter:label1\" content=\"Tiempo de lectura\" \/>\n\t<meta name=\"twitter:data1\" content=\"2 minutos\" \/>\n<script type=\"application\/ld+json\" class=\"yoast-schema-graph\">{\"@context\":\"https:\\\/\\\/schema.org\",\"@graph\":[{\"@type\":\"WebPage\",\"@id\":\"https:\\\/\\\/cnewa.org\\\/es\\\/declaracion-de-accesibilidad-web\\\/\",\"url\":\"https:\\\/\\\/cnewa.org\\\/es\\\/declaracion-de-accesibilidad-web\\\/\",\"name\":\"Declaraci\u00f3n de Accesibilidad Web | CNEWA Espa\u00f1ol\",\"isPartOf\":{\"@id\":\"https:\\\/\\\/cnewa.org\\\/es\\\/#website\"},\"datePublished\":\"2022-02-08T16:50:49+00:00\",\"dateModified\":\"2024-03-07T15:47:31+00:00\",\"description\":\"Asociaci\u00f3n Cat\u00f3lica para el Bienestar del Cercano Oriente (CNEWA) est\u00e1 comprometida con la diversidad, la inclusi\u00f3n y la accesibilidad.\",\"breadcrumb\":{\"@id\":\"https:\\\/\\\/cnewa.org\\\/es\\\/declaracion-de-accesibilidad-web\\\/#breadcrumb\"},\"inLanguage\":\"es\",\"potentialAction\":[{\"@type\":\"ReadAction\",\"target\":[\"https:\\\/\\\/cnewa.org\\\/es\\\/declaracion-de-accesibilidad-web\\\/\"]}]},{\"@type\":\"BreadcrumbList\",\"@id\":\"https:\\\/\\\/cnewa.org\\\/es\\\/declaracion-de-accesibilidad-web\\\/#breadcrumb\",\"itemListElement\":[{\"@type\":\"ListItem\",\"position\":1,\"name\":\"Inicio\",\"item\":\"https:\\\/\\\/cnewa.org\\\/es\\\/\"},{\"@type\":\"ListItem\",\"position\":2,\"name\":\"Declaraci\u00f3n de Accesibilidad Web\"}]},{\"@type\":\"WebSite\",\"@id\":\"https:\\\/\\\/cnewa.org\\\/es\\\/#website\",\"url\":\"https:\\\/\\\/cnewa.org\\\/es\\\/\",\"name\":\"CNEWA Espa\u00f1ol\",\"description\":\"Asociaci\u00f3n Cat\u00f3lica para el Bienestar del Cercano Oriente\",\"publisher\":{\"@id\":\"https:\\\/\\\/cnewa.org\\\/es\\\/#organization\"},\"potentialAction\":[{\"@type\":\"SearchAction\",\"target\":{\"@type\":\"EntryPoint\",\"urlTemplate\":\"https:\\\/\\\/cnewa.org\\\/es\\\/?s={search_term_string}\"},\"query-input\":{\"@type\":\"PropertyValueSpecification\",\"valueRequired\":true,\"valueName\":\"search_term_string\"}}],\"inLanguage\":\"es\"},{\"@type\":\"Organization\",\"@id\":\"https:\\\/\\\/cnewa.org\\\/es\\\/#organization\",\"name\":\"CNEWA Espa\u00f1ol\",\"alternateName\":\"Asociaci\u00f3n Cat\u00f3lica para el Bienestar del Cercano Oriente\",\"url\":\"https:\\\/\\\/cnewa.org\\\/es\\\/\",\"logo\":{\"@type\":\"ImageObject\",\"inLanguage\":\"es\",\"@id\":\"https:\\\/\\\/cnewa.org\\\/es\\\/#\\\/schema\\\/logo\\\/image\\\/\",\"url\":\"https:\\\/\\\/cnewa.org\\\/es\\\/wp-content\\\/uploads\\\/sites\\\/5\\\/2021\\\/07\\\/CNEWA-brand-logo.png\",\"contentUrl\":\"https:\\\/\\\/cnewa.org\\\/es\\\/wp-content\\\/uploads\\\/sites\\\/5\\\/2021\\\/07\\\/CNEWA-brand-logo.png\",\"width\":1000,\"height\":1000,\"caption\":\"CNEWA Espa\u00f1ol\"},\"image\":{\"@id\":\"https:\\\/\\\/cnewa.org\\\/es\\\/#\\\/schema\\\/logo\\\/image\\\/\"},\"sameAs\":[\"https:\\\/\\\/www.facebook.com\\\/CNEWAenespanol\\\/\",\"https:\\\/\\\/www.instagram.com\\\/cnewa1926\\\/\",\"https:\\\/\\\/www.youtube.com\\\/user\\\/TheCNEWA\"]}]}<\/script>\n<!-- \/ Yoast SEO Premium plugin. -->","yoast_head_json":{"title":"Declaraci\u00f3n de Accesibilidad Web | CNEWA Espa\u00f1ol","description":"Asociaci\u00f3n Cat\u00f3lica para el Bienestar del Cercano Oriente (CNEWA) est\u00e1 comprometida con la diversidad, la inclusi\u00f3n y la accesibilidad.","robots":{"index":"index","follow":"follow","max-snippet":"max-snippet:-1","max-image-preview":"max-image-preview:large","max-video-preview":"max-video-preview:-1"},"canonical":"https:\/\/cnewa.org\/es\/declaracion-de-accesibilidad-web\/","og_locale":"es_ES","og_type":"article","og_title":"Declaraci\u00f3n de Accesibilidad Web","og_description":"Asociaci\u00f3n Cat\u00f3lica para el Bienestar del Cercano Oriente (CNEWA) est\u00e1 comprometida con la diversidad, la inclusi\u00f3n y la accesibilidad.","og_url":"https:\/\/cnewa.org\/es\/declaracion-de-accesibilidad-web\/","og_site_name":"CNEWA Espa\u00f1ol","article_publisher":"https:\/\/www.facebook.com\/CNEWAenespanol\/","article_modified_time":"2024-03-07T15:47:31+00:00","twitter_card":"summary_large_image","twitter_misc":{"Tiempo de lectura":"2 minutos"},"schema":{"@context":"https:\/\/schema.org","@graph":[{"@type":"WebPage","@id":"https:\/\/cnewa.org\/es\/declaracion-de-accesibilidad-web\/","url":"https:\/\/cnewa.org\/es\/declaracion-de-accesibilidad-web\/","name":"Declaraci\u00f3n de Accesibilidad Web | CNEWA Espa\u00f1ol","isPartOf":{"@id":"https:\/\/cnewa.org\/es\/#website"},"datePublished":"2022-02-08T16:50:49+00:00","dateModified":"2024-03-07T15:47:31+00:00","description":"Asociaci\u00f3n Cat\u00f3lica para el Bienestar del Cercano Oriente (CNEWA) est\u00e1 comprometida con la diversidad, la inclusi\u00f3n y la accesibilidad.","breadcrumb":{"@id":"https:\/\/cnewa.org\/es\/declaracion-de-accesibilidad-web\/#breadcrumb"},"inLanguage":"es","potentialAction":[{"@type":"ReadAction","target":["https:\/\/cnewa.org\/es\/declaracion-de-accesibilidad-web\/"]}]},{"@type":"BreadcrumbList","@id":"https:\/\/cnewa.org\/es\/declaracion-de-accesibilidad-web\/#breadcrumb","itemListElement":[{"@type":"ListItem","position":1,"name":"Inicio","item":"https:\/\/cnewa.org\/es\/"},{"@type":"ListItem","position":2,"name":"Declaraci\u00f3n de Accesibilidad Web"}]},{"@type":"WebSite","@id":"https:\/\/cnewa.org\/es\/#website","url":"https:\/\/cnewa.org\/es\/","name":"CNEWA Espa\u00f1ol","description":"Asociaci\u00f3n Cat\u00f3lica para el Bienestar del Cercano Oriente","publisher":{"@id":"https:\/\/cnewa.org\/es\/#organization"},"potentialAction":[{"@type":"SearchAction","target":{"@type":"EntryPoint","urlTemplate":"https:\/\/cnewa.org\/es\/?s={search_term_string}"},"query-input":{"@type":"PropertyValueSpecification","valueRequired":true,"valueName":"search_term_string"}}],"inLanguage":"es"},{"@type":"Organization","@id":"https:\/\/cnewa.org\/es\/#organization","name":"CNEWA Espa\u00f1ol","alternateName":"Asociaci\u00f3n Cat\u00f3lica para el Bienestar del Cercano Oriente","url":"https:\/\/cnewa.org\/es\/","logo":{"@type":"ImageObject","inLanguage":"es","@id":"https:\/\/cnewa.org\/es\/#\/schema\/logo\/image\/","url":"https:\/\/cnewa.org\/es\/wp-content\/uploads\/sites\/5\/2021\/07\/CNEWA-brand-logo.png","contentUrl":"https:\/\/cnewa.org\/es\/wp-content\/uploads\/sites\/5\/2021\/07\/CNEWA-brand-logo.png","width":1000,"height":1000,"caption":"CNEWA Espa\u00f1ol"},"image":{"@id":"https:\/\/cnewa.org\/es\/#\/schema\/logo\/image\/"},"sameAs":["https:\/\/www.facebook.com\/CNEWAenespanol\/","https:\/\/www.instagram.com\/cnewa1926\/","https:\/\/www.youtube.com\/user\/TheCNEWA"]}]}},"_links":{"self":[{"href":"https:\/\/cnewa.org\/es\/wp-json\/wp\/v2\/pages\/776","targetHints":{"allow":["GET"]}}],"collection":[{"href":"https:\/\/cnewa.org\/es\/wp-json\/wp\/v2\/pages"}],"about":[{"href":"https:\/\/cnewa.org\/es\/wp-json\/wp\/v2\/types\/page"}],"author":[{"embeddable":true,"href":"https:\/\/cnewa.org\/es\/wp-json\/wp\/v2\/users\/5"}],"replies":[{"embeddable":true,"href":"https:\/\/cnewa.org\/es\/wp-json\/wp\/v2\/comments?post=776"}],"version-history":[{"count":10,"href":"https:\/\/cnewa.org\/es\/wp-json\/wp\/v2\/pages\/776\/revisions"}],"predecessor-version":[{"id":4644,"href":"https:\/\/cnewa.org\/es\/wp-json\/wp\/v2\/pages\/776\/revisions\/4644"}],"wp:attachment":[{"href":"https:\/\/cnewa.org\/es\/wp-json\/wp\/v2\/media?parent=776"}],"curies":[{"name":"wp","href":"https:\/\/api.w.org\/{rel}","templated":true}]}}