{"id":104,"date":"2019-10-28T11:56:22","date_gmt":"2019-10-28T15:56:22","guid":{"rendered":"https:\/\/cnewa.org\/fr\/?page_id=104"},"modified":"2025-06-04T09:38:24","modified_gmt":"2025-06-04T13:38:24","slug":"a-propos","status":"publish","type":"page","link":"https:\/\/cnewa.org\/fr\/a-propos\/","title":{"rendered":"\u00c0 Propos"},"content":{"rendered":"\n<h2 class=\"wp-block-heading\" id=\"h-depuis-pres-de-100-ans-l-association-catholique-d-aide-a-l-orient-cnewa-apporte-un-soutien-vital-aux-personnes-demunies-et-aux-eglises-fragilisees\">Depuis pr\u00e8s de 100 ans, l\u2019Association catholique d\u2019aide \u00e0 l\u2019Orient (CNEWA) apporte un soutien vital aux personnes d\u00e9munies et aux \u00e9glises fragilis\u00e9es.<\/h2>\n\n\n\n<p>Fond\u00e9e en 1926 par le pape Pie XI, CNEWA partage l\u2019amour du Christ envers les personnes et les \u00c9glises de l\u2019Orient.<\/p>\n\n\n\n<p>Nous collaborons pour, avec et \u00e0 travers les \u00c9glises catholiques orientales pour d\u00e9terminer les besoins et mettre en \u0153uvre des solutions.<\/p>\n\n\n\n<p>CNEWA cr\u00e9e des liens durables entre vous et les personnes d\u00e9munis. Ensemble, nous pouvons soutenir la mission de l\u2019\u00c9glise, affirmer la dignit\u00e9 humaine, att\u00e9nuer la pauvret\u00e9, encourager le dialogue et donner de l\u2019espoir.<\/p>\n\n\n\n<p>Pr\u00e9sent au Canada depuis 2005, notre mission se poursuit sous la direction du pape L\u00e9on XIV.<\/p>\n\n\n\n<p>En savoir plus sur <a href=\"https:\/\/cnewa.org\/fr\/histoire\/\">notre histoire<\/a><\/p>\n","protected":false},"excerpt":{"rendered":"<p>Depuis pr\u00e8s de 100 ans, l\u2019Association catholique d\u2019aide \u00e0 l\u2019Orient (CNEWA) apporte un soutien vital aux personnes d\u00e9munies et aux \u00e9glises fragilis\u00e9es. Fond\u00e9e en 1926 par le pape Pie XI, CNEWA partage l\u2019amour du Christ envers les personnes et les \u00c9glises de l\u2019Orient. Nous collaborons pour, avec et \u00e0 travers les \u00c9glises catholiques orientales pour &hellip; <a href=\"https:\/\/cnewa.org\/fr\/a-propos\/\">Continued<\/a><\/p>\n","protected":false},"author":70080,"featured_media":0,"parent":0,"menu_order":0,"comment_status":"closed","ping_status":"closed","template":"","meta":{"_acf_changed":false,"footnotes":""},"class_list":["post-104","page","type-page","status-publish","hentry"],"acf":[],"yoast_head":"<!-- This site is optimized with the Yoast SEO Premium plugin v27.3 (Yoast SEO v27.3) - https:\/\/yoast.com\/product\/yoast-seo-premium-wordpress\/ -->\n<title>\u00c0 Propos | CNEWA Canada<\/title>\n<meta name=\"robots\" content=\"index, follow, max-snippet:-1, max-image-preview:large, max-video-preview:-1\" \/>\n<link rel=\"canonical\" href=\"https:\/\/cnewa.org\/fr\/a-propos\/\" \/>\n<meta property=\"og:locale\" content=\"fr_CA\" \/>\n<meta property=\"og:type\" content=\"article\" \/>\n<meta property=\"og:title\" content=\"\u00c0 Propos\" \/>\n<meta property=\"og:description\" content=\"Depuis pr\u00e8s de 100 ans, l\u2019Association catholique d\u2019aide \u00e0 l\u2019Orient (CNEWA) apporte un soutien vital aux personnes d\u00e9munies et aux \u00e9glises fragilis\u00e9es. Fond\u00e9e en 1926 par le pape Pie XI, CNEWA partage l\u2019amour du Christ envers les personnes et les \u00c9glises de l\u2019Orient. Nous collaborons pour, avec et \u00e0 travers les \u00c9glises catholiques orientales pour &hellip; Continued\" \/>\n<meta property=\"og:site_name\" content=\"CNEWA Canada\" \/>\n<meta property=\"article:publisher\" content=\"https:\/\/www.facebook.com\/cnewacanada\/\" \/>\n<meta property=\"article:modified_time\" content=\"2025-06-04T13:38:24+00:00\" \/>\n<meta name=\"twitter:card\" content=\"summary_large_image\" \/>\n<meta name=\"twitter:site\" content=\"@cnewac\" \/>\n<meta name=\"twitter:label1\" content=\"Estimation du temps de lecture\" \/>\n\t<meta name=\"twitter:data1\" content=\"1 minute\" \/>\n<script type=\"application\/ld+json\" class=\"yoast-schema-graph\">{\"@context\":\"https:\\\/\\\/schema.org\",\"@graph\":[{\"@type\":\"WebPage\",\"@id\":\"https:\\\/\\\/cnewa.org\\\/fr\\\/a-propos\\\/\",\"url\":\"https:\\\/\\\/cnewa.org\\\/fr\\\/a-propos\\\/\",\"name\":\"\u00c0 Propos | CNEWA Canada\",\"isPartOf\":{\"@id\":\"https:\\\/\\\/cnewa.org\\\/fr\\\/#website\"},\"datePublished\":\"2019-10-28T15:56:22+00:00\",\"dateModified\":\"2025-06-04T13:38:24+00:00\",\"breadcrumb\":{\"@id\":\"https:\\\/\\\/cnewa.org\\\/fr\\\/a-propos\\\/#breadcrumb\"},\"inLanguage\":\"fr-CA\",\"potentialAction\":[{\"@type\":\"ReadAction\",\"target\":[\"https:\\\/\\\/cnewa.org\\\/fr\\\/a-propos\\\/\"]}]},{\"@type\":\"BreadcrumbList\",\"@id\":\"https:\\\/\\\/cnewa.org\\\/fr\\\/a-propos\\\/#breadcrumb\",\"itemListElement\":[{\"@type\":\"ListItem\",\"position\":1,\"name\":\"Accueil\",\"item\":\"https:\\\/\\\/cnewa.org\\\/fr\\\/\"},{\"@type\":\"ListItem\",\"position\":2,\"name\":\"\u00c0 Propos\"}]},{\"@type\":\"WebSite\",\"@id\":\"https:\\\/\\\/cnewa.org\\\/fr\\\/#website\",\"url\":\"https:\\\/\\\/cnewa.org\\\/fr\\\/\",\"name\":\"CNEWA Canada\",\"description\":\"Association catholique d\u2019aide \u00e0 l\u2019Orient\",\"publisher\":{\"@id\":\"https:\\\/\\\/cnewa.org\\\/fr\\\/#organization\"},\"potentialAction\":[{\"@type\":\"SearchAction\",\"target\":{\"@type\":\"EntryPoint\",\"urlTemplate\":\"https:\\\/\\\/cnewa.org\\\/fr\\\/?s={search_term_string}\"},\"query-input\":{\"@type\":\"PropertyValueSpecification\",\"valueRequired\":true,\"valueName\":\"search_term_string\"}}],\"inLanguage\":\"fr-CA\"},{\"@type\":\"Organization\",\"@id\":\"https:\\\/\\\/cnewa.org\\\/fr\\\/#organization\",\"name\":\"CNEWA Canada\",\"alternateName\":\"Association catholique d\u2019aide \u00e0 l\u2019Orient\",\"url\":\"https:\\\/\\\/cnewa.org\\\/fr\\\/\",\"logo\":{\"@type\":\"ImageObject\",\"inLanguage\":\"fr-CA\",\"@id\":\"https:\\\/\\\/cnewa.org\\\/fr\\\/#\\\/schema\\\/logo\\\/image\\\/\",\"url\":\"https:\\\/\\\/cnewa.org\\\/fr\\\/wp-content\\\/uploads\\\/sites\\\/3\\\/2019\\\/11\\\/CNEWA-brand-logo.png\",\"contentUrl\":\"https:\\\/\\\/cnewa.org\\\/fr\\\/wp-content\\\/uploads\\\/sites\\\/3\\\/2019\\\/11\\\/CNEWA-brand-logo.png\",\"width\":1000,\"height\":1000,\"caption\":\"CNEWA Canada\"},\"image\":{\"@id\":\"https:\\\/\\\/cnewa.org\\\/fr\\\/#\\\/schema\\\/logo\\\/image\\\/\"},\"sameAs\":[\"https:\\\/\\\/www.facebook.com\\\/cnewacanada\\\/\",\"https:\\\/\\\/x.com\\\/cnewac\",\"https:\\\/\\\/www.instagram.com\\\/cnewa1926\\\/\",\"https:\\\/\\\/www.youtube.com\\\/user\\\/TheCNEWA\"]}]}<\/script>\n<!-- \/ Yoast SEO Premium plugin. -->","yoast_head_json":{"title":"\u00c0 Propos | CNEWA Canada","robots":{"index":"index","follow":"follow","max-snippet":"max-snippet:-1","max-image-preview":"max-image-preview:large","max-video-preview":"max-video-preview:-1"},"canonical":"https:\/\/cnewa.org\/fr\/a-propos\/","og_locale":"fr_CA","og_type":"article","og_title":"\u00c0 Propos","og_description":"Depuis pr\u00e8s de 100 ans, l\u2019Association catholique d\u2019aide \u00e0 l\u2019Orient (CNEWA) apporte un soutien vital aux personnes d\u00e9munies et aux \u00e9glises fragilis\u00e9es. Fond\u00e9e en 1926 par le pape Pie XI, CNEWA partage l\u2019amour du Christ envers les personnes et les \u00c9glises de l\u2019Orient. Nous collaborons pour, avec et \u00e0 travers les \u00c9glises catholiques orientales pour &hellip; Continued","og_site_name":"CNEWA Canada","article_publisher":"https:\/\/www.facebook.com\/cnewacanada\/","article_modified_time":"2025-06-04T13:38:24+00:00","twitter_card":"summary_large_image","twitter_site":"@cnewac","twitter_misc":{"Estimation du temps de lecture":"1 minute"},"schema":{"@context":"https:\/\/schema.org","@graph":[{"@type":"WebPage","@id":"https:\/\/cnewa.org\/fr\/a-propos\/","url":"https:\/\/cnewa.org\/fr\/a-propos\/","name":"\u00c0 Propos | CNEWA Canada","isPartOf":{"@id":"https:\/\/cnewa.org\/fr\/#website"},"datePublished":"2019-10-28T15:56:22+00:00","dateModified":"2025-06-04T13:38:24+00:00","breadcrumb":{"@id":"https:\/\/cnewa.org\/fr\/a-propos\/#breadcrumb"},"inLanguage":"fr-CA","potentialAction":[{"@type":"ReadAction","target":["https:\/\/cnewa.org\/fr\/a-propos\/"]}]},{"@type":"BreadcrumbList","@id":"https:\/\/cnewa.org\/fr\/a-propos\/#breadcrumb","itemListElement":[{"@type":"ListItem","position":1,"name":"Accueil","item":"https:\/\/cnewa.org\/fr\/"},{"@type":"ListItem","position":2,"name":"\u00c0 Propos"}]},{"@type":"WebSite","@id":"https:\/\/cnewa.org\/fr\/#website","url":"https:\/\/cnewa.org\/fr\/","name":"CNEWA Canada","description":"Association catholique d\u2019aide \u00e0 l\u2019Orient","publisher":{"@id":"https:\/\/cnewa.org\/fr\/#organization"},"potentialAction":[{"@type":"SearchAction","target":{"@type":"EntryPoint","urlTemplate":"https:\/\/cnewa.org\/fr\/?s={search_term_string}"},"query-input":{"@type":"PropertyValueSpecification","valueRequired":true,"valueName":"search_term_string"}}],"inLanguage":"fr-CA"},{"@type":"Organization","@id":"https:\/\/cnewa.org\/fr\/#organization","name":"CNEWA Canada","alternateName":"Association catholique d\u2019aide \u00e0 l\u2019Orient","url":"https:\/\/cnewa.org\/fr\/","logo":{"@type":"ImageObject","inLanguage":"fr-CA","@id":"https:\/\/cnewa.org\/fr\/#\/schema\/logo\/image\/","url":"https:\/\/cnewa.org\/fr\/wp-content\/uploads\/sites\/3\/2019\/11\/CNEWA-brand-logo.png","contentUrl":"https:\/\/cnewa.org\/fr\/wp-content\/uploads\/sites\/3\/2019\/11\/CNEWA-brand-logo.png","width":1000,"height":1000,"caption":"CNEWA Canada"},"image":{"@id":"https:\/\/cnewa.org\/fr\/#\/schema\/logo\/image\/"},"sameAs":["https:\/\/www.facebook.com\/cnewacanada\/","https:\/\/x.com\/cnewac","https:\/\/www.instagram.com\/cnewa1926\/","https:\/\/www.youtube.com\/user\/TheCNEWA"]}]}},"_links":{"self":[{"href":"https:\/\/cnewa.org\/fr\/wp-json\/wp\/v2\/pages\/104","targetHints":{"allow":["GET"]}}],"collection":[{"href":"https:\/\/cnewa.org\/fr\/wp-json\/wp\/v2\/pages"}],"about":[{"href":"https:\/\/cnewa.org\/fr\/wp-json\/wp\/v2\/types\/page"}],"author":[{"embeddable":true,"href":"https:\/\/cnewa.org\/fr\/wp-json\/wp\/v2\/users\/70080"}],"replies":[{"embeddable":true,"href":"https:\/\/cnewa.org\/fr\/wp-json\/wp\/v2\/comments?post=104"}],"version-history":[{"count":9,"href":"https:\/\/cnewa.org\/fr\/wp-json\/wp\/v2\/pages\/104\/revisions"}],"predecessor-version":[{"id":2362,"href":"https:\/\/cnewa.org\/fr\/wp-json\/wp\/v2\/pages\/104\/revisions\/2362"}],"wp:attachment":[{"href":"https:\/\/cnewa.org\/fr\/wp-json\/wp\/v2\/media?parent=104"}],"curies":[{"name":"wp","href":"https:\/\/api.w.org\/{rel}","templated":true}]}}