{"id":119,"date":"2019-10-28T13:37:44","date_gmt":"2019-10-28T17:37:44","guid":{"rendered":"https:\/\/cnewa.org\/fr\/?page_id=119"},"modified":"2024-02-15T15:39:40","modified_gmt":"2024-02-15T20:39:40","slug":"histoire","status":"publish","type":"page","link":"https:\/\/cnewa.org\/fr\/histoire\/","title":{"rendered":"Histoire"},"content":{"rendered":"\n<h2 class=\"wp-block-heading\">La mise sur pied de CNEWA est intimement li\u00e9e \u00e0 l\u2019int\u00e9r\u00eat que le Pape Beno\u00eet XV a port\u00e9 aux chr\u00e9tiens de l\u2019Orient et aux crises humanitaires qui ont suivit la premi\u00e8re guerre mondiale. <\/h2>\n\n\n\n<p>Tout d\u2019abord il fonda, en 1917, la Congr\u00e9gation pour les \u00c9glises orientales dans le but d\u2019harmoniser les relations avec ces \u00e9glises fragilis\u00e9es en leur donnant une place permanente au Vatican. Puis, au d\u00e9but des ann\u00e9es 1920, il lan\u00e7a un appel aux catholiques du monde pour r\u00e9pondre aux graves crises humanitaires qui s\u00e9vissaient en Russie, en Gr\u00e8ce et en Arm\u00e9nie. Plusieurs initiatives d\u2019aide furent mises sur pied en Europe et aussi par des catholiques am\u00e9ricains.<\/p>\n\n\n\n<h2 class=\"wp-block-heading\">La cr\u00e9ation de CNEWA<\/h2>\n\n\n\n<p>En 1926, par souci d\u2019une meilleure coordination, Sa Saintet\u00e9 Pie XI successeur de Beno\u00eet XV, regroupa les initiatives des \u00c9tats-Unis en une association nomm\u00e9e&nbsp;<em>Catholic Near East Welfare Association<\/em>&nbsp;\u2013 CNEWA (Association catholique pour l\u2019aide \u00e0 l\u2019Orient).<\/p>\n\n\n\n<p>Le Pape demanda \u00e0 l\u2019archev\u00eaque de New York de pr\u00e9sider CNEWA. Avec l\u2019appui d\u2019un Conseil d\u2019administration constitu\u00e9 d\u2019archev\u00eaques am\u00e9ricains, il ouvrit le premier bureau de l\u2019Association le15 septembre 1926. D\u00e8s janvier 1927, les \u00e9v\u00eaques am\u00e9ricains organis\u00e8rent une qu\u00eate sp\u00e9ciale pour la mission de CNEWA. Encore aujourd&rsquo;hui, CNEWA re\u00e7oit 9% de la collecte annuelle am\u00e9ricaine de la Journ\u00e9e missionnaire mondiale qui a lieu \u00e0 la fin octobre.<\/p>\n\n\n\n<p>Ainsi, CNEWA travailla d\u00e8s ses premi\u00e8res ann\u00e9es d\u2019existence pour r\u00e9pondre aux nombreuses crises humanitaires en Europe de l\u2019Est et au Proche-Orient. En 1931, suite \u00e0 une entente entre CNEWA et la Congr\u00e9gation pour les \u00c9glises orientales, on ajouta \u00e0 la mission de CNEWA, l\u2019aide aux \u00c9glises orientales.<\/p>\n\n\n\n<h2 class=\"wp-block-heading\">CNEWA au Proche et Moyen-Orient<\/h2>\n\n\n\n<p>La cr\u00e9ation de l\u2019\u00c9tat isra\u00e9lien en 1948 enflamma tout le Proche-Orient avec des cons\u00e9quences humaines d\u00e9sastreuses. Le Pape Pie XII demanda au Secr\u00e9taire g\u00e9n\u00e9ral de CNEWA de coordonner l\u2019aide catholique internationale pour les r\u00e9fugi\u00e9s palestiniens de la r\u00e9gion. En 1949, CNEWA ouvrit son premier bureau au Liban sous le nom de Mission pontificale pour la Palestine. On proc\u00e9da ensuite \u00e0 l\u2019ouverture de deux autres bureaux : l\u2019un \u00e0 J\u00e9rusalem et l\u2019autre \u00e0 Amman en Jordanie. La guerre civile du Liban durant les ann\u00e9es 1980, poussa CNEWA \u00e0 agrandir son champ d\u2019action. Elle passa de l\u2019aide aux palestiniens aux efforts de reconstruction et de d\u00e9veloppement durable pour tous les peuples et \u00e9glises du Proche et Moyen-Orient.<\/p>\n\n\n\n<p>En 1999, lors de la c\u00e9l\u00e9bration du cinquanti\u00e8me anniversaire de CNEWA-Mission pontificale, tenue \u00e0 Rome, le Pape Jean Paul II re\u00e7ut et remercia personnellement les responsables des trois bureaux pour leur travail exceptionnel dans cette r\u00e9gion \u00e9prouv\u00e9e.<\/p>\n\n\n\n<h2 class=\"wp-block-heading\"><strong>CNEWA en \u00c9thiopie, en \u00c9rythr\u00e9e et en Inde<\/strong><\/h2>\n\n\n\n<p>Depuis l&rsquo;ind\u00e9pendance de l&rsquo;\u00c9rythr\u00e9e en 1993, CNEWA garde une pr\u00e9sence soutenue \u00e0 travers son r\u00e9seau de communaut\u00e9s religieuses et de l&rsquo;\u00e9glise locale pour appuyer les plus d\u00e9munies.<\/p>\n\n\n\n<p>En Inde, \u00e0 l\u2019autre bout de l\u2019Orient, le programme de CNEWA prit de l\u2019ampleur pour devenir le plus imposant de l\u2019Association. Afin de mieux coordonner son travail avec les communaut\u00e9s locales, CNEWA d\u00e9cida d\u2019ouvrir un bureau r\u00e9gional en 2003 dans l\u2019\u00c9tat du Kerala au sud-ouest de l\u2019Inde. On y compte aujourd\u2019hui 12 permanents de nationalit\u00e9 indienne.<\/p>\n\n\n\n<h2 class=\"wp-block-heading\"><strong>L\u2019\u00e9tablissement de CNEWA Canada<\/strong><\/h2>\n\n\n\n<p>L\u2019intensit\u00e9 des conflits et l\u2019appauvrissement chronique des ann\u00e9es 1990 ont affect\u00e9 de fa\u00e7on consid\u00e9rable les \u00e9glises et les populations de l\u2019Orient. En 2002, dans le but de r\u00e9pondre aux besoins grandissants, le Saint-Si\u00e8ge approcha la Conf\u00e9rence des \u00e9v\u00eaques catholiques du Canada pour ouvrir un bureau national de CNEWA au Canada.<\/p>\n\n\n\n<p>Mgr Marcel Gervais, archev\u00eaque d\u2019Ottawa et M. le cardinal Marc Ouellet, archev\u00eaque de Qu\u00e9bec, accept\u00e9rent d\u2019en \u00eatre les premiers dirigeants, en tant que pr\u00e9sident et vice-pr\u00e9sident. En 2004, Carl H\u00e9tu fut embauch\u00e9 comme Secr\u00e9taire national pour ouvrir officiellement le bureau de l\u2019Association au Canada. Ce dernier fut mandat\u00e9 par le conseil d\u2019administration de rencontrer l\u2019\u00e9piscopat canadien afin de le sensibiliser \u00e0 la mission de l\u2019Association et de bien situer CNEWA parmi les autres organismes catholiques de bienfaisance.<\/p>\n\n\n\n<p>La cr\u00e9ation de CNEWA Canada apporte une dimension importante \u00e0 la famille des organismes de bienfaisance au Canada. Il n\u2019existait pas, jusqu\u2019\u00e0 maintenant, d\u2019organisme canadien d\u00e9di\u00e9 exclusivement \u00e0 l\u2019appui des \u00c9glises et des populations de l\u2019Orient. CNEWA Canada donne \u00e0 la population canadienne la possibilit\u00e9 d\u2019offrir leur soutien et leur compassion aux peuples et aux \u00e9glises afflig\u00e9s par la pauvret\u00e9, la discrimination et l\u2019exclusion et de r\u00e9pondre rapidement aux nombreux conflits qui affectent l\u2019Orient.<\/p>\n","protected":false},"excerpt":{"rendered":"<p>La mise sur pied de CNEWA est intimement li\u00e9e \u00e0 l\u2019int\u00e9r\u00eat que le Pape Beno\u00eet XV a port\u00e9 aux chr\u00e9tiens de l\u2019Orient et aux crises humanitaires qui ont suivit la premi\u00e8re guerre mondiale. Tout d\u2019abord il fonda, en 1917, la Congr\u00e9gation pour les \u00c9glises orientales dans le but d\u2019harmoniser les relations avec ces \u00e9glises fragilis\u00e9es &hellip; <a href=\"https:\/\/cnewa.org\/fr\/histoire\/\">Continued<\/a><\/p>\n","protected":false},"author":70080,"featured_media":0,"parent":0,"menu_order":0,"comment_status":"closed","ping_status":"closed","template":"","meta":{"_acf_changed":false,"footnotes":""},"class_list":["post-119","page","type-page","status-publish","hentry"],"acf":[],"yoast_head":"<!-- This site is optimized with the Yoast SEO Premium plugin v27.2 (Yoast SEO v27.2) - https:\/\/yoast.com\/product\/yoast-seo-premium-wordpress\/ -->\n<title>Histoire | CNEWA Canada<\/title>\n<meta name=\"robots\" content=\"index, follow, max-snippet:-1, max-image-preview:large, max-video-preview:-1\" \/>\n<link rel=\"canonical\" href=\"https:\/\/cnewa.org\/fr\/histoire\/\" \/>\n<meta property=\"og:locale\" content=\"fr_CA\" \/>\n<meta property=\"og:type\" content=\"article\" \/>\n<meta property=\"og:title\" content=\"Histoire\" \/>\n<meta property=\"og:description\" content=\"La mise sur pied de CNEWA est intimement li\u00e9e \u00e0 l\u2019int\u00e9r\u00eat que le Pape Beno\u00eet XV a port\u00e9 aux chr\u00e9tiens de l\u2019Orient et aux crises humanitaires qui ont suivit la premi\u00e8re guerre mondiale. Tout d\u2019abord il fonda, en 1917, la Congr\u00e9gation pour les \u00c9glises orientales dans le but d\u2019harmoniser les relations avec ces \u00e9glises fragilis\u00e9es &hellip; Continued\" \/>\n<meta property=\"og:site_name\" content=\"CNEWA Canada\" \/>\n<meta property=\"article:publisher\" content=\"https:\/\/www.facebook.com\/cnewacanada\/\" \/>\n<meta property=\"article:modified_time\" content=\"2024-02-15T20:39:40+00:00\" \/>\n<meta name=\"twitter:card\" content=\"summary_large_image\" \/>\n<meta name=\"twitter:site\" content=\"@cnewac\" \/>\n<meta name=\"twitter:label1\" content=\"Estimation du temps de lecture\" \/>\n\t<meta name=\"twitter:data1\" content=\"4 minutes\" \/>\n<script type=\"application\/ld+json\" class=\"yoast-schema-graph\">{\"@context\":\"https:\/\/schema.org\",\"@graph\":[{\"@type\":\"WebPage\",\"@id\":\"https:\/\/cnewa.org\/fr\/histoire\/\",\"url\":\"https:\/\/cnewa.org\/fr\/histoire\/\",\"name\":\"Histoire | CNEWA Canada\",\"isPartOf\":{\"@id\":\"https:\/\/cnewa.org\/fr\/#website\"},\"datePublished\":\"2019-10-28T17:37:44+00:00\",\"dateModified\":\"2024-02-15T20:39:40+00:00\",\"breadcrumb\":{\"@id\":\"https:\/\/cnewa.org\/fr\/histoire\/#breadcrumb\"},\"inLanguage\":\"fr-CA\",\"potentialAction\":[{\"@type\":\"ReadAction\",\"target\":[\"https:\/\/cnewa.org\/fr\/histoire\/\"]}]},{\"@type\":\"BreadcrumbList\",\"@id\":\"https:\/\/cnewa.org\/fr\/histoire\/#breadcrumb\",\"itemListElement\":[{\"@type\":\"ListItem\",\"position\":1,\"name\":\"Accueil\",\"item\":\"https:\/\/cnewa.org\/fr\/\"},{\"@type\":\"ListItem\",\"position\":2,\"name\":\"Histoire\"}]},{\"@type\":\"WebSite\",\"@id\":\"https:\/\/cnewa.org\/fr\/#website\",\"url\":\"https:\/\/cnewa.org\/fr\/\",\"name\":\"CNEWA Canada\",\"description\":\"Association catholique d\u2019aide \u00e0 l\u2019Orient\",\"publisher\":{\"@id\":\"https:\/\/cnewa.org\/fr\/#organization\"},\"potentialAction\":[{\"@type\":\"SearchAction\",\"target\":{\"@type\":\"EntryPoint\",\"urlTemplate\":\"https:\/\/cnewa.org\/fr\/?s={search_term_string}\"},\"query-input\":{\"@type\":\"PropertyValueSpecification\",\"valueRequired\":true,\"valueName\":\"search_term_string\"}}],\"inLanguage\":\"fr-CA\"},{\"@type\":\"Organization\",\"@id\":\"https:\/\/cnewa.org\/fr\/#organization\",\"name\":\"CNEWA Canada\",\"alternateName\":\"Association catholique d\u2019aide \u00e0 l\u2019Orient\",\"url\":\"https:\/\/cnewa.org\/fr\/\",\"logo\":{\"@type\":\"ImageObject\",\"inLanguage\":\"fr-CA\",\"@id\":\"https:\/\/cnewa.org\/fr\/#\/schema\/logo\/image\/\",\"url\":\"https:\/\/cnewa.org\/fr\/wp-content\/uploads\/sites\/3\/2019\/11\/CNEWA-brand-logo.png\",\"contentUrl\":\"https:\/\/cnewa.org\/fr\/wp-content\/uploads\/sites\/3\/2019\/11\/CNEWA-brand-logo.png\",\"width\":1000,\"height\":1000,\"caption\":\"CNEWA Canada\"},\"image\":{\"@id\":\"https:\/\/cnewa.org\/fr\/#\/schema\/logo\/image\/\"},\"sameAs\":[\"https:\/\/www.facebook.com\/cnewacanada\/\",\"https:\/\/x.com\/cnewac\",\"https:\/\/www.instagram.com\/cnewa1926\/\",\"https:\/\/www.youtube.com\/user\/TheCNEWA\"]}]}<\/script>\n<!-- \/ Yoast SEO Premium plugin. -->","yoast_head_json":{"title":"Histoire | CNEWA Canada","robots":{"index":"index","follow":"follow","max-snippet":"max-snippet:-1","max-image-preview":"max-image-preview:large","max-video-preview":"max-video-preview:-1"},"canonical":"https:\/\/cnewa.org\/fr\/histoire\/","og_locale":"fr_CA","og_type":"article","og_title":"Histoire","og_description":"La mise sur pied de CNEWA est intimement li\u00e9e \u00e0 l\u2019int\u00e9r\u00eat que le Pape Beno\u00eet XV a port\u00e9 aux chr\u00e9tiens de l\u2019Orient et aux crises humanitaires qui ont suivit la premi\u00e8re guerre mondiale. Tout d\u2019abord il fonda, en 1917, la Congr\u00e9gation pour les \u00c9glises orientales dans le but d\u2019harmoniser les relations avec ces \u00e9glises fragilis\u00e9es &hellip; Continued","og_site_name":"CNEWA Canada","article_publisher":"https:\/\/www.facebook.com\/cnewacanada\/","article_modified_time":"2024-02-15T20:39:40+00:00","twitter_card":"summary_large_image","twitter_site":"@cnewac","twitter_misc":{"Estimation du temps de lecture":"4 minutes"},"schema":{"@context":"https:\/\/schema.org","@graph":[{"@type":"WebPage","@id":"https:\/\/cnewa.org\/fr\/histoire\/","url":"https:\/\/cnewa.org\/fr\/histoire\/","name":"Histoire | CNEWA Canada","isPartOf":{"@id":"https:\/\/cnewa.org\/fr\/#website"},"datePublished":"2019-10-28T17:37:44+00:00","dateModified":"2024-02-15T20:39:40+00:00","breadcrumb":{"@id":"https:\/\/cnewa.org\/fr\/histoire\/#breadcrumb"},"inLanguage":"fr-CA","potentialAction":[{"@type":"ReadAction","target":["https:\/\/cnewa.org\/fr\/histoire\/"]}]},{"@type":"BreadcrumbList","@id":"https:\/\/cnewa.org\/fr\/histoire\/#breadcrumb","itemListElement":[{"@type":"ListItem","position":1,"name":"Accueil","item":"https:\/\/cnewa.org\/fr\/"},{"@type":"ListItem","position":2,"name":"Histoire"}]},{"@type":"WebSite","@id":"https:\/\/cnewa.org\/fr\/#website","url":"https:\/\/cnewa.org\/fr\/","name":"CNEWA Canada","description":"Association catholique d\u2019aide \u00e0 l\u2019Orient","publisher":{"@id":"https:\/\/cnewa.org\/fr\/#organization"},"potentialAction":[{"@type":"SearchAction","target":{"@type":"EntryPoint","urlTemplate":"https:\/\/cnewa.org\/fr\/?s={search_term_string}"},"query-input":{"@type":"PropertyValueSpecification","valueRequired":true,"valueName":"search_term_string"}}],"inLanguage":"fr-CA"},{"@type":"Organization","@id":"https:\/\/cnewa.org\/fr\/#organization","name":"CNEWA Canada","alternateName":"Association catholique d\u2019aide \u00e0 l\u2019Orient","url":"https:\/\/cnewa.org\/fr\/","logo":{"@type":"ImageObject","inLanguage":"fr-CA","@id":"https:\/\/cnewa.org\/fr\/#\/schema\/logo\/image\/","url":"https:\/\/cnewa.org\/fr\/wp-content\/uploads\/sites\/3\/2019\/11\/CNEWA-brand-logo.png","contentUrl":"https:\/\/cnewa.org\/fr\/wp-content\/uploads\/sites\/3\/2019\/11\/CNEWA-brand-logo.png","width":1000,"height":1000,"caption":"CNEWA Canada"},"image":{"@id":"https:\/\/cnewa.org\/fr\/#\/schema\/logo\/image\/"},"sameAs":["https:\/\/www.facebook.com\/cnewacanada\/","https:\/\/x.com\/cnewac","https:\/\/www.instagram.com\/cnewa1926\/","https:\/\/www.youtube.com\/user\/TheCNEWA"]}]}},"_links":{"self":[{"href":"https:\/\/cnewa.org\/fr\/wp-json\/wp\/v2\/pages\/119","targetHints":{"allow":["GET"]}}],"collection":[{"href":"https:\/\/cnewa.org\/fr\/wp-json\/wp\/v2\/pages"}],"about":[{"href":"https:\/\/cnewa.org\/fr\/wp-json\/wp\/v2\/types\/page"}],"author":[{"embeddable":true,"href":"https:\/\/cnewa.org\/fr\/wp-json\/wp\/v2\/users\/70080"}],"replies":[{"embeddable":true,"href":"https:\/\/cnewa.org\/fr\/wp-json\/wp\/v2\/comments?post=119"}],"version-history":[{"count":1,"href":"https:\/\/cnewa.org\/fr\/wp-json\/wp\/v2\/pages\/119\/revisions"}],"predecessor-version":[{"id":120,"href":"https:\/\/cnewa.org\/fr\/wp-json\/wp\/v2\/pages\/119\/revisions\/120"}],"wp:attachment":[{"href":"https:\/\/cnewa.org\/fr\/wp-json\/wp\/v2\/media?parent=119"}],"curies":[{"name":"wp","href":"https:\/\/api.w.org\/{rel}","templated":true}]}}