{"id":133,"date":"2019-10-28T13:59:58","date_gmt":"2019-10-28T17:59:58","guid":{"rendered":"https:\/\/cnewa.org\/fr\/?page_id=133"},"modified":"2025-05-30T10:10:28","modified_gmt":"2025-05-30T14:10:28","slug":"etats-financiers","status":"publish","type":"page","link":"https:\/\/cnewa.org\/fr\/etats-financiers\/","title":{"rendered":"\u00c9tats Financiers"},"content":{"rendered":"\n<h2 class=\"wp-block-heading\" id=\"h-pour-obtenir-un-resume-des-etats-financiers-de-cnewa-canada-pour-la-periode-allant-du-1-janvier-au-31-decembre-2024-veuillez-cliquer-ici\">Pour obtenir un r\u00e9sum\u00e9 des \u00e9tats financiers de CNEWA Canada pour la p\u00e9riode allant du 1 janvier au 31 d\u00e9cembre 2024, veuillez\u00a0<a href=\"https:\/\/cnewa.org\/ca\/wp-content\/uploads\/sites\/2\/2025\/05\/2024-Financial-Statement.pdf\" target=\"_blank\" rel=\"noreferrer noopener\">cliquer ici<\/a>.<\/h2>\n\n\n\n<p>Un grand MERCI, au nom de toutes les personnes \u00e0 qui vous apportez votre soutien.&nbsp;<\/p>\n\n\n\n<p>Pour plus de renseignements sur nos activit\u00e9s, veuillez nous contacter au&nbsp;<a href=\"mailto:canada@cnewa.org\">canada@cnewa.org<\/a>&nbsp;ou au num\u00e9ro sans frais : 1-866-322-4441.<\/p>\n\n\n\n<h2 class=\"wp-block-heading\" id=\"h-etats-financiers\">E\u0301tats financiers<\/h2>\n\n\n\n<div class=\"wp-block-file\"><a id=\"wp-block-file--media-d7f86ee3-cf5b-4e2c-a2a0-3bd799537eda\" href=\"https:\/\/cnewa.org\/fr\/wp-content\/uploads\/sites\/3\/2025\/05\/2024-Etats-financiers.pdf\">2024 Etats financiers<\/a><a href=\"https:\/\/cnewa.org\/fr\/wp-content\/uploads\/sites\/3\/2025\/05\/2024-Etats-financiers.pdf\" class=\"wp-block-file__button wp-element-button\" download aria-describedby=\"wp-block-file--media-d7f86ee3-cf5b-4e2c-a2a0-3bd799537eda\">T\u00e9l\u00e9charger<\/a><\/div>\n\n\n\n<div class=\"wp-block-file\"><a id=\"wp-block-file--media-2cfc4990-632e-4abd-85d2-761631a2366f\" href=\"https:\/\/cnewa.org\/fr\/wp-content\/uploads\/sites\/3\/2024\/05\/2023-12-31-CNEWA-Cda-Summ-wFS-FRE.pdf\">2023 \u00c9tats financiers<\/a><a href=\"https:\/\/cnewa.org\/fr\/wp-content\/uploads\/sites\/3\/2024\/05\/2023-12-31-CNEWA-Cda-Summ-wFS-FRE.pdf\" class=\"wp-block-file__button wp-element-button\" download aria-describedby=\"wp-block-file--media-2cfc4990-632e-4abd-85d2-761631a2366f\">T\u00e9l\u00e9charger<\/a><\/div>\n\n\n\n<div class=\"wp-block-file\"><a id=\"wp-block-file--media-35699526-6c24-4e58-9e82-d1d426c47a32\" href=\"https:\/\/cnewa.org\/fr\/wp-content\/uploads\/sites\/3\/2023\/05\/2022-Etats-financiers.pdf\">2022 \u00c9tats financiers<\/a><a href=\"https:\/\/cnewa.org\/fr\/wp-content\/uploads\/sites\/3\/2023\/05\/2022-Etats-financiers.pdf\" class=\"wp-block-file__button wp-element-button\" download aria-describedby=\"wp-block-file--media-35699526-6c24-4e58-9e82-d1d426c47a32\">T\u00e9l\u00e9charger<\/a><\/div>\n\n\n\n<div class=\"wp-block-file\"><a id=\"wp-block-file--media-35699526-6c24-4e58-9e82-d1d426c47a32\" href=\"https:\/\/cnewa.org\/fr\/wp-content\/uploads\/sites\/3\/2022\/07\/2021-Etats-financiers.pdf\">2021 \u00c9tats financiers<\/a><a href=\"https:\/\/cnewa.org\/fr\/wp-content\/uploads\/sites\/3\/2022\/07\/2021-Etats-financiers.pdf\" class=\"wp-block-file__button wp-element-button\" download aria-describedby=\"wp-block-file--media-35699526-6c24-4e58-9e82-d1d426c47a32\">T\u00e9l\u00e9charger<\/a><\/div>\n\n\n\n<div class=\"wp-block-file\"><a id=\"wp-block-file--media-d34c032f-36c4-4701-acee-bfa3811f2562\" href=\"https:\/\/cnewa.org\/fr\/wp-content\/uploads\/sites\/3\/2021\/04\/2020-Etats-financiers.pdf\">2020 \u00c9tats financiers<\/a><a href=\"https:\/\/cnewa.org\/fr\/wp-content\/uploads\/sites\/3\/2021\/04\/2020-Etats-financiers.pdf\" class=\"wp-block-file__button wp-element-button\" download aria-describedby=\"wp-block-file--media-d34c032f-36c4-4701-acee-bfa3811f2562\">T\u00e9l\u00e9charger<\/a><\/div>\n\n\n\n<div class=\"wp-block-file\"><a id=\"wp-block-file--media-6887ad67-b94b-4053-b875-ecb597263eb9\" href=\"https:\/\/cnewa.org\/fr\/wp-content\/uploads\/sites\/3\/2020\/06\/2019-\u00c9tats-financiers.pdf\">2019 \u00c9tats financiers<\/a><a href=\"https:\/\/cnewa.org\/fr\/wp-content\/uploads\/sites\/3\/2020\/06\/2019-\u00c9tats-financiers.pdf\" class=\"wp-block-file__button wp-element-button\" download aria-describedby=\"wp-block-file--media-6887ad67-b94b-4053-b875-ecb597263eb9\">T\u00e9l\u00e9charger<\/a><\/div>\n\n\n\n<div class=\"wp-block-file\"><a id=\"wp-block-file--media-6248cc89-576e-4e57-91ae-b92202c29087\" href=\"https:\/\/cnewa.org\/fr\/wp-content\/uploads\/sites\/3\/2019\/10\/2018-E\u0301tats-financiers.pdf\">2018-E\u0301tats-financiers<\/a><a href=\"https:\/\/cnewa.org\/fr\/wp-content\/uploads\/sites\/3\/2019\/10\/2018-E\u0301tats-financiers.pdf\" class=\"wp-block-file__button wp-element-button\" download aria-describedby=\"wp-block-file--media-6248cc89-576e-4e57-91ae-b92202c29087\">T\u00e9l\u00e9charger<\/a><\/div>\n\n\n\n<div class=\"wp-block-file\"><a id=\"wp-block-file--media-47238e77-af75-4b6c-a254-c54735f59064\" href=\"https:\/\/cnewa.org\/fr\/wp-content\/uploads\/sites\/3\/2019\/10\/2017-E\u0301tats-financiers.pdf\">2017 E\u0301tats financiers<\/a><a href=\"https:\/\/cnewa.org\/fr\/wp-content\/uploads\/sites\/3\/2019\/10\/2017-E\u0301tats-financiers.pdf\" class=\"wp-block-file__button wp-element-button\" download aria-describedby=\"wp-block-file--media-47238e77-af75-4b6c-a254-c54735f59064\">T\u00e9l\u00e9charger<\/a><\/div>\n\n\n\n<div class=\"wp-block-file\"><a id=\"wp-block-file--media-a7e63466-c2f3-4d4f-8e23-a221fcef1946\" href=\"https:\/\/cnewa.org\/fr\/wp-content\/uploads\/sites\/3\/2019\/10\/2016-E\u0301tats-financiers.pdf\">2016 E\u0301tats financiers<\/a><a href=\"https:\/\/cnewa.org\/fr\/wp-content\/uploads\/sites\/3\/2019\/10\/2016-E\u0301tats-financiers.pdf\" class=\"wp-block-file__button wp-element-button\" download aria-describedby=\"wp-block-file--media-a7e63466-c2f3-4d4f-8e23-a221fcef1946\">T\u00e9l\u00e9charger<\/a><\/div>\n\n\n\n<div class=\"wp-block-file\"><a id=\"wp-block-file--media-ea1cea03-6b9f-406f-8044-f24a88a20bb2\" href=\"https:\/\/cnewa.org\/fr\/wp-content\/uploads\/sites\/3\/2019\/10\/2015-E\u0301tats-financiers.pdf\">2015 E\u0301tats financiers<\/a><a href=\"https:\/\/cnewa.org\/fr\/wp-content\/uploads\/sites\/3\/2019\/10\/2015-E\u0301tats-financiers.pdf\" class=\"wp-block-file__button wp-element-button\" download aria-describedby=\"wp-block-file--media-ea1cea03-6b9f-406f-8044-f24a88a20bb2\">T\u00e9l\u00e9charger<\/a><\/div>\n\n\n\n<div class=\"wp-block-file\"><a id=\"wp-block-file--media-777526e2-6981-4a58-bc73-47b82171fc30\" href=\"https:\/\/cnewa.org\/fr\/wp-content\/uploads\/sites\/3\/2019\/10\/2014-E\u0301tats-financiers.pdf\">2014 E\u0301tats financiers<\/a><a href=\"https:\/\/cnewa.org\/fr\/wp-content\/uploads\/sites\/3\/2019\/10\/2014-E\u0301tats-financiers.pdf\" class=\"wp-block-file__button wp-element-button\" download aria-describedby=\"wp-block-file--media-777526e2-6981-4a58-bc73-47b82171fc30\">T\u00e9l\u00e9charger<\/a><\/div>\n","protected":false},"excerpt":{"rendered":"<p>Pour obtenir un r\u00e9sum\u00e9 des \u00e9tats financiers de CNEWA Canada pour la p\u00e9riode allant du 1 janvier au 31 d\u00e9cembre 2024, veuillez\u00a0cliquer ici. Un grand MERCI, au nom de toutes les personnes \u00e0 qui vous apportez votre soutien.&nbsp; Pour plus de renseignements sur nos activit\u00e9s, veuillez nous contacter au&nbsp;canada@cnewa.org&nbsp;ou au num\u00e9ro sans frais : 1-866-322-4441. &hellip; <a href=\"https:\/\/cnewa.org\/fr\/etats-financiers\/\">Continued<\/a><\/p>\n","protected":false},"author":70080,"featured_media":0,"parent":0,"menu_order":0,"comment_status":"closed","ping_status":"closed","template":"","meta":{"_acf_changed":false,"footnotes":""},"class_list":["post-133","page","type-page","status-publish","hentry"],"acf":[],"yoast_head":"<!-- This site is optimized with the Yoast SEO Premium plugin v27.3 (Yoast SEO v27.3) - https:\/\/yoast.com\/product\/yoast-seo-premium-wordpress\/ -->\n<title>\u00c9tats Financiers | CNEWA Canada<\/title>\n<meta name=\"robots\" content=\"index, follow, max-snippet:-1, max-image-preview:large, max-video-preview:-1\" \/>\n<link rel=\"canonical\" href=\"https:\/\/cnewa.org\/fr\/etats-financiers\/\" \/>\n<meta property=\"og:locale\" content=\"fr_CA\" \/>\n<meta property=\"og:type\" content=\"article\" \/>\n<meta property=\"og:title\" content=\"\u00c9tats Financiers\" \/>\n<meta property=\"og:description\" content=\"Pour obtenir un r\u00e9sum\u00e9 des \u00e9tats financiers de CNEWA Canada pour la p\u00e9riode allant du 1 janvier au 31 d\u00e9cembre 2024, veuillez\u00a0cliquer ici. Un grand MERCI, au nom de toutes les personnes \u00e0 qui vous apportez votre soutien.&nbsp; Pour plus de renseignements sur nos activit\u00e9s, veuillez nous contacter au&nbsp;canada@cnewa.org&nbsp;ou au num\u00e9ro sans frais : 1-866-322-4441. &hellip; Continued\" \/>\n<meta property=\"og:site_name\" content=\"CNEWA Canada\" \/>\n<meta property=\"article:publisher\" content=\"https:\/\/www.facebook.com\/cnewacanada\/\" \/>\n<meta property=\"article:modified_time\" content=\"2025-05-30T14:10:28+00:00\" \/>\n<meta name=\"twitter:card\" content=\"summary_large_image\" \/>\n<meta name=\"twitter:site\" content=\"@cnewac\" \/>\n<meta name=\"twitter:label1\" content=\"Estimation du temps de lecture\" \/>\n\t<meta name=\"twitter:data1\" content=\"1 minute\" \/>\n<script type=\"application\/ld+json\" class=\"yoast-schema-graph\">{\"@context\":\"https:\\\/\\\/schema.org\",\"@graph\":[{\"@type\":\"WebPage\",\"@id\":\"https:\\\/\\\/cnewa.org\\\/fr\\\/etats-financiers\\\/\",\"url\":\"https:\\\/\\\/cnewa.org\\\/fr\\\/etats-financiers\\\/\",\"name\":\"\u00c9tats Financiers | CNEWA Canada\",\"isPartOf\":{\"@id\":\"https:\\\/\\\/cnewa.org\\\/fr\\\/#website\"},\"datePublished\":\"2019-10-28T17:59:58+00:00\",\"dateModified\":\"2025-05-30T14:10:28+00:00\",\"breadcrumb\":{\"@id\":\"https:\\\/\\\/cnewa.org\\\/fr\\\/etats-financiers\\\/#breadcrumb\"},\"inLanguage\":\"fr-CA\",\"potentialAction\":[{\"@type\":\"ReadAction\",\"target\":[\"https:\\\/\\\/cnewa.org\\\/fr\\\/etats-financiers\\\/\"]}]},{\"@type\":\"BreadcrumbList\",\"@id\":\"https:\\\/\\\/cnewa.org\\\/fr\\\/etats-financiers\\\/#breadcrumb\",\"itemListElement\":[{\"@type\":\"ListItem\",\"position\":1,\"name\":\"Accueil\",\"item\":\"https:\\\/\\\/cnewa.org\\\/fr\\\/\"},{\"@type\":\"ListItem\",\"position\":2,\"name\":\"\u00c9tats Financiers\"}]},{\"@type\":\"WebSite\",\"@id\":\"https:\\\/\\\/cnewa.org\\\/fr\\\/#website\",\"url\":\"https:\\\/\\\/cnewa.org\\\/fr\\\/\",\"name\":\"CNEWA Canada\",\"description\":\"Association catholique d\u2019aide \u00e0 l\u2019Orient\",\"publisher\":{\"@id\":\"https:\\\/\\\/cnewa.org\\\/fr\\\/#organization\"},\"potentialAction\":[{\"@type\":\"SearchAction\",\"target\":{\"@type\":\"EntryPoint\",\"urlTemplate\":\"https:\\\/\\\/cnewa.org\\\/fr\\\/?s={search_term_string}\"},\"query-input\":{\"@type\":\"PropertyValueSpecification\",\"valueRequired\":true,\"valueName\":\"search_term_string\"}}],\"inLanguage\":\"fr-CA\"},{\"@type\":\"Organization\",\"@id\":\"https:\\\/\\\/cnewa.org\\\/fr\\\/#organization\",\"name\":\"CNEWA Canada\",\"alternateName\":\"Association catholique d\u2019aide \u00e0 l\u2019Orient\",\"url\":\"https:\\\/\\\/cnewa.org\\\/fr\\\/\",\"logo\":{\"@type\":\"ImageObject\",\"inLanguage\":\"fr-CA\",\"@id\":\"https:\\\/\\\/cnewa.org\\\/fr\\\/#\\\/schema\\\/logo\\\/image\\\/\",\"url\":\"https:\\\/\\\/cnewa.org\\\/fr\\\/wp-content\\\/uploads\\\/sites\\\/3\\\/2019\\\/11\\\/CNEWA-brand-logo.png\",\"contentUrl\":\"https:\\\/\\\/cnewa.org\\\/fr\\\/wp-content\\\/uploads\\\/sites\\\/3\\\/2019\\\/11\\\/CNEWA-brand-logo.png\",\"width\":1000,\"height\":1000,\"caption\":\"CNEWA Canada\"},\"image\":{\"@id\":\"https:\\\/\\\/cnewa.org\\\/fr\\\/#\\\/schema\\\/logo\\\/image\\\/\"},\"sameAs\":[\"https:\\\/\\\/www.facebook.com\\\/cnewacanada\\\/\",\"https:\\\/\\\/x.com\\\/cnewac\",\"https:\\\/\\\/www.instagram.com\\\/cnewa1926\\\/\",\"https:\\\/\\\/www.youtube.com\\\/user\\\/TheCNEWA\"]}]}<\/script>\n<!-- \/ Yoast SEO Premium plugin. -->","yoast_head_json":{"title":"\u00c9tats Financiers | CNEWA Canada","robots":{"index":"index","follow":"follow","max-snippet":"max-snippet:-1","max-image-preview":"max-image-preview:large","max-video-preview":"max-video-preview:-1"},"canonical":"https:\/\/cnewa.org\/fr\/etats-financiers\/","og_locale":"fr_CA","og_type":"article","og_title":"\u00c9tats Financiers","og_description":"Pour obtenir un r\u00e9sum\u00e9 des \u00e9tats financiers de CNEWA Canada pour la p\u00e9riode allant du 1 janvier au 31 d\u00e9cembre 2024, veuillez\u00a0cliquer ici. Un grand MERCI, au nom de toutes les personnes \u00e0 qui vous apportez votre soutien.&nbsp; Pour plus de renseignements sur nos activit\u00e9s, veuillez nous contacter au&nbsp;canada@cnewa.org&nbsp;ou au num\u00e9ro sans frais : 1-866-322-4441. &hellip; Continued","og_site_name":"CNEWA Canada","article_publisher":"https:\/\/www.facebook.com\/cnewacanada\/","article_modified_time":"2025-05-30T14:10:28+00:00","twitter_card":"summary_large_image","twitter_site":"@cnewac","twitter_misc":{"Estimation du temps de lecture":"1 minute"},"schema":{"@context":"https:\/\/schema.org","@graph":[{"@type":"WebPage","@id":"https:\/\/cnewa.org\/fr\/etats-financiers\/","url":"https:\/\/cnewa.org\/fr\/etats-financiers\/","name":"\u00c9tats Financiers | CNEWA Canada","isPartOf":{"@id":"https:\/\/cnewa.org\/fr\/#website"},"datePublished":"2019-10-28T17:59:58+00:00","dateModified":"2025-05-30T14:10:28+00:00","breadcrumb":{"@id":"https:\/\/cnewa.org\/fr\/etats-financiers\/#breadcrumb"},"inLanguage":"fr-CA","potentialAction":[{"@type":"ReadAction","target":["https:\/\/cnewa.org\/fr\/etats-financiers\/"]}]},{"@type":"BreadcrumbList","@id":"https:\/\/cnewa.org\/fr\/etats-financiers\/#breadcrumb","itemListElement":[{"@type":"ListItem","position":1,"name":"Accueil","item":"https:\/\/cnewa.org\/fr\/"},{"@type":"ListItem","position":2,"name":"\u00c9tats Financiers"}]},{"@type":"WebSite","@id":"https:\/\/cnewa.org\/fr\/#website","url":"https:\/\/cnewa.org\/fr\/","name":"CNEWA Canada","description":"Association catholique d\u2019aide \u00e0 l\u2019Orient","publisher":{"@id":"https:\/\/cnewa.org\/fr\/#organization"},"potentialAction":[{"@type":"SearchAction","target":{"@type":"EntryPoint","urlTemplate":"https:\/\/cnewa.org\/fr\/?s={search_term_string}"},"query-input":{"@type":"PropertyValueSpecification","valueRequired":true,"valueName":"search_term_string"}}],"inLanguage":"fr-CA"},{"@type":"Organization","@id":"https:\/\/cnewa.org\/fr\/#organization","name":"CNEWA Canada","alternateName":"Association catholique d\u2019aide \u00e0 l\u2019Orient","url":"https:\/\/cnewa.org\/fr\/","logo":{"@type":"ImageObject","inLanguage":"fr-CA","@id":"https:\/\/cnewa.org\/fr\/#\/schema\/logo\/image\/","url":"https:\/\/cnewa.org\/fr\/wp-content\/uploads\/sites\/3\/2019\/11\/CNEWA-brand-logo.png","contentUrl":"https:\/\/cnewa.org\/fr\/wp-content\/uploads\/sites\/3\/2019\/11\/CNEWA-brand-logo.png","width":1000,"height":1000,"caption":"CNEWA Canada"},"image":{"@id":"https:\/\/cnewa.org\/fr\/#\/schema\/logo\/image\/"},"sameAs":["https:\/\/www.facebook.com\/cnewacanada\/","https:\/\/x.com\/cnewac","https:\/\/www.instagram.com\/cnewa1926\/","https:\/\/www.youtube.com\/user\/TheCNEWA"]}]}},"_links":{"self":[{"href":"https:\/\/cnewa.org\/fr\/wp-json\/wp\/v2\/pages\/133","targetHints":{"allow":["GET"]}}],"collection":[{"href":"https:\/\/cnewa.org\/fr\/wp-json\/wp\/v2\/pages"}],"about":[{"href":"https:\/\/cnewa.org\/fr\/wp-json\/wp\/v2\/types\/page"}],"author":[{"embeddable":true,"href":"https:\/\/cnewa.org\/fr\/wp-json\/wp\/v2\/users\/70080"}],"replies":[{"embeddable":true,"href":"https:\/\/cnewa.org\/fr\/wp-json\/wp\/v2\/comments?post=133"}],"version-history":[{"count":11,"href":"https:\/\/cnewa.org\/fr\/wp-json\/wp\/v2\/pages\/133\/revisions"}],"predecessor-version":[{"id":2346,"href":"https:\/\/cnewa.org\/fr\/wp-json\/wp\/v2\/pages\/133\/revisions\/2346"}],"wp:attachment":[{"href":"https:\/\/cnewa.org\/fr\/wp-json\/wp\/v2\/media?parent=133"}],"curies":[{"name":"wp","href":"https:\/\/api.w.org\/{rel}","templated":true}]}}