{"id":147,"date":"2019-10-28T14:09:58","date_gmt":"2019-10-28T18:09:58","guid":{"rendered":"https:\/\/cnewa.org\/fr\/?page_id=147"},"modified":"2024-08-28T10:17:40","modified_gmt":"2024-08-28T14:17:40","slug":"ou-nous-travaillons","status":"publish","type":"page","link":"https:\/\/cnewa.org\/fr\/ou-nous-travaillons\/","title":{"rendered":"O\u00f9 Nous Travaillons"},"content":{"rendered":"\n<h2 class=\"wp-block-heading\" id=\"h-moyen-orient\"><a href=\"https:\/\/cnewa.org\/fr\/ou-nous-travaillons\/moyen-orient\/\">Moyen-Orient<\/a><\/h2>\n\n\n\n<p><a href=\"https:\/\/cnewa.org\/fr\/ou-nous-travaillons\/moyen-orient\/irak\/\">Irak<\/a>, <a href=\"https:\/\/cnewa.org\/fr\/ou-nous-travaillons\/moyen-orient\/israel\/\">Isra\u00ebl<\/a>, <a href=\"https:\/\/cnewa.org\/fr\/ou-nous-travaillons\/moyen-orient\/jordanie\/\">Jordanie<\/a>, <a href=\"https:\/\/cnewa.org\/fr\/ou-nous-travaillons\/moyen-orient\/le-liban\/\">Liban<\/a>, <a href=\"https:\/\/cnewa.org\/fr\/ou-nous-travaillons\/moyen-orient\/la-palestine\/\">Palestine<\/a>, <a href=\"https:\/\/cnewa.org\/fr\/ou-nous-travaillons\/moyen-orient\/la-syrie\/\">Syrie<\/a>.<\/p>\n\n\n\n<figure class=\"wp-block-image alignwide\"><a class=\"where-we-work\" href=\"https:\/\/cnewa.org\/fr\/ou-nous-travaillons\/moyen-orient\/\"><img loading=\"lazy\" decoding=\"async\" width=\"1024\" height=\"389\" src=\"https:\/\/cnewa.org\/fr\/wp-content\/uploads\/sites\/3\/2019\/10\/CNEWA_Region_Middle-East-1024x389.jpg\" alt=\"\" class=\"wp-image-153\" srcset=\"https:\/\/cnewa.org\/fr\/wp-content\/uploads\/sites\/3\/2019\/10\/CNEWA_Region_Middle-East-1024x389.jpg 1024w, https:\/\/cnewa.org\/fr\/wp-content\/uploads\/sites\/3\/2019\/10\/CNEWA_Region_Middle-East-300x114.jpg 300w, https:\/\/cnewa.org\/fr\/wp-content\/uploads\/sites\/3\/2019\/10\/CNEWA_Region_Middle-East-768x292.jpg 768w, https:\/\/cnewa.org\/fr\/wp-content\/uploads\/sites\/3\/2019\/10\/CNEWA_Region_Middle-East-1600x608.jpg 1600w, https:\/\/cnewa.org\/fr\/wp-content\/uploads\/sites\/3\/2019\/10\/CNEWA_Region_Middle-East.jpg 2000w\" sizes=\"auto, (max-width: 1024px) 100vw, 1024px\" \/><\/a><\/figure>\n\n\n\n<hr class=\"wp-block-separator has-css-opacity\"\/>\n\n\n\n<h2 class=\"wp-block-heading\" id=\"h-nord-est-de-l-afrique\"><a href=\"https:\/\/cnewa.org\/fr\/ou-nous-travaillons\/nord-est-de-lafrique\/\">Nord-est de l\u2019Afrique<\/a><\/h2>\n\n\n\n<p><a href=\"https:\/\/cnewa.org\/fr\/ou-nous-travaillons\/nord-est-de-lafrique\/legypte\/\">Egypte<\/a>, <a href=\"https:\/\/cnewa.org\/fr\/ou-nous-travaillons\/nord-est-de-lafrique\/lerythree\/\">L\u2019\u00c9rythr\u00e9e<\/a>, <a href=\"https:\/\/cnewa.org\/fr\/ou-nous-travaillons\/nord-est-de-lafrique\/lethiopie\/\">\u00c9thiopie<\/a><\/p>\n\n\n\n<figure class=\"wp-block-image alignwide\"><a href=\"https:\/\/cnewa.org\/fr\/ou-nous-travaillons\/nord-est-de-lafrique\/\"><img loading=\"lazy\" decoding=\"async\" width=\"1024\" height=\"389\" src=\"https:\/\/cnewa.org\/fr\/wp-content\/uploads\/sites\/3\/2019\/10\/CNEWA_Region_NorthEast-Africa-1024x389.jpg\" alt=\"\" class=\"wp-image-154\" srcset=\"https:\/\/cnewa.org\/fr\/wp-content\/uploads\/sites\/3\/2019\/10\/CNEWA_Region_NorthEast-Africa-1024x389.jpg 1024w, https:\/\/cnewa.org\/fr\/wp-content\/uploads\/sites\/3\/2019\/10\/CNEWA_Region_NorthEast-Africa-300x114.jpg 300w, https:\/\/cnewa.org\/fr\/wp-content\/uploads\/sites\/3\/2019\/10\/CNEWA_Region_NorthEast-Africa-768x292.jpg 768w, https:\/\/cnewa.org\/fr\/wp-content\/uploads\/sites\/3\/2019\/10\/CNEWA_Region_NorthEast-Africa-1600x608.jpg 1600w, https:\/\/cnewa.org\/fr\/wp-content\/uploads\/sites\/3\/2019\/10\/CNEWA_Region_NorthEast-Africa.jpg 2000w\" sizes=\"auto, (max-width: 1024px) 100vw, 1024px\" \/><\/a><\/figure>\n\n\n\n<hr class=\"wp-block-separator has-css-opacity\"\/>\n\n\n\n<h2 class=\"wp-block-heading\" id=\"h-inde\"><a href=\"https:\/\/cnewa.org\/fr\/ou-nous-travaillons\/inde\/\">Inde<\/a><\/h2>\n\n\n\n<figure class=\"wp-block-image alignwide\"><a href=\"https:\/\/cnewa.org\/fr\/ou-nous-travaillons\/inde\/\"><img loading=\"lazy\" decoding=\"async\" width=\"1024\" height=\"389\" src=\"https:\/\/cnewa.org\/fr\/wp-content\/uploads\/sites\/3\/2019\/10\/CNEWA_Region_India-1024x389.jpg\" alt=\"\" class=\"wp-image-152\" srcset=\"https:\/\/cnewa.org\/fr\/wp-content\/uploads\/sites\/3\/2019\/10\/CNEWA_Region_India-1024x389.jpg 1024w, https:\/\/cnewa.org\/fr\/wp-content\/uploads\/sites\/3\/2019\/10\/CNEWA_Region_India-300x114.jpg 300w, https:\/\/cnewa.org\/fr\/wp-content\/uploads\/sites\/3\/2019\/10\/CNEWA_Region_India-768x292.jpg 768w, https:\/\/cnewa.org\/fr\/wp-content\/uploads\/sites\/3\/2019\/10\/CNEWA_Region_India-1600x608.jpg 1600w, https:\/\/cnewa.org\/fr\/wp-content\/uploads\/sites\/3\/2019\/10\/CNEWA_Region_India.jpg 2000w\" sizes=\"auto, (max-width: 1024px) 100vw, 1024px\" \/><\/a><\/figure>\n\n\n\n<hr class=\"wp-block-separator has-css-opacity\"\/>\n\n\n\n<h2 class=\"wp-block-heading\" id=\"h-europe-de-l-est\"><a href=\"https:\/\/cnewa.org\/fr\/ou-nous-travaillons\/europe-de-lest\/\">Europe de l\u2019Est<\/a><\/h2>\n\n\n\n<p><a href=\"https:\/\/cnewa.org\/fr\/ou-nous-travaillons\/europe-de-lest\/ukraine\/\">Ukraine<\/a>, <a href=\"https:\/\/cnewa.org\/fr\/ou-nous-travaillons\/europe-de-lest\/armenie\/\">Arm\u00e9nie<\/a>, <a href=\"https:\/\/cnewa.org\/fr\/ou-nous-travaillons\/europe-de-lest\/georgie\">G\u00e9orgie<\/a><\/p>\n\n\n\n<figure class=\"wp-block-image alignwide\"><a href=\"https:\/\/cnewa.org\/fr\/ou-nous-travaillons\/europe-de-lest\/\"><img loading=\"lazy\" decoding=\"async\" width=\"1024\" height=\"389\" src=\"https:\/\/cnewa.org\/fr\/wp-content\/uploads\/sites\/3\/2019\/10\/CNEWA_Region_EasternEurope-1024x389.jpg\" alt=\"\" class=\"wp-image-151\" srcset=\"https:\/\/cnewa.org\/fr\/wp-content\/uploads\/sites\/3\/2019\/10\/CNEWA_Region_EasternEurope-1024x389.jpg 1024w, https:\/\/cnewa.org\/fr\/wp-content\/uploads\/sites\/3\/2019\/10\/CNEWA_Region_EasternEurope-300x114.jpg 300w, https:\/\/cnewa.org\/fr\/wp-content\/uploads\/sites\/3\/2019\/10\/CNEWA_Region_EasternEurope-768x292.jpg 768w, https:\/\/cnewa.org\/fr\/wp-content\/uploads\/sites\/3\/2019\/10\/CNEWA_Region_EasternEurope-1600x608.jpg 1600w, https:\/\/cnewa.org\/fr\/wp-content\/uploads\/sites\/3\/2019\/10\/CNEWA_Region_EasternEurope.jpg 2000w\" sizes=\"auto, (max-width: 1024px) 100vw, 1024px\" \/><\/a><\/figure>\n\n\n\n<hr class=\"wp-block-separator has-css-opacity\"\/>\n","protected":false},"excerpt":{"rendered":"<p>Moyen-Orient Irak, Isra\u00ebl, Jordanie, Liban, Palestine, Syrie. Nord-est de l\u2019Afrique Egypte, L\u2019\u00c9rythr\u00e9e, \u00c9thiopie Inde Europe de l\u2019Est Ukraine, Arm\u00e9nie, G\u00e9orgie<\/p>\n","protected":false},"author":70080,"featured_media":150,"parent":0,"menu_order":0,"comment_status":"closed","ping_status":"closed","template":"template-where-we-work.php","meta":{"_acf_changed":false,"footnotes":""},"class_list":["post-147","page","type-page","status-publish","has-post-thumbnail","hentry"],"acf":[],"yoast_head":"<!-- This site is optimized with the Yoast SEO Premium plugin v27.2 (Yoast SEO v27.2) - https:\/\/yoast.com\/product\/yoast-seo-premium-wordpress\/ -->\n<title>O\u00f9 Nous Travaillons | CNEWA Canada<\/title>\n<meta name=\"robots\" content=\"index, follow, max-snippet:-1, max-image-preview:large, max-video-preview:-1\" \/>\n<link rel=\"canonical\" href=\"https:\/\/cnewa.org\/fr\/ou-nous-travaillons\/\" \/>\n<meta property=\"og:locale\" content=\"fr_CA\" \/>\n<meta property=\"og:type\" content=\"article\" \/>\n<meta property=\"og:title\" content=\"O\u00f9 Nous Travaillons\" \/>\n<meta property=\"og:description\" content=\"Moyen-Orient Irak, Isra\u00ebl, Jordanie, Liban, Palestine, Syrie. Nord-est de l\u2019Afrique Egypte, L\u2019\u00c9rythr\u00e9e, \u00c9thiopie Inde Europe de l\u2019Est Ukraine, Arm\u00e9nie, G\u00e9orgie\" \/>\n<meta property=\"og:site_name\" content=\"CNEWA Canada\" \/>\n<meta property=\"article:publisher\" content=\"https:\/\/www.facebook.com\/cnewacanada\/\" \/>\n<meta property=\"article:modified_time\" content=\"2024-08-28T14:17:40+00:00\" \/>\n<meta property=\"og:image\" content=\"https:\/\/cnewa.org\/fr\/wp-content\/uploads\/sites\/3\/2019\/10\/CNEWA_Region_ALL.jpg\" \/>\n\t<meta property=\"og:image:width\" content=\"2000\" \/>\n\t<meta property=\"og:image:height\" content=\"895\" \/>\n\t<meta property=\"og:image:type\" content=\"image\/jpeg\" \/>\n<meta name=\"twitter:card\" content=\"summary_large_image\" \/>\n<meta name=\"twitter:site\" content=\"@cnewac\" \/>\n<meta name=\"twitter:label1\" content=\"Estimation du temps de lecture\" \/>\n\t<meta name=\"twitter:data1\" content=\"2 minutes\" \/>\n<script type=\"application\/ld+json\" class=\"yoast-schema-graph\">{\"@context\":\"https:\/\/schema.org\",\"@graph\":[{\"@type\":\"WebPage\",\"@id\":\"https:\/\/cnewa.org\/fr\/ou-nous-travaillons\/\",\"url\":\"https:\/\/cnewa.org\/fr\/ou-nous-travaillons\/\",\"name\":\"O\u00f9 Nous Travaillons | CNEWA Canada\",\"isPartOf\":{\"@id\":\"https:\/\/cnewa.org\/fr\/#website\"},\"primaryImageOfPage\":{\"@id\":\"https:\/\/cnewa.org\/fr\/ou-nous-travaillons\/#primaryimage\"},\"image\":{\"@id\":\"https:\/\/cnewa.org\/fr\/ou-nous-travaillons\/#primaryimage\"},\"thumbnailUrl\":\"https:\/\/cnewa.org\/fr\/wp-content\/uploads\/sites\/3\/2019\/10\/CNEWA_Region_ALL.jpg\",\"datePublished\":\"2019-10-28T18:09:58+00:00\",\"dateModified\":\"2024-08-28T14:17:40+00:00\",\"breadcrumb\":{\"@id\":\"https:\/\/cnewa.org\/fr\/ou-nous-travaillons\/#breadcrumb\"},\"inLanguage\":\"fr-CA\",\"potentialAction\":[{\"@type\":\"ReadAction\",\"target\":[\"https:\/\/cnewa.org\/fr\/ou-nous-travaillons\/\"]}]},{\"@type\":\"ImageObject\",\"inLanguage\":\"fr-CA\",\"@id\":\"https:\/\/cnewa.org\/fr\/ou-nous-travaillons\/#primaryimage\",\"url\":\"https:\/\/cnewa.org\/fr\/wp-content\/uploads\/sites\/3\/2019\/10\/CNEWA_Region_ALL.jpg\",\"contentUrl\":\"https:\/\/cnewa.org\/fr\/wp-content\/uploads\/sites\/3\/2019\/10\/CNEWA_Region_ALL.jpg\",\"width\":2000,\"height\":895},{\"@type\":\"BreadcrumbList\",\"@id\":\"https:\/\/cnewa.org\/fr\/ou-nous-travaillons\/#breadcrumb\",\"itemListElement\":[{\"@type\":\"ListItem\",\"position\":1,\"name\":\"Accueil\",\"item\":\"https:\/\/cnewa.org\/fr\/\"},{\"@type\":\"ListItem\",\"position\":2,\"name\":\"O\u00f9 Nous Travaillons\"}]},{\"@type\":\"WebSite\",\"@id\":\"https:\/\/cnewa.org\/fr\/#website\",\"url\":\"https:\/\/cnewa.org\/fr\/\",\"name\":\"CNEWA Canada\",\"description\":\"Association catholique d\u2019aide \u00e0 l\u2019Orient\",\"publisher\":{\"@id\":\"https:\/\/cnewa.org\/fr\/#organization\"},\"potentialAction\":[{\"@type\":\"SearchAction\",\"target\":{\"@type\":\"EntryPoint\",\"urlTemplate\":\"https:\/\/cnewa.org\/fr\/?s={search_term_string}\"},\"query-input\":{\"@type\":\"PropertyValueSpecification\",\"valueRequired\":true,\"valueName\":\"search_term_string\"}}],\"inLanguage\":\"fr-CA\"},{\"@type\":\"Organization\",\"@id\":\"https:\/\/cnewa.org\/fr\/#organization\",\"name\":\"CNEWA Canada\",\"alternateName\":\"Association catholique d\u2019aide \u00e0 l\u2019Orient\",\"url\":\"https:\/\/cnewa.org\/fr\/\",\"logo\":{\"@type\":\"ImageObject\",\"inLanguage\":\"fr-CA\",\"@id\":\"https:\/\/cnewa.org\/fr\/#\/schema\/logo\/image\/\",\"url\":\"https:\/\/cnewa.org\/fr\/wp-content\/uploads\/sites\/3\/2019\/11\/CNEWA-brand-logo.png\",\"contentUrl\":\"https:\/\/cnewa.org\/fr\/wp-content\/uploads\/sites\/3\/2019\/11\/CNEWA-brand-logo.png\",\"width\":1000,\"height\":1000,\"caption\":\"CNEWA Canada\"},\"image\":{\"@id\":\"https:\/\/cnewa.org\/fr\/#\/schema\/logo\/image\/\"},\"sameAs\":[\"https:\/\/www.facebook.com\/cnewacanada\/\",\"https:\/\/x.com\/cnewac\",\"https:\/\/www.instagram.com\/cnewa1926\/\",\"https:\/\/www.youtube.com\/user\/TheCNEWA\"]}]}<\/script>\n<!-- \/ Yoast SEO Premium plugin. -->","yoast_head_json":{"title":"O\u00f9 Nous Travaillons | CNEWA Canada","robots":{"index":"index","follow":"follow","max-snippet":"max-snippet:-1","max-image-preview":"max-image-preview:large","max-video-preview":"max-video-preview:-1"},"canonical":"https:\/\/cnewa.org\/fr\/ou-nous-travaillons\/","og_locale":"fr_CA","og_type":"article","og_title":"O\u00f9 Nous Travaillons","og_description":"Moyen-Orient Irak, Isra\u00ebl, Jordanie, Liban, Palestine, Syrie. Nord-est de l\u2019Afrique Egypte, L\u2019\u00c9rythr\u00e9e, \u00c9thiopie Inde Europe de l\u2019Est Ukraine, Arm\u00e9nie, G\u00e9orgie","og_site_name":"CNEWA Canada","article_publisher":"https:\/\/www.facebook.com\/cnewacanada\/","article_modified_time":"2024-08-28T14:17:40+00:00","og_image":[{"width":2000,"height":895,"url":"https:\/\/cnewa.org\/fr\/wp-content\/uploads\/sites\/3\/2019\/10\/CNEWA_Region_ALL.jpg","type":"image\/jpeg"}],"twitter_card":"summary_large_image","twitter_site":"@cnewac","twitter_misc":{"Estimation du temps de lecture":"2 minutes"},"schema":{"@context":"https:\/\/schema.org","@graph":[{"@type":"WebPage","@id":"https:\/\/cnewa.org\/fr\/ou-nous-travaillons\/","url":"https:\/\/cnewa.org\/fr\/ou-nous-travaillons\/","name":"O\u00f9 Nous Travaillons | CNEWA Canada","isPartOf":{"@id":"https:\/\/cnewa.org\/fr\/#website"},"primaryImageOfPage":{"@id":"https:\/\/cnewa.org\/fr\/ou-nous-travaillons\/#primaryimage"},"image":{"@id":"https:\/\/cnewa.org\/fr\/ou-nous-travaillons\/#primaryimage"},"thumbnailUrl":"https:\/\/cnewa.org\/fr\/wp-content\/uploads\/sites\/3\/2019\/10\/CNEWA_Region_ALL.jpg","datePublished":"2019-10-28T18:09:58+00:00","dateModified":"2024-08-28T14:17:40+00:00","breadcrumb":{"@id":"https:\/\/cnewa.org\/fr\/ou-nous-travaillons\/#breadcrumb"},"inLanguage":"fr-CA","potentialAction":[{"@type":"ReadAction","target":["https:\/\/cnewa.org\/fr\/ou-nous-travaillons\/"]}]},{"@type":"ImageObject","inLanguage":"fr-CA","@id":"https:\/\/cnewa.org\/fr\/ou-nous-travaillons\/#primaryimage","url":"https:\/\/cnewa.org\/fr\/wp-content\/uploads\/sites\/3\/2019\/10\/CNEWA_Region_ALL.jpg","contentUrl":"https:\/\/cnewa.org\/fr\/wp-content\/uploads\/sites\/3\/2019\/10\/CNEWA_Region_ALL.jpg","width":2000,"height":895},{"@type":"BreadcrumbList","@id":"https:\/\/cnewa.org\/fr\/ou-nous-travaillons\/#breadcrumb","itemListElement":[{"@type":"ListItem","position":1,"name":"Accueil","item":"https:\/\/cnewa.org\/fr\/"},{"@type":"ListItem","position":2,"name":"O\u00f9 Nous Travaillons"}]},{"@type":"WebSite","@id":"https:\/\/cnewa.org\/fr\/#website","url":"https:\/\/cnewa.org\/fr\/","name":"CNEWA Canada","description":"Association catholique d\u2019aide \u00e0 l\u2019Orient","publisher":{"@id":"https:\/\/cnewa.org\/fr\/#organization"},"potentialAction":[{"@type":"SearchAction","target":{"@type":"EntryPoint","urlTemplate":"https:\/\/cnewa.org\/fr\/?s={search_term_string}"},"query-input":{"@type":"PropertyValueSpecification","valueRequired":true,"valueName":"search_term_string"}}],"inLanguage":"fr-CA"},{"@type":"Organization","@id":"https:\/\/cnewa.org\/fr\/#organization","name":"CNEWA Canada","alternateName":"Association catholique d\u2019aide \u00e0 l\u2019Orient","url":"https:\/\/cnewa.org\/fr\/","logo":{"@type":"ImageObject","inLanguage":"fr-CA","@id":"https:\/\/cnewa.org\/fr\/#\/schema\/logo\/image\/","url":"https:\/\/cnewa.org\/fr\/wp-content\/uploads\/sites\/3\/2019\/11\/CNEWA-brand-logo.png","contentUrl":"https:\/\/cnewa.org\/fr\/wp-content\/uploads\/sites\/3\/2019\/11\/CNEWA-brand-logo.png","width":1000,"height":1000,"caption":"CNEWA Canada"},"image":{"@id":"https:\/\/cnewa.org\/fr\/#\/schema\/logo\/image\/"},"sameAs":["https:\/\/www.facebook.com\/cnewacanada\/","https:\/\/x.com\/cnewac","https:\/\/www.instagram.com\/cnewa1926\/","https:\/\/www.youtube.com\/user\/TheCNEWA"]}]}},"_links":{"self":[{"href":"https:\/\/cnewa.org\/fr\/wp-json\/wp\/v2\/pages\/147","targetHints":{"allow":["GET"]}}],"collection":[{"href":"https:\/\/cnewa.org\/fr\/wp-json\/wp\/v2\/pages"}],"about":[{"href":"https:\/\/cnewa.org\/fr\/wp-json\/wp\/v2\/types\/page"}],"author":[{"embeddable":true,"href":"https:\/\/cnewa.org\/fr\/wp-json\/wp\/v2\/users\/70080"}],"replies":[{"embeddable":true,"href":"https:\/\/cnewa.org\/fr\/wp-json\/wp\/v2\/comments?post=147"}],"version-history":[{"count":25,"href":"https:\/\/cnewa.org\/fr\/wp-json\/wp\/v2\/pages\/147\/revisions"}],"predecessor-version":[{"id":1921,"href":"https:\/\/cnewa.org\/fr\/wp-json\/wp\/v2\/pages\/147\/revisions\/1921"}],"wp:featuredmedia":[{"embeddable":true,"href":"https:\/\/cnewa.org\/fr\/wp-json\/wp\/v2\/media\/150"}],"wp:attachment":[{"href":"https:\/\/cnewa.org\/fr\/wp-json\/wp\/v2\/media?parent=147"}],"curies":[{"name":"wp","href":"https:\/\/api.w.org\/{rel}","templated":true}]}}