{"id":1518,"date":"2023-09-25T14:36:45","date_gmt":"2023-09-25T18:36:45","guid":{"rendered":"https:\/\/cnewa.org\/fr\/?page_id=1518"},"modified":"2024-02-15T15:43:35","modified_gmt":"2024-02-15T20:43:35","slug":"messes","status":"publish","type":"page","link":"https:\/\/cnewa.org\/fr\/messes\/","title":{"rendered":"Offrande de messes"},"content":{"rendered":"\n<p>Dans la tradition de l&rsquo;\u00c9glise catholique, aucune pri\u00e8re n&rsquo;est plus pr\u00e9cieuse ni plus puissante que le saint sacrifice de la messe. Qu&rsquo;elle soit c\u00e9l\u00e9br\u00e9e dans une grande cath\u00e9drale ou dans une humble chapelle, la messe est une offrande d&rsquo;amour, le plus grand don que le Seigneur puisse nous faire, c\u2019est-\u00e0-dire rendre le Christ r\u00e9ellement pr\u00e9sent parmi nous. \u00c1 CNEWA Canada, nous avons le privil\u00e8ge d&rsquo;offrir \u00e0 nos collaborateurs la possibilit\u00e9 qu\u2019une ou des messes soient c\u00e9l\u00e9br\u00e9es \u00e0 leurs intentions par les pr\u00eatres qui exercent leur minist\u00e8re dans des pays que nous desservons &#8211; en m\u00e9moire d\u2019un \u00eatre cher, pour des causes sp\u00e9ciales ou simplement pour faire savoir \u00e0 d\u2019autres que l&rsquo;on pense et prie pour eux.<\/p>\n\n\n\n<h4 class=\"wp-block-heading\" id=\"h-messes-gregoriennes\">Messes gr\u00e9goriennes<\/h4>\n\n\n\n<p>La tradition de c\u00e9l\u00e9brer 30 messes cons\u00e9cutives pour une personne afin de lib\u00e9rer son \u00e2me du purgatoire.&nbsp;<\/p>\n\n\n\n<div class=\"wp-block-buttons is-layout-flex wp-block-buttons-is-layout-flex\">\n<div class=\"wp-block-button\"><a class=\"wp-block-button__link wp-element-button\" href=\"https:\/\/cnewa.org\/fr\/messes\/messes-gregoriennes\/\">Demander une intention de messes<\/a><\/div>\n<\/div>\n\n\n\n<h4 class=\"wp-block-heading\" id=\"h-messe-pour-les-defunts\">Messe pour les d\u00e9funts<\/h4>\n\n\n\n<p>La c\u00e9l\u00e9bration de messes pour le repos de l&rsquo;\u00e2me du d\u00e9funt.<\/p>\n\n\n\n<div class=\"wp-block-buttons is-layout-flex wp-block-buttons-is-layout-flex\">\n<div class=\"wp-block-button\"><a class=\"wp-block-button__link wp-element-button\" href=\"https:\/\/cnewa.org\/fr\/messes\/messes-pour-les-defunts\/\">Demander une intention de messes<\/a><\/div>\n<\/div>\n\n\n\n<h4 class=\"wp-block-heading\" id=\"h-messe-pour-des-intentions-speciales\">Messe pour des intentions sp\u00e9ciales<\/h4>\n\n\n\n<p>La c\u00e9l\u00e9bration de messes pour des intentions sp\u00e9ciales.<\/p>\n\n\n\n<div class=\"wp-block-buttons is-layout-flex wp-block-buttons-is-layout-flex\">\n<div class=\"wp-block-button\"><a class=\"wp-block-button__link wp-element-button\" href=\"https:\/\/cnewa.org\/fr\/messes\/messes-pour-des-intentions-speciales\/\">Demander une intention de messes&nbsp;<\/a><\/div>\n<\/div>\n","protected":false},"excerpt":{"rendered":"<p>Dans la tradition de l&rsquo;\u00c9glise catholique, aucune pri\u00e8re n&rsquo;est plus pr\u00e9cieuse ni plus puissante que le saint sacrifice de la messe. Qu&rsquo;elle soit c\u00e9l\u00e9br\u00e9e dans une grande cath\u00e9drale ou dans une humble chapelle, la messe est une offrande d&rsquo;amour, le plus grand don que le Seigneur puisse nous faire, c\u2019est-\u00e0-dire rendre le Christ r\u00e9ellement pr\u00e9sent &hellip; <a href=\"https:\/\/cnewa.org\/fr\/messes\/\">Continued<\/a><\/p>\n","protected":false},"author":1,"featured_media":1527,"parent":0,"menu_order":0,"comment_status":"closed","ping_status":"closed","template":"","meta":{"_acf_changed":false,"footnotes":""},"class_list":["post-1518","page","type-page","status-publish","has-post-thumbnail","hentry"],"acf":[],"yoast_head":"<!-- This site is optimized with the Yoast SEO Premium plugin v27.2 (Yoast SEO v27.2) - https:\/\/yoast.com\/product\/yoast-seo-premium-wordpress\/ -->\n<title>Offrande de messes | CNEWA Canada<\/title>\n<meta name=\"robots\" content=\"index, follow, max-snippet:-1, max-image-preview:large, max-video-preview:-1\" \/>\n<link rel=\"canonical\" href=\"https:\/\/cnewa.org\/fr\/messes\/\" \/>\n<meta property=\"og:locale\" content=\"fr_CA\" \/>\n<meta property=\"og:type\" content=\"article\" \/>\n<meta property=\"og:title\" content=\"Offrande de messes\" \/>\n<meta property=\"og:description\" content=\"Dans la tradition de l&rsquo;\u00c9glise catholique, aucune pri\u00e8re n&rsquo;est plus pr\u00e9cieuse ni plus puissante que le saint sacrifice de la messe. Qu&rsquo;elle soit c\u00e9l\u00e9br\u00e9e dans une grande cath\u00e9drale ou dans une humble chapelle, la messe est une offrande d&rsquo;amour, le plus grand don que le Seigneur puisse nous faire, c\u2019est-\u00e0-dire rendre le Christ r\u00e9ellement pr\u00e9sent &hellip; Continued\" \/>\n<meta property=\"og:site_name\" content=\"CNEWA Canada\" \/>\n<meta property=\"article:publisher\" content=\"https:\/\/www.facebook.com\/cnewacanada\/\" \/>\n<meta property=\"article:modified_time\" content=\"2024-02-15T20:43:35+00:00\" \/>\n<meta property=\"og:image\" content=\"https:\/\/cnewa.org\/fr\/wp-content\/uploads\/sites\/3\/2023\/09\/wiggers20182_136H_2-1800x750px.jpg\" \/>\n\t<meta property=\"og:image:width\" content=\"1800\" \/>\n\t<meta property=\"og:image:height\" content=\"750\" \/>\n\t<meta property=\"og:image:type\" content=\"image\/jpeg\" \/>\n<meta name=\"twitter:card\" content=\"summary_large_image\" \/>\n<meta name=\"twitter:site\" content=\"@cnewac\" \/>\n<meta name=\"twitter:label1\" content=\"Estimation du temps de lecture\" \/>\n\t<meta name=\"twitter:data1\" content=\"2 minutes\" \/>\n<script type=\"application\/ld+json\" class=\"yoast-schema-graph\">{\"@context\":\"https:\/\/schema.org\",\"@graph\":[{\"@type\":\"WebPage\",\"@id\":\"https:\/\/cnewa.org\/fr\/messes\/\",\"url\":\"https:\/\/cnewa.org\/fr\/messes\/\",\"name\":\"Offrande de messes | CNEWA Canada\",\"isPartOf\":{\"@id\":\"https:\/\/cnewa.org\/fr\/#website\"},\"primaryImageOfPage\":{\"@id\":\"https:\/\/cnewa.org\/fr\/messes\/#primaryimage\"},\"image\":{\"@id\":\"https:\/\/cnewa.org\/fr\/messes\/#primaryimage\"},\"thumbnailUrl\":\"https:\/\/cnewa.org\/fr\/wp-content\/uploads\/sites\/3\/2023\/09\/wiggers20182_136H_2-1800x750px.jpg\",\"datePublished\":\"2023-09-25T18:36:45+00:00\",\"dateModified\":\"2024-02-15T20:43:35+00:00\",\"breadcrumb\":{\"@id\":\"https:\/\/cnewa.org\/fr\/messes\/#breadcrumb\"},\"inLanguage\":\"fr-CA\",\"potentialAction\":[{\"@type\":\"ReadAction\",\"target\":[\"https:\/\/cnewa.org\/fr\/messes\/\"]}]},{\"@type\":\"ImageObject\",\"inLanguage\":\"fr-CA\",\"@id\":\"https:\/\/cnewa.org\/fr\/messes\/#primaryimage\",\"url\":\"https:\/\/cnewa.org\/fr\/wp-content\/uploads\/sites\/3\/2023\/09\/wiggers20182_136H_2-1800x750px.jpg\",\"contentUrl\":\"https:\/\/cnewa.org\/fr\/wp-content\/uploads\/sites\/3\/2023\/09\/wiggers20182_136H_2-1800x750px.jpg\",\"width\":1800,\"height\":750},{\"@type\":\"BreadcrumbList\",\"@id\":\"https:\/\/cnewa.org\/fr\/messes\/#breadcrumb\",\"itemListElement\":[{\"@type\":\"ListItem\",\"position\":1,\"name\":\"Accueil\",\"item\":\"https:\/\/cnewa.org\/fr\/\"},{\"@type\":\"ListItem\",\"position\":2,\"name\":\"Offrande de messes\"}]},{\"@type\":\"WebSite\",\"@id\":\"https:\/\/cnewa.org\/fr\/#website\",\"url\":\"https:\/\/cnewa.org\/fr\/\",\"name\":\"CNEWA Canada\",\"description\":\"Association catholique d\u2019aide \u00e0 l\u2019Orient\",\"publisher\":{\"@id\":\"https:\/\/cnewa.org\/fr\/#organization\"},\"potentialAction\":[{\"@type\":\"SearchAction\",\"target\":{\"@type\":\"EntryPoint\",\"urlTemplate\":\"https:\/\/cnewa.org\/fr\/?s={search_term_string}\"},\"query-input\":{\"@type\":\"PropertyValueSpecification\",\"valueRequired\":true,\"valueName\":\"search_term_string\"}}],\"inLanguage\":\"fr-CA\"},{\"@type\":\"Organization\",\"@id\":\"https:\/\/cnewa.org\/fr\/#organization\",\"name\":\"CNEWA Canada\",\"alternateName\":\"Association catholique d\u2019aide \u00e0 l\u2019Orient\",\"url\":\"https:\/\/cnewa.org\/fr\/\",\"logo\":{\"@type\":\"ImageObject\",\"inLanguage\":\"fr-CA\",\"@id\":\"https:\/\/cnewa.org\/fr\/#\/schema\/logo\/image\/\",\"url\":\"https:\/\/cnewa.org\/fr\/wp-content\/uploads\/sites\/3\/2019\/11\/CNEWA-brand-logo.png\",\"contentUrl\":\"https:\/\/cnewa.org\/fr\/wp-content\/uploads\/sites\/3\/2019\/11\/CNEWA-brand-logo.png\",\"width\":1000,\"height\":1000,\"caption\":\"CNEWA Canada\"},\"image\":{\"@id\":\"https:\/\/cnewa.org\/fr\/#\/schema\/logo\/image\/\"},\"sameAs\":[\"https:\/\/www.facebook.com\/cnewacanada\/\",\"https:\/\/x.com\/cnewac\",\"https:\/\/www.instagram.com\/cnewa1926\/\",\"https:\/\/www.youtube.com\/user\/TheCNEWA\"]}]}<\/script>\n<!-- \/ Yoast SEO Premium plugin. -->","yoast_head_json":{"title":"Offrande de messes | CNEWA Canada","robots":{"index":"index","follow":"follow","max-snippet":"max-snippet:-1","max-image-preview":"max-image-preview:large","max-video-preview":"max-video-preview:-1"},"canonical":"https:\/\/cnewa.org\/fr\/messes\/","og_locale":"fr_CA","og_type":"article","og_title":"Offrande de messes","og_description":"Dans la tradition de l&rsquo;\u00c9glise catholique, aucune pri\u00e8re n&rsquo;est plus pr\u00e9cieuse ni plus puissante que le saint sacrifice de la messe. Qu&rsquo;elle soit c\u00e9l\u00e9br\u00e9e dans une grande cath\u00e9drale ou dans une humble chapelle, la messe est une offrande d&rsquo;amour, le plus grand don que le Seigneur puisse nous faire, c\u2019est-\u00e0-dire rendre le Christ r\u00e9ellement pr\u00e9sent &hellip; Continued","og_site_name":"CNEWA Canada","article_publisher":"https:\/\/www.facebook.com\/cnewacanada\/","article_modified_time":"2024-02-15T20:43:35+00:00","og_image":[{"width":1800,"height":750,"url":"https:\/\/cnewa.org\/fr\/wp-content\/uploads\/sites\/3\/2023\/09\/wiggers20182_136H_2-1800x750px.jpg","type":"image\/jpeg"}],"twitter_card":"summary_large_image","twitter_site":"@cnewac","twitter_misc":{"Estimation du temps de lecture":"2 minutes"},"schema":{"@context":"https:\/\/schema.org","@graph":[{"@type":"WebPage","@id":"https:\/\/cnewa.org\/fr\/messes\/","url":"https:\/\/cnewa.org\/fr\/messes\/","name":"Offrande de messes | CNEWA Canada","isPartOf":{"@id":"https:\/\/cnewa.org\/fr\/#website"},"primaryImageOfPage":{"@id":"https:\/\/cnewa.org\/fr\/messes\/#primaryimage"},"image":{"@id":"https:\/\/cnewa.org\/fr\/messes\/#primaryimage"},"thumbnailUrl":"https:\/\/cnewa.org\/fr\/wp-content\/uploads\/sites\/3\/2023\/09\/wiggers20182_136H_2-1800x750px.jpg","datePublished":"2023-09-25T18:36:45+00:00","dateModified":"2024-02-15T20:43:35+00:00","breadcrumb":{"@id":"https:\/\/cnewa.org\/fr\/messes\/#breadcrumb"},"inLanguage":"fr-CA","potentialAction":[{"@type":"ReadAction","target":["https:\/\/cnewa.org\/fr\/messes\/"]}]},{"@type":"ImageObject","inLanguage":"fr-CA","@id":"https:\/\/cnewa.org\/fr\/messes\/#primaryimage","url":"https:\/\/cnewa.org\/fr\/wp-content\/uploads\/sites\/3\/2023\/09\/wiggers20182_136H_2-1800x750px.jpg","contentUrl":"https:\/\/cnewa.org\/fr\/wp-content\/uploads\/sites\/3\/2023\/09\/wiggers20182_136H_2-1800x750px.jpg","width":1800,"height":750},{"@type":"BreadcrumbList","@id":"https:\/\/cnewa.org\/fr\/messes\/#breadcrumb","itemListElement":[{"@type":"ListItem","position":1,"name":"Accueil","item":"https:\/\/cnewa.org\/fr\/"},{"@type":"ListItem","position":2,"name":"Offrande de messes"}]},{"@type":"WebSite","@id":"https:\/\/cnewa.org\/fr\/#website","url":"https:\/\/cnewa.org\/fr\/","name":"CNEWA Canada","description":"Association catholique d\u2019aide \u00e0 l\u2019Orient","publisher":{"@id":"https:\/\/cnewa.org\/fr\/#organization"},"potentialAction":[{"@type":"SearchAction","target":{"@type":"EntryPoint","urlTemplate":"https:\/\/cnewa.org\/fr\/?s={search_term_string}"},"query-input":{"@type":"PropertyValueSpecification","valueRequired":true,"valueName":"search_term_string"}}],"inLanguage":"fr-CA"},{"@type":"Organization","@id":"https:\/\/cnewa.org\/fr\/#organization","name":"CNEWA Canada","alternateName":"Association catholique d\u2019aide \u00e0 l\u2019Orient","url":"https:\/\/cnewa.org\/fr\/","logo":{"@type":"ImageObject","inLanguage":"fr-CA","@id":"https:\/\/cnewa.org\/fr\/#\/schema\/logo\/image\/","url":"https:\/\/cnewa.org\/fr\/wp-content\/uploads\/sites\/3\/2019\/11\/CNEWA-brand-logo.png","contentUrl":"https:\/\/cnewa.org\/fr\/wp-content\/uploads\/sites\/3\/2019\/11\/CNEWA-brand-logo.png","width":1000,"height":1000,"caption":"CNEWA Canada"},"image":{"@id":"https:\/\/cnewa.org\/fr\/#\/schema\/logo\/image\/"},"sameAs":["https:\/\/www.facebook.com\/cnewacanada\/","https:\/\/x.com\/cnewac","https:\/\/www.instagram.com\/cnewa1926\/","https:\/\/www.youtube.com\/user\/TheCNEWA"]}]}},"_links":{"self":[{"href":"https:\/\/cnewa.org\/fr\/wp-json\/wp\/v2\/pages\/1518","targetHints":{"allow":["GET"]}}],"collection":[{"href":"https:\/\/cnewa.org\/fr\/wp-json\/wp\/v2\/pages"}],"about":[{"href":"https:\/\/cnewa.org\/fr\/wp-json\/wp\/v2\/types\/page"}],"author":[{"embeddable":true,"href":"https:\/\/cnewa.org\/fr\/wp-json\/wp\/v2\/users\/1"}],"replies":[{"embeddable":true,"href":"https:\/\/cnewa.org\/fr\/wp-json\/wp\/v2\/comments?post=1518"}],"version-history":[{"count":4,"href":"https:\/\/cnewa.org\/fr\/wp-json\/wp\/v2\/pages\/1518\/revisions"}],"predecessor-version":[{"id":1560,"href":"https:\/\/cnewa.org\/fr\/wp-json\/wp\/v2\/pages\/1518\/revisions\/1560"}],"wp:featuredmedia":[{"embeddable":true,"href":"https:\/\/cnewa.org\/fr\/wp-json\/wp\/v2\/media\/1527"}],"wp:attachment":[{"href":"https:\/\/cnewa.org\/fr\/wp-json\/wp\/v2\/media?parent=1518"}],"curies":[{"name":"wp","href":"https:\/\/api.w.org\/{rel}","templated":true}]}}