{"id":1520,"date":"2023-09-25T14:39:21","date_gmt":"2023-09-25T18:39:21","guid":{"rendered":"https:\/\/cnewa.org\/fr\/?page_id=1520"},"modified":"2024-08-28T10:19:15","modified_gmt":"2024-08-28T14:19:15","slug":"messes-gregoriennes","status":"publish","type":"page","link":"https:\/\/cnewa.org\/fr\/messes\/messes-gregoriennes\/","title":{"rendered":"Messes gr\u00e9goriennes"},"content":{"rendered":"\n<p>Les messes gr\u00e9goriennes font partie d&rsquo;une tradition remontant au VIe si\u00e8cle, \u00e0 un monast\u00e8re fond\u00e9 par saint Gr\u00e9goire le Grand, dans lequel les pr\u00eatres c\u00e9l\u00e9braient une messe par jour pendant 30 jours pour un d\u00e9funt. Depuis cette \u00e9poque, les catholiques ont continu\u00e9 cette tradition de c\u00e9l\u00e9brer 30 messes cons\u00e9cutives pour une personne d\u00e9c\u00e9d\u00e9e afin de lib\u00e9rer son \u00e2me du purgatoire.<\/p>\n\n\n\n<p>Bien que ces messes ne puissent \u00eatre c\u00e9l\u00e9br\u00e9es que pour le d\u00e9funt, vous pouvez demander qu&rsquo;elles soient c\u00e9l\u00e9br\u00e9es pour quelqu&rsquo;un dans le futur ; nous vous enverrons une fiche que vous pourrez remplir et nous renvoyer apr\u00e8s le d\u00e9c\u00e8s de la personne.<\/p>\n","protected":false},"excerpt":{"rendered":"<p>Les messes gr\u00e9goriennes font partie d&rsquo;une tradition remontant au VIe si\u00e8cle, \u00e0 un monast\u00e8re fond\u00e9 par saint Gr\u00e9goire le Grand, dans lequel les pr\u00eatres c\u00e9l\u00e9braient une messe par jour pendant 30 jours pour un d\u00e9funt. Depuis cette \u00e9poque, les catholiques ont continu\u00e9 cette tradition de c\u00e9l\u00e9brer 30 messes cons\u00e9cutives pour une personne d\u00e9c\u00e9d\u00e9e afin de &hellip; <a href=\"https:\/\/cnewa.org\/fr\/messes\/messes-gregoriennes\/\">Continued<\/a><\/p>\n","protected":false},"author":1,"featured_media":0,"parent":1518,"menu_order":0,"comment_status":"closed","ping_status":"closed","template":"template-gregorian.php","meta":{"_acf_changed":false,"footnotes":""},"class_list":["post-1520","page","type-page","status-publish","hentry"],"acf":[],"yoast_head":"<!-- This site is optimized with the Yoast SEO Premium plugin v27.4 (Yoast SEO v27.4) - https:\/\/yoast.com\/product\/yoast-seo-premium-wordpress\/ -->\n<title>Messes gr\u00e9goriennes | CNEWA Canada<\/title>\n<meta name=\"robots\" content=\"index, follow, max-snippet:-1, max-image-preview:large, max-video-preview:-1\" \/>\n<link rel=\"canonical\" href=\"https:\/\/cnewa.org\/fr\/messes\/messes-gregoriennes\/\" \/>\n<meta property=\"og:locale\" content=\"fr_CA\" \/>\n<meta property=\"og:type\" content=\"article\" \/>\n<meta property=\"og:title\" content=\"Messes gr\u00e9goriennes\" \/>\n<meta property=\"og:description\" content=\"Les messes gr\u00e9goriennes font partie d&rsquo;une tradition remontant au VIe si\u00e8cle, \u00e0 un monast\u00e8re fond\u00e9 par saint Gr\u00e9goire le Grand, dans lequel les pr\u00eatres c\u00e9l\u00e9braient une messe par jour pendant 30 jours pour un d\u00e9funt. Depuis cette \u00e9poque, les catholiques ont continu\u00e9 cette tradition de c\u00e9l\u00e9brer 30 messes cons\u00e9cutives pour une personne d\u00e9c\u00e9d\u00e9e afin de &hellip; Continued\" \/>\n<meta property=\"og:site_name\" content=\"CNEWA Canada\" \/>\n<meta property=\"article:publisher\" content=\"https:\/\/www.facebook.com\/cnewacanada\/\" \/>\n<meta property=\"article:modified_time\" content=\"2024-08-28T14:19:15+00:00\" \/>\n<meta name=\"twitter:card\" content=\"summary_large_image\" \/>\n<meta name=\"twitter:site\" content=\"@cnewac\" \/>\n<meta name=\"twitter:label1\" content=\"Estimation du temps de lecture\" \/>\n\t<meta name=\"twitter:data1\" content=\"1 minute\" \/>\n<script type=\"application\/ld+json\" class=\"yoast-schema-graph\">{\"@context\":\"https:\\\/\\\/schema.org\",\"@graph\":[{\"@type\":\"WebPage\",\"@id\":\"https:\\\/\\\/cnewa.org\\\/fr\\\/messes\\\/messes-gregoriennes\\\/\",\"url\":\"https:\\\/\\\/cnewa.org\\\/fr\\\/messes\\\/messes-gregoriennes\\\/\",\"name\":\"Messes gr\u00e9goriennes | CNEWA Canada\",\"isPartOf\":{\"@id\":\"https:\\\/\\\/cnewa.org\\\/fr\\\/#website\"},\"datePublished\":\"2023-09-25T18:39:21+00:00\",\"dateModified\":\"2024-08-28T14:19:15+00:00\",\"breadcrumb\":{\"@id\":\"https:\\\/\\\/cnewa.org\\\/fr\\\/messes\\\/messes-gregoriennes\\\/#breadcrumb\"},\"inLanguage\":\"fr-CA\",\"potentialAction\":[{\"@type\":\"ReadAction\",\"target\":[\"https:\\\/\\\/cnewa.org\\\/fr\\\/messes\\\/messes-gregoriennes\\\/\"]}]},{\"@type\":\"BreadcrumbList\",\"@id\":\"https:\\\/\\\/cnewa.org\\\/fr\\\/messes\\\/messes-gregoriennes\\\/#breadcrumb\",\"itemListElement\":[{\"@type\":\"ListItem\",\"position\":1,\"name\":\"Accueil\",\"item\":\"https:\\\/\\\/cnewa.org\\\/fr\\\/\"},{\"@type\":\"ListItem\",\"position\":2,\"name\":\"Offrande de messes\",\"item\":\"https:\\\/\\\/cnewa.org\\\/fr\\\/messes\\\/\"},{\"@type\":\"ListItem\",\"position\":3,\"name\":\"Messes gr\u00e9goriennes\"}]},{\"@type\":\"WebSite\",\"@id\":\"https:\\\/\\\/cnewa.org\\\/fr\\\/#website\",\"url\":\"https:\\\/\\\/cnewa.org\\\/fr\\\/\",\"name\":\"CNEWA Canada\",\"description\":\"Association catholique d\u2019aide \u00e0 l\u2019Orient\",\"publisher\":{\"@id\":\"https:\\\/\\\/cnewa.org\\\/fr\\\/#organization\"},\"potentialAction\":[{\"@type\":\"SearchAction\",\"target\":{\"@type\":\"EntryPoint\",\"urlTemplate\":\"https:\\\/\\\/cnewa.org\\\/fr\\\/?s={search_term_string}\"},\"query-input\":{\"@type\":\"PropertyValueSpecification\",\"valueRequired\":true,\"valueName\":\"search_term_string\"}}],\"inLanguage\":\"fr-CA\"},{\"@type\":\"Organization\",\"@id\":\"https:\\\/\\\/cnewa.org\\\/fr\\\/#organization\",\"name\":\"CNEWA Canada\",\"alternateName\":\"Association catholique d\u2019aide \u00e0 l\u2019Orient\",\"url\":\"https:\\\/\\\/cnewa.org\\\/fr\\\/\",\"logo\":{\"@type\":\"ImageObject\",\"inLanguage\":\"fr-CA\",\"@id\":\"https:\\\/\\\/cnewa.org\\\/fr\\\/#\\\/schema\\\/logo\\\/image\\\/\",\"url\":\"https:\\\/\\\/cnewa.org\\\/fr\\\/wp-content\\\/uploads\\\/sites\\\/3\\\/2019\\\/11\\\/CNEWA-brand-logo.png\",\"contentUrl\":\"https:\\\/\\\/cnewa.org\\\/fr\\\/wp-content\\\/uploads\\\/sites\\\/3\\\/2019\\\/11\\\/CNEWA-brand-logo.png\",\"width\":1000,\"height\":1000,\"caption\":\"CNEWA Canada\"},\"image\":{\"@id\":\"https:\\\/\\\/cnewa.org\\\/fr\\\/#\\\/schema\\\/logo\\\/image\\\/\"},\"sameAs\":[\"https:\\\/\\\/www.facebook.com\\\/cnewacanada\\\/\",\"https:\\\/\\\/x.com\\\/cnewac\",\"https:\\\/\\\/www.instagram.com\\\/cnewa1926\\\/\",\"https:\\\/\\\/www.youtube.com\\\/user\\\/TheCNEWA\"]}]}<\/script>\n<!-- \/ Yoast SEO Premium plugin. -->","yoast_head_json":{"title":"Messes gr\u00e9goriennes | CNEWA Canada","robots":{"index":"index","follow":"follow","max-snippet":"max-snippet:-1","max-image-preview":"max-image-preview:large","max-video-preview":"max-video-preview:-1"},"canonical":"https:\/\/cnewa.org\/fr\/messes\/messes-gregoriennes\/","og_locale":"fr_CA","og_type":"article","og_title":"Messes gr\u00e9goriennes","og_description":"Les messes gr\u00e9goriennes font partie d&rsquo;une tradition remontant au VIe si\u00e8cle, \u00e0 un monast\u00e8re fond\u00e9 par saint Gr\u00e9goire le Grand, dans lequel les pr\u00eatres c\u00e9l\u00e9braient une messe par jour pendant 30 jours pour un d\u00e9funt. Depuis cette \u00e9poque, les catholiques ont continu\u00e9 cette tradition de c\u00e9l\u00e9brer 30 messes cons\u00e9cutives pour une personne d\u00e9c\u00e9d\u00e9e afin de &hellip; Continued","og_site_name":"CNEWA Canada","article_publisher":"https:\/\/www.facebook.com\/cnewacanada\/","article_modified_time":"2024-08-28T14:19:15+00:00","twitter_card":"summary_large_image","twitter_site":"@cnewac","twitter_misc":{"Estimation du temps de lecture":"1 minute"},"schema":{"@context":"https:\/\/schema.org","@graph":[{"@type":"WebPage","@id":"https:\/\/cnewa.org\/fr\/messes\/messes-gregoriennes\/","url":"https:\/\/cnewa.org\/fr\/messes\/messes-gregoriennes\/","name":"Messes gr\u00e9goriennes | CNEWA Canada","isPartOf":{"@id":"https:\/\/cnewa.org\/fr\/#website"},"datePublished":"2023-09-25T18:39:21+00:00","dateModified":"2024-08-28T14:19:15+00:00","breadcrumb":{"@id":"https:\/\/cnewa.org\/fr\/messes\/messes-gregoriennes\/#breadcrumb"},"inLanguage":"fr-CA","potentialAction":[{"@type":"ReadAction","target":["https:\/\/cnewa.org\/fr\/messes\/messes-gregoriennes\/"]}]},{"@type":"BreadcrumbList","@id":"https:\/\/cnewa.org\/fr\/messes\/messes-gregoriennes\/#breadcrumb","itemListElement":[{"@type":"ListItem","position":1,"name":"Accueil","item":"https:\/\/cnewa.org\/fr\/"},{"@type":"ListItem","position":2,"name":"Offrande de messes","item":"https:\/\/cnewa.org\/fr\/messes\/"},{"@type":"ListItem","position":3,"name":"Messes gr\u00e9goriennes"}]},{"@type":"WebSite","@id":"https:\/\/cnewa.org\/fr\/#website","url":"https:\/\/cnewa.org\/fr\/","name":"CNEWA Canada","description":"Association catholique d\u2019aide \u00e0 l\u2019Orient","publisher":{"@id":"https:\/\/cnewa.org\/fr\/#organization"},"potentialAction":[{"@type":"SearchAction","target":{"@type":"EntryPoint","urlTemplate":"https:\/\/cnewa.org\/fr\/?s={search_term_string}"},"query-input":{"@type":"PropertyValueSpecification","valueRequired":true,"valueName":"search_term_string"}}],"inLanguage":"fr-CA"},{"@type":"Organization","@id":"https:\/\/cnewa.org\/fr\/#organization","name":"CNEWA Canada","alternateName":"Association catholique d\u2019aide \u00e0 l\u2019Orient","url":"https:\/\/cnewa.org\/fr\/","logo":{"@type":"ImageObject","inLanguage":"fr-CA","@id":"https:\/\/cnewa.org\/fr\/#\/schema\/logo\/image\/","url":"https:\/\/cnewa.org\/fr\/wp-content\/uploads\/sites\/3\/2019\/11\/CNEWA-brand-logo.png","contentUrl":"https:\/\/cnewa.org\/fr\/wp-content\/uploads\/sites\/3\/2019\/11\/CNEWA-brand-logo.png","width":1000,"height":1000,"caption":"CNEWA Canada"},"image":{"@id":"https:\/\/cnewa.org\/fr\/#\/schema\/logo\/image\/"},"sameAs":["https:\/\/www.facebook.com\/cnewacanada\/","https:\/\/x.com\/cnewac","https:\/\/www.instagram.com\/cnewa1926\/","https:\/\/www.youtube.com\/user\/TheCNEWA"]}]}},"_links":{"self":[{"href":"https:\/\/cnewa.org\/fr\/wp-json\/wp\/v2\/pages\/1520","targetHints":{"allow":["GET"]}}],"collection":[{"href":"https:\/\/cnewa.org\/fr\/wp-json\/wp\/v2\/pages"}],"about":[{"href":"https:\/\/cnewa.org\/fr\/wp-json\/wp\/v2\/types\/page"}],"author":[{"embeddable":true,"href":"https:\/\/cnewa.org\/fr\/wp-json\/wp\/v2\/users\/1"}],"replies":[{"embeddable":true,"href":"https:\/\/cnewa.org\/fr\/wp-json\/wp\/v2\/comments?post=1520"}],"version-history":[{"count":1,"href":"https:\/\/cnewa.org\/fr\/wp-json\/wp\/v2\/pages\/1520\/revisions"}],"predecessor-version":[{"id":1521,"href":"https:\/\/cnewa.org\/fr\/wp-json\/wp\/v2\/pages\/1520\/revisions\/1521"}],"up":[{"embeddable":true,"href":"https:\/\/cnewa.org\/fr\/wp-json\/wp\/v2\/pages\/1518"}],"wp:attachment":[{"href":"https:\/\/cnewa.org\/fr\/wp-json\/wp\/v2\/media?parent=1520"}],"curies":[{"name":"wp","href":"https:\/\/api.w.org\/{rel}","templated":true}]}}