{"id":1522,"date":"2023-09-25T14:38:48","date_gmt":"2023-09-25T18:38:48","guid":{"rendered":"https:\/\/cnewa.org\/fr\/?page_id=1522"},"modified":"2024-08-28T10:19:00","modified_gmt":"2024-08-28T14:19:00","slug":"messes-pour-des-intentions-speciales","status":"publish","type":"page","link":"https:\/\/cnewa.org\/fr\/messes\/messes-pour-des-intentions-speciales\/","title":{"rendered":"Messes pour des intentions sp\u00e9ciales"},"content":{"rendered":"\n<p>Cela peut \u00eatre pour n\u2019importe quelles occasions : anniversaires de naissance, d\u2019ordinations, de mariages et plus encore.&nbsp;<\/p>\n\n\n\n<p>Il ne peut y avoir de mani\u00e8re plus significative et plus belle d\u2019exprimer son amour et son soutien dans la pri\u00e8re que de demander \u00e0 un pr\u00eatre de dire une messe pour quelqu\u2019un. Votre offrande sera remise directement au pr\u00eatre qui c\u00e9l\u00e8brera la messe pour laquelle vous nous avez fait parvenir votre don. Cet argent l\u2019aidera \u00e0 r\u00e9aliser sa mission dans le monde.<\/p>\n","protected":false},"excerpt":{"rendered":"<p>Cela peut \u00eatre pour n\u2019importe quelles occasions : anniversaires de naissance, d\u2019ordinations, de mariages et plus encore.&nbsp; Il ne peut y avoir de mani\u00e8re plus significative et plus belle d\u2019exprimer son amour et son soutien dans la pri\u00e8re que de demander \u00e0 un pr\u00eatre de dire une messe pour quelqu\u2019un. Votre offrande sera remise directement &hellip; <a href=\"https:\/\/cnewa.org\/fr\/messes\/messes-pour-des-intentions-speciales\/\">Continued<\/a><\/p>\n","protected":false},"author":1,"featured_media":0,"parent":1518,"menu_order":0,"comment_status":"closed","ping_status":"closed","template":"template-intentions.php","meta":{"_acf_changed":false,"footnotes":""},"class_list":["post-1522","page","type-page","status-publish","hentry"],"acf":[],"yoast_head":"<!-- This site is optimized with the Yoast SEO Premium plugin v27.4 (Yoast SEO v27.4) - https:\/\/yoast.com\/product\/yoast-seo-premium-wordpress\/ -->\n<title>Messes pour des intentions sp\u00e9ciales | CNEWA Canada<\/title>\n<meta name=\"robots\" content=\"index, follow, max-snippet:-1, max-image-preview:large, max-video-preview:-1\" \/>\n<link rel=\"canonical\" href=\"https:\/\/cnewa.org\/fr\/messes\/messes-pour-des-intentions-speciales\/\" \/>\n<meta property=\"og:locale\" content=\"fr_CA\" \/>\n<meta property=\"og:type\" content=\"article\" \/>\n<meta property=\"og:title\" content=\"Messes pour des intentions sp\u00e9ciales\" \/>\n<meta property=\"og:description\" content=\"Cela peut \u00eatre pour n\u2019importe quelles occasions : anniversaires de naissance, d\u2019ordinations, de mariages et plus encore.&nbsp; Il ne peut y avoir de mani\u00e8re plus significative et plus belle d\u2019exprimer son amour et son soutien dans la pri\u00e8re que de demander \u00e0 un pr\u00eatre de dire une messe pour quelqu\u2019un. Votre offrande sera remise directement &hellip; Continued\" \/>\n<meta property=\"og:site_name\" content=\"CNEWA Canada\" \/>\n<meta property=\"article:publisher\" content=\"https:\/\/www.facebook.com\/cnewacanada\/\" \/>\n<meta property=\"article:modified_time\" content=\"2024-08-28T14:19:00+00:00\" \/>\n<meta name=\"twitter:card\" content=\"summary_large_image\" \/>\n<meta name=\"twitter:site\" content=\"@cnewac\" \/>\n<meta name=\"twitter:label1\" content=\"Estimation du temps de lecture\" \/>\n\t<meta name=\"twitter:data1\" content=\"1 minute\" \/>\n<script type=\"application\/ld+json\" class=\"yoast-schema-graph\">{\"@context\":\"https:\\\/\\\/schema.org\",\"@graph\":[{\"@type\":\"WebPage\",\"@id\":\"https:\\\/\\\/cnewa.org\\\/fr\\\/messes\\\/messes-pour-des-intentions-speciales\\\/\",\"url\":\"https:\\\/\\\/cnewa.org\\\/fr\\\/messes\\\/messes-pour-des-intentions-speciales\\\/\",\"name\":\"Messes pour des intentions sp\u00e9ciales | CNEWA Canada\",\"isPartOf\":{\"@id\":\"https:\\\/\\\/cnewa.org\\\/fr\\\/#website\"},\"datePublished\":\"2023-09-25T18:38:48+00:00\",\"dateModified\":\"2024-08-28T14:19:00+00:00\",\"breadcrumb\":{\"@id\":\"https:\\\/\\\/cnewa.org\\\/fr\\\/messes\\\/messes-pour-des-intentions-speciales\\\/#breadcrumb\"},\"inLanguage\":\"fr-CA\",\"potentialAction\":[{\"@type\":\"ReadAction\",\"target\":[\"https:\\\/\\\/cnewa.org\\\/fr\\\/messes\\\/messes-pour-des-intentions-speciales\\\/\"]}]},{\"@type\":\"BreadcrumbList\",\"@id\":\"https:\\\/\\\/cnewa.org\\\/fr\\\/messes\\\/messes-pour-des-intentions-speciales\\\/#breadcrumb\",\"itemListElement\":[{\"@type\":\"ListItem\",\"position\":1,\"name\":\"Accueil\",\"item\":\"https:\\\/\\\/cnewa.org\\\/fr\\\/\"},{\"@type\":\"ListItem\",\"position\":2,\"name\":\"Offrande de messes\",\"item\":\"https:\\\/\\\/cnewa.org\\\/fr\\\/messes\\\/\"},{\"@type\":\"ListItem\",\"position\":3,\"name\":\"Messes pour des intentions sp\u00e9ciales\"}]},{\"@type\":\"WebSite\",\"@id\":\"https:\\\/\\\/cnewa.org\\\/fr\\\/#website\",\"url\":\"https:\\\/\\\/cnewa.org\\\/fr\\\/\",\"name\":\"CNEWA Canada\",\"description\":\"Association catholique d\u2019aide \u00e0 l\u2019Orient\",\"publisher\":{\"@id\":\"https:\\\/\\\/cnewa.org\\\/fr\\\/#organization\"},\"potentialAction\":[{\"@type\":\"SearchAction\",\"target\":{\"@type\":\"EntryPoint\",\"urlTemplate\":\"https:\\\/\\\/cnewa.org\\\/fr\\\/?s={search_term_string}\"},\"query-input\":{\"@type\":\"PropertyValueSpecification\",\"valueRequired\":true,\"valueName\":\"search_term_string\"}}],\"inLanguage\":\"fr-CA\"},{\"@type\":\"Organization\",\"@id\":\"https:\\\/\\\/cnewa.org\\\/fr\\\/#organization\",\"name\":\"CNEWA Canada\",\"alternateName\":\"Association catholique d\u2019aide \u00e0 l\u2019Orient\",\"url\":\"https:\\\/\\\/cnewa.org\\\/fr\\\/\",\"logo\":{\"@type\":\"ImageObject\",\"inLanguage\":\"fr-CA\",\"@id\":\"https:\\\/\\\/cnewa.org\\\/fr\\\/#\\\/schema\\\/logo\\\/image\\\/\",\"url\":\"https:\\\/\\\/cnewa.org\\\/fr\\\/wp-content\\\/uploads\\\/sites\\\/3\\\/2019\\\/11\\\/CNEWA-brand-logo.png\",\"contentUrl\":\"https:\\\/\\\/cnewa.org\\\/fr\\\/wp-content\\\/uploads\\\/sites\\\/3\\\/2019\\\/11\\\/CNEWA-brand-logo.png\",\"width\":1000,\"height\":1000,\"caption\":\"CNEWA Canada\"},\"image\":{\"@id\":\"https:\\\/\\\/cnewa.org\\\/fr\\\/#\\\/schema\\\/logo\\\/image\\\/\"},\"sameAs\":[\"https:\\\/\\\/www.facebook.com\\\/cnewacanada\\\/\",\"https:\\\/\\\/x.com\\\/cnewac\",\"https:\\\/\\\/www.instagram.com\\\/cnewa1926\\\/\",\"https:\\\/\\\/www.youtube.com\\\/user\\\/TheCNEWA\"]}]}<\/script>\n<!-- \/ Yoast SEO Premium plugin. -->","yoast_head_json":{"title":"Messes pour des intentions sp\u00e9ciales | CNEWA Canada","robots":{"index":"index","follow":"follow","max-snippet":"max-snippet:-1","max-image-preview":"max-image-preview:large","max-video-preview":"max-video-preview:-1"},"canonical":"https:\/\/cnewa.org\/fr\/messes\/messes-pour-des-intentions-speciales\/","og_locale":"fr_CA","og_type":"article","og_title":"Messes pour des intentions sp\u00e9ciales","og_description":"Cela peut \u00eatre pour n\u2019importe quelles occasions : anniversaires de naissance, d\u2019ordinations, de mariages et plus encore.&nbsp; Il ne peut y avoir de mani\u00e8re plus significative et plus belle d\u2019exprimer son amour et son soutien dans la pri\u00e8re que de demander \u00e0 un pr\u00eatre de dire une messe pour quelqu\u2019un. Votre offrande sera remise directement &hellip; Continued","og_site_name":"CNEWA Canada","article_publisher":"https:\/\/www.facebook.com\/cnewacanada\/","article_modified_time":"2024-08-28T14:19:00+00:00","twitter_card":"summary_large_image","twitter_site":"@cnewac","twitter_misc":{"Estimation du temps de lecture":"1 minute"},"schema":{"@context":"https:\/\/schema.org","@graph":[{"@type":"WebPage","@id":"https:\/\/cnewa.org\/fr\/messes\/messes-pour-des-intentions-speciales\/","url":"https:\/\/cnewa.org\/fr\/messes\/messes-pour-des-intentions-speciales\/","name":"Messes pour des intentions sp\u00e9ciales | CNEWA Canada","isPartOf":{"@id":"https:\/\/cnewa.org\/fr\/#website"},"datePublished":"2023-09-25T18:38:48+00:00","dateModified":"2024-08-28T14:19:00+00:00","breadcrumb":{"@id":"https:\/\/cnewa.org\/fr\/messes\/messes-pour-des-intentions-speciales\/#breadcrumb"},"inLanguage":"fr-CA","potentialAction":[{"@type":"ReadAction","target":["https:\/\/cnewa.org\/fr\/messes\/messes-pour-des-intentions-speciales\/"]}]},{"@type":"BreadcrumbList","@id":"https:\/\/cnewa.org\/fr\/messes\/messes-pour-des-intentions-speciales\/#breadcrumb","itemListElement":[{"@type":"ListItem","position":1,"name":"Accueil","item":"https:\/\/cnewa.org\/fr\/"},{"@type":"ListItem","position":2,"name":"Offrande de messes","item":"https:\/\/cnewa.org\/fr\/messes\/"},{"@type":"ListItem","position":3,"name":"Messes pour des intentions sp\u00e9ciales"}]},{"@type":"WebSite","@id":"https:\/\/cnewa.org\/fr\/#website","url":"https:\/\/cnewa.org\/fr\/","name":"CNEWA Canada","description":"Association catholique d\u2019aide \u00e0 l\u2019Orient","publisher":{"@id":"https:\/\/cnewa.org\/fr\/#organization"},"potentialAction":[{"@type":"SearchAction","target":{"@type":"EntryPoint","urlTemplate":"https:\/\/cnewa.org\/fr\/?s={search_term_string}"},"query-input":{"@type":"PropertyValueSpecification","valueRequired":true,"valueName":"search_term_string"}}],"inLanguage":"fr-CA"},{"@type":"Organization","@id":"https:\/\/cnewa.org\/fr\/#organization","name":"CNEWA Canada","alternateName":"Association catholique d\u2019aide \u00e0 l\u2019Orient","url":"https:\/\/cnewa.org\/fr\/","logo":{"@type":"ImageObject","inLanguage":"fr-CA","@id":"https:\/\/cnewa.org\/fr\/#\/schema\/logo\/image\/","url":"https:\/\/cnewa.org\/fr\/wp-content\/uploads\/sites\/3\/2019\/11\/CNEWA-brand-logo.png","contentUrl":"https:\/\/cnewa.org\/fr\/wp-content\/uploads\/sites\/3\/2019\/11\/CNEWA-brand-logo.png","width":1000,"height":1000,"caption":"CNEWA Canada"},"image":{"@id":"https:\/\/cnewa.org\/fr\/#\/schema\/logo\/image\/"},"sameAs":["https:\/\/www.facebook.com\/cnewacanada\/","https:\/\/x.com\/cnewac","https:\/\/www.instagram.com\/cnewa1926\/","https:\/\/www.youtube.com\/user\/TheCNEWA"]}]}},"_links":{"self":[{"href":"https:\/\/cnewa.org\/fr\/wp-json\/wp\/v2\/pages\/1522","targetHints":{"allow":["GET"]}}],"collection":[{"href":"https:\/\/cnewa.org\/fr\/wp-json\/wp\/v2\/pages"}],"about":[{"href":"https:\/\/cnewa.org\/fr\/wp-json\/wp\/v2\/types\/page"}],"author":[{"embeddable":true,"href":"https:\/\/cnewa.org\/fr\/wp-json\/wp\/v2\/users\/1"}],"replies":[{"embeddable":true,"href":"https:\/\/cnewa.org\/fr\/wp-json\/wp\/v2\/comments?post=1522"}],"version-history":[{"count":1,"href":"https:\/\/cnewa.org\/fr\/wp-json\/wp\/v2\/pages\/1522\/revisions"}],"predecessor-version":[{"id":1523,"href":"https:\/\/cnewa.org\/fr\/wp-json\/wp\/v2\/pages\/1522\/revisions\/1523"}],"up":[{"embeddable":true,"href":"https:\/\/cnewa.org\/fr\/wp-json\/wp\/v2\/pages\/1518"}],"wp:attachment":[{"href":"https:\/\/cnewa.org\/fr\/wp-json\/wp\/v2\/media?parent=1522"}],"curies":[{"name":"wp","href":"https:\/\/api.w.org\/{rel}","templated":true}]}}