{"id":158,"date":"2019-10-28T14:34:59","date_gmt":"2019-10-28T18:34:59","guid":{"rendered":"https:\/\/cnewa.org\/fr\/?page_id=158"},"modified":"2024-07-01T00:30:25","modified_gmt":"2024-07-01T04:30:25","slug":"moyen-orient","status":"publish","type":"page","link":"https:\/\/cnewa.org\/fr\/ou-nous-travaillons\/moyen-orient\/","title":{"rendered":"Le Moyen-Orient\u00a0"},"content":{"rendered":"\n<h2 class=\"wp-block-heading\" id=\"h-partout-en-terre-sainte-ces-terres-bibliques-que-constituent-l-irak-l-israel-la-jordanie-le-liban-la-palestine-et-la-syrie-des-religieuses-des-pretres-et-des-laics-hommes-et-femmes-se-devouent-chaque-jour-pour-nourrir-les-pauvres-soigner-les-malades-ecouter-ceux-et-celles-qui-ont-le-coeur-brise-et-aider-les-familles-de-toutes-confessions-qui-cherchent-du-travail-de-la-securite-et-un-chez-soi\">Partout en Terre Sainte \u2013 ces terres bibliques que constituent <a href=\"https:\/\/cnewa.org\/fr\/ou-nous-travaillons\/moyen-orient\/irak\/\">l&rsquo;Irak<\/a>, <a href=\"https:\/\/cnewa.org\/fr\/ou-nous-travaillons\/moyen-orient\/israel\/\">l&rsquo;Isra\u00ebl<\/a>, <a href=\"https:\/\/cnewa.org\/fr\/ou-nous-travaillons\/moyen-orient\/jordanie\/\">la Jordanie<\/a>, <a href=\"https:\/\/cnewa.org\/fr\/ou-nous-travaillons\/moyen-orient\/le-liban\/\">le Liban<\/a>, <a href=\"https:\/\/cnewa.org\/fr\/ou-nous-travaillons\/moyen-orient\/la-palestine\/\">la Palestine<\/a> et <a href=\"https:\/\/cnewa.org\/fr\/ou-nous-travaillons\/moyen-orient\/la-syrie\/\">la Syrie<\/a> \u2013 des religieuses, des pr\u00eatres et des la\u00efcs, hommes et femmes, se d\u00e9vouent chaque jour pour nourrir les pauvres, soigner les malades, \u00e9couter ceux et celles qui ont le c\u0153ur bris\u00e9 et aider les familles de toutes confessions qui cherchent du travail, de la s\u00e9curit\u00e9 et un chez-soi.\u00a0<\/h2>\n\n\n  <div class=\"donate-button\" id=\"minor-fund-campaign\">\n    <button class=\"donate-modal-toggle\" data-minor-fund='Moyen-Orient' data-minor-fund-code='ME'>donner au Moyen-Orient<\/button>\n  <\/div>\n  \n\n\n<p>Malgr\u00e9 toutes les difficult\u00e9s actuelles &#8211; la guerre, les conflits politiques et les disparit\u00e9s \u00e9conomiques- la Terre Sainte demeure toujours le berceau du christianisme. M\u00eame si les paroisses chr\u00e9tiennes sont petites et vuln\u00e9rables, particuli\u00e8rement face \u00e0 l\u2019extr\u00e9misme, elles constituent n\u00e9anmoins des communaut\u00e9s de foi dynamiques qui t\u00e9moignent de l\u2019\u00c9vangile avec brio.&nbsp;<\/p>\n\n\n\n<p>CNEWA, connue sous le nom de Mission pontificale au Moyen-Orient, travaille avec ces communaut\u00e9s et cherche \u00e0 les aider \u00e0 r\u00e9pondre aux \u00e9normes d\u00e9fis auxquels elles sont confront\u00e9es. Les paroisses chr\u00e9tiennes s\u2019efforcent de r\u00e9pondre aux besoins essentiels imm\u00e9diats des familles d\u00e9plac\u00e9es en offrant des soins m\u00e9dicaux et de la nourriture et \u00e0 investir dans des services qui peuvent avoir un impact \u00e0 plus long terme sur la vie des gens, notamment en \u00e9ducation, services d\u2019orientation, formation de toutes sortes et cliniques m\u00e9dicales.&nbsp;<\/p>\n","protected":false},"excerpt":{"rendered":"<p>Partout en Terre Sainte \u2013 ces terres bibliques que constituent l&rsquo;Irak, l&rsquo;Isra\u00ebl, la Jordanie, le Liban, la Palestine et la Syrie \u2013 des religieuses, des pr\u00eatres et des la\u00efcs, hommes et femmes, se d\u00e9vouent chaque jour pour nourrir les pauvres, soigner les malades, \u00e9couter ceux et celles qui ont le c\u0153ur bris\u00e9 et aider les &hellip; <a href=\"https:\/\/cnewa.org\/fr\/ou-nous-travaillons\/moyen-orient\/\">Continued<\/a><\/p>\n","protected":false},"author":70080,"featured_media":153,"parent":147,"menu_order":0,"comment_status":"closed","ping_status":"closed","template":"","meta":{"_acf_changed":false,"footnotes":""},"class_list":["post-158","page","type-page","status-publish","has-post-thumbnail","hentry"],"acf":[],"yoast_head":"<!-- This site is optimized with the Yoast SEO Premium plugin v27.4 (Yoast SEO v27.4) - https:\/\/yoast.com\/product\/yoast-seo-premium-wordpress\/ -->\n<title>Le Moyen-Orient\u00a0 | CNEWA Canada<\/title>\n<meta name=\"robots\" content=\"index, follow, max-snippet:-1, max-image-preview:large, max-video-preview:-1\" \/>\n<link rel=\"canonical\" href=\"https:\/\/cnewa.org\/fr\/ou-nous-travaillons\/moyen-orient\/\" \/>\n<meta property=\"og:locale\" content=\"fr_CA\" \/>\n<meta property=\"og:type\" content=\"article\" \/>\n<meta property=\"og:title\" content=\"Le Moyen-Orient\u00a0\" \/>\n<meta property=\"og:description\" content=\"Partout en Terre Sainte \u2013 ces terres bibliques que constituent l&rsquo;Irak, l&rsquo;Isra\u00ebl, la Jordanie, le Liban, la Palestine et la Syrie \u2013 des religieuses, des pr\u00eatres et des la\u00efcs, hommes et femmes, se d\u00e9vouent chaque jour pour nourrir les pauvres, soigner les malades, \u00e9couter ceux et celles qui ont le c\u0153ur bris\u00e9 et aider les &hellip; Continued\" \/>\n<meta property=\"og:site_name\" content=\"CNEWA Canada\" \/>\n<meta property=\"article:publisher\" content=\"https:\/\/www.facebook.com\/cnewacanada\/\" \/>\n<meta property=\"article:modified_time\" content=\"2024-07-01T04:30:25+00:00\" \/>\n<meta property=\"og:image\" content=\"https:\/\/cnewa.org\/fr\/wp-content\/uploads\/sites\/3\/2019\/10\/CNEWA_Region_Middle-East.jpg\" \/>\n\t<meta property=\"og:image:width\" content=\"2000\" \/>\n\t<meta property=\"og:image:height\" content=\"760\" \/>\n\t<meta property=\"og:image:type\" content=\"image\/jpeg\" \/>\n<meta name=\"twitter:card\" content=\"summary_large_image\" \/>\n<meta name=\"twitter:site\" content=\"@cnewac\" \/>\n<meta name=\"twitter:label1\" content=\"Estimation du temps de lecture\" \/>\n\t<meta name=\"twitter:data1\" content=\"2 minutes\" \/>\n<script type=\"application\/ld+json\" class=\"yoast-schema-graph\">{\"@context\":\"https:\\\/\\\/schema.org\",\"@graph\":[{\"@type\":\"WebPage\",\"@id\":\"https:\\\/\\\/cnewa.org\\\/fr\\\/ou-nous-travaillons\\\/moyen-orient\\\/\",\"url\":\"https:\\\/\\\/cnewa.org\\\/fr\\\/ou-nous-travaillons\\\/moyen-orient\\\/\",\"name\":\"Le Moyen-Orient\u00a0 | CNEWA Canada\",\"isPartOf\":{\"@id\":\"https:\\\/\\\/cnewa.org\\\/fr\\\/#website\"},\"primaryImageOfPage\":{\"@id\":\"https:\\\/\\\/cnewa.org\\\/fr\\\/ou-nous-travaillons\\\/moyen-orient\\\/#primaryimage\"},\"image\":{\"@id\":\"https:\\\/\\\/cnewa.org\\\/fr\\\/ou-nous-travaillons\\\/moyen-orient\\\/#primaryimage\"},\"thumbnailUrl\":\"https:\\\/\\\/cnewa.org\\\/fr\\\/wp-content\\\/uploads\\\/sites\\\/3\\\/2019\\\/10\\\/CNEWA_Region_Middle-East.jpg\",\"datePublished\":\"2019-10-28T18:34:59+00:00\",\"dateModified\":\"2024-07-01T04:30:25+00:00\",\"breadcrumb\":{\"@id\":\"https:\\\/\\\/cnewa.org\\\/fr\\\/ou-nous-travaillons\\\/moyen-orient\\\/#breadcrumb\"},\"inLanguage\":\"fr-CA\",\"potentialAction\":[{\"@type\":\"ReadAction\",\"target\":[\"https:\\\/\\\/cnewa.org\\\/fr\\\/ou-nous-travaillons\\\/moyen-orient\\\/\"]}]},{\"@type\":\"ImageObject\",\"inLanguage\":\"fr-CA\",\"@id\":\"https:\\\/\\\/cnewa.org\\\/fr\\\/ou-nous-travaillons\\\/moyen-orient\\\/#primaryimage\",\"url\":\"https:\\\/\\\/cnewa.org\\\/fr\\\/wp-content\\\/uploads\\\/sites\\\/3\\\/2019\\\/10\\\/CNEWA_Region_Middle-East.jpg\",\"contentUrl\":\"https:\\\/\\\/cnewa.org\\\/fr\\\/wp-content\\\/uploads\\\/sites\\\/3\\\/2019\\\/10\\\/CNEWA_Region_Middle-East.jpg\",\"width\":2000,\"height\":760},{\"@type\":\"BreadcrumbList\",\"@id\":\"https:\\\/\\\/cnewa.org\\\/fr\\\/ou-nous-travaillons\\\/moyen-orient\\\/#breadcrumb\",\"itemListElement\":[{\"@type\":\"ListItem\",\"position\":1,\"name\":\"Accueil\",\"item\":\"https:\\\/\\\/cnewa.org\\\/fr\\\/\"},{\"@type\":\"ListItem\",\"position\":2,\"name\":\"O\u00f9 Nous Travaillons\",\"item\":\"https:\\\/\\\/cnewa.org\\\/fr\\\/ou-nous-travaillons\\\/\"},{\"@type\":\"ListItem\",\"position\":3,\"name\":\"Le Moyen-Orient\u00a0\"}]},{\"@type\":\"WebSite\",\"@id\":\"https:\\\/\\\/cnewa.org\\\/fr\\\/#website\",\"url\":\"https:\\\/\\\/cnewa.org\\\/fr\\\/\",\"name\":\"CNEWA Canada\",\"description\":\"Association catholique d\u2019aide \u00e0 l\u2019Orient\",\"publisher\":{\"@id\":\"https:\\\/\\\/cnewa.org\\\/fr\\\/#organization\"},\"potentialAction\":[{\"@type\":\"SearchAction\",\"target\":{\"@type\":\"EntryPoint\",\"urlTemplate\":\"https:\\\/\\\/cnewa.org\\\/fr\\\/?s={search_term_string}\"},\"query-input\":{\"@type\":\"PropertyValueSpecification\",\"valueRequired\":true,\"valueName\":\"search_term_string\"}}],\"inLanguage\":\"fr-CA\"},{\"@type\":\"Organization\",\"@id\":\"https:\\\/\\\/cnewa.org\\\/fr\\\/#organization\",\"name\":\"CNEWA Canada\",\"alternateName\":\"Association catholique d\u2019aide \u00e0 l\u2019Orient\",\"url\":\"https:\\\/\\\/cnewa.org\\\/fr\\\/\",\"logo\":{\"@type\":\"ImageObject\",\"inLanguage\":\"fr-CA\",\"@id\":\"https:\\\/\\\/cnewa.org\\\/fr\\\/#\\\/schema\\\/logo\\\/image\\\/\",\"url\":\"https:\\\/\\\/cnewa.org\\\/fr\\\/wp-content\\\/uploads\\\/sites\\\/3\\\/2019\\\/11\\\/CNEWA-brand-logo.png\",\"contentUrl\":\"https:\\\/\\\/cnewa.org\\\/fr\\\/wp-content\\\/uploads\\\/sites\\\/3\\\/2019\\\/11\\\/CNEWA-brand-logo.png\",\"width\":1000,\"height\":1000,\"caption\":\"CNEWA Canada\"},\"image\":{\"@id\":\"https:\\\/\\\/cnewa.org\\\/fr\\\/#\\\/schema\\\/logo\\\/image\\\/\"},\"sameAs\":[\"https:\\\/\\\/www.facebook.com\\\/cnewacanada\\\/\",\"https:\\\/\\\/x.com\\\/cnewac\",\"https:\\\/\\\/www.instagram.com\\\/cnewa1926\\\/\",\"https:\\\/\\\/www.youtube.com\\\/user\\\/TheCNEWA\"]}]}<\/script>\n<!-- \/ Yoast SEO Premium plugin. -->","yoast_head_json":{"title":"Le Moyen-Orient\u00a0 | CNEWA Canada","robots":{"index":"index","follow":"follow","max-snippet":"max-snippet:-1","max-image-preview":"max-image-preview:large","max-video-preview":"max-video-preview:-1"},"canonical":"https:\/\/cnewa.org\/fr\/ou-nous-travaillons\/moyen-orient\/","og_locale":"fr_CA","og_type":"article","og_title":"Le Moyen-Orient\u00a0","og_description":"Partout en Terre Sainte \u2013 ces terres bibliques que constituent l&rsquo;Irak, l&rsquo;Isra\u00ebl, la Jordanie, le Liban, la Palestine et la Syrie \u2013 des religieuses, des pr\u00eatres et des la\u00efcs, hommes et femmes, se d\u00e9vouent chaque jour pour nourrir les pauvres, soigner les malades, \u00e9couter ceux et celles qui ont le c\u0153ur bris\u00e9 et aider les &hellip; Continued","og_site_name":"CNEWA Canada","article_publisher":"https:\/\/www.facebook.com\/cnewacanada\/","article_modified_time":"2024-07-01T04:30:25+00:00","og_image":[{"width":2000,"height":760,"url":"https:\/\/cnewa.org\/fr\/wp-content\/uploads\/sites\/3\/2019\/10\/CNEWA_Region_Middle-East.jpg","type":"image\/jpeg"}],"twitter_card":"summary_large_image","twitter_site":"@cnewac","twitter_misc":{"Estimation du temps de lecture":"2 minutes"},"schema":{"@context":"https:\/\/schema.org","@graph":[{"@type":"WebPage","@id":"https:\/\/cnewa.org\/fr\/ou-nous-travaillons\/moyen-orient\/","url":"https:\/\/cnewa.org\/fr\/ou-nous-travaillons\/moyen-orient\/","name":"Le Moyen-Orient\u00a0 | CNEWA Canada","isPartOf":{"@id":"https:\/\/cnewa.org\/fr\/#website"},"primaryImageOfPage":{"@id":"https:\/\/cnewa.org\/fr\/ou-nous-travaillons\/moyen-orient\/#primaryimage"},"image":{"@id":"https:\/\/cnewa.org\/fr\/ou-nous-travaillons\/moyen-orient\/#primaryimage"},"thumbnailUrl":"https:\/\/cnewa.org\/fr\/wp-content\/uploads\/sites\/3\/2019\/10\/CNEWA_Region_Middle-East.jpg","datePublished":"2019-10-28T18:34:59+00:00","dateModified":"2024-07-01T04:30:25+00:00","breadcrumb":{"@id":"https:\/\/cnewa.org\/fr\/ou-nous-travaillons\/moyen-orient\/#breadcrumb"},"inLanguage":"fr-CA","potentialAction":[{"@type":"ReadAction","target":["https:\/\/cnewa.org\/fr\/ou-nous-travaillons\/moyen-orient\/"]}]},{"@type":"ImageObject","inLanguage":"fr-CA","@id":"https:\/\/cnewa.org\/fr\/ou-nous-travaillons\/moyen-orient\/#primaryimage","url":"https:\/\/cnewa.org\/fr\/wp-content\/uploads\/sites\/3\/2019\/10\/CNEWA_Region_Middle-East.jpg","contentUrl":"https:\/\/cnewa.org\/fr\/wp-content\/uploads\/sites\/3\/2019\/10\/CNEWA_Region_Middle-East.jpg","width":2000,"height":760},{"@type":"BreadcrumbList","@id":"https:\/\/cnewa.org\/fr\/ou-nous-travaillons\/moyen-orient\/#breadcrumb","itemListElement":[{"@type":"ListItem","position":1,"name":"Accueil","item":"https:\/\/cnewa.org\/fr\/"},{"@type":"ListItem","position":2,"name":"O\u00f9 Nous Travaillons","item":"https:\/\/cnewa.org\/fr\/ou-nous-travaillons\/"},{"@type":"ListItem","position":3,"name":"Le Moyen-Orient\u00a0"}]},{"@type":"WebSite","@id":"https:\/\/cnewa.org\/fr\/#website","url":"https:\/\/cnewa.org\/fr\/","name":"CNEWA Canada","description":"Association catholique d\u2019aide \u00e0 l\u2019Orient","publisher":{"@id":"https:\/\/cnewa.org\/fr\/#organization"},"potentialAction":[{"@type":"SearchAction","target":{"@type":"EntryPoint","urlTemplate":"https:\/\/cnewa.org\/fr\/?s={search_term_string}"},"query-input":{"@type":"PropertyValueSpecification","valueRequired":true,"valueName":"search_term_string"}}],"inLanguage":"fr-CA"},{"@type":"Organization","@id":"https:\/\/cnewa.org\/fr\/#organization","name":"CNEWA Canada","alternateName":"Association catholique d\u2019aide \u00e0 l\u2019Orient","url":"https:\/\/cnewa.org\/fr\/","logo":{"@type":"ImageObject","inLanguage":"fr-CA","@id":"https:\/\/cnewa.org\/fr\/#\/schema\/logo\/image\/","url":"https:\/\/cnewa.org\/fr\/wp-content\/uploads\/sites\/3\/2019\/11\/CNEWA-brand-logo.png","contentUrl":"https:\/\/cnewa.org\/fr\/wp-content\/uploads\/sites\/3\/2019\/11\/CNEWA-brand-logo.png","width":1000,"height":1000,"caption":"CNEWA Canada"},"image":{"@id":"https:\/\/cnewa.org\/fr\/#\/schema\/logo\/image\/"},"sameAs":["https:\/\/www.facebook.com\/cnewacanada\/","https:\/\/x.com\/cnewac","https:\/\/www.instagram.com\/cnewa1926\/","https:\/\/www.youtube.com\/user\/TheCNEWA"]}]}},"_links":{"self":[{"href":"https:\/\/cnewa.org\/fr\/wp-json\/wp\/v2\/pages\/158","targetHints":{"allow":["GET"]}}],"collection":[{"href":"https:\/\/cnewa.org\/fr\/wp-json\/wp\/v2\/pages"}],"about":[{"href":"https:\/\/cnewa.org\/fr\/wp-json\/wp\/v2\/types\/page"}],"author":[{"embeddable":true,"href":"https:\/\/cnewa.org\/fr\/wp-json\/wp\/v2\/users\/70080"}],"replies":[{"embeddable":true,"href":"https:\/\/cnewa.org\/fr\/wp-json\/wp\/v2\/comments?post=158"}],"version-history":[{"count":10,"href":"https:\/\/cnewa.org\/fr\/wp-json\/wp\/v2\/pages\/158\/revisions"}],"predecessor-version":[{"id":1892,"href":"https:\/\/cnewa.org\/fr\/wp-json\/wp\/v2\/pages\/158\/revisions\/1892"}],"up":[{"embeddable":true,"href":"https:\/\/cnewa.org\/fr\/wp-json\/wp\/v2\/pages\/147"}],"wp:featuredmedia":[{"embeddable":true,"href":"https:\/\/cnewa.org\/fr\/wp-json\/wp\/v2\/media\/153"}],"wp:attachment":[{"href":"https:\/\/cnewa.org\/fr\/wp-json\/wp\/v2\/media?parent=158"}],"curies":[{"name":"wp","href":"https:\/\/api.w.org\/{rel}","templated":true}]}}