{"id":1761,"date":"2024-04-23T09:46:01","date_gmt":"2024-04-23T13:46:01","guid":{"rendered":"https:\/\/cnewa.org\/fr\/?page_id=1761"},"modified":"2024-06-17T10:39:46","modified_gmt":"2024-06-17T14:39:46","slug":"irak","status":"publish","type":"page","link":"https:\/\/cnewa.org\/fr\/ou-nous-travaillons\/moyen-orient\/irak\/","title":{"rendered":"Irak"},"content":{"rendered":"\n<h2 class=\"wp-block-heading has-small-font-size\" id=\"h-l-irak-a-joue-un-role-cle-dans-la-propagation-du-christianisme-depuis-le-premier-siecle-mais-la-taille-de-la-population-chretienne-dans-ce-pays-est-devenue-l-ombre-d-elle-meme-nbsp\">L\u2019Irak a jou\u00e9 un r\u00f4le cl\u00e9 dans la propagation du christianisme depuis le premier si\u00e8cle, mais la taille de la population chr\u00e9tienne dans ce pays est devenue l\u2019ombre d\u2019elle-m\u00eame.&nbsp;<\/h2>\n\n\n\n<p>Les conflits qui se sont succ\u00e9d\u00e9s pendant des d\u00e9cennies dans ce pays ont fait en sorte que les anciennes communaut\u00e9s chr\u00e9tiennes qui \u00e9taient autrefois dynamiques et faisaient partie int\u00e9grante du paysage se sont dispers\u00e9es dans le monde entier. Alors qu\u2019autrefois les chr\u00e9tiens faisaient partie de la classe dirigeante, de la classe moyenne et professionnelle qui comprenait environ 10 pour cent de la population \u00e0 la fin des ann\u00e9es 1980, il en reste aujourd&rsquo;hui moins de 200 000, soit moins de 1 pour cent de la population.&nbsp;<\/p>\n\n\n\n<p>Quant \u00e0 la situation \u00e9conomique qui pr\u00e9vaut en Irak, ce qui ressort c\u2019est que le gouvernement est incapable d\u2019att\u00e9nuer les difficult\u00e9s du pays en raison de sa d\u00e9pendance sur les revenus p\u00e9troliers et de la faiblesse du secteur priv\u00e9. Les sp\u00e9cialistes s\u2019entendent pour dire que le taux de pauvret\u00e9 dans le pays s\u2019est accru pour atteindre plus de 13 millions de citoyens \u00e0 la fin 2023 \u2013 soit un quart de la population irakienne totale \u2013 en raison de la d\u00e9valuation de la monnaie et de la forte inflation.&nbsp;<\/p>\n\n\n\n<p>En Irak, il y a actuellement plus de 6,4 millions de personnes d\u00e9plac\u00e9es, dont 1,2 million de personnes d\u00e9plac\u00e9es \u00e0 l&rsquo;int\u00e9rieur du pays ; environ 5 millions de rapatri\u00e9s \u00e9parpill\u00e9s \u00e0 l&rsquo;int\u00e9rieur du pays ; 262 024 r\u00e9fugi\u00e9s syriens ; et environ 30 000 r\u00e9fugi\u00e9s d\u2019autres pays.&nbsp;<\/p>\n\n\n\n<p>Les guerres successives qui ont secou\u00e9 le pays au cours des quatre derni\u00e8res d\u00e9cennies ont grandement contribu\u00e9 \u00e0 l\u2019augmentation de la pauvret\u00e9. Le gouvernement a \u00e9t\u00e9 incapable de rem\u00e9dier aux autres effets de ces guerres : la destruction des infrastructures et le d\u00e9clin de la s\u00e9curit\u00e9, une augmentation de la violence domestique et la propagation de la consommation de stup\u00e9fiants. &nbsp;<\/p>\n\n\n\n<p>Au milieu de cette crise qui pr\u00e9vaut en Irak, toutes les \u00c9glises du pays lancent un appel au changement et cherchent \u00e0 susciter de l\u2019espoir en concentrant leurs efforts sur le soutien aux jeunes qui sont l&rsquo;avenir de l&rsquo;Irak et de son \u00c9glise.&nbsp;<\/p>\n\n\n\n<p>CNEWA continue d\u2019accompagner les chr\u00e9tiens de l\u2019Irak et du Kurdistan irakien, en particulier ceux et celles qui ont trouv\u00e9 refuge dans les villes et qui s\u2019efforcent de reconstruire et de r\u00e9animer leurs communaut\u00e9s.&nbsp;<\/p>\n\n\n\n<h4 class=\"wp-block-heading\" id=\"h-accompagner-l-eglise-nbsp\">Accompagner l\u2019\u00c9glise&nbsp;<\/h4>\n\n\n\n<p>CNEWA soutient les maisons d\u2019enseignement qui ont des programmes acad\u00e9miques rigoureux et qui inculquent les valeurs chr\u00e9tiennes \u00e0 la jeunesse du pays. L\u2019objectif principal de CNEWA est de contribuer \u00e0 la formation de tous les enseignants chr\u00e9tiens dans les r\u00e9gions du Kurdistan irakien et de la plaine de Ninive afin que ceux-ci puissent, \u00e0 leur tour, former le maximum d\u2019enfants aux valeurs chr\u00e9tiennes dans le plus grand nombre de paroisses possible.&nbsp;<\/p>\n\n\n\n<p>Dans la r\u00e9gion d&rsquo;Al Qosh, l&rsquo;\u00c9glise chald\u00e9enne dirig\u00e9e par Mgr Thabit Mansour, nous a demand\u00e9 de l&rsquo;aide afin qu\u2019elle puisse faire en sorte que ses s\u00e9ances de cat\u00e9ch\u00e8se et ses camps d&rsquo;\u00e9t\u00e9 touchent davantage de personnes.&nbsp;<\/p>\n\n\n\n<p>\u00c0 Ainkawa, l&rsquo;archev\u00each\u00e9 syro-catholique du Kurdistan a demand\u00e9 \u00e0 CNEWA de continuer de soutenir ses projets de cat\u00e9ch\u00e8se et de l\u2019aider \u00e0 renforcer les centres paroissiaux d&rsquo;Akra et d&rsquo;Ainkawa, vers lesquels des centaines d&rsquo;Irakiens se tournent chaque ann\u00e9e pour parfaire leur connaissance et approfondir leur foi.&nbsp;<\/p>\n\n\n\n<p>CNEWA contribue \u00e9galement \u00e0 plusieurs autres programmes dont la formation des s\u00e9minaristes catholiques chald\u00e9ens au S\u00e9minaire patriarcal Saint-Pierre, la formation de cat\u00e9chistes la\u00efcs, la mise sur pied de programmes de cat\u00e9ch\u00e8se pour les enfants et un programme de philosophie et de th\u00e9ologie au Coll\u00e8ge pontifical Babel.&nbsp;<\/p>\n\n\n\n<figure class=\"wp-block-image aligncenter size-full\"><img decoding=\"async\" src=\"https:\/\/cnewa.org\/wp-content\/uploads\/2021\/03\/dinkha2021_027-1.jpg\" alt=\"seminarians stand in a line to receive a blessing.\" class=\"wp-image-111742\"\/><figcaption class=\"wp-element-caption\">Des s\u00e9minaristes se pr\u00e9parent \u00e0 recevoir le minist\u00e8re d&rsquo;acolyte dans la chapelle du s\u00e9minaire en 2017. (photo : avec l&rsquo;aimable autorisation des archives du s\u00e9minaire Saint-Pierre)&nbsp;<\/figcaption><\/figure>\n\n\n\n<h4 class=\"wp-block-heading\" id=\"h-repondre-a-des-besoins-humanitaires-nbsp\">R\u00e9pondre \u00e0 des besoins humanitaires :&nbsp;<\/h4>\n\n\n\n<p>De nombreux chr\u00e9tiens qui faisaient partie de la classe moyenne sont tomb\u00e9s dans la pauvret\u00e9. Plusieurs ont vendu leurs maisons \u00e0 Bagdad et dans d&rsquo;autres r\u00e9gions instables du pays et ont cherch\u00e9 refuge dans le nord, parmi les anciennes communaut\u00e9s chr\u00e9tiennes de la plaine de Ninive et dans certaines parties de Mossoul, pour ensuite \u00eatre \u00e0 nouveau menac\u00e9s et d\u00e9plac\u00e9s par les milices irakiennes.&nbsp;<\/p>\n\n\n\n<p>CNEWA cherche \u00e0 r\u00e9pondre aux besoins de ces familles en leur distribuant des v\u00eatements et de quoi nourrir les enfants, dont du lait maternis\u00e9 et d&rsquo;autres aliments pour b\u00e9b\u00e9s. CNEWA aide les personnes d\u00e9plac\u00e9es qui sont dans le besoin de diverses autres mani\u00e8res : en leur fournissant de la nourriture, du mazout pour qu\u2019elles puissent se chauffer, des v\u00eatements et des soins m\u00e9dicaux. CNEWA cherche \u00e9galement \u00e0 appuyer des projets qui cr\u00e9ent des opportunit\u00e9s d&#8217;emploi, des projets g\u00e9n\u00e9rateurs de revenus pour les familles et leurs villages. CNEWA soutien aussi des centres de formation p\u00e9dagogique et technique afin d\u2019aider les jeunes \u00e0 acqu\u00e9rir des comp\u00e9tences qui leur permettent de subvenir \u00e0 leurs besoins et prend en charge les frais de transport de nombreux \u00e9tudiants scolaires et universitaires qui vivent dans des r\u00e9gions \u00e9loign\u00e9es.&nbsp;<\/p>\n\n\n\n<figure class=\"wp-block-image size-large\"><img decoding=\"async\" src=\"https:\/\/cnewa.org\/wp-content\/uploads\/2021\/01\/cnewaBeirut20209_148H-1024x683.jpg\" alt=\"boy handles food boxes in Lebanon\" class=\"wp-image-111085\"\/><figcaption class=\"wp-element-caption\">Un gar\u00e7on manipule une bo\u00eete de nourriture offerte par CNEWA \u00e0 une \u00e9cole catholique syriaque pour enfants r\u00e9fugi\u00e9s irakiens, lors d&rsquo;une journ\u00e9e de distribution de nourriture, le 31 d\u00e9cembre. (photo : Maroun Bassil)&nbsp;<\/figcaption><\/figure>\n\n\n  <div class=\"donate-button\" id=\"minor-fund-campaign\">\n    <button class=\"donate-modal-toggle\" data-minor-fund='Irak' data-minor-fund-code='DM'>Donner<\/button>\n  <\/div>\n  \n\n\n<div style=\"height:100px\" aria-hidden=\"true\" class=\"wp-block-spacer\"><\/div>\n","protected":false},"excerpt":{"rendered":"<p>L\u2019Irak a jou\u00e9 un r\u00f4le cl\u00e9 dans la propagation du christianisme depuis le premier si\u00e8cle, mais la taille de la population chr\u00e9tienne dans ce pays est devenue l\u2019ombre d\u2019elle-m\u00eame.&nbsp; Les conflits qui se sont succ\u00e9d\u00e9s pendant des d\u00e9cennies dans ce pays ont fait en sorte que les anciennes communaut\u00e9s chr\u00e9tiennes qui \u00e9taient autrefois dynamiques et &hellip; <a href=\"https:\/\/cnewa.org\/fr\/ou-nous-travaillons\/moyen-orient\/irak\/\">Continued<\/a><\/p>\n","protected":false},"author":70071,"featured_media":1782,"parent":158,"menu_order":0,"comment_status":"closed","ping_status":"closed","template":"","meta":{"_acf_changed":false,"footnotes":""},"class_list":["post-1761","page","type-page","status-publish","has-post-thumbnail","hentry"],"acf":[],"yoast_head":"<!-- This site is optimized with the Yoast SEO Premium plugin v27.2 (Yoast SEO v27.2) - https:\/\/yoast.com\/product\/yoast-seo-premium-wordpress\/ -->\n<title>Irak | CNEWA Canada<\/title>\n<meta name=\"robots\" content=\"index, follow, max-snippet:-1, max-image-preview:large, max-video-preview:-1\" \/>\n<link rel=\"canonical\" href=\"https:\/\/cnewa.org\/fr\/ou-nous-travaillons\/moyen-orient\/irak\/\" \/>\n<meta property=\"og:locale\" content=\"fr_CA\" \/>\n<meta property=\"og:type\" content=\"article\" \/>\n<meta property=\"og:title\" content=\"Irak\" \/>\n<meta property=\"og:description\" content=\"L\u2019Irak a jou\u00e9 un r\u00f4le cl\u00e9 dans la propagation du christianisme depuis le premier si\u00e8cle, mais la taille de la population chr\u00e9tienne dans ce pays est devenue l\u2019ombre d\u2019elle-m\u00eame.&nbsp; Les conflits qui se sont succ\u00e9d\u00e9s pendant des d\u00e9cennies dans ce pays ont fait en sorte que les anciennes communaut\u00e9s chr\u00e9tiennes qui \u00e9taient autrefois dynamiques et &hellip; Continued\" \/>\n<meta property=\"og:site_name\" content=\"CNEWA Canada\" \/>\n<meta property=\"article:publisher\" content=\"https:\/\/www.facebook.com\/cnewacanada\/\" \/>\n<meta property=\"article:modified_time\" content=\"2024-06-17T14:39:46+00:00\" \/>\n<meta property=\"og:image\" content=\"https:\/\/cnewa.org\/fr\/wp-content\/uploads\/sites\/3\/2024\/04\/yako202104_013H-e1701796951306.jpg\" \/>\n\t<meta property=\"og:image:width\" content=\"1502\" \/>\n\t<meta property=\"og:image:height\" content=\"620\" \/>\n\t<meta property=\"og:image:type\" content=\"image\/jpeg\" \/>\n<meta name=\"twitter:card\" content=\"summary_large_image\" \/>\n<meta name=\"twitter:site\" content=\"@cnewac\" \/>\n<meta name=\"twitter:label1\" content=\"Estimation du temps de lecture\" \/>\n\t<meta name=\"twitter:data1\" content=\"5 minutes\" \/>\n<script type=\"application\/ld+json\" class=\"yoast-schema-graph\">{\"@context\":\"https:\/\/schema.org\",\"@graph\":[{\"@type\":\"WebPage\",\"@id\":\"https:\/\/cnewa.org\/fr\/ou-nous-travaillons\/moyen-orient\/irak\/\",\"url\":\"https:\/\/cnewa.org\/fr\/ou-nous-travaillons\/moyen-orient\/irak\/\",\"name\":\"Irak | CNEWA Canada\",\"isPartOf\":{\"@id\":\"https:\/\/cnewa.org\/fr\/#website\"},\"primaryImageOfPage\":{\"@id\":\"https:\/\/cnewa.org\/fr\/ou-nous-travaillons\/moyen-orient\/irak\/#primaryimage\"},\"image\":{\"@id\":\"https:\/\/cnewa.org\/fr\/ou-nous-travaillons\/moyen-orient\/irak\/#primaryimage\"},\"thumbnailUrl\":\"https:\/\/cnewa.org\/fr\/wp-content\/uploads\/sites\/3\/2024\/04\/yako202104_013H-e1701796951306.jpg\",\"datePublished\":\"2024-04-23T13:46:01+00:00\",\"dateModified\":\"2024-06-17T14:39:46+00:00\",\"breadcrumb\":{\"@id\":\"https:\/\/cnewa.org\/fr\/ou-nous-travaillons\/moyen-orient\/irak\/#breadcrumb\"},\"inLanguage\":\"fr-CA\",\"potentialAction\":[{\"@type\":\"ReadAction\",\"target\":[\"https:\/\/cnewa.org\/fr\/ou-nous-travaillons\/moyen-orient\/irak\/\"]}]},{\"@type\":\"ImageObject\",\"inLanguage\":\"fr-CA\",\"@id\":\"https:\/\/cnewa.org\/fr\/ou-nous-travaillons\/moyen-orient\/irak\/#primaryimage\",\"url\":\"https:\/\/cnewa.org\/fr\/wp-content\/uploads\/sites\/3\/2024\/04\/yako202104_013H-e1701796951306.jpg\",\"contentUrl\":\"https:\/\/cnewa.org\/fr\/wp-content\/uploads\/sites\/3\/2024\/04\/yako202104_013H-e1701796951306.jpg\",\"width\":1502,\"height\":620,\"caption\":\"Statue of Mary on the tower of the Church of the Immaculate Conception in Qaraqosh, Iraq.\"},{\"@type\":\"BreadcrumbList\",\"@id\":\"https:\/\/cnewa.org\/fr\/ou-nous-travaillons\/moyen-orient\/irak\/#breadcrumb\",\"itemListElement\":[{\"@type\":\"ListItem\",\"position\":1,\"name\":\"Accueil\",\"item\":\"https:\/\/cnewa.org\/fr\/\"},{\"@type\":\"ListItem\",\"position\":2,\"name\":\"O\u00f9 Nous Travaillons\",\"item\":\"https:\/\/cnewa.org\/fr\/ou-nous-travaillons\/\"},{\"@type\":\"ListItem\",\"position\":3,\"name\":\"Le Moyen-Orient\u00a0\",\"item\":\"https:\/\/cnewa.org\/fr\/ou-nous-travaillons\/moyen-orient\/\"},{\"@type\":\"ListItem\",\"position\":4,\"name\":\"Irak\"}]},{\"@type\":\"WebSite\",\"@id\":\"https:\/\/cnewa.org\/fr\/#website\",\"url\":\"https:\/\/cnewa.org\/fr\/\",\"name\":\"CNEWA Canada\",\"description\":\"Association catholique d\u2019aide \u00e0 l\u2019Orient\",\"publisher\":{\"@id\":\"https:\/\/cnewa.org\/fr\/#organization\"},\"potentialAction\":[{\"@type\":\"SearchAction\",\"target\":{\"@type\":\"EntryPoint\",\"urlTemplate\":\"https:\/\/cnewa.org\/fr\/?s={search_term_string}\"},\"query-input\":{\"@type\":\"PropertyValueSpecification\",\"valueRequired\":true,\"valueName\":\"search_term_string\"}}],\"inLanguage\":\"fr-CA\"},{\"@type\":\"Organization\",\"@id\":\"https:\/\/cnewa.org\/fr\/#organization\",\"name\":\"CNEWA Canada\",\"alternateName\":\"Association catholique d\u2019aide \u00e0 l\u2019Orient\",\"url\":\"https:\/\/cnewa.org\/fr\/\",\"logo\":{\"@type\":\"ImageObject\",\"inLanguage\":\"fr-CA\",\"@id\":\"https:\/\/cnewa.org\/fr\/#\/schema\/logo\/image\/\",\"url\":\"https:\/\/cnewa.org\/fr\/wp-content\/uploads\/sites\/3\/2019\/11\/CNEWA-brand-logo.png\",\"contentUrl\":\"https:\/\/cnewa.org\/fr\/wp-content\/uploads\/sites\/3\/2019\/11\/CNEWA-brand-logo.png\",\"width\":1000,\"height\":1000,\"caption\":\"CNEWA Canada\"},\"image\":{\"@id\":\"https:\/\/cnewa.org\/fr\/#\/schema\/logo\/image\/\"},\"sameAs\":[\"https:\/\/www.facebook.com\/cnewacanada\/\",\"https:\/\/x.com\/cnewac\",\"https:\/\/www.instagram.com\/cnewa1926\/\",\"https:\/\/www.youtube.com\/user\/TheCNEWA\"]}]}<\/script>\n<!-- \/ Yoast SEO Premium plugin. -->","yoast_head_json":{"title":"Irak | CNEWA Canada","robots":{"index":"index","follow":"follow","max-snippet":"max-snippet:-1","max-image-preview":"max-image-preview:large","max-video-preview":"max-video-preview:-1"},"canonical":"https:\/\/cnewa.org\/fr\/ou-nous-travaillons\/moyen-orient\/irak\/","og_locale":"fr_CA","og_type":"article","og_title":"Irak","og_description":"L\u2019Irak a jou\u00e9 un r\u00f4le cl\u00e9 dans la propagation du christianisme depuis le premier si\u00e8cle, mais la taille de la population chr\u00e9tienne dans ce pays est devenue l\u2019ombre d\u2019elle-m\u00eame.&nbsp; Les conflits qui se sont succ\u00e9d\u00e9s pendant des d\u00e9cennies dans ce pays ont fait en sorte que les anciennes communaut\u00e9s chr\u00e9tiennes qui \u00e9taient autrefois dynamiques et &hellip; Continued","og_site_name":"CNEWA Canada","article_publisher":"https:\/\/www.facebook.com\/cnewacanada\/","article_modified_time":"2024-06-17T14:39:46+00:00","og_image":[{"width":1502,"height":620,"url":"https:\/\/cnewa.org\/fr\/wp-content\/uploads\/sites\/3\/2024\/04\/yako202104_013H-e1701796951306.jpg","type":"image\/jpeg"}],"twitter_card":"summary_large_image","twitter_site":"@cnewac","twitter_misc":{"Estimation du temps de lecture":"5 minutes"},"schema":{"@context":"https:\/\/schema.org","@graph":[{"@type":"WebPage","@id":"https:\/\/cnewa.org\/fr\/ou-nous-travaillons\/moyen-orient\/irak\/","url":"https:\/\/cnewa.org\/fr\/ou-nous-travaillons\/moyen-orient\/irak\/","name":"Irak | CNEWA Canada","isPartOf":{"@id":"https:\/\/cnewa.org\/fr\/#website"},"primaryImageOfPage":{"@id":"https:\/\/cnewa.org\/fr\/ou-nous-travaillons\/moyen-orient\/irak\/#primaryimage"},"image":{"@id":"https:\/\/cnewa.org\/fr\/ou-nous-travaillons\/moyen-orient\/irak\/#primaryimage"},"thumbnailUrl":"https:\/\/cnewa.org\/fr\/wp-content\/uploads\/sites\/3\/2024\/04\/yako202104_013H-e1701796951306.jpg","datePublished":"2024-04-23T13:46:01+00:00","dateModified":"2024-06-17T14:39:46+00:00","breadcrumb":{"@id":"https:\/\/cnewa.org\/fr\/ou-nous-travaillons\/moyen-orient\/irak\/#breadcrumb"},"inLanguage":"fr-CA","potentialAction":[{"@type":"ReadAction","target":["https:\/\/cnewa.org\/fr\/ou-nous-travaillons\/moyen-orient\/irak\/"]}]},{"@type":"ImageObject","inLanguage":"fr-CA","@id":"https:\/\/cnewa.org\/fr\/ou-nous-travaillons\/moyen-orient\/irak\/#primaryimage","url":"https:\/\/cnewa.org\/fr\/wp-content\/uploads\/sites\/3\/2024\/04\/yako202104_013H-e1701796951306.jpg","contentUrl":"https:\/\/cnewa.org\/fr\/wp-content\/uploads\/sites\/3\/2024\/04\/yako202104_013H-e1701796951306.jpg","width":1502,"height":620,"caption":"Statue of Mary on the tower of the Church of the Immaculate Conception in Qaraqosh, Iraq."},{"@type":"BreadcrumbList","@id":"https:\/\/cnewa.org\/fr\/ou-nous-travaillons\/moyen-orient\/irak\/#breadcrumb","itemListElement":[{"@type":"ListItem","position":1,"name":"Accueil","item":"https:\/\/cnewa.org\/fr\/"},{"@type":"ListItem","position":2,"name":"O\u00f9 Nous Travaillons","item":"https:\/\/cnewa.org\/fr\/ou-nous-travaillons\/"},{"@type":"ListItem","position":3,"name":"Le Moyen-Orient\u00a0","item":"https:\/\/cnewa.org\/fr\/ou-nous-travaillons\/moyen-orient\/"},{"@type":"ListItem","position":4,"name":"Irak"}]},{"@type":"WebSite","@id":"https:\/\/cnewa.org\/fr\/#website","url":"https:\/\/cnewa.org\/fr\/","name":"CNEWA Canada","description":"Association catholique d\u2019aide \u00e0 l\u2019Orient","publisher":{"@id":"https:\/\/cnewa.org\/fr\/#organization"},"potentialAction":[{"@type":"SearchAction","target":{"@type":"EntryPoint","urlTemplate":"https:\/\/cnewa.org\/fr\/?s={search_term_string}"},"query-input":{"@type":"PropertyValueSpecification","valueRequired":true,"valueName":"search_term_string"}}],"inLanguage":"fr-CA"},{"@type":"Organization","@id":"https:\/\/cnewa.org\/fr\/#organization","name":"CNEWA Canada","alternateName":"Association catholique d\u2019aide \u00e0 l\u2019Orient","url":"https:\/\/cnewa.org\/fr\/","logo":{"@type":"ImageObject","inLanguage":"fr-CA","@id":"https:\/\/cnewa.org\/fr\/#\/schema\/logo\/image\/","url":"https:\/\/cnewa.org\/fr\/wp-content\/uploads\/sites\/3\/2019\/11\/CNEWA-brand-logo.png","contentUrl":"https:\/\/cnewa.org\/fr\/wp-content\/uploads\/sites\/3\/2019\/11\/CNEWA-brand-logo.png","width":1000,"height":1000,"caption":"CNEWA Canada"},"image":{"@id":"https:\/\/cnewa.org\/fr\/#\/schema\/logo\/image\/"},"sameAs":["https:\/\/www.facebook.com\/cnewacanada\/","https:\/\/x.com\/cnewac","https:\/\/www.instagram.com\/cnewa1926\/","https:\/\/www.youtube.com\/user\/TheCNEWA"]}]}},"_links":{"self":[{"href":"https:\/\/cnewa.org\/fr\/wp-json\/wp\/v2\/pages\/1761","targetHints":{"allow":["GET"]}}],"collection":[{"href":"https:\/\/cnewa.org\/fr\/wp-json\/wp\/v2\/pages"}],"about":[{"href":"https:\/\/cnewa.org\/fr\/wp-json\/wp\/v2\/types\/page"}],"author":[{"embeddable":true,"href":"https:\/\/cnewa.org\/fr\/wp-json\/wp\/v2\/users\/70071"}],"replies":[{"embeddable":true,"href":"https:\/\/cnewa.org\/fr\/wp-json\/wp\/v2\/comments?post=1761"}],"version-history":[{"count":5,"href":"https:\/\/cnewa.org\/fr\/wp-json\/wp\/v2\/pages\/1761\/revisions"}],"predecessor-version":[{"id":1841,"href":"https:\/\/cnewa.org\/fr\/wp-json\/wp\/v2\/pages\/1761\/revisions\/1841"}],"up":[{"embeddable":true,"href":"https:\/\/cnewa.org\/fr\/wp-json\/wp\/v2\/pages\/158"}],"wp:featuredmedia":[{"embeddable":true,"href":"https:\/\/cnewa.org\/fr\/wp-json\/wp\/v2\/media\/1782"}],"wp:attachment":[{"href":"https:\/\/cnewa.org\/fr\/wp-json\/wp\/v2\/media?parent=1761"}],"curies":[{"name":"wp","href":"https:\/\/api.w.org\/{rel}","templated":true}]}}