{"id":1765,"date":"2024-04-22T15:37:50","date_gmt":"2024-04-22T19:37:50","guid":{"rendered":"https:\/\/cnewa.org\/fr\/?page_id=1765"},"modified":"2025-09-10T13:09:27","modified_gmt":"2025-09-10T17:09:27","slug":"legypte","status":"publish","type":"page","link":"https:\/\/cnewa.org\/fr\/ou-nous-travaillons\/nord-est-de-lafrique\/legypte\/","title":{"rendered":"L\u2019\u00c9gypte\u00a0"},"content":{"rendered":"\n<h2 class=\"wp-block-heading\" id=\"h-l-egypte-est-un-pays-en-pleine-tourmente-depuis-2010-nbsp\">L\u2019\u00c9gypte est un pays en pleine tourmente depuis 2010.&nbsp;<\/h2>\n\n\n\n<p>Au cours de la derni\u00e8re d\u00e9cennie, l\u2019\u00c9gypte a d\u00fb composer avec des troubles sociaux, de l\u2019instabilit\u00e9 politique, des mouvements extr\u00e9mistes et un coup d\u2019\u00c9tat militaire. Des \u00e9glises ont \u00e9t\u00e9 incendi\u00e9es. Des chr\u00e9tiens ont \u00e9t\u00e9 tu\u00e9s. La d\u00e9t\u00e9rioration \u00e9conomique et sociale a ajout\u00e9 au malaise et aliment\u00e9 la peur.&nbsp;<\/p>\n\n\n\n<p>CNEWA est bien pr\u00e9sent au milieu de tout cela.&nbsp;&nbsp;<\/p>\n\n\n\n<p>Depuis des d\u00e9cennies, CNEWA travaille avec les \u00c9glises \u00e9gyptiennes pour combler le foss\u00e9 qui existe entre les communaut\u00e9s chr\u00e9tiennes et musulmanes dominantes dans ce pays. Le principal partenaire de CNEWA, l\u2019\u00c9glise catholique copte compte moins de 175 000 \u00e2mes. Pourtant, la port\u00e9e et l\u2019impact de cette petite communaut\u00e9 sont tr\u00e8s significatifs.&nbsp;<\/p>\n\n\n\n<p>En \u00c9gypte, les paroisses et les \u00e9parchies catholiques coptes t\u00e9moignent de la vitalit\u00e9 de leur foi de mani\u00e8re impressionnante : en parrainant des cliniques et des dispensaires, des initiatives de garde d&rsquo;enfants, des \u00e9coles et des programmes pour les personnes ayant des besoins sp\u00e9ciaux, y compris les jeunes aveugles et les sourds. Ces paroisses parrainent \u00e9galement des initiatives pour venir en aide aux familles d\u00e9plac\u00e9es, notamment les r\u00e9fugi\u00e9s \u00e9rythr\u00e9ens et soudanais, et aux familles chr\u00e9tiennes d\u00e9racin\u00e9es qui squattent dans les banlieues du Caire et qui gagnent leur vie en ramassant et en triant des ordures.&nbsp;<\/p>\n\n\n\n<p>Le commandement \u00e9vang\u00e9lique \u00ab tu aimeras ton prochain \u00bb est v\u00e9cu au quotidien avec tendresse et compassion. CNEWA fait partie de cet effort humanitaire qui rappelle \u00e9galement aux personnes marginalis\u00e9es que leur vie a une dignit\u00e9 et un but.&nbsp;<\/p>\n\n\n\n<p>Par votre g\u00e9n\u00e9rosit\u00e9, vous pouvez contribuer \u00e0 rendre notre travail disponible aupr\u00e8s d\u2019un plus grand nombre. Vos dons peuvent aider \u00e0 changer des vies, une vie \u00e0 la fois, et remplacer la peur par un sentiment de possibilit\u00e9 et d\u2019espoir. Peu \u00e0 peu les \u00c9glises \u00e9gyptiennes reprennent confiance et s\u00e8ment de la confiance en t\u00e9moignant de l\u2019amour de l\u2019\u00c9vangile.&nbsp;<\/p>\n\n\n\n<figure class=\"wp-block-gallery has-nested-images columns-2 is-cropped is-style-lightbox wp-block-gallery-2 is-layout-flex wp-block-gallery-is-layout-flex\">\n<figure class=\"wp-block-image size-large\"><img loading=\"lazy\" decoding=\"async\" width=\"1024\" height=\"683\" data-id=\"2433\" src=\"https:\/\/cnewa.org\/fr\/wp-content\/uploads\/sites\/3\/2025\/07\/pickett33860_20-1024x683-1.jpg\" alt=\"une religieuse parle \u00e0 des enfants assis \u00e0 une table de d\u00e9jeuner \u00e0 Alexandrie.\" class=\"wp-image-2433\" srcset=\"https:\/\/cnewa.org\/fr\/wp-content\/uploads\/sites\/3\/2025\/07\/pickett33860_20-1024x683-1.jpg 1024w, https:\/\/cnewa.org\/fr\/wp-content\/uploads\/sites\/3\/2025\/07\/pickett33860_20-1024x683-1-300x200.jpg 300w, https:\/\/cnewa.org\/fr\/wp-content\/uploads\/sites\/3\/2025\/07\/pickett33860_20-1024x683-1-768x512.jpg 768w\" sizes=\"auto, (max-width: 1024px) 100vw, 1024px\" \/><figcaption class=\"wp-element-caption\">S\u0153ur Suad se penche pour \u00e9couter Quolta Tharwat, 11 ans, pendant le d\u00eener \u00e0 la maison Santa Lucia (photo : Holly Pickett)<\/figcaption><\/figure>\n\n\n\n<figure class=\"wp-block-image size-large\"><img loading=\"lazy\" decoding=\"async\" width=\"1024\" height=\"683\" data-id=\"2431\" src=\"https:\/\/cnewa.org\/fr\/wp-content\/uploads\/sites\/3\/2025\/07\/anis20182_047-1024x683.jpg\" alt=\"un enseignant aide les \u00e9l\u00e8ves \u00e0 faire un devoir en \u00e9crivant dans un cahier ouvert pos\u00e9 sur une table.\" class=\"wp-image-2431\" srcset=\"https:\/\/cnewa.org\/fr\/wp-content\/uploads\/sites\/3\/2025\/07\/anis20182_047-1024x683.jpg 1024w, https:\/\/cnewa.org\/fr\/wp-content\/uploads\/sites\/3\/2025\/07\/anis20182_047-300x200.jpg 300w, https:\/\/cnewa.org\/fr\/wp-content\/uploads\/sites\/3\/2025\/07\/anis20182_047-768x512.jpg 768w, https:\/\/cnewa.org\/fr\/wp-content\/uploads\/sites\/3\/2025\/07\/anis20182_047-1536x1024.jpg 1536w, https:\/\/cnewa.org\/fr\/wp-content\/uploads\/sites\/3\/2025\/07\/anis20182_047-1600x1067.jpg 1600w, https:\/\/cnewa.org\/fr\/wp-content\/uploads\/sites\/3\/2025\/07\/anis20182_047.jpg 1800w\" sizes=\"auto, (max-width: 1024px) 100vw, 1024px\" \/><figcaption class=\"wp-element-caption\">Des enfants assistent \u00e0 un cours \u00e0 l&rsquo;\u00e9cole des S\u0153urs franciscaines de Beni Suef, en \u00c9gypte. (Photo&nbsp;: Roger Anis)<\/figcaption><\/figure>\n\n\n\n<figure class=\"wp-block-image size-large\"><img loading=\"lazy\" decoding=\"async\" width=\"1024\" height=\"683\" data-id=\"2432\" src=\"https:\/\/cnewa.org\/fr\/wp-content\/uploads\/sites\/3\/2025\/07\/pickett33860_06-1024x683.jpg\" alt=\"deux enfants se serrent la main pendant qu'ils \u00e9tudient dans une maison \u00e0 Alexandrie, en \u00c9gypte.\" class=\"wp-image-2432\" srcset=\"https:\/\/cnewa.org\/fr\/wp-content\/uploads\/sites\/3\/2025\/07\/pickett33860_06-1024x683.jpg 1024w, https:\/\/cnewa.org\/fr\/wp-content\/uploads\/sites\/3\/2025\/07\/pickett33860_06-300x200.jpg 300w, https:\/\/cnewa.org\/fr\/wp-content\/uploads\/sites\/3\/2025\/07\/pickett33860_06-768x512.jpg 768w, https:\/\/cnewa.org\/fr\/wp-content\/uploads\/sites\/3\/2025\/07\/pickett33860_06-1536x1024.jpg 1536w, https:\/\/cnewa.org\/fr\/wp-content\/uploads\/sites\/3\/2025\/07\/pickett33860_06-1600x1067.jpg 1600w, https:\/\/cnewa.org\/fr\/wp-content\/uploads\/sites\/3\/2025\/07\/pickett33860_06.jpg 1800w\" sizes=\"auto, (max-width: 1024px) 100vw, 1024px\" \/><figcaption class=\"wp-element-caption\">Enjy Yussef, 12 ans, \u00e0 droite, accueille Myven Aihab, 14 ans, pendant une pause entre ses r\u00e9visions d&rsquo;hiver au foyer Santa Lucia pour enfants aveugles d&rsquo;Alexandrie, en \u00c9gypte, le 25 janvier 2010. Vingt enfants \u00e2g\u00e9s de 8 \u00e0 19 ans vivent dans ce foyer g\u00e9r\u00e9 par des religieuses libanaises dans le quartier d&rsquo;Abou Kir \u00e0 Alexandrie. Le foyer fournit nourriture, v\u00eatements, soins de sant\u00e9, soutien scolaire et h\u00e9bergement aux enfants, issus de familles pauvres d&rsquo;Alexandrie et du sud de l&rsquo;\u00c9gypte. Les enfants sont scolaris\u00e9s dans une \u00e9cole publique sp\u00e9cialis\u00e9e situ\u00e9e \u00e0 une heure de route du foyer.<\/figcaption><\/figure>\n<\/figure>\n\n\n  <div class=\"donate-button\" id=\"minor-fund-campaign\">\n    <button class=\"donate-modal-toggle\" data-major-fund='l\u00e0 o\u00f9 les besoins sont les plus importants' data-major-fund-code='20'>Donner<\/button>\n  <\/div>\n  ","protected":false},"excerpt":{"rendered":"<p>L\u2019\u00c9gypte est un pays en pleine tourmente depuis 2010.&nbsp; Au cours de la derni\u00e8re d\u00e9cennie, l\u2019\u00c9gypte a d\u00fb composer avec des troubles sociaux, de l\u2019instabilit\u00e9 politique, des mouvements extr\u00e9mistes et un coup d\u2019\u00c9tat militaire. Des \u00e9glises ont \u00e9t\u00e9 incendi\u00e9es. Des chr\u00e9tiens ont \u00e9t\u00e9 tu\u00e9s. La d\u00e9t\u00e9rioration \u00e9conomique et sociale a ajout\u00e9 au malaise et aliment\u00e9 &hellip; <a href=\"https:\/\/cnewa.org\/fr\/ou-nous-travaillons\/nord-est-de-lafrique\/legypte\/\">Continued<\/a><\/p>\n","protected":false},"author":70071,"featured_media":1767,"parent":187,"menu_order":0,"comment_status":"closed","ping_status":"closed","template":"","meta":{"_acf_changed":false,"footnotes":""},"class_list":["post-1765","page","type-page","status-publish","has-post-thumbnail","hentry"],"acf":[],"yoast_head":"<!-- This site is optimized with the Yoast SEO Premium plugin v27.2 (Yoast SEO v27.2) - https:\/\/yoast.com\/product\/yoast-seo-premium-wordpress\/ -->\n<title>L\u2019\u00c9gypte\u00a0 | CNEWA Canada<\/title>\n<meta name=\"robots\" content=\"index, follow, max-snippet:-1, max-image-preview:large, max-video-preview:-1\" \/>\n<link rel=\"canonical\" href=\"https:\/\/cnewa.org\/fr\/ou-nous-travaillons\/nord-est-de-lafrique\/legypte\/\" \/>\n<meta property=\"og:locale\" content=\"fr_CA\" \/>\n<meta property=\"og:type\" content=\"article\" \/>\n<meta property=\"og:title\" content=\"L\u2019\u00c9gypte\u00a0\" \/>\n<meta property=\"og:description\" content=\"L\u2019\u00c9gypte est un pays en pleine tourmente depuis 2010.&nbsp; Au cours de la derni\u00e8re d\u00e9cennie, l\u2019\u00c9gypte a d\u00fb composer avec des troubles sociaux, de l\u2019instabilit\u00e9 politique, des mouvements extr\u00e9mistes et un coup d\u2019\u00c9tat militaire. Des \u00e9glises ont \u00e9t\u00e9 incendi\u00e9es. Des chr\u00e9tiens ont \u00e9t\u00e9 tu\u00e9s. La d\u00e9t\u00e9rioration \u00e9conomique et sociale a ajout\u00e9 au malaise et aliment\u00e9 &hellip; Continued\" \/>\n<meta property=\"og:site_name\" content=\"CNEWA Canada\" \/>\n<meta property=\"article:publisher\" content=\"https:\/\/www.facebook.com\/cnewacanada\/\" \/>\n<meta property=\"article:modified_time\" content=\"2025-09-10T17:09:27+00:00\" \/>\n<meta property=\"og:image\" content=\"https:\/\/cnewa.org\/fr\/wp-content\/uploads\/sites\/3\/2024\/04\/pickett20111_14L.jpg\" \/>\n\t<meta property=\"og:image:width\" content=\"537\" \/>\n\t<meta property=\"og:image:height\" content=\"357\" \/>\n\t<meta property=\"og:image:type\" content=\"image\/jpeg\" \/>\n<meta name=\"twitter:card\" content=\"summary_large_image\" \/>\n<meta name=\"twitter:site\" content=\"@cnewac\" \/>\n<meta name=\"twitter:label1\" content=\"Estimation du temps de lecture\" \/>\n\t<meta name=\"twitter:data1\" content=\"4 minutes\" \/>\n<script type=\"application\/ld+json\" class=\"yoast-schema-graph\">{\"@context\":\"https:\/\/schema.org\",\"@graph\":[{\"@type\":\"WebPage\",\"@id\":\"https:\/\/cnewa.org\/fr\/ou-nous-travaillons\/nord-est-de-lafrique\/legypte\/\",\"url\":\"https:\/\/cnewa.org\/fr\/ou-nous-travaillons\/nord-est-de-lafrique\/legypte\/\",\"name\":\"L\u2019\u00c9gypte\u00a0 | CNEWA Canada\",\"isPartOf\":{\"@id\":\"https:\/\/cnewa.org\/fr\/#website\"},\"primaryImageOfPage\":{\"@id\":\"https:\/\/cnewa.org\/fr\/ou-nous-travaillons\/nord-est-de-lafrique\/legypte\/#primaryimage\"},\"image\":{\"@id\":\"https:\/\/cnewa.org\/fr\/ou-nous-travaillons\/nord-est-de-lafrique\/legypte\/#primaryimage\"},\"thumbnailUrl\":\"https:\/\/cnewa.org\/fr\/wp-content\/uploads\/sites\/3\/2024\/04\/pickett20111_14L.jpg\",\"datePublished\":\"2024-04-22T19:37:50+00:00\",\"dateModified\":\"2025-09-10T17:09:27+00:00\",\"breadcrumb\":{\"@id\":\"https:\/\/cnewa.org\/fr\/ou-nous-travaillons\/nord-est-de-lafrique\/legypte\/#breadcrumb\"},\"inLanguage\":\"fr-CA\",\"potentialAction\":[{\"@type\":\"ReadAction\",\"target\":[\"https:\/\/cnewa.org\/fr\/ou-nous-travaillons\/nord-est-de-lafrique\/legypte\/\"]}]},{\"@type\":\"ImageObject\",\"inLanguage\":\"fr-CA\",\"@id\":\"https:\/\/cnewa.org\/fr\/ou-nous-travaillons\/nord-est-de-lafrique\/legypte\/#primaryimage\",\"url\":\"https:\/\/cnewa.org\/fr\/wp-content\/uploads\/sites\/3\/2024\/04\/pickett20111_14L.jpg\",\"contentUrl\":\"https:\/\/cnewa.org\/fr\/wp-content\/uploads\/sites\/3\/2024\/04\/pickett20111_14L.jpg\",\"width\":537,\"height\":357},{\"@type\":\"BreadcrumbList\",\"@id\":\"https:\/\/cnewa.org\/fr\/ou-nous-travaillons\/nord-est-de-lafrique\/legypte\/#breadcrumb\",\"itemListElement\":[{\"@type\":\"ListItem\",\"position\":1,\"name\":\"Accueil\",\"item\":\"https:\/\/cnewa.org\/fr\/\"},{\"@type\":\"ListItem\",\"position\":2,\"name\":\"O\u00f9 Nous Travaillons\",\"item\":\"https:\/\/cnewa.org\/fr\/ou-nous-travaillons\/\"},{\"@type\":\"ListItem\",\"position\":3,\"name\":\"Nord-est de l\u2019Afrique\",\"item\":\"https:\/\/cnewa.org\/fr\/ou-nous-travaillons\/nord-est-de-lafrique\/\"},{\"@type\":\"ListItem\",\"position\":4,\"name\":\"L\u2019\u00c9gypte\u00a0\"}]},{\"@type\":\"WebSite\",\"@id\":\"https:\/\/cnewa.org\/fr\/#website\",\"url\":\"https:\/\/cnewa.org\/fr\/\",\"name\":\"CNEWA Canada\",\"description\":\"Association catholique d\u2019aide \u00e0 l\u2019Orient\",\"publisher\":{\"@id\":\"https:\/\/cnewa.org\/fr\/#organization\"},\"potentialAction\":[{\"@type\":\"SearchAction\",\"target\":{\"@type\":\"EntryPoint\",\"urlTemplate\":\"https:\/\/cnewa.org\/fr\/?s={search_term_string}\"},\"query-input\":{\"@type\":\"PropertyValueSpecification\",\"valueRequired\":true,\"valueName\":\"search_term_string\"}}],\"inLanguage\":\"fr-CA\"},{\"@type\":\"Organization\",\"@id\":\"https:\/\/cnewa.org\/fr\/#organization\",\"name\":\"CNEWA Canada\",\"alternateName\":\"Association catholique d\u2019aide \u00e0 l\u2019Orient\",\"url\":\"https:\/\/cnewa.org\/fr\/\",\"logo\":{\"@type\":\"ImageObject\",\"inLanguage\":\"fr-CA\",\"@id\":\"https:\/\/cnewa.org\/fr\/#\/schema\/logo\/image\/\",\"url\":\"https:\/\/cnewa.org\/fr\/wp-content\/uploads\/sites\/3\/2019\/11\/CNEWA-brand-logo.png\",\"contentUrl\":\"https:\/\/cnewa.org\/fr\/wp-content\/uploads\/sites\/3\/2019\/11\/CNEWA-brand-logo.png\",\"width\":1000,\"height\":1000,\"caption\":\"CNEWA Canada\"},\"image\":{\"@id\":\"https:\/\/cnewa.org\/fr\/#\/schema\/logo\/image\/\"},\"sameAs\":[\"https:\/\/www.facebook.com\/cnewacanada\/\",\"https:\/\/x.com\/cnewac\",\"https:\/\/www.instagram.com\/cnewa1926\/\",\"https:\/\/www.youtube.com\/user\/TheCNEWA\"]}]}<\/script>\n<!-- \/ Yoast SEO Premium plugin. -->","yoast_head_json":{"title":"L\u2019\u00c9gypte\u00a0 | CNEWA Canada","robots":{"index":"index","follow":"follow","max-snippet":"max-snippet:-1","max-image-preview":"max-image-preview:large","max-video-preview":"max-video-preview:-1"},"canonical":"https:\/\/cnewa.org\/fr\/ou-nous-travaillons\/nord-est-de-lafrique\/legypte\/","og_locale":"fr_CA","og_type":"article","og_title":"L\u2019\u00c9gypte\u00a0","og_description":"L\u2019\u00c9gypte est un pays en pleine tourmente depuis 2010.&nbsp; Au cours de la derni\u00e8re d\u00e9cennie, l\u2019\u00c9gypte a d\u00fb composer avec des troubles sociaux, de l\u2019instabilit\u00e9 politique, des mouvements extr\u00e9mistes et un coup d\u2019\u00c9tat militaire. Des \u00e9glises ont \u00e9t\u00e9 incendi\u00e9es. Des chr\u00e9tiens ont \u00e9t\u00e9 tu\u00e9s. La d\u00e9t\u00e9rioration \u00e9conomique et sociale a ajout\u00e9 au malaise et aliment\u00e9 &hellip; Continued","og_site_name":"CNEWA Canada","article_publisher":"https:\/\/www.facebook.com\/cnewacanada\/","article_modified_time":"2025-09-10T17:09:27+00:00","og_image":[{"width":537,"height":357,"url":"https:\/\/cnewa.org\/fr\/wp-content\/uploads\/sites\/3\/2024\/04\/pickett20111_14L.jpg","type":"image\/jpeg"}],"twitter_card":"summary_large_image","twitter_site":"@cnewac","twitter_misc":{"Estimation du temps de lecture":"4 minutes"},"schema":{"@context":"https:\/\/schema.org","@graph":[{"@type":"WebPage","@id":"https:\/\/cnewa.org\/fr\/ou-nous-travaillons\/nord-est-de-lafrique\/legypte\/","url":"https:\/\/cnewa.org\/fr\/ou-nous-travaillons\/nord-est-de-lafrique\/legypte\/","name":"L\u2019\u00c9gypte\u00a0 | CNEWA Canada","isPartOf":{"@id":"https:\/\/cnewa.org\/fr\/#website"},"primaryImageOfPage":{"@id":"https:\/\/cnewa.org\/fr\/ou-nous-travaillons\/nord-est-de-lafrique\/legypte\/#primaryimage"},"image":{"@id":"https:\/\/cnewa.org\/fr\/ou-nous-travaillons\/nord-est-de-lafrique\/legypte\/#primaryimage"},"thumbnailUrl":"https:\/\/cnewa.org\/fr\/wp-content\/uploads\/sites\/3\/2024\/04\/pickett20111_14L.jpg","datePublished":"2024-04-22T19:37:50+00:00","dateModified":"2025-09-10T17:09:27+00:00","breadcrumb":{"@id":"https:\/\/cnewa.org\/fr\/ou-nous-travaillons\/nord-est-de-lafrique\/legypte\/#breadcrumb"},"inLanguage":"fr-CA","potentialAction":[{"@type":"ReadAction","target":["https:\/\/cnewa.org\/fr\/ou-nous-travaillons\/nord-est-de-lafrique\/legypte\/"]}]},{"@type":"ImageObject","inLanguage":"fr-CA","@id":"https:\/\/cnewa.org\/fr\/ou-nous-travaillons\/nord-est-de-lafrique\/legypte\/#primaryimage","url":"https:\/\/cnewa.org\/fr\/wp-content\/uploads\/sites\/3\/2024\/04\/pickett20111_14L.jpg","contentUrl":"https:\/\/cnewa.org\/fr\/wp-content\/uploads\/sites\/3\/2024\/04\/pickett20111_14L.jpg","width":537,"height":357},{"@type":"BreadcrumbList","@id":"https:\/\/cnewa.org\/fr\/ou-nous-travaillons\/nord-est-de-lafrique\/legypte\/#breadcrumb","itemListElement":[{"@type":"ListItem","position":1,"name":"Accueil","item":"https:\/\/cnewa.org\/fr\/"},{"@type":"ListItem","position":2,"name":"O\u00f9 Nous Travaillons","item":"https:\/\/cnewa.org\/fr\/ou-nous-travaillons\/"},{"@type":"ListItem","position":3,"name":"Nord-est de l\u2019Afrique","item":"https:\/\/cnewa.org\/fr\/ou-nous-travaillons\/nord-est-de-lafrique\/"},{"@type":"ListItem","position":4,"name":"L\u2019\u00c9gypte\u00a0"}]},{"@type":"WebSite","@id":"https:\/\/cnewa.org\/fr\/#website","url":"https:\/\/cnewa.org\/fr\/","name":"CNEWA Canada","description":"Association catholique d\u2019aide \u00e0 l\u2019Orient","publisher":{"@id":"https:\/\/cnewa.org\/fr\/#organization"},"potentialAction":[{"@type":"SearchAction","target":{"@type":"EntryPoint","urlTemplate":"https:\/\/cnewa.org\/fr\/?s={search_term_string}"},"query-input":{"@type":"PropertyValueSpecification","valueRequired":true,"valueName":"search_term_string"}}],"inLanguage":"fr-CA"},{"@type":"Organization","@id":"https:\/\/cnewa.org\/fr\/#organization","name":"CNEWA Canada","alternateName":"Association catholique d\u2019aide \u00e0 l\u2019Orient","url":"https:\/\/cnewa.org\/fr\/","logo":{"@type":"ImageObject","inLanguage":"fr-CA","@id":"https:\/\/cnewa.org\/fr\/#\/schema\/logo\/image\/","url":"https:\/\/cnewa.org\/fr\/wp-content\/uploads\/sites\/3\/2019\/11\/CNEWA-brand-logo.png","contentUrl":"https:\/\/cnewa.org\/fr\/wp-content\/uploads\/sites\/3\/2019\/11\/CNEWA-brand-logo.png","width":1000,"height":1000,"caption":"CNEWA Canada"},"image":{"@id":"https:\/\/cnewa.org\/fr\/#\/schema\/logo\/image\/"},"sameAs":["https:\/\/www.facebook.com\/cnewacanada\/","https:\/\/x.com\/cnewac","https:\/\/www.instagram.com\/cnewa1926\/","https:\/\/www.youtube.com\/user\/TheCNEWA"]}]}},"_links":{"self":[{"href":"https:\/\/cnewa.org\/fr\/wp-json\/wp\/v2\/pages\/1765","targetHints":{"allow":["GET"]}}],"collection":[{"href":"https:\/\/cnewa.org\/fr\/wp-json\/wp\/v2\/pages"}],"about":[{"href":"https:\/\/cnewa.org\/fr\/wp-json\/wp\/v2\/types\/page"}],"author":[{"embeddable":true,"href":"https:\/\/cnewa.org\/fr\/wp-json\/wp\/v2\/users\/70071"}],"replies":[{"embeddable":true,"href":"https:\/\/cnewa.org\/fr\/wp-json\/wp\/v2\/comments?post=1765"}],"version-history":[{"count":7,"href":"https:\/\/cnewa.org\/fr\/wp-json\/wp\/v2\/pages\/1765\/revisions"}],"predecessor-version":[{"id":2487,"href":"https:\/\/cnewa.org\/fr\/wp-json\/wp\/v2\/pages\/1765\/revisions\/2487"}],"up":[{"embeddable":true,"href":"https:\/\/cnewa.org\/fr\/wp-json\/wp\/v2\/pages\/187"}],"wp:featuredmedia":[{"embeddable":true,"href":"https:\/\/cnewa.org\/fr\/wp-json\/wp\/v2\/media\/1767"}],"wp:attachment":[{"href":"https:\/\/cnewa.org\/fr\/wp-json\/wp\/v2\/media?parent=1765"}],"curies":[{"name":"wp","href":"https:\/\/api.w.org\/{rel}","templated":true}]}}