{"id":1769,"date":"2024-04-22T15:53:10","date_gmt":"2024-04-22T19:53:10","guid":{"rendered":"https:\/\/cnewa.org\/fr\/?page_id=1769"},"modified":"2024-06-17T10:40:30","modified_gmt":"2024-06-17T14:40:30","slug":"lerythree","status":"publish","type":"page","link":"https:\/\/cnewa.org\/fr\/ou-nous-travaillons\/nord-est-de-lafrique\/lerythree\/","title":{"rendered":"L\u2019\u00c9rythr\u00e9e\u00a0"},"content":{"rendered":"\n<h2 class=\"wp-block-heading\" id=\"h-le-christianisme-est-present-en-afrique-du-nord-est-depuis-aux-premiers-jours-de-l-eglise-bien-que-situee-loin-des-centres-de-l-eglise-du-monde-mediterraneen-l-eglise-de-la-corne-de-l-afrique-appelee-abyssinie-n-etait-pas-isolee-des-autres-communautes-chretiennes-notamment-celles-d-egypte-et-de-terre-sainte-nbsp\">Le christianisme est pr\u00e9sent en Afrique du Nord-Est depuis aux premiers jours de l\u2019\u00c9glise. Bien que situ\u00e9e loin des centres de l\u2019\u00c9glise du monde m\u00e9diterran\u00e9en, l\u2019\u00c9glise de la Corne de l\u2019Afrique \u2013 appel\u00e9e Abyssinie \u2013 n\u2019\u00e9tait pas isol\u00e9e des autres communaut\u00e9s chr\u00e9tiennes, notamment celles d\u2019\u00c9gypte et de Terre Sainte.&nbsp;<\/h2>\n\n\n\n<p>L&rsquo;\u00c9tat-nation d&rsquo;\u00c9rythr\u00e9e date de 1993. Ce pays a men\u00e9 une guerre longue et acharn\u00e9e avec l&rsquo;\u00c9thiopie pour obtenir son ind\u00e9pendance.&nbsp; L&rsquo;\u00c9glise catholique d&rsquo;\u00c9rythr\u00e9e partage les traditions ge&rsquo;ez des \u00e9glises orthodoxes Tewahedo dominantes d&rsquo;\u00c9rythr\u00e9e et d&rsquo;\u00c9thiopie, et a \u00e9t\u00e9 cr\u00e9\u00e9e par le pape Fran\u00e7ois en tant qu&rsquo;\u00c9glise m\u00e9tropolitaine autonome au sein de la communion catholique des \u00c9glises en 2015.&nbsp;<\/p>\n\n\n\n<p>CNEWA joue, depuis longtemps, un r\u00f4le important dans le d\u00e9veloppement de <strong>l\u2019\u00c9glise catholique \u00e9rythr\u00e9enne<\/strong>, collaborant avec ses dirigeants peu apr\u00e8s l\u2019ind\u00e9pendance du pays pour r\u00e9am\u00e9nager, restaurer et renouveler ses \u00e9coles, ses paroisses, ses services sociaux et sa vie spirituelle.&nbsp;&nbsp;<\/p>\n\n\n\n<p>Gr\u00e2ce \u00e0 vous, CNEWA a pu contribuer de fa\u00e7on significative \u00e0 la formation de ses pr\u00eatres, religieux, religieuses et la\u00efcs.&nbsp;<\/p>\n\n\n\n<p>Gr\u00e2ce \u00e0 vous, CNEWA a pu servir de v\u00e9ritable bou\u00e9e de sauvetage pour des dizaines de milliers d&rsquo;enfants inscrits dans ses \u00e9coles et services de garde en leur fournissant un toit, de la nourriture, des cours, des conseils et des soins.&nbsp;<\/p>\n\n\n\n<p>Gr\u00e2ce \u00e0 vous, CNEWA a pu parrainer des initiatives de soins de sant\u00e9 mobiles et en paroisses, particuli\u00e8rement dans les r\u00e9gions \u00e9loign\u00e9es et difficiles d&rsquo;acc\u00e8s.&nbsp;<\/p>\n\n\n\n<p><strong>Heureusement,<\/strong> une grande partie de ce travail est maintenant derri\u00e8re nous, puisque l&rsquo;\u00c9tat a nationalis\u00e9 les 29 programmes de soins de sant\u00e9 et 4 \u00e9coles secondaires en 2019, ainsi que 71 jardins d&rsquo;enfants, 36 \u00e9coles \u00e9l\u00e9mentaires et 13 coll\u00e8ges et 2 \u00e9coles techniques en fin 2022. Ces programmes qui s&rsquo;adressaient \u00e0 tous les \u00c9rythr\u00e9ens quelle que soit leur appartenance ethnique, leur culture ou leur religion sont maintenant g\u00e9r\u00e9s par l\u2019\u00c9tat.&nbsp;<\/p>\n\n\n\n<p>Mais cela ne signifie pas que le r\u00f4le de l\u2019\u00c9glise est termin\u00e9. L&rsquo;\u00c9glise est le corps du Christ. Elle est compos\u00e9e d&rsquo;hommes et de femmes, jeunes et vieux, qui vivent la joie de l&rsquo;\u00c9vangile gr\u00e2ce \u00e0 leur engagement \u00e0 aimer Dieu et le prochain. L\u2019\u00c9glise ne ferme pas et ne peut fermer ses portes \u00e0 ceux et celles qui viennent lui demander de l\u2019aide. Les besoins demeurent encore grands. Notre r\u00e9ponse doit toujours \u00eatre&nbsp;:&nbsp;\u00ab&nbsp;comment pouvons-nous aider&nbsp;?&nbsp;\u00bb&nbsp;<\/p>\n\n\n\n<p>Le r\u00f4le de CNEWA en \u00c9rythr\u00e9e consiste donc \u00e0 continuer d\u2019aider les paroisses \u00e0 fournir de l\u2019aide humanitaire de toutes sortes \u00e0 ceux et celles qui sont dans le besoin; \u00e0 soutenir des programmes de formation et de noviciat pour les hommes et les femmes, disciples fid\u00e8les et ap\u00f4tres de J\u00e9sus, dans les grands et petits s\u00e9minaires; et \u00e0 appuyer les programmes de cat\u00e9chisme pour les la\u00efcs.&nbsp;&nbsp;<\/p>\n\n\n\n<p>Joignez-vous aux efforts de CNEWA. Aidez-nous \u00e0 transformer ce petit coin de notre monde, une vie \u00e0 la fois.&nbsp; Vos pri\u00e8res et vos dons peuvent faire toute une diff\u00e9rence. Merci de votre g\u00e9n\u00e9rosit\u00e9. Soyez assur\u00e9s de notre pri\u00e8re et de notre reconnaissance ainsi que de celles de tous ceux et celles que nous desservons.&nbsp;&nbsp;<\/p>\n\n\n  <div class=\"donate-button\" id=\"minor-fund-campaign\">\n    <button class=\"donate-modal-toggle\" data-major-fund='l\u00e0 o\u00f9 les besoins sont les plus importants' data-major-fund-code='20'>Donner<\/button>\n  <\/div>\n  ","protected":false},"excerpt":{"rendered":"<p>Le christianisme est pr\u00e9sent en Afrique du Nord-Est depuis aux premiers jours de l\u2019\u00c9glise. Bien que situ\u00e9e loin des centres de l\u2019\u00c9glise du monde m\u00e9diterran\u00e9en, l\u2019\u00c9glise de la Corne de l\u2019Afrique \u2013 appel\u00e9e Abyssinie \u2013 n\u2019\u00e9tait pas isol\u00e9e des autres communaut\u00e9s chr\u00e9tiennes, notamment celles d\u2019\u00c9gypte et de Terre Sainte.&nbsp; L&rsquo;\u00c9tat-nation d&rsquo;\u00c9rythr\u00e9e date de 1993. Ce &hellip; <a href=\"https:\/\/cnewa.org\/fr\/ou-nous-travaillons\/nord-est-de-lafrique\/lerythree\/\">Continued<\/a><\/p>\n","protected":false},"author":70071,"featured_media":1770,"parent":187,"menu_order":0,"comment_status":"closed","ping_status":"closed","template":"","meta":{"_acf_changed":false,"footnotes":""},"class_list":["post-1769","page","type-page","status-publish","has-post-thumbnail","hentry"],"acf":[],"yoast_head":"<!-- This site is optimized with the Yoast SEO Premium plugin v27.2 (Yoast SEO v27.2) - https:\/\/yoast.com\/product\/yoast-seo-premium-wordpress\/ -->\n<title>L\u2019\u00c9rythr\u00e9e\u00a0 | CNEWA Canada<\/title>\n<meta name=\"robots\" content=\"index, follow, max-snippet:-1, max-image-preview:large, max-video-preview:-1\" \/>\n<link rel=\"canonical\" href=\"https:\/\/cnewa.org\/fr\/ou-nous-travaillons\/nord-est-de-lafrique\/lerythree\/\" \/>\n<meta property=\"og:locale\" content=\"fr_CA\" \/>\n<meta property=\"og:type\" content=\"article\" \/>\n<meta property=\"og:title\" content=\"L\u2019\u00c9rythr\u00e9e\u00a0\" \/>\n<meta property=\"og:description\" content=\"Le christianisme est pr\u00e9sent en Afrique du Nord-Est depuis aux premiers jours de l\u2019\u00c9glise. Bien que situ\u00e9e loin des centres de l\u2019\u00c9glise du monde m\u00e9diterran\u00e9en, l\u2019\u00c9glise de la Corne de l\u2019Afrique \u2013 appel\u00e9e Abyssinie \u2013 n\u2019\u00e9tait pas isol\u00e9e des autres communaut\u00e9s chr\u00e9tiennes, notamment celles d\u2019\u00c9gypte et de Terre Sainte.&nbsp; L&rsquo;\u00c9tat-nation d&rsquo;\u00c9rythr\u00e9e date de 1993. Ce &hellip; Continued\" \/>\n<meta property=\"og:site_name\" content=\"CNEWA Canada\" \/>\n<meta property=\"article:publisher\" content=\"https:\/\/www.facebook.com\/cnewacanada\/\" \/>\n<meta property=\"article:modified_time\" content=\"2024-06-17T14:40:30+00:00\" \/>\n<meta property=\"og:image\" content=\"https:\/\/cnewa.org\/fr\/wp-content\/uploads\/sites\/3\/2024\/04\/kozar20152_567H-1.jpg\" \/>\n\t<meta property=\"og:image:width\" content=\"1800\" \/>\n\t<meta property=\"og:image:height\" content=\"1200\" \/>\n\t<meta property=\"og:image:type\" content=\"image\/jpeg\" \/>\n<meta name=\"twitter:card\" content=\"summary_large_image\" \/>\n<meta name=\"twitter:site\" content=\"@cnewac\" \/>\n<meta name=\"twitter:label1\" content=\"Estimation du temps de lecture\" \/>\n\t<meta name=\"twitter:data1\" content=\"3 minutes\" \/>\n<script type=\"application\/ld+json\" class=\"yoast-schema-graph\">{\"@context\":\"https:\/\/schema.org\",\"@graph\":[{\"@type\":\"WebPage\",\"@id\":\"https:\/\/cnewa.org\/fr\/ou-nous-travaillons\/nord-est-de-lafrique\/lerythree\/\",\"url\":\"https:\/\/cnewa.org\/fr\/ou-nous-travaillons\/nord-est-de-lafrique\/lerythree\/\",\"name\":\"L\u2019\u00c9rythr\u00e9e\u00a0 | CNEWA Canada\",\"isPartOf\":{\"@id\":\"https:\/\/cnewa.org\/fr\/#website\"},\"primaryImageOfPage\":{\"@id\":\"https:\/\/cnewa.org\/fr\/ou-nous-travaillons\/nord-est-de-lafrique\/lerythree\/#primaryimage\"},\"image\":{\"@id\":\"https:\/\/cnewa.org\/fr\/ou-nous-travaillons\/nord-est-de-lafrique\/lerythree\/#primaryimage\"},\"thumbnailUrl\":\"https:\/\/cnewa.org\/fr\/wp-content\/uploads\/sites\/3\/2024\/04\/kozar20152_567H-1.jpg\",\"datePublished\":\"2024-04-22T19:53:10+00:00\",\"dateModified\":\"2024-06-17T14:40:30+00:00\",\"breadcrumb\":{\"@id\":\"https:\/\/cnewa.org\/fr\/ou-nous-travaillons\/nord-est-de-lafrique\/lerythree\/#breadcrumb\"},\"inLanguage\":\"fr-CA\",\"potentialAction\":[{\"@type\":\"ReadAction\",\"target\":[\"https:\/\/cnewa.org\/fr\/ou-nous-travaillons\/nord-est-de-lafrique\/lerythree\/\"]}]},{\"@type\":\"ImageObject\",\"inLanguage\":\"fr-CA\",\"@id\":\"https:\/\/cnewa.org\/fr\/ou-nous-travaillons\/nord-est-de-lafrique\/lerythree\/#primaryimage\",\"url\":\"https:\/\/cnewa.org\/fr\/wp-content\/uploads\/sites\/3\/2024\/04\/kozar20152_567H-1.jpg\",\"contentUrl\":\"https:\/\/cnewa.org\/fr\/wp-content\/uploads\/sites\/3\/2024\/04\/kozar20152_567H-1.jpg\",\"width\":1800,\"height\":1200},{\"@type\":\"BreadcrumbList\",\"@id\":\"https:\/\/cnewa.org\/fr\/ou-nous-travaillons\/nord-est-de-lafrique\/lerythree\/#breadcrumb\",\"itemListElement\":[{\"@type\":\"ListItem\",\"position\":1,\"name\":\"Accueil\",\"item\":\"https:\/\/cnewa.org\/fr\/\"},{\"@type\":\"ListItem\",\"position\":2,\"name\":\"O\u00f9 Nous Travaillons\",\"item\":\"https:\/\/cnewa.org\/fr\/ou-nous-travaillons\/\"},{\"@type\":\"ListItem\",\"position\":3,\"name\":\"Nord-est de l\u2019Afrique\",\"item\":\"https:\/\/cnewa.org\/fr\/ou-nous-travaillons\/nord-est-de-lafrique\/\"},{\"@type\":\"ListItem\",\"position\":4,\"name\":\"L\u2019\u00c9rythr\u00e9e\u00a0\"}]},{\"@type\":\"WebSite\",\"@id\":\"https:\/\/cnewa.org\/fr\/#website\",\"url\":\"https:\/\/cnewa.org\/fr\/\",\"name\":\"CNEWA Canada\",\"description\":\"Association catholique d\u2019aide \u00e0 l\u2019Orient\",\"publisher\":{\"@id\":\"https:\/\/cnewa.org\/fr\/#organization\"},\"potentialAction\":[{\"@type\":\"SearchAction\",\"target\":{\"@type\":\"EntryPoint\",\"urlTemplate\":\"https:\/\/cnewa.org\/fr\/?s={search_term_string}\"},\"query-input\":{\"@type\":\"PropertyValueSpecification\",\"valueRequired\":true,\"valueName\":\"search_term_string\"}}],\"inLanguage\":\"fr-CA\"},{\"@type\":\"Organization\",\"@id\":\"https:\/\/cnewa.org\/fr\/#organization\",\"name\":\"CNEWA Canada\",\"alternateName\":\"Association catholique d\u2019aide \u00e0 l\u2019Orient\",\"url\":\"https:\/\/cnewa.org\/fr\/\",\"logo\":{\"@type\":\"ImageObject\",\"inLanguage\":\"fr-CA\",\"@id\":\"https:\/\/cnewa.org\/fr\/#\/schema\/logo\/image\/\",\"url\":\"https:\/\/cnewa.org\/fr\/wp-content\/uploads\/sites\/3\/2019\/11\/CNEWA-brand-logo.png\",\"contentUrl\":\"https:\/\/cnewa.org\/fr\/wp-content\/uploads\/sites\/3\/2019\/11\/CNEWA-brand-logo.png\",\"width\":1000,\"height\":1000,\"caption\":\"CNEWA Canada\"},\"image\":{\"@id\":\"https:\/\/cnewa.org\/fr\/#\/schema\/logo\/image\/\"},\"sameAs\":[\"https:\/\/www.facebook.com\/cnewacanada\/\",\"https:\/\/x.com\/cnewac\",\"https:\/\/www.instagram.com\/cnewa1926\/\",\"https:\/\/www.youtube.com\/user\/TheCNEWA\"]}]}<\/script>\n<!-- \/ Yoast SEO Premium plugin. -->","yoast_head_json":{"title":"L\u2019\u00c9rythr\u00e9e\u00a0 | CNEWA Canada","robots":{"index":"index","follow":"follow","max-snippet":"max-snippet:-1","max-image-preview":"max-image-preview:large","max-video-preview":"max-video-preview:-1"},"canonical":"https:\/\/cnewa.org\/fr\/ou-nous-travaillons\/nord-est-de-lafrique\/lerythree\/","og_locale":"fr_CA","og_type":"article","og_title":"L\u2019\u00c9rythr\u00e9e\u00a0","og_description":"Le christianisme est pr\u00e9sent en Afrique du Nord-Est depuis aux premiers jours de l\u2019\u00c9glise. Bien que situ\u00e9e loin des centres de l\u2019\u00c9glise du monde m\u00e9diterran\u00e9en, l\u2019\u00c9glise de la Corne de l\u2019Afrique \u2013 appel\u00e9e Abyssinie \u2013 n\u2019\u00e9tait pas isol\u00e9e des autres communaut\u00e9s chr\u00e9tiennes, notamment celles d\u2019\u00c9gypte et de Terre Sainte.&nbsp; L&rsquo;\u00c9tat-nation d&rsquo;\u00c9rythr\u00e9e date de 1993. Ce &hellip; Continued","og_site_name":"CNEWA Canada","article_publisher":"https:\/\/www.facebook.com\/cnewacanada\/","article_modified_time":"2024-06-17T14:40:30+00:00","og_image":[{"width":1800,"height":1200,"url":"https:\/\/cnewa.org\/fr\/wp-content\/uploads\/sites\/3\/2024\/04\/kozar20152_567H-1.jpg","type":"image\/jpeg"}],"twitter_card":"summary_large_image","twitter_site":"@cnewac","twitter_misc":{"Estimation du temps de lecture":"3 minutes"},"schema":{"@context":"https:\/\/schema.org","@graph":[{"@type":"WebPage","@id":"https:\/\/cnewa.org\/fr\/ou-nous-travaillons\/nord-est-de-lafrique\/lerythree\/","url":"https:\/\/cnewa.org\/fr\/ou-nous-travaillons\/nord-est-de-lafrique\/lerythree\/","name":"L\u2019\u00c9rythr\u00e9e\u00a0 | CNEWA Canada","isPartOf":{"@id":"https:\/\/cnewa.org\/fr\/#website"},"primaryImageOfPage":{"@id":"https:\/\/cnewa.org\/fr\/ou-nous-travaillons\/nord-est-de-lafrique\/lerythree\/#primaryimage"},"image":{"@id":"https:\/\/cnewa.org\/fr\/ou-nous-travaillons\/nord-est-de-lafrique\/lerythree\/#primaryimage"},"thumbnailUrl":"https:\/\/cnewa.org\/fr\/wp-content\/uploads\/sites\/3\/2024\/04\/kozar20152_567H-1.jpg","datePublished":"2024-04-22T19:53:10+00:00","dateModified":"2024-06-17T14:40:30+00:00","breadcrumb":{"@id":"https:\/\/cnewa.org\/fr\/ou-nous-travaillons\/nord-est-de-lafrique\/lerythree\/#breadcrumb"},"inLanguage":"fr-CA","potentialAction":[{"@type":"ReadAction","target":["https:\/\/cnewa.org\/fr\/ou-nous-travaillons\/nord-est-de-lafrique\/lerythree\/"]}]},{"@type":"ImageObject","inLanguage":"fr-CA","@id":"https:\/\/cnewa.org\/fr\/ou-nous-travaillons\/nord-est-de-lafrique\/lerythree\/#primaryimage","url":"https:\/\/cnewa.org\/fr\/wp-content\/uploads\/sites\/3\/2024\/04\/kozar20152_567H-1.jpg","contentUrl":"https:\/\/cnewa.org\/fr\/wp-content\/uploads\/sites\/3\/2024\/04\/kozar20152_567H-1.jpg","width":1800,"height":1200},{"@type":"BreadcrumbList","@id":"https:\/\/cnewa.org\/fr\/ou-nous-travaillons\/nord-est-de-lafrique\/lerythree\/#breadcrumb","itemListElement":[{"@type":"ListItem","position":1,"name":"Accueil","item":"https:\/\/cnewa.org\/fr\/"},{"@type":"ListItem","position":2,"name":"O\u00f9 Nous Travaillons","item":"https:\/\/cnewa.org\/fr\/ou-nous-travaillons\/"},{"@type":"ListItem","position":3,"name":"Nord-est de l\u2019Afrique","item":"https:\/\/cnewa.org\/fr\/ou-nous-travaillons\/nord-est-de-lafrique\/"},{"@type":"ListItem","position":4,"name":"L\u2019\u00c9rythr\u00e9e\u00a0"}]},{"@type":"WebSite","@id":"https:\/\/cnewa.org\/fr\/#website","url":"https:\/\/cnewa.org\/fr\/","name":"CNEWA Canada","description":"Association catholique d\u2019aide \u00e0 l\u2019Orient","publisher":{"@id":"https:\/\/cnewa.org\/fr\/#organization"},"potentialAction":[{"@type":"SearchAction","target":{"@type":"EntryPoint","urlTemplate":"https:\/\/cnewa.org\/fr\/?s={search_term_string}"},"query-input":{"@type":"PropertyValueSpecification","valueRequired":true,"valueName":"search_term_string"}}],"inLanguage":"fr-CA"},{"@type":"Organization","@id":"https:\/\/cnewa.org\/fr\/#organization","name":"CNEWA Canada","alternateName":"Association catholique d\u2019aide \u00e0 l\u2019Orient","url":"https:\/\/cnewa.org\/fr\/","logo":{"@type":"ImageObject","inLanguage":"fr-CA","@id":"https:\/\/cnewa.org\/fr\/#\/schema\/logo\/image\/","url":"https:\/\/cnewa.org\/fr\/wp-content\/uploads\/sites\/3\/2019\/11\/CNEWA-brand-logo.png","contentUrl":"https:\/\/cnewa.org\/fr\/wp-content\/uploads\/sites\/3\/2019\/11\/CNEWA-brand-logo.png","width":1000,"height":1000,"caption":"CNEWA Canada"},"image":{"@id":"https:\/\/cnewa.org\/fr\/#\/schema\/logo\/image\/"},"sameAs":["https:\/\/www.facebook.com\/cnewacanada\/","https:\/\/x.com\/cnewac","https:\/\/www.instagram.com\/cnewa1926\/","https:\/\/www.youtube.com\/user\/TheCNEWA"]}]}},"_links":{"self":[{"href":"https:\/\/cnewa.org\/fr\/wp-json\/wp\/v2\/pages\/1769","targetHints":{"allow":["GET"]}}],"collection":[{"href":"https:\/\/cnewa.org\/fr\/wp-json\/wp\/v2\/pages"}],"about":[{"href":"https:\/\/cnewa.org\/fr\/wp-json\/wp\/v2\/types\/page"}],"author":[{"embeddable":true,"href":"https:\/\/cnewa.org\/fr\/wp-json\/wp\/v2\/users\/70071"}],"replies":[{"embeddable":true,"href":"https:\/\/cnewa.org\/fr\/wp-json\/wp\/v2\/comments?post=1769"}],"version-history":[{"count":3,"href":"https:\/\/cnewa.org\/fr\/wp-json\/wp\/v2\/pages\/1769\/revisions"}],"predecessor-version":[{"id":1843,"href":"https:\/\/cnewa.org\/fr\/wp-json\/wp\/v2\/pages\/1769\/revisions\/1843"}],"up":[{"embeddable":true,"href":"https:\/\/cnewa.org\/fr\/wp-json\/wp\/v2\/pages\/187"}],"wp:featuredmedia":[{"embeddable":true,"href":"https:\/\/cnewa.org\/fr\/wp-json\/wp\/v2\/media\/1770"}],"wp:attachment":[{"href":"https:\/\/cnewa.org\/fr\/wp-json\/wp\/v2\/media?parent=1769"}],"curies":[{"name":"wp","href":"https:\/\/api.w.org\/{rel}","templated":true}]}}