{"id":1773,"date":"2024-04-22T16:01:38","date_gmt":"2024-04-22T20:01:38","guid":{"rendered":"https:\/\/cnewa.org\/fr\/?page_id=1773"},"modified":"2024-06-17T10:40:05","modified_gmt":"2024-06-17T14:40:05","slug":"lethiopie","status":"publish","type":"page","link":"https:\/\/cnewa.org\/fr\/ou-nous-travaillons\/nord-est-de-lafrique\/lethiopie\/","title":{"rendered":"L\u2019\u00c9thiopie"},"content":{"rendered":"\n<h2 class=\"wp-block-heading\" id=\"h-l-ethiopie-la-seule-nation-subsaharienne-ayant-une-culture-chretienne-remontant-aux-premiers-temps-de-l-eglise-doit-se-remettre-des-effets-d-une-guerre-civile-qui-dure-depuis-deux-ans-dans-le-nord-du-pays-et-composer-avec-une-augmentation-alarmante-des-prix-de-la-nourriture-et-du-carburant-occasionnee-par-la-guerre-en-cours-entre-l-ukraine-et-la-russie\">L\u2019\u00c9thiopie, la seule nation subsaharienne ayant une culture chr\u00e9tienne remontant aux premiers temps de l\u2019\u00c9glise, doit se remettre des effets d\u2019une guerre civile qui dure depuis deux ans dans le nord du pays et composer avec une augmentation alarmante des prix de la nourriture et du carburant occasionn\u00e9e par la guerre en cours entre l\u2019Ukraine et la Russie.<\/h2>\n\n\n\n<p>L&rsquo;\u00c9thiopie, l&rsquo;un des pays les plus pauvres et les plus peupl\u00e9s d&rsquo;Afrique, compte plus de 22 millions d\u2019habitants vivant en dessous du seuil de pauvret\u00e9. Quelque 2,5 millions de personnes du Tigr\u00e9 et des r\u00e9gions avoisinantes ont besoin d\u2019aide humanitaire alors que la r\u00e9gion peine \u00e0 se remettre du conflit arm\u00e9 qui y a sem\u00e9 la destruction et la mort. Plus de 18,6 millions d\u2019enfants ont besoin de traitements m\u00e9dicaux pour des maladies caus\u00e9es par la malnutrition. De nombreux \u00c9thiopiens fuient le pays. Selon les rapports de l\u2019ONU, environ 750 000 \u00c9thiopiens vivent maintenant en Arabie Saoudite.&nbsp;&nbsp;<\/p>\n\n\n\n<p>Les services de base &#8211; les communications, l\u2019\u00e9lectricit\u00e9 et l\u2019approvisionnement en carburant &#8211; ne sont pas ad\u00e9quats. De nombreuses personnes se trouvent encore dans des situations traumatisantes occasionn\u00e9es la guerre. Alors que les services sociaux et les \u00e9coles se pr\u00e9parent \u00e0 reprendre leurs activit\u00e9s, ils doivent tenir compte du traumatisme de leurs \u00e9l\u00e8ves et de leurs enseignants et les aider \u00e0 s&rsquo;adapter \u00e0 leur nouvelle r\u00e9alit\u00e9. Pour beaucoup, la vie n\u2019est pas encore revenue \u00e0 la normale. De nombreuses personnes d\u00e9plac\u00e9es se trouvent encore dans des logements temporaires et les \u00e9coles endommag\u00e9es par la guerre ne sont pas encore compl\u00e8tement r\u00e9habilit\u00e9es.&nbsp;<\/p>\n\n\n\n<p>Ces d\u00e9fis ont grandement affect\u00e9 le travail de CNEWA.&nbsp; Il y a eu une augmentation des demandes de soutien de la part du bureau de CNEWA \u00e0 Addis-Abeba. Le tissu socioculturel et la forte foi des chr\u00e9tiens des diverses communaut\u00e9s religieuses du pays sont porteurs d\u2019espoir.&nbsp; CNEWA cherche \u00e0 aider notre \u00c9glise \u00e0 r\u00e9pondre aux besoins des personnes en mati\u00e8re de services pastoraux et sociaux.&nbsp;&nbsp;<\/p>\n\n\n\n<p>En soutenant l\u2019\u00c9glise locale, CNEWA cherche \u00e0 r\u00e9pondre aux besoins pastoraux et humanitaires des \u00c9thiopiens.&nbsp;<\/p>\n\n\n\n<h4 class=\"wp-block-heading\" id=\"h-accompagner-l-eglise-nbsp\"><strong><strong>Accompagner l\u2019\u00c9glise<\/strong>&nbsp;<\/strong><\/h4>\n\n\n\n<p>CNEWA concentre ses efforts pastoraux sur le soutien aux s\u00e9minaires et noviciats, aux aum\u00f4neries universitaires, aux programmes de formation des cat\u00e9chistes, aux programmes de formation familiale et aux programmes pastoraux de la Conf\u00e9rence des Sup\u00e9rieurs religieux majeurs (CMRS) de l\u2019\u00c9thiopie. Le soutien de CNEWA \u00e0 l\u2019\u00c9glise locale comprend une aide \u00e0 la r\u00e9paration des installations paroissiales endommag\u00e9es par l\u2019\u00e2ge, les troubles civils et les catastrophes naturelles, ainsi qu\u2019une aide \u00e0 l&rsquo;acquisition de livres et de mat\u00e9riels liturgiques et au financement d\u2019initiatives d&rsquo;\u00e9vang\u00e9lisation en se servant des m\u00e9dias.&nbsp;<\/p>\n\n\n\n<figure class=\"wp-block-image size-large\"><img decoding=\"async\" src=\"https:\/\/cnewa.org\/wp-content\/uploads\/2023\/02\/20230213T1630-HOLY-LAND-TOURISM-UKRAINE-WAR-1756098-1024x683.jpg\" alt=\"\" class=\"wp-image-123120\"\/><figcaption class=\"wp-element-caption\">Des \u00c9thiopiens orthodoxes prient dans une chapelle pr\u00e8s du Mont des Oliviers \u00e0 J\u00e9rusalem le 29 janvier. (photo&nbsp;: OSV News\/Tom Tracy)&nbsp;<\/figcaption><\/figure>\n\n\n\n<h4 class=\"wp-block-heading\" id=\"h-repondre-aux-besoins-humanitaires-nbsp\"><strong><strong>R\u00e9pondre aux besoins humanitaires<\/strong>&nbsp;<\/strong><\/h4>\n\n\n\n<p>En raison du conflit qui se prolonge dans la r\u00e9gion du Tigr\u00e9 et dans d&rsquo;autres r\u00e9gions, de la pire s\u00e9cheresse qui s\u00e9vit dans le pays depuis des d\u00e9cennies et de la crise \u00e9conomique, CNEWA a connu une augmentation des demandes d&rsquo;aide humanitaire et de financement pour soutenir la distribution de nourriture aux enfants du primaire,&nbsp; la fourniture de mat\u00e9riel p\u00e9dagogique,&nbsp; l&rsquo;acc\u00e8s aux \u00e9tablissements d&rsquo;enseignement, l\u2019approvisionnement des garderies en eau potable &nbsp; et la fourniture d\u2019une aide alimentaire aux personnes \u00e2g\u00e9es. CNEWA soutient plusieurs initiatives pour aider les enfants&nbsp;:&nbsp; des \u00e9coles, des foyers pour enfants, des programmes de nutrition, des centres pour enfants physiquement handicap\u00e9s et des r\u00e9sidences pour enfants ayant des besoins sp\u00e9ciaux. CNEWA collabore \u00e9galement avec l&rsquo;aum\u00f4nerie p\u00e9nitentiaire de l&rsquo;archidioc\u00e8se d&rsquo;Addis-Abeba afin d\u2019assurer la formation et l&rsquo;\u00e9ducation des prisonniers, aide \u00e0 r\u00e9pondre aux besoins fondamentaux des r\u00e9fugi\u00e9s urbains \u00e0 travers le centre urbain du JRS et offre une aide alimentaire aux personnes \u00e2g\u00e9es dans les zones recul\u00e9es du sud de l&rsquo;\u00c9thiopie.&nbsp;&nbsp;<\/p>\n\n\n\n<figure class=\"wp-block-image size-large\"><img decoding=\"async\" src=\"https:\/\/cnewa.org\/wp-content\/uploads\/2023\/09\/wiggers20171_020H-1024x683.jpg\" alt=\"\" class=\"wp-image-126024\"\/><figcaption class=\"wp-element-caption\">Des \u00e9tudiants dans la r\u00e9gion du Tigr\u00e9, dans le nord de l\u2019\u00c9thiopie. (photo : Petterik Wiggers)&nbsp;<\/figcaption><\/figure>\n\n\n  <div class=\"donate-button\" id=\"minor-fund-campaign\">\n    <button class=\"donate-modal-toggle\" data-minor-fund='\u00c9thiopie' data-minor-fund-code='DF'>Donner<\/button>\n  <\/div>\n  ","protected":false},"excerpt":{"rendered":"<p>L\u2019\u00c9thiopie, la seule nation subsaharienne ayant une culture chr\u00e9tienne remontant aux premiers temps de l\u2019\u00c9glise, doit se remettre des effets d\u2019une guerre civile qui dure depuis deux ans dans le nord du pays et composer avec une augmentation alarmante des prix de la nourriture et du carburant occasionn\u00e9e par la guerre en cours entre l\u2019Ukraine &hellip; <a href=\"https:\/\/cnewa.org\/fr\/ou-nous-travaillons\/nord-est-de-lafrique\/lethiopie\/\">Continued<\/a><\/p>\n","protected":false},"author":70071,"featured_media":1774,"parent":187,"menu_order":0,"comment_status":"closed","ping_status":"closed","template":"","meta":{"_acf_changed":false,"footnotes":""},"class_list":["post-1773","page","type-page","status-publish","has-post-thumbnail","hentry"],"acf":[],"yoast_head":"<!-- This site is optimized with the Yoast SEO Premium plugin v27.2 (Yoast SEO v27.2) - https:\/\/yoast.com\/product\/yoast-seo-premium-wordpress\/ -->\n<title>L\u2019\u00c9thiopie | CNEWA Canada<\/title>\n<meta name=\"robots\" content=\"index, follow, max-snippet:-1, max-image-preview:large, max-video-preview:-1\" \/>\n<link rel=\"canonical\" href=\"https:\/\/cnewa.org\/fr\/ou-nous-travaillons\/nord-est-de-lafrique\/lethiopie\/\" \/>\n<meta property=\"og:locale\" content=\"fr_CA\" \/>\n<meta property=\"og:type\" content=\"article\" \/>\n<meta property=\"og:title\" content=\"L\u2019\u00c9thiopie\" \/>\n<meta property=\"og:description\" content=\"L\u2019\u00c9thiopie, la seule nation subsaharienne ayant une culture chr\u00e9tienne remontant aux premiers temps de l\u2019\u00c9glise, doit se remettre des effets d\u2019une guerre civile qui dure depuis deux ans dans le nord du pays et composer avec une augmentation alarmante des prix de la nourriture et du carburant occasionn\u00e9e par la guerre en cours entre l\u2019Ukraine &hellip; Continued\" \/>\n<meta property=\"og:site_name\" content=\"CNEWA Canada\" \/>\n<meta property=\"article:publisher\" content=\"https:\/\/www.facebook.com\/cnewacanada\/\" \/>\n<meta property=\"article:modified_time\" content=\"2024-06-17T14:40:05+00:00\" \/>\n<meta property=\"og:image\" content=\"https:\/\/cnewa.org\/fr\/wp-content\/uploads\/sites\/3\/2024\/04\/wiggers33640_089H.jpg\" \/>\n\t<meta property=\"og:image:width\" content=\"1800\" \/>\n\t<meta property=\"og:image:height\" content=\"1200\" \/>\n\t<meta property=\"og:image:type\" content=\"image\/jpeg\" \/>\n<meta name=\"twitter:card\" content=\"summary_large_image\" \/>\n<meta name=\"twitter:site\" content=\"@cnewac\" \/>\n<meta name=\"twitter:label1\" content=\"Estimation du temps de lecture\" \/>\n\t<meta name=\"twitter:data1\" content=\"4 minutes\" \/>\n<script type=\"application\/ld+json\" class=\"yoast-schema-graph\">{\"@context\":\"https:\/\/schema.org\",\"@graph\":[{\"@type\":\"WebPage\",\"@id\":\"https:\/\/cnewa.org\/fr\/ou-nous-travaillons\/nord-est-de-lafrique\/lethiopie\/\",\"url\":\"https:\/\/cnewa.org\/fr\/ou-nous-travaillons\/nord-est-de-lafrique\/lethiopie\/\",\"name\":\"L\u2019\u00c9thiopie | CNEWA Canada\",\"isPartOf\":{\"@id\":\"https:\/\/cnewa.org\/fr\/#website\"},\"primaryImageOfPage\":{\"@id\":\"https:\/\/cnewa.org\/fr\/ou-nous-travaillons\/nord-est-de-lafrique\/lethiopie\/#primaryimage\"},\"image\":{\"@id\":\"https:\/\/cnewa.org\/fr\/ou-nous-travaillons\/nord-est-de-lafrique\/lethiopie\/#primaryimage\"},\"thumbnailUrl\":\"https:\/\/cnewa.org\/fr\/wp-content\/uploads\/sites\/3\/2024\/04\/wiggers33640_089H.jpg\",\"datePublished\":\"2024-04-22T20:01:38+00:00\",\"dateModified\":\"2024-06-17T14:40:05+00:00\",\"breadcrumb\":{\"@id\":\"https:\/\/cnewa.org\/fr\/ou-nous-travaillons\/nord-est-de-lafrique\/lethiopie\/#breadcrumb\"},\"inLanguage\":\"fr-CA\",\"potentialAction\":[{\"@type\":\"ReadAction\",\"target\":[\"https:\/\/cnewa.org\/fr\/ou-nous-travaillons\/nord-est-de-lafrique\/lethiopie\/\"]}]},{\"@type\":\"ImageObject\",\"inLanguage\":\"fr-CA\",\"@id\":\"https:\/\/cnewa.org\/fr\/ou-nous-travaillons\/nord-est-de-lafrique\/lethiopie\/#primaryimage\",\"url\":\"https:\/\/cnewa.org\/fr\/wp-content\/uploads\/sites\/3\/2024\/04\/wiggers33640_089H.jpg\",\"contentUrl\":\"https:\/\/cnewa.org\/fr\/wp-content\/uploads\/sites\/3\/2024\/04\/wiggers33640_089H.jpg\",\"width\":1800,\"height\":1200},{\"@type\":\"BreadcrumbList\",\"@id\":\"https:\/\/cnewa.org\/fr\/ou-nous-travaillons\/nord-est-de-lafrique\/lethiopie\/#breadcrumb\",\"itemListElement\":[{\"@type\":\"ListItem\",\"position\":1,\"name\":\"Accueil\",\"item\":\"https:\/\/cnewa.org\/fr\/\"},{\"@type\":\"ListItem\",\"position\":2,\"name\":\"O\u00f9 Nous Travaillons\",\"item\":\"https:\/\/cnewa.org\/fr\/ou-nous-travaillons\/\"},{\"@type\":\"ListItem\",\"position\":3,\"name\":\"Nord-est de l\u2019Afrique\",\"item\":\"https:\/\/cnewa.org\/fr\/ou-nous-travaillons\/nord-est-de-lafrique\/\"},{\"@type\":\"ListItem\",\"position\":4,\"name\":\"L\u2019\u00c9thiopie\"}]},{\"@type\":\"WebSite\",\"@id\":\"https:\/\/cnewa.org\/fr\/#website\",\"url\":\"https:\/\/cnewa.org\/fr\/\",\"name\":\"CNEWA Canada\",\"description\":\"Association catholique d\u2019aide \u00e0 l\u2019Orient\",\"publisher\":{\"@id\":\"https:\/\/cnewa.org\/fr\/#organization\"},\"potentialAction\":[{\"@type\":\"SearchAction\",\"target\":{\"@type\":\"EntryPoint\",\"urlTemplate\":\"https:\/\/cnewa.org\/fr\/?s={search_term_string}\"},\"query-input\":{\"@type\":\"PropertyValueSpecification\",\"valueRequired\":true,\"valueName\":\"search_term_string\"}}],\"inLanguage\":\"fr-CA\"},{\"@type\":\"Organization\",\"@id\":\"https:\/\/cnewa.org\/fr\/#organization\",\"name\":\"CNEWA Canada\",\"alternateName\":\"Association catholique d\u2019aide \u00e0 l\u2019Orient\",\"url\":\"https:\/\/cnewa.org\/fr\/\",\"logo\":{\"@type\":\"ImageObject\",\"inLanguage\":\"fr-CA\",\"@id\":\"https:\/\/cnewa.org\/fr\/#\/schema\/logo\/image\/\",\"url\":\"https:\/\/cnewa.org\/fr\/wp-content\/uploads\/sites\/3\/2019\/11\/CNEWA-brand-logo.png\",\"contentUrl\":\"https:\/\/cnewa.org\/fr\/wp-content\/uploads\/sites\/3\/2019\/11\/CNEWA-brand-logo.png\",\"width\":1000,\"height\":1000,\"caption\":\"CNEWA Canada\"},\"image\":{\"@id\":\"https:\/\/cnewa.org\/fr\/#\/schema\/logo\/image\/\"},\"sameAs\":[\"https:\/\/www.facebook.com\/cnewacanada\/\",\"https:\/\/x.com\/cnewac\",\"https:\/\/www.instagram.com\/cnewa1926\/\",\"https:\/\/www.youtube.com\/user\/TheCNEWA\"]}]}<\/script>\n<!-- \/ Yoast SEO Premium plugin. -->","yoast_head_json":{"title":"L\u2019\u00c9thiopie | CNEWA Canada","robots":{"index":"index","follow":"follow","max-snippet":"max-snippet:-1","max-image-preview":"max-image-preview:large","max-video-preview":"max-video-preview:-1"},"canonical":"https:\/\/cnewa.org\/fr\/ou-nous-travaillons\/nord-est-de-lafrique\/lethiopie\/","og_locale":"fr_CA","og_type":"article","og_title":"L\u2019\u00c9thiopie","og_description":"L\u2019\u00c9thiopie, la seule nation subsaharienne ayant une culture chr\u00e9tienne remontant aux premiers temps de l\u2019\u00c9glise, doit se remettre des effets d\u2019une guerre civile qui dure depuis deux ans dans le nord du pays et composer avec une augmentation alarmante des prix de la nourriture et du carburant occasionn\u00e9e par la guerre en cours entre l\u2019Ukraine &hellip; Continued","og_site_name":"CNEWA Canada","article_publisher":"https:\/\/www.facebook.com\/cnewacanada\/","article_modified_time":"2024-06-17T14:40:05+00:00","og_image":[{"width":1800,"height":1200,"url":"https:\/\/cnewa.org\/fr\/wp-content\/uploads\/sites\/3\/2024\/04\/wiggers33640_089H.jpg","type":"image\/jpeg"}],"twitter_card":"summary_large_image","twitter_site":"@cnewac","twitter_misc":{"Estimation du temps de lecture":"4 minutes"},"schema":{"@context":"https:\/\/schema.org","@graph":[{"@type":"WebPage","@id":"https:\/\/cnewa.org\/fr\/ou-nous-travaillons\/nord-est-de-lafrique\/lethiopie\/","url":"https:\/\/cnewa.org\/fr\/ou-nous-travaillons\/nord-est-de-lafrique\/lethiopie\/","name":"L\u2019\u00c9thiopie | CNEWA Canada","isPartOf":{"@id":"https:\/\/cnewa.org\/fr\/#website"},"primaryImageOfPage":{"@id":"https:\/\/cnewa.org\/fr\/ou-nous-travaillons\/nord-est-de-lafrique\/lethiopie\/#primaryimage"},"image":{"@id":"https:\/\/cnewa.org\/fr\/ou-nous-travaillons\/nord-est-de-lafrique\/lethiopie\/#primaryimage"},"thumbnailUrl":"https:\/\/cnewa.org\/fr\/wp-content\/uploads\/sites\/3\/2024\/04\/wiggers33640_089H.jpg","datePublished":"2024-04-22T20:01:38+00:00","dateModified":"2024-06-17T14:40:05+00:00","breadcrumb":{"@id":"https:\/\/cnewa.org\/fr\/ou-nous-travaillons\/nord-est-de-lafrique\/lethiopie\/#breadcrumb"},"inLanguage":"fr-CA","potentialAction":[{"@type":"ReadAction","target":["https:\/\/cnewa.org\/fr\/ou-nous-travaillons\/nord-est-de-lafrique\/lethiopie\/"]}]},{"@type":"ImageObject","inLanguage":"fr-CA","@id":"https:\/\/cnewa.org\/fr\/ou-nous-travaillons\/nord-est-de-lafrique\/lethiopie\/#primaryimage","url":"https:\/\/cnewa.org\/fr\/wp-content\/uploads\/sites\/3\/2024\/04\/wiggers33640_089H.jpg","contentUrl":"https:\/\/cnewa.org\/fr\/wp-content\/uploads\/sites\/3\/2024\/04\/wiggers33640_089H.jpg","width":1800,"height":1200},{"@type":"BreadcrumbList","@id":"https:\/\/cnewa.org\/fr\/ou-nous-travaillons\/nord-est-de-lafrique\/lethiopie\/#breadcrumb","itemListElement":[{"@type":"ListItem","position":1,"name":"Accueil","item":"https:\/\/cnewa.org\/fr\/"},{"@type":"ListItem","position":2,"name":"O\u00f9 Nous Travaillons","item":"https:\/\/cnewa.org\/fr\/ou-nous-travaillons\/"},{"@type":"ListItem","position":3,"name":"Nord-est de l\u2019Afrique","item":"https:\/\/cnewa.org\/fr\/ou-nous-travaillons\/nord-est-de-lafrique\/"},{"@type":"ListItem","position":4,"name":"L\u2019\u00c9thiopie"}]},{"@type":"WebSite","@id":"https:\/\/cnewa.org\/fr\/#website","url":"https:\/\/cnewa.org\/fr\/","name":"CNEWA Canada","description":"Association catholique d\u2019aide \u00e0 l\u2019Orient","publisher":{"@id":"https:\/\/cnewa.org\/fr\/#organization"},"potentialAction":[{"@type":"SearchAction","target":{"@type":"EntryPoint","urlTemplate":"https:\/\/cnewa.org\/fr\/?s={search_term_string}"},"query-input":{"@type":"PropertyValueSpecification","valueRequired":true,"valueName":"search_term_string"}}],"inLanguage":"fr-CA"},{"@type":"Organization","@id":"https:\/\/cnewa.org\/fr\/#organization","name":"CNEWA Canada","alternateName":"Association catholique d\u2019aide \u00e0 l\u2019Orient","url":"https:\/\/cnewa.org\/fr\/","logo":{"@type":"ImageObject","inLanguage":"fr-CA","@id":"https:\/\/cnewa.org\/fr\/#\/schema\/logo\/image\/","url":"https:\/\/cnewa.org\/fr\/wp-content\/uploads\/sites\/3\/2019\/11\/CNEWA-brand-logo.png","contentUrl":"https:\/\/cnewa.org\/fr\/wp-content\/uploads\/sites\/3\/2019\/11\/CNEWA-brand-logo.png","width":1000,"height":1000,"caption":"CNEWA Canada"},"image":{"@id":"https:\/\/cnewa.org\/fr\/#\/schema\/logo\/image\/"},"sameAs":["https:\/\/www.facebook.com\/cnewacanada\/","https:\/\/x.com\/cnewac","https:\/\/www.instagram.com\/cnewa1926\/","https:\/\/www.youtube.com\/user\/TheCNEWA"]}]}},"_links":{"self":[{"href":"https:\/\/cnewa.org\/fr\/wp-json\/wp\/v2\/pages\/1773","targetHints":{"allow":["GET"]}}],"collection":[{"href":"https:\/\/cnewa.org\/fr\/wp-json\/wp\/v2\/pages"}],"about":[{"href":"https:\/\/cnewa.org\/fr\/wp-json\/wp\/v2\/types\/page"}],"author":[{"embeddable":true,"href":"https:\/\/cnewa.org\/fr\/wp-json\/wp\/v2\/users\/70071"}],"replies":[{"embeddable":true,"href":"https:\/\/cnewa.org\/fr\/wp-json\/wp\/v2\/comments?post=1773"}],"version-history":[{"count":4,"href":"https:\/\/cnewa.org\/fr\/wp-json\/wp\/v2\/pages\/1773\/revisions"}],"predecessor-version":[{"id":1842,"href":"https:\/\/cnewa.org\/fr\/wp-json\/wp\/v2\/pages\/1773\/revisions\/1842"}],"up":[{"embeddable":true,"href":"https:\/\/cnewa.org\/fr\/wp-json\/wp\/v2\/pages\/187"}],"wp:featuredmedia":[{"embeddable":true,"href":"https:\/\/cnewa.org\/fr\/wp-json\/wp\/v2\/media\/1774"}],"wp:attachment":[{"href":"https:\/\/cnewa.org\/fr\/wp-json\/wp\/v2\/media?parent=1773"}],"curies":[{"name":"wp","href":"https:\/\/api.w.org\/{rel}","templated":true}]}}