{"id":1783,"date":"2024-04-23T10:19:34","date_gmt":"2024-04-23T14:19:34","guid":{"rendered":"https:\/\/cnewa.org\/fr\/?page_id=1783"},"modified":"2024-06-17T10:39:20","modified_gmt":"2024-06-17T14:39:20","slug":"israel","status":"publish","type":"page","link":"https:\/\/cnewa.org\/fr\/ou-nous-travaillons\/moyen-orient\/israel\/","title":{"rendered":"Isra\u00ebl\u00a0"},"content":{"rendered":"\n<h2 class=\"wp-block-heading\" id=\"h-israel-compte-un-peu-plus-de-9-millions-de-citoyens-nbsp-7-millions-de-juifs-2-millions-d-arabes-palestiniens-et-500-000-personnes-d-autres-origines-dont-beaucoup-de-migrants-parmi-les-arabes-palestiniens-qui-vivent-en-israel-seulement-160-000-d-entre-eux-sont-chretiens-soit-moins-de-2-pour-cent-de-la-population-totale-la-plupart-des-chretiens-vivent-a-nazareth-haifa-shefa-amr-ou-jerusalem-a-jerusalem-de-nombreux-chretiens-ne-possedent-pas-la-citoyennete-israelienne-et-doivent-composer-avec-de-nombreuses-restrictions-liees-a-leur-statut-nbsp\">Isra\u00ebl compte un peu plus de 9 millions de citoyens :&nbsp; 7 millions de Juifs, 2 millions d\u2019Arabes palestiniens et 500 000 personnes d\u2019autres origines, dont beaucoup de migrants. Parmi les Arabes palestiniens qui vivent en Isra\u00ebl, seulement 160 000 d\u2019entre eux sont chr\u00e9tiens, soit moins de 2 pour cent de la population totale. La plupart des chr\u00e9tiens vivent \u00e0 Nazareth, Ha\u00effa, Shefa-\u2019Amr ou J\u00e9rusalem. \u00c0 J\u00e9rusalem, de nombreux chr\u00e9tiens ne poss\u00e8dent pas la citoyennet\u00e9 isra\u00e9lienne et doivent composer avec de nombreuses restrictions li\u00e9es \u00e0 leur statut.&nbsp;<\/h2>\n\n\n\n<p>Isra\u00ebl a connu un changement politique radical avec la r\u00e9\u00e9lection du Premier ministre Benjamin Netanyahu et des membres de sa coalition en 2022. La coalition au pouvoir comprend des partis ultra-orthodoxes, dont certains rejettent compl\u00e8tement l\u2019id\u00e9e d\u2019une solution \u00e0 deux \u00c9tats au conflit isra\u00e9lo-palestinien.&nbsp;<\/p>\n\n\n\n<p>L\u2019ann\u00e9e derni\u00e8re, le paysage politique et les \u00e9v\u00e9nements tragiques du 7 octobre, suivis de l\u2019invasion isra\u00e9lienne de Gaza, ont compl\u00e8tement ali\u00e9n\u00e9 la communaut\u00e9 arabe d\u2019Isra\u00ebl. Le nombre croissant de manifestations isra\u00e9liennes \u00e0 J\u00e9rusalem et dans tout le pays ont incit\u00e9 des extr\u00e9mistes \u00e0 perp\u00e9trer des attaques contre les Arabes et les chr\u00e9tiens, ainsi que sur leurs sites religieux. Au moins 10 mosqu\u00e9es et \u00e9glises chr\u00e9tiennes ont \u00e9t\u00e9 vandalis\u00e9es en Cisjordanie et en Isra\u00ebl. La police locale arr\u00eate rarement les auteurs de ces violences contre les membres de la communaut\u00e9 arabe ou chr\u00e9tienne.&nbsp;<\/p>\n\n\n\n<p>Environ 2,5 millions d\u2019Isra\u00e9liens, soit 26 pour cent de la population dont 1,1 million d\u2019enfants, vivent juste au-dessus du seuil de pauvret\u00e9, selon Latet, une organisation humanitaire isra\u00e9lienne. On estime que 22,1 pour cent des m\u00e9nages vivent en dessous du seuil de pauvret\u00e9 et n\u2019ont pas acc\u00e8s \u00e0 un logement, \u00e0 une \u00e9ducation et \u00e0 des soins de sant\u00e9 ad\u00e9quats, ainsi qu\u2019\u00e0 de la nourriture en quantit\u00e9 suffisante.&nbsp;<\/p>\n\n\n\n<p>Le crime organis\u00e9, la violence et les meurtres demeurent importants dans les r\u00e9gions arabes du nord, \u00e0 Lod, Ramleh et dans le N\u00e9guev. L\u2019indiff\u00e9rence du gouvernement isra\u00e9lien \u00e0 l&rsquo;\u00e9gard des communaut\u00e9s arabes, associ\u00e9e \u00e0 une crise d&rsquo;identit\u00e9 profond\u00e9ment enracin\u00e9e au sein de la population, a cr\u00e9\u00e9 des conditions favorables au crime organis\u00e9 et \u00e0 la violence. En 2022, 116 Arabes palestiniens ont \u00e9t\u00e9 tu\u00e9s dans des circonstances criminelles ou violentes. &nbsp;<\/p>\n\n\n\n<p>CNEWA est une agence papale cr\u00e9\u00e9e pour servir et accompagner l&rsquo;\u00c9glise et ceux qui sont dans le besoin en Terre Sainte. Devant la r\u00e9alit\u00e9 fort complexe qui pr\u00e9vaut de nos jours dans cette contr\u00e9e, nos programmes fournissent une importante aide pastorale et humanitaire pour soutenir l\u2019\u00c9glise et les communaut\u00e9s qu\u2019elle dessert. Nos programmes se concentrent surtout dans les villes de Ha\u00effa, Nazareth, Jaffa, Shefa-\u2019Amr et Kafr Yasif.&nbsp;<\/p>\n\n\n\n<h4 class=\"wp-block-heading\" id=\"h-accompagner-l-eglise-nbsp\">Accompagner l\u2019\u00c9glise&nbsp;<\/h4>\n\n\n\n<p>CNEWA soutient des programmes de formation destin\u00e9s aux leaders religieux et la\u00efcs, notamment aux s\u00e9minaristes de l&rsquo;\u00c9glise gr\u00e9co-catholique melkite de Galil\u00e9e. CNEWA finance \u00e9galement la construction et l&rsquo;entretien des \u00e9glises et des centres pastoraux, et aide \u00e0 munir les \u00e9coles paroissiales de syst\u00e8mes d&rsquo;\u00e9nergie solaire.&nbsp;<\/p>\n\n\n\n<p>Dans les centres paroissiaux, les cat\u00e9ch\u00e8tes jouent un r\u00f4le essentiel dans la pr\u00e9paration des jeunes la\u00efcs engag\u00e9s et capables d\u2019assurer la rel\u00e8ve. CNEWA soutient des programmes de cat\u00e9chisme pour les enfants et finance des s\u00e9ances de formation sp\u00e9ciales en leadership chr\u00e9tien et en \u00e9ducation religieuse pour les jeunes adultes. Nous participons \u00e9galement au financement d\u2019\u00e9v\u00e9nements \u00e9ducatifs et culturels qui aident la communaut\u00e9 chr\u00e9tienne \u00e0 se solidifier et \u00e0 rester fid\u00e8le \u00e0 son identit\u00e9.&nbsp;<\/p>\n\n\n\n<figure class=\"wp-block-image size-large\"><img decoding=\"async\" src=\"https:\/\/cnewa.org\/wp-content\/uploads\/2021\/05\/perlman20151_007-1024x667.jpg\" alt=\"a priest gives communion in a church in Israel.\" class=\"wp-image-112314\"\/><figcaption class=\"wp-element-caption\">Le p\u00e8re Androwas Bahus sert la communion \u00e0 l&rsquo;\u00e9glise gr\u00e9co-catholique melkite Saint-Andr\u00e9 l&rsquo;Ap\u00f4tre \u00e0 Acre, en Isra\u00ebl. (photo : Il\u00e8ne Perlman)&nbsp;<\/figcaption><\/figure>\n\n\n\n<h4 class=\"wp-block-heading\" id=\"h-repondre-a-des-besoins-humanitaires-nbsp\">R\u00e9pondre \u00e0 des besoins humanitaires :&nbsp;<\/h4>\n\n\n\n<p>CNEWA contribue au financement d\u2019h\u00f4pitaux, de cliniques m\u00e9dicales et d\u2019\u00e9tablissements scolaires g\u00e9r\u00e9s par l&rsquo;\u00c9glise. Malgr\u00e9 le petit nombre de catholiques en Isra\u00ebl, l\u2019\u00c9glise catholique g\u00e8re 28 \u00e9coles, emploie 1 619 personnes et forme 16 000 \u00e9tudiants chaque ann\u00e9e. Les quatre h\u00f4pitaux chr\u00e9tiens du pays dispensent des soins de qualit\u00e9 aux nombreuses communaut\u00e9s arabes qui n\u2019ont pas acc\u00e8s \u00e0 des services de soins publics ad\u00e9quats.&nbsp;<\/p>\n\n\n\n<p>CNEWA g\u00e8re un programme d&rsquo;\u00e9nergie verte et de collecte d&rsquo;eau de pluie qui aident \u00e0 r\u00e9duire les co\u00fbts d\u2019op\u00e9ration des divers organismes chr\u00e9tiens. CNEWA participe \u00e9galement au financement d&rsquo;installations de syst\u00e8mes hydroponiques qui servent \u00e0 la culture de l\u00e9gumes biologiques. En plus de r\u00e9duire les frais g\u00e9n\u00e9raux, ces interventions aident les chr\u00e9tiens de ce pays \u00e0 r\u00e9pondre \u00e0 l&rsquo;appel du pape Fran\u00e7ois qui nous convie \u00e0 prendre soin de la cr\u00e9ation.&nbsp;<\/p>\n\n\n\n<p>CNEWA, en partenariat avec les S\u0153urs missionnaires comboniennes de Jaffa, les Th\u00e9r\u00e9siens et les P\u00e8res passionistes de J\u00e9rusalem, a mis sur pied des programmes humanitaires pour soutenir les communaut\u00e9s catholiques migrantes, en accordant une priorit\u00e9 aux programmes de soutien aux femmes.&nbsp;<\/p>\n\n\n\n<figure class=\"wp-block-image size-large\"><img decoding=\"async\" src=\"https:\/\/cnewa.org\/wp-content\/uploads\/2023\/03\/hill20201_016H-1024x674.jpg\" alt=\"\" class=\"wp-image-123330\"\/><figcaption class=\"wp-element-caption\">Diddy Mymin Kahn, au centre, \u00e9coute Sr Aziza Kidane d&rsquo;\u00c9rythr\u00e9e, \u00e0 droite, alors qu&rsquo;elle s&rsquo;adresse aux demandeurs d&rsquo;asile du Collectif des femmes r\u00e9fugi\u00e9es africaines de Kuchinate \u00e0 Tel Aviv, en Isra\u00ebl, le 4 ao\u00fbt 2020. Sr Aziza et le Dr Kahn sont co-directeurs de Kuchinate. (photo : Debbie Hill)&nbsp;<\/figcaption><\/figure>\n\n\n  <div class=\"donate-button\" id=\"minor-fund-campaign\">\n    <button class=\"donate-modal-toggle\" data-minor-fund='Terre Sainte' data-minor-fund-code='DL'>Donner<\/button>\n  <\/div>\n  \n\n\n<p><\/p>\n","protected":false},"excerpt":{"rendered":"<p>Isra\u00ebl compte un peu plus de 9 millions de citoyens :&nbsp; 7 millions de Juifs, 2 millions d\u2019Arabes palestiniens et 500 000 personnes d\u2019autres origines, dont beaucoup de migrants. Parmi les Arabes palestiniens qui vivent en Isra\u00ebl, seulement 160 000 d\u2019entre eux sont chr\u00e9tiens, soit moins de 2 pour cent de la population totale. La &hellip; <a href=\"https:\/\/cnewa.org\/fr\/ou-nous-travaillons\/moyen-orient\/israel\/\">Continued<\/a><\/p>\n","protected":false},"author":70071,"featured_media":1786,"parent":158,"menu_order":0,"comment_status":"closed","ping_status":"closed","template":"","meta":{"_acf_changed":false,"footnotes":""},"class_list":["post-1783","page","type-page","status-publish","has-post-thumbnail","hentry"],"acf":[],"yoast_head":"<!-- This site is optimized with the Yoast SEO Premium plugin v27.2 (Yoast SEO v27.2) - https:\/\/yoast.com\/product\/yoast-seo-premium-wordpress\/ -->\n<title>Isra\u00ebl\u00a0 | CNEWA Canada<\/title>\n<meta name=\"robots\" content=\"index, follow, max-snippet:-1, max-image-preview:large, max-video-preview:-1\" \/>\n<link rel=\"canonical\" href=\"https:\/\/cnewa.org\/fr\/ou-nous-travaillons\/moyen-orient\/israel\/\" \/>\n<meta property=\"og:locale\" content=\"fr_CA\" \/>\n<meta property=\"og:type\" content=\"article\" \/>\n<meta property=\"og:title\" content=\"Isra\u00ebl\u00a0\" \/>\n<meta property=\"og:description\" content=\"Isra\u00ebl compte un peu plus de 9 millions de citoyens :&nbsp; 7 millions de Juifs, 2 millions d\u2019Arabes palestiniens et 500 000 personnes d\u2019autres origines, dont beaucoup de migrants. Parmi les Arabes palestiniens qui vivent en Isra\u00ebl, seulement 160 000 d\u2019entre eux sont chr\u00e9tiens, soit moins de 2 pour cent de la population totale. La &hellip; Continued\" \/>\n<meta property=\"og:site_name\" content=\"CNEWA Canada\" \/>\n<meta property=\"article:publisher\" content=\"https:\/\/www.facebook.com\/cnewacanada\/\" \/>\n<meta property=\"article:modified_time\" content=\"2024-06-17T14:39:20+00:00\" \/>\n<meta property=\"og:image\" content=\"https:\/\/cnewa.org\/fr\/wp-content\/uploads\/sites\/3\/2024\/04\/perlman202304_263H-1.jpg\" \/>\n\t<meta property=\"og:image:width\" content=\"1800\" \/>\n\t<meta property=\"og:image:height\" content=\"1198\" \/>\n\t<meta property=\"og:image:type\" content=\"image\/jpeg\" \/>\n<meta name=\"twitter:card\" content=\"summary_large_image\" \/>\n<meta name=\"twitter:site\" content=\"@cnewac\" \/>\n<meta name=\"twitter:label1\" content=\"Estimation du temps de lecture\" \/>\n\t<meta name=\"twitter:data1\" content=\"5 minutes\" \/>\n<script type=\"application\/ld+json\" class=\"yoast-schema-graph\">{\"@context\":\"https:\/\/schema.org\",\"@graph\":[{\"@type\":\"WebPage\",\"@id\":\"https:\/\/cnewa.org\/fr\/ou-nous-travaillons\/moyen-orient\/israel\/\",\"url\":\"https:\/\/cnewa.org\/fr\/ou-nous-travaillons\/moyen-orient\/israel\/\",\"name\":\"Isra\u00ebl\u00a0 | CNEWA Canada\",\"isPartOf\":{\"@id\":\"https:\/\/cnewa.org\/fr\/#website\"},\"primaryImageOfPage\":{\"@id\":\"https:\/\/cnewa.org\/fr\/ou-nous-travaillons\/moyen-orient\/israel\/#primaryimage\"},\"image\":{\"@id\":\"https:\/\/cnewa.org\/fr\/ou-nous-travaillons\/moyen-orient\/israel\/#primaryimage\"},\"thumbnailUrl\":\"https:\/\/cnewa.org\/fr\/wp-content\/uploads\/sites\/3\/2024\/04\/perlman202304_263H-1.jpg\",\"datePublished\":\"2024-04-23T14:19:34+00:00\",\"dateModified\":\"2024-06-17T14:39:20+00:00\",\"breadcrumb\":{\"@id\":\"https:\/\/cnewa.org\/fr\/ou-nous-travaillons\/moyen-orient\/israel\/#breadcrumb\"},\"inLanguage\":\"fr-CA\",\"potentialAction\":[{\"@type\":\"ReadAction\",\"target\":[\"https:\/\/cnewa.org\/fr\/ou-nous-travaillons\/moyen-orient\/israel\/\"]}]},{\"@type\":\"ImageObject\",\"inLanguage\":\"fr-CA\",\"@id\":\"https:\/\/cnewa.org\/fr\/ou-nous-travaillons\/moyen-orient\/israel\/#primaryimage\",\"url\":\"https:\/\/cnewa.org\/fr\/wp-content\/uploads\/sites\/3\/2024\/04\/perlman202304_263H-1.jpg\",\"contentUrl\":\"https:\/\/cnewa.org\/fr\/wp-content\/uploads\/sites\/3\/2024\/04\/perlman202304_263H-1.jpg\",\"width\":1800,\"height\":1198},{\"@type\":\"BreadcrumbList\",\"@id\":\"https:\/\/cnewa.org\/fr\/ou-nous-travaillons\/moyen-orient\/israel\/#breadcrumb\",\"itemListElement\":[{\"@type\":\"ListItem\",\"position\":1,\"name\":\"Accueil\",\"item\":\"https:\/\/cnewa.org\/fr\/\"},{\"@type\":\"ListItem\",\"position\":2,\"name\":\"O\u00f9 Nous Travaillons\",\"item\":\"https:\/\/cnewa.org\/fr\/ou-nous-travaillons\/\"},{\"@type\":\"ListItem\",\"position\":3,\"name\":\"Le Moyen-Orient\u00a0\",\"item\":\"https:\/\/cnewa.org\/fr\/ou-nous-travaillons\/moyen-orient\/\"},{\"@type\":\"ListItem\",\"position\":4,\"name\":\"Isra\u00ebl\u00a0\"}]},{\"@type\":\"WebSite\",\"@id\":\"https:\/\/cnewa.org\/fr\/#website\",\"url\":\"https:\/\/cnewa.org\/fr\/\",\"name\":\"CNEWA Canada\",\"description\":\"Association catholique d\u2019aide \u00e0 l\u2019Orient\",\"publisher\":{\"@id\":\"https:\/\/cnewa.org\/fr\/#organization\"},\"potentialAction\":[{\"@type\":\"SearchAction\",\"target\":{\"@type\":\"EntryPoint\",\"urlTemplate\":\"https:\/\/cnewa.org\/fr\/?s={search_term_string}\"},\"query-input\":{\"@type\":\"PropertyValueSpecification\",\"valueRequired\":true,\"valueName\":\"search_term_string\"}}],\"inLanguage\":\"fr-CA\"},{\"@type\":\"Organization\",\"@id\":\"https:\/\/cnewa.org\/fr\/#organization\",\"name\":\"CNEWA Canada\",\"alternateName\":\"Association catholique d\u2019aide \u00e0 l\u2019Orient\",\"url\":\"https:\/\/cnewa.org\/fr\/\",\"logo\":{\"@type\":\"ImageObject\",\"inLanguage\":\"fr-CA\",\"@id\":\"https:\/\/cnewa.org\/fr\/#\/schema\/logo\/image\/\",\"url\":\"https:\/\/cnewa.org\/fr\/wp-content\/uploads\/sites\/3\/2019\/11\/CNEWA-brand-logo.png\",\"contentUrl\":\"https:\/\/cnewa.org\/fr\/wp-content\/uploads\/sites\/3\/2019\/11\/CNEWA-brand-logo.png\",\"width\":1000,\"height\":1000,\"caption\":\"CNEWA Canada\"},\"image\":{\"@id\":\"https:\/\/cnewa.org\/fr\/#\/schema\/logo\/image\/\"},\"sameAs\":[\"https:\/\/www.facebook.com\/cnewacanada\/\",\"https:\/\/x.com\/cnewac\",\"https:\/\/www.instagram.com\/cnewa1926\/\",\"https:\/\/www.youtube.com\/user\/TheCNEWA\"]}]}<\/script>\n<!-- \/ Yoast SEO Premium plugin. -->","yoast_head_json":{"title":"Isra\u00ebl\u00a0 | CNEWA Canada","robots":{"index":"index","follow":"follow","max-snippet":"max-snippet:-1","max-image-preview":"max-image-preview:large","max-video-preview":"max-video-preview:-1"},"canonical":"https:\/\/cnewa.org\/fr\/ou-nous-travaillons\/moyen-orient\/israel\/","og_locale":"fr_CA","og_type":"article","og_title":"Isra\u00ebl\u00a0","og_description":"Isra\u00ebl compte un peu plus de 9 millions de citoyens :&nbsp; 7 millions de Juifs, 2 millions d\u2019Arabes palestiniens et 500 000 personnes d\u2019autres origines, dont beaucoup de migrants. Parmi les Arabes palestiniens qui vivent en Isra\u00ebl, seulement 160 000 d\u2019entre eux sont chr\u00e9tiens, soit moins de 2 pour cent de la population totale. La &hellip; Continued","og_site_name":"CNEWA Canada","article_publisher":"https:\/\/www.facebook.com\/cnewacanada\/","article_modified_time":"2024-06-17T14:39:20+00:00","og_image":[{"width":1800,"height":1198,"url":"https:\/\/cnewa.org\/fr\/wp-content\/uploads\/sites\/3\/2024\/04\/perlman202304_263H-1.jpg","type":"image\/jpeg"}],"twitter_card":"summary_large_image","twitter_site":"@cnewac","twitter_misc":{"Estimation du temps de lecture":"5 minutes"},"schema":{"@context":"https:\/\/schema.org","@graph":[{"@type":"WebPage","@id":"https:\/\/cnewa.org\/fr\/ou-nous-travaillons\/moyen-orient\/israel\/","url":"https:\/\/cnewa.org\/fr\/ou-nous-travaillons\/moyen-orient\/israel\/","name":"Isra\u00ebl\u00a0 | CNEWA Canada","isPartOf":{"@id":"https:\/\/cnewa.org\/fr\/#website"},"primaryImageOfPage":{"@id":"https:\/\/cnewa.org\/fr\/ou-nous-travaillons\/moyen-orient\/israel\/#primaryimage"},"image":{"@id":"https:\/\/cnewa.org\/fr\/ou-nous-travaillons\/moyen-orient\/israel\/#primaryimage"},"thumbnailUrl":"https:\/\/cnewa.org\/fr\/wp-content\/uploads\/sites\/3\/2024\/04\/perlman202304_263H-1.jpg","datePublished":"2024-04-23T14:19:34+00:00","dateModified":"2024-06-17T14:39:20+00:00","breadcrumb":{"@id":"https:\/\/cnewa.org\/fr\/ou-nous-travaillons\/moyen-orient\/israel\/#breadcrumb"},"inLanguage":"fr-CA","potentialAction":[{"@type":"ReadAction","target":["https:\/\/cnewa.org\/fr\/ou-nous-travaillons\/moyen-orient\/israel\/"]}]},{"@type":"ImageObject","inLanguage":"fr-CA","@id":"https:\/\/cnewa.org\/fr\/ou-nous-travaillons\/moyen-orient\/israel\/#primaryimage","url":"https:\/\/cnewa.org\/fr\/wp-content\/uploads\/sites\/3\/2024\/04\/perlman202304_263H-1.jpg","contentUrl":"https:\/\/cnewa.org\/fr\/wp-content\/uploads\/sites\/3\/2024\/04\/perlman202304_263H-1.jpg","width":1800,"height":1198},{"@type":"BreadcrumbList","@id":"https:\/\/cnewa.org\/fr\/ou-nous-travaillons\/moyen-orient\/israel\/#breadcrumb","itemListElement":[{"@type":"ListItem","position":1,"name":"Accueil","item":"https:\/\/cnewa.org\/fr\/"},{"@type":"ListItem","position":2,"name":"O\u00f9 Nous Travaillons","item":"https:\/\/cnewa.org\/fr\/ou-nous-travaillons\/"},{"@type":"ListItem","position":3,"name":"Le Moyen-Orient\u00a0","item":"https:\/\/cnewa.org\/fr\/ou-nous-travaillons\/moyen-orient\/"},{"@type":"ListItem","position":4,"name":"Isra\u00ebl\u00a0"}]},{"@type":"WebSite","@id":"https:\/\/cnewa.org\/fr\/#website","url":"https:\/\/cnewa.org\/fr\/","name":"CNEWA Canada","description":"Association catholique d\u2019aide \u00e0 l\u2019Orient","publisher":{"@id":"https:\/\/cnewa.org\/fr\/#organization"},"potentialAction":[{"@type":"SearchAction","target":{"@type":"EntryPoint","urlTemplate":"https:\/\/cnewa.org\/fr\/?s={search_term_string}"},"query-input":{"@type":"PropertyValueSpecification","valueRequired":true,"valueName":"search_term_string"}}],"inLanguage":"fr-CA"},{"@type":"Organization","@id":"https:\/\/cnewa.org\/fr\/#organization","name":"CNEWA Canada","alternateName":"Association catholique d\u2019aide \u00e0 l\u2019Orient","url":"https:\/\/cnewa.org\/fr\/","logo":{"@type":"ImageObject","inLanguage":"fr-CA","@id":"https:\/\/cnewa.org\/fr\/#\/schema\/logo\/image\/","url":"https:\/\/cnewa.org\/fr\/wp-content\/uploads\/sites\/3\/2019\/11\/CNEWA-brand-logo.png","contentUrl":"https:\/\/cnewa.org\/fr\/wp-content\/uploads\/sites\/3\/2019\/11\/CNEWA-brand-logo.png","width":1000,"height":1000,"caption":"CNEWA Canada"},"image":{"@id":"https:\/\/cnewa.org\/fr\/#\/schema\/logo\/image\/"},"sameAs":["https:\/\/www.facebook.com\/cnewacanada\/","https:\/\/x.com\/cnewac","https:\/\/www.instagram.com\/cnewa1926\/","https:\/\/www.youtube.com\/user\/TheCNEWA"]}]}},"_links":{"self":[{"href":"https:\/\/cnewa.org\/fr\/wp-json\/wp\/v2\/pages\/1783","targetHints":{"allow":["GET"]}}],"collection":[{"href":"https:\/\/cnewa.org\/fr\/wp-json\/wp\/v2\/pages"}],"about":[{"href":"https:\/\/cnewa.org\/fr\/wp-json\/wp\/v2\/types\/page"}],"author":[{"embeddable":true,"href":"https:\/\/cnewa.org\/fr\/wp-json\/wp\/v2\/users\/70071"}],"replies":[{"embeddable":true,"href":"https:\/\/cnewa.org\/fr\/wp-json\/wp\/v2\/comments?post=1783"}],"version-history":[{"count":4,"href":"https:\/\/cnewa.org\/fr\/wp-json\/wp\/v2\/pages\/1783\/revisions"}],"predecessor-version":[{"id":1840,"href":"https:\/\/cnewa.org\/fr\/wp-json\/wp\/v2\/pages\/1783\/revisions\/1840"}],"up":[{"embeddable":true,"href":"https:\/\/cnewa.org\/fr\/wp-json\/wp\/v2\/pages\/158"}],"wp:featuredmedia":[{"embeddable":true,"href":"https:\/\/cnewa.org\/fr\/wp-json\/wp\/v2\/media\/1786"}],"wp:attachment":[{"href":"https:\/\/cnewa.org\/fr\/wp-json\/wp\/v2\/media?parent=1783"}],"curies":[{"name":"wp","href":"https:\/\/api.w.org\/{rel}","templated":true}]}}