{"id":1787,"date":"2024-04-23T14:09:04","date_gmt":"2024-04-23T18:09:04","guid":{"rendered":"https:\/\/cnewa.org\/fr\/?page_id=1787"},"modified":"2024-06-17T10:38:49","modified_gmt":"2024-06-17T14:38:49","slug":"le-liban","status":"publish","type":"page","link":"https:\/\/cnewa.org\/fr\/ou-nous-travaillons\/moyen-orient\/le-liban\/","title":{"rendered":"Le Liban\u00a0"},"content":{"rendered":"\n<h2 class=\"wp-block-heading\" id=\"h-le-liban-ce-magnifique-pays-mediterraneen-niche-entre-la-syrie-et-israel-et-l-un-des-plus-anciens-berceaux-du-christianisme-est-confronte-a-une-tres-serieuse-crise-economique-nbsp-lebanon-the-beautiful-mediterranean-country-nestled-between-syria-and-israel-and-one-of-the-oldest-and-most-vital-cradles-of-christianity-is-facing-an-unbearable-economic-crisis\">Le Liban, ce magnifique pays m\u00e9diterran\u00e9en nich\u00e9 entre la Syrie et Isra\u00ebl, et l\u2019un des plus anciens berceaux du christianisme, est confront\u00e9 \u00e0 une tr\u00e8s s\u00e9rieuse crise \u00e9conomique.&nbsp;Lebanon, the beautiful Mediterranean country nestled between Syria and Israel, and one of the oldest and most vital cradles of Christianity, is facing an unbearable economic crisis.<\/h2>\n\n\n\n<p>Plus de 80 pour cent de la population vit dans la pauvret\u00e9 et le taux de ch\u00f4mage est pass\u00e9 de 11 \u00e0 30 pour cent au cours des quatre derni\u00e8res ann\u00e9es. Les services publics de base, comme l&rsquo;approvisionnement en \u00e9lectricit\u00e9, les programmes sociaux, l\u2019acc\u00e8s \u00e0 l&rsquo;\u00e9ducation et aux soins de sant\u00e9, ont \u00e9t\u00e9 consid\u00e9rablement r\u00e9duits, affectant la vie des plus vuln\u00e9rables et obligeant les professionnels instruits et qualifi\u00e9s, dont beaucoup sont chr\u00e9tiens, \u00e0 quitter le pays \u00e0 la recherche d&rsquo;un meilleur emploi et d\u2019une meilleure vie ailleurs.&nbsp;<\/p>\n\n\n\n<p>Tout au long de son histoire, les nombreuses communaut\u00e9s chr\u00e9tiennes du Liban ont servi de refuge pour les personnes vuln\u00e9rables, les personnes marginalis\u00e9es et les pauvres qui se pr\u00e9sentaient \u00e0 eux. Malheureusement, en ces temps tr\u00e8s difficiles, ces communaut\u00e9s chr\u00e9tiennes sont elles-m\u00eames dans le besoin, et cela d\u2019autant plus que la demande pour leurs services humanitaires augmente.&nbsp;<\/p>\n\n\n\n<p>CNEWA collabore avec l&rsquo;\u00c9glise du Liban depuis longtemps et continuera de le faire afin de r\u00e9pondre aux \u00e9normes besoins de la population. CNEWA travaille avec une large coalition de partenaires sur le terrain et finance des programmes essentiels aux Libanais les plus vuln\u00e9rables de toutes origines culturelles et religieuses.&nbsp;<\/p>\n\n\n\n<h4 class=\"wp-block-heading\" id=\"h-accompagner-l-eglise-nbsp\"><strong>Accompagner l\u2019\u00c9glise&nbsp;<\/strong><\/h4>\n\n\n\n<p>CNEWA contribue \u00e0 la formation de pr\u00e8s de 120 s\u00e9minaristes dans les sept s\u00e9minaires du Liban et finance des programmes de formation de leaders la\u00efcs pour les communaut\u00e9s chr\u00e9tiennes de demain. &nbsp;<\/p>\n\n\n\n<figure class=\"wp-block-image alignleft size-large\"><img decoding=\"async\" src=\"https:\/\/cnewa.org\/wp-content\/uploads\/2023\/08\/hadi20153_071H-1-1024x683.jpg\" alt=\"\" class=\"wp-image-125664\"\/><figcaption class=\"wp-element-caption\">Des r\u00e9fugi\u00e9s assyriens irakiens \u00e0 l\u2019\u00e9coute du sermon du dimanche dans l&rsquo;\u00e9glise Mar Elias \u00e0 Beyrouth, au Liban. (photo : Tamara Abdul Hadi)&nbsp;<\/figcaption><\/figure>\n\n\n\n<h4 class=\"wp-block-heading\" id=\"h-repondre-a-des-besoins-humanitaires-nbsp\"><strong>R\u00e9pondre \u00e0 des besoins humanitaires :&nbsp;<\/strong><\/h4>\n\n\n\n<p>En collaboration avec l&rsquo;\u00c9glise locale et ses autres partenaires eccl\u00e9siaux, CNEWA cherche \u00e0 r\u00e9pondre aux besoins des personnes au moyen de divers programmes et services :&nbsp; garderies pour les jeunes enfants, aide \u00e0 payer les frais de scolarit\u00e9; du soutien acad\u00e9mique et technique aux enseignants et autre personnel scolaire ; des programmes de soins de sant\u00e9, surtout pour r\u00e9pondre aux besoins des personnes les plus vuln\u00e9rables ; soins aux personnes marginalis\u00e9es et aux r\u00e9fugi\u00e9s surtout gr\u00e2ce \u00e0 des programmes \u00e9ducatifs, et \u00e0 des services psychosociaux et de sant\u00e9 mentale. &nbsp;<\/p>\n\n\n\n<figure class=\"wp-block-image size-large\"><img decoding=\"async\" src=\"https:\/\/cnewa.org\/wp-content\/uploads\/2023\/08\/kozar20151_038H-1024x683.jpg\" alt=\"\" class=\"wp-image-125666\"\/><figcaption class=\"wp-element-caption\">(photo: John E. Kozar\/CNEWA)<\/figcaption><\/figure>\n\n\n\n<h4 class=\"wp-block-heading\" id=\"h-repondre-a-des-besoins-urgents-nbsp\"><strong>R\u00e9pondre \u00e0 des besoins urgents :&nbsp;<\/strong><\/h4>\n\n\n\n<p>CNEWA lutte contre la faim, aide \u00e0 soutenir la vie et \u00e0 soulager les souffrances de plusieurs milliers de familles gr\u00e2ce \u00e0 la distribution de paniers alimentaires et autres articles de premi\u00e8re n\u00e9cessit\u00e9, tels que des couches pour b\u00e9b\u00e9s, des marchettes pour les personnes \u00e2g\u00e9es, des bassins pour les personnes alit\u00e9es et autres articles n\u00e9cessaires aux personnes ayant des besoins sp\u00e9ciaux.&nbsp; En raison de la d\u00e9t\u00e9rioration de la situation \u00e9conomique du pays, nous pr\u00e9voyons une augmentation des demandes pour ce programme de secours tant et aussi longtemps que le nombre de personnes qui tombent dans la pauvret\u00e9 ira s\u2019accroissant.&nbsp;<\/p>\n\n\n\n<figure class=\"wp-block-image size-large\"><img decoding=\"async\" src=\"https:\/\/cnewa.org\/wp-content\/uploads\/2023\/08\/skaff202202_035H-1024x683.jpg\" alt=\"\" class=\"wp-image-125665\"\/><figcaption class=\"wp-element-caption\">Rita Mallat, la directrice de RAM, apporte une bo\u00eete de nourriture \u00e0 Randa Krayem, qui ne peut se d\u00e9placer qu\u2019\u00e0 l\u2019aide d\u2019un fauteuil roulant et qui ne peut se trouver du travail depuis le d\u00e9but de la crise \u00e9conomique au Liban. (photo : Raghida Skaff)&nbsp;<\/figcaption><\/figure>\n\n\n  <div class=\"donate-button\" id=\"minor-fund-campaign\">\n    <button class=\"donate-modal-toggle\" data-minor-fund='Liban' data-minor-fund-code='DN'>Donner<\/button>\n  <\/div>\n  ","protected":false},"excerpt":{"rendered":"<p>Le Liban, ce magnifique pays m\u00e9diterran\u00e9en nich\u00e9 entre la Syrie et Isra\u00ebl, et l\u2019un des plus anciens berceaux du christianisme, est confront\u00e9 \u00e0 une tr\u00e8s s\u00e9rieuse crise \u00e9conomique.&nbsp;Lebanon, the beautiful Mediterranean country nestled between Syria and Israel, and one of the oldest and most vital cradles of Christianity, is facing an unbearable economic crisis. Plus &hellip; <a href=\"https:\/\/cnewa.org\/fr\/ou-nous-travaillons\/moyen-orient\/le-liban\/\">Continued<\/a><\/p>\n","protected":false},"author":70071,"featured_media":1789,"parent":158,"menu_order":0,"comment_status":"closed","ping_status":"closed","template":"","meta":{"_acf_changed":false,"footnotes":""},"class_list":["post-1787","page","type-page","status-publish","has-post-thumbnail","hentry"],"acf":[],"yoast_head":"<!-- This site is optimized with the Yoast SEO Premium plugin v27.2 (Yoast SEO v27.2) - https:\/\/yoast.com\/product\/yoast-seo-premium-wordpress\/ -->\n<title>Le Liban\u00a0 | CNEWA Canada<\/title>\n<meta name=\"robots\" content=\"index, follow, max-snippet:-1, max-image-preview:large, max-video-preview:-1\" \/>\n<link rel=\"canonical\" href=\"https:\/\/cnewa.org\/fr\/ou-nous-travaillons\/moyen-orient\/le-liban\/\" \/>\n<meta property=\"og:locale\" content=\"fr_CA\" \/>\n<meta property=\"og:type\" content=\"article\" \/>\n<meta property=\"og:title\" content=\"Le Liban\u00a0\" \/>\n<meta property=\"og:description\" content=\"Le Liban, ce magnifique pays m\u00e9diterran\u00e9en nich\u00e9 entre la Syrie et Isra\u00ebl, et l\u2019un des plus anciens berceaux du christianisme, est confront\u00e9 \u00e0 une tr\u00e8s s\u00e9rieuse crise \u00e9conomique.&nbsp;Lebanon, the beautiful Mediterranean country nestled between Syria and Israel, and one of the oldest and most vital cradles of Christianity, is facing an unbearable economic crisis. Plus &hellip; Continued\" \/>\n<meta property=\"og:site_name\" content=\"CNEWA Canada\" \/>\n<meta property=\"article:publisher\" content=\"https:\/\/www.facebook.com\/cnewacanada\/\" \/>\n<meta property=\"article:modified_time\" content=\"2024-06-17T14:38:49+00:00\" \/>\n<meta property=\"og:image\" content=\"https:\/\/cnewa.org\/fr\/wp-content\/uploads\/sites\/3\/2024\/04\/hadi20163_044H.jpg\" \/>\n\t<meta property=\"og:image:width\" content=\"1800\" \/>\n\t<meta property=\"og:image:height\" content=\"1200\" \/>\n\t<meta property=\"og:image:type\" content=\"image\/jpeg\" \/>\n<meta name=\"twitter:card\" content=\"summary_large_image\" \/>\n<meta name=\"twitter:site\" content=\"@cnewac\" \/>\n<meta name=\"twitter:label1\" content=\"Estimation du temps de lecture\" \/>\n\t<meta name=\"twitter:data1\" content=\"4 minutes\" \/>\n<script type=\"application\/ld+json\" class=\"yoast-schema-graph\">{\"@context\":\"https:\/\/schema.org\",\"@graph\":[{\"@type\":\"WebPage\",\"@id\":\"https:\/\/cnewa.org\/fr\/ou-nous-travaillons\/moyen-orient\/le-liban\/\",\"url\":\"https:\/\/cnewa.org\/fr\/ou-nous-travaillons\/moyen-orient\/le-liban\/\",\"name\":\"Le Liban\u00a0 | CNEWA Canada\",\"isPartOf\":{\"@id\":\"https:\/\/cnewa.org\/fr\/#website\"},\"primaryImageOfPage\":{\"@id\":\"https:\/\/cnewa.org\/fr\/ou-nous-travaillons\/moyen-orient\/le-liban\/#primaryimage\"},\"image\":{\"@id\":\"https:\/\/cnewa.org\/fr\/ou-nous-travaillons\/moyen-orient\/le-liban\/#primaryimage\"},\"thumbnailUrl\":\"https:\/\/cnewa.org\/fr\/wp-content\/uploads\/sites\/3\/2024\/04\/hadi20163_044H.jpg\",\"datePublished\":\"2024-04-23T18:09:04+00:00\",\"dateModified\":\"2024-06-17T14:38:49+00:00\",\"breadcrumb\":{\"@id\":\"https:\/\/cnewa.org\/fr\/ou-nous-travaillons\/moyen-orient\/le-liban\/#breadcrumb\"},\"inLanguage\":\"fr-CA\",\"potentialAction\":[{\"@type\":\"ReadAction\",\"target\":[\"https:\/\/cnewa.org\/fr\/ou-nous-travaillons\/moyen-orient\/le-liban\/\"]}]},{\"@type\":\"ImageObject\",\"inLanguage\":\"fr-CA\",\"@id\":\"https:\/\/cnewa.org\/fr\/ou-nous-travaillons\/moyen-orient\/le-liban\/#primaryimage\",\"url\":\"https:\/\/cnewa.org\/fr\/wp-content\/uploads\/sites\/3\/2024\/04\/hadi20163_044H.jpg\",\"contentUrl\":\"https:\/\/cnewa.org\/fr\/wp-content\/uploads\/sites\/3\/2024\/04\/hadi20163_044H.jpg\",\"width\":1800,\"height\":1200,\"caption\":\"Students during class at the Orthodox School in Marjeyoun, Lebanon. Photo by: Tamara Abdul Hadi\"},{\"@type\":\"BreadcrumbList\",\"@id\":\"https:\/\/cnewa.org\/fr\/ou-nous-travaillons\/moyen-orient\/le-liban\/#breadcrumb\",\"itemListElement\":[{\"@type\":\"ListItem\",\"position\":1,\"name\":\"Accueil\",\"item\":\"https:\/\/cnewa.org\/fr\/\"},{\"@type\":\"ListItem\",\"position\":2,\"name\":\"O\u00f9 Nous Travaillons\",\"item\":\"https:\/\/cnewa.org\/fr\/ou-nous-travaillons\/\"},{\"@type\":\"ListItem\",\"position\":3,\"name\":\"Le Moyen-Orient\u00a0\",\"item\":\"https:\/\/cnewa.org\/fr\/ou-nous-travaillons\/moyen-orient\/\"},{\"@type\":\"ListItem\",\"position\":4,\"name\":\"Le Liban\u00a0\"}]},{\"@type\":\"WebSite\",\"@id\":\"https:\/\/cnewa.org\/fr\/#website\",\"url\":\"https:\/\/cnewa.org\/fr\/\",\"name\":\"CNEWA Canada\",\"description\":\"Association catholique d\u2019aide \u00e0 l\u2019Orient\",\"publisher\":{\"@id\":\"https:\/\/cnewa.org\/fr\/#organization\"},\"potentialAction\":[{\"@type\":\"SearchAction\",\"target\":{\"@type\":\"EntryPoint\",\"urlTemplate\":\"https:\/\/cnewa.org\/fr\/?s={search_term_string}\"},\"query-input\":{\"@type\":\"PropertyValueSpecification\",\"valueRequired\":true,\"valueName\":\"search_term_string\"}}],\"inLanguage\":\"fr-CA\"},{\"@type\":\"Organization\",\"@id\":\"https:\/\/cnewa.org\/fr\/#organization\",\"name\":\"CNEWA Canada\",\"alternateName\":\"Association catholique d\u2019aide \u00e0 l\u2019Orient\",\"url\":\"https:\/\/cnewa.org\/fr\/\",\"logo\":{\"@type\":\"ImageObject\",\"inLanguage\":\"fr-CA\",\"@id\":\"https:\/\/cnewa.org\/fr\/#\/schema\/logo\/image\/\",\"url\":\"https:\/\/cnewa.org\/fr\/wp-content\/uploads\/sites\/3\/2019\/11\/CNEWA-brand-logo.png\",\"contentUrl\":\"https:\/\/cnewa.org\/fr\/wp-content\/uploads\/sites\/3\/2019\/11\/CNEWA-brand-logo.png\",\"width\":1000,\"height\":1000,\"caption\":\"CNEWA Canada\"},\"image\":{\"@id\":\"https:\/\/cnewa.org\/fr\/#\/schema\/logo\/image\/\"},\"sameAs\":[\"https:\/\/www.facebook.com\/cnewacanada\/\",\"https:\/\/x.com\/cnewac\",\"https:\/\/www.instagram.com\/cnewa1926\/\",\"https:\/\/www.youtube.com\/user\/TheCNEWA\"]}]}<\/script>\n<!-- \/ Yoast SEO Premium plugin. -->","yoast_head_json":{"title":"Le Liban\u00a0 | CNEWA Canada","robots":{"index":"index","follow":"follow","max-snippet":"max-snippet:-1","max-image-preview":"max-image-preview:large","max-video-preview":"max-video-preview:-1"},"canonical":"https:\/\/cnewa.org\/fr\/ou-nous-travaillons\/moyen-orient\/le-liban\/","og_locale":"fr_CA","og_type":"article","og_title":"Le Liban\u00a0","og_description":"Le Liban, ce magnifique pays m\u00e9diterran\u00e9en nich\u00e9 entre la Syrie et Isra\u00ebl, et l\u2019un des plus anciens berceaux du christianisme, est confront\u00e9 \u00e0 une tr\u00e8s s\u00e9rieuse crise \u00e9conomique.&nbsp;Lebanon, the beautiful Mediterranean country nestled between Syria and Israel, and one of the oldest and most vital cradles of Christianity, is facing an unbearable economic crisis. Plus &hellip; Continued","og_site_name":"CNEWA Canada","article_publisher":"https:\/\/www.facebook.com\/cnewacanada\/","article_modified_time":"2024-06-17T14:38:49+00:00","og_image":[{"width":1800,"height":1200,"url":"https:\/\/cnewa.org\/fr\/wp-content\/uploads\/sites\/3\/2024\/04\/hadi20163_044H.jpg","type":"image\/jpeg"}],"twitter_card":"summary_large_image","twitter_site":"@cnewac","twitter_misc":{"Estimation du temps de lecture":"4 minutes"},"schema":{"@context":"https:\/\/schema.org","@graph":[{"@type":"WebPage","@id":"https:\/\/cnewa.org\/fr\/ou-nous-travaillons\/moyen-orient\/le-liban\/","url":"https:\/\/cnewa.org\/fr\/ou-nous-travaillons\/moyen-orient\/le-liban\/","name":"Le Liban\u00a0 | CNEWA Canada","isPartOf":{"@id":"https:\/\/cnewa.org\/fr\/#website"},"primaryImageOfPage":{"@id":"https:\/\/cnewa.org\/fr\/ou-nous-travaillons\/moyen-orient\/le-liban\/#primaryimage"},"image":{"@id":"https:\/\/cnewa.org\/fr\/ou-nous-travaillons\/moyen-orient\/le-liban\/#primaryimage"},"thumbnailUrl":"https:\/\/cnewa.org\/fr\/wp-content\/uploads\/sites\/3\/2024\/04\/hadi20163_044H.jpg","datePublished":"2024-04-23T18:09:04+00:00","dateModified":"2024-06-17T14:38:49+00:00","breadcrumb":{"@id":"https:\/\/cnewa.org\/fr\/ou-nous-travaillons\/moyen-orient\/le-liban\/#breadcrumb"},"inLanguage":"fr-CA","potentialAction":[{"@type":"ReadAction","target":["https:\/\/cnewa.org\/fr\/ou-nous-travaillons\/moyen-orient\/le-liban\/"]}]},{"@type":"ImageObject","inLanguage":"fr-CA","@id":"https:\/\/cnewa.org\/fr\/ou-nous-travaillons\/moyen-orient\/le-liban\/#primaryimage","url":"https:\/\/cnewa.org\/fr\/wp-content\/uploads\/sites\/3\/2024\/04\/hadi20163_044H.jpg","contentUrl":"https:\/\/cnewa.org\/fr\/wp-content\/uploads\/sites\/3\/2024\/04\/hadi20163_044H.jpg","width":1800,"height":1200,"caption":"Students during class at the Orthodox School in Marjeyoun, Lebanon. Photo by: Tamara Abdul Hadi"},{"@type":"BreadcrumbList","@id":"https:\/\/cnewa.org\/fr\/ou-nous-travaillons\/moyen-orient\/le-liban\/#breadcrumb","itemListElement":[{"@type":"ListItem","position":1,"name":"Accueil","item":"https:\/\/cnewa.org\/fr\/"},{"@type":"ListItem","position":2,"name":"O\u00f9 Nous Travaillons","item":"https:\/\/cnewa.org\/fr\/ou-nous-travaillons\/"},{"@type":"ListItem","position":3,"name":"Le Moyen-Orient\u00a0","item":"https:\/\/cnewa.org\/fr\/ou-nous-travaillons\/moyen-orient\/"},{"@type":"ListItem","position":4,"name":"Le Liban\u00a0"}]},{"@type":"WebSite","@id":"https:\/\/cnewa.org\/fr\/#website","url":"https:\/\/cnewa.org\/fr\/","name":"CNEWA Canada","description":"Association catholique d\u2019aide \u00e0 l\u2019Orient","publisher":{"@id":"https:\/\/cnewa.org\/fr\/#organization"},"potentialAction":[{"@type":"SearchAction","target":{"@type":"EntryPoint","urlTemplate":"https:\/\/cnewa.org\/fr\/?s={search_term_string}"},"query-input":{"@type":"PropertyValueSpecification","valueRequired":true,"valueName":"search_term_string"}}],"inLanguage":"fr-CA"},{"@type":"Organization","@id":"https:\/\/cnewa.org\/fr\/#organization","name":"CNEWA Canada","alternateName":"Association catholique d\u2019aide \u00e0 l\u2019Orient","url":"https:\/\/cnewa.org\/fr\/","logo":{"@type":"ImageObject","inLanguage":"fr-CA","@id":"https:\/\/cnewa.org\/fr\/#\/schema\/logo\/image\/","url":"https:\/\/cnewa.org\/fr\/wp-content\/uploads\/sites\/3\/2019\/11\/CNEWA-brand-logo.png","contentUrl":"https:\/\/cnewa.org\/fr\/wp-content\/uploads\/sites\/3\/2019\/11\/CNEWA-brand-logo.png","width":1000,"height":1000,"caption":"CNEWA Canada"},"image":{"@id":"https:\/\/cnewa.org\/fr\/#\/schema\/logo\/image\/"},"sameAs":["https:\/\/www.facebook.com\/cnewacanada\/","https:\/\/x.com\/cnewac","https:\/\/www.instagram.com\/cnewa1926\/","https:\/\/www.youtube.com\/user\/TheCNEWA"]}]}},"_links":{"self":[{"href":"https:\/\/cnewa.org\/fr\/wp-json\/wp\/v2\/pages\/1787","targetHints":{"allow":["GET"]}}],"collection":[{"href":"https:\/\/cnewa.org\/fr\/wp-json\/wp\/v2\/pages"}],"about":[{"href":"https:\/\/cnewa.org\/fr\/wp-json\/wp\/v2\/types\/page"}],"author":[{"embeddable":true,"href":"https:\/\/cnewa.org\/fr\/wp-json\/wp\/v2\/users\/70071"}],"replies":[{"embeddable":true,"href":"https:\/\/cnewa.org\/fr\/wp-json\/wp\/v2\/comments?post=1787"}],"version-history":[{"count":4,"href":"https:\/\/cnewa.org\/fr\/wp-json\/wp\/v2\/pages\/1787\/revisions"}],"predecessor-version":[{"id":1839,"href":"https:\/\/cnewa.org\/fr\/wp-json\/wp\/v2\/pages\/1787\/revisions\/1839"}],"up":[{"embeddable":true,"href":"https:\/\/cnewa.org\/fr\/wp-json\/wp\/v2\/pages\/158"}],"wp:featuredmedia":[{"embeddable":true,"href":"https:\/\/cnewa.org\/fr\/wp-json\/wp\/v2\/media\/1789"}],"wp:attachment":[{"href":"https:\/\/cnewa.org\/fr\/wp-json\/wp\/v2\/media?parent=1787"}],"curies":[{"name":"wp","href":"https:\/\/api.w.org\/{rel}","templated":true}]}}