{"id":1790,"date":"2024-04-23T14:33:27","date_gmt":"2024-04-23T18:33:27","guid":{"rendered":"https:\/\/cnewa.org\/fr\/?page_id=1790"},"modified":"2025-05-21T11:40:50","modified_gmt":"2025-05-21T15:40:50","slug":"la-palestine","status":"publish","type":"page","link":"https:\/\/cnewa.org\/fr\/ou-nous-travaillons\/moyen-orient\/la-palestine\/","title":{"rendered":"La Palestine\u00a0"},"content":{"rendered":"\n<h2 class=\"wp-block-heading\" id=\"h-cnewa-est-present-dans-les-territoires-palestiniens-depuis-la-fondation-de-la-mission-pontificale-pour-la-palestine-par-le-pape-pie-xii-en-1949-nbsp\">CNEWA est pr\u00e9sent dans les territoires palestiniens depuis la fondation de la Mission pontificale pour la Palestine par le pape Pie XII en 1949.&nbsp;<\/h2>\n\n\n\n<p>Les territoires palestiniens &#8211; la bande de Gaza, la Cisjordanie et J\u00e9rusalem-Est &#8211; sont repr\u00e9sent\u00e9s officiellement par l&rsquo;Organisation de lib\u00e9ration de la Palestine et sont sous occupation isra\u00e9lienne depuis 1967.&nbsp;<\/p>\n\n\n\n<p>La bande de Gaza est dirig\u00e9e par le groupe islamique militant Hamas depuis 2007. La Cisjordanie, divis\u00e9e en 165 enclaves palestiniennes, est sous l&rsquo;administration partielle de l&rsquo;Autorit\u00e9 palestinienne. La majorit\u00e9 de la Cisjordanie, y compris 200 colonies isra\u00e9liennes, est sous contr\u00f4le isra\u00e9lien.&nbsp;<\/p>\n\n\n\n<p>Les organisations chr\u00e9tiennes pr\u00e9sentes dans ces territoires ne re\u00e7oivent pas de financement gouvernemental et connaissent de graves difficult\u00e9s financi\u00e8res. Ils d\u00e9pendent fortement des donateurs internationaux pour entretenir leurs installations et les \u00e9quipements, financer les programmes et couvrir leurs co\u00fbts de fonctionnement.&nbsp;<\/p>\n\n\n\n<p>La population chr\u00e9tienne continue de diminuer. Par exemple, il ne reste qu\u2019environ 9 000 chr\u00e9tiens \u00e0 J\u00e9rusalem, soit un peu plus de 1 % de la population de la ville, contre un quart de la population il y a un si\u00e8cle.&nbsp;<\/p>\n\n\n\n<p>Aujourd\u2019hui, les besoins du peuple palestinien, surtout dans le contexte de la guerre qui pr\u00e9vaut entre Isra\u00ebl et le Hamas, sont immenses. Dans la bande de Gaza, plus de 30 000 Palestiniens ont \u00e9t\u00e9 tu\u00e9s par les forces de d\u00e9fense isra\u00e9liennes en r\u00e9ponse \u00e0 l&rsquo;attaque terroriste du Hamas contre Isra\u00ebl le 7 octobre 2023.&nbsp;<\/p>\n\n\n\n<h4 class=\"wp-block-heading\" id=\"h-repondre-a-des-besoins-urgents-nbsp\">R\u00e9pondre \u00e0 des besoins urgents :&nbsp;<\/h4>\n\n\n\n<p>Depuis le d\u00e9but de la guerre, CNEWA s&rsquo;est coordonn\u00e9e avec ses partenaires sur le terrain \u00e0 Gaza pour distribuer des repas chauds, des colis alimentaires, des m\u00e9dicaments, des kits d&rsquo;hygi\u00e8ne, des couches, du carburant, du gaz pour la cuisine, de l&rsquo;eau en bouteille et des produits de nettoyage \u00e0 ceux et celles qui en ont besoin.&nbsp;<\/p>\n\n\n\n<p>Entre octobre 2023 et f\u00e9vrier 2024, CNEWA a fourni des repas chauds \u00e0 760 chr\u00e9tiens d\u00e9plac\u00e9s et h\u00e9berg\u00e9s dans deux \u00e9glises de la ville de Gaza \u2013 Saint-Porphyrios et Sainte-Famille \u2013 ainsi qu&rsquo;\u00e0 d\u2019autres qui se sont r\u00e9fugi\u00e9s dans les environs et dans d&rsquo;autres quartiers de la ville.&nbsp;<\/p>\n\n\n\n<p>En partenariat avec une cuisine communautaire locale, CNEWA fournit d\u00e9j\u00e0 une aide alimentaire \u00e0 la moiti\u00e9 des 600 familles d\u00e9plac\u00e9es qu&rsquo;elle pr\u00e9voit desservir dans la ville de Gaza et \u00e0 Rafah entre mars et avril 2024.&nbsp;<\/p>\n\n\n\n<figure class=\"wp-block-image size-large\"><img decoding=\"async\" src=\"https:\/\/cnewa.org\/wp-content\/uploads\/2023\/10\/20231008T0945-POPE-PEACE-HOLYLAND-1766660-1024x683.jpg\" alt=\"a woman holds up a white sign that reads &quot;Pace&quot;. There are people standing near her, including a nun.\" class=\"wp-image-126463\"\/><figcaption class=\"wp-element-caption\">Une femme brandit une pancarte sur laquelle il est \u00e9crit \u00ab Pace \u00bb, paix en italien, alors que le pape Fran\u00e7ois appelle \u00e0 la fin des combats entre Isra\u00ebl et la Palestine apr\u00e8s avoir r\u00e9cit\u00e9 la pri\u00e8re de l&rsquo;Ang\u00e9lus, le 8 octobre, avec des visiteurs sur la place Saint-Pierre au Vatican. (photo : CNS\/Vatican M\u00e9dias)&nbsp;<\/figcaption><\/figure>\n\n\n\n<h4 class=\"wp-block-heading\" id=\"h-accompagner-l-eglise-nbsp\">Accompagner l\u2019\u00c9glise :&nbsp;<\/h4>\n\n\n\n<p>Le bureau de CNEWA \u00e0 J\u00e9rusalem cherche surtout \u00e0 former des leaders la\u00efcs gr\u00e2ce \u00e0 divers programmes tels : le mouvement scout, des centres de jeunesse chr\u00e9tienne et des programmes de cat\u00e9ch\u00e8se. Ces programmes sont essentiels pour assurer une pr\u00e9sence chr\u00e9tienne en Terre Sainte et pour former les futurs leaders des organismes chr\u00e9tiens. Ces derniers fournissent des services essentiels, en \u00e9ducation et soins de sant\u00e9, \u00e0 la population en g\u00e9n\u00e9ral et sont sources d\u2019emplois.&nbsp;<\/p>\n\n\n\n<p>CNEWA contribue \u00e9galement au financement des r\u00e9parations des \u00e9glises et autres installations eccl\u00e9siales, soutient la formation de cat\u00e9ch\u00e8tes et contribue \u00e0 la bonne marche de programmes de soins pastoraux et de plusieurs autres initiatives pastorales pour les jeunes dont des camps bibliques.&nbsp;<\/p>\n\n\n\n<figure class=\"wp-block-image aligncenter size-full\"><img decoding=\"async\" src=\"https:\/\/cnewa.org\/wp-content\/uploads\/2013\/10\/Palestine_1.jpg\" alt=\"\" class=\"wp-image-84698\"\/><figcaption class=\"wp-element-caption\">Sr Piera Carpenedo des S\u0153urs de Sainte Doroth\u00e9e raconte une histoire \u00e0 ses \u00e9tudiants malentendants \u00e0 l&rsquo;Institut Ephpheta de Bethl\u00e9em, une institution que CNEWA est fi\u00e8re de soutenir gr\u00e2ce \u00e0 la g\u00e9n\u00e9rosit\u00e9 de ses donateurs. (photo : Steve Sabella)&nbsp;<\/figcaption><\/figure>\n\n\n\n<h4 class=\"wp-block-heading\" id=\"h-repondre-a-des-besoins-humanitaires-nbsp\">R\u00e9pondre \u00e0 des besoins humanitaires :&nbsp;<\/h4>\n\n\n\n<p>CNEWA soutient un r\u00e9seau d&rsquo;organisations chr\u00e9tiennes qui offrent des services sociaux, des services de formation et des services de soin de sant\u00e9. CNEWA finance l&rsquo;installation de panneaux solaires pour r\u00e9duire les co\u00fbts \u00e9nerg\u00e9tiques, la r\u00e9habilitation d&rsquo;une citerne d&rsquo;eau de pluie pour assurer un approvisionnement en eau propre et l&rsquo;installation de syst\u00e8mes hydroponiques pour produire des l\u00e9gumes biologiques. En plus de r\u00e9duire les co\u00fbts, ces programmes r\u00e9pondent \u00e0 l\u2019appel de notre \u00c9glise \u00e0 prendre soin de la cr\u00e9ation.&nbsp;<\/p>\n\n\n\n<p>CNEWA soutient \u00e9galement un programme d\u2019orientation destin\u00e9 aux \u00e9l\u00e8ves de 10e ann\u00e9e des \u00e9coles chr\u00e9tiennes de la r\u00e9gion de J\u00e9rusalem. Ce programme aide ces jeunes \u00e0 identifier leurs int\u00e9r\u00eats et leurs capacit\u00e9s, \u00e0 d\u00e9velopper leurs comp\u00e9tences, \u00e0 voir vers ce \u00e0 quoi Dieu les appelle et \u00e0 choisir leur m\u00e9tier ou profession. Ce programme fonctionne en collaboration avec le CEGAS, le Comit\u00e9 d&rsquo;orientation p\u00e9dagogique des \u00e9tudiants arabes, \u00e0 Ha\u00effa.&nbsp;<\/p>\n\n\n\n<figure class=\"wp-block-image size-large\"><img decoding=\"async\" src=\"https:\/\/cnewa.org\/wp-content\/uploads\/2022\/08\/jaraiseh202207_033H-1024x640.jpg\" alt=\"\" class=\"wp-image-120577\"\/><figcaption class=\"wp-element-caption\">Session de camp d&rsquo;\u00e9t\u00e9 pour jeunes adultes chr\u00e9tiens pr\u00e8s de Ramallah, Palestine. (photo : George Jaraiseh)&nbsp;<\/figcaption><\/figure>\n\n\n  <div class=\"donate-button\" id=\"minor-fund-campaign\">\n    <button class=\"donate-modal-toggle\" data-minor-fund='Palestine' data-minor-fund-code='PR'>Donner<\/button>\n  <\/div>\n  \n\n\n<p><\/p>\n","protected":false},"excerpt":{"rendered":"<p>CNEWA est pr\u00e9sent dans les territoires palestiniens depuis la fondation de la Mission pontificale pour la Palestine par le pape Pie XII en 1949.&nbsp; Les territoires palestiniens &#8211; la bande de Gaza, la Cisjordanie et J\u00e9rusalem-Est &#8211; sont repr\u00e9sent\u00e9s officiellement par l&rsquo;Organisation de lib\u00e9ration de la Palestine et sont sous occupation isra\u00e9lienne depuis 1967.&nbsp; La &hellip; <a href=\"https:\/\/cnewa.org\/fr\/ou-nous-travaillons\/moyen-orient\/la-palestine\/\">Continued<\/a><\/p>\n","protected":false},"author":70071,"featured_media":1791,"parent":158,"menu_order":0,"comment_status":"closed","ping_status":"closed","template":"","meta":{"_acf_changed":false,"footnotes":""},"class_list":["post-1790","page","type-page","status-publish","has-post-thumbnail","hentry"],"acf":[],"yoast_head":"<!-- This site is optimized with the Yoast SEO Premium plugin v27.2 (Yoast SEO v27.2) - https:\/\/yoast.com\/product\/yoast-seo-premium-wordpress\/ -->\n<title>La Palestine\u00a0 | CNEWA Canada<\/title>\n<meta name=\"robots\" content=\"index, follow, max-snippet:-1, max-image-preview:large, max-video-preview:-1\" \/>\n<link rel=\"canonical\" href=\"https:\/\/cnewa.org\/fr\/ou-nous-travaillons\/moyen-orient\/la-palestine\/\" \/>\n<meta property=\"og:locale\" content=\"fr_CA\" \/>\n<meta property=\"og:type\" content=\"article\" \/>\n<meta property=\"og:title\" content=\"La Palestine\u00a0\" \/>\n<meta property=\"og:description\" content=\"CNEWA est pr\u00e9sent dans les territoires palestiniens depuis la fondation de la Mission pontificale pour la Palestine par le pape Pie XII en 1949.&nbsp; Les territoires palestiniens &#8211; la bande de Gaza, la Cisjordanie et J\u00e9rusalem-Est &#8211; sont repr\u00e9sent\u00e9s officiellement par l&rsquo;Organisation de lib\u00e9ration de la Palestine et sont sous occupation isra\u00e9lienne depuis 1967.&nbsp; La &hellip; Continued\" \/>\n<meta property=\"og:site_name\" content=\"CNEWA Canada\" \/>\n<meta property=\"article:publisher\" content=\"https:\/\/www.facebook.com\/cnewacanada\/\" \/>\n<meta property=\"article:modified_time\" content=\"2025-05-21T15:40:50+00:00\" \/>\n<meta property=\"og:image\" content=\"https:\/\/cnewa.org\/fr\/wp-content\/uploads\/sites\/3\/2024\/04\/Bethlehem_skyline_West_Bank-1-scaled-1.jpg\" \/>\n\t<meta property=\"og:image:width\" content=\"2560\" \/>\n\t<meta property=\"og:image:height\" content=\"1342\" \/>\n\t<meta property=\"og:image:type\" content=\"image\/jpeg\" \/>\n<meta name=\"twitter:card\" content=\"summary_large_image\" \/>\n<meta name=\"twitter:site\" content=\"@cnewac\" \/>\n<meta name=\"twitter:label1\" content=\"Estimation du temps de lecture\" \/>\n\t<meta name=\"twitter:data1\" content=\"5 minutes\" \/>\n<script type=\"application\/ld+json\" class=\"yoast-schema-graph\">{\"@context\":\"https:\/\/schema.org\",\"@graph\":[{\"@type\":\"WebPage\",\"@id\":\"https:\/\/cnewa.org\/fr\/ou-nous-travaillons\/moyen-orient\/la-palestine\/\",\"url\":\"https:\/\/cnewa.org\/fr\/ou-nous-travaillons\/moyen-orient\/la-palestine\/\",\"name\":\"La Palestine\u00a0 | CNEWA Canada\",\"isPartOf\":{\"@id\":\"https:\/\/cnewa.org\/fr\/#website\"},\"primaryImageOfPage\":{\"@id\":\"https:\/\/cnewa.org\/fr\/ou-nous-travaillons\/moyen-orient\/la-palestine\/#primaryimage\"},\"image\":{\"@id\":\"https:\/\/cnewa.org\/fr\/ou-nous-travaillons\/moyen-orient\/la-palestine\/#primaryimage\"},\"thumbnailUrl\":\"https:\/\/cnewa.org\/fr\/wp-content\/uploads\/sites\/3\/2024\/04\/Bethlehem_skyline_West_Bank-1-scaled-1.jpg\",\"datePublished\":\"2024-04-23T18:33:27+00:00\",\"dateModified\":\"2025-05-21T15:40:50+00:00\",\"breadcrumb\":{\"@id\":\"https:\/\/cnewa.org\/fr\/ou-nous-travaillons\/moyen-orient\/la-palestine\/#breadcrumb\"},\"inLanguage\":\"fr-CA\",\"potentialAction\":[{\"@type\":\"ReadAction\",\"target\":[\"https:\/\/cnewa.org\/fr\/ou-nous-travaillons\/moyen-orient\/la-palestine\/\"]}]},{\"@type\":\"ImageObject\",\"inLanguage\":\"fr-CA\",\"@id\":\"https:\/\/cnewa.org\/fr\/ou-nous-travaillons\/moyen-orient\/la-palestine\/#primaryimage\",\"url\":\"https:\/\/cnewa.org\/fr\/wp-content\/uploads\/sites\/3\/2024\/04\/Bethlehem_skyline_West_Bank-1-scaled-1.jpg\",\"contentUrl\":\"https:\/\/cnewa.org\/fr\/wp-content\/uploads\/sites\/3\/2024\/04\/Bethlehem_skyline_West_Bank-1-scaled-1.jpg\",\"width\":2560,\"height\":1342},{\"@type\":\"BreadcrumbList\",\"@id\":\"https:\/\/cnewa.org\/fr\/ou-nous-travaillons\/moyen-orient\/la-palestine\/#breadcrumb\",\"itemListElement\":[{\"@type\":\"ListItem\",\"position\":1,\"name\":\"Accueil\",\"item\":\"https:\/\/cnewa.org\/fr\/\"},{\"@type\":\"ListItem\",\"position\":2,\"name\":\"O\u00f9 Nous Travaillons\",\"item\":\"https:\/\/cnewa.org\/fr\/ou-nous-travaillons\/\"},{\"@type\":\"ListItem\",\"position\":3,\"name\":\"Le Moyen-Orient\u00a0\",\"item\":\"https:\/\/cnewa.org\/fr\/ou-nous-travaillons\/moyen-orient\/\"},{\"@type\":\"ListItem\",\"position\":4,\"name\":\"La Palestine\u00a0\"}]},{\"@type\":\"WebSite\",\"@id\":\"https:\/\/cnewa.org\/fr\/#website\",\"url\":\"https:\/\/cnewa.org\/fr\/\",\"name\":\"CNEWA Canada\",\"description\":\"Association catholique d\u2019aide \u00e0 l\u2019Orient\",\"publisher\":{\"@id\":\"https:\/\/cnewa.org\/fr\/#organization\"},\"potentialAction\":[{\"@type\":\"SearchAction\",\"target\":{\"@type\":\"EntryPoint\",\"urlTemplate\":\"https:\/\/cnewa.org\/fr\/?s={search_term_string}\"},\"query-input\":{\"@type\":\"PropertyValueSpecification\",\"valueRequired\":true,\"valueName\":\"search_term_string\"}}],\"inLanguage\":\"fr-CA\"},{\"@type\":\"Organization\",\"@id\":\"https:\/\/cnewa.org\/fr\/#organization\",\"name\":\"CNEWA Canada\",\"alternateName\":\"Association catholique d\u2019aide \u00e0 l\u2019Orient\",\"url\":\"https:\/\/cnewa.org\/fr\/\",\"logo\":{\"@type\":\"ImageObject\",\"inLanguage\":\"fr-CA\",\"@id\":\"https:\/\/cnewa.org\/fr\/#\/schema\/logo\/image\/\",\"url\":\"https:\/\/cnewa.org\/fr\/wp-content\/uploads\/sites\/3\/2019\/11\/CNEWA-brand-logo.png\",\"contentUrl\":\"https:\/\/cnewa.org\/fr\/wp-content\/uploads\/sites\/3\/2019\/11\/CNEWA-brand-logo.png\",\"width\":1000,\"height\":1000,\"caption\":\"CNEWA Canada\"},\"image\":{\"@id\":\"https:\/\/cnewa.org\/fr\/#\/schema\/logo\/image\/\"},\"sameAs\":[\"https:\/\/www.facebook.com\/cnewacanada\/\",\"https:\/\/x.com\/cnewac\",\"https:\/\/www.instagram.com\/cnewa1926\/\",\"https:\/\/www.youtube.com\/user\/TheCNEWA\"]}]}<\/script>\n<!-- \/ Yoast SEO Premium plugin. -->","yoast_head_json":{"title":"La Palestine\u00a0 | CNEWA Canada","robots":{"index":"index","follow":"follow","max-snippet":"max-snippet:-1","max-image-preview":"max-image-preview:large","max-video-preview":"max-video-preview:-1"},"canonical":"https:\/\/cnewa.org\/fr\/ou-nous-travaillons\/moyen-orient\/la-palestine\/","og_locale":"fr_CA","og_type":"article","og_title":"La Palestine\u00a0","og_description":"CNEWA est pr\u00e9sent dans les territoires palestiniens depuis la fondation de la Mission pontificale pour la Palestine par le pape Pie XII en 1949.&nbsp; Les territoires palestiniens &#8211; la bande de Gaza, la Cisjordanie et J\u00e9rusalem-Est &#8211; sont repr\u00e9sent\u00e9s officiellement par l&rsquo;Organisation de lib\u00e9ration de la Palestine et sont sous occupation isra\u00e9lienne depuis 1967.&nbsp; La &hellip; Continued","og_site_name":"CNEWA Canada","article_publisher":"https:\/\/www.facebook.com\/cnewacanada\/","article_modified_time":"2025-05-21T15:40:50+00:00","og_image":[{"width":2560,"height":1342,"url":"https:\/\/cnewa.org\/fr\/wp-content\/uploads\/sites\/3\/2024\/04\/Bethlehem_skyline_West_Bank-1-scaled-1.jpg","type":"image\/jpeg"}],"twitter_card":"summary_large_image","twitter_site":"@cnewac","twitter_misc":{"Estimation du temps de lecture":"5 minutes"},"schema":{"@context":"https:\/\/schema.org","@graph":[{"@type":"WebPage","@id":"https:\/\/cnewa.org\/fr\/ou-nous-travaillons\/moyen-orient\/la-palestine\/","url":"https:\/\/cnewa.org\/fr\/ou-nous-travaillons\/moyen-orient\/la-palestine\/","name":"La Palestine\u00a0 | CNEWA Canada","isPartOf":{"@id":"https:\/\/cnewa.org\/fr\/#website"},"primaryImageOfPage":{"@id":"https:\/\/cnewa.org\/fr\/ou-nous-travaillons\/moyen-orient\/la-palestine\/#primaryimage"},"image":{"@id":"https:\/\/cnewa.org\/fr\/ou-nous-travaillons\/moyen-orient\/la-palestine\/#primaryimage"},"thumbnailUrl":"https:\/\/cnewa.org\/fr\/wp-content\/uploads\/sites\/3\/2024\/04\/Bethlehem_skyline_West_Bank-1-scaled-1.jpg","datePublished":"2024-04-23T18:33:27+00:00","dateModified":"2025-05-21T15:40:50+00:00","breadcrumb":{"@id":"https:\/\/cnewa.org\/fr\/ou-nous-travaillons\/moyen-orient\/la-palestine\/#breadcrumb"},"inLanguage":"fr-CA","potentialAction":[{"@type":"ReadAction","target":["https:\/\/cnewa.org\/fr\/ou-nous-travaillons\/moyen-orient\/la-palestine\/"]}]},{"@type":"ImageObject","inLanguage":"fr-CA","@id":"https:\/\/cnewa.org\/fr\/ou-nous-travaillons\/moyen-orient\/la-palestine\/#primaryimage","url":"https:\/\/cnewa.org\/fr\/wp-content\/uploads\/sites\/3\/2024\/04\/Bethlehem_skyline_West_Bank-1-scaled-1.jpg","contentUrl":"https:\/\/cnewa.org\/fr\/wp-content\/uploads\/sites\/3\/2024\/04\/Bethlehem_skyline_West_Bank-1-scaled-1.jpg","width":2560,"height":1342},{"@type":"BreadcrumbList","@id":"https:\/\/cnewa.org\/fr\/ou-nous-travaillons\/moyen-orient\/la-palestine\/#breadcrumb","itemListElement":[{"@type":"ListItem","position":1,"name":"Accueil","item":"https:\/\/cnewa.org\/fr\/"},{"@type":"ListItem","position":2,"name":"O\u00f9 Nous Travaillons","item":"https:\/\/cnewa.org\/fr\/ou-nous-travaillons\/"},{"@type":"ListItem","position":3,"name":"Le Moyen-Orient\u00a0","item":"https:\/\/cnewa.org\/fr\/ou-nous-travaillons\/moyen-orient\/"},{"@type":"ListItem","position":4,"name":"La Palestine\u00a0"}]},{"@type":"WebSite","@id":"https:\/\/cnewa.org\/fr\/#website","url":"https:\/\/cnewa.org\/fr\/","name":"CNEWA Canada","description":"Association catholique d\u2019aide \u00e0 l\u2019Orient","publisher":{"@id":"https:\/\/cnewa.org\/fr\/#organization"},"potentialAction":[{"@type":"SearchAction","target":{"@type":"EntryPoint","urlTemplate":"https:\/\/cnewa.org\/fr\/?s={search_term_string}"},"query-input":{"@type":"PropertyValueSpecification","valueRequired":true,"valueName":"search_term_string"}}],"inLanguage":"fr-CA"},{"@type":"Organization","@id":"https:\/\/cnewa.org\/fr\/#organization","name":"CNEWA Canada","alternateName":"Association catholique d\u2019aide \u00e0 l\u2019Orient","url":"https:\/\/cnewa.org\/fr\/","logo":{"@type":"ImageObject","inLanguage":"fr-CA","@id":"https:\/\/cnewa.org\/fr\/#\/schema\/logo\/image\/","url":"https:\/\/cnewa.org\/fr\/wp-content\/uploads\/sites\/3\/2019\/11\/CNEWA-brand-logo.png","contentUrl":"https:\/\/cnewa.org\/fr\/wp-content\/uploads\/sites\/3\/2019\/11\/CNEWA-brand-logo.png","width":1000,"height":1000,"caption":"CNEWA Canada"},"image":{"@id":"https:\/\/cnewa.org\/fr\/#\/schema\/logo\/image\/"},"sameAs":["https:\/\/www.facebook.com\/cnewacanada\/","https:\/\/x.com\/cnewac","https:\/\/www.instagram.com\/cnewa1926\/","https:\/\/www.youtube.com\/user\/TheCNEWA"]}]}},"_links":{"self":[{"href":"https:\/\/cnewa.org\/fr\/wp-json\/wp\/v2\/pages\/1790","targetHints":{"allow":["GET"]}}],"collection":[{"href":"https:\/\/cnewa.org\/fr\/wp-json\/wp\/v2\/pages"}],"about":[{"href":"https:\/\/cnewa.org\/fr\/wp-json\/wp\/v2\/types\/page"}],"author":[{"embeddable":true,"href":"https:\/\/cnewa.org\/fr\/wp-json\/wp\/v2\/users\/70071"}],"replies":[{"embeddable":true,"href":"https:\/\/cnewa.org\/fr\/wp-json\/wp\/v2\/comments?post=1790"}],"version-history":[{"count":5,"href":"https:\/\/cnewa.org\/fr\/wp-json\/wp\/v2\/pages\/1790\/revisions"}],"predecessor-version":[{"id":2325,"href":"https:\/\/cnewa.org\/fr\/wp-json\/wp\/v2\/pages\/1790\/revisions\/2325"}],"up":[{"embeddable":true,"href":"https:\/\/cnewa.org\/fr\/wp-json\/wp\/v2\/pages\/158"}],"wp:featuredmedia":[{"embeddable":true,"href":"https:\/\/cnewa.org\/fr\/wp-json\/wp\/v2\/media\/1791"}],"wp:attachment":[{"href":"https:\/\/cnewa.org\/fr\/wp-json\/wp\/v2\/media?parent=1790"}],"curies":[{"name":"wp","href":"https:\/\/api.w.org\/{rel}","templated":true}]}}