{"id":1793,"date":"2024-04-23T15:15:24","date_gmt":"2024-04-23T19:15:24","guid":{"rendered":"https:\/\/cnewa.org\/fr\/?page_id=1793"},"modified":"2024-12-13T22:40:37","modified_gmt":"2024-12-14T03:40:37","slug":"la-syrie","status":"publish","type":"page","link":"https:\/\/cnewa.org\/fr\/ou-nous-travaillons\/moyen-orient\/la-syrie\/","title":{"rendered":"La Syrie"},"content":{"rendered":"\n<h2 class=\"wp-block-heading\" id=\"h-la-syrie-est-un-pays-de-diversite-religieuse-dont-la-population-est-confrontee-a-des-bouleversements-et-a-des-destructions-sans-precedent-depuis-des-decennies-avec-l-effondrement-du-regime-assad-la-situation-economique-politique-et-sociale-reste-inconnue-car-les-anciens-rebelles-qui-controlent-desormais-damas-cherchent-a-consolider-leur-autorite-meme-si-certaines-parties-du-pays-restent-aux-mains-de-tierces-forces-nationales-et-etrangeres-toutes-les-communautes-en-particulier-les-minorites-alaouite-chretienne-et-druze-sont-vulnerables-malgre-les-assurances-donnees-par-les-nouvelles-autorites-quant-au-respect-de-leurs-droits\">La Syrie est un pays de diversit\u00e9 religieuse dont la population est confront\u00e9e \u00e0 des bouleversements et \u00e0 des destructions sans pr\u00e9c\u00e9dent depuis des d\u00e9cennies. Avec l&rsquo;effondrement du r\u00e9gime Assad, la situation \u00e9conomique, politique et sociale reste inconnue, car les anciens rebelles qui contr\u00f4lent d\u00e9sormais Damas cherchent \u00e0 consolider leur autorit\u00e9, m\u00eame si certaines parties du pays restent aux mains de tierces forces, nationales et \u00e9trang\u00e8res. Toutes les communaut\u00e9s, en particulier les minorit\u00e9s alaouite, chr\u00e9tienne et druze, sont vuln\u00e9rables malgr\u00e9 les assurances donn\u00e9es par les nouvelles autorit\u00e9s quant au respect de leurs droits.<\/h2>\n\n\n\n<p>Apr\u00e8s le tremblement de terre de f\u00e9vrier 2023, l\u2019Association catholique d\u2019aide \u00e0 l\u2019Orient (CNEWA-Pontifical Mission) a lanc\u00e9 une campagne d&rsquo;urgence pour abriter les survivants et fournir de la literie, de la nourriture, des m\u00e9dicaments, du lait maternis\u00e9, des couches et des v\u00eatements \u00e0 plus de 2 000 familles pendant trois mois dans les r\u00e9gions d&rsquo;Alep et de Hama, dans le nord de la Syrie. Les communaut\u00e9s chr\u00e9tiennes locales qui ont pris en charge cette aide sont maintenant engag\u00e9es dans le long et douloureux processus de \u00ab retour \u00e0 la normale \u00bb, qui est inconnu en Syrie depuis que la guerre civile a \u00e9clat\u00e9 en 2011.<\/p>\n\n\n  <div class=\"donate-button\" id=\"minor-fund-campaign\">\n    <button class=\"donate-modal-toggle\" data-minor-fund='Syrie' data-minor-fund-code='SR'>Donner<\/button>\n  <\/div>\n  \n\n\n<p>M\u00eame avant le tremblement de terre, la Syrie \u00e9tait confront\u00e9e \u00e0 de multiples urgences humanitaires. Selon le Programme alimentaire mondial, on estime que 12,4 millions de personnes en Syrie, soit pr\u00e8s de 60 % de la population, souffrent d&rsquo;ins\u00e9curit\u00e9 alimentaire. La valeur de la livre syrienne est instable ; elle a chut\u00e9 de fa\u00e7on spectaculaire en 2021, provoquant une forte inflation. On estime que 50 % de la population a subi une perte de revenus en raison de la crise \u00e9conomique d\u00e9clench\u00e9e par la pand\u00e9mie. La moiti\u00e9 des h\u00f4pitaux et des centres m\u00e9dicaux publics ont \u00e9t\u00e9 endommag\u00e9s par la guerre. Le pays est confront\u00e9 \u00e0 une crise majeure des soins de sant\u00e9 qui perdure depuis COVID-19.<\/p>\n\n\n\n<p>Cons\u00e9quence directe de la guerre civile &#8211; et de la mont\u00e9e en puissance de l&rsquo;\u00c9tat islamique de 2014 \u00e0 2017 -, des centaines de milliers de Syriens ont \u00e9t\u00e9 tu\u00e9s et 14 millions ont \u00e9t\u00e9 d\u00e9plac\u00e9s, soit en tant que d\u00e9plac\u00e9s internes, soit en tant que r\u00e9fugi\u00e9s, selon un <a href=\"https:\/\/documents.un.org\/doc\/undoc\/gen\/g22\/251\/53\/pdf\/g2225153.pdf?OpenElement\" target=\"_blank\" rel=\"noreferrer noopener\">rapport<\/a> publi\u00e9 par le Conseil des droits de l&rsquo;homme des Nations unies en f\u00e9vrier 2022. La population d&rsquo;avant-guerre \u00e9tait compos\u00e9e \u00e0 90 % de musulmans &#8211; dont une majorit\u00e9 de sunnites &#8211; et \u00e0 10 % de chr\u00e9tiens, mais ces chiffres ne s&rsquo;appliquent plus, car les chr\u00e9tiens et d&rsquo;autres communaut\u00e9s minoritaires ont cherch\u00e9 refuge ailleurs. Alep, par exemple, qui comptait autrefois plus de 500 000 chr\u00e9tiens, n&rsquo;en compte plus que 25 000, toutes traditions confondues.<\/p>\n\n\n\n<p>CNEWA travaille en \u00e9troite collaboration avec plus d&rsquo;une douzaine d&rsquo;\u00e9glises et d&rsquo;institutions li\u00e9es \u00e0 l&rsquo;\u00e9glise en Syrie pour soutenir ses diverses populations. Avec sa large coalition de partenaires, CNEWA finance des programmes essentiels qui servent \u00e0 identifier et \u00e0 prot\u00e9ger les r\u00e9sidents les plus vuln\u00e9rables de toutes origines culturelles et religieuses.<\/p>\n\n\n\n<h4 class=\"wp-block-heading\" id=\"h-programme-de-pastorale-nbsp\"><strong>Programme de pastorale&nbsp;<\/strong><\/h4>\n\n\n\n<figure class=\"wp-block-image size-large\"><img decoding=\"async\" src=\"https:\/\/cnewa.org\/wp-content\/uploads\/2021\/05\/prothero33450_10-1024x683.jpg\" alt=\"a bishop meets with a group of schoolchildren in Syria.\" class=\"wp-image-112451\"\/><figcaption class=\"wp-element-caption\">Mgr Boulous Borkhoche rencontre des enfants lors d&rsquo;une session faisant partie d\u2019un programme parascolaire religieux pr\u00e8s de Khabab, Syrie, en 2007. (photo : Mitchell Prothero\/Polaris)&nbsp;<\/figcaption><\/figure>\n\n\n\n<p>CNEWA accorde la priorit\u00e9 aux programmes de cat\u00e9ch\u00e8se qui offrent une formation et un accompagnement spirituel aux paroissiens.&nbsp;<\/p>\n\n\n\n<p>Nos programmes fournissent une assurance maladie \u00e0 110 pr\u00eatres en paroisses et leur procurent les moyens de se d\u00e9placer pour se rendre dans les divers endroits au sein de leurs communaut\u00e9s paroissiales.\u00a0En outre, nous r\u00e9parons les dommages subis par les \u00e9glises, les centres pastoraux, les salles polyvalentes et les presbyt\u00e8res. Ces r\u00e9novations sont essentielles pour soutenir la mission et les activit\u00e9s pastorales de l&rsquo;\u00e9glise.<\/p>\n\n\n\n<p>Nous collaborons avec des communaut\u00e9s d&rsquo;hommes et de femmes, des archev\u00each\u00e9s, des paroisses et des organisations cat\u00e9ch\u00e9tiques \u00e0 Alep, Damas, Horan, Homs, Hassak\u00e9, Tartous, Lattaqui\u00e9 et Nebek. Nos partenaires sont d\u00e9termin\u00e9s \u00e0 vivre la Parole de Dieu, accompagnent les paroissiens et paroissiennes, les aident \u00e0 approfondir leur foi chr\u00e9tienne et s\u00e8ment de l\u2019espoir en cette p\u00e9riode de pauvret\u00e9 et de d\u00e9tresse.\u00a0<\/p>\n\n\n\n<p>Lorsque la situation sur le terrain le permet, CNEWA continue de soutenir ses partenaires qui, sur le terrain, g\u00e8rent des centres de cat\u00e9ch\u00e8se pour enfants, jeunes, adultes et personnes \u00e2g\u00e9es et offrent une formation religieuse et cat\u00e9ch\u00e9tique au moyen de nombreux programmes et activit\u00e9s. Ces programmes de formation rejoignent environ 9 000 enfants, jeunes et adultes.\u00a0<\/p>\n\n\n\n<h4 class=\"wp-block-heading\" id=\"h-prendre-soin-des-enfants-nbsp\"><strong>Prendre soin des enfants&nbsp;<\/strong><\/h4>\n\n\n\n<figure class=\"wp-block-image size-full\"><img decoding=\"async\" src=\"https:\/\/cnewa.org\/wp-content\/uploads\/2021\/05\/cnewaBeirut2013_044L.jpg\" alt=\"children attend a class in Syria.\" class=\"wp-image-112454\"\/><figcaption class=\"wp-element-caption\">Des enfants suivent des cours dans une \u00e9cole temporaire \u00e0 Al Waer, \u00e0 Homs, en Syrie. (photo : CNEWA)&nbsp;<\/figcaption><\/figure>\n\n\n\n<p>CNEWA continue de soutenir des milliers d&rsquo;enfants syriens par l&rsquo;interm\u00e9diaire des paroisses et autres partenaires reli\u00e9s \u00e0 l&rsquo;\u00c9glise.&nbsp;<\/p>\n\n\n\n<p>Nos programmes fourniront du lait, des couches et des v\u00eatements \u00e0 environ 2 300 jeunes enfants. CNEWA aidera \u00e9galement environ 7 000 \u00e9coliers. Nous donnerons la priorit\u00e9 aux \u00e9tudiants qui risquent d\u2019abandonner leurs \u00e9tudes en raison de contraintes financi\u00e8res et les soutiendrons en leur fournissant des produits de premi\u00e8re n\u00e9cessit\u00e9 pour leur permettre de grandir et de s\u2019\u00e9panouir tout au long des durs hivers et des chaudes journ\u00e9es d\u2019\u00e9t\u00e9.&nbsp;<\/p>\n\n\n\n<h4 class=\"wp-block-heading\" id=\"h-programmes-de-soins-medicaux-nbsp\"><strong>Programmes de soins m\u00e9dicaux&nbsp;<\/strong><\/h4>\n\n\n\n<figure class=\"wp-block-image size-large\"><img decoding=\"async\" src=\"https:\/\/cnewa.org\/wp-content\/uploads\/2021\/05\/osberg33350_31-1024x681.jpg\" alt=\"a dentist gives a woman in a headscarf a checkup in Aleppo.\" class=\"wp-image-112453\"\/><figcaption class=\"wp-element-caption\">Un dentiste effectue un examen sur un patient musulman sunnite au dispensaire syriaque Saint-\u00c9phrem, dans le quartier Al Soulimanya d&rsquo;Alep. La clinique, financ\u00e9e et g\u00e9r\u00e9e par l\u2019\u00c9glise syriaque orthodoxe, est ouverte \u00e0 toutes personnes, de toutes appartenances religieuses. (photo : Spencer Osberg)&nbsp;<\/figcaption><\/figure>\n\n\n\n<p>Cette ann\u00e9e, CNEWA continuera de fournir des soins de sant\u00e9 \u00e0 des milliers de personnes d\u00e9favoris\u00e9es qui n&rsquo;ont pas les moyens de se payer des services m\u00e9dicaux. Nous travaillons avec des partenaires sur le terrain qui s\u00e9lectionnent soigneusement les b\u00e9n\u00e9ficiaires potentiels. Ce programme soutient environ 2 000 personnes chaque ann\u00e9e, dont des enfants, des jeunes, des adultes et des personnes \u00e2g\u00e9es.&nbsp;<\/p>\n\n\n\n<h4 class=\"wp-block-heading\" id=\"h-durabilite\"><strong><strong>Durabilit\u00e9<\/strong>\u00a0<\/strong><\/h4>\n\n\n\n<p>CNEWA cr\u00e9e des emplois et des opportunit\u00e9s de revenus pour les personnes ayant perdu leurs revenus et pour les agriculteurs dont les champs ont \u00e9t\u00e9 d\u00e9truits par la guerre. CNEWA a \u00e9galement offert de l\u2019aid\u00e9 \u00e0 la cr\u00e9ation ou au d\u00e9veloppement de petites entreprises.<\/p>\n\n\n\n<p><\/p>\n","protected":false},"excerpt":{"rendered":"<p>La Syrie est un pays de diversit\u00e9 religieuse dont la population est confront\u00e9e \u00e0 des bouleversements et \u00e0 des destructions sans pr\u00e9c\u00e9dent depuis des d\u00e9cennies. Avec l&rsquo;effondrement du r\u00e9gime Assad, la situation \u00e9conomique, politique et sociale reste inconnue, car les anciens rebelles qui contr\u00f4lent d\u00e9sormais Damas cherchent \u00e0 consolider leur autorit\u00e9, m\u00eame si certaines parties &hellip; <a href=\"https:\/\/cnewa.org\/fr\/ou-nous-travaillons\/moyen-orient\/la-syrie\/\">Continued<\/a><\/p>\n","protected":false},"author":70071,"featured_media":1795,"parent":158,"menu_order":0,"comment_status":"closed","ping_status":"closed","template":"","meta":{"_acf_changed":false,"footnotes":""},"class_list":["post-1793","page","type-page","status-publish","has-post-thumbnail","hentry"],"acf":[],"yoast_head":"<!-- This site is optimized with the Yoast SEO Premium plugin v27.2 (Yoast SEO v27.2) - https:\/\/yoast.com\/product\/yoast-seo-premium-wordpress\/ -->\n<title>La Syrie | CNEWA Canada<\/title>\n<meta name=\"robots\" content=\"index, follow, max-snippet:-1, max-image-preview:large, max-video-preview:-1\" \/>\n<link rel=\"canonical\" href=\"https:\/\/cnewa.org\/fr\/ou-nous-travaillons\/moyen-orient\/la-syrie\/\" \/>\n<meta property=\"og:locale\" content=\"fr_CA\" \/>\n<meta property=\"og:type\" content=\"article\" \/>\n<meta property=\"og:title\" content=\"La Syrie\" \/>\n<meta property=\"og:description\" content=\"La Syrie est un pays de diversit\u00e9 religieuse dont la population est confront\u00e9e \u00e0 des bouleversements et \u00e0 des destructions sans pr\u00e9c\u00e9dent depuis des d\u00e9cennies. Avec l&rsquo;effondrement du r\u00e9gime Assad, la situation \u00e9conomique, politique et sociale reste inconnue, car les anciens rebelles qui contr\u00f4lent d\u00e9sormais Damas cherchent \u00e0 consolider leur autorit\u00e9, m\u00eame si certaines parties &hellip; Continued\" \/>\n<meta property=\"og:site_name\" content=\"CNEWA Canada\" \/>\n<meta property=\"article:publisher\" content=\"https:\/\/www.facebook.com\/cnewacanada\/\" \/>\n<meta property=\"article:modified_time\" content=\"2024-12-14T03:40:37+00:00\" \/>\n<meta property=\"og:image\" content=\"https:\/\/cnewa.org\/fr\/wp-content\/uploads\/sites\/3\/2024\/04\/SOP-348-158r-1221-d.jpg\" \/>\n\t<meta property=\"og:image:width\" content=\"1800\" \/>\n\t<meta property=\"og:image:height\" content=\"1260\" \/>\n\t<meta property=\"og:image:type\" content=\"image\/jpeg\" \/>\n<meta name=\"twitter:card\" content=\"summary_large_image\" \/>\n<meta name=\"twitter:site\" content=\"@cnewac\" \/>\n<meta name=\"twitter:label1\" content=\"Estimation du temps de lecture\" \/>\n\t<meta name=\"twitter:data1\" content=\"6 minutes\" \/>\n<script type=\"application\/ld+json\" class=\"yoast-schema-graph\">{\"@context\":\"https:\/\/schema.org\",\"@graph\":[{\"@type\":\"WebPage\",\"@id\":\"https:\/\/cnewa.org\/fr\/ou-nous-travaillons\/moyen-orient\/la-syrie\/\",\"url\":\"https:\/\/cnewa.org\/fr\/ou-nous-travaillons\/moyen-orient\/la-syrie\/\",\"name\":\"La Syrie | CNEWA Canada\",\"isPartOf\":{\"@id\":\"https:\/\/cnewa.org\/fr\/#website\"},\"primaryImageOfPage\":{\"@id\":\"https:\/\/cnewa.org\/fr\/ou-nous-travaillons\/moyen-orient\/la-syrie\/#primaryimage\"},\"image\":{\"@id\":\"https:\/\/cnewa.org\/fr\/ou-nous-travaillons\/moyen-orient\/la-syrie\/#primaryimage\"},\"thumbnailUrl\":\"https:\/\/cnewa.org\/fr\/wp-content\/uploads\/sites\/3\/2024\/04\/SOP-348-158r-1221-d.jpg\",\"datePublished\":\"2024-04-23T19:15:24+00:00\",\"dateModified\":\"2024-12-14T03:40:37+00:00\",\"breadcrumb\":{\"@id\":\"https:\/\/cnewa.org\/fr\/ou-nous-travaillons\/moyen-orient\/la-syrie\/#breadcrumb\"},\"inLanguage\":\"fr-CA\",\"potentialAction\":[{\"@type\":\"ReadAction\",\"target\":[\"https:\/\/cnewa.org\/fr\/ou-nous-travaillons\/moyen-orient\/la-syrie\/\"]}]},{\"@type\":\"ImageObject\",\"inLanguage\":\"fr-CA\",\"@id\":\"https:\/\/cnewa.org\/fr\/ou-nous-travaillons\/moyen-orient\/la-syrie\/#primaryimage\",\"url\":\"https:\/\/cnewa.org\/fr\/wp-content\/uploads\/sites\/3\/2024\/04\/SOP-348-158r-1221-d.jpg\",\"contentUrl\":\"https:\/\/cnewa.org\/fr\/wp-content\/uploads\/sites\/3\/2024\/04\/SOP-348-158r-1221-d.jpg\",\"width\":1800,\"height\":1260},{\"@type\":\"BreadcrumbList\",\"@id\":\"https:\/\/cnewa.org\/fr\/ou-nous-travaillons\/moyen-orient\/la-syrie\/#breadcrumb\",\"itemListElement\":[{\"@type\":\"ListItem\",\"position\":1,\"name\":\"Accueil\",\"item\":\"https:\/\/cnewa.org\/fr\/\"},{\"@type\":\"ListItem\",\"position\":2,\"name\":\"O\u00f9 Nous Travaillons\",\"item\":\"https:\/\/cnewa.org\/fr\/ou-nous-travaillons\/\"},{\"@type\":\"ListItem\",\"position\":3,\"name\":\"Le Moyen-Orient\u00a0\",\"item\":\"https:\/\/cnewa.org\/fr\/ou-nous-travaillons\/moyen-orient\/\"},{\"@type\":\"ListItem\",\"position\":4,\"name\":\"La Syrie\"}]},{\"@type\":\"WebSite\",\"@id\":\"https:\/\/cnewa.org\/fr\/#website\",\"url\":\"https:\/\/cnewa.org\/fr\/\",\"name\":\"CNEWA Canada\",\"description\":\"Association catholique d\u2019aide \u00e0 l\u2019Orient\",\"publisher\":{\"@id\":\"https:\/\/cnewa.org\/fr\/#organization\"},\"potentialAction\":[{\"@type\":\"SearchAction\",\"target\":{\"@type\":\"EntryPoint\",\"urlTemplate\":\"https:\/\/cnewa.org\/fr\/?s={search_term_string}\"},\"query-input\":{\"@type\":\"PropertyValueSpecification\",\"valueRequired\":true,\"valueName\":\"search_term_string\"}}],\"inLanguage\":\"fr-CA\"},{\"@type\":\"Organization\",\"@id\":\"https:\/\/cnewa.org\/fr\/#organization\",\"name\":\"CNEWA Canada\",\"alternateName\":\"Association catholique d\u2019aide \u00e0 l\u2019Orient\",\"url\":\"https:\/\/cnewa.org\/fr\/\",\"logo\":{\"@type\":\"ImageObject\",\"inLanguage\":\"fr-CA\",\"@id\":\"https:\/\/cnewa.org\/fr\/#\/schema\/logo\/image\/\",\"url\":\"https:\/\/cnewa.org\/fr\/wp-content\/uploads\/sites\/3\/2019\/11\/CNEWA-brand-logo.png\",\"contentUrl\":\"https:\/\/cnewa.org\/fr\/wp-content\/uploads\/sites\/3\/2019\/11\/CNEWA-brand-logo.png\",\"width\":1000,\"height\":1000,\"caption\":\"CNEWA Canada\"},\"image\":{\"@id\":\"https:\/\/cnewa.org\/fr\/#\/schema\/logo\/image\/\"},\"sameAs\":[\"https:\/\/www.facebook.com\/cnewacanada\/\",\"https:\/\/x.com\/cnewac\",\"https:\/\/www.instagram.com\/cnewa1926\/\",\"https:\/\/www.youtube.com\/user\/TheCNEWA\"]}]}<\/script>\n<!-- \/ Yoast SEO Premium plugin. -->","yoast_head_json":{"title":"La Syrie | CNEWA Canada","robots":{"index":"index","follow":"follow","max-snippet":"max-snippet:-1","max-image-preview":"max-image-preview:large","max-video-preview":"max-video-preview:-1"},"canonical":"https:\/\/cnewa.org\/fr\/ou-nous-travaillons\/moyen-orient\/la-syrie\/","og_locale":"fr_CA","og_type":"article","og_title":"La Syrie","og_description":"La Syrie est un pays de diversit\u00e9 religieuse dont la population est confront\u00e9e \u00e0 des bouleversements et \u00e0 des destructions sans pr\u00e9c\u00e9dent depuis des d\u00e9cennies. Avec l&rsquo;effondrement du r\u00e9gime Assad, la situation \u00e9conomique, politique et sociale reste inconnue, car les anciens rebelles qui contr\u00f4lent d\u00e9sormais Damas cherchent \u00e0 consolider leur autorit\u00e9, m\u00eame si certaines parties &hellip; Continued","og_site_name":"CNEWA Canada","article_publisher":"https:\/\/www.facebook.com\/cnewacanada\/","article_modified_time":"2024-12-14T03:40:37+00:00","og_image":[{"width":1800,"height":1260,"url":"https:\/\/cnewa.org\/fr\/wp-content\/uploads\/sites\/3\/2024\/04\/SOP-348-158r-1221-d.jpg","type":"image\/jpeg"}],"twitter_card":"summary_large_image","twitter_site":"@cnewac","twitter_misc":{"Estimation du temps de lecture":"6 minutes"},"schema":{"@context":"https:\/\/schema.org","@graph":[{"@type":"WebPage","@id":"https:\/\/cnewa.org\/fr\/ou-nous-travaillons\/moyen-orient\/la-syrie\/","url":"https:\/\/cnewa.org\/fr\/ou-nous-travaillons\/moyen-orient\/la-syrie\/","name":"La Syrie | CNEWA Canada","isPartOf":{"@id":"https:\/\/cnewa.org\/fr\/#website"},"primaryImageOfPage":{"@id":"https:\/\/cnewa.org\/fr\/ou-nous-travaillons\/moyen-orient\/la-syrie\/#primaryimage"},"image":{"@id":"https:\/\/cnewa.org\/fr\/ou-nous-travaillons\/moyen-orient\/la-syrie\/#primaryimage"},"thumbnailUrl":"https:\/\/cnewa.org\/fr\/wp-content\/uploads\/sites\/3\/2024\/04\/SOP-348-158r-1221-d.jpg","datePublished":"2024-04-23T19:15:24+00:00","dateModified":"2024-12-14T03:40:37+00:00","breadcrumb":{"@id":"https:\/\/cnewa.org\/fr\/ou-nous-travaillons\/moyen-orient\/la-syrie\/#breadcrumb"},"inLanguage":"fr-CA","potentialAction":[{"@type":"ReadAction","target":["https:\/\/cnewa.org\/fr\/ou-nous-travaillons\/moyen-orient\/la-syrie\/"]}]},{"@type":"ImageObject","inLanguage":"fr-CA","@id":"https:\/\/cnewa.org\/fr\/ou-nous-travaillons\/moyen-orient\/la-syrie\/#primaryimage","url":"https:\/\/cnewa.org\/fr\/wp-content\/uploads\/sites\/3\/2024\/04\/SOP-348-158r-1221-d.jpg","contentUrl":"https:\/\/cnewa.org\/fr\/wp-content\/uploads\/sites\/3\/2024\/04\/SOP-348-158r-1221-d.jpg","width":1800,"height":1260},{"@type":"BreadcrumbList","@id":"https:\/\/cnewa.org\/fr\/ou-nous-travaillons\/moyen-orient\/la-syrie\/#breadcrumb","itemListElement":[{"@type":"ListItem","position":1,"name":"Accueil","item":"https:\/\/cnewa.org\/fr\/"},{"@type":"ListItem","position":2,"name":"O\u00f9 Nous Travaillons","item":"https:\/\/cnewa.org\/fr\/ou-nous-travaillons\/"},{"@type":"ListItem","position":3,"name":"Le Moyen-Orient\u00a0","item":"https:\/\/cnewa.org\/fr\/ou-nous-travaillons\/moyen-orient\/"},{"@type":"ListItem","position":4,"name":"La Syrie"}]},{"@type":"WebSite","@id":"https:\/\/cnewa.org\/fr\/#website","url":"https:\/\/cnewa.org\/fr\/","name":"CNEWA Canada","description":"Association catholique d\u2019aide \u00e0 l\u2019Orient","publisher":{"@id":"https:\/\/cnewa.org\/fr\/#organization"},"potentialAction":[{"@type":"SearchAction","target":{"@type":"EntryPoint","urlTemplate":"https:\/\/cnewa.org\/fr\/?s={search_term_string}"},"query-input":{"@type":"PropertyValueSpecification","valueRequired":true,"valueName":"search_term_string"}}],"inLanguage":"fr-CA"},{"@type":"Organization","@id":"https:\/\/cnewa.org\/fr\/#organization","name":"CNEWA Canada","alternateName":"Association catholique d\u2019aide \u00e0 l\u2019Orient","url":"https:\/\/cnewa.org\/fr\/","logo":{"@type":"ImageObject","inLanguage":"fr-CA","@id":"https:\/\/cnewa.org\/fr\/#\/schema\/logo\/image\/","url":"https:\/\/cnewa.org\/fr\/wp-content\/uploads\/sites\/3\/2019\/11\/CNEWA-brand-logo.png","contentUrl":"https:\/\/cnewa.org\/fr\/wp-content\/uploads\/sites\/3\/2019\/11\/CNEWA-brand-logo.png","width":1000,"height":1000,"caption":"CNEWA Canada"},"image":{"@id":"https:\/\/cnewa.org\/fr\/#\/schema\/logo\/image\/"},"sameAs":["https:\/\/www.facebook.com\/cnewacanada\/","https:\/\/x.com\/cnewac","https:\/\/www.instagram.com\/cnewa1926\/","https:\/\/www.youtube.com\/user\/TheCNEWA"]}]}},"_links":{"self":[{"href":"https:\/\/cnewa.org\/fr\/wp-json\/wp\/v2\/pages\/1793","targetHints":{"allow":["GET"]}}],"collection":[{"href":"https:\/\/cnewa.org\/fr\/wp-json\/wp\/v2\/pages"}],"about":[{"href":"https:\/\/cnewa.org\/fr\/wp-json\/wp\/v2\/types\/page"}],"author":[{"embeddable":true,"href":"https:\/\/cnewa.org\/fr\/wp-json\/wp\/v2\/users\/70071"}],"replies":[{"embeddable":true,"href":"https:\/\/cnewa.org\/fr\/wp-json\/wp\/v2\/comments?post=1793"}],"version-history":[{"count":4,"href":"https:\/\/cnewa.org\/fr\/wp-json\/wp\/v2\/pages\/1793\/revisions"}],"predecessor-version":[{"id":2144,"href":"https:\/\/cnewa.org\/fr\/wp-json\/wp\/v2\/pages\/1793\/revisions\/2144"}],"up":[{"embeddable":true,"href":"https:\/\/cnewa.org\/fr\/wp-json\/wp\/v2\/pages\/158"}],"wp:featuredmedia":[{"embeddable":true,"href":"https:\/\/cnewa.org\/fr\/wp-json\/wp\/v2\/media\/1795"}],"wp:attachment":[{"href":"https:\/\/cnewa.org\/fr\/wp-json\/wp\/v2\/media?parent=1793"}],"curies":[{"name":"wp","href":"https:\/\/api.w.org\/{rel}","templated":true}]}}