{"id":187,"date":"2019-10-28T17:26:38","date_gmt":"2019-10-28T21:26:38","guid":{"rendered":"https:\/\/cnewa.org\/fr\/?page_id=187"},"modified":"2025-09-10T13:08:55","modified_gmt":"2025-09-10T17:08:55","slug":"nord-est-de-lafrique","status":"publish","type":"page","link":"https:\/\/cnewa.org\/fr\/ou-nous-travaillons\/nord-est-de-lafrique\/","title":{"rendered":"Nord-est de l\u2019Afrique"},"content":{"rendered":"\n<h2 class=\"wp-block-heading\" id=\"h-les-pays-du-nord-est-de-l-afrique-l-egypte-l-erythree-et-l-ethiopie-font-face-a-des-defis-economiques-environnementaux-politiques-et-sociaux-considerables-nbsp\">Les pays du Nord-Est de l\u2019Afrique &#8211; <a href=\"https:\/\/cnewa.org\/fr\/ou-nous-travaillons\/nord-est-de-lafrique\/legypte\/\">l\u2019\u00c9gypte<\/a>, <a href=\"https:\/\/cnewa.org\/fr\/ou-nous-travaillons\/nord-est-de-lafrique\/lerythree\/\">l\u2019\u00c9rythr\u00e9e <\/a>et <a href=\"https:\/\/cnewa.org\/fr\/ou-nous-travaillons\/nord-est-de-lafrique\/lethiopie\/\">l\u2019\u00c9thiopie <\/a>\u2013 font face \u00e0 des d\u00e9fis \u00e9conomiques, environnementaux, politiques et sociaux consid\u00e9rables.&nbsp;<\/h2>\n\n\n\n<p>La pauvret\u00e9, la peur du coronavirus, la s\u00e9cheresse et autres cons\u00e9quences des changements climatiques p\u00e8sent lourdement sur les plus vuln\u00e9rables. Les conflits ethniques et l\u2019intol\u00e9rance religieuse menacent de d\u00e9truire le tissu social de plusieurs de ces soci\u00e9t\u00e9s.&nbsp; La faim demeure une r\u00e9alit\u00e9 quotidienne pour plusieurs. Et pourtant, c\u2019est un territoire avide de solutions et d\u2019espoir.&nbsp;<\/p>\n\n\n\n<p>Les principaux partenaires de CNEWA dans la r\u00e9gion, les \u00c9glises catholiques copte, \u00e9rythr\u00e9enne et \u00e9thiopienne, partagent un h\u00e9ritage chr\u00e9tien pr\u00e9sent dans cette r\u00e9gion depuis le premier si\u00e8cle. Bien que constitu\u00e9e de petites communaut\u00e9s de foi, chaque \u00c9glise joue un r\u00f4le important dans ce coin du monde en aidant \u00e0 soigner, \u00e0 \u00e9duquer et \u00e0 former ceux et celles qui en ont le plus besoin. Depuis ses d\u00e9buts, CNEWA est l\u00e0 pour accompagner ces \u00c9glises sur le chemin de l&rsquo;\u00c9vangile.&nbsp;<\/p>\n\n\n\n<div class=\"wp-block-columns is-layout-flex wp-container-core-columns-is-layout-9d6595d7 wp-block-columns-is-layout-flex\">\n<div class=\"wp-block-column is-layout-flow wp-block-column-is-layout-flow\" style=\"flex-basis:100%\">\n<figure class=\"wp-block-gallery has-nested-images columns-3 is-cropped is-style-lightbox wp-block-gallery-2 is-layout-flex wp-block-gallery-is-layout-flex\">\n<figure class=\"wp-block-image size-full\"><img loading=\"lazy\" decoding=\"async\" width=\"1024\" height=\"683\" data-id=\"2412\" src=\"https:\/\/cnewa.org\/fr\/wp-content\/uploads\/sites\/3\/2025\/07\/anis20181_012H-1024x6831-1.jpg\" alt=\"un pr\u00eatre enseigne aux \u00e9tudiants du s\u00e9minaire\" class=\"wp-image-2412\" srcset=\"https:\/\/cnewa.org\/fr\/wp-content\/uploads\/sites\/3\/2025\/07\/anis20181_012H-1024x6831-1.jpg 1024w, https:\/\/cnewa.org\/fr\/wp-content\/uploads\/sites\/3\/2025\/07\/anis20181_012H-1024x6831-1-300x200.jpg 300w, https:\/\/cnewa.org\/fr\/wp-content\/uploads\/sites\/3\/2025\/07\/anis20181_012H-1024x6831-1-768x512.jpg 768w\" sizes=\"auto, (max-width: 1024px) 100vw, 1024px\" \/><figcaption class=\"wp-element-caption\">Des \u00e9tudiants assistent \u00e0 un cours \u00e0 l&rsquo;int\u00e9rieur du s\u00e9minaire copte catholique dans le quartier de Maadi au Caire, \u00c9gypte. (photo : Roger Anis)<\/figcaption><\/figure>\n\n\n\n<figure class=\"wp-block-image size-large\"><img loading=\"lazy\" decoding=\"async\" width=\"1024\" height=\"683\" data-id=\"2413\" src=\"https:\/\/cnewa.org\/fr\/wp-content\/uploads\/sites\/3\/2025\/07\/kozar20173_339h1-1024x683.jpg\" alt=\"femme voil\u00e9e jouant d'un grand tambour en plein air\" class=\"wp-image-2413\" srcset=\"https:\/\/cnewa.org\/fr\/wp-content\/uploads\/sites\/3\/2025\/07\/kozar20173_339h1-1024x683.jpg 1024w, https:\/\/cnewa.org\/fr\/wp-content\/uploads\/sites\/3\/2025\/07\/kozar20173_339h1-300x200.jpg 300w, https:\/\/cnewa.org\/fr\/wp-content\/uploads\/sites\/3\/2025\/07\/kozar20173_339h1-768x512.jpg 768w, https:\/\/cnewa.org\/fr\/wp-content\/uploads\/sites\/3\/2025\/07\/kozar20173_339h1-1536x1024.jpg 1536w, https:\/\/cnewa.org\/fr\/wp-content\/uploads\/sites\/3\/2025\/07\/kozar20173_339h1-1600x1067.jpg 1600w, https:\/\/cnewa.org\/fr\/wp-content\/uploads\/sites\/3\/2025\/07\/kozar20173_339h1.jpg 1900w\" sizes=\"auto, (max-width: 1024px) 100vw, 1024px\" \/><figcaption class=\"wp-element-caption\">Visite pastorale de Monseigneur Kozar en \u00c9thiopie et en \u00c9rythr\u00e9e, avril 2017.<\/figcaption><\/figure>\n\n\n\n<figure class=\"wp-block-image size-large\"><img loading=\"lazy\" decoding=\"async\" width=\"1024\" height=\"683\" data-id=\"2414\" src=\"https:\/\/cnewa.org\/fr\/wp-content\/uploads\/sites\/3\/2025\/07\/wiggers20173_065H1-1024x683.jpg\" alt=\"des jeunes femmes s'exercent \u00e0 la coiffure les unes sur les autres dans un petit salon.\" class=\"wp-image-2414\" srcset=\"https:\/\/cnewa.org\/fr\/wp-content\/uploads\/sites\/3\/2025\/07\/wiggers20173_065H1-1024x683.jpg 1024w, https:\/\/cnewa.org\/fr\/wp-content\/uploads\/sites\/3\/2025\/07\/wiggers20173_065H1-300x200.jpg 300w, https:\/\/cnewa.org\/fr\/wp-content\/uploads\/sites\/3\/2025\/07\/wiggers20173_065H1-768x512.jpg 768w, https:\/\/cnewa.org\/fr\/wp-content\/uploads\/sites\/3\/2025\/07\/wiggers20173_065H1-1536x1024.jpg 1536w, https:\/\/cnewa.org\/fr\/wp-content\/uploads\/sites\/3\/2025\/07\/wiggers20173_065H1-1600x1067.jpg 1600w, https:\/\/cnewa.org\/fr\/wp-content\/uploads\/sites\/3\/2025\/07\/wiggers20173_065H1.jpg 1900w\" sizes=\"auto, (max-width: 1024px) 100vw, 1024px\" \/><figcaption class=\"wp-element-caption\">Les \u00e9l\u00e8ves apprennent des m\u00e9tiers tels que la coiffure dans le salon du centre Kidist Mariam \u00e0 Meki, g\u00e9r\u00e9 par la Communaut\u00e9 de Saint-Paul. (photo : Petterik Wiggers)<\/figcaption><\/figure>\n\n\n\n<figure class=\"wp-block-image size-large\"><img loading=\"lazy\" decoding=\"async\" width=\"1024\" height=\"620\" data-id=\"2415\" src=\"https:\/\/cnewa.org\/fr\/wp-content\/uploads\/sites\/3\/2025\/07\/sprague31840_070H_21-1024x620.jpg\" alt=\"de jeunes \u00e9tudiants dans une salle de classe\" class=\"wp-image-2415\" srcset=\"https:\/\/cnewa.org\/fr\/wp-content\/uploads\/sites\/3\/2025\/07\/sprague31840_070H_21-1024x620.jpg 1024w, https:\/\/cnewa.org\/fr\/wp-content\/uploads\/sites\/3\/2025\/07\/sprague31840_070H_21-300x182.jpg 300w, https:\/\/cnewa.org\/fr\/wp-content\/uploads\/sites\/3\/2025\/07\/sprague31840_070H_21-768x465.jpg 768w, https:\/\/cnewa.org\/fr\/wp-content\/uploads\/sites\/3\/2025\/07\/sprague31840_070H_21-1536x929.jpg 1536w, https:\/\/cnewa.org\/fr\/wp-content\/uploads\/sites\/3\/2025\/07\/sprague31840_070H_21-2048x1239.jpg 2048w, https:\/\/cnewa.org\/fr\/wp-content\/uploads\/sites\/3\/2025\/07\/sprague31840_070H_21-1600x968.jpg 1600w\" sizes=\"auto, (max-width: 1024px) 100vw, 1024px\" \/><figcaption class=\"wp-element-caption\">Enfants en classe de maternelle au Foyer pour enfants Kidane Merhet, Addis-Abeba, g\u00e9r\u00e9 par les Soeurs franciscaines du Coeur de J\u00e9sus.<\/figcaption><\/figure>\n<\/figure>\n<\/div>\n<\/div>\n\n\n\n<details class=\"wp-block-details is-layout-flow wp-block-details-is-layout-flow\"><summary>\u00c9gypte<\/summary>\n<p>L\u2019\u00c9gypte est en crise et les chr\u00e9tiens sont cibl\u00e9s et victimes de violence sans pr\u00e9c\u00e9dent \u00e0 leur \u00e9gard. Ils ont besoin de votre solidarit\u00e9 pour affermir leur pr\u00e9sence. Par le biais des organismes religieux locaux, vous pouvez aider les jeunes \u00e0 trouver du travail, \u00e0 b\u00e2tir des centres communautaires et des cliniques, \u00e0 instruire les pr\u00eatres et religieuses, \u00e0 prendre soin des enfants appauvris, \u00e0 procurer abri, \u00e9cole, nourriture et v\u00eatements pour les personne d\u00e9plac\u00e9es.<\/p>\n\n\n\n<figure class=\"wp-block-image size-full is-resized\"><img loading=\"lazy\" decoding=\"async\" width=\"324\" height=\"252\" src=\"https:\/\/cnewa.org\/fr\/wp-content\/uploads\/sites\/3\/2019\/10\/Gen-58I-1.jpg\" alt=\"\" class=\"wp-image-190\" style=\"width:1024px\" srcset=\"https:\/\/cnewa.org\/fr\/wp-content\/uploads\/sites\/3\/2019\/10\/Gen-58I-1.jpg 324w, https:\/\/cnewa.org\/fr\/wp-content\/uploads\/sites\/3\/2019\/10\/Gen-58I-1-300x233.jpg 300w\" sizes=\"auto, (max-width: 324px) 100vw, 324px\" \/><figcaption class=\"wp-element-caption\">Laboratoire de sciences de L\u2019\u00c9cole franciscaine Abou Kir, \u00e0 Alexandrie. (photo: Sean Sprague)<\/figcaption><\/figure>\n<\/details>\n\n\n\n<details class=\"wp-block-details is-layout-flow wp-block-details-is-layout-flow\"><summary>\u00c9rythr\u00e9e<\/summary>\n<p>Une pauvret\u00e9 end\u00e9mique et un manque de nourriture affectent la vie de toutes les personnes qui vivent dans ce tout petit pays qui frappe s\u00e9v\u00e8rement en particulier femmes et enfants. Vous pouvez aider \u00e0 fournir aux enfants appauvris soins, \u00e9cole et repas nutritifs, en plus d\u2019aider \u00e0 trouver de nouvelles fa\u00e7ons de permettre aux petits fermiers d\u2019\u00eatre autosuffisants.<\/p>\n\n\n\n<figure class=\"wp-block-image size-full is-resized\"><img loading=\"lazy\" decoding=\"async\" width=\"252\" height=\"324\" src=\"https:\/\/cnewa.org\/fr\/wp-content\/uploads\/sites\/3\/2019\/10\/Gen-59I-1.jpg\" alt=\"\" class=\"wp-image-191\" style=\"width:1024px\" srcset=\"https:\/\/cnewa.org\/fr\/wp-content\/uploads\/sites\/3\/2019\/10\/Gen-59I-1.jpg 252w, https:\/\/cnewa.org\/fr\/wp-content\/uploads\/sites\/3\/2019\/10\/Gen-59I-1-233x300.jpg 233w\" sizes=\"auto, (max-width: 252px) 100vw, 252px\" \/><figcaption class=\"wp-element-caption\">Dans quinze centres de ravitaillement de l\u2019\u00c9parchie de Keren, les enfants se font peser une fois par mois par des femmes du village; leur sant\u00e9 est surveill\u00e9e de pr\u00e8s. (photo: Chris Hellier)<\/figcaption><\/figure>\n<\/details>\n\n\n\n<details class=\"wp-block-details is-layout-flow wp-block-details-is-layout-flow\"><summary>\u00c9thiopie<\/summary>\n<p>L\u2019\u00c9thiopie a un riche h\u00e9ritage chr\u00e9tien, mais est l\u2019un des pays les plus pauvres au monde. Vous pouvez aider \u00e0 nourrir, \u00e0 v\u00eatir et \u00e0 instruire ses enfants, \u00e0 former des pr\u00eatres, des religieuses et des la\u00efques, \u00e0 fournir de l\u2019eau potable et \u00e0 redonner des forces \u00e0 ses familles.<\/p>\n\n\n\n<figure class=\"wp-block-image size-full is-resized\"><img loading=\"lazy\" decoding=\"async\" width=\"324\" height=\"252\" src=\"https:\/\/cnewa.org\/fr\/wp-content\/uploads\/sites\/3\/2019\/10\/Gen-60I-1.jpg\" alt=\"\" class=\"wp-image-192\" style=\"width:1024px\" srcset=\"https:\/\/cnewa.org\/fr\/wp-content\/uploads\/sites\/3\/2019\/10\/Gen-60I-1.jpg 324w, https:\/\/cnewa.org\/fr\/wp-content\/uploads\/sites\/3\/2019\/10\/Gen-60I-1-300x233.jpg 300w\" sizes=\"auto, (max-width: 324px) 100vw, 324px\" \/><figcaption class=\"wp-element-caption\">Des gar\u00e7ons de l\u2019orphelinat de Ambo en \u00c9thiopie lisent les Saintes \u00c9critures. (photo: Sean Sprague)<\/figcaption><\/figure>\n<\/details>\n","protected":false},"excerpt":{"rendered":"<p>Les pays du Nord-Est de l\u2019Afrique &#8211; l\u2019\u00c9gypte, l\u2019\u00c9rythr\u00e9e et l\u2019\u00c9thiopie \u2013 font face \u00e0 des d\u00e9fis \u00e9conomiques, environnementaux, politiques et sociaux consid\u00e9rables.&nbsp; La pauvret\u00e9, la peur du coronavirus, la s\u00e9cheresse et autres cons\u00e9quences des changements climatiques p\u00e8sent lourdement sur les plus vuln\u00e9rables. Les conflits ethniques et l\u2019intol\u00e9rance religieuse menacent de d\u00e9truire le tissu social &hellip; <a href=\"https:\/\/cnewa.org\/fr\/ou-nous-travaillons\/nord-est-de-lafrique\/\">Continued<\/a><\/p>\n","protected":false},"author":70080,"featured_media":0,"parent":147,"menu_order":0,"comment_status":"closed","ping_status":"closed","template":"","meta":{"_acf_changed":false,"footnotes":""},"class_list":["post-187","page","type-page","status-publish","hentry"],"acf":[],"yoast_head":"<!-- This site is optimized with the Yoast SEO Premium plugin v27.2 (Yoast SEO v27.2) - https:\/\/yoast.com\/product\/yoast-seo-premium-wordpress\/ -->\n<title>Nord-est de l\u2019Afrique | CNEWA Canada<\/title>\n<meta name=\"robots\" content=\"index, follow, max-snippet:-1, max-image-preview:large, max-video-preview:-1\" \/>\n<link rel=\"canonical\" href=\"https:\/\/cnewa.org\/fr\/ou-nous-travaillons\/nord-est-de-lafrique\/\" \/>\n<meta property=\"og:locale\" content=\"fr_CA\" \/>\n<meta property=\"og:type\" content=\"article\" \/>\n<meta property=\"og:title\" content=\"Nord-est de l\u2019Afrique\" \/>\n<meta property=\"og:description\" content=\"Les pays du Nord-Est de l\u2019Afrique &#8211; l\u2019\u00c9gypte, l\u2019\u00c9rythr\u00e9e et l\u2019\u00c9thiopie \u2013 font face \u00e0 des d\u00e9fis \u00e9conomiques, environnementaux, politiques et sociaux consid\u00e9rables.&nbsp; La pauvret\u00e9, la peur du coronavirus, la s\u00e9cheresse et autres cons\u00e9quences des changements climatiques p\u00e8sent lourdement sur les plus vuln\u00e9rables. Les conflits ethniques et l\u2019intol\u00e9rance religieuse menacent de d\u00e9truire le tissu social &hellip; Continued\" \/>\n<meta property=\"og:site_name\" content=\"CNEWA Canada\" \/>\n<meta property=\"article:publisher\" content=\"https:\/\/www.facebook.com\/cnewacanada\/\" \/>\n<meta property=\"article:modified_time\" content=\"2025-09-10T17:08:55+00:00\" \/>\n<meta property=\"og:image\" content=\"https:\/\/cnewa.org\/fr\/wp-content\/uploads\/sites\/3\/2025\/07\/anis20181_012H-1024x6831-1.jpg\" \/>\n\t<meta property=\"og:image:width\" content=\"1024\" \/>\n\t<meta property=\"og:image:height\" content=\"683\" \/>\n\t<meta property=\"og:image:type\" content=\"image\/jpeg\" \/>\n<meta name=\"twitter:card\" content=\"summary_large_image\" \/>\n<meta name=\"twitter:site\" content=\"@cnewac\" \/>\n<meta name=\"twitter:label1\" content=\"Estimation du temps de lecture\" \/>\n\t<meta name=\"twitter:data1\" content=\"4 minutes\" \/>\n<script type=\"application\/ld+json\" class=\"yoast-schema-graph\">{\"@context\":\"https:\/\/schema.org\",\"@graph\":[{\"@type\":\"WebPage\",\"@id\":\"https:\/\/cnewa.org\/fr\/ou-nous-travaillons\/nord-est-de-lafrique\/\",\"url\":\"https:\/\/cnewa.org\/fr\/ou-nous-travaillons\/nord-est-de-lafrique\/\",\"name\":\"Nord-est de l\u2019Afrique | CNEWA Canada\",\"isPartOf\":{\"@id\":\"https:\/\/cnewa.org\/fr\/#website\"},\"primaryImageOfPage\":{\"@id\":\"https:\/\/cnewa.org\/fr\/ou-nous-travaillons\/nord-est-de-lafrique\/#primaryimage\"},\"image\":{\"@id\":\"https:\/\/cnewa.org\/fr\/ou-nous-travaillons\/nord-est-de-lafrique\/#primaryimage\"},\"thumbnailUrl\":\"https:\/\/cnewa.org\/fr\/wp-content\/uploads\/sites\/3\/2025\/07\/anis20181_012H-1024x6831-1.jpg\",\"datePublished\":\"2019-10-28T21:26:38+00:00\",\"dateModified\":\"2025-09-10T17:08:55+00:00\",\"breadcrumb\":{\"@id\":\"https:\/\/cnewa.org\/fr\/ou-nous-travaillons\/nord-est-de-lafrique\/#breadcrumb\"},\"inLanguage\":\"fr-CA\",\"potentialAction\":[{\"@type\":\"ReadAction\",\"target\":[\"https:\/\/cnewa.org\/fr\/ou-nous-travaillons\/nord-est-de-lafrique\/\"]}]},{\"@type\":\"ImageObject\",\"inLanguage\":\"fr-CA\",\"@id\":\"https:\/\/cnewa.org\/fr\/ou-nous-travaillons\/nord-est-de-lafrique\/#primaryimage\",\"url\":\"https:\/\/cnewa.org\/fr\/wp-content\/uploads\/sites\/3\/2025\/07\/anis20181_012H-1024x6831-1.jpg\",\"contentUrl\":\"https:\/\/cnewa.org\/fr\/wp-content\/uploads\/sites\/3\/2025\/07\/anis20181_012H-1024x6831-1.jpg\"},{\"@type\":\"BreadcrumbList\",\"@id\":\"https:\/\/cnewa.org\/fr\/ou-nous-travaillons\/nord-est-de-lafrique\/#breadcrumb\",\"itemListElement\":[{\"@type\":\"ListItem\",\"position\":1,\"name\":\"Accueil\",\"item\":\"https:\/\/cnewa.org\/fr\/\"},{\"@type\":\"ListItem\",\"position\":2,\"name\":\"O\u00f9 Nous Travaillons\",\"item\":\"https:\/\/cnewa.org\/fr\/ou-nous-travaillons\/\"},{\"@type\":\"ListItem\",\"position\":3,\"name\":\"Nord-est de l\u2019Afrique\"}]},{\"@type\":\"WebSite\",\"@id\":\"https:\/\/cnewa.org\/fr\/#website\",\"url\":\"https:\/\/cnewa.org\/fr\/\",\"name\":\"CNEWA Canada\",\"description\":\"Association catholique d\u2019aide \u00e0 l\u2019Orient\",\"publisher\":{\"@id\":\"https:\/\/cnewa.org\/fr\/#organization\"},\"potentialAction\":[{\"@type\":\"SearchAction\",\"target\":{\"@type\":\"EntryPoint\",\"urlTemplate\":\"https:\/\/cnewa.org\/fr\/?s={search_term_string}\"},\"query-input\":{\"@type\":\"PropertyValueSpecification\",\"valueRequired\":true,\"valueName\":\"search_term_string\"}}],\"inLanguage\":\"fr-CA\"},{\"@type\":\"Organization\",\"@id\":\"https:\/\/cnewa.org\/fr\/#organization\",\"name\":\"CNEWA Canada\",\"alternateName\":\"Association catholique d\u2019aide \u00e0 l\u2019Orient\",\"url\":\"https:\/\/cnewa.org\/fr\/\",\"logo\":{\"@type\":\"ImageObject\",\"inLanguage\":\"fr-CA\",\"@id\":\"https:\/\/cnewa.org\/fr\/#\/schema\/logo\/image\/\",\"url\":\"https:\/\/cnewa.org\/fr\/wp-content\/uploads\/sites\/3\/2019\/11\/CNEWA-brand-logo.png\",\"contentUrl\":\"https:\/\/cnewa.org\/fr\/wp-content\/uploads\/sites\/3\/2019\/11\/CNEWA-brand-logo.png\",\"width\":1000,\"height\":1000,\"caption\":\"CNEWA Canada\"},\"image\":{\"@id\":\"https:\/\/cnewa.org\/fr\/#\/schema\/logo\/image\/\"},\"sameAs\":[\"https:\/\/www.facebook.com\/cnewacanada\/\",\"https:\/\/x.com\/cnewac\",\"https:\/\/www.instagram.com\/cnewa1926\/\",\"https:\/\/www.youtube.com\/user\/TheCNEWA\"]}]}<\/script>\n<!-- \/ Yoast SEO Premium plugin. -->","yoast_head_json":{"title":"Nord-est de l\u2019Afrique | CNEWA Canada","robots":{"index":"index","follow":"follow","max-snippet":"max-snippet:-1","max-image-preview":"max-image-preview:large","max-video-preview":"max-video-preview:-1"},"canonical":"https:\/\/cnewa.org\/fr\/ou-nous-travaillons\/nord-est-de-lafrique\/","og_locale":"fr_CA","og_type":"article","og_title":"Nord-est de l\u2019Afrique","og_description":"Les pays du Nord-Est de l\u2019Afrique &#8211; l\u2019\u00c9gypte, l\u2019\u00c9rythr\u00e9e et l\u2019\u00c9thiopie \u2013 font face \u00e0 des d\u00e9fis \u00e9conomiques, environnementaux, politiques et sociaux consid\u00e9rables.&nbsp; La pauvret\u00e9, la peur du coronavirus, la s\u00e9cheresse et autres cons\u00e9quences des changements climatiques p\u00e8sent lourdement sur les plus vuln\u00e9rables. Les conflits ethniques et l\u2019intol\u00e9rance religieuse menacent de d\u00e9truire le tissu social &hellip; Continued","og_site_name":"CNEWA Canada","article_publisher":"https:\/\/www.facebook.com\/cnewacanada\/","article_modified_time":"2025-09-10T17:08:55+00:00","og_image":[{"width":1024,"height":683,"url":"https:\/\/cnewa.org\/fr\/wp-content\/uploads\/sites\/3\/2025\/07\/anis20181_012H-1024x6831-1.jpg","type":"image\/jpeg"}],"twitter_card":"summary_large_image","twitter_site":"@cnewac","twitter_misc":{"Estimation du temps de lecture":"4 minutes"},"schema":{"@context":"https:\/\/schema.org","@graph":[{"@type":"WebPage","@id":"https:\/\/cnewa.org\/fr\/ou-nous-travaillons\/nord-est-de-lafrique\/","url":"https:\/\/cnewa.org\/fr\/ou-nous-travaillons\/nord-est-de-lafrique\/","name":"Nord-est de l\u2019Afrique | CNEWA Canada","isPartOf":{"@id":"https:\/\/cnewa.org\/fr\/#website"},"primaryImageOfPage":{"@id":"https:\/\/cnewa.org\/fr\/ou-nous-travaillons\/nord-est-de-lafrique\/#primaryimage"},"image":{"@id":"https:\/\/cnewa.org\/fr\/ou-nous-travaillons\/nord-est-de-lafrique\/#primaryimage"},"thumbnailUrl":"https:\/\/cnewa.org\/fr\/wp-content\/uploads\/sites\/3\/2025\/07\/anis20181_012H-1024x6831-1.jpg","datePublished":"2019-10-28T21:26:38+00:00","dateModified":"2025-09-10T17:08:55+00:00","breadcrumb":{"@id":"https:\/\/cnewa.org\/fr\/ou-nous-travaillons\/nord-est-de-lafrique\/#breadcrumb"},"inLanguage":"fr-CA","potentialAction":[{"@type":"ReadAction","target":["https:\/\/cnewa.org\/fr\/ou-nous-travaillons\/nord-est-de-lafrique\/"]}]},{"@type":"ImageObject","inLanguage":"fr-CA","@id":"https:\/\/cnewa.org\/fr\/ou-nous-travaillons\/nord-est-de-lafrique\/#primaryimage","url":"https:\/\/cnewa.org\/fr\/wp-content\/uploads\/sites\/3\/2025\/07\/anis20181_012H-1024x6831-1.jpg","contentUrl":"https:\/\/cnewa.org\/fr\/wp-content\/uploads\/sites\/3\/2025\/07\/anis20181_012H-1024x6831-1.jpg"},{"@type":"BreadcrumbList","@id":"https:\/\/cnewa.org\/fr\/ou-nous-travaillons\/nord-est-de-lafrique\/#breadcrumb","itemListElement":[{"@type":"ListItem","position":1,"name":"Accueil","item":"https:\/\/cnewa.org\/fr\/"},{"@type":"ListItem","position":2,"name":"O\u00f9 Nous Travaillons","item":"https:\/\/cnewa.org\/fr\/ou-nous-travaillons\/"},{"@type":"ListItem","position":3,"name":"Nord-est de l\u2019Afrique"}]},{"@type":"WebSite","@id":"https:\/\/cnewa.org\/fr\/#website","url":"https:\/\/cnewa.org\/fr\/","name":"CNEWA Canada","description":"Association catholique d\u2019aide \u00e0 l\u2019Orient","publisher":{"@id":"https:\/\/cnewa.org\/fr\/#organization"},"potentialAction":[{"@type":"SearchAction","target":{"@type":"EntryPoint","urlTemplate":"https:\/\/cnewa.org\/fr\/?s={search_term_string}"},"query-input":{"@type":"PropertyValueSpecification","valueRequired":true,"valueName":"search_term_string"}}],"inLanguage":"fr-CA"},{"@type":"Organization","@id":"https:\/\/cnewa.org\/fr\/#organization","name":"CNEWA Canada","alternateName":"Association catholique d\u2019aide \u00e0 l\u2019Orient","url":"https:\/\/cnewa.org\/fr\/","logo":{"@type":"ImageObject","inLanguage":"fr-CA","@id":"https:\/\/cnewa.org\/fr\/#\/schema\/logo\/image\/","url":"https:\/\/cnewa.org\/fr\/wp-content\/uploads\/sites\/3\/2019\/11\/CNEWA-brand-logo.png","contentUrl":"https:\/\/cnewa.org\/fr\/wp-content\/uploads\/sites\/3\/2019\/11\/CNEWA-brand-logo.png","width":1000,"height":1000,"caption":"CNEWA Canada"},"image":{"@id":"https:\/\/cnewa.org\/fr\/#\/schema\/logo\/image\/"},"sameAs":["https:\/\/www.facebook.com\/cnewacanada\/","https:\/\/x.com\/cnewac","https:\/\/www.instagram.com\/cnewa1926\/","https:\/\/www.youtube.com\/user\/TheCNEWA"]}]}},"_links":{"self":[{"href":"https:\/\/cnewa.org\/fr\/wp-json\/wp\/v2\/pages\/187","targetHints":{"allow":["GET"]}}],"collection":[{"href":"https:\/\/cnewa.org\/fr\/wp-json\/wp\/v2\/pages"}],"about":[{"href":"https:\/\/cnewa.org\/fr\/wp-json\/wp\/v2\/types\/page"}],"author":[{"embeddable":true,"href":"https:\/\/cnewa.org\/fr\/wp-json\/wp\/v2\/users\/70080"}],"replies":[{"embeddable":true,"href":"https:\/\/cnewa.org\/fr\/wp-json\/wp\/v2\/comments?post=187"}],"version-history":[{"count":12,"href":"https:\/\/cnewa.org\/fr\/wp-json\/wp\/v2\/pages\/187\/revisions"}],"predecessor-version":[{"id":2486,"href":"https:\/\/cnewa.org\/fr\/wp-json\/wp\/v2\/pages\/187\/revisions\/2486"}],"up":[{"embeddable":true,"href":"https:\/\/cnewa.org\/fr\/wp-json\/wp\/v2\/pages\/147"}],"wp:attachment":[{"href":"https:\/\/cnewa.org\/fr\/wp-json\/wp\/v2\/media?parent=187"}],"curies":[{"name":"wp","href":"https:\/\/api.w.org\/{rel}","templated":true}]}}