{"id":1886,"date":"2024-06-30T22:13:36","date_gmt":"2024-07-01T02:13:36","guid":{"rendered":"https:\/\/cnewa.org\/fr\/?page_id=1886"},"modified":"2024-07-01T00:28:32","modified_gmt":"2024-07-01T04:28:32","slug":"jordanie","status":"publish","type":"page","link":"https:\/\/cnewa.org\/fr\/ou-nous-travaillons\/moyen-orient\/jordanie\/","title":{"rendered":"Jordanie"},"content":{"rendered":"\n<h2 class=\"wp-block-heading\" id=\"h-la-jordanie-terre-d-importance-historique-et-biblique-est-aujourd-hui-une-terre-de-refuge-terre-d-accueil-pour-migrants-refugies-et-demandeurs-d-asile-pauvre-en-ressources-et-avec-une-grande-partie-de-ses-terres-largement-inhabitables-le-royaume-de-jordanie-se-debat-devant-cet-afflux-de-population-poussant-son-economie-largement-dependante-du-tourisme-au-bord-de-l-effondrement\">La Jordanie \u2013 terre d\u2019importance historique et biblique \u2013 est aujourd\u2019hui une terre de refuge, terre d\u2019accueil pour migrants, r\u00e9fugi\u00e9s et demandeurs d\u2019asile. Pauvre en ressources et avec une grande partie de ses terres largement inhabitables, le royaume de Jordanie se d\u00e9bat devant cet afflux de population, poussant son \u00e9conomie largement d\u00e9pendante du tourisme au bord de l&rsquo;effondrement.\u00a0<\/h2>\n\n\n\n<p>Bien que g\u00e9n\u00e9ralement bienveillant envers ses communaut\u00e9s chr\u00e9tiennes, le soutien financier du pays aux communaut\u00e9s chr\u00e9tiennes et aux personnes vuln\u00e9rables est tr\u00e8s limit\u00e9. Les chr\u00e9tiens sont tr\u00e8s peu repr\u00e9sent\u00e9s au sein de l\u2019appareil gouvernementale. Seuls 7 des 138 \u00e9lus de la Chambre des repr\u00e9sentants sont chr\u00e9tiens. N\u00e9anmoins, la communaut\u00e9 chr\u00e9tienne, qui ne repr\u00e9sente que 3 pour cent de la population, contribue \u00e0 hauteur de 30 pour cent \u00e0 l\u2019activit\u00e9 \u00e9conomique du pays. <\/p>\n\n\n\n<p>CNEWA est profond\u00e9ment enracin\u00e9e en Jordanie depuis longtemps. Elle y m\u00e8ne des programmes en faveur des r\u00e9fugi\u00e9s\u00a0: chr\u00e9tiens, musulmans, palestiniens, bangladais, libanais, philippins, irakiens et syriens. M\u00eame si les \u00e9glises de Jordanie sont petites et manquent de ressources, leur impact est tr\u00e8s significatif. CNEWA est toujours l\u00e0 pour les appuyer. Les co\u00fbts des services m\u00e9dicaux et de l&rsquo;\u00e9ducation sont hors de port\u00e9e pour le plus grand nombre de r\u00e9fugi\u00e9s qui travaillent principalement au noir. Les revenus sont faibles et les conditions de travail sont loin d\u2019\u00eatre favorables. Il y a beaucoup d&rsquo;exploitation de la main-d\u2019\u0153uvre. CNEWA travaille dans les secteurs de la sant\u00e9, de l\u2019emploi et de l\u2019\u00e9ducation. Notre organisme cherche \u00e0 fournir aux personnes vuln\u00e9rables les ressources n\u00e9cessaires pour qu\u2019elles puissent r\u00e9pondre \u00e0 leurs besoins, vivre dignement et se construire un avenir meilleur.<\/p>\n\n\n\n<h4 class=\"wp-block-heading\" id=\"h-accompanying-the-church\"><strong>Accompanying the Church<\/strong><\/h4>\n\n\n\n<p>Le bureau r\u00e9gional de CNEWA \u00e0 Amman travaille directement avec les \u00c9glises locales assyro-chald\u00e9ennes, melkites-grecques, romaines et syriaques catholiques. CNEWA aide ces \u00c9glises \u00e0 soutenir leurs activit\u00e9s pastorales et caritatives. CNEWA parraine des programmes de formation pour les enfants et les jeunes adultes en \u00e9troite collaboration avec les communaut\u00e9s religieuses, soutient des activit\u00e9s pour les jeunes \u00e0 risque et continue d&rsquo;offrir une aide d&rsquo;urgence aux familles chr\u00e9tiennes d\u00e9plac\u00e9es \u00e0 la recherche d\u2019un refuge contre l&rsquo;extr\u00e9misme et la pers\u00e9cution.<\/p>\n\n\n\n<figure class=\"wp-block-image size-full\"><img decoding=\"async\" src=\"https:\/\/cnewa.org\/wp-content\/uploads\/2020\/01\/45-4_foc_3-1.jpg\" alt=\"jeunes robes premiere communion ader jordanie\" class=\"wp-image-103185\"\/><figcaption class=\"wp-element-caption\">Des jeunes se pr\u00e9parent \u00e0 recevoir leur premi\u00e8re communion dans le village d&rsquo;Ader, en Jordanie, en 2014.<\/figcaption><\/figure>\n\n\n\n<h4 class=\"wp-block-heading\" id=\"h-repondre-aux-besoins-humanitaires\"><strong><strong>R\u00e9pondre aux besoins humanitaires<\/strong><\/strong><\/h4>\n\n\n\n<p>Notre mission nous appelle \u00e0 pr\u00eater main-forte \u00e0 ceux qui en ont besoin. CNEWA soutient des programmes de garde d&rsquo;enfants et de soins de sant\u00e9, tels que dans la clinique Mother of Mercy \u00e0 Zerqa et dans les h\u00f4pitaux italiens d&rsquo;Amman et de Kerak. CNEWA finance \u00e9galement des projets d\u2019aide pour les migrants et les r\u00e9fugi\u00e9s, et des secours d&rsquo;urgence pour les familles qui luttent pour joindre les deux bouts.<\/p>\n\n\n\n<figure class=\"wp-block-image size-large\"><img decoding=\"async\" src=\"https:\/\/cnewa.org\/wp-content\/uploads\/2023\/03\/skaff202301_010H-1024x683.jpg\" alt=\"Les travailleurs migrants en Jordanie utilisent le clavardage vid\u00e9o pour rester en contact avec leur r\u00e9seau d\u2019amis. \" class=\"wp-image-123395\"\/><figcaption class=\"wp-element-caption\">Les travailleurs migrants en Jordanie utilisent le clavardage vid\u00e9o pour rester en contact avec leur r\u00e9seau d\u2019amis. (photo : Raghida Skaff)<\/figcaption><\/figure>\n\n\n  <div class=\"donate-button\" id=\"minor-fund-campaign\">\n    <button class=\"donate-modal-toggle\" data-minor-fund='Jordaine' data-minor-fund-code='DQ'>DONATE<\/button>\n  <\/div>\n  ","protected":false},"excerpt":{"rendered":"<p>La Jordanie \u2013 terre d\u2019importance historique et biblique \u2013 est aujourd\u2019hui une terre de refuge, terre d\u2019accueil pour migrants, r\u00e9fugi\u00e9s et demandeurs d\u2019asile. Pauvre en ressources et avec une grande partie de ses terres largement inhabitables, le royaume de Jordanie se d\u00e9bat devant cet afflux de population, poussant son \u00e9conomie largement d\u00e9pendante du tourisme au &hellip; <a href=\"https:\/\/cnewa.org\/fr\/ou-nous-travaillons\/moyen-orient\/jordanie\/\">Continued<\/a><\/p>\n","protected":false},"author":70080,"featured_media":1887,"parent":158,"menu_order":0,"comment_status":"closed","ping_status":"closed","template":"","meta":{"_acf_changed":false,"footnotes":""},"class_list":["post-1886","page","type-page","status-publish","has-post-thumbnail","hentry"],"acf":[],"yoast_head":"<!-- This site is optimized with the Yoast SEO Premium plugin v27.2 (Yoast SEO v27.2) - https:\/\/yoast.com\/product\/yoast-seo-premium-wordpress\/ -->\n<title>Jordanie | CNEWA Canada<\/title>\n<meta name=\"robots\" content=\"index, follow, max-snippet:-1, max-image-preview:large, max-video-preview:-1\" \/>\n<link rel=\"canonical\" href=\"https:\/\/cnewa.org\/fr\/ou-nous-travaillons\/moyen-orient\/jordanie\/\" \/>\n<meta property=\"og:locale\" content=\"fr_CA\" \/>\n<meta property=\"og:type\" content=\"article\" \/>\n<meta property=\"og:title\" content=\"Jordanie\" \/>\n<meta property=\"og:description\" content=\"La Jordanie \u2013 terre d\u2019importance historique et biblique \u2013 est aujourd\u2019hui une terre de refuge, terre d\u2019accueil pour migrants, r\u00e9fugi\u00e9s et demandeurs d\u2019asile. Pauvre en ressources et avec une grande partie de ses terres largement inhabitables, le royaume de Jordanie se d\u00e9bat devant cet afflux de population, poussant son \u00e9conomie largement d\u00e9pendante du tourisme au &hellip; Continued\" \/>\n<meta property=\"og:site_name\" content=\"CNEWA Canada\" \/>\n<meta property=\"article:publisher\" content=\"https:\/\/www.facebook.com\/cnewacanada\/\" \/>\n<meta property=\"article:modified_time\" content=\"2024-07-01T04:28:32+00:00\" \/>\n<meta property=\"og:image\" content=\"https:\/\/cnewa.org\/fr\/wp-content\/uploads\/sites\/3\/2024\/06\/jordan_1_habjouqa_a.jpg\" \/>\n\t<meta property=\"og:image:width\" content=\"519\" \/>\n\t<meta property=\"og:image:height\" content=\"368\" \/>\n\t<meta property=\"og:image:type\" content=\"image\/jpeg\" \/>\n<meta name=\"twitter:card\" content=\"summary_large_image\" \/>\n<meta name=\"twitter:site\" content=\"@cnewac\" \/>\n<meta name=\"twitter:label1\" content=\"Estimation du temps de lecture\" \/>\n\t<meta name=\"twitter:data1\" content=\"3 minutes\" \/>\n<script type=\"application\/ld+json\" class=\"yoast-schema-graph\">{\"@context\":\"https:\/\/schema.org\",\"@graph\":[{\"@type\":\"WebPage\",\"@id\":\"https:\/\/cnewa.org\/fr\/ou-nous-travaillons\/moyen-orient\/jordanie\/\",\"url\":\"https:\/\/cnewa.org\/fr\/ou-nous-travaillons\/moyen-orient\/jordanie\/\",\"name\":\"Jordanie | CNEWA Canada\",\"isPartOf\":{\"@id\":\"https:\/\/cnewa.org\/fr\/#website\"},\"primaryImageOfPage\":{\"@id\":\"https:\/\/cnewa.org\/fr\/ou-nous-travaillons\/moyen-orient\/jordanie\/#primaryimage\"},\"image\":{\"@id\":\"https:\/\/cnewa.org\/fr\/ou-nous-travaillons\/moyen-orient\/jordanie\/#primaryimage\"},\"thumbnailUrl\":\"https:\/\/cnewa.org\/fr\/wp-content\/uploads\/sites\/3\/2024\/06\/jordan_1_habjouqa_a.jpg\",\"datePublished\":\"2024-07-01T02:13:36+00:00\",\"dateModified\":\"2024-07-01T04:28:32+00:00\",\"breadcrumb\":{\"@id\":\"https:\/\/cnewa.org\/fr\/ou-nous-travaillons\/moyen-orient\/jordanie\/#breadcrumb\"},\"inLanguage\":\"fr-CA\",\"potentialAction\":[{\"@type\":\"ReadAction\",\"target\":[\"https:\/\/cnewa.org\/fr\/ou-nous-travaillons\/moyen-orient\/jordanie\/\"]}]},{\"@type\":\"ImageObject\",\"inLanguage\":\"fr-CA\",\"@id\":\"https:\/\/cnewa.org\/fr\/ou-nous-travaillons\/moyen-orient\/jordanie\/#primaryimage\",\"url\":\"https:\/\/cnewa.org\/fr\/wp-content\/uploads\/sites\/3\/2024\/06\/jordan_1_habjouqa_a.jpg\",\"contentUrl\":\"https:\/\/cnewa.org\/fr\/wp-content\/uploads\/sites\/3\/2024\/06\/jordan_1_habjouqa_a.jpg\",\"width\":519,\"height\":368},{\"@type\":\"BreadcrumbList\",\"@id\":\"https:\/\/cnewa.org\/fr\/ou-nous-travaillons\/moyen-orient\/jordanie\/#breadcrumb\",\"itemListElement\":[{\"@type\":\"ListItem\",\"position\":1,\"name\":\"Accueil\",\"item\":\"https:\/\/cnewa.org\/fr\/\"},{\"@type\":\"ListItem\",\"position\":2,\"name\":\"O\u00f9 Nous Travaillons\",\"item\":\"https:\/\/cnewa.org\/fr\/ou-nous-travaillons\/\"},{\"@type\":\"ListItem\",\"position\":3,\"name\":\"Le Moyen-Orient\u00a0\",\"item\":\"https:\/\/cnewa.org\/fr\/ou-nous-travaillons\/moyen-orient\/\"},{\"@type\":\"ListItem\",\"position\":4,\"name\":\"Jordanie\"}]},{\"@type\":\"WebSite\",\"@id\":\"https:\/\/cnewa.org\/fr\/#website\",\"url\":\"https:\/\/cnewa.org\/fr\/\",\"name\":\"CNEWA Canada\",\"description\":\"Association catholique d\u2019aide \u00e0 l\u2019Orient\",\"publisher\":{\"@id\":\"https:\/\/cnewa.org\/fr\/#organization\"},\"potentialAction\":[{\"@type\":\"SearchAction\",\"target\":{\"@type\":\"EntryPoint\",\"urlTemplate\":\"https:\/\/cnewa.org\/fr\/?s={search_term_string}\"},\"query-input\":{\"@type\":\"PropertyValueSpecification\",\"valueRequired\":true,\"valueName\":\"search_term_string\"}}],\"inLanguage\":\"fr-CA\"},{\"@type\":\"Organization\",\"@id\":\"https:\/\/cnewa.org\/fr\/#organization\",\"name\":\"CNEWA Canada\",\"alternateName\":\"Association catholique d\u2019aide \u00e0 l\u2019Orient\",\"url\":\"https:\/\/cnewa.org\/fr\/\",\"logo\":{\"@type\":\"ImageObject\",\"inLanguage\":\"fr-CA\",\"@id\":\"https:\/\/cnewa.org\/fr\/#\/schema\/logo\/image\/\",\"url\":\"https:\/\/cnewa.org\/fr\/wp-content\/uploads\/sites\/3\/2019\/11\/CNEWA-brand-logo.png\",\"contentUrl\":\"https:\/\/cnewa.org\/fr\/wp-content\/uploads\/sites\/3\/2019\/11\/CNEWA-brand-logo.png\",\"width\":1000,\"height\":1000,\"caption\":\"CNEWA Canada\"},\"image\":{\"@id\":\"https:\/\/cnewa.org\/fr\/#\/schema\/logo\/image\/\"},\"sameAs\":[\"https:\/\/www.facebook.com\/cnewacanada\/\",\"https:\/\/x.com\/cnewac\",\"https:\/\/www.instagram.com\/cnewa1926\/\",\"https:\/\/www.youtube.com\/user\/TheCNEWA\"]}]}<\/script>\n<!-- \/ Yoast SEO Premium plugin. -->","yoast_head_json":{"title":"Jordanie | CNEWA Canada","robots":{"index":"index","follow":"follow","max-snippet":"max-snippet:-1","max-image-preview":"max-image-preview:large","max-video-preview":"max-video-preview:-1"},"canonical":"https:\/\/cnewa.org\/fr\/ou-nous-travaillons\/moyen-orient\/jordanie\/","og_locale":"fr_CA","og_type":"article","og_title":"Jordanie","og_description":"La Jordanie \u2013 terre d\u2019importance historique et biblique \u2013 est aujourd\u2019hui une terre de refuge, terre d\u2019accueil pour migrants, r\u00e9fugi\u00e9s et demandeurs d\u2019asile. Pauvre en ressources et avec une grande partie de ses terres largement inhabitables, le royaume de Jordanie se d\u00e9bat devant cet afflux de population, poussant son \u00e9conomie largement d\u00e9pendante du tourisme au &hellip; Continued","og_site_name":"CNEWA Canada","article_publisher":"https:\/\/www.facebook.com\/cnewacanada\/","article_modified_time":"2024-07-01T04:28:32+00:00","og_image":[{"width":519,"height":368,"url":"https:\/\/cnewa.org\/fr\/wp-content\/uploads\/sites\/3\/2024\/06\/jordan_1_habjouqa_a.jpg","type":"image\/jpeg"}],"twitter_card":"summary_large_image","twitter_site":"@cnewac","twitter_misc":{"Estimation du temps de lecture":"3 minutes"},"schema":{"@context":"https:\/\/schema.org","@graph":[{"@type":"WebPage","@id":"https:\/\/cnewa.org\/fr\/ou-nous-travaillons\/moyen-orient\/jordanie\/","url":"https:\/\/cnewa.org\/fr\/ou-nous-travaillons\/moyen-orient\/jordanie\/","name":"Jordanie | CNEWA Canada","isPartOf":{"@id":"https:\/\/cnewa.org\/fr\/#website"},"primaryImageOfPage":{"@id":"https:\/\/cnewa.org\/fr\/ou-nous-travaillons\/moyen-orient\/jordanie\/#primaryimage"},"image":{"@id":"https:\/\/cnewa.org\/fr\/ou-nous-travaillons\/moyen-orient\/jordanie\/#primaryimage"},"thumbnailUrl":"https:\/\/cnewa.org\/fr\/wp-content\/uploads\/sites\/3\/2024\/06\/jordan_1_habjouqa_a.jpg","datePublished":"2024-07-01T02:13:36+00:00","dateModified":"2024-07-01T04:28:32+00:00","breadcrumb":{"@id":"https:\/\/cnewa.org\/fr\/ou-nous-travaillons\/moyen-orient\/jordanie\/#breadcrumb"},"inLanguage":"fr-CA","potentialAction":[{"@type":"ReadAction","target":["https:\/\/cnewa.org\/fr\/ou-nous-travaillons\/moyen-orient\/jordanie\/"]}]},{"@type":"ImageObject","inLanguage":"fr-CA","@id":"https:\/\/cnewa.org\/fr\/ou-nous-travaillons\/moyen-orient\/jordanie\/#primaryimage","url":"https:\/\/cnewa.org\/fr\/wp-content\/uploads\/sites\/3\/2024\/06\/jordan_1_habjouqa_a.jpg","contentUrl":"https:\/\/cnewa.org\/fr\/wp-content\/uploads\/sites\/3\/2024\/06\/jordan_1_habjouqa_a.jpg","width":519,"height":368},{"@type":"BreadcrumbList","@id":"https:\/\/cnewa.org\/fr\/ou-nous-travaillons\/moyen-orient\/jordanie\/#breadcrumb","itemListElement":[{"@type":"ListItem","position":1,"name":"Accueil","item":"https:\/\/cnewa.org\/fr\/"},{"@type":"ListItem","position":2,"name":"O\u00f9 Nous Travaillons","item":"https:\/\/cnewa.org\/fr\/ou-nous-travaillons\/"},{"@type":"ListItem","position":3,"name":"Le Moyen-Orient\u00a0","item":"https:\/\/cnewa.org\/fr\/ou-nous-travaillons\/moyen-orient\/"},{"@type":"ListItem","position":4,"name":"Jordanie"}]},{"@type":"WebSite","@id":"https:\/\/cnewa.org\/fr\/#website","url":"https:\/\/cnewa.org\/fr\/","name":"CNEWA Canada","description":"Association catholique d\u2019aide \u00e0 l\u2019Orient","publisher":{"@id":"https:\/\/cnewa.org\/fr\/#organization"},"potentialAction":[{"@type":"SearchAction","target":{"@type":"EntryPoint","urlTemplate":"https:\/\/cnewa.org\/fr\/?s={search_term_string}"},"query-input":{"@type":"PropertyValueSpecification","valueRequired":true,"valueName":"search_term_string"}}],"inLanguage":"fr-CA"},{"@type":"Organization","@id":"https:\/\/cnewa.org\/fr\/#organization","name":"CNEWA Canada","alternateName":"Association catholique d\u2019aide \u00e0 l\u2019Orient","url":"https:\/\/cnewa.org\/fr\/","logo":{"@type":"ImageObject","inLanguage":"fr-CA","@id":"https:\/\/cnewa.org\/fr\/#\/schema\/logo\/image\/","url":"https:\/\/cnewa.org\/fr\/wp-content\/uploads\/sites\/3\/2019\/11\/CNEWA-brand-logo.png","contentUrl":"https:\/\/cnewa.org\/fr\/wp-content\/uploads\/sites\/3\/2019\/11\/CNEWA-brand-logo.png","width":1000,"height":1000,"caption":"CNEWA Canada"},"image":{"@id":"https:\/\/cnewa.org\/fr\/#\/schema\/logo\/image\/"},"sameAs":["https:\/\/www.facebook.com\/cnewacanada\/","https:\/\/x.com\/cnewac","https:\/\/www.instagram.com\/cnewa1926\/","https:\/\/www.youtube.com\/user\/TheCNEWA"]}]}},"_links":{"self":[{"href":"https:\/\/cnewa.org\/fr\/wp-json\/wp\/v2\/pages\/1886","targetHints":{"allow":["GET"]}}],"collection":[{"href":"https:\/\/cnewa.org\/fr\/wp-json\/wp\/v2\/pages"}],"about":[{"href":"https:\/\/cnewa.org\/fr\/wp-json\/wp\/v2\/types\/page"}],"author":[{"embeddable":true,"href":"https:\/\/cnewa.org\/fr\/wp-json\/wp\/v2\/users\/70080"}],"replies":[{"embeddable":true,"href":"https:\/\/cnewa.org\/fr\/wp-json\/wp\/v2\/comments?post=1886"}],"version-history":[{"count":1,"href":"https:\/\/cnewa.org\/fr\/wp-json\/wp\/v2\/pages\/1886\/revisions"}],"predecessor-version":[{"id":1888,"href":"https:\/\/cnewa.org\/fr\/wp-json\/wp\/v2\/pages\/1886\/revisions\/1888"}],"up":[{"embeddable":true,"href":"https:\/\/cnewa.org\/fr\/wp-json\/wp\/v2\/pages\/158"}],"wp:featuredmedia":[{"embeddable":true,"href":"https:\/\/cnewa.org\/fr\/wp-json\/wp\/v2\/media\/1887"}],"wp:attachment":[{"href":"https:\/\/cnewa.org\/fr\/wp-json\/wp\/v2\/media?parent=1886"}],"curies":[{"name":"wp","href":"https:\/\/api.w.org\/{rel}","templated":true}]}}